{"id":59,"date":"2016-05-22T18:50:19","date_gmt":"2016-05-22T18:50:19","guid":{"rendered":"http:\/\/www.ahmadiyya-islam.org\/si\/?page_id=59"},"modified":"2019-01-05T19:21:28","modified_gmt":"2019-01-05T19:21:28","slug":"alah-koncept-boga-v-islamu","status":"publish","type":"page","link":"https:\/\/www.ahmadiyya-islam.org\/si\/islam\/alah-koncept-boga-v-islamu\/","title":{"rendered":"Alah, koncept Boga v islamu"},"content":{"rendered":"<p><em>Alah<\/em> je arabsko ime, ki se v arab\u0161\u010dini uporablja za Boga in dobesedno pomeni <em>En Bog<\/em> ali <em>Edini Bog<\/em>. Gre za ime Enega Vrhovnega Bitja, pri Hebrejcih znanega kot <em>Elohim<\/em> ali <em>Jahve<\/em>, v aramej\u0161\u010dini <em>Elah<\/em>, v latin\u0161\u010dini <em>Deus<\/em>, v gr\u0161\u010dini <em>Teos<\/em>, v angle\u0161\u010dini <em>God<\/em> in v sloven\u0161\u010dini <em>Bog<\/em>.<\/p>\n<p>V arab\u0161\u010dini se beseda <em>Alah<\/em> ni nikoli uporabljala za nikogar in ni\u010desar drugega kot za Enega Boga in velja za edino pravo Bo\u017eje ime. Kristjani, ki \u017eivijo v arabskem svetu, tudi uporabljajo besedo <em>Alah<\/em>. Islam u\u010di, da je On \u017eiv Bog; \u017eivi tudi sedaj, prav tako, kakor je \u017eivel prej. Govori tudi sedaj, prav tako, kakor je govoril prej. Islam torej pomika naprej koncept vere v istega Enega Boga, ki so ga druge religije vedno sprejemale; On je isti Bog Abrahama,<sup>as<\/sup> Mojzesa,<sup>as<\/sup> Jezusa<sup>as<\/sup> in Mohameda.<sup>sa<\/sup><\/p>\n<p>Po islamu je Bog Stvarnik vesolja in predstavlja Svojo Edinost. Islam imenuje Boga Popolno Bitje, ki je izvir vseh odli\u010dnosti in prost vsakega made\u017ea. On je \u017div Bog, ki se izra\u017ea vsepovsod in ki ljubi Svoje stvarstvo in poslu\u0161a svoje pro\u0161njike. Nobena od Njegovih lastnosti ni bila suspendirana; On torej komunicira s \u010dlove\u0161tvom kot prej in ni zaprl poti, da se ga dose\u017ee brez posredovanja.<\/p>\n<p>Islamska doktrina Edinosti je absolutna in nedeljiva; ni prostora za dodajanje bo\u017eanstva v kakr\u0161nikoli obliki. On ni niti o\u010de niti mati, niti nima partnerja. Ni mogo\u010de, da bi rodil sinove ali h\u010dere, razen v metafori\u010dnem smislu, po katerem je celotno \u010dlove\u0161tvo Njegov otrok. Koran pravi:<\/p>\n<blockquote><p><em>Povej: On je Alah, Edini; Alah, Neodvisen in od vseh roten. On ni rodil niti ni bil rojen. In nih\u010de ni kakor On<\/em>. (Koran 112: 2\u20135)<\/p>\n<p><em>On je Alah, Stvarnik, Izdelovalec, Oblikovalec. Njegova so najlep\u0161a imena. Vse, kar je v nebesih in na zemlji, ga slavi, in On je Mogo\u010dni, Modri<\/em>. (Koran 59: 25)<\/p><\/blockquote>\n","protected":false},"excerpt":{"rendered":"<p>Alah je arabsko ime, ki se v arab\u0161\u010dini uporablja za Boga in dobesedno pomeni En Bog ali Edini Bog. Gre za ime Enega Vrhovnega Bitja, pri Hebrejcih znanega kot Elohim ali Jahve, v aramej\u0161\u010dini Elah, v latin\u0161\u010dini Deus, v gr\u0161\u010dini Teos, v angle\u0161\u010dini God in v sloven\u0161\u010dini Bog. V arab\u0161\u010dini se beseda Alah ni nikoli<\/p>\n","protected":false},"author":23,"featured_media":1685,"parent":12,"menu_order":0,"comment_status":"closed","ping_status":"closed","template":"","meta":{"_acf_changed":false,"footnotes":""},"class_list":["post-59","page","type-page","status-publish","has-post-thumbnail","hentry"],"acf":[],"yoast_head":"<!-- This site is optimized with the Yoast SEO Premium plugin v21.1 (Yoast SEO v27.0) - https:\/\/yoast.com\/product\/yoast-seo-premium-wordpress\/ -->\n<title>Alah, koncept Boga v islamu<\/title>\n<meta name=\"description\" content=\"Islam u\u010di, da je Alah \u017eivi Bog; \u017eivi tudi sedaj, prav tako, kakor je \u017eivel prej. Govori tudi sedaj, prav tako, kakor je govoril prej.\" \/>\n<meta name=\"robots\" content=\"index, follow, max-snippet:-1, max-image-preview:large, max-video-preview:-1\" \/>\n<link rel=\"canonical\" href=\"https:\/\/www.ahmadiyya-islam.org\/si\/islam\/alah-koncept-boga-v-islamu\/\" \/>\n<meta property=\"og:locale\" content=\"sl_SI\" \/>\n<meta property=\"og:type\" content=\"article\" \/>\n<meta property=\"og:title\" content=\"Alah, koncept Boga v islamu\" \/>\n<meta property=\"og:description\" content=\"Islam u\u010di, da je Alah \u017eivi Bog; \u017eivi tudi sedaj, prav tako, kakor je \u017eivel prej. Govori tudi sedaj, prav tako, kakor je govoril prej.\" \/>\n<meta property=\"og:url\" content=\"https:\/\/www.ahmadiyya-islam.org\/si\/islam\/alah-koncept-boga-v-islamu\/\" \/>\n<meta property=\"og:site_name\" content=\"Muslimanska skupnost Ahmadija\" \/>\n<meta property=\"article:modified_time\" content=\"2019-01-05T19:21:28+00:00\" \/>\n<meta property=\"og:image\" content=\"https:\/\/www.ahmadiyya-islam.org\/si\/wp-content\/uploads\/sites\/11\/2019\/01\/Alah-koncept-Boga-v-islamu.jpg\" \/>\n\t<meta property=\"og:image:width\" content=\"1200\" \/>\n\t<meta property=\"og:image:height\" content=\"572\" \/>\n\t<meta property=\"og:image:type\" content=\"image\/jpeg\" \/>\n<meta name=\"twitter:card\" content=\"summary_large_image\" \/>\n<meta name=\"twitter:label1\" content=\"Est. reading time\" \/>\n\t<meta name=\"twitter:data1\" content=\"2 minuti\" \/>\n<script type=\"application\/ld+json\" class=\"yoast-schema-graph\">{\"@context\":\"https:\/\/schema.org\",\"@graph\":[{\"@type\":\"WebPage\",\"@id\":\"https:\/\/www.ahmadiyya-islam.org\/si\/islam\/alah-koncept-boga-v-islamu\/\",\"url\":\"https:\/\/www.ahmadiyya-islam.org\/si\/islam\/alah-koncept-boga-v-islamu\/\",\"name\":\"Alah, koncept Boga v islamu\",\"isPartOf\":{\"@id\":\"https:\/\/www.ahmadiyya-islam.org\/si\/#website\"},\"primaryImageOfPage\":{\"@id\":\"https:\/\/www.ahmadiyya-islam.org\/si\/islam\/alah-koncept-boga-v-islamu\/#primaryimage\"},\"image\":{\"@id\":\"https:\/\/www.ahmadiyya-islam.org\/si\/islam\/alah-koncept-boga-v-islamu\/#primaryimage\"},\"thumbnailUrl\":\"https:\/\/www.ahmadiyya-islam.org\/si\/wp-content\/uploads\/sites\/11\/2019\/01\/Alah-koncept-Boga-v-islamu.jpg\",\"datePublished\":\"2016-05-22T18:50:19+00:00\",\"dateModified\":\"2019-01-05T19:21:28+00:00\",\"description\":\"Islam u\u010di, da je Alah \u017eivi Bog; \u017eivi tudi sedaj, prav tako, kakor je \u017eivel prej. Govori tudi sedaj, prav tako, kakor je govoril prej.\",\"breadcrumb\":{\"@id\":\"https:\/\/www.ahmadiyya-islam.org\/si\/islam\/alah-koncept-boga-v-islamu\/#breadcrumb\"},\"inLanguage\":\"sl-SI\",\"potentialAction\":[{\"@type\":\"ReadAction\",\"target\":[\"https:\/\/www.ahmadiyya-islam.org\/si\/islam\/alah-koncept-boga-v-islamu\/\"]}]},{\"@type\":\"ImageObject\",\"inLanguage\":\"sl-SI\",\"@id\":\"https:\/\/www.ahmadiyya-islam.org\/si\/islam\/alah-koncept-boga-v-islamu\/#primaryimage\",\"url\":\"https:\/\/www.ahmadiyya-islam.org\/si\/wp-content\/uploads\/sites\/11\/2019\/01\/Alah-koncept-Boga-v-islamu.jpg\",\"contentUrl\":\"https:\/\/www.ahmadiyya-islam.org\/si\/wp-content\/uploads\/sites\/11\/2019\/01\/Alah-koncept-Boga-v-islamu.jpg\",\"width\":1200,\"height\":572,\"caption\":\"Alah\"},{\"@type\":\"BreadcrumbList\",\"@id\":\"https:\/\/www.ahmadiyya-islam.org\/si\/islam\/alah-koncept-boga-v-islamu\/#breadcrumb\",\"itemListElement\":[{\"@type\":\"ListItem\",\"position\":1,\"name\":\"Home\",\"item\":\"https:\/\/www.ahmadiyya-islam.org\/si\/\"},{\"@type\":\"ListItem\",\"position\":2,\"name\":\"Islam\",\"item\":\"https:\/\/www.ahmadiyya-islam.org\/si\/islam\/\"},{\"@type\":\"ListItem\",\"position\":3,\"name\":\"Alah, koncept Boga v islamu\"}]},{\"@type\":\"WebSite\",\"@id\":\"https:\/\/www.ahmadiyya-islam.org\/si\/#website\",\"url\":\"https:\/\/www.ahmadiyya-islam.org\/si\/\",\"name\":\"Muslimanska skupnost Ahmadija\",\"description\":\"Slovenija\",\"potentialAction\":[{\"@type\":\"SearchAction\",\"target\":{\"@type\":\"EntryPoint\",\"urlTemplate\":\"https:\/\/www.ahmadiyya-islam.org\/si\/?s={search_term_string}\"},\"query-input\":{\"@type\":\"PropertyValueSpecification\",\"valueRequired\":true,\"valueName\":\"search_term_string\"}}],\"inLanguage\":\"sl-SI\"}]}<\/script>\n<!-- \/ Yoast SEO Premium plugin. -->","yoast_head_json":{"title":"Alah, koncept Boga v islamu","description":"Islam u\u010di, da je Alah \u017eivi Bog; \u017eivi tudi sedaj, prav tako, kakor je \u017eivel prej. Govori tudi sedaj, prav tako, kakor je govoril prej.","robots":{"index":"index","follow":"follow","max-snippet":"max-snippet:-1","max-image-preview":"max-image-preview:large","max-video-preview":"max-video-preview:-1"},"canonical":"https:\/\/www.ahmadiyya-islam.org\/si\/islam\/alah-koncept-boga-v-islamu\/","og_locale":"sl_SI","og_type":"article","og_title":"Alah, koncept Boga v islamu","og_description":"Islam u\u010di, da je Alah \u017eivi Bog; \u017eivi tudi sedaj, prav tako, kakor je \u017eivel prej. Govori tudi sedaj, prav tako, kakor je govoril prej.","og_url":"https:\/\/www.ahmadiyya-islam.org\/si\/islam\/alah-koncept-boga-v-islamu\/","og_site_name":"Muslimanska skupnost Ahmadija","article_modified_time":"2019-01-05T19:21:28+00:00","og_image":[{"width":1200,"height":572,"url":"https:\/\/www.ahmadiyya-islam.org\/si\/wp-content\/uploads\/sites\/11\/2019\/01\/Alah-koncept-Boga-v-islamu.jpg","type":"image\/jpeg"}],"twitter_card":"summary_large_image","twitter_misc":{"Est. reading time":"2 minuti"},"schema":{"@context":"https:\/\/schema.org","@graph":[{"@type":"WebPage","@id":"https:\/\/www.ahmadiyya-islam.org\/si\/islam\/alah-koncept-boga-v-islamu\/","url":"https:\/\/www.ahmadiyya-islam.org\/si\/islam\/alah-koncept-boga-v-islamu\/","name":"Alah, koncept Boga v islamu","isPartOf":{"@id":"https:\/\/www.ahmadiyya-islam.org\/si\/#website"},"primaryImageOfPage":{"@id":"https:\/\/www.ahmadiyya-islam.org\/si\/islam\/alah-koncept-boga-v-islamu\/#primaryimage"},"image":{"@id":"https:\/\/www.ahmadiyya-islam.org\/si\/islam\/alah-koncept-boga-v-islamu\/#primaryimage"},"thumbnailUrl":"https:\/\/www.ahmadiyya-islam.org\/si\/wp-content\/uploads\/sites\/11\/2019\/01\/Alah-koncept-Boga-v-islamu.jpg","datePublished":"2016-05-22T18:50:19+00:00","dateModified":"2019-01-05T19:21:28+00:00","description":"Islam u\u010di, da je Alah \u017eivi Bog; \u017eivi tudi sedaj, prav tako, kakor je \u017eivel prej. Govori tudi sedaj, prav tako, kakor je govoril prej.","breadcrumb":{"@id":"https:\/\/www.ahmadiyya-islam.org\/si\/islam\/alah-koncept-boga-v-islamu\/#breadcrumb"},"inLanguage":"sl-SI","potentialAction":[{"@type":"ReadAction","target":["https:\/\/www.ahmadiyya-islam.org\/si\/islam\/alah-koncept-boga-v-islamu\/"]}]},{"@type":"ImageObject","inLanguage":"sl-SI","@id":"https:\/\/www.ahmadiyya-islam.org\/si\/islam\/alah-koncept-boga-v-islamu\/#primaryimage","url":"https:\/\/www.ahmadiyya-islam.org\/si\/wp-content\/uploads\/sites\/11\/2019\/01\/Alah-koncept-Boga-v-islamu.jpg","contentUrl":"https:\/\/www.ahmadiyya-islam.org\/si\/wp-content\/uploads\/sites\/11\/2019\/01\/Alah-koncept-Boga-v-islamu.jpg","width":1200,"height":572,"caption":"Alah"},{"@type":"BreadcrumbList","@id":"https:\/\/www.ahmadiyya-islam.org\/si\/islam\/alah-koncept-boga-v-islamu\/#breadcrumb","itemListElement":[{"@type":"ListItem","position":1,"name":"Home","item":"https:\/\/www.ahmadiyya-islam.org\/si\/"},{"@type":"ListItem","position":2,"name":"Islam","item":"https:\/\/www.ahmadiyya-islam.org\/si\/islam\/"},{"@type":"ListItem","position":3,"name":"Alah, koncept Boga v islamu"}]},{"@type":"WebSite","@id":"https:\/\/www.ahmadiyya-islam.org\/si\/#website","url":"https:\/\/www.ahmadiyya-islam.org\/si\/","name":"Muslimanska skupnost Ahmadija","description":"Slovenija","potentialAction":[{"@type":"SearchAction","target":{"@type":"EntryPoint","urlTemplate":"https:\/\/www.ahmadiyya-islam.org\/si\/?s={search_term_string}"},"query-input":{"@type":"PropertyValueSpecification","valueRequired":true,"valueName":"search_term_string"}}],"inLanguage":"sl-SI"}]}},"_links":{"self":[{"href":"https:\/\/www.ahmadiyya-islam.org\/si\/wp-json\/wp\/v2\/pages\/59","targetHints":{"allow":["GET"]}}],"collection":[{"href":"https:\/\/www.ahmadiyya-islam.org\/si\/wp-json\/wp\/v2\/pages"}],"about":[{"href":"https:\/\/www.ahmadiyya-islam.org\/si\/wp-json\/wp\/v2\/types\/page"}],"author":[{"embeddable":true,"href":"https:\/\/www.ahmadiyya-islam.org\/si\/wp-json\/wp\/v2\/users\/23"}],"replies":[{"embeddable":true,"href":"https:\/\/www.ahmadiyya-islam.org\/si\/wp-json\/wp\/v2\/comments?post=59"}],"version-history":[{"count":0,"href":"https:\/\/www.ahmadiyya-islam.org\/si\/wp-json\/wp\/v2\/pages\/59\/revisions"}],"up":[{"embeddable":true,"href":"https:\/\/www.ahmadiyya-islam.org\/si\/wp-json\/wp\/v2\/pages\/12"}],"wp:featuredmedia":[{"embeddable":true,"href":"https:\/\/www.ahmadiyya-islam.org\/si\/wp-json\/wp\/v2\/media\/1685"}],"wp:attachment":[{"href":"https:\/\/www.ahmadiyya-islam.org\/si\/wp-json\/wp\/v2\/media?parent=59"}],"curies":[{"name":"wp","href":"https:\/\/api.w.org\/{rel}","templated":true}]}}