{"id":517,"date":"2016-09-10T14:16:45","date_gmt":"2016-09-10T14:16:45","guid":{"rendered":"http:\/\/www.ahmadiyya-islam.org\/si\/?page_id=517"},"modified":"2026-02-23T09:35:24","modified_gmt":"2026-02-23T09:35:24","slug":"kontakt","status":"publish","type":"page","link":"https:\/\/www.ahmadiyya-islam.org\/si\/kontakt\/","title":{"rendered":"Kontakt"},"content":{"rendered":"<p>\u010ce imate kakr\u0161nokoli vpra\u0161anje ali \u017eelite ve\u010d informacij, nas lahko kontaktirate ali nam po\u0161ljete email.<\/p>\n<p><strong>KONTAKT<\/strong><\/p>\n<p>Zrkovska cesta 144<br \/>\n2000 Maribor<br \/>\nTel: +386 40 718 105<br \/>\nFaks: +386 83 888 342<br \/>\ninfo@alislam.si<br \/>\n(Prosimo vas, da preden pridete, pokli\u010dete na 040718105)<\/p>\n<p><strong>DRU\u017dBENI MEDIJI<\/strong><\/p>\n<p>Facebook: <a href=\"https:\/\/www.facebook.com\/alislam.si\/?ref=bookmarks\" target=\"_blank\" rel=\"noopener noreferrer\">@alislam.si<\/a><br \/>\nX (Twitter): <a href=\"https:\/\/twitter.com\/Ahmadija_RS\" target=\"_blank\" rel=\"noopener noreferrer\">@Ahmadija_RS<\/a><br \/>\nYouTube: <a href=\"https:\/\/www.youtube.com\/channel\/UCeZLXekKhL9fvVCnfnNg9FQ\" target=\"_blank\" rel=\"noopener noreferrer\">Muslimanska skupnost Ahmadija<\/a><br \/>\nInstagram: <a href=\"https:\/\/www.instagram.com\/alislam.si\/\" target=\"_blank\" rel=\"noopener noreferrer\">@alislam.si<\/a><\/p>\n<p><strong>SVETOVNA SKUPNOST<\/strong><\/p>\n<p><strong>Dr\u017eave:<\/strong><br \/>\nAlbanija: <a href=\"http:\/\/www.ahmadiyya-islam.org\/al\/\" target=\"_blank\" rel=\"noopener noreferrer\">www.alislam.al<\/a><br \/>\nAvstrija: <a href=\"http:\/\/www.ahmadiyya-islam.org\/at\/\" target=\"_blank\" rel=\"noopener noreferrer\">www.ahmadiyya.at<\/a><br \/>\nBosna in Hercegovina: <a href=\"http:\/\/www.ahmadija.ba\/\" target=\"_blank\" rel=\"noopener noreferrer\">www.ahmadija.ba<\/a><br \/>\nFrancija: <a href=\"http:\/\/ahmadiyya.fr\/\" target=\"_blank\" rel=\"noopener noreferrer\">www.ahmadiyya.fr<\/a><br \/>\nHrva\u0161ka: <a href=\"http:\/\/www.alislam.hr\/\" target=\"_blank\" rel=\"noopener noreferrer\">www.alislam.hr<\/a><br \/>\nItalija: <a href=\"http:\/\/www.alislam.it\/\" target=\"_blank\" rel=\"noopener noreferrer\">www.alislam.it<\/a><br \/>\nMad\u017earska: <a href=\"http:\/\/ahmadiyya-hu.org\/\" target=\"_blank\" rel=\"noopener noreferrer\">www.ahmadiyya-hu.org<\/a><br \/>\nMakedonija: <a href=\"http:\/\/alislam.mk\/\" target=\"_blank\" rel=\"noopener noreferrer\">www.alislam.mk<\/a><br \/>\nNem\u010dija: <a href=\"http:\/\/www.ahmadiyya.de\/home\/\" target=\"_blank\" rel=\"noopener noreferrer\">www.ahmadiyya.de <\/a><\/p>\n<p><strong>Jeziki:<\/strong><br \/>\nAngle\u0161\u010dina: <a href=\"http:\/\/www.alislam.org\/\" target=\"_blank\" rel=\"noopener noreferrer\">www.alislam.org<\/a><br \/>\nArab\u0161\u010dina: <a href=\"http:\/\/new.islamahmadiyya.net\/\" target=\"_blank\" rel=\"noopener noreferrer\">www.islamahmadiyya.net<\/a><br \/>\nRu\u0161\u010dina: <a href=\"http:\/\/www.ahmadiyya-islam.org\/ru\/\" target=\"_blank\" rel=\"noopener noreferrer\">www.ahmadiyya.ru<\/a><br \/>\n\u0160pan\u0161\u010dina: <a href=\"http:\/\/www.ahmadiyya-islam.org\/es\/\" target=\"_blank\" rel=\"noopener noreferrer\">www.alislam.es <\/a><\/p>\n","protected":false},"excerpt":{"rendered":"<p>\u010ce imate kakr\u0161nokoli vpra\u0161anje ali \u017eelite ve\u010d informacij, nas lahko kontaktirate ali nam po\u0161ljete email. KONTAKT Zrkovska cesta 144 2000 Maribor Tel: +386 40 718 105 Faks: +386 83 888 342 info@alislam.si (Prosimo vas, da preden pridete, pokli\u010dete na 040718105) DRU\u017dBENI MEDIJI Facebook: @alislam.si X (Twitter): @Ahmadija_RS YouTube: Muslimanska skupnost Ahmadija Instagram: @alislam.si SVETOVNA SKUPNOST<\/p>\n","protected":false},"author":5,"featured_media":0,"parent":0,"menu_order":0,"comment_status":"closed","ping_status":"closed","template":"","meta":{"_acf_changed":false,"footnotes":""},"class_list":["post-517","page","type-page","status-publish","hentry"],"acf":[],"yoast_head":"<!-- This site is optimized with the Yoast SEO Premium plugin v21.1 (Yoast SEO v27.4) - https:\/\/yoast.com\/product\/yoast-seo-premium-wordpress\/ -->\n<title>Kontakt<\/title>\n<meta name=\"robots\" content=\"index, follow, max-snippet:-1, max-image-preview:large, max-video-preview:-1\" \/>\n<link rel=\"canonical\" href=\"https:\/\/www.ahmadiyya-islam.org\/si\/kontakt\/\" \/>\n<meta property=\"og:locale\" content=\"sl_SI\" \/>\n<meta property=\"og:type\" content=\"article\" \/>\n<meta property=\"og:title\" content=\"Kontakt\" \/>\n<meta property=\"og:description\" content=\"\u010ce imate kakr\u0161nokoli vpra\u0161anje ali \u017eelite ve\u010d informacij, nas lahko kontaktirate ali nam po\u0161ljete email. KONTAKT Zrkovska cesta 144 2000 Maribor Tel: +386 40 718 105 Faks: +386 83 888 342 info@alislam.si (Prosimo vas, da preden pridete, pokli\u010dete na 040718105) DRU\u017dBENI MEDIJI Facebook: @alislam.si X (Twitter): @Ahmadija_RS YouTube: Muslimanska skupnost Ahmadija Instagram: @alislam.si SVETOVNA SKUPNOST\" \/>\n<meta property=\"og:url\" content=\"https:\/\/www.ahmadiyya-islam.org\/si\/kontakt\/\" \/>\n<meta property=\"og:site_name\" content=\"Muslimanska skupnost Ahmadija\" \/>\n<meta property=\"article:modified_time\" content=\"2026-02-23T09:35:24+00:00\" \/>\n<meta name=\"twitter:card\" content=\"summary_large_image\" \/>\n<meta name=\"twitter:label1\" content=\"Est. reading time\" \/>\n\t<meta name=\"twitter:data1\" content=\"1 minuta\" \/>\n<script type=\"application\/ld+json\" class=\"yoast-schema-graph\">{\"@context\":\"https:\\\/\\\/schema.org\",\"@graph\":[{\"@type\":\"WebPage\",\"@id\":\"https:\\\/\\\/www.ahmadiyya-islam.org\\\/si\\\/kontakt\\\/\",\"url\":\"https:\\\/\\\/www.ahmadiyya-islam.org\\\/si\\\/kontakt\\\/\",\"name\":\"Kontakt\",\"isPartOf\":{\"@id\":\"https:\\\/\\\/www.ahmadiyya-islam.org\\\/si\\\/#website\"},\"datePublished\":\"2016-09-10T14:16:45+00:00\",\"dateModified\":\"2026-02-23T09:35:24+00:00\",\"breadcrumb\":{\"@id\":\"https:\\\/\\\/www.ahmadiyya-islam.org\\\/si\\\/kontakt\\\/#breadcrumb\"},\"inLanguage\":\"sl-SI\",\"potentialAction\":[{\"@type\":\"ReadAction\",\"target\":[\"https:\\\/\\\/www.ahmadiyya-islam.org\\\/si\\\/kontakt\\\/\"]}]},{\"@type\":\"BreadcrumbList\",\"@id\":\"https:\\\/\\\/www.ahmadiyya-islam.org\\\/si\\\/kontakt\\\/#breadcrumb\",\"itemListElement\":[{\"@type\":\"ListItem\",\"position\":1,\"name\":\"Home\",\"item\":\"https:\\\/\\\/www.ahmadiyya-islam.org\\\/si\\\/\"},{\"@type\":\"ListItem\",\"position\":2,\"name\":\"Kontakt\"}]},{\"@type\":\"WebSite\",\"@id\":\"https:\\\/\\\/www.ahmadiyya-islam.org\\\/si\\\/#website\",\"url\":\"https:\\\/\\\/www.ahmadiyya-islam.org\\\/si\\\/\",\"name\":\"Muslimanska skupnost Ahmadija\",\"description\":\"Slovenija\",\"potentialAction\":[{\"@type\":\"SearchAction\",\"target\":{\"@type\":\"EntryPoint\",\"urlTemplate\":\"https:\\\/\\\/www.ahmadiyya-islam.org\\\/si\\\/?s={search_term_string}\"},\"query-input\":{\"@type\":\"PropertyValueSpecification\",\"valueRequired\":true,\"valueName\":\"search_term_string\"}}],\"inLanguage\":\"sl-SI\"}]}<\/script>\n<!-- \/ Yoast SEO Premium plugin. -->","yoast_head_json":{"title":"Kontakt","robots":{"index":"index","follow":"follow","max-snippet":"max-snippet:-1","max-image-preview":"max-image-preview:large","max-video-preview":"max-video-preview:-1"},"canonical":"https:\/\/www.ahmadiyya-islam.org\/si\/kontakt\/","og_locale":"sl_SI","og_type":"article","og_title":"Kontakt","og_description":"\u010ce imate kakr\u0161nokoli vpra\u0161anje ali \u017eelite ve\u010d informacij, nas lahko kontaktirate ali nam po\u0161ljete email. KONTAKT Zrkovska cesta 144 2000 Maribor Tel: +386 40 718 105 Faks: +386 83 888 342 info@alislam.si (Prosimo vas, da preden pridete, pokli\u010dete na 040718105) DRU\u017dBENI MEDIJI Facebook: @alislam.si X (Twitter): @Ahmadija_RS YouTube: Muslimanska skupnost Ahmadija Instagram: @alislam.si SVETOVNA SKUPNOST","og_url":"https:\/\/www.ahmadiyya-islam.org\/si\/kontakt\/","og_site_name":"Muslimanska skupnost Ahmadija","article_modified_time":"2026-02-23T09:35:24+00:00","twitter_card":"summary_large_image","twitter_misc":{"Est. reading time":"1 minuta"},"schema":{"@context":"https:\/\/schema.org","@graph":[{"@type":"WebPage","@id":"https:\/\/www.ahmadiyya-islam.org\/si\/kontakt\/","url":"https:\/\/www.ahmadiyya-islam.org\/si\/kontakt\/","name":"Kontakt","isPartOf":{"@id":"https:\/\/www.ahmadiyya-islam.org\/si\/#website"},"datePublished":"2016-09-10T14:16:45+00:00","dateModified":"2026-02-23T09:35:24+00:00","breadcrumb":{"@id":"https:\/\/www.ahmadiyya-islam.org\/si\/kontakt\/#breadcrumb"},"inLanguage":"sl-SI","potentialAction":[{"@type":"ReadAction","target":["https:\/\/www.ahmadiyya-islam.org\/si\/kontakt\/"]}]},{"@type":"BreadcrumbList","@id":"https:\/\/www.ahmadiyya-islam.org\/si\/kontakt\/#breadcrumb","itemListElement":[{"@type":"ListItem","position":1,"name":"Home","item":"https:\/\/www.ahmadiyya-islam.org\/si\/"},{"@type":"ListItem","position":2,"name":"Kontakt"}]},{"@type":"WebSite","@id":"https:\/\/www.ahmadiyya-islam.org\/si\/#website","url":"https:\/\/www.ahmadiyya-islam.org\/si\/","name":"Muslimanska skupnost Ahmadija","description":"Slovenija","potentialAction":[{"@type":"SearchAction","target":{"@type":"EntryPoint","urlTemplate":"https:\/\/www.ahmadiyya-islam.org\/si\/?s={search_term_string}"},"query-input":{"@type":"PropertyValueSpecification","valueRequired":true,"valueName":"search_term_string"}}],"inLanguage":"sl-SI"}]}},"_links":{"self":[{"href":"https:\/\/www.ahmadiyya-islam.org\/si\/wp-json\/wp\/v2\/pages\/517","targetHints":{"allow":["GET"]}}],"collection":[{"href":"https:\/\/www.ahmadiyya-islam.org\/si\/wp-json\/wp\/v2\/pages"}],"about":[{"href":"https:\/\/www.ahmadiyya-islam.org\/si\/wp-json\/wp\/v2\/types\/page"}],"author":[{"embeddable":true,"href":"https:\/\/www.ahmadiyya-islam.org\/si\/wp-json\/wp\/v2\/users\/5"}],"replies":[{"embeddable":true,"href":"https:\/\/www.ahmadiyya-islam.org\/si\/wp-json\/wp\/v2\/comments?post=517"}],"version-history":[{"count":1,"href":"https:\/\/www.ahmadiyya-islam.org\/si\/wp-json\/wp\/v2\/pages\/517\/revisions"}],"predecessor-version":[{"id":2481,"href":"https:\/\/www.ahmadiyya-islam.org\/si\/wp-json\/wp\/v2\/pages\/517\/revisions\/2481"}],"wp:attachment":[{"href":"https:\/\/www.ahmadiyya-islam.org\/si\/wp-json\/wp\/v2\/media?parent=517"}],"curies":[{"name":"wp","href":"https:\/\/api.w.org\/{rel}","templated":true}]}}