{"id":448,"date":"2016-07-10T15:03:01","date_gmt":"2016-07-10T15:03:01","guid":{"rendered":"http:\/\/www.ahmadiyya-islam.org\/si\/?page_id=448"},"modified":"2019-06-30T14:36:18","modified_gmt":"2019-06-30T14:36:18","slug":"prerok-mohamed","status":"publish","type":"page","link":"https:\/\/www.ahmadiyya-islam.org\/si\/islam\/prerok-mohamed\/","title":{"rendered":"Prerok Mohamed"},"content":{"rendered":"<h4 style=\"text-align: justify\"><strong>Kdo je bil Prerok Mohamed <\/strong><strong>(mir in Bo<\/strong><strong>\u017e<\/strong><strong>ji blagoslov z njim)<\/strong><strong>?<\/strong><\/h4>\n<p style=\"text-align: justify\">Prerok Mohamed (mir in Bo\u017eji blagoslov z njim) je bil ustanovitelj in prerok islama ter tisti, ki mu je Alah razodel kon\u010dno vero. Rodil se je leta 570 v plemeniti dru\u017eini v Meki v Arabiji. Bil je potomec preroka Abrahama (mir z njim). Beseda Mohamed dobesedno pomeni \u00bbhvaljen\u00ab.<\/p>\n<h4 style=\"text-align: justify\"><strong>\u017d<\/strong><strong>ivljenje pred prero\u0161tvom<\/strong><\/h4>\n<p style=\"text-align: justify\">Njegov o\u010de Abdullah je umrl nekaj mesecev pred njegovim rojstvom, mater Ameno pa je izgubil, ko je bil star komaj \u0161est let. Skrbni\u0161tvo nad njim je prevzel njegov ded Abdul-Muttalib, ki je dve leti pozneje prav tako umrl. Za Mohameda (mir in Bo\u017eji blagoslov z njim) je nato skrbel njegov stric Abu-Talib. Kljub vsem tegobam je odrasel v po\u0161teno, dostojanstveno, resnicoljubno in inteligentno osebo. Svojemu stricu je pomagal pri trgovanju in ga v\u010dasih spremljal na njegovih potovanjih v druge de\u017eele. \u017divel je pobo\u017eno in preprosto \u017eivljenje ter bil znan po svoji pripravljenosti pomagati drugim. S svojim vedenjem si je prislu\u017eil naziva <em>As-Sadik<\/em> (kar pomeni najbolj resnicoljuben) in <em>Al-Amin<\/em> (najbolj zaupanja vreden). Pri 25 letih se je poro\u010dil s 15 let starej\u0161o ugledno vdovo Hadid\u017eo (naj bo Bog zadovoljen z njo), ki je bila tako prevzeta nad njegovo plemenito osebnostjo, da mu je v upravljanje predala svoje bogastvo in su\u017enje, ki pa jih je Mohamed (mir in Bo\u017eji blagoslov z njim) osvobodil. Prerok (mir in Bo\u017eji blagoslov z njim) je velik del imetja tudi razdelil med revne in pomo\u010di potrebne.<\/p>\n<h4 style=\"text-align: justify\"><strong>Razodetje<\/strong><\/h4>\n<p style=\"text-align: justify\">Mohamed (mir in Bo\u017eji blagoslov z njim) je veliko svojega \u010dasa posvetil Alahu (Alah je arabska beseda za enega Boga). Pogosto je meditiral v jami Hira, nekaj kilometrov od Meke. Pri \u0161tiridesetih je imel vizijo, v kateri se mu je prikazal angel Gabriel in mu prvi\u010d razodel del Korana z besedami:<\/p>\n<blockquote><p>\u00bb<em>Recitiraj v imenu Gospoda, ki je ustvaril \u010dloveka iz lepljivega strdka! Recitiraj, in tvoj Gospod je najplemenitej\u0161i, ki je u\u010dil s peresom, ki je u\u010dil \u010dloveka o neznanih stvareh<\/em>\u00ab (Koran 96: 2\u20136).<\/p><\/blockquote>\n<p style=\"text-align: justify\">Ta izku\u0161nja je na Mohameda (mir in Bo\u017eji blagoslov z njim) naredila tako globok vtis, da je odhitel domov in jo opisal svoji \u017eeni Hadid\u017ei\u00a0(mir z njo), ki ga je nato odpeljala k svojemu bratrancu Varaki bin Navfalu, kr\u0161\u010danskemu pu\u0161\u010davniku. Ko je Varaka sli\u0161al, kaj se je zgodilo, je dejal: \u00bbAngel, ki se ti je prikazal, je zagotovo isti angel, ki se je prej prikazal Mojzesu.\u00ab Govoril je o prerokbi v Peti Mojzesovi knjigi (18,18), ki se glasi:<\/p>\n<blockquote><p>\u00bb<em>Obudil jim bom preroka izmed njihovih bratov, kakor tebe, in polo\u017eil bom svoje besede v njegova usta in govoril jim bo vse, kar mu bom zapovedal<\/em>.\u00ab<\/p><\/blockquote>\n<p style=\"text-align: justify\">Napovedal je prihod velikega preroka. Tako je Mohamed (mir in Bo\u017eji blagoslov z njim) za\u010del svoje poslanstvo kot Alahov prerok in glasnik. Zgornji verzi so prvi verzi Korana, ki so bili razodeti Mohamedu (mir in Bo\u017eji blagoslov z njim). V naslednjih triindvajsetih letih mu je bil razodet celoten Koran in njegovo besedilo se ni spremenilo vse do dana\u0161njega dne.<\/p>\n<h4 style=\"text-align: justify\"><strong>Njegovo poslanstvo<\/strong><\/h4>\n<p style=\"text-align: justify\">Prerok Mohamed (mir in Bo\u017eji blagoslov z njim) je pridigal o edinstvenosti Boga. Govoril je, da so vse Bo\u017eje religije oznanjale isto sporo\u010dilo o edinstvenosti in da mora \u010dlovek za dosego miru izpolniti svoje dol\u017enosti tako do Boga kot tudi do \u010dlove\u0161tva. Mohamed (mir in Bo\u017eji blagoslov z njim) je pomagal revnim, osvobajal su\u017enje, varoval \u0161ibke pred izkori\u0161\u010danjem in uvedel enake pravice za mo\u0161ke in \u017eenske. Svojim privr\u017eencem je dejal, naj bodo potrpe\u017eljivi v stiski in naj molijo k Alahu ter mu zaupajo. Njegovo poslanstvo je bilo iztrebiti zlo in krivico ter na svetu vzpostaviti dobroto in pieteto. Zaradi tega se ga v Koranu omenja kot \u00bbmilost za vse \u010dlove\u0161tvo\u00ab.<\/p>\n<h4 style=\"text-align: justify\"><strong>Prizadevanja in uspehi<\/strong><\/h4>\n<p style=\"text-align: justify\">Malikovalci v Meki niso poslu\u0161ali Mohameda (mir in Bo\u017eji blagoslov z njim) in so mu na vse na\u010dine nasprotovali. Njega in njegove privr\u017eence so brezobzirno preganjali, a so ti to prenesli z neomajnostjo in vzorno potrpe\u017eljivostjo, ne da bi kadarkoli udarili nazaj. Utrpeli so poni\u017eanja vseh vrst, \u0161e posebej slabo pa se je godilo su\u017enjem, ki so postali muslimani. Po trinajstih letih preganjanja je Alah ukazal Mohamedu (mir in Bo\u017eji blagoslov z njim), naj se preseli v Medino, pribli\u017eno 420 kilometrov severno od Meke. Toda prebivalci Meke mu tudi tam niso dali miru. Napadli so ga ve\u010dkrat, a so bili pora\u017eeni. Mohamed (mir in Bo\u017eji blagoslov z njim) se je le branil in po zmagi je svojim sovra\u017enikom izkazal milost in odpu\u0161\u010danje. Ko je Mohamed (mir in Bo\u017eji blagoslov z njim) kon\u010dno osvojil Meko, se je to zgodilo brez nasilja. Poleg tega je bil do svojih sovra\u017enikov zelo prizanesljiv in velikodu\u0161en. Cel svet je povabil, da se pridru\u017ei islamu, a je ob tem vsem tudi podelil svobodo, da pod okriljem islama ohranjajo svojo vero. \u017divljenje Preroka (mir in Bo\u017eji blagoslov z njim) je bilo zares izredno, kajti v razponu triin\u0161estdesetih let se je odvil cel niz \u010dlove\u0161kih do\u017eivetij, od rev\u0161\u010dine do bogastva, od neuspeha do uspeha, od samotnega glasu za pravico in mir do nesporne mo\u010di, od preganjanja do kraljevske avtoritete. Sprijaznil se je z dejstvom, da je sirota, bil je vdan posvojenec, po\u0161ten trgovec, ljube\u010d mo\u017e, ljubezniv o\u010de, skrben bli\u017enji, ugleden general, pravi\u010den sodnik in zakonodajalec, razsvetljen dr\u017eavnik, zvest prijatelj in predvsem prerok in pridigar Alahove Besede. Prerok (mir in Bo\u017eji blagoslov z njim) je preminil leta 622. Njegova zapu\u0161\u010dina je zelo pobo\u017ena in krepostna skupnost vernikov, ki kljub slabim obetom nadaljuje njegovo poslanstvo \u0161irjenja islama v vse koti\u010dke sveta. Danes je na svetu ve\u010d kot 1,6 milijarde muslimanov.<\/p>\n<h4 style=\"text-align: justify\"><strong> Izreki Preroka (mir in Bo<\/strong><strong>\u017e<\/strong><strong>ji blagoslov z njim)<\/strong><\/h4>\n<p style=\"text-align: justify\"><u>Enakost<br \/>\n<\/u>\u00bb<em>Vsi ste enaki. Vsi, ne glede na narod ali pleme, ki mu pripadate, ali polo\u017eaj, ki ga zasedate. Nih\u010de ni ve\u010dvreden. Arabec ni ve\u010dvreden od Nearabca, niti ni Nearabec ve\u010dvreden od Arabca. Belopolti \u010dlovek nikakor ni ve\u010dvreden od temnopoltega, niti ni temnopolti \u010dlovek ve\u010dvreden od belopoltega. Vreden je samo toliko, kolikor izpolnjuje svoje dol\u017enosti do Boga in \u010dlove\u0161tva. Najbolj \u010dastitljivi med vami so tisti, ki so najbolj krepostni<\/em>\u00ab\u00a0\u00a0(Poslovilna pridiga Preroka).<\/p>\n<p style=\"text-align: justify\"><u>Dobrodelnost<br \/>\n<\/u>\u00bb<em>Dobrodelnost je dol\u017enost vsakega \u010dlove\u0161kega uda vsak dan po tem, ko vzide sonce. Dose\u010di pravi\u010dno spravo med dvema nasprotnikoma je dobrodelnost. Pomagati nekomu povzpeti se na \u017eival ali nanjo nalo\u017eiti njeno prtljago je dobrodelnost. Dobra beseda je dobrodelnost. Vsak korak proti mo\u0161eji za salat [molitev] je dobrodelnost. Umakniti karkoli s ceste, kar povzro\u010da nev\u0161e\u010dnosti, je dobrodelnost<\/em>\u00ab (Sahih Buhari in Sahih Muslim).<\/p>\n<p style=\"text-align: justify\"><u>Iskanje znanja<br \/>\n<\/u>\u00bb<em>Dol\u017enost vsakega muslimana in muslimanke je iskati znanje<\/em>\u00ab (Sunan Ibn Mad\u017ea).<\/p>\n<p style=\"text-align: justify\"><u>Ljubi svojega bli<\/u><u>\u017e<\/u><u>njega<br \/>\n<\/u>\u00bb<em>Nih\u010de, ki verjame v Alaha in sodni dan, ne bi smel povzro\u010dati nev\u0161e\u010dnosti svojemu bli\u017enjemu<\/em>\u00ab (Sahih Buhari).<\/p>\n<p style=\"text-align: justify\"><u>Lojalnost<br \/>\n<\/u>\u00bb<em>Lojalnost svoji de\u017eeli je del vere<\/em>\u00ab (Sahavi).<\/p>\n<p style=\"text-align: justify\"><u>Odnos do drugih<br \/>\n<\/u>\u00bb<em>Nih\u010de od vas ni pravi vernik, \u010de ne \u017eeli za druge, kar \u017eeli zase<\/em>\u00ab (Sahih Buhari).<\/p>\n<p style=\"text-align: justify\"><u>Po\u0161tenost<br \/>\n<\/u>\u00bb<em>Opusti tisto, kar ti vzbuja dvom, in bodi zvest tistemu, kar je dvoma prosto, kajti resnica je tola\u017eilna, la\u017e skrb vzbujajo\u010da<\/em>\u00ab (Tirmidi).<\/p>\n<p style=\"text-align: justify\"><u> Spo\u0161tovanje otrok<br \/>\n<\/u>\u00bb<em>Spo\u0161tuj svoje otroke in neguj pri njih najbolj\u0161e manire<\/em>\u00ab (Sunan Ibn Mad\u017ea).<\/p>\n<p style=\"text-align: justify\"><u>Hvale<\/u><u>\u017e<\/u><u>nost<br \/>\n<\/u>\u00bb<em>Tisti, ki ni hvale\u017een ljudem, ni hvale\u017een Bogu<\/em>\u00ab (Tirmidi).<\/p>\n<p style=\"text-align: justify\"><u>Odpu\u0161<\/u><u>\u010d<\/u><u>anje<br \/>\n<\/u>\u00bb<em>Alah po\u010dasti in povi\u0161a tistega, ki odpusti nad njim storjene krivice, in tistega, ki do hudodelca ne izka\u017ee oholosti<\/em>\u00ab (Musnad Ahmad).<\/p>\n","protected":false},"excerpt":{"rendered":"<p>Kdo je bil Prerok Mohamed (mir in Bo\u017eji blagoslov z njim)? Prerok Mohamed (mir in Bo\u017eji blagoslov z njim) je bil ustanovitelj in prerok islama ter tisti, ki mu je Alah razodel kon\u010dno vero. Rodil se je leta 570 v plemeniti dru\u017eini v Meki v Arabiji. Bil je potomec preroka Abrahama (mir z njim). Beseda<\/p>\n","protected":false},"author":23,"featured_media":1651,"parent":12,"menu_order":2,"comment_status":"closed","ping_status":"closed","template":"","meta":{"_acf_changed":false,"footnotes":""},"class_list":["post-448","page","type-page","status-publish","has-post-thumbnail","hentry"],"acf":[],"yoast_head":"<!-- This site is optimized with the Yoast SEO Premium plugin v21.1 (Yoast SEO v27.4) - https:\/\/yoast.com\/product\/yoast-seo-premium-wordpress\/ -->\n<title>Prerok Mohamed<\/title>\n<meta name=\"description\" content=\"Mohamed je bil ustanovitelj in prerok islama ter tisti, ki mu je Alah razodel kon\u010dno vero. Rodil se je leta 570 v plemeniti dru\u017eini v Meki v Arabiji.\" \/>\n<meta name=\"robots\" content=\"index, follow, max-snippet:-1, max-image-preview:large, max-video-preview:-1\" \/>\n<link rel=\"canonical\" href=\"https:\/\/www.ahmadiyya-islam.org\/si\/islam\/prerok-mohamed\/\" \/>\n<meta property=\"og:locale\" content=\"sl_SI\" \/>\n<meta property=\"og:type\" content=\"article\" \/>\n<meta property=\"og:title\" content=\"Prerok Mohamed\" \/>\n<meta property=\"og:description\" content=\"Mohamed je bil ustanovitelj in prerok islama ter tisti, ki mu je Alah razodel kon\u010dno vero. Rodil se je leta 570 v plemeniti dru\u017eini v Meki v Arabiji.\" \/>\n<meta property=\"og:url\" content=\"https:\/\/www.ahmadiyya-islam.org\/si\/islam\/prerok-mohamed\/\" \/>\n<meta property=\"og:site_name\" content=\"Muslimanska skupnost Ahmadija\" \/>\n<meta property=\"article:modified_time\" content=\"2019-06-30T14:36:18+00:00\" \/>\n<meta property=\"og:image\" content=\"https:\/\/www.ahmadiyya-islam.org\/si\/wp-content\/uploads\/sites\/11\/2019\/01\/Prerok-Mohamed.jpg\" \/>\n\t<meta property=\"og:image:width\" content=\"1200\" \/>\n\t<meta property=\"og:image:height\" content=\"600\" \/>\n\t<meta property=\"og:image:type\" content=\"image\/jpeg\" \/>\n<meta name=\"twitter:card\" content=\"summary_large_image\" \/>\n<meta name=\"twitter:label1\" content=\"Est. reading time\" \/>\n\t<meta name=\"twitter:data1\" content=\"6 minut\" \/>\n<script type=\"application\/ld+json\" class=\"yoast-schema-graph\">{\"@context\":\"https:\\\/\\\/schema.org\",\"@graph\":[{\"@type\":\"WebPage\",\"@id\":\"https:\\\/\\\/www.ahmadiyya-islam.org\\\/si\\\/islam\\\/prerok-mohamed\\\/\",\"url\":\"https:\\\/\\\/www.ahmadiyya-islam.org\\\/si\\\/islam\\\/prerok-mohamed\\\/\",\"name\":\"Prerok Mohamed\",\"isPartOf\":{\"@id\":\"https:\\\/\\\/www.ahmadiyya-islam.org\\\/si\\\/#website\"},\"primaryImageOfPage\":{\"@id\":\"https:\\\/\\\/www.ahmadiyya-islam.org\\\/si\\\/islam\\\/prerok-mohamed\\\/#primaryimage\"},\"image\":{\"@id\":\"https:\\\/\\\/www.ahmadiyya-islam.org\\\/si\\\/islam\\\/prerok-mohamed\\\/#primaryimage\"},\"thumbnailUrl\":\"https:\\\/\\\/www.ahmadiyya-islam.org\\\/si\\\/wp-content\\\/uploads\\\/sites\\\/11\\\/2019\\\/01\\\/Prerok-Mohamed.jpg\",\"datePublished\":\"2016-07-10T15:03:01+00:00\",\"dateModified\":\"2019-06-30T14:36:18+00:00\",\"description\":\"Mohamed je bil ustanovitelj in prerok islama ter tisti, ki mu je Alah razodel kon\u010dno vero. Rodil se je leta 570 v plemeniti dru\u017eini v Meki v Arabiji.\",\"breadcrumb\":{\"@id\":\"https:\\\/\\\/www.ahmadiyya-islam.org\\\/si\\\/islam\\\/prerok-mohamed\\\/#breadcrumb\"},\"inLanguage\":\"sl-SI\",\"potentialAction\":[{\"@type\":\"ReadAction\",\"target\":[\"https:\\\/\\\/www.ahmadiyya-islam.org\\\/si\\\/islam\\\/prerok-mohamed\\\/\"]}]},{\"@type\":\"ImageObject\",\"inLanguage\":\"sl-SI\",\"@id\":\"https:\\\/\\\/www.ahmadiyya-islam.org\\\/si\\\/islam\\\/prerok-mohamed\\\/#primaryimage\",\"url\":\"https:\\\/\\\/www.ahmadiyya-islam.org\\\/si\\\/wp-content\\\/uploads\\\/sites\\\/11\\\/2019\\\/01\\\/Prerok-Mohamed.jpg\",\"contentUrl\":\"https:\\\/\\\/www.ahmadiyya-islam.org\\\/si\\\/wp-content\\\/uploads\\\/sites\\\/11\\\/2019\\\/01\\\/Prerok-Mohamed.jpg\",\"width\":1200,\"height\":600,\"caption\":\"Mohamed\"},{\"@type\":\"BreadcrumbList\",\"@id\":\"https:\\\/\\\/www.ahmadiyya-islam.org\\\/si\\\/islam\\\/prerok-mohamed\\\/#breadcrumb\",\"itemListElement\":[{\"@type\":\"ListItem\",\"position\":1,\"name\":\"Home\",\"item\":\"https:\\\/\\\/www.ahmadiyya-islam.org\\\/si\\\/\"},{\"@type\":\"ListItem\",\"position\":2,\"name\":\"Islam\",\"item\":\"https:\\\/\\\/www.ahmadiyya-islam.org\\\/si\\\/islam\\\/\"},{\"@type\":\"ListItem\",\"position\":3,\"name\":\"Prerok Mohamed\"}]},{\"@type\":\"WebSite\",\"@id\":\"https:\\\/\\\/www.ahmadiyya-islam.org\\\/si\\\/#website\",\"url\":\"https:\\\/\\\/www.ahmadiyya-islam.org\\\/si\\\/\",\"name\":\"Muslimanska skupnost Ahmadija\",\"description\":\"Slovenija\",\"potentialAction\":[{\"@type\":\"SearchAction\",\"target\":{\"@type\":\"EntryPoint\",\"urlTemplate\":\"https:\\\/\\\/www.ahmadiyya-islam.org\\\/si\\\/?s={search_term_string}\"},\"query-input\":{\"@type\":\"PropertyValueSpecification\",\"valueRequired\":true,\"valueName\":\"search_term_string\"}}],\"inLanguage\":\"sl-SI\"}]}<\/script>\n<!-- \/ Yoast SEO Premium plugin. -->","yoast_head_json":{"title":"Prerok Mohamed","description":"Mohamed je bil ustanovitelj in prerok islama ter tisti, ki mu je Alah razodel kon\u010dno vero. Rodil se je leta 570 v plemeniti dru\u017eini v Meki v Arabiji.","robots":{"index":"index","follow":"follow","max-snippet":"max-snippet:-1","max-image-preview":"max-image-preview:large","max-video-preview":"max-video-preview:-1"},"canonical":"https:\/\/www.ahmadiyya-islam.org\/si\/islam\/prerok-mohamed\/","og_locale":"sl_SI","og_type":"article","og_title":"Prerok Mohamed","og_description":"Mohamed je bil ustanovitelj in prerok islama ter tisti, ki mu je Alah razodel kon\u010dno vero. Rodil se je leta 570 v plemeniti dru\u017eini v Meki v Arabiji.","og_url":"https:\/\/www.ahmadiyya-islam.org\/si\/islam\/prerok-mohamed\/","og_site_name":"Muslimanska skupnost Ahmadija","article_modified_time":"2019-06-30T14:36:18+00:00","og_image":[{"width":1200,"height":600,"url":"https:\/\/www.ahmadiyya-islam.org\/si\/wp-content\/uploads\/sites\/11\/2019\/01\/Prerok-Mohamed.jpg","type":"image\/jpeg"}],"twitter_card":"summary_large_image","twitter_misc":{"Est. reading time":"6 minut"},"schema":{"@context":"https:\/\/schema.org","@graph":[{"@type":"WebPage","@id":"https:\/\/www.ahmadiyya-islam.org\/si\/islam\/prerok-mohamed\/","url":"https:\/\/www.ahmadiyya-islam.org\/si\/islam\/prerok-mohamed\/","name":"Prerok Mohamed","isPartOf":{"@id":"https:\/\/www.ahmadiyya-islam.org\/si\/#website"},"primaryImageOfPage":{"@id":"https:\/\/www.ahmadiyya-islam.org\/si\/islam\/prerok-mohamed\/#primaryimage"},"image":{"@id":"https:\/\/www.ahmadiyya-islam.org\/si\/islam\/prerok-mohamed\/#primaryimage"},"thumbnailUrl":"https:\/\/www.ahmadiyya-islam.org\/si\/wp-content\/uploads\/sites\/11\/2019\/01\/Prerok-Mohamed.jpg","datePublished":"2016-07-10T15:03:01+00:00","dateModified":"2019-06-30T14:36:18+00:00","description":"Mohamed je bil ustanovitelj in prerok islama ter tisti, ki mu je Alah razodel kon\u010dno vero. Rodil se je leta 570 v plemeniti dru\u017eini v Meki v Arabiji.","breadcrumb":{"@id":"https:\/\/www.ahmadiyya-islam.org\/si\/islam\/prerok-mohamed\/#breadcrumb"},"inLanguage":"sl-SI","potentialAction":[{"@type":"ReadAction","target":["https:\/\/www.ahmadiyya-islam.org\/si\/islam\/prerok-mohamed\/"]}]},{"@type":"ImageObject","inLanguage":"sl-SI","@id":"https:\/\/www.ahmadiyya-islam.org\/si\/islam\/prerok-mohamed\/#primaryimage","url":"https:\/\/www.ahmadiyya-islam.org\/si\/wp-content\/uploads\/sites\/11\/2019\/01\/Prerok-Mohamed.jpg","contentUrl":"https:\/\/www.ahmadiyya-islam.org\/si\/wp-content\/uploads\/sites\/11\/2019\/01\/Prerok-Mohamed.jpg","width":1200,"height":600,"caption":"Mohamed"},{"@type":"BreadcrumbList","@id":"https:\/\/www.ahmadiyya-islam.org\/si\/islam\/prerok-mohamed\/#breadcrumb","itemListElement":[{"@type":"ListItem","position":1,"name":"Home","item":"https:\/\/www.ahmadiyya-islam.org\/si\/"},{"@type":"ListItem","position":2,"name":"Islam","item":"https:\/\/www.ahmadiyya-islam.org\/si\/islam\/"},{"@type":"ListItem","position":3,"name":"Prerok Mohamed"}]},{"@type":"WebSite","@id":"https:\/\/www.ahmadiyya-islam.org\/si\/#website","url":"https:\/\/www.ahmadiyya-islam.org\/si\/","name":"Muslimanska skupnost Ahmadija","description":"Slovenija","potentialAction":[{"@type":"SearchAction","target":{"@type":"EntryPoint","urlTemplate":"https:\/\/www.ahmadiyya-islam.org\/si\/?s={search_term_string}"},"query-input":{"@type":"PropertyValueSpecification","valueRequired":true,"valueName":"search_term_string"}}],"inLanguage":"sl-SI"}]}},"_links":{"self":[{"href":"https:\/\/www.ahmadiyya-islam.org\/si\/wp-json\/wp\/v2\/pages\/448","targetHints":{"allow":["GET"]}}],"collection":[{"href":"https:\/\/www.ahmadiyya-islam.org\/si\/wp-json\/wp\/v2\/pages"}],"about":[{"href":"https:\/\/www.ahmadiyya-islam.org\/si\/wp-json\/wp\/v2\/types\/page"}],"author":[{"embeddable":true,"href":"https:\/\/www.ahmadiyya-islam.org\/si\/wp-json\/wp\/v2\/users\/23"}],"replies":[{"embeddable":true,"href":"https:\/\/www.ahmadiyya-islam.org\/si\/wp-json\/wp\/v2\/comments?post=448"}],"version-history":[{"count":0,"href":"https:\/\/www.ahmadiyya-islam.org\/si\/wp-json\/wp\/v2\/pages\/448\/revisions"}],"up":[{"embeddable":true,"href":"https:\/\/www.ahmadiyya-islam.org\/si\/wp-json\/wp\/v2\/pages\/12"}],"wp:featuredmedia":[{"embeddable":true,"href":"https:\/\/www.ahmadiyya-islam.org\/si\/wp-json\/wp\/v2\/media\/1651"}],"wp:attachment":[{"href":"https:\/\/www.ahmadiyya-islam.org\/si\/wp-json\/wp\/v2\/media?parent=448"}],"curies":[{"name":"wp","href":"https:\/\/api.w.org\/{rel}","templated":true}]}}