{"id":444,"date":"2016-07-10T14:11:45","date_gmt":"2016-07-10T14:11:45","guid":{"rendered":"http:\/\/www.ahmadiyya-islam.org\/si\/?page_id=444"},"modified":"2019-06-30T12:22:38","modified_gmt":"2019-06-30T12:22:38","slug":"jezus-indija","status":"publish","type":"page","link":"https:\/\/www.ahmadiyya-islam.org\/si\/ahmadija\/jezus-indija\/","title":{"rendered":"Jezus v Indiji"},"content":{"rendered":"<p style=\"text-align: center\"><strong>Jezusovo pre\u017eivetje kri<\/strong><strong>\u017e<\/strong><strong>a<\/strong><\/p>\n<h4 style=\"text-align: justify\"><strong>Bo<\/strong><strong>\u017e<\/strong><strong>ji na<\/strong><strong>\u010d<\/strong><strong>rt<\/strong><\/h4>\n<p style=\"text-align: justify\">Jezus (mir z njim), sin Marije, je bil Mesija, resni\u010dni prerok, Bo\u017eji glasnik in Bo\u017eji ljubljenec. Hebrejci so ga zavrgli in na\u010drtovali njegovo smrt s kri\u017eanjem, kakor so po\u010deli z izdajalci; na ta na\u010din bi ga po Tori imeli za prekletega in bi se lahko potrdila neresni\u010dnost njegovih izjav. Tak\u0161na je bil namen njegovih sovra\u017enikov. Po Bo\u017ejem na\u010drtu pa je to bilo onemogo\u010deno, s \u010dimer je bil Jezus (mir z njim) odre\u0161en tak\u0161ne smrti. To je eno najvznemirljivej\u0161ih poglavij v duhovni zgodovini \u010dlove\u0161tva.<\/p>\n<h4 style=\"text-align: justify\"><strong>Jezusova molitev <\/strong><strong>za pre\u017eivetje <\/strong><\/h4>\n<p style=\"text-align: justify\">Jezus (mir z njim) je, kakor tudi vsi njegovi privr\u017eenci, mo\u010dno zaupal v molitev. Svojim u\u010dencem je nenehno ponavljal in jih pozival, naj molijo. Rekel jim je, da Bog poslu\u0161a njihove \u00a0molitve. Ko je Jezus (mir z njim) odkril na\u010drt svojih sovra\u017enikov, je bil zelo vznemirjen. Ni ga bilo strah polo\u017eiti svojega \u017eivljenja na Bo\u017ejo pot, raz\u017ealostilo pa ga je dejstvo, da bi se, \u010de bi njegovim sovra\u017enikom uspelo na\u010drt uresni\u010diti, vrata Bo\u017ejega cesarstva zaprla in bi jim bil odvzet veliki blagoslov Bo\u017ejega poslanstva. V svojem trpljenju se je zatekel k molitvi. Ve\u010dji del no\u010di je pre\u017eivel v temi na vrtu Getsemani. Njegova molitev je bila usli\u0161ana in prepri\u010dan je bil, da bo odre\u0161en preklete smrti.<\/p>\n<h4 style=\"text-align: justify\"><strong>Kako se je zgodilo<\/strong><\/h4>\n<p style=\"text-align: justify\">Bil je ujet in priveden pred Poncija Pilata (sodnika), obto\u017een bogokletstva in izdaje. Ko je Pilat sedel na sodni stol, mu je njegova \u017eena predala sporo\u010dilo, reko\u010d:<\/p>\n<blockquote>\n<p style=\"text-align: justify\">\u00bb<em>Ni\u010desar ne imej s tem pravi\u010dnim \u010dlovekom, kajti danes sem zaradi njega v sanjah pretrpela mnogo hudega.<\/em>\u00ab<\/p>\n<\/blockquote>\n<p style=\"text-align: justify\">Za tiste, ki premorejo dovolj ostroumnosti, je navedeno zagotovo dokaz spoznanja, da Jezus (mir z njim) ni mogel umreti na kri\u017eu. Nikoli se namre\u010d ne zgodi, da bi si ga Bog v imenu enega izmed svojih slu\u017eabnikov prizadeval za\u0161\u010dititi in bi bilo tak\u0161no Bo\u017eje posredovanje neu\u010dinkovito. Od tistega trenutka naprej je Pilat nekajkrat posku\u0161al pomiriti Hebrejce in osvoboditi Jezusa (mir z njim), vendar niso hoteli o tem ni\u010desar sli\u0161ati. Izjavil je tudi, da pri Jezusu (mir z njim) ni ugotovil nikakr\u0161ne krivde, vendar so mu Hebrejci zagrozili s prijavo cesarju, \u010de ne bo odredil kri\u017eanja. Nazadnje, pozno popoldne, v petek, se je Pilat vdal njihovim zahtevam in jim predal Jezusa (mir z njim) z namenom, da nad njim izvr\u0161ijo svojo voljo, sam pa si je umil roke in se tako \u017eelel znebiti odgovornosti.<\/p>\n<h4 style=\"text-align: justify\"><strong>Jezusa pribijejo na kri<\/strong><strong>\u017e<\/strong><\/h4>\n<p style=\"text-align: justify\">Hebrejci so se Jezusu (mir z njim) posmehovali, ga trpin\u010dili in privedli na mori\u0161\u010de, kjer so ga nato, skupaj z razbojnikoma, pribili na kri\u017e. Kmalu pa je padel mrak in vse prisotne je za\u010delo skrbeti, da bo sonce za\u0161lo, telesa pa bi ostala na kri\u017eih, kar je bilo po zakonu kaznivo. Zato so jih, dokler so bili \u0161e \u017eivi, hitro sneli s kri\u017eev, \u010deprav je bil Jezus (mir z njim) zaradi prestanih muk v nezavesti. Razbojnikoma so strli kosti z namenom, da bi bila njuna smrt gotova, Jezusa (mir z njim) pa tak\u0161na usoda ni doletela, saj je kazalo, da je mrtev.<\/p>\n<h4 style=\"text-align: justify\"><strong>Pobeg s kri<\/strong><strong>\u017e<\/strong><strong>a<\/strong><\/h4>\n<p style=\"text-align: justify\">Po Janezovem evangeliju (19,34) je bilo Jezusovo (mir z njim) telo prebodeno s sulico in takoj sta pritekli kri ter voda. Splo\u0161no znano je, da se krvni obtok ob smrti ustavi in srce neha biti. V Jezusovem (mir z njim) primeru je krvni obtok \u0161e vedno deloval, kar ka\u017ee na to, da je bil \u0161e \u017eiv. Jezus (mir z njim) je napovedal, da bo u\u0161el smrti s kri\u017eanjem, ko je dejal:<\/p>\n<blockquote>\n<p style=\"text-align: justify\">\u00bb<em>Kakor je bil namre\u010d Jona (mir z njim) v trebuhu velike ribe tri dni in tri no\u010di, tako bo tudi Sin \u010dlovekov v osr\u010dju zemlje tri dni in tri no\u010di<\/em>\u00ab (Mt 12,14).<\/p>\n<\/blockquote>\n<p style=\"text-align: justify\">Splo\u0161no sprejeto je, da je Jona (mir z njim)\u00a0 \u017eiv od\u0161el v trebuh kita in se iz njega \u017eiv tudi vrnil. Po svoji lastni prerokbi je moral Jezus (mir z njim) vstopiti v srce zemlje, kar pomeni, da je moral \u017eiv vstopiti v svoj grob in se iz njega \u017eiv znova vrniti.<\/p>\n<h4 style=\"text-align: justify\"><strong>Telo je odre\u0161eno<\/strong><\/h4>\n<p style=\"text-align: justify\">V teh razmerah, polnih zmede, negotovosti in stra\u0161nih znamenj, je Jo\u017eef iz Arimateje, Pilatov svetovalec in prijatelj, sicer pa Jezusov (mir z njim) privr\u017eenec, od\u0161el k Pilatu in ga zaprosil za predajo Jezusovega (mir z njim) telesa. Pilat, ki je s podobnimi zadevami imel izku\u0161nje, se je hitri Jezusovi (mir z njim) smrti sicer \u010dudil, ker pa so ga prepri\u010dali, da je \u00bbresni\u010dno\u00ab mrtev, je zahtevo odobril. Jo\u017eef je Jezusovo (mir z njim) nezavestno telo namestil v bli\u017enjo kamnito sobico, ki je druga\u010de bila njegova dru\u017einska grobnica. Nikodem, izku\u0161eni zdravnik, ga je zdravil z razli\u010dnimi di\u0161avami in mazili ter skrbel zanj, vse dokler ga ni povrnil v zavestno stanje. To se je dogajalo konec tedna. V ponedeljek se je Jezus (mir z njim) \u017ee lahko dvignil, \u010deprav je bilo na njegovem telesu \u0161e vedno mo\u010d videti sledi po\u0161kodb, ki jih je \u0161e bilo treba negovati.<\/p>\n<h4 style=\"text-align: justify\"><strong>Sre<\/strong><strong>\u010d<\/strong><strong>anje z u<\/strong><strong>\u010d<\/strong><strong>enci<\/strong><\/h4>\n<p style=\"text-align: justify\">Jezus (mir z njim) se je na skrivaj sre\u010dal z u\u010denci. Ti so komajda verjeli svojim o\u010dem in u\u0161esom. Mislili so namre\u010d, da je umrl in da stoji pred njimi duh. Pozval jih je, naj mu pregledajo njegove rane. Ali bi duhovi imeli sledi po\u0161kodb? Postal je la\u010den, zato je zaprosil za hrano in jedel z njimi. Ni \u017eelel, da bi se razvedelo, da ni mrtev in da se zaradi Bo\u017ejega usmiljenja na\u010drt sovra\u017enikov ni uresni\u010dil. Opozoril jih je, da bi ga utegnili njegovi sovra\u017eniki znova ujeti, \u010de bi izvedeli, da je \u017eiv. Povedal jim je, da ga v Judeji niso sprejeli, vendar s tem njegovo poslanstvo ni bilo zaklju\u010deno. Svoje sporo\u010dilo je moral namre\u010d prenesti izgubljenim izraelskim dru\u017einam in Hebrejcem v diaspori, zato je u\u010dencem naznanil, da se bo moral od njih lo\u010diti. Jezus (mir z njim) je bil mesija Izraelcev in je jasno razglasil:<\/p>\n<blockquote>\n<p style=\"text-align: justify\">\u00bb<em>Poslan sem le k izgubljenim ovcam Izraelove hi\u0161e<\/em>\u00ab <strong>(<\/strong>Mt 15,24).<\/p>\n<\/blockquote>\n<p style=\"text-align: justify\">Izraz \u00bbizgubljen\u00ab si lahko razlagamo dobesedno ali v prenesenem pomenu. Lahko se nana\u0161a na deset izgubljenih plemen, ki niso bila izgubljena dobesedno, temve\u010d v prenesenem pomenu. Stoletja so bila lo\u010dena od Svete de\u017eele in njihova vera je slabela. Zaradi tega je Jezus (mir z njim) spodbudil svoje apostole, naj odidejo k izgubljenim ovcam Izraelove hi\u0161e (Mt\u00a010,6). Tudi sam je napovedal, da bo od\u0161el iskat izgubljene Izraelce in da jih bo na\u0161el. Jezus (mir z njim) je rekel:<strong>\u00a0<\/strong><\/p>\n<blockquote>\n<p style=\"text-align: justify\">\u00bb<em>Imam \u0161e druge ovce, ki niso iz tega hleva. Tudi tiste moram pripeljati in poslu\u0161ale bodo moj glas in bo ena \u010dreda, en pastir<\/em>\u00ab (Jn 10,16).<\/p>\n<\/blockquote>\n<h4 style=\"text-align: justify\"><strong>Pot proti vzhodu<\/strong><\/h4>\n<p style=\"text-align: justify\">Tako se je namenil proti vzhodu, kjer so vzdol\u017e celotne poti, od Sirije preko Tur\u010dije, Iraka, Irana, Afganistana in severozahodne Indije pa vse do Ka\u0161mirja, \u017eivela izgubljena plemena. Ime Ka\u0161mir spominja na Sirijo in nekatera imena mest so identi\u010dna tistim v Siriji. Prebivalci Ka\u0161mirja so do dandanes ohranili izrazito podobnost z Izraelci. Jezusa (mir z njim) so hebrejska plemena v diaspori dobro sprejela; med njimi je bil znan kot Yuz Asaf, princ prerok. Svoja zadnja leta je pre\u017eivel v Ka\u0161mirju.<\/p>\n<h4 style=\"text-align: justify\"><strong>Konec <\/strong><strong>\u017e<\/strong><strong>ivljenja<\/strong><\/h4>\n<p style=\"text-align: justify\">Do\u017eivel je visoko starost, ve\u010d kot 120 let, in ko je umrl, so ga pokopali v ulici Khanyar v Srinagarju. Njegov grob je \u0161e ohranjen in ga je mo\u017eno obiskati.<\/p>\n<h4 style=\"text-align: justify\"><strong>Prava resnica<\/strong><\/h4>\n<p style=\"text-align: justify\">Nikakr\u0161nih dokazov ni o predpostavki, da je Jezus (mir z njim), sin Marije, prerok in Bo\u017eji glasnik, umrl na kri\u017eu. Na kri\u017eu je bil najve\u010d tri ure in sneli so ga \u017eivega. Tudi kosti ni imel zdrobljenih. Kaj ga je torej ubilo? Obstajajo \u0161tevilni dokazi, ki prepri\u010dljivo pri\u010dajo o dejstvu, da Jezus (mir z njim) ni umrl na kri\u017eu. Njegovo telo je bilo odneseno v dru\u017einsko grobnico Jo\u017eefa iz Arimateje. S tem istim telesom, ki je sicer imelo sledi po\u0161kodb, se je sre\u010dal s svojimi u\u010denci in jedel z njimi, kar predstavlja zanesljiv in neizpodbiten dokaz, da ni umrl na kri\u017eu.<\/p>\n","protected":false},"excerpt":{"rendered":"<p>Jezusovo pre\u017eivetje kri\u017ea Bo\u017eji na\u010drt Jezus (mir z njim), sin Marije, je bil Mesija, resni\u010dni prerok, Bo\u017eji glasnik in Bo\u017eji ljubljenec. Hebrejci so ga zavrgli in na\u010drtovali njegovo smrt s kri\u017eanjem, kakor so po\u010deli z izdajalci; na ta na\u010din bi ga po Tori imeli za prekletega in bi se lahko potrdila neresni\u010dnost njegovih izjav. Tak\u0161na<\/p>\n","protected":false},"author":23,"featured_media":1689,"parent":14,"menu_order":4,"comment_status":"closed","ping_status":"closed","template":"","meta":{"_acf_changed":false,"footnotes":""},"class_list":["post-444","page","type-page","status-publish","has-post-thumbnail","hentry"],"acf":[],"yoast_head":"<!-- This site is optimized with the Yoast SEO Premium plugin v21.1 (Yoast SEO v27.4) - https:\/\/yoast.com\/product\/yoast-seo-premium-wordpress\/ -->\n<title>Jezus v Indiji<\/title>\n<meta name=\"description\" content=\"Nikakr\u0161nih dokazov ni o predpostavki, da je Jezus (mir z njim), sin Marije, umrl na kri\u017eu. Na kri\u017eu je bil najve\u010d tri ure in sneli so ga \u017eivega.\" \/>\n<meta name=\"robots\" content=\"index, follow, max-snippet:-1, max-image-preview:large, max-video-preview:-1\" \/>\n<link rel=\"canonical\" href=\"https:\/\/www.ahmadiyya-islam.org\/si\/ahmadija\/jezus-indija\/\" \/>\n<meta property=\"og:locale\" content=\"sl_SI\" \/>\n<meta property=\"og:type\" content=\"article\" \/>\n<meta property=\"og:title\" content=\"Jezus v Indiji\" \/>\n<meta property=\"og:description\" content=\"Nikakr\u0161nih dokazov ni o predpostavki, da je Jezus (mir z njim), sin Marije, umrl na kri\u017eu. Na kri\u017eu je bil najve\u010d tri ure in sneli so ga \u017eivega.\" \/>\n<meta property=\"og:url\" content=\"https:\/\/www.ahmadiyya-islam.org\/si\/ahmadija\/jezus-indija\/\" \/>\n<meta property=\"og:site_name\" content=\"Muslimanska skupnost Ahmadija\" \/>\n<meta property=\"article:modified_time\" content=\"2019-06-30T12:22:38+00:00\" \/>\n<meta property=\"og:image\" content=\"https:\/\/www.ahmadiyya-islam.org\/si\/wp-content\/uploads\/sites\/11\/2019\/01\/Jezus-v-Indiji-1.jpg\" \/>\n\t<meta property=\"og:image:width\" content=\"1200\" \/>\n\t<meta property=\"og:image:height\" content=\"675\" \/>\n\t<meta property=\"og:image:type\" content=\"image\/jpeg\" \/>\n<meta name=\"twitter:card\" content=\"summary_large_image\" \/>\n<meta name=\"twitter:label1\" content=\"Est. reading time\" \/>\n\t<meta name=\"twitter:data1\" content=\"7 minut\" \/>\n<script type=\"application\/ld+json\" class=\"yoast-schema-graph\">{\"@context\":\"https:\\\/\\\/schema.org\",\"@graph\":[{\"@type\":\"WebPage\",\"@id\":\"https:\\\/\\\/www.ahmadiyya-islam.org\\\/si\\\/ahmadija\\\/jezus-indija\\\/\",\"url\":\"https:\\\/\\\/www.ahmadiyya-islam.org\\\/si\\\/ahmadija\\\/jezus-indija\\\/\",\"name\":\"Jezus v Indiji\",\"isPartOf\":{\"@id\":\"https:\\\/\\\/www.ahmadiyya-islam.org\\\/si\\\/#website\"},\"primaryImageOfPage\":{\"@id\":\"https:\\\/\\\/www.ahmadiyya-islam.org\\\/si\\\/ahmadija\\\/jezus-indija\\\/#primaryimage\"},\"image\":{\"@id\":\"https:\\\/\\\/www.ahmadiyya-islam.org\\\/si\\\/ahmadija\\\/jezus-indija\\\/#primaryimage\"},\"thumbnailUrl\":\"https:\\\/\\\/www.ahmadiyya-islam.org\\\/si\\\/wp-content\\\/uploads\\\/sites\\\/11\\\/2019\\\/01\\\/Jezus-v-Indiji-1.jpg\",\"datePublished\":\"2016-07-10T14:11:45+00:00\",\"dateModified\":\"2019-06-30T12:22:38+00:00\",\"description\":\"Nikakr\u0161nih dokazov ni o predpostavki, da je Jezus (mir z njim), sin Marije, umrl na kri\u017eu. Na kri\u017eu je bil najve\u010d tri ure in sneli so ga \u017eivega.\",\"breadcrumb\":{\"@id\":\"https:\\\/\\\/www.ahmadiyya-islam.org\\\/si\\\/ahmadija\\\/jezus-indija\\\/#breadcrumb\"},\"inLanguage\":\"sl-SI\",\"potentialAction\":[{\"@type\":\"ReadAction\",\"target\":[\"https:\\\/\\\/www.ahmadiyya-islam.org\\\/si\\\/ahmadija\\\/jezus-indija\\\/\"]}]},{\"@type\":\"ImageObject\",\"inLanguage\":\"sl-SI\",\"@id\":\"https:\\\/\\\/www.ahmadiyya-islam.org\\\/si\\\/ahmadija\\\/jezus-indija\\\/#primaryimage\",\"url\":\"https:\\\/\\\/www.ahmadiyya-islam.org\\\/si\\\/wp-content\\\/uploads\\\/sites\\\/11\\\/2019\\\/01\\\/Jezus-v-Indiji-1.jpg\",\"contentUrl\":\"https:\\\/\\\/www.ahmadiyya-islam.org\\\/si\\\/wp-content\\\/uploads\\\/sites\\\/11\\\/2019\\\/01\\\/Jezus-v-Indiji-1.jpg\",\"width\":1200,\"height\":675,\"caption\":\"Jezus v Indiji\"},{\"@type\":\"BreadcrumbList\",\"@id\":\"https:\\\/\\\/www.ahmadiyya-islam.org\\\/si\\\/ahmadija\\\/jezus-indija\\\/#breadcrumb\",\"itemListElement\":[{\"@type\":\"ListItem\",\"position\":1,\"name\":\"Home\",\"item\":\"https:\\\/\\\/www.ahmadiyya-islam.org\\\/si\\\/\"},{\"@type\":\"ListItem\",\"position\":2,\"name\":\"Ahmadija\",\"item\":\"https:\\\/\\\/www.ahmadiyya-islam.org\\\/si\\\/ahmadija\\\/\"},{\"@type\":\"ListItem\",\"position\":3,\"name\":\"Jezus v Indiji\"}]},{\"@type\":\"WebSite\",\"@id\":\"https:\\\/\\\/www.ahmadiyya-islam.org\\\/si\\\/#website\",\"url\":\"https:\\\/\\\/www.ahmadiyya-islam.org\\\/si\\\/\",\"name\":\"Muslimanska skupnost Ahmadija\",\"description\":\"Slovenija\",\"potentialAction\":[{\"@type\":\"SearchAction\",\"target\":{\"@type\":\"EntryPoint\",\"urlTemplate\":\"https:\\\/\\\/www.ahmadiyya-islam.org\\\/si\\\/?s={search_term_string}\"},\"query-input\":{\"@type\":\"PropertyValueSpecification\",\"valueRequired\":true,\"valueName\":\"search_term_string\"}}],\"inLanguage\":\"sl-SI\"}]}<\/script>\n<!-- \/ Yoast SEO Premium plugin. -->","yoast_head_json":{"title":"Jezus v Indiji","description":"Nikakr\u0161nih dokazov ni o predpostavki, da je Jezus (mir z njim), sin Marije, umrl na kri\u017eu. Na kri\u017eu je bil najve\u010d tri ure in sneli so ga \u017eivega.","robots":{"index":"index","follow":"follow","max-snippet":"max-snippet:-1","max-image-preview":"max-image-preview:large","max-video-preview":"max-video-preview:-1"},"canonical":"https:\/\/www.ahmadiyya-islam.org\/si\/ahmadija\/jezus-indija\/","og_locale":"sl_SI","og_type":"article","og_title":"Jezus v Indiji","og_description":"Nikakr\u0161nih dokazov ni o predpostavki, da je Jezus (mir z njim), sin Marije, umrl na kri\u017eu. Na kri\u017eu je bil najve\u010d tri ure in sneli so ga \u017eivega.","og_url":"https:\/\/www.ahmadiyya-islam.org\/si\/ahmadija\/jezus-indija\/","og_site_name":"Muslimanska skupnost Ahmadija","article_modified_time":"2019-06-30T12:22:38+00:00","og_image":[{"width":1200,"height":675,"url":"https:\/\/www.ahmadiyya-islam.org\/si\/wp-content\/uploads\/sites\/11\/2019\/01\/Jezus-v-Indiji-1.jpg","type":"image\/jpeg"}],"twitter_card":"summary_large_image","twitter_misc":{"Est. reading time":"7 minut"},"schema":{"@context":"https:\/\/schema.org","@graph":[{"@type":"WebPage","@id":"https:\/\/www.ahmadiyya-islam.org\/si\/ahmadija\/jezus-indija\/","url":"https:\/\/www.ahmadiyya-islam.org\/si\/ahmadija\/jezus-indija\/","name":"Jezus v Indiji","isPartOf":{"@id":"https:\/\/www.ahmadiyya-islam.org\/si\/#website"},"primaryImageOfPage":{"@id":"https:\/\/www.ahmadiyya-islam.org\/si\/ahmadija\/jezus-indija\/#primaryimage"},"image":{"@id":"https:\/\/www.ahmadiyya-islam.org\/si\/ahmadija\/jezus-indija\/#primaryimage"},"thumbnailUrl":"https:\/\/www.ahmadiyya-islam.org\/si\/wp-content\/uploads\/sites\/11\/2019\/01\/Jezus-v-Indiji-1.jpg","datePublished":"2016-07-10T14:11:45+00:00","dateModified":"2019-06-30T12:22:38+00:00","description":"Nikakr\u0161nih dokazov ni o predpostavki, da je Jezus (mir z njim), sin Marije, umrl na kri\u017eu. Na kri\u017eu je bil najve\u010d tri ure in sneli so ga \u017eivega.","breadcrumb":{"@id":"https:\/\/www.ahmadiyya-islam.org\/si\/ahmadija\/jezus-indija\/#breadcrumb"},"inLanguage":"sl-SI","potentialAction":[{"@type":"ReadAction","target":["https:\/\/www.ahmadiyya-islam.org\/si\/ahmadija\/jezus-indija\/"]}]},{"@type":"ImageObject","inLanguage":"sl-SI","@id":"https:\/\/www.ahmadiyya-islam.org\/si\/ahmadija\/jezus-indija\/#primaryimage","url":"https:\/\/www.ahmadiyya-islam.org\/si\/wp-content\/uploads\/sites\/11\/2019\/01\/Jezus-v-Indiji-1.jpg","contentUrl":"https:\/\/www.ahmadiyya-islam.org\/si\/wp-content\/uploads\/sites\/11\/2019\/01\/Jezus-v-Indiji-1.jpg","width":1200,"height":675,"caption":"Jezus v Indiji"},{"@type":"BreadcrumbList","@id":"https:\/\/www.ahmadiyya-islam.org\/si\/ahmadija\/jezus-indija\/#breadcrumb","itemListElement":[{"@type":"ListItem","position":1,"name":"Home","item":"https:\/\/www.ahmadiyya-islam.org\/si\/"},{"@type":"ListItem","position":2,"name":"Ahmadija","item":"https:\/\/www.ahmadiyya-islam.org\/si\/ahmadija\/"},{"@type":"ListItem","position":3,"name":"Jezus v Indiji"}]},{"@type":"WebSite","@id":"https:\/\/www.ahmadiyya-islam.org\/si\/#website","url":"https:\/\/www.ahmadiyya-islam.org\/si\/","name":"Muslimanska skupnost Ahmadija","description":"Slovenija","potentialAction":[{"@type":"SearchAction","target":{"@type":"EntryPoint","urlTemplate":"https:\/\/www.ahmadiyya-islam.org\/si\/?s={search_term_string}"},"query-input":{"@type":"PropertyValueSpecification","valueRequired":true,"valueName":"search_term_string"}}],"inLanguage":"sl-SI"}]}},"_links":{"self":[{"href":"https:\/\/www.ahmadiyya-islam.org\/si\/wp-json\/wp\/v2\/pages\/444","targetHints":{"allow":["GET"]}}],"collection":[{"href":"https:\/\/www.ahmadiyya-islam.org\/si\/wp-json\/wp\/v2\/pages"}],"about":[{"href":"https:\/\/www.ahmadiyya-islam.org\/si\/wp-json\/wp\/v2\/types\/page"}],"author":[{"embeddable":true,"href":"https:\/\/www.ahmadiyya-islam.org\/si\/wp-json\/wp\/v2\/users\/23"}],"replies":[{"embeddable":true,"href":"https:\/\/www.ahmadiyya-islam.org\/si\/wp-json\/wp\/v2\/comments?post=444"}],"version-history":[{"count":0,"href":"https:\/\/www.ahmadiyya-islam.org\/si\/wp-json\/wp\/v2\/pages\/444\/revisions"}],"up":[{"embeddable":true,"href":"https:\/\/www.ahmadiyya-islam.org\/si\/wp-json\/wp\/v2\/pages\/14"}],"wp:featuredmedia":[{"embeddable":true,"href":"https:\/\/www.ahmadiyya-islam.org\/si\/wp-json\/wp\/v2\/media\/1689"}],"wp:attachment":[{"href":"https:\/\/www.ahmadiyya-islam.org\/si\/wp-json\/wp\/v2\/media?parent=444"}],"curies":[{"name":"wp","href":"https:\/\/api.w.org\/{rel}","templated":true}]}}