{"id":442,"date":"2016-07-10T14:01:30","date_gmt":"2016-07-10T14:01:30","guid":{"rendered":"http:\/\/www.ahmadiyya-islam.org\/si\/?page_id=442"},"modified":"2019-06-30T14:55:24","modified_gmt":"2019-06-30T14:55:24","slug":"obljubljeni-mesija","status":"publish","type":"page","link":"https:\/\/www.ahmadiyya-islam.org\/si\/ahmadija\/obljubljeni-mesija\/","title":{"rendered":"Obljubljeni Mesija"},"content":{"rendered":"<h4 style=\"text-align: justify\"><strong>Zakaj svet potrebuje reformatorja?<\/strong><\/h4>\n<p style=\"text-align: justify\">Alah (arabska beseda za enega Boga) je po Svojih prerokih vodil \u010dlove\u0161tvo skozi vso zgodovino. Nekateri preroki so uvedli nove razodete zakone in nauke, medtem ko so drugi sledili in prerodili zgodnej\u0161e nauke, tako da so odpravili zmotna razumevanja in razlage, ki so se s\u010dasoma pojavile. Islam trdi, da je dokon\u010dna in popolna vera za \u010dlove\u0161tvo s Koranom kot dokon\u010dnim Bo\u017ejim besedilom. Toda to ne pomeni, da je tudi \u010dlove\u0161tvo doseglo stanje popolnosti, po katerem reformatorji ne bi bili ve\u010d potrebni. Tako kot privr\u017eenci drugih religij pred njimi, so se tudi privr\u017eenci islama oddaljili od Bo\u017ejega sporo\u010dila. Torej je bilo edino logi\u010dno, da je Alah tudi za to obdobje poslal preroka, ki bi vodil \u010dlove\u0161tvo nazaj k pravim naukom islama. S preporodom naukov in ne z njihovo nadgradnjo bi bil ta prerok podrejen Preroku Mohamedu (mir in Bo\u017eji blagoslov z njim), preroku islama.<\/p>\n<h4 style=\"text-align: justify\"><strong>Reformator zgolj za muslimane?<\/strong><\/h4>\n<p style=\"text-align: justify\">Prerokbe o prihodu tak\u0161nega reformatorja niso zna\u010dilne samo za islam. Tudi druge Bo\u017eje religije \u00a0so prerokovale prihod tak\u0161nega reformatorja v poznej\u0161ih dneh. Toda mno\u017eica reformatorjev bi povzro\u010dila zmedo. Za prevlado resni\u010dnega miru se vse tovrstne prerokbe gotovo nana\u0161ajo na enega reformatorja, ki bi zdru\u017eil \u010dlove\u0161tvo pod enim sporo\u010dilom miru. Ta preporod miru naj bi se zgodil s preporodom islama, saj so njegovi nauki brez\u010dasni in ve\u010dni ter edinstveno obsegajo resnico vseh prej\u0161njih religij. \u010ceprav bi bil reformator tisti, ki ga pri\u010dakujejo muslimani, bi bil obenem tisti, ki ga pri\u010dakujejo tudi privr\u017eenci drugih Bo\u017ejih ver. Hazreti Mirza Ghulam Ahmad (mir z njim) (1835\u20131908) je pod Bo\u017ejim vodstvom zatrjeval, da je on reformator, ki je bil obljubljen za poznej\u0161e dni kot izpolnitev prerokb o Obljubljenem Mesiji in Imamu Mahdiju (vodenem vodji, prerokovanem v islamu). Njegov prihod je torej izpolnil prerokbe o drugem duhovnem prihodu Preroka islama (mir in Bo\u017eji blagoslov z njim) in o drugem prihodu Jezusa, Kri\u0161ne, Bude ter drugih Alahovih prerokov (mir z njimi).<\/p>\n<h4 style=\"text-align: justify\"><strong>Njegovo <\/strong><strong>\u017e<\/strong><strong>ivljenje<\/strong><\/h4>\n<p style=\"text-align: justify\">Obljubljeni Mesija (mir z njim) je bil rojen v plemi\u0161ki dru\u017eini v Kadianu v Indiji. \u017de od mladih let ga je zelo zanimala vera. Znan je bil po svoji po\u0161tenosti, so\u010dutju in odlo\u010dnosti. S\u010dasoma je poglobil svoje znanje in razumevanje vere ter njeno uporabo v dru\u017ebi. Kot musliman je bil trdno prepri\u010dan, da so bile vse vere ob utemeljitvi resni\u010dne, in je vedno posku\u0161al ohraniti dostojanstvo vseh ver ter njihovih prerokov. Alah je Njegovo iskreno zagovarjanje ver nazadnje le blagoslovil in mu leta 1882 razodel poslanstvo. \u0160e naprej prejemal razodetja in leta 1889 je pod Bo\u017ejim vodstvom ustanovil muslimansko skupnost Ahmadija. Trdil je, da je Obljubljeni Mesija, ki ga pri\u010dakujejo privr\u017eenci vseh religij, in Imam Mahdi v islamu. Skupnost od njene ustanovitve naprej raz\u0161irja miroljubno sporo\u010dilo islama po svetu.<\/p>\n<h4 style=\"text-align: justify\"><strong>Njegova dela <\/strong><\/h4>\n<p style=\"text-align: justify\">Obljubljeni Mesija (mir z njim) je bil ugleden pisatelj in je napisal ve\u010d kot osemdesetih knjig z razli\u010dnimi verskimi temami. Z logiko, ki je privla\u010dna za sodobni razum, je iz\u010drpno razlo\u017eil verske nauke in duhovne resnice. Dela o islamu in njegovi pomembnosti za sedanji \u010das so mu prinesla vsesplo\u0161no priznanje. Med njegova strokovna dela spadata Filozofija naukov islama \u00a0(The Philosophy of the Teachings of Islam), razprava o telesnih, moralnih in duhovnih polo\u017eajih \u010dloveka ter o posmrtnem \u017eivljenju, in Jezus v Indiji (Jesus in India), navdu\u0161ujo\u010da razprava, ki razkriva izjemne dokaze o Jezusovem (mir z njim) potovanju v Indijo. Gre za zgodovinsko pripoved, ki je bila potrjena s poznej\u0161imi dokazi in neodvisno raziskavo. Obljubljeni Mesija (mir z njim) je bil kot privr\u017eenec in podrejenec Svetega Preroka islama (mir in Bo\u017eji blagoslov z njim) glasnik miru. Posku\u0161al je o\u017eiviti miroljubno filozofijo islama v vseh pogledih vere. Poudarjal je, na primer, da islam odklanja nasilje, spodbujal je u\u010denje in nagovarjal k samoizpopolnjevanju. S svojimi deli je polo\u017eil temelje za svetovni mir, ob tem pa tudi opozarjal na potrebo po o\u017eivitvi duha \u010dlove\u0161tva, rojenega iz Alahove ljubezni.<\/p>\n<blockquote>\n<p style=\"text-align: justify\">\u00a0 \u00bb<em>Storil bom, da bo tvoje sporo\u010dilo doseglo vse koti\u010dke sveta<\/em>\u00ab<\/p>\n<\/blockquote>\n<p style=\"text-align: justify\">Ta Bo\u017eja obljuba je bila razodeta Obljubljenemu Mesiji (mir z njim) in ga prepri\u010dala o uspehu njegovega poslanstva. Obljuba je bila izpolnjena na razli\u010dne na\u010dine. Skupnost Ahmadija je danes uveljavljena po vsem svetu in miroljubno sporo\u010dilo islama med drugim prena\u0161a po svojem globalnem satelitskem televizijskem kanalu MTA International, Koran pa je prevedla v sedemdeset jezikov, da si ljudje z njegovimi nauki lahko pomagajo.<\/p>\n<h4 style=\"text-align: justify\"><strong>Njegov uspeh<\/strong><\/h4>\n<p style=\"text-align: justify\">V svojih ne\u0161tetih prerokbah je Obljubljeni Mesija (mir z njim) napovedal tudi izjemno \u0161irjenje skupnosti. Od leta 1889 do njegove smrti leta 1908 ga je sprejelo na deset tiso\u010de ljudi. Ta blagoslov \u0161irjenja se nadaljuje po njegovih kalifih (duhovni nasledniki). Skupnost, trenutno pod vodstvom petega naslednika, je svetovna skupnost v pravem pomenu besede, saj je raz\u0161irjena v ve\u010d kot dvesto dr\u017eavah in ima na desetine milijonov \u010dlanov.<\/p>\n<blockquote>\n<p style=\"text-align: left\">\u00bb<em>Pri\u0161el sem, da zasejem seme, ki bo raslo in uspevalo. Nih\u010de ne bo mogel zaustaviti njegove rasti.\u00ab<\/em><\/p>\n<\/blockquote>\n<p style=\"text-align: justify\">(Prerokba Obljubljenega Mesije, o uspehu njegovega mirnega preporoda islama.)<\/p>\n<h4 style=\"text-align: justify\"><strong>Izbrani izreki Obljubljenega Mesije<\/strong><\/h4>\n<p style=\"text-align: justify\"><u>Bo<\/u><u>\u017e<\/u><u>ja ljubezen<br \/>\n<\/u>\u00bb<em>Na\u0161 raj je v na\u0161em Bogu. Na\u0161a najve\u010dja radost je na\u0161 Bog, kajti videli smo ga in v njem na\u0161li vsakr\u0161no lepoto<\/em>\u00ab (Ka\u0161ti Nuh str. 21\u201322, Ruhani Hazajn, zv. 19).<\/p>\n<p style=\"text-align: justify\"><u>Naklonjenost do <\/u><u>\u010dlove\u0161tva<br \/>\n<\/u>\u00bb<em>Vsem muslimanom, kristjanom, hindujcem in arijcem razgla\u0161am, da nimam sovra\u017enika na svetu. \u010clove\u0161tvo ljubim z ljubeznijo, ki jo ima usmiljena mati do svojih otrok oziroma \u0161e bolj. Sem samo sovra\u017enik la\u017enivih doktrin, ki ubijajo resnico. \u010clove\u0161ka naklonjenost je moja dol\u017enost<\/em>\u00ab (Sirad\u017ee Munir, \u00a0str. 28, Ruhani Hazajn, zv.\u00a012).<\/p>\n<p style=\"text-align: justify\"><u>Spo\u0161tovanje vseh prerokov<br \/>\n<\/u>\u00bb<em>Verujte v resnico vseh prerokov, kjerkoli so se utegnili pojaviti \u2013 v Indiji, Perziji, na Kitajskem ali v katerikoli drugi dr\u017eavi \u2013 in za katere je Bog napolnil srca milijonov ljudi z globokim spo\u0161tovanjem ter povzro\u010dil, da so njihove vere trdno zakoreninjene<\/em>\u00ab (Tofah Kejsarija\u00a0, str. 59, Ruhani Hazajn, zv. 12).<\/p>\n<p style=\"text-align: justify\"><u> Dobrota in <\/u><u>\u010dlove\u0161tvo<br \/>\n<\/u>\u00bb<em>Na\u010delo, ki smo mu zvesti, je dobrota v srcu za vse \u010dlove\u0161tvo. \u010ce kdorkoli vidi, da hi\u0161a soseda hindujca gori, in mu ne pomaga pogasiti ognja, odkrito razgla\u0161am, da ne spada k meni. \u010ce kdorkoli od mojih privr\u017eencev vidi, da nekdo posku\u0161a umoriti kristjana, in ga ne posku\u0161a re\u0161iti, najbolj odkrito priznavam, da ne spada k nam<\/em>\u00ab (Sirad\u017ee Munir, \u00a0str. 28, Ruhani Hazajn, zv. 12).<\/p>\n<p style=\"text-align: justify\"><u>Resnica<br \/>\n<\/u>\u00bb<em>Ne pogubljajte resnice s svojeglavo vdanostjo krivici. Sprejmite resnico, \u010detudi jo prejmete od otroka<\/em>\u00ab<em> (<\/em>Izala-e-Avham, del 2, str. 550, Ruhani Hazajn, zv. 3).<\/p>\n","protected":false},"excerpt":{"rendered":"<p>Zakaj svet potrebuje reformatorja? Alah (arabska beseda za enega Boga) je po Svojih prerokih vodil \u010dlove\u0161tvo skozi vso zgodovino. Nekateri preroki so uvedli nove razodete zakone in nauke, medtem ko so drugi sledili in prerodili zgodnej\u0161e nauke, tako da so odpravili zmotna razumevanja in razlage, ki so se s\u010dasoma pojavile. Islam trdi, da je dokon\u010dna<\/p>\n","protected":false},"author":23,"featured_media":1872,"parent":14,"menu_order":3,"comment_status":"closed","ping_status":"closed","template":"","meta":{"_acf_changed":false,"footnotes":""},"class_list":["post-442","page","type-page","status-publish","has-post-thumbnail","hentry"],"acf":[],"yoast_head":"<!-- This site is optimized with the Yoast SEO Premium plugin v21.1 (Yoast SEO v27.4) - https:\/\/yoast.com\/product\/yoast-seo-premium-wordpress\/ -->\n<title>Obljubljeni Mesija<\/title>\n<meta name=\"description\" content=\"Prerokbe o prihodu tak\u0161nega reformatorja niso zna\u010dilne samo za islam.Tudi druge Bo\u017eje religije so prerokovale prihod tak\u0161nega Mesija v poznej\u0161ih dneh.\" \/>\n<meta name=\"robots\" content=\"index, follow, max-snippet:-1, max-image-preview:large, max-video-preview:-1\" \/>\n<link rel=\"canonical\" href=\"https:\/\/www.ahmadiyya-islam.org\/si\/ahmadija\/obljubljeni-mesija\/\" \/>\n<meta property=\"og:locale\" content=\"sl_SI\" \/>\n<meta property=\"og:type\" content=\"article\" \/>\n<meta property=\"og:title\" content=\"Obljubljeni Mesija\" \/>\n<meta property=\"og:description\" content=\"Prerokbe o prihodu tak\u0161nega reformatorja niso zna\u010dilne samo za islam.Tudi druge Bo\u017eje religije so prerokovale prihod tak\u0161nega Mesija v poznej\u0161ih dneh.\" \/>\n<meta property=\"og:url\" content=\"https:\/\/www.ahmadiyya-islam.org\/si\/ahmadija\/obljubljeni-mesija\/\" \/>\n<meta property=\"og:site_name\" content=\"Muslimanska skupnost Ahmadija\" \/>\n<meta property=\"article:modified_time\" content=\"2019-06-30T14:55:24+00:00\" \/>\n<meta property=\"og:image\" content=\"https:\/\/www.ahmadiyya-islam.org\/si\/wp-content\/uploads\/sites\/11\/2019\/06\/Obljubljeni-Mesija-1.jpg\" \/>\n\t<meta property=\"og:image:width\" content=\"1200\" \/>\n\t<meta property=\"og:image:height\" content=\"630\" \/>\n\t<meta property=\"og:image:type\" content=\"image\/jpeg\" \/>\n<meta name=\"twitter:card\" content=\"summary_large_image\" \/>\n<meta name=\"twitter:label1\" content=\"Est. reading time\" \/>\n\t<meta name=\"twitter:data1\" content=\"6 minut\" \/>\n<script type=\"application\/ld+json\" class=\"yoast-schema-graph\">{\"@context\":\"https:\\\/\\\/schema.org\",\"@graph\":[{\"@type\":\"WebPage\",\"@id\":\"https:\\\/\\\/www.ahmadiyya-islam.org\\\/si\\\/ahmadija\\\/obljubljeni-mesija\\\/\",\"url\":\"https:\\\/\\\/www.ahmadiyya-islam.org\\\/si\\\/ahmadija\\\/obljubljeni-mesija\\\/\",\"name\":\"Obljubljeni Mesija\",\"isPartOf\":{\"@id\":\"https:\\\/\\\/www.ahmadiyya-islam.org\\\/si\\\/#website\"},\"primaryImageOfPage\":{\"@id\":\"https:\\\/\\\/www.ahmadiyya-islam.org\\\/si\\\/ahmadija\\\/obljubljeni-mesija\\\/#primaryimage\"},\"image\":{\"@id\":\"https:\\\/\\\/www.ahmadiyya-islam.org\\\/si\\\/ahmadija\\\/obljubljeni-mesija\\\/#primaryimage\"},\"thumbnailUrl\":\"https:\\\/\\\/www.ahmadiyya-islam.org\\\/si\\\/wp-content\\\/uploads\\\/sites\\\/11\\\/2019\\\/06\\\/Obljubljeni-Mesija-1.jpg\",\"datePublished\":\"2016-07-10T14:01:30+00:00\",\"dateModified\":\"2019-06-30T14:55:24+00:00\",\"description\":\"Prerokbe o prihodu tak\u0161nega reformatorja niso zna\u010dilne samo za islam.Tudi druge Bo\u017eje religije so prerokovale prihod tak\u0161nega Mesija v poznej\u0161ih dneh.\",\"breadcrumb\":{\"@id\":\"https:\\\/\\\/www.ahmadiyya-islam.org\\\/si\\\/ahmadija\\\/obljubljeni-mesija\\\/#breadcrumb\"},\"inLanguage\":\"sl-SI\",\"potentialAction\":[{\"@type\":\"ReadAction\",\"target\":[\"https:\\\/\\\/www.ahmadiyya-islam.org\\\/si\\\/ahmadija\\\/obljubljeni-mesija\\\/\"]}]},{\"@type\":\"ImageObject\",\"inLanguage\":\"sl-SI\",\"@id\":\"https:\\\/\\\/www.ahmadiyya-islam.org\\\/si\\\/ahmadija\\\/obljubljeni-mesija\\\/#primaryimage\",\"url\":\"https:\\\/\\\/www.ahmadiyya-islam.org\\\/si\\\/wp-content\\\/uploads\\\/sites\\\/11\\\/2019\\\/06\\\/Obljubljeni-Mesija-1.jpg\",\"contentUrl\":\"https:\\\/\\\/www.ahmadiyya-islam.org\\\/si\\\/wp-content\\\/uploads\\\/sites\\\/11\\\/2019\\\/06\\\/Obljubljeni-Mesija-1.jpg\",\"width\":1200,\"height\":630,\"caption\":\"Obljubljeni Mesija\"},{\"@type\":\"BreadcrumbList\",\"@id\":\"https:\\\/\\\/www.ahmadiyya-islam.org\\\/si\\\/ahmadija\\\/obljubljeni-mesija\\\/#breadcrumb\",\"itemListElement\":[{\"@type\":\"ListItem\",\"position\":1,\"name\":\"Home\",\"item\":\"https:\\\/\\\/www.ahmadiyya-islam.org\\\/si\\\/\"},{\"@type\":\"ListItem\",\"position\":2,\"name\":\"Ahmadija\",\"item\":\"https:\\\/\\\/www.ahmadiyya-islam.org\\\/si\\\/ahmadija\\\/\"},{\"@type\":\"ListItem\",\"position\":3,\"name\":\"Obljubljeni Mesija\"}]},{\"@type\":\"WebSite\",\"@id\":\"https:\\\/\\\/www.ahmadiyya-islam.org\\\/si\\\/#website\",\"url\":\"https:\\\/\\\/www.ahmadiyya-islam.org\\\/si\\\/\",\"name\":\"Muslimanska skupnost Ahmadija\",\"description\":\"Slovenija\",\"potentialAction\":[{\"@type\":\"SearchAction\",\"target\":{\"@type\":\"EntryPoint\",\"urlTemplate\":\"https:\\\/\\\/www.ahmadiyya-islam.org\\\/si\\\/?s={search_term_string}\"},\"query-input\":{\"@type\":\"PropertyValueSpecification\",\"valueRequired\":true,\"valueName\":\"search_term_string\"}}],\"inLanguage\":\"sl-SI\"}]}<\/script>\n<!-- \/ Yoast SEO Premium plugin. -->","yoast_head_json":{"title":"Obljubljeni Mesija","description":"Prerokbe o prihodu tak\u0161nega reformatorja niso zna\u010dilne samo za islam.Tudi druge Bo\u017eje religije so prerokovale prihod tak\u0161nega Mesija v poznej\u0161ih dneh.","robots":{"index":"index","follow":"follow","max-snippet":"max-snippet:-1","max-image-preview":"max-image-preview:large","max-video-preview":"max-video-preview:-1"},"canonical":"https:\/\/www.ahmadiyya-islam.org\/si\/ahmadija\/obljubljeni-mesija\/","og_locale":"sl_SI","og_type":"article","og_title":"Obljubljeni Mesija","og_description":"Prerokbe o prihodu tak\u0161nega reformatorja niso zna\u010dilne samo za islam.Tudi druge Bo\u017eje religije so prerokovale prihod tak\u0161nega Mesija v poznej\u0161ih dneh.","og_url":"https:\/\/www.ahmadiyya-islam.org\/si\/ahmadija\/obljubljeni-mesija\/","og_site_name":"Muslimanska skupnost Ahmadija","article_modified_time":"2019-06-30T14:55:24+00:00","og_image":[{"width":1200,"height":630,"url":"https:\/\/www.ahmadiyya-islam.org\/si\/wp-content\/uploads\/sites\/11\/2019\/06\/Obljubljeni-Mesija-1.jpg","type":"image\/jpeg"}],"twitter_card":"summary_large_image","twitter_misc":{"Est. reading time":"6 minut"},"schema":{"@context":"https:\/\/schema.org","@graph":[{"@type":"WebPage","@id":"https:\/\/www.ahmadiyya-islam.org\/si\/ahmadija\/obljubljeni-mesija\/","url":"https:\/\/www.ahmadiyya-islam.org\/si\/ahmadija\/obljubljeni-mesija\/","name":"Obljubljeni Mesija","isPartOf":{"@id":"https:\/\/www.ahmadiyya-islam.org\/si\/#website"},"primaryImageOfPage":{"@id":"https:\/\/www.ahmadiyya-islam.org\/si\/ahmadija\/obljubljeni-mesija\/#primaryimage"},"image":{"@id":"https:\/\/www.ahmadiyya-islam.org\/si\/ahmadija\/obljubljeni-mesija\/#primaryimage"},"thumbnailUrl":"https:\/\/www.ahmadiyya-islam.org\/si\/wp-content\/uploads\/sites\/11\/2019\/06\/Obljubljeni-Mesija-1.jpg","datePublished":"2016-07-10T14:01:30+00:00","dateModified":"2019-06-30T14:55:24+00:00","description":"Prerokbe o prihodu tak\u0161nega reformatorja niso zna\u010dilne samo za islam.Tudi druge Bo\u017eje religije so prerokovale prihod tak\u0161nega Mesija v poznej\u0161ih dneh.","breadcrumb":{"@id":"https:\/\/www.ahmadiyya-islam.org\/si\/ahmadija\/obljubljeni-mesija\/#breadcrumb"},"inLanguage":"sl-SI","potentialAction":[{"@type":"ReadAction","target":["https:\/\/www.ahmadiyya-islam.org\/si\/ahmadija\/obljubljeni-mesija\/"]}]},{"@type":"ImageObject","inLanguage":"sl-SI","@id":"https:\/\/www.ahmadiyya-islam.org\/si\/ahmadija\/obljubljeni-mesija\/#primaryimage","url":"https:\/\/www.ahmadiyya-islam.org\/si\/wp-content\/uploads\/sites\/11\/2019\/06\/Obljubljeni-Mesija-1.jpg","contentUrl":"https:\/\/www.ahmadiyya-islam.org\/si\/wp-content\/uploads\/sites\/11\/2019\/06\/Obljubljeni-Mesija-1.jpg","width":1200,"height":630,"caption":"Obljubljeni Mesija"},{"@type":"BreadcrumbList","@id":"https:\/\/www.ahmadiyya-islam.org\/si\/ahmadija\/obljubljeni-mesija\/#breadcrumb","itemListElement":[{"@type":"ListItem","position":1,"name":"Home","item":"https:\/\/www.ahmadiyya-islam.org\/si\/"},{"@type":"ListItem","position":2,"name":"Ahmadija","item":"https:\/\/www.ahmadiyya-islam.org\/si\/ahmadija\/"},{"@type":"ListItem","position":3,"name":"Obljubljeni Mesija"}]},{"@type":"WebSite","@id":"https:\/\/www.ahmadiyya-islam.org\/si\/#website","url":"https:\/\/www.ahmadiyya-islam.org\/si\/","name":"Muslimanska skupnost Ahmadija","description":"Slovenija","potentialAction":[{"@type":"SearchAction","target":{"@type":"EntryPoint","urlTemplate":"https:\/\/www.ahmadiyya-islam.org\/si\/?s={search_term_string}"},"query-input":{"@type":"PropertyValueSpecification","valueRequired":true,"valueName":"search_term_string"}}],"inLanguage":"sl-SI"}]}},"_links":{"self":[{"href":"https:\/\/www.ahmadiyya-islam.org\/si\/wp-json\/wp\/v2\/pages\/442","targetHints":{"allow":["GET"]}}],"collection":[{"href":"https:\/\/www.ahmadiyya-islam.org\/si\/wp-json\/wp\/v2\/pages"}],"about":[{"href":"https:\/\/www.ahmadiyya-islam.org\/si\/wp-json\/wp\/v2\/types\/page"}],"author":[{"embeddable":true,"href":"https:\/\/www.ahmadiyya-islam.org\/si\/wp-json\/wp\/v2\/users\/23"}],"replies":[{"embeddable":true,"href":"https:\/\/www.ahmadiyya-islam.org\/si\/wp-json\/wp\/v2\/comments?post=442"}],"version-history":[{"count":0,"href":"https:\/\/www.ahmadiyya-islam.org\/si\/wp-json\/wp\/v2\/pages\/442\/revisions"}],"up":[{"embeddable":true,"href":"https:\/\/www.ahmadiyya-islam.org\/si\/wp-json\/wp\/v2\/pages\/14"}],"wp:featuredmedia":[{"embeddable":true,"href":"https:\/\/www.ahmadiyya-islam.org\/si\/wp-json\/wp\/v2\/media\/1872"}],"wp:attachment":[{"href":"https:\/\/www.ahmadiyya-islam.org\/si\/wp-json\/wp\/v2\/media?parent=442"}],"curies":[{"name":"wp","href":"https:\/\/api.w.org\/{rel}","templated":true}]}}