{"id":440,"date":"2016-07-10T13:19:26","date_gmt":"2016-07-10T13:19:26","guid":{"rendered":"http:\/\/www.ahmadiyya-islam.org\/si\/?page_id=440"},"modified":"2020-04-06T08:42:37","modified_gmt":"2020-04-06T08:42:37","slug":"koran","status":"publish","type":"page","link":"https:\/\/www.ahmadiyya-islam.org\/si\/islam\/koran\/","title":{"rendered":"Koran"},"content":{"rendered":"<h4><strong>Kaj je Koran? <\/strong><\/h4>\n<p>Koran je sveta knjiga islama in vir vodil za vse \u010dlove\u0161tvo. Sestavljen je iz 30 delov in 114 poglavij. Koran poudarja edinstvenost Boga in potrjuje resnico vseh prerokov. Prav tako potrjuje, da so bila vsa razodeta besedila ob izvoru resni\u010dna. To je edinstvena zna\u010dilnost Korana, ki zagotavlja trdne temelje za pristen dialog in razumevanje med pripadniki razli\u010dnih religij. Koran sprejema vidike zgodnej\u0161ih naukov, ki so brez\u010dasni in veljajo za vse \u010dlove\u0161tvo, ter jih dopolnjuje z nadaljnjimi vodili. Na ta na\u010din je Koran vsestranski zakonik \u017eivljenja in vir znanja za vse ljudi. Njegovi ve\u010dni nauki so danes enako pomembni, kot so bili v \u010dasu razodetja pred ve\u010d kot 1400 leti. Koran obsega neverjetno \u0161tevilo tem, ki se ve\u017eejo na vse vidike na\u0161ega \u017eivljenja: od socialnih, ekonomskih, znanstvenih, do politi\u010dnih in medverskih. \u0160irina in globina njegovih naukov odra\u017eata neskon\u010dno znanje Alaha (arabska beseda za enega Boga) in se dotikata zgodovine, biologije \u010dloveka, narave, evolucije, genetike, jedrske energije, astronomije, \u017eivljenja v drugih delih vesolja in \u0161tevilnih drugih tem. Kljub temu Koran ni znanstveno ali poljudnoznanstveno delo, temve\u010d knjiga, ki \u010dloveka roti, naj razvije svoje znanje, i\u0161\u010de resnico in s tem pove\u010da svojo zavest o Alahu ter poglobi odnos z Njim.<\/p>\n<h4><strong>Se je Koran od svojega razodetja spremenil?<\/strong><\/h4>\n<p>Ne. Ena izmed edinstvenih zna\u010dilnosti Korana je, da gre za edino Bo\u017eje besedilo, ki se od razodetja ni spremenilo. Bog je v njem obljubil, da se bo besedilo ohranilo in to je edinstveno za Koran.<\/p>\n<blockquote><p>\u00bb<em>Zagotovo smo Mi, ki smo razodeli to sporo\u010dilo, in zagotovo smo Mi, ki smo njeni \u010duvaji<\/em>\u00ab (Koran 15: 10).<\/p><\/blockquote>\n<p>V \u010dasu \u017eivljenja Preroka Mohameda (mir in Bo\u017eji blagoslov z njim) je bilo celotno besedilo Korana zapisano in zapomnilo si ga je na tiso\u010de muslimanov. Ta dejavnost se odtlej nadaljuje. To je tudi eden od na\u010dinov ohranitve izvirnega besedila Korana.<\/p>\n<h4><strong>Kdo je Koran napisal?<\/strong><\/h4>\n<p>Korana ni napisala nobena oseba. Alah ga je v \u010dasu triindvajsetih let po angelu Gabrielu v arabskem jeziku razodel Preroku Mohamedu (mir in Bo\u017eji blagoslov z njim). Prerok Mohamed (mir in Bo\u017eji blagoslov z njim), kot je bilo takrat za Arabce obi\u010dajno, ni bil izobra\u017een in ni znal brati in pisati. Ko je prejel ustno razodetje Korana, je besede narekoval nekaterim pisarjem. Na ta na\u010din je bilo v \u010dasu \u017eivljenja Preroka (mir in Bo\u017eji blagoslov z njim) zapisano celotno besedilo Korana.<\/p>\n<h4><strong>Je Koran namenjen samo muslimanom?<\/strong><\/h4>\n<p>Ne. Koran navaja, da je \u00bb<em>vodilo za krepostne<\/em>\u00ab (Koran 2: 3) in \u00bb<em>vodilo za \u010dlove\u0161tvo<\/em>\u00ab (Koran 2: 186). To pomeni, da bodo vsi, ki z neomade\u017eevanim srcem i\u0161\u010dejo resnico, spoznali, da je Koran bogat vir vodil. Nauki Korana dolo\u010dajo klju\u010dna na\u010dela slehernega \u017eivljenjskega podro\u010dja. Koran daje popolna navodila, kako lahko \u010dlovek dose\u017ee smoter svojega stvarjenja, in razlaga merilo, po katerem bo v naslednjem \u017eivljenju vsakdo sojen. Vsak verz, vsaka beseda in celo vsak samoglasnik vsebuje ogromno znanja in nosi globok pomen. Hkrati se v Koranu uporabljajo izrazi, ki so zelo alegori\u010dni in polni simbolike. O duhovnih in razumskih temah, katerih namen je enako primeren za preteklost, sedanjost in prihodnost, se razpravlja na pripovedni na\u010din in s prispodobami. Zaradi svojega poeti\u010dnega sloga je Koran lahko berljiv in enostaven za pomnjenje. Vsak koncept, vsako na\u010delo in vsak zakon, potreben za \u010dlovekov moralni, intelektualni in duhovni razvoj, je razlo\u017een v Koranu. Koran prav tako za vse zagotavlja osnovno na\u010delo verske svobode in tako \u010dloveku prepu\u0161\u010da, da sprejme ali zavrne njegovo vodstvo z odgovornostjo le do Alaha.<\/p>\n<h4><strong>Odli\u010dna molitev <\/strong><\/h4>\n<p>Prvo poglavje, Odprtje Korana oz. <em>Al-Fatiha<\/em> vsebuje bistvo naukov celotnega Korana:<\/p>\n<blockquote><p>\u00bb<em>V imenu Alaha, Milostnega, Usmiljenega. Vsa hvala pripada Alahu, Gospodarju svetov, Milostnemu, Usmiljenemu, Vladarju Sodnega dne. Le Tebe \u010dastimo in le k Tebi se zatekamo po pomo\u010d. Vodi nas na pravo pot, na pot teh, ki si jim naklonil Svojo milost, tistih, ki niso izzvali Tvojega srda, in tistih, ki niso zablodili.<\/em>\u00ab (Koran 1: 1\u20137).<\/p><\/blockquote>\n<p>Muslimani po vsem svetu prvo poglavje recitirajo kot del vsakodnevnih molitev. Opominja jih na Alahovo radodarnost.<\/p>\n<h4><strong>Nekateri prevodi Korana<\/strong><\/h4>\n<p>Muslimanska skupnost Ahmadija je prevedla Koran v ve\u010d kot\u00a0sedemdeset jezikov, vklju\u010dno v bengalski, kitajski, nizozemski, angle\u0161ki, francoski, nem\u0161ki, korejski, japonski, perzijski in ruski jezik ter v jezika svahili in joruba. Prevod Korana je objavila tudi v braillovi pisavi.<\/p>\n<h4><strong>Kaj Koran vsebuje?<\/strong><\/h4>\n<p style=\"text-align: justify\">Koran je za muslimane Bo\u017eja beseda in vsebuje popolne smernice za \u010dlove\u0161tvo. V Koranu je veliko napisanega o Bogu, Njegovih lastnostih in \u010dlovekovem odnosu z Njim. Toda vsebuje tudi smernice za svoje privr\u017eence, zgodovinska pri\u010devanja o dolo\u010denih prerokih in ljudeh, razloge za sprejetje Mohameda kot pravega Preroka in dobre vesti za vernike ter opozorila za nevernike. Vsebina Korana na splo\u0161no sodi v naslednjih pet kategorij:<\/p>\n<ul>\n<li style=\"text-align: justify\">narava duhovnega sveta;<\/li>\n<li style=\"text-align: justify\">pravo in zapovedi;<\/li>\n<li style=\"text-align: justify\">zgodovinska pri\u010devanja;<\/li>\n<li style=\"text-align: justify\">modrost;<\/li>\n<li style=\"text-align: justify\">prerokbe.<\/li>\n<\/ul>\n<h4><strong>Nekaj dejstev o Koranu<\/strong><\/h4>\n<ul>\n<li style=\"text-align: justify\">Vsaka beseda v Koranu je Beseda Boga, ki je bila razodeta Mohamedu (mir in Bo\u017eji blagoslov z njim).<\/li>\n<li style=\"text-align: justify\">Vsaka beseda v Koranu je bila zabele\u017eena takoj, ko jo je Bog razodel Mohamedu (mir in Bo\u017eji blagoslov z njim).<\/li>\n<li style=\"text-align: justify\">Veliko od prvotnih muslimanov si je Koran zapomnilo takoj po tem, ko so bili verzi razodeti.<\/li>\n<li style=\"text-align: justify\">Koran je bil sestavljen in dokon\u010dan glede na Bo\u017eja razodetja pod vodstvom Preroka (mir in Bo\u017eji blagoslov z njim) v \u010dasu njegovega \u017eivljenja.<\/li>\n<\/ul>\n<h4><strong>Nekaj pomembnih naukov Korana<\/strong><\/h4>\n<p><u>Edinstvenost Boga<br \/>\n<\/u>\u00bb<em>On je Alah, Edini. Alah, Neodvisni in tisti, ki Ga vsi rotijo<\/em>\u00ab (Koran 112: 2\u20133).<\/p>\n<p><u>Verovanje v vse preroke<br \/>\n<\/u>\u00bb<em>Vsi verujejo v enega Boga in Njegove angele, v Njegove knjige in Njegove poslance. Nikakr\u0161nih razlik ne delamo med Njegovimi poslanci<\/em>\u00ab (Koran 2: 286).<\/p>\n<p><u>Verska svoboda<br \/>\n<\/u><em>\u00bbV religiji ni prisile<\/em>\u00ab (Koran 2: 257).<\/p>\n<p><u>Spo\u0161tovanje vseh religij<br \/>\n<\/u>\u00bb<em>Zagotovo, tisti, ki verujejo, in judje in kristjani in sabijanci \u2013 kdorkoli od njih zares verjame v Boga in Poslednji dan in opravlja dobra dela, bo imel svojo nagrado pri Gospodu in ni\u010desar jih ne bo strah niti ne bodo \u017ealovali<\/em>\u00ab (Koran 2:\u00a063).<\/p>\n<p><u>Enake mo\u017enosti za mo\u0161ke in \u017eenske<br \/>\n<\/u>\u00bb<em>Zagotovo, mo\u0161ki, ki se predajo Bogu, in \u017eenske, ki se predajo Bogu, vernikom in vernicam, poslu\u0161nim mo\u0161kim in poslu\u0161nim \u017eenskam ter iskrenim mo\u0161kim in iskrenim \u017eenskam, mo\u0161kim, ki so trdni v svoji veri, in \u017eenskam, ki so trdne v svoji veri, ter poni\u017enim mo\u0161kim in poni\u017enim \u017eenskam, mo\u0161kim, ki delijo milo\u0161\u010dino, in \u017eenskam, ki delijo milo\u0161\u010dino, mo\u0161kim, ki se postijo, in \u017eenskam, ki se postijo, ter mo\u0161kim, ki varujejo svojo \u010distost, in \u017eenskam, ki varujejo svojo \u010distost, mo\u0161kim, ki se pogosto spomnijo Nanj, in \u017eenskam, ki se pogosto spomnijo Nanj, je Alah pripravil odpu\u0161\u010danje in bogato nagrado<\/em>\u00ab (Koran 33: 36).<\/p>\n<p><u>Svetost \u017eivljenja<br \/>\n<\/u><em>\u00bbKdorkoli je ubil osebo [\u2026], je tako, kakor da bi ubil celotno \u010dlove\u0161tvo; in kdorkoli je re\u0161il \u017eivljenje, naj bo, kot da je re\u0161il \u017eivljenje celotnega \u010dlove\u0161tva<\/em>\u00ab (Koran 5: 33).<\/p>\n<p><u>Resnica<br \/>\n<\/u>\u00bb<em>O vi, ki verujete! Bodite dosledni v spo\u0161tovanju pravi\u010dnosti in bodite Alahove pri\u010de, \u010deprav proti sebi ali proti svojim star\u0161em in sorodnikom. Ne glede na to, ali so bogati ali revni, je Alah obzirnej\u0161i do njih kot vi. Zato se ne predajajte strastem, saj boste tako lahko ravnali pravi\u010dno. \u010ce tajite resnico ali jo izkrivljate, potem si zapomnite, da se Alah dobro zaveda, kaj delate<\/em>\u00ab (Koran 4: 136).<\/p>\n<p><u>Pravica<br \/>\n<\/u>\u00bb<em>O vi, ki verujete! Bodite neomajni za Alaha in pravi\u010dno pri\u010dajte. Naj vas sovra\u0161tvo do drugih ne spodbudi k drugemu kot k pravi\u010dnosti. Vedno ravnajte pravi\u010dno, saj to je najbli\u017eje kreposti. In bojte se Alaha. Zares, Alah ve, kaj delate<\/em>\u00ab (Koran 5:\u00a09).<\/p>\n<p><u>Dobrodelnost<br \/>\n<\/u>\u00bb<em>Lepo je, \u010de javno delite milo\u0161\u010dino, za vas pa je bolj\u0161e deliti revnim, ko nih\u010de ne gleda; s tem se pri Alahu odkupite za svoje grehe. On dobro ve, kaj po\u010dnete<\/em>\u00ab (Koran 2: 272).<\/p>\n<p><u>\u010clove\u010dnost<br \/>\n<\/u>\u00bb<em>Zares, Alah predpisuje pravi\u010dnost in delanje dobrega drugim; in da se jim pomaga kot bli\u017enjim \u2026<\/em>\u00ab (Koran 16:\u00a091).<\/p>\n<p>Slika: Courtesy of<a href=\"https:\/\/www.flickr.com\/photos\/firaskaheel\/16004639704\" target=\"_blank\" rel=\"noopener noreferrer\">\u00a0\u0641\u0631\u0627\u0633 \u0627\u0644\u06a9\u062d\u064a\u0644<\/a> .<\/p>\n","protected":false},"excerpt":{"rendered":"<p>Kaj je Koran? Koran je sveta knjiga islama in vir vodil za vse \u010dlove\u0161tvo. Sestavljen je iz 30 delov in 114 poglavij. Koran poudarja edinstvenost Boga in potrjuje resnico vseh prerokov. Prav tako potrjuje, da so bila vsa razodeta besedila ob izvoru resni\u010dna. To je edinstvena zna\u010dilnost Korana, ki zagotavlja trdne temelje za pristen dialog<\/p>\n","protected":false},"author":23,"featured_media":1656,"parent":12,"menu_order":1,"comment_status":"closed","ping_status":"closed","template":"","meta":{"_acf_changed":false,"footnotes":""},"class_list":["post-440","page","type-page","status-publish","has-post-thumbnail","hentry"],"acf":[],"yoast_head":"<!-- This site is optimized with the Yoast SEO Premium plugin v21.1 (Yoast SEO v27.0) - https:\/\/yoast.com\/product\/yoast-seo-premium-wordpress\/ -->\n<title>Koran \u2013 sveta knjiga islama<\/title>\n<meta name=\"description\" content=\"Koran poudarja edinstvenost Boga in potrjuje resnico vseh prerokov. Prav tako potrjuje, da so bila vsa razodeta besedila ob izvoru resni\u010dna.\" \/>\n<meta name=\"robots\" content=\"index, follow, max-snippet:-1, max-image-preview:large, max-video-preview:-1\" \/>\n<link rel=\"canonical\" href=\"https:\/\/www.ahmadiyya-islam.org\/si\/islam\/koran\/\" \/>\n<meta property=\"og:locale\" content=\"sl_SI\" \/>\n<meta property=\"og:type\" content=\"article\" \/>\n<meta property=\"og:title\" content=\"Koran\" \/>\n<meta property=\"og:description\" content=\"Koran poudarja edinstvenost Boga in potrjuje resnico vseh prerokov. Prav tako potrjuje, da so bila vsa razodeta besedila ob izvoru resni\u010dna.\" \/>\n<meta property=\"og:url\" content=\"https:\/\/www.ahmadiyya-islam.org\/si\/islam\/koran\/\" \/>\n<meta property=\"og:site_name\" content=\"Muslimanska skupnost Ahmadija\" \/>\n<meta property=\"article:modified_time\" content=\"2020-04-06T08:42:37+00:00\" \/>\n<meta property=\"og:image\" content=\"https:\/\/www.ahmadiyya-islam.org\/si\/wp-content\/uploads\/sites\/11\/2019\/01\/Koran.jpg\" \/>\n\t<meta property=\"og:image:width\" content=\"1200\" \/>\n\t<meta property=\"og:image:height\" content=\"600\" \/>\n\t<meta property=\"og:image:type\" content=\"image\/jpeg\" \/>\n<meta name=\"twitter:card\" content=\"summary_large_image\" \/>\n<meta name=\"twitter:label1\" content=\"Est. reading time\" \/>\n\t<meta name=\"twitter:data1\" content=\"7 minut\" \/>\n<script type=\"application\/ld+json\" class=\"yoast-schema-graph\">{\"@context\":\"https:\/\/schema.org\",\"@graph\":[{\"@type\":\"WebPage\",\"@id\":\"https:\/\/www.ahmadiyya-islam.org\/si\/islam\/koran\/\",\"url\":\"https:\/\/www.ahmadiyya-islam.org\/si\/islam\/koran\/\",\"name\":\"Koran \u2013 sveta knjiga islama\",\"isPartOf\":{\"@id\":\"https:\/\/www.ahmadiyya-islam.org\/si\/#website\"},\"primaryImageOfPage\":{\"@id\":\"https:\/\/www.ahmadiyya-islam.org\/si\/islam\/koran\/#primaryimage\"},\"image\":{\"@id\":\"https:\/\/www.ahmadiyya-islam.org\/si\/islam\/koran\/#primaryimage\"},\"thumbnailUrl\":\"https:\/\/www.ahmadiyya-islam.org\/si\/wp-content\/uploads\/sites\/11\/2019\/01\/Koran.jpg\",\"datePublished\":\"2016-07-10T13:19:26+00:00\",\"dateModified\":\"2020-04-06T08:42:37+00:00\",\"description\":\"Koran poudarja edinstvenost Boga in potrjuje resnico vseh prerokov. Prav tako potrjuje, da so bila vsa razodeta besedila ob izvoru resni\u010dna.\",\"breadcrumb\":{\"@id\":\"https:\/\/www.ahmadiyya-islam.org\/si\/islam\/koran\/#breadcrumb\"},\"inLanguage\":\"sl-SI\",\"potentialAction\":[{\"@type\":\"ReadAction\",\"target\":[\"https:\/\/www.ahmadiyya-islam.org\/si\/islam\/koran\/\"]}]},{\"@type\":\"ImageObject\",\"inLanguage\":\"sl-SI\",\"@id\":\"https:\/\/www.ahmadiyya-islam.org\/si\/islam\/koran\/#primaryimage\",\"url\":\"https:\/\/www.ahmadiyya-islam.org\/si\/wp-content\/uploads\/sites\/11\/2019\/01\/Koran.jpg\",\"contentUrl\":\"https:\/\/www.ahmadiyya-islam.org\/si\/wp-content\/uploads\/sites\/11\/2019\/01\/Koran.jpg\",\"width\":1200,\"height\":600,\"caption\":\"Koran\"},{\"@type\":\"BreadcrumbList\",\"@id\":\"https:\/\/www.ahmadiyya-islam.org\/si\/islam\/koran\/#breadcrumb\",\"itemListElement\":[{\"@type\":\"ListItem\",\"position\":1,\"name\":\"Home\",\"item\":\"https:\/\/www.ahmadiyya-islam.org\/si\/\"},{\"@type\":\"ListItem\",\"position\":2,\"name\":\"Islam\",\"item\":\"https:\/\/www.ahmadiyya-islam.org\/si\/islam\/\"},{\"@type\":\"ListItem\",\"position\":3,\"name\":\"Koran\"}]},{\"@type\":\"WebSite\",\"@id\":\"https:\/\/www.ahmadiyya-islam.org\/si\/#website\",\"url\":\"https:\/\/www.ahmadiyya-islam.org\/si\/\",\"name\":\"Muslimanska skupnost Ahmadija\",\"description\":\"Slovenija\",\"potentialAction\":[{\"@type\":\"SearchAction\",\"target\":{\"@type\":\"EntryPoint\",\"urlTemplate\":\"https:\/\/www.ahmadiyya-islam.org\/si\/?s={search_term_string}\"},\"query-input\":{\"@type\":\"PropertyValueSpecification\",\"valueRequired\":true,\"valueName\":\"search_term_string\"}}],\"inLanguage\":\"sl-SI\"}]}<\/script>\n<!-- \/ Yoast SEO Premium plugin. -->","yoast_head_json":{"title":"Koran \u2013 sveta knjiga islama","description":"Koran poudarja edinstvenost Boga in potrjuje resnico vseh prerokov. Prav tako potrjuje, da so bila vsa razodeta besedila ob izvoru resni\u010dna.","robots":{"index":"index","follow":"follow","max-snippet":"max-snippet:-1","max-image-preview":"max-image-preview:large","max-video-preview":"max-video-preview:-1"},"canonical":"https:\/\/www.ahmadiyya-islam.org\/si\/islam\/koran\/","og_locale":"sl_SI","og_type":"article","og_title":"Koran","og_description":"Koran poudarja edinstvenost Boga in potrjuje resnico vseh prerokov. Prav tako potrjuje, da so bila vsa razodeta besedila ob izvoru resni\u010dna.","og_url":"https:\/\/www.ahmadiyya-islam.org\/si\/islam\/koran\/","og_site_name":"Muslimanska skupnost Ahmadija","article_modified_time":"2020-04-06T08:42:37+00:00","og_image":[{"width":1200,"height":600,"url":"https:\/\/www.ahmadiyya-islam.org\/si\/wp-content\/uploads\/sites\/11\/2019\/01\/Koran.jpg","type":"image\/jpeg"}],"twitter_card":"summary_large_image","twitter_misc":{"Est. reading time":"7 minut"},"schema":{"@context":"https:\/\/schema.org","@graph":[{"@type":"WebPage","@id":"https:\/\/www.ahmadiyya-islam.org\/si\/islam\/koran\/","url":"https:\/\/www.ahmadiyya-islam.org\/si\/islam\/koran\/","name":"Koran \u2013 sveta knjiga islama","isPartOf":{"@id":"https:\/\/www.ahmadiyya-islam.org\/si\/#website"},"primaryImageOfPage":{"@id":"https:\/\/www.ahmadiyya-islam.org\/si\/islam\/koran\/#primaryimage"},"image":{"@id":"https:\/\/www.ahmadiyya-islam.org\/si\/islam\/koran\/#primaryimage"},"thumbnailUrl":"https:\/\/www.ahmadiyya-islam.org\/si\/wp-content\/uploads\/sites\/11\/2019\/01\/Koran.jpg","datePublished":"2016-07-10T13:19:26+00:00","dateModified":"2020-04-06T08:42:37+00:00","description":"Koran poudarja edinstvenost Boga in potrjuje resnico vseh prerokov. Prav tako potrjuje, da so bila vsa razodeta besedila ob izvoru resni\u010dna.","breadcrumb":{"@id":"https:\/\/www.ahmadiyya-islam.org\/si\/islam\/koran\/#breadcrumb"},"inLanguage":"sl-SI","potentialAction":[{"@type":"ReadAction","target":["https:\/\/www.ahmadiyya-islam.org\/si\/islam\/koran\/"]}]},{"@type":"ImageObject","inLanguage":"sl-SI","@id":"https:\/\/www.ahmadiyya-islam.org\/si\/islam\/koran\/#primaryimage","url":"https:\/\/www.ahmadiyya-islam.org\/si\/wp-content\/uploads\/sites\/11\/2019\/01\/Koran.jpg","contentUrl":"https:\/\/www.ahmadiyya-islam.org\/si\/wp-content\/uploads\/sites\/11\/2019\/01\/Koran.jpg","width":1200,"height":600,"caption":"Koran"},{"@type":"BreadcrumbList","@id":"https:\/\/www.ahmadiyya-islam.org\/si\/islam\/koran\/#breadcrumb","itemListElement":[{"@type":"ListItem","position":1,"name":"Home","item":"https:\/\/www.ahmadiyya-islam.org\/si\/"},{"@type":"ListItem","position":2,"name":"Islam","item":"https:\/\/www.ahmadiyya-islam.org\/si\/islam\/"},{"@type":"ListItem","position":3,"name":"Koran"}]},{"@type":"WebSite","@id":"https:\/\/www.ahmadiyya-islam.org\/si\/#website","url":"https:\/\/www.ahmadiyya-islam.org\/si\/","name":"Muslimanska skupnost Ahmadija","description":"Slovenija","potentialAction":[{"@type":"SearchAction","target":{"@type":"EntryPoint","urlTemplate":"https:\/\/www.ahmadiyya-islam.org\/si\/?s={search_term_string}"},"query-input":{"@type":"PropertyValueSpecification","valueRequired":true,"valueName":"search_term_string"}}],"inLanguage":"sl-SI"}]}},"_links":{"self":[{"href":"https:\/\/www.ahmadiyya-islam.org\/si\/wp-json\/wp\/v2\/pages\/440","targetHints":{"allow":["GET"]}}],"collection":[{"href":"https:\/\/www.ahmadiyya-islam.org\/si\/wp-json\/wp\/v2\/pages"}],"about":[{"href":"https:\/\/www.ahmadiyya-islam.org\/si\/wp-json\/wp\/v2\/types\/page"}],"author":[{"embeddable":true,"href":"https:\/\/www.ahmadiyya-islam.org\/si\/wp-json\/wp\/v2\/users\/23"}],"replies":[{"embeddable":true,"href":"https:\/\/www.ahmadiyya-islam.org\/si\/wp-json\/wp\/v2\/comments?post=440"}],"version-history":[{"count":0,"href":"https:\/\/www.ahmadiyya-islam.org\/si\/wp-json\/wp\/v2\/pages\/440\/revisions"}],"up":[{"embeddable":true,"href":"https:\/\/www.ahmadiyya-islam.org\/si\/wp-json\/wp\/v2\/pages\/12"}],"wp:featuredmedia":[{"embeddable":true,"href":"https:\/\/www.ahmadiyya-islam.org\/si\/wp-json\/wp\/v2\/media\/1656"}],"wp:attachment":[{"href":"https:\/\/www.ahmadiyya-islam.org\/si\/wp-json\/wp\/v2\/media?parent=440"}],"curies":[{"name":"wp","href":"https:\/\/api.w.org\/{rel}","templated":true}]}}