{"id":240,"date":"2016-06-26T13:25:48","date_gmt":"2016-06-26T13:25:48","guid":{"rendered":"http:\/\/www.ahmadiyya-islam.org\/si\/?page_id=240"},"modified":"2021-12-31T10:50:12","modified_gmt":"2021-12-31T10:50:12","slug":"domov","status":"publish","type":"page","link":"https:\/\/www.ahmadiyya-islam.org\/si\/","title":{"rendered":"Domov"},"content":{"rendered":"<p><strong><span lang=\"SL\" style=\"margin: 0px;font-family: 'Times New Roman',serif;font-size: 12pt\"><span style=\"color: #000000\">O nas<\/span><\/span><\/strong><\/p>\n<p style=\"text-align: justify\"><span lang=\"SL\" style=\"margin: 0px;font-family: 'Times New Roman',serif;font-size: 12pt\"><span style=\"color: #000000\">V dana\u0161njem religioznem svetu ima muslimanska skupnost Ahmadija edinstveno vlogo. Vera in razum, kakor tudi nauk, da med vero in znanostjo ne sme biti protislovij, so klju\u010dni del u\u010denj Muslimanske skupnosti Ahmadija. Gre za islamsko reformno gibanje, ki jo je leta 1889 ustanovil Hadrat Mirza Ghulam Ahmad<\/span><sup><span style=\"color: #000000\">as<\/span><\/sup><span style=\"color: #000000\"> (1835<\/span>\u2013<span style=\"color: #000000\">1908) iz Kadiana v Indiji. Trdil je, da je on prenovitelj in prerok, ki je napovedan v Bo\u017ejih razodetjih v vseh verah, predvsem pa, da je Imam Mahdi, ki ga je napovedal Prerok Mohamed<\/span><sup><span style=\"color: #000000\">sa<\/span><\/sup><span style=\"color: #000000\"> in predstavlja vrnitev Jezusa Kristusa<\/span><sup><span style=\"color: #000000\">as<\/span><\/sup><span style=\"color: #000000\">. Muslimanska skupnost Ahmadija je edina skupnost v islamu, ki jo \u017ee ve\u010d kot sto let vodijo duhovni kalifi. Odlo\u010dno si prizadeva za lo\u010ditev religije in politike.<\/span><\/span><\/p>\n","protected":false},"excerpt":{"rendered":"<p>O nas V dana\u0161njem religioznem svetu ima muslimanska skupnost Ahmadija edinstveno vlogo. Vera in razum, kakor tudi nauk, da med vero in znanostjo ne sme biti protislovij, so klju\u010dni del u\u010denj Muslimanske skupnosti Ahmadija. Gre za islamsko reformno gibanje, ki jo je leta 1889 ustanovil Hadrat Mirza Ghulam Ahmadas (1835\u20131908) iz Kadiana v Indiji. Trdil<\/p>\n","protected":false},"author":23,"featured_media":1386,"parent":0,"menu_order":0,"comment_status":"closed","ping_status":"closed","template":"pages\/template-home.php","meta":{"_acf_changed":false,"footnotes":""},"class_list":["post-240","page","type-page","status-publish","has-post-thumbnail","hentry"],"acf":[],"yoast_head":"<!-- This site is optimized with the Yoast SEO Premium plugin v21.1 (Yoast SEO v27.4) - https:\/\/yoast.com\/product\/yoast-seo-premium-wordpress\/ -->\n<title>Muslimanska skupnost Ahmadija \u2013 Dru\u0161tvo za informiranje o islamu<\/title>\n<meta name=\"description\" content=\"Muslimanska skupnost Ahmadija (Dru\u0161tvo za informiranje o islamu) je edina islamska skupnost, ki verjame, da je Mesija pri\u0161el.\" \/>\n<meta name=\"robots\" content=\"index, follow, max-snippet:-1, max-image-preview:large, max-video-preview:-1\" \/>\n<link rel=\"canonical\" href=\"https:\/\/www.ahmadiyya-islam.org\/si\/\" \/>\n<meta property=\"og:locale\" content=\"sl_SI\" \/>\n<meta property=\"og:type\" content=\"article\" \/>\n<meta property=\"og:title\" content=\"Domov\" \/>\n<meta property=\"og:description\" content=\"Muslimanska skupnost Ahmadija (Dru\u0161tvo za informiranje o islamu) je edina islamska skupnost, ki verjame, da je Mesija pri\u0161el.\" \/>\n<meta property=\"og:url\" content=\"https:\/\/www.ahmadiyya-islam.org\/si\/\" \/>\n<meta property=\"og:site_name\" content=\"Muslimanska skupnost Ahmadija\" \/>\n<meta property=\"article:modified_time\" content=\"2021-12-31T10:50:12+00:00\" \/>\n<meta property=\"og:image\" content=\"https:\/\/www.ahmadiyya-islam.org\/si\/wp-content\/uploads\/sites\/11\/2018\/11\/Muslimanska-skupnost-Ahmadija-\u2013-Dru\u0161tvo-za-informiranje-o-islamu-2.png\" \/>\n\t<meta property=\"og:image:width\" content=\"1500\" \/>\n\t<meta property=\"og:image:height\" content=\"500\" \/>\n\t<meta property=\"og:image:type\" content=\"image\/png\" \/>\n<meta name=\"twitter:card\" content=\"summary_large_image\" \/>\n<meta name=\"twitter:label1\" content=\"Est. reading time\" \/>\n\t<meta name=\"twitter:data1\" content=\"1 minuta\" \/>\n<script type=\"application\/ld+json\" class=\"yoast-schema-graph\">{\"@context\":\"https:\\\/\\\/schema.org\",\"@graph\":[{\"@type\":\"WebPage\",\"@id\":\"https:\\\/\\\/www.ahmadiyya-islam.org\\\/si\\\/\",\"url\":\"https:\\\/\\\/www.ahmadiyya-islam.org\\\/si\\\/\",\"name\":\"Muslimanska skupnost Ahmadija \u2013 Dru\u0161tvo za informiranje o islamu\",\"isPartOf\":{\"@id\":\"https:\\\/\\\/www.ahmadiyya-islam.org\\\/si\\\/#website\"},\"primaryImageOfPage\":{\"@id\":\"https:\\\/\\\/www.ahmadiyya-islam.org\\\/si\\\/#primaryimage\"},\"image\":{\"@id\":\"https:\\\/\\\/www.ahmadiyya-islam.org\\\/si\\\/#primaryimage\"},\"thumbnailUrl\":\"https:\\\/\\\/www.ahmadiyya-islam.org\\\/si\\\/wp-content\\\/uploads\\\/sites\\\/11\\\/2018\\\/11\\\/Muslimanska-skupnost-Ahmadija-\u2013-Dru\u0161tvo-za-informiranje-o-islamu-2.png\",\"datePublished\":\"2016-06-26T13:25:48+00:00\",\"dateModified\":\"2021-12-31T10:50:12+00:00\",\"description\":\"Muslimanska skupnost Ahmadija (Dru\u0161tvo za informiranje o islamu) je edina islamska skupnost, ki verjame, da je Mesija pri\u0161el.\",\"breadcrumb\":{\"@id\":\"https:\\\/\\\/www.ahmadiyya-islam.org\\\/si\\\/#breadcrumb\"},\"inLanguage\":\"sl-SI\",\"potentialAction\":[{\"@type\":\"ReadAction\",\"target\":[\"https:\\\/\\\/www.ahmadiyya-islam.org\\\/si\\\/\"]}]},{\"@type\":\"ImageObject\",\"inLanguage\":\"sl-SI\",\"@id\":\"https:\\\/\\\/www.ahmadiyya-islam.org\\\/si\\\/#primaryimage\",\"url\":\"https:\\\/\\\/www.ahmadiyya-islam.org\\\/si\\\/wp-content\\\/uploads\\\/sites\\\/11\\\/2018\\\/11\\\/Muslimanska-skupnost-Ahmadija-\u2013-Dru\u0161tvo-za-informiranje-o-islamu-2.png\",\"contentUrl\":\"https:\\\/\\\/www.ahmadiyya-islam.org\\\/si\\\/wp-content\\\/uploads\\\/sites\\\/11\\\/2018\\\/11\\\/Muslimanska-skupnost-Ahmadija-\u2013-Dru\u0161tvo-za-informiranje-o-islamu-2.png\",\"width\":1500,\"height\":500,\"caption\":\"Muslimanska skupnost Ahmadija\"},{\"@type\":\"BreadcrumbList\",\"@id\":\"https:\\\/\\\/www.ahmadiyya-islam.org\\\/si\\\/#breadcrumb\",\"itemListElement\":[{\"@type\":\"ListItem\",\"position\":1,\"name\":\"Home\",\"item\":\"https:\\\/\\\/www.ahmadiyya-islam.org\\\/si\\\/\"},{\"@type\":\"ListItem\",\"position\":2,\"name\":\"Domov\"}]},{\"@type\":\"WebSite\",\"@id\":\"https:\\\/\\\/www.ahmadiyya-islam.org\\\/si\\\/#website\",\"url\":\"https:\\\/\\\/www.ahmadiyya-islam.org\\\/si\\\/\",\"name\":\"Muslimanska skupnost Ahmadija\",\"description\":\"Slovenija\",\"potentialAction\":[{\"@type\":\"SearchAction\",\"target\":{\"@type\":\"EntryPoint\",\"urlTemplate\":\"https:\\\/\\\/www.ahmadiyya-islam.org\\\/si\\\/?s={search_term_string}\"},\"query-input\":{\"@type\":\"PropertyValueSpecification\",\"valueRequired\":true,\"valueName\":\"search_term_string\"}}],\"inLanguage\":\"sl-SI\"}]}<\/script>\n<!-- \/ Yoast SEO Premium plugin. -->","yoast_head_json":{"title":"Muslimanska skupnost Ahmadija \u2013 Dru\u0161tvo za informiranje o islamu","description":"Muslimanska skupnost Ahmadija (Dru\u0161tvo za informiranje o islamu) je edina islamska skupnost, ki verjame, da je Mesija pri\u0161el.","robots":{"index":"index","follow":"follow","max-snippet":"max-snippet:-1","max-image-preview":"max-image-preview:large","max-video-preview":"max-video-preview:-1"},"canonical":"https:\/\/www.ahmadiyya-islam.org\/si\/","og_locale":"sl_SI","og_type":"article","og_title":"Domov","og_description":"Muslimanska skupnost Ahmadija (Dru\u0161tvo za informiranje o islamu) je edina islamska skupnost, ki verjame, da je Mesija pri\u0161el.","og_url":"https:\/\/www.ahmadiyya-islam.org\/si\/","og_site_name":"Muslimanska skupnost Ahmadija","article_modified_time":"2021-12-31T10:50:12+00:00","og_image":[{"width":1500,"height":500,"url":"https:\/\/www.ahmadiyya-islam.org\/si\/wp-content\/uploads\/sites\/11\/2018\/11\/Muslimanska-skupnost-Ahmadija-\u2013-Dru\u0161tvo-za-informiranje-o-islamu-2.png","type":"image\/png"}],"twitter_card":"summary_large_image","twitter_misc":{"Est. reading time":"1 minuta"},"schema":{"@context":"https:\/\/schema.org","@graph":[{"@type":"WebPage","@id":"https:\/\/www.ahmadiyya-islam.org\/si\/","url":"https:\/\/www.ahmadiyya-islam.org\/si\/","name":"Muslimanska skupnost Ahmadija \u2013 Dru\u0161tvo za informiranje o islamu","isPartOf":{"@id":"https:\/\/www.ahmadiyya-islam.org\/si\/#website"},"primaryImageOfPage":{"@id":"https:\/\/www.ahmadiyya-islam.org\/si\/#primaryimage"},"image":{"@id":"https:\/\/www.ahmadiyya-islam.org\/si\/#primaryimage"},"thumbnailUrl":"https:\/\/www.ahmadiyya-islam.org\/si\/wp-content\/uploads\/sites\/11\/2018\/11\/Muslimanska-skupnost-Ahmadija-\u2013-Dru\u0161tvo-za-informiranje-o-islamu-2.png","datePublished":"2016-06-26T13:25:48+00:00","dateModified":"2021-12-31T10:50:12+00:00","description":"Muslimanska skupnost Ahmadija (Dru\u0161tvo za informiranje o islamu) je edina islamska skupnost, ki verjame, da je Mesija pri\u0161el.","breadcrumb":{"@id":"https:\/\/www.ahmadiyya-islam.org\/si\/#breadcrumb"},"inLanguage":"sl-SI","potentialAction":[{"@type":"ReadAction","target":["https:\/\/www.ahmadiyya-islam.org\/si\/"]}]},{"@type":"ImageObject","inLanguage":"sl-SI","@id":"https:\/\/www.ahmadiyya-islam.org\/si\/#primaryimage","url":"https:\/\/www.ahmadiyya-islam.org\/si\/wp-content\/uploads\/sites\/11\/2018\/11\/Muslimanska-skupnost-Ahmadija-\u2013-Dru\u0161tvo-za-informiranje-o-islamu-2.png","contentUrl":"https:\/\/www.ahmadiyya-islam.org\/si\/wp-content\/uploads\/sites\/11\/2018\/11\/Muslimanska-skupnost-Ahmadija-\u2013-Dru\u0161tvo-za-informiranje-o-islamu-2.png","width":1500,"height":500,"caption":"Muslimanska skupnost Ahmadija"},{"@type":"BreadcrumbList","@id":"https:\/\/www.ahmadiyya-islam.org\/si\/#breadcrumb","itemListElement":[{"@type":"ListItem","position":1,"name":"Home","item":"https:\/\/www.ahmadiyya-islam.org\/si\/"},{"@type":"ListItem","position":2,"name":"Domov"}]},{"@type":"WebSite","@id":"https:\/\/www.ahmadiyya-islam.org\/si\/#website","url":"https:\/\/www.ahmadiyya-islam.org\/si\/","name":"Muslimanska skupnost Ahmadija","description":"Slovenija","potentialAction":[{"@type":"SearchAction","target":{"@type":"EntryPoint","urlTemplate":"https:\/\/www.ahmadiyya-islam.org\/si\/?s={search_term_string}"},"query-input":{"@type":"PropertyValueSpecification","valueRequired":true,"valueName":"search_term_string"}}],"inLanguage":"sl-SI"}]}},"_links":{"self":[{"href":"https:\/\/www.ahmadiyya-islam.org\/si\/wp-json\/wp\/v2\/pages\/240","targetHints":{"allow":["GET"]}}],"collection":[{"href":"https:\/\/www.ahmadiyya-islam.org\/si\/wp-json\/wp\/v2\/pages"}],"about":[{"href":"https:\/\/www.ahmadiyya-islam.org\/si\/wp-json\/wp\/v2\/types\/page"}],"author":[{"embeddable":true,"href":"https:\/\/www.ahmadiyya-islam.org\/si\/wp-json\/wp\/v2\/users\/23"}],"replies":[{"embeddable":true,"href":"https:\/\/www.ahmadiyya-islam.org\/si\/wp-json\/wp\/v2\/comments?post=240"}],"version-history":[{"count":2,"href":"https:\/\/www.ahmadiyya-islam.org\/si\/wp-json\/wp\/v2\/pages\/240\/revisions"}],"predecessor-version":[{"id":2265,"href":"https:\/\/www.ahmadiyya-islam.org\/si\/wp-json\/wp\/v2\/pages\/240\/revisions\/2265"}],"wp:featuredmedia":[{"embeddable":true,"href":"https:\/\/www.ahmadiyya-islam.org\/si\/wp-json\/wp\/v2\/media\/1386"}],"wp:attachment":[{"href":"https:\/\/www.ahmadiyya-islam.org\/si\/wp-json\/wp\/v2\/media?parent=240"}],"curies":[{"name":"wp","href":"https:\/\/api.w.org\/{rel}","templated":true}]}}