{"id":1863,"date":"2019-06-30T12:20:23","date_gmt":"2019-06-30T12:20:23","guid":{"rendered":"https:\/\/www.ahmadiyya-islam.org\/si\/?page_id=1863"},"modified":"2019-06-30T14:52:07","modified_gmt":"2019-06-30T14:52:07","slug":"ahmadija-v-sloveniji","status":"publish","type":"page","link":"https:\/\/www.ahmadiyya-islam.org\/si\/ahmadija\/ahmadija-v-sloveniji\/","title":{"rendered":"Ahmadija v Sloveniji"},"content":{"rendered":"<h4><strong>Zgodovina<\/strong><\/h4>\n<p>Imam Muhammad Din je bil prvi misijonar Muslimanske skupnosti Ahmadija, ki je obiskal Kraljevino Jugoslavijo v dvajsetih letih prej\u0161njega stoletja, da bi \u0161iril islamsko sporo\u010dilo. \u010clanek o njegovi misiji je bil objavljen leta 1929 v \u010dasopisu Novi Behar. Ni pa jasno, ali je obiskal Slovenijo.<\/p>\n<p>Med vojno v zgodnjih devetdesetih letih je humanitarna veja Muslimanske skupnosti Ahmadija Humanity First pri\u0161la v Slovenijo in druge dr\u017eave, da bi ponudila pomo\u010d in potreb\u0161\u010dine ljudem, ki jih je prizadela vojna. Pomagali so vsem ljudem ne glede na ozadje ali vero.<\/p>\n<p>Po vojni v devetdesetih letih je Muslimanska skupnost Ahmadija znova za\u010dela \u0161iriti muslimansko sporo\u010dilo v ve\u010d dr\u017eavah biv\u0161e Jugoslavije. Tako je bila Muslimanska skupnost Ahmadija ustanovljena leta 1996. Od takrat so razli\u010dni prostovoljci iz Nem\u010dije za\u010deli \u0161iriti ahmadijski islam v Velenju. Kljub svojemu trudu so bili prisiljeni Velenje zapustiti zaradi nasprotovanja lokalnih muslimanov. Prostovoljci skupnosti so se preselili v Maribor, da bi nadaljevali svojo misijo. Kon\u010dno je bila leta 2003 Muslimanska skupnost Ahmadija uradno registrirana kot islamska organizacija in poimenovana Dru\u0161tvo za informiranje o islamu. To je druga registrirana islamska organizacija v Sloveniji za Islamsko skupnostjo v Republiki Sloveniji. Od takrat je skupnost v imenu dru\u0161tva organizirala programe in druge dogodke.<\/p>\n<p>Da bi izbolj\u0161al in koordiniral njene dejavnosti, je bil leta 2008 imenovan imam Mubashar Butt kot predstavnik Muslimanske skupnosti Ahmadija. Skupnosti je slu\u017eil od leta 2008 do 2011. Od leta 2011 do 2013 je bil predsednik Muslimanske skupnosti Ahmadija imam Wasim Ahmad. Ob prihodu imama Talhe Ahmada leta 2013 je bila skupnost prva v vrsti v \u0161irjenju avtenti\u010dne, razumske in so\u010dutne vizije islama med Slovenci. Od leta 2013 do danes je imam Talha Ahmad predsednik Muslimanske skupnosti Ahmadija v Sloveniji in vodi Dru\u0161tvo za informiranje o islamu.<\/p>\n<h4><strong>Dru\u0161tvo za informiranje o islamu<\/strong><\/h4>\n<p>Muslimani mednarodne skupnosti Ahmadija v Sloveniji so 4. julija 2003 v Mariboru ustanovili Dru\u0161tvo za informiranje o islamu, ki je druga registrirana islamska organizacija v Sloveniji za Islamsko skupnostjo v Republiki Sloveniji.<\/p>\n<p>Dru\u0161tvo za informiranje o islamu v prvi vrsti \u0161iri avtenti\u010dno, razumsko in so\u010dutno vizijo islama med Slovenci. Z nenehnim poudarkom tako na sledenju Bogu v duhovnem \u017eivljenju kot na lojalnosti na\u0161i domovini v dr\u017eavljanskem \u017eivljenju je Dru\u0161tvo za informiranje o islamu postalo model za mirno integracijo.<\/p>\n<p>Cilj dru\u0161tva je predstaviti islamske nauke, prikazati njihovo harmoni\u010dno in navdihujo\u010do naravo z organiziranjem razli\u010dnih dogodkov in programov, kot so predavanja, razstave, jezikovni te\u010daji, humanitarni programi in izdajanje literature. Dru\u0161tvo za informiranje se v celoti financira samo.<\/p>\n<h4><strong>Muslimanska skupnost Ahmadija<\/strong><\/h4>\n<p>\u017de ve\u010d kot sto let Muslimanska skupnost Ahmadija vodi miroljubno o\u017eivljanje islama. Od takrat, ko je bila ustanovljena v Indiji leta 1889, u\u017eiva neprimerljiv zapis o miru in svojih prizadevanjih, da bi zgradili povezano dru\u017ebo.<\/p>\n<p>Od ustanovitve leta 1996 imamo v Sloveniji dve veji. Na\u0161i centri so odprti za vse, da bi podrli ovire in zgradili zaupanje, integracijo in povezanost z omogo\u010danjem bolj\u0161ega razumevanja islamskih prepri\u010danj in njihovo vlogo v modernem \u017eivljenju.<\/p>\n<p>Leta 2003 je Muslimanska skupnost Ahmadija za\u010dela organizirati dogodke v imenu Dru\u0161tva za informiranje o islamu, ki je uradno registrirana skupnost v Sloveniji.<\/p>\n<p>Organiziramo redne dogodke posve\u010dene \u0161irjenju harmonije med ljudmi ne glede na vero in ozadje, kar \u0161e poudari na\u0161o odprtost kot skupnost, ki zagovarja integracijo, ki temelji na vzajemnem spo\u0161tovanju.<\/p>\n<p>Na\u0161a skupnost zagovarja izobra\u017eevanje, integracijo in medverski mir. Vse vabimo, da obi\u0161\u010dejo na\u0161e centre kot tudi na\u0161e dogodke, ki zdru\u017eujejo ljudi v medsebojnem razumevanju. Predani smo tudi pomo\u010di drugim, vklju\u010devanju v lokalno skupnost in delovanju za skupno dobro.<\/p>\n<p>Ne financira nas nobena dr\u017eava, vlada ali organizacija. Prepri\u010dani smo, da dobra dela zahtevajo \u017ertvovanje \u010dasa in denarja, zato se Muslimanska skupnost Ahmadija v celoti financira sama. \u010clani prostovoljno donirajo za delo skupnosti kot tudi za veliko dobrodelnih in humanitarnih dejavnosti, ki jih izvajamo \u2013 skoraj vse vodijo prostovoljci.<\/p>\n<p>V bistvu je &#8216;ljubezen vsem, sovra\u0161tva nikomur&#8217; edinstveno vodilo, ki se ga dr\u017ei Muslimanska skupnost Ahmadija in sporo\u010dilo, za katerega verjamemo, da je temelj za trajni mir.<\/p>\n","protected":false},"excerpt":{"rendered":"<p>Zgodovina Imam Muhammad Din je bil prvi misijonar Muslimanske skupnosti Ahmadija, ki je obiskal Kraljevino Jugoslavijo v dvajsetih letih prej\u0161njega stoletja, da bi \u0161iril islamsko sporo\u010dilo. \u010clanek o njegovi misiji je bil objavljen leta 1929 v \u010dasopisu Novi Behar. Ni pa jasno, ali je obiskal Slovenijo. Med vojno v zgodnjih devetdesetih letih je humanitarna veja<\/p>\n","protected":false},"author":23,"featured_media":1869,"parent":14,"menu_order":1,"comment_status":"closed","ping_status":"closed","template":"","meta":{"_acf_changed":false,"footnotes":""},"class_list":["post-1863","page","type-page","status-publish","has-post-thumbnail","hentry"],"acf":[],"yoast_head":"<!-- This site is optimized with the Yoast SEO Premium plugin v21.1 (Yoast SEO v27.0) - https:\/\/yoast.com\/product\/yoast-seo-premium-wordpress\/ -->\n<title>Ahmadija v Sloveniji<\/title>\n<meta name=\"description\" content=\"V bistvu je &#039;ljubezen vsem, sovra\u0161tva nikomur&#039; edinstveno vodilo, ki se ga dr\u017ei Muslimanska skupnost Ahmadija in sporo\u010dilo, za katerega verjamemo, da je temelj za trajni mir.\" \/>\n<meta name=\"robots\" content=\"index, follow, max-snippet:-1, max-image-preview:large, max-video-preview:-1\" \/>\n<link rel=\"canonical\" href=\"https:\/\/www.ahmadiyya-islam.org\/si\/ahmadija\/ahmadija-v-sloveniji\/\" \/>\n<meta property=\"og:locale\" content=\"sl_SI\" \/>\n<meta property=\"og:type\" content=\"article\" \/>\n<meta property=\"og:title\" content=\"Ahmadija v Sloveniji\" \/>\n<meta property=\"og:description\" content=\"V bistvu je &#039;ljubezen vsem, sovra\u0161tva nikomur&#039; edinstveno vodilo, ki se ga dr\u017ei Muslimanska skupnost Ahmadija in sporo\u010dilo, za katerega verjamemo, da je temelj za trajni mir.\" \/>\n<meta property=\"og:url\" content=\"https:\/\/www.ahmadiyya-islam.org\/si\/ahmadija\/ahmadija-v-sloveniji\/\" \/>\n<meta property=\"og:site_name\" content=\"Muslimanska skupnost Ahmadija\" \/>\n<meta property=\"article:modified_time\" content=\"2019-06-30T14:52:07+00:00\" \/>\n<meta property=\"og:image\" content=\"https:\/\/www.ahmadiyya-islam.org\/si\/wp-content\/uploads\/sites\/11\/2019\/06\/Ahmadija-v-Sloveniji.jpg\" \/>\n\t<meta property=\"og:image:width\" content=\"1200\" \/>\n\t<meta property=\"og:image:height\" content=\"600\" \/>\n\t<meta property=\"og:image:type\" content=\"image\/jpeg\" \/>\n<meta name=\"twitter:card\" content=\"summary_large_image\" \/>\n<meta name=\"twitter:label1\" content=\"Est. reading time\" \/>\n\t<meta name=\"twitter:data1\" content=\"3 minute\" \/>\n<script type=\"application\/ld+json\" class=\"yoast-schema-graph\">{\"@context\":\"https:\/\/schema.org\",\"@graph\":[{\"@type\":\"WebPage\",\"@id\":\"https:\/\/www.ahmadiyya-islam.org\/si\/ahmadija\/ahmadija-v-sloveniji\/\",\"url\":\"https:\/\/www.ahmadiyya-islam.org\/si\/ahmadija\/ahmadija-v-sloveniji\/\",\"name\":\"Ahmadija v Sloveniji\",\"isPartOf\":{\"@id\":\"https:\/\/www.ahmadiyya-islam.org\/si\/#website\"},\"primaryImageOfPage\":{\"@id\":\"https:\/\/www.ahmadiyya-islam.org\/si\/ahmadija\/ahmadija-v-sloveniji\/#primaryimage\"},\"image\":{\"@id\":\"https:\/\/www.ahmadiyya-islam.org\/si\/ahmadija\/ahmadija-v-sloveniji\/#primaryimage\"},\"thumbnailUrl\":\"https:\/\/www.ahmadiyya-islam.org\/si\/wp-content\/uploads\/sites\/11\/2019\/06\/Ahmadija-v-Sloveniji.jpg\",\"datePublished\":\"2019-06-30T12:20:23+00:00\",\"dateModified\":\"2019-06-30T14:52:07+00:00\",\"description\":\"V bistvu je 'ljubezen vsem, sovra\u0161tva nikomur' edinstveno vodilo, ki se ga dr\u017ei Muslimanska skupnost Ahmadija in sporo\u010dilo, za katerega verjamemo, da je temelj za trajni mir.\",\"breadcrumb\":{\"@id\":\"https:\/\/www.ahmadiyya-islam.org\/si\/ahmadija\/ahmadija-v-sloveniji\/#breadcrumb\"},\"inLanguage\":\"sl-SI\",\"potentialAction\":[{\"@type\":\"ReadAction\",\"target\":[\"https:\/\/www.ahmadiyya-islam.org\/si\/ahmadija\/ahmadija-v-sloveniji\/\"]}]},{\"@type\":\"ImageObject\",\"inLanguage\":\"sl-SI\",\"@id\":\"https:\/\/www.ahmadiyya-islam.org\/si\/ahmadija\/ahmadija-v-sloveniji\/#primaryimage\",\"url\":\"https:\/\/www.ahmadiyya-islam.org\/si\/wp-content\/uploads\/sites\/11\/2019\/06\/Ahmadija-v-Sloveniji.jpg\",\"contentUrl\":\"https:\/\/www.ahmadiyya-islam.org\/si\/wp-content\/uploads\/sites\/11\/2019\/06\/Ahmadija-v-Sloveniji.jpg\",\"width\":1200,\"height\":600,\"caption\":\"Ahmadija v Sloveniji\"},{\"@type\":\"BreadcrumbList\",\"@id\":\"https:\/\/www.ahmadiyya-islam.org\/si\/ahmadija\/ahmadija-v-sloveniji\/#breadcrumb\",\"itemListElement\":[{\"@type\":\"ListItem\",\"position\":1,\"name\":\"Home\",\"item\":\"https:\/\/www.ahmadiyya-islam.org\/si\/\"},{\"@type\":\"ListItem\",\"position\":2,\"name\":\"Ahmadija\",\"item\":\"https:\/\/www.ahmadiyya-islam.org\/si\/ahmadija\/\"},{\"@type\":\"ListItem\",\"position\":3,\"name\":\"Ahmadija v Sloveniji\"}]},{\"@type\":\"WebSite\",\"@id\":\"https:\/\/www.ahmadiyya-islam.org\/si\/#website\",\"url\":\"https:\/\/www.ahmadiyya-islam.org\/si\/\",\"name\":\"Muslimanska skupnost Ahmadija\",\"description\":\"Slovenija\",\"potentialAction\":[{\"@type\":\"SearchAction\",\"target\":{\"@type\":\"EntryPoint\",\"urlTemplate\":\"https:\/\/www.ahmadiyya-islam.org\/si\/?s={search_term_string}\"},\"query-input\":{\"@type\":\"PropertyValueSpecification\",\"valueRequired\":true,\"valueName\":\"search_term_string\"}}],\"inLanguage\":\"sl-SI\"}]}<\/script>\n<!-- \/ Yoast SEO Premium plugin. -->","yoast_head_json":{"title":"Ahmadija v Sloveniji","description":"V bistvu je 'ljubezen vsem, sovra\u0161tva nikomur' edinstveno vodilo, ki se ga dr\u017ei Muslimanska skupnost Ahmadija in sporo\u010dilo, za katerega verjamemo, da je temelj za trajni mir.","robots":{"index":"index","follow":"follow","max-snippet":"max-snippet:-1","max-image-preview":"max-image-preview:large","max-video-preview":"max-video-preview:-1"},"canonical":"https:\/\/www.ahmadiyya-islam.org\/si\/ahmadija\/ahmadija-v-sloveniji\/","og_locale":"sl_SI","og_type":"article","og_title":"Ahmadija v Sloveniji","og_description":"V bistvu je 'ljubezen vsem, sovra\u0161tva nikomur' edinstveno vodilo, ki se ga dr\u017ei Muslimanska skupnost Ahmadija in sporo\u010dilo, za katerega verjamemo, da je temelj za trajni mir.","og_url":"https:\/\/www.ahmadiyya-islam.org\/si\/ahmadija\/ahmadija-v-sloveniji\/","og_site_name":"Muslimanska skupnost Ahmadija","article_modified_time":"2019-06-30T14:52:07+00:00","og_image":[{"width":1200,"height":600,"url":"https:\/\/www.ahmadiyya-islam.org\/si\/wp-content\/uploads\/sites\/11\/2019\/06\/Ahmadija-v-Sloveniji.jpg","type":"image\/jpeg"}],"twitter_card":"summary_large_image","twitter_misc":{"Est. reading time":"3 minute"},"schema":{"@context":"https:\/\/schema.org","@graph":[{"@type":"WebPage","@id":"https:\/\/www.ahmadiyya-islam.org\/si\/ahmadija\/ahmadija-v-sloveniji\/","url":"https:\/\/www.ahmadiyya-islam.org\/si\/ahmadija\/ahmadija-v-sloveniji\/","name":"Ahmadija v Sloveniji","isPartOf":{"@id":"https:\/\/www.ahmadiyya-islam.org\/si\/#website"},"primaryImageOfPage":{"@id":"https:\/\/www.ahmadiyya-islam.org\/si\/ahmadija\/ahmadija-v-sloveniji\/#primaryimage"},"image":{"@id":"https:\/\/www.ahmadiyya-islam.org\/si\/ahmadija\/ahmadija-v-sloveniji\/#primaryimage"},"thumbnailUrl":"https:\/\/www.ahmadiyya-islam.org\/si\/wp-content\/uploads\/sites\/11\/2019\/06\/Ahmadija-v-Sloveniji.jpg","datePublished":"2019-06-30T12:20:23+00:00","dateModified":"2019-06-30T14:52:07+00:00","description":"V bistvu je 'ljubezen vsem, sovra\u0161tva nikomur' edinstveno vodilo, ki se ga dr\u017ei Muslimanska skupnost Ahmadija in sporo\u010dilo, za katerega verjamemo, da je temelj za trajni mir.","breadcrumb":{"@id":"https:\/\/www.ahmadiyya-islam.org\/si\/ahmadija\/ahmadija-v-sloveniji\/#breadcrumb"},"inLanguage":"sl-SI","potentialAction":[{"@type":"ReadAction","target":["https:\/\/www.ahmadiyya-islam.org\/si\/ahmadija\/ahmadija-v-sloveniji\/"]}]},{"@type":"ImageObject","inLanguage":"sl-SI","@id":"https:\/\/www.ahmadiyya-islam.org\/si\/ahmadija\/ahmadija-v-sloveniji\/#primaryimage","url":"https:\/\/www.ahmadiyya-islam.org\/si\/wp-content\/uploads\/sites\/11\/2019\/06\/Ahmadija-v-Sloveniji.jpg","contentUrl":"https:\/\/www.ahmadiyya-islam.org\/si\/wp-content\/uploads\/sites\/11\/2019\/06\/Ahmadija-v-Sloveniji.jpg","width":1200,"height":600,"caption":"Ahmadija v Sloveniji"},{"@type":"BreadcrumbList","@id":"https:\/\/www.ahmadiyya-islam.org\/si\/ahmadija\/ahmadija-v-sloveniji\/#breadcrumb","itemListElement":[{"@type":"ListItem","position":1,"name":"Home","item":"https:\/\/www.ahmadiyya-islam.org\/si\/"},{"@type":"ListItem","position":2,"name":"Ahmadija","item":"https:\/\/www.ahmadiyya-islam.org\/si\/ahmadija\/"},{"@type":"ListItem","position":3,"name":"Ahmadija v Sloveniji"}]},{"@type":"WebSite","@id":"https:\/\/www.ahmadiyya-islam.org\/si\/#website","url":"https:\/\/www.ahmadiyya-islam.org\/si\/","name":"Muslimanska skupnost Ahmadija","description":"Slovenija","potentialAction":[{"@type":"SearchAction","target":{"@type":"EntryPoint","urlTemplate":"https:\/\/www.ahmadiyya-islam.org\/si\/?s={search_term_string}"},"query-input":{"@type":"PropertyValueSpecification","valueRequired":true,"valueName":"search_term_string"}}],"inLanguage":"sl-SI"}]}},"_links":{"self":[{"href":"https:\/\/www.ahmadiyya-islam.org\/si\/wp-json\/wp\/v2\/pages\/1863","targetHints":{"allow":["GET"]}}],"collection":[{"href":"https:\/\/www.ahmadiyya-islam.org\/si\/wp-json\/wp\/v2\/pages"}],"about":[{"href":"https:\/\/www.ahmadiyya-islam.org\/si\/wp-json\/wp\/v2\/types\/page"}],"author":[{"embeddable":true,"href":"https:\/\/www.ahmadiyya-islam.org\/si\/wp-json\/wp\/v2\/users\/23"}],"replies":[{"embeddable":true,"href":"https:\/\/www.ahmadiyya-islam.org\/si\/wp-json\/wp\/v2\/comments?post=1863"}],"version-history":[{"count":0,"href":"https:\/\/www.ahmadiyya-islam.org\/si\/wp-json\/wp\/v2\/pages\/1863\/revisions"}],"up":[{"embeddable":true,"href":"https:\/\/www.ahmadiyya-islam.org\/si\/wp-json\/wp\/v2\/pages\/14"}],"wp:featuredmedia":[{"embeddable":true,"href":"https:\/\/www.ahmadiyya-islam.org\/si\/wp-json\/wp\/v2\/media\/1869"}],"wp:attachment":[{"href":"https:\/\/www.ahmadiyya-islam.org\/si\/wp-json\/wp\/v2\/media?parent=1863"}],"curies":[{"name":"wp","href":"https:\/\/api.w.org\/{rel}","templated":true}]}}