{"id":14,"date":"2015-11-25T19:07:10","date_gmt":"2015-11-25T19:07:10","guid":{"rendered":"http:\/\/www.ahmadiyya-islam.org\/si\/?page_id=14"},"modified":"2019-06-30T14:51:34","modified_gmt":"2019-06-30T14:51:34","slug":"ahmadija","status":"publish","type":"page","link":"https:\/\/www.ahmadiyya-islam.org\/si\/ahmadija\/","title":{"rendered":"Ahmadija"},"content":{"rendered":"<p style=\"text-align: justify\">Muslimanska skupnost Ahmadija je dinami\u010dno, hitro rasto\u010de mednarodno gibanje znotraj islama, ki si prizadeva za njegov preporod. Muslimanska skupnost Ahmadija, ustanovljena leta 1889, je navzo\u010da v dvesto dr\u017eavah, s \u010dlanstvom, ki presega na desetine milijonov. Njen sede\u017e je trenutno v Veliki Britaniji.<\/p>\n<p style=\"text-align: justify\">Muslimanska skupnost Ahmadija je edina islamska organizacija, ki verjame, da je dolgo pri\u010dakovani Mesija pri\u0161el v osebi Mirze Ghulama Ahmada (mir z njim) (1835\u20131908) iz Kadiana. Ahmad (mir z njim) je trdil, da metafori\u010dno pooseblja drugi prihod Jezusa (mir z njim) iz Nazareta in Bo\u017ejega voditelja, \u010digar prihod je napovedal islamski Prerok Mohamed (mir in Bo\u017eji blagoslov z njim). Vsi muslimani \u010dakajo na prihod Mesije in Mahdija (reformatorja), katerega prihod sta napovedala Prerok Mohamed (mir in Bo\u017eji blagoslov z njim) in Koran. Muslimanska skupnost Ahmadija predstavlja tiste muslimane, ki verjamejo, da se je njegov prihod \u017ee zgodil v 19. stoletju v osebi Mirze Ghulama Ahmada (mir z njim), za katerega verjamejo, da je izpolnil prerokbe Preroka Mohameda o drugem prihodu Mesije in prihoda Imama Mahdija. Ahmadovi privr\u017eenci verjamejo, da so se vse prerokbe nana\u0161ale na prihod ene osebe, ki jo je Mohamed naslavljal tako \u00bbMesija\u00ab kakor tudi \u00bbMahdi\u00ab. Ime ahmadija se nana\u0161a na Ahmada, ki je bilo eno izmed imen Preroka islama Mohameda (mir in Bo\u017eji blagoslov z njim).<\/p>\n<p style=\"text-align: justify\">Muslimanska skupnost Ahmadija verjame, da je Bog poslal Ahmada (mir z njim) tako kot Jezusa (mir z njim), da bi kon\u010dal verske vojne, obsodil prelivanje krvi in znova vzpostavil moralnost, pravico in mir. Ahmadov (mir z njim) prihod je povzro\u010dil o\u017eivitev islama, kot je doslej \u0161e ni bilo. Z izrazitim poudarjanjem in zavzemanjem za temeljne in resni\u010dne nauke islama je le-tega o\u010distil fanati\u010dnih prepri\u010danj in praks. Priznal je tudi plemenite nauke velikih verskih ustanoviteljev in svetnikov, med njimi Zaratustre, Abrahama, Mojzesa, Jezusa, Kri\u0161ne, Bude, Konfucija (mir z njimi vsemi), Lao Ceja in guruja Nanaka, ter pojasnil, kako so se ti nauki udejanjili v enem in edinem pravem islamu.<\/p>\n<p style=\"text-align: justify\">Muslimanska skupnost Ahmadija je vodilna islamska organizacija, ki kategori\u010dno zavra\u010da kakr\u0161ne koli oblike terorizma. Pred ve\u010d kot sto leti je Ahmad (mir z njim) nedvoumno razglasil, da agresiven \u00bbd\u017eihad z me\u010dem\u00ab v islamu nima prostora. Svoje privr\u017eence je u\u010dil, da je namesto tega treba voditi nekrvav intelektualen \u00bbd\u017eihad s peresom\u00ab, da bi za\u0161\u010ditili islam. V ta namen je Ahmad (mir z njim) napisal ve\u010d kot osemdeset knjig in na desettiso\u010de pisem, priredil na stotine predavanj in se udele\u017eil mno\u017eice javnih debat. Njegov rigorozni in racionalni zagovor islama je omajal konvencionalno muslimansko prepri\u010danje. Kljub bridkemu nasprotovanju iz nekaterih delov muslimanskega sveta muslimanska skupnost Ahmadija nadaljuje s \u0161irjenjem Ahmadovih (mir z njim) naukov zmernosti in vzdr\u017enosti kot del prizadevanj za obnovo islama.<\/p>\n<p style=\"text-align: justify\">Muslimanska skupnost Ahmadija je tudi edina islamska organizacija, ki odobrava lo\u010ditev verske institucije od dr\u017eave. Pred ve\u010d kot stoletjem je Ahmad (mir z njim) svoje privr\u017eence u\u010dil, naj svetost religije in tudi oblasti \u0161\u010ditijo tako, da postanejo krepostni verniki in lojalni dr\u017eavljani. Svaril je pred iracionalnimi interpretacijami Korana\u00a0 in napa\u010dnimi rabami islamskega prava. Neprenehoma je izra\u017eal skrb glede za\u0161\u010dite pravic Bo\u017ejih bitij. Muslimanska skupnost Ahmadija \u0161e danes ostaja zagovornica univerzalnih \u010dlovekovih pravic in za\u0161\u010ditnica verskih in drugih manj\u0161in. Zavzema se za krepitev mo\u010di in izobra\u017eevanje \u017eensk. Njeni \u010dlani spo\u0161tujejo zakon in so med najbolj izobra\u017eenimi in dejavnimi muslimani na svetu.<\/p>\n<p style=\"text-align: justify\">Muslimanska skupnost Ahmadija je vodilna islamska organizacija z osrednjim duhovnim vodjem. Pred ve\u010d kot stoletjem je Ahmad (mir z njim) svoje u\u010dence spomnil na Bo\u017ejo obljubo, da bo sporo\u010dilo islama varoval s pomo\u010djo kalifata (duhovna institucija pravnega nasledstva prero\u0161tva). Muslimanska skupnost Ahmadija verjame, da lahko le duhovno nasledstvo ohranja resni\u010dne islamske vrednote in zdru\u017euje \u010dlove\u0161tvo. Pet duhovnih vodij je nasledilo Ahmada (mir z njim) od njegove smrti leta 1908. Peti in sedanji duhovni vodja muslimanske skupnosti Ahmadija, <a href=\"http:\/\/www.khalifaofislam.com\/\" target=\"_blank\" rel=\"noopener noreferrer\">Mirza Masroor Ahmad<\/a>, \u017eivi v Veliki Britaniji. Pod vodstvom duhovnih naslednikov (kalifata) je Ahmadija doslej zgradila ve\u010d kot \u0161estnajst tiso\u010d mo\u0161ej, petsto \u0161ol in trideset bolni\u0161nic. Koran je prevedla v ve\u010d kot sedemdeset jezikov. Resni\u010dne nauke islama ter sporo\u010dilo miru in strpnosti \u0161iri s pomo\u010djo 24-urnega satelitskega televizijskega programa (<a href=\"http:\/\/www.mta.tv\/\" target=\"_blank\" rel=\"noopener noreferrer\">MTA<\/a>), po internetu (<a href=\"http:\/\/www.alislam.org\/\" target=\"_blank\" rel=\"noopener noreferrer\">alislam.org<\/a>) in s tiskom (<em><a href=\"http:\/\/www.islaminternationalpublications.com\/\" target=\"_blank\" rel=\"noopener noreferrer\">Islam International Publications<\/a><\/em>). Neodvisna dobrodelna organizacija <a href=\"http:\/\/humanityfirst.org\/\" target=\"_blank\" rel=\"noopener noreferrer\">Humanity First<\/a> pa si prizadeva pomagati pri svetovnih katastrofah.<\/p>\n<h3 style=\"text-align: justify\"><strong>Razlo\u010devalne zna\u010dilnosti:<\/strong><\/h3>\n<ul>\n<li style=\"text-align: justify\">Islam v osnovi u\u010di dve stvari: slu\u017eiti Bogu in slu\u017eiti soljudem.<\/li>\n<li style=\"text-align: justify\">Islam v verskih zadevah prepoveduje nasilje in prisilo. Mnenje, da mora biti tisti, ki iz islama izstopi, umorjen, je napa\u010dno in v popolnem nasprotju z Koranom.<\/li>\n<li style=\"text-align: justify\">Predstava, da \u010dlovek ve\u010d ni zmo\u017een osebne komunikacije z Bogom, je napa\u010dna. Razodetje se \u0161e lahko zgodi. Islam trdi, da so misti\u010dne izku\u0161nje tudi danes realne in ne zgolj zgodbe iz preteklosti.<\/li>\n<li style=\"text-align: justify\">Koran ne u\u010di ni\u010desar, kar nasprotuje razumu. Razodetje in razum tvorita par. Islam je racionalisti\u010dna vera, ki ne zavra\u010da znanosti.<\/li>\n<li style=\"text-align: justify\">Predstava, da so dolo\u010deni verzi v Koranu dobesedni, je zmotna. Jezik Korana je poln metafor in prispodob, zato ga ne smemo razlagati dobesedno.<\/li>\n<li style=\"text-align: justify\">Lo\u010ditev religije in dr\u017eave. Muslimani so podu\u010deni, da morajo biti lojalni dr\u017eavi bivanja.<\/li>\n<li style=\"text-align: justify\">Vere so bile v osnovi resni\u010dne in njihovi ustanovitelji so bili po\u0161teni slu\u017eabniki in Bo\u017eji preroki (kot so Kri\u0161na, Buda, Konfucij \u2026).<\/li>\n<li style=\"text-align: justify\">Jezus fizi\u010dno ni \u0161el v nebesa, kot verjame veliko muslimanov. Kot \u010dlovek je umrl naravne smrti. Njegov grob je v Srinagarju, Ka\u0161mir (Indija).<\/li>\n<li style=\"text-align: justify\">Muslimanska skupnost Ahmadija je edino muslimansko gibanje, ki deluje v okviru islamskega sistema kalifata.<\/li>\n<\/ul>\n","protected":false},"excerpt":{"rendered":"<p>Muslimanska skupnost Ahmadija je dinami\u010dno, hitro rasto\u010de mednarodno gibanje znotraj islama, ki si prizadeva za njegov preporod. Muslimanska skupnost Ahmadija, ustanovljena leta 1889, je navzo\u010da v dvesto dr\u017eavah, s \u010dlanstvom, ki presega na desetine milijonov. Njen sede\u017e je trenutno v Veliki Britaniji. Muslimanska skupnost Ahmadija je edina islamska organizacija, ki verjame, da je dolgo pri\u010dakovani<\/p>\n","protected":false},"author":1,"featured_media":1870,"parent":0,"menu_order":0,"comment_status":"closed","ping_status":"closed","template":"","meta":{"_acf_changed":false,"footnotes":""},"class_list":["post-14","page","type-page","status-publish","has-post-thumbnail","hentry"],"acf":[],"yoast_head":"<!-- This site is optimized with the Yoast SEO Premium plugin v21.1 (Yoast SEO v27.0) - https:\/\/yoast.com\/product\/yoast-seo-premium-wordpress\/ -->\n<title>Ahmadija<\/title>\n<meta name=\"description\" content=\"Muslimanska skupnost Ahmadija je dinami\u010dno, hitro rasto\u010de mednarodno gibanje znotraj islama, ki si prizadeva za njegov preporod.\" \/>\n<meta name=\"robots\" content=\"index, follow, max-snippet:-1, max-image-preview:large, max-video-preview:-1\" \/>\n<link rel=\"canonical\" href=\"https:\/\/www.ahmadiyya-islam.org\/si\/ahmadija\/\" \/>\n<meta property=\"og:locale\" content=\"sl_SI\" \/>\n<meta property=\"og:type\" content=\"article\" \/>\n<meta property=\"og:title\" content=\"Ahmadija\" \/>\n<meta property=\"og:description\" content=\"Muslimanska skupnost Ahmadija je dinami\u010dno, hitro rasto\u010de mednarodno gibanje znotraj islama, ki si prizadeva za njegov preporod.\" \/>\n<meta property=\"og:url\" content=\"https:\/\/www.ahmadiyya-islam.org\/si\/ahmadija\/\" \/>\n<meta property=\"og:site_name\" content=\"Muslimanska skupnost Ahmadija\" \/>\n<meta property=\"article:modified_time\" content=\"2019-06-30T14:51:34+00:00\" \/>\n<meta property=\"og:image\" content=\"https:\/\/www.ahmadiyya-islam.org\/si\/wp-content\/uploads\/sites\/11\/2019\/06\/Ahmadija.jpg\" \/>\n\t<meta property=\"og:image:width\" content=\"1200\" \/>\n\t<meta property=\"og:image:height\" content=\"600\" \/>\n\t<meta property=\"og:image:type\" content=\"image\/jpeg\" \/>\n<meta name=\"twitter:card\" content=\"summary_large_image\" \/>\n<meta name=\"twitter:label1\" content=\"Est. reading time\" \/>\n\t<meta name=\"twitter:data1\" content=\"5 minut\" \/>\n<script type=\"application\/ld+json\" class=\"yoast-schema-graph\">{\"@context\":\"https:\/\/schema.org\",\"@graph\":[{\"@type\":\"WebPage\",\"@id\":\"https:\/\/www.ahmadiyya-islam.org\/si\/ahmadija\/\",\"url\":\"https:\/\/www.ahmadiyya-islam.org\/si\/ahmadija\/\",\"name\":\"Ahmadija\",\"isPartOf\":{\"@id\":\"https:\/\/www.ahmadiyya-islam.org\/si\/#website\"},\"primaryImageOfPage\":{\"@id\":\"https:\/\/www.ahmadiyya-islam.org\/si\/ahmadija\/#primaryimage\"},\"image\":{\"@id\":\"https:\/\/www.ahmadiyya-islam.org\/si\/ahmadija\/#primaryimage\"},\"thumbnailUrl\":\"https:\/\/www.ahmadiyya-islam.org\/si\/wp-content\/uploads\/sites\/11\/2019\/06\/Ahmadija.jpg\",\"datePublished\":\"2015-11-25T19:07:10+00:00\",\"dateModified\":\"2019-06-30T14:51:34+00:00\",\"description\":\"Muslimanska skupnost Ahmadija je dinami\u010dno, hitro rasto\u010de mednarodno gibanje znotraj islama, ki si prizadeva za njegov preporod.\",\"breadcrumb\":{\"@id\":\"https:\/\/www.ahmadiyya-islam.org\/si\/ahmadija\/#breadcrumb\"},\"inLanguage\":\"sl-SI\",\"potentialAction\":[{\"@type\":\"ReadAction\",\"target\":[\"https:\/\/www.ahmadiyya-islam.org\/si\/ahmadija\/\"]}]},{\"@type\":\"ImageObject\",\"inLanguage\":\"sl-SI\",\"@id\":\"https:\/\/www.ahmadiyya-islam.org\/si\/ahmadija\/#primaryimage\",\"url\":\"https:\/\/www.ahmadiyya-islam.org\/si\/wp-content\/uploads\/sites\/11\/2019\/06\/Ahmadija.jpg\",\"contentUrl\":\"https:\/\/www.ahmadiyya-islam.org\/si\/wp-content\/uploads\/sites\/11\/2019\/06\/Ahmadija.jpg\",\"width\":1200,\"height\":600},{\"@type\":\"BreadcrumbList\",\"@id\":\"https:\/\/www.ahmadiyya-islam.org\/si\/ahmadija\/#breadcrumb\",\"itemListElement\":[{\"@type\":\"ListItem\",\"position\":1,\"name\":\"Home\",\"item\":\"https:\/\/www.ahmadiyya-islam.org\/si\/\"},{\"@type\":\"ListItem\",\"position\":2,\"name\":\"Ahmadija\"}]},{\"@type\":\"WebSite\",\"@id\":\"https:\/\/www.ahmadiyya-islam.org\/si\/#website\",\"url\":\"https:\/\/www.ahmadiyya-islam.org\/si\/\",\"name\":\"Muslimanska skupnost Ahmadija\",\"description\":\"Slovenija\",\"potentialAction\":[{\"@type\":\"SearchAction\",\"target\":{\"@type\":\"EntryPoint\",\"urlTemplate\":\"https:\/\/www.ahmadiyya-islam.org\/si\/?s={search_term_string}\"},\"query-input\":{\"@type\":\"PropertyValueSpecification\",\"valueRequired\":true,\"valueName\":\"search_term_string\"}}],\"inLanguage\":\"sl-SI\"}]}<\/script>\n<!-- \/ Yoast SEO Premium plugin. -->","yoast_head_json":{"title":"Ahmadija","description":"Muslimanska skupnost Ahmadija je dinami\u010dno, hitro rasto\u010de mednarodno gibanje znotraj islama, ki si prizadeva za njegov preporod.","robots":{"index":"index","follow":"follow","max-snippet":"max-snippet:-1","max-image-preview":"max-image-preview:large","max-video-preview":"max-video-preview:-1"},"canonical":"https:\/\/www.ahmadiyya-islam.org\/si\/ahmadija\/","og_locale":"sl_SI","og_type":"article","og_title":"Ahmadija","og_description":"Muslimanska skupnost Ahmadija je dinami\u010dno, hitro rasto\u010de mednarodno gibanje znotraj islama, ki si prizadeva za njegov preporod.","og_url":"https:\/\/www.ahmadiyya-islam.org\/si\/ahmadija\/","og_site_name":"Muslimanska skupnost Ahmadija","article_modified_time":"2019-06-30T14:51:34+00:00","og_image":[{"width":1200,"height":600,"url":"https:\/\/www.ahmadiyya-islam.org\/si\/wp-content\/uploads\/sites\/11\/2019\/06\/Ahmadija.jpg","type":"image\/jpeg"}],"twitter_card":"summary_large_image","twitter_misc":{"Est. reading time":"5 minut"},"schema":{"@context":"https:\/\/schema.org","@graph":[{"@type":"WebPage","@id":"https:\/\/www.ahmadiyya-islam.org\/si\/ahmadija\/","url":"https:\/\/www.ahmadiyya-islam.org\/si\/ahmadija\/","name":"Ahmadija","isPartOf":{"@id":"https:\/\/www.ahmadiyya-islam.org\/si\/#website"},"primaryImageOfPage":{"@id":"https:\/\/www.ahmadiyya-islam.org\/si\/ahmadija\/#primaryimage"},"image":{"@id":"https:\/\/www.ahmadiyya-islam.org\/si\/ahmadija\/#primaryimage"},"thumbnailUrl":"https:\/\/www.ahmadiyya-islam.org\/si\/wp-content\/uploads\/sites\/11\/2019\/06\/Ahmadija.jpg","datePublished":"2015-11-25T19:07:10+00:00","dateModified":"2019-06-30T14:51:34+00:00","description":"Muslimanska skupnost Ahmadija je dinami\u010dno, hitro rasto\u010de mednarodno gibanje znotraj islama, ki si prizadeva za njegov preporod.","breadcrumb":{"@id":"https:\/\/www.ahmadiyya-islam.org\/si\/ahmadija\/#breadcrumb"},"inLanguage":"sl-SI","potentialAction":[{"@type":"ReadAction","target":["https:\/\/www.ahmadiyya-islam.org\/si\/ahmadija\/"]}]},{"@type":"ImageObject","inLanguage":"sl-SI","@id":"https:\/\/www.ahmadiyya-islam.org\/si\/ahmadija\/#primaryimage","url":"https:\/\/www.ahmadiyya-islam.org\/si\/wp-content\/uploads\/sites\/11\/2019\/06\/Ahmadija.jpg","contentUrl":"https:\/\/www.ahmadiyya-islam.org\/si\/wp-content\/uploads\/sites\/11\/2019\/06\/Ahmadija.jpg","width":1200,"height":600},{"@type":"BreadcrumbList","@id":"https:\/\/www.ahmadiyya-islam.org\/si\/ahmadija\/#breadcrumb","itemListElement":[{"@type":"ListItem","position":1,"name":"Home","item":"https:\/\/www.ahmadiyya-islam.org\/si\/"},{"@type":"ListItem","position":2,"name":"Ahmadija"}]},{"@type":"WebSite","@id":"https:\/\/www.ahmadiyya-islam.org\/si\/#website","url":"https:\/\/www.ahmadiyya-islam.org\/si\/","name":"Muslimanska skupnost Ahmadija","description":"Slovenija","potentialAction":[{"@type":"SearchAction","target":{"@type":"EntryPoint","urlTemplate":"https:\/\/www.ahmadiyya-islam.org\/si\/?s={search_term_string}"},"query-input":{"@type":"PropertyValueSpecification","valueRequired":true,"valueName":"search_term_string"}}],"inLanguage":"sl-SI"}]}},"_links":{"self":[{"href":"https:\/\/www.ahmadiyya-islam.org\/si\/wp-json\/wp\/v2\/pages\/14","targetHints":{"allow":["GET"]}}],"collection":[{"href":"https:\/\/www.ahmadiyya-islam.org\/si\/wp-json\/wp\/v2\/pages"}],"about":[{"href":"https:\/\/www.ahmadiyya-islam.org\/si\/wp-json\/wp\/v2\/types\/page"}],"author":[{"embeddable":true,"href":"https:\/\/www.ahmadiyya-islam.org\/si\/wp-json\/wp\/v2\/users\/1"}],"replies":[{"embeddable":true,"href":"https:\/\/www.ahmadiyya-islam.org\/si\/wp-json\/wp\/v2\/comments?post=14"}],"version-history":[{"count":0,"href":"https:\/\/www.ahmadiyya-islam.org\/si\/wp-json\/wp\/v2\/pages\/14\/revisions"}],"wp:featuredmedia":[{"embeddable":true,"href":"https:\/\/www.ahmadiyya-islam.org\/si\/wp-json\/wp\/v2\/media\/1870"}],"wp:attachment":[{"href":"https:\/\/www.ahmadiyya-islam.org\/si\/wp-json\/wp\/v2\/media?parent=14"}],"curies":[{"name":"wp","href":"https:\/\/api.w.org\/{rel}","templated":true}]}}