{"id":1371,"date":"2018-10-31T19:03:25","date_gmt":"2018-10-31T19:03:25","guid":{"rendered":"https:\/\/www.ahmadiyya-islam.org\/si\/?page_id=1371"},"modified":"2019-01-04T07:48:21","modified_gmt":"2019-01-04T07:48:21","slug":"teme","status":"publish","type":"page","link":"https:\/\/www.ahmadiyya-islam.org\/si\/teme\/","title":{"rendered":"Teme"},"content":{"rendered":"","protected":false},"excerpt":{"rendered":"","protected":false},"author":23,"featured_media":0,"parent":0,"menu_order":0,"comment_status":"closed","ping_status":"closed","template":"pages\/template-filter-topics.php","meta":{"_acf_changed":false,"footnotes":""},"class_list":["post-1371","page","type-page","status-publish","hentry"],"acf":[],"yoast_head":"<!-- This site is optimized with the Yoast SEO Premium plugin v21.1 (Yoast SEO v27.4) - https:\/\/yoast.com\/product\/yoast-seo-premium-wordpress\/ -->\n<title>Teme<\/title>\n<meta name=\"description\" content=\"I\u0161\u010dite po temah. Na\u0161e teme so: A: Alah, ateizem - B: bajram, burka - D: D\u017eihad - K: Koran - M: Mohamed, molitev - R: Ramadan - Z: znanost\" \/>\n<meta name=\"robots\" content=\"index, follow, max-snippet:-1, max-image-preview:large, max-video-preview:-1\" \/>\n<link rel=\"canonical\" href=\"https:\/\/www.ahmadiyya-islam.org\/si\/teme\/\" \/>\n<meta property=\"og:locale\" content=\"sl_SI\" \/>\n<meta property=\"og:type\" content=\"article\" \/>\n<meta property=\"og:title\" content=\"Teme\" \/>\n<meta property=\"og:description\" content=\"I\u0161\u010dite po temah. Na\u0161e teme so: A: Alah, ateizem - B: bajram, burka - D: D\u017eihad - K: Koran - M: Mohamed, molitev - R: Ramadan - Z: znanost\" \/>\n<meta property=\"og:url\" content=\"https:\/\/www.ahmadiyya-islam.org\/si\/teme\/\" \/>\n<meta property=\"og:site_name\" content=\"Muslimanska skupnost Ahmadija\" \/>\n<meta property=\"article:modified_time\" content=\"2019-01-04T07:48:21+00:00\" \/>\n<meta name=\"twitter:card\" content=\"summary_large_image\" \/>\n<script type=\"application\/ld+json\" class=\"yoast-schema-graph\">{\"@context\":\"https:\\\/\\\/schema.org\",\"@graph\":[{\"@type\":\"WebPage\",\"@id\":\"https:\\\/\\\/www.ahmadiyya-islam.org\\\/si\\\/teme\\\/\",\"url\":\"https:\\\/\\\/www.ahmadiyya-islam.org\\\/si\\\/teme\\\/\",\"name\":\"Teme\",\"isPartOf\":{\"@id\":\"https:\\\/\\\/www.ahmadiyya-islam.org\\\/si\\\/#website\"},\"datePublished\":\"2018-10-31T19:03:25+00:00\",\"dateModified\":\"2019-01-04T07:48:21+00:00\",\"description\":\"I\u0161\u010dite po temah. Na\u0161e teme so: A: Alah, ateizem - B: bajram, burka - D: D\u017eihad - K: Koran - M: Mohamed, molitev - R: Ramadan - Z: znanost\",\"breadcrumb\":{\"@id\":\"https:\\\/\\\/www.ahmadiyya-islam.org\\\/si\\\/teme\\\/#breadcrumb\"},\"inLanguage\":\"sl-SI\",\"potentialAction\":[{\"@type\":\"ReadAction\",\"target\":[\"https:\\\/\\\/www.ahmadiyya-islam.org\\\/si\\\/teme\\\/\"]}]},{\"@type\":\"BreadcrumbList\",\"@id\":\"https:\\\/\\\/www.ahmadiyya-islam.org\\\/si\\\/teme\\\/#breadcrumb\",\"itemListElement\":[{\"@type\":\"ListItem\",\"position\":1,\"name\":\"Home\",\"item\":\"https:\\\/\\\/www.ahmadiyya-islam.org\\\/si\\\/\"},{\"@type\":\"ListItem\",\"position\":2,\"name\":\"Teme\"}]},{\"@type\":\"WebSite\",\"@id\":\"https:\\\/\\\/www.ahmadiyya-islam.org\\\/si\\\/#website\",\"url\":\"https:\\\/\\\/www.ahmadiyya-islam.org\\\/si\\\/\",\"name\":\"Muslimanska skupnost Ahmadija\",\"description\":\"Slovenija\",\"potentialAction\":[{\"@type\":\"SearchAction\",\"target\":{\"@type\":\"EntryPoint\",\"urlTemplate\":\"https:\\\/\\\/www.ahmadiyya-islam.org\\\/si\\\/?s={search_term_string}\"},\"query-input\":{\"@type\":\"PropertyValueSpecification\",\"valueRequired\":true,\"valueName\":\"search_term_string\"}}],\"inLanguage\":\"sl-SI\"}]}<\/script>\n<!-- \/ Yoast SEO Premium plugin. -->","yoast_head_json":{"title":"Teme","description":"I\u0161\u010dite po temah. Na\u0161e teme so: A: Alah, ateizem - B: bajram, burka - D: D\u017eihad - K: Koran - M: Mohamed, molitev - R: Ramadan - Z: znanost","robots":{"index":"index","follow":"follow","max-snippet":"max-snippet:-1","max-image-preview":"max-image-preview:large","max-video-preview":"max-video-preview:-1"},"canonical":"https:\/\/www.ahmadiyya-islam.org\/si\/teme\/","og_locale":"sl_SI","og_type":"article","og_title":"Teme","og_description":"I\u0161\u010dite po temah. Na\u0161e teme so: A: Alah, ateizem - B: bajram, burka - D: D\u017eihad - K: Koran - M: Mohamed, molitev - R: Ramadan - Z: znanost","og_url":"https:\/\/www.ahmadiyya-islam.org\/si\/teme\/","og_site_name":"Muslimanska skupnost Ahmadija","article_modified_time":"2019-01-04T07:48:21+00:00","twitter_card":"summary_large_image","schema":{"@context":"https:\/\/schema.org","@graph":[{"@type":"WebPage","@id":"https:\/\/www.ahmadiyya-islam.org\/si\/teme\/","url":"https:\/\/www.ahmadiyya-islam.org\/si\/teme\/","name":"Teme","isPartOf":{"@id":"https:\/\/www.ahmadiyya-islam.org\/si\/#website"},"datePublished":"2018-10-31T19:03:25+00:00","dateModified":"2019-01-04T07:48:21+00:00","description":"I\u0161\u010dite po temah. Na\u0161e teme so: A: Alah, ateizem - B: bajram, burka - D: D\u017eihad - K: Koran - M: Mohamed, molitev - R: Ramadan - Z: znanost","breadcrumb":{"@id":"https:\/\/www.ahmadiyya-islam.org\/si\/teme\/#breadcrumb"},"inLanguage":"sl-SI","potentialAction":[{"@type":"ReadAction","target":["https:\/\/www.ahmadiyya-islam.org\/si\/teme\/"]}]},{"@type":"BreadcrumbList","@id":"https:\/\/www.ahmadiyya-islam.org\/si\/teme\/#breadcrumb","itemListElement":[{"@type":"ListItem","position":1,"name":"Home","item":"https:\/\/www.ahmadiyya-islam.org\/si\/"},{"@type":"ListItem","position":2,"name":"Teme"}]},{"@type":"WebSite","@id":"https:\/\/www.ahmadiyya-islam.org\/si\/#website","url":"https:\/\/www.ahmadiyya-islam.org\/si\/","name":"Muslimanska skupnost Ahmadija","description":"Slovenija","potentialAction":[{"@type":"SearchAction","target":{"@type":"EntryPoint","urlTemplate":"https:\/\/www.ahmadiyya-islam.org\/si\/?s={search_term_string}"},"query-input":{"@type":"PropertyValueSpecification","valueRequired":true,"valueName":"search_term_string"}}],"inLanguage":"sl-SI"}]}},"_links":{"self":[{"href":"https:\/\/www.ahmadiyya-islam.org\/si\/wp-json\/wp\/v2\/pages\/1371","targetHints":{"allow":["GET"]}}],"collection":[{"href":"https:\/\/www.ahmadiyya-islam.org\/si\/wp-json\/wp\/v2\/pages"}],"about":[{"href":"https:\/\/www.ahmadiyya-islam.org\/si\/wp-json\/wp\/v2\/types\/page"}],"author":[{"embeddable":true,"href":"https:\/\/www.ahmadiyya-islam.org\/si\/wp-json\/wp\/v2\/users\/23"}],"replies":[{"embeddable":true,"href":"https:\/\/www.ahmadiyya-islam.org\/si\/wp-json\/wp\/v2\/comments?post=1371"}],"version-history":[{"count":0,"href":"https:\/\/www.ahmadiyya-islam.org\/si\/wp-json\/wp\/v2\/pages\/1371\/revisions"}],"wp:attachment":[{"href":"https:\/\/www.ahmadiyya-islam.org\/si\/wp-json\/wp\/v2\/media?parent=1371"}],"curies":[{"name":"wp","href":"https:\/\/api.w.org\/{rel}","templated":true}]}}