{"id":1074,"date":"2018-09-24T13:33:34","date_gmt":"2018-09-24T13:33:34","guid":{"rendered":"https:\/\/www.ahmadiyya-islam.org\/si\/?page_id=1074"},"modified":"2019-06-30T12:23:06","modified_gmt":"2019-06-30T12:23:06","slug":"preganjanje","status":"publish","type":"page","link":"https:\/\/www.ahmadiyya-islam.org\/si\/ahmadija\/preganjanje\/","title":{"rendered":"Preganjanje"},"content":{"rendered":"<p>Ahmadijski muslimani so bili predmet verskega preganjanja in diskriminacije od za\u010detka gibanja leta 1889. Ahmadijci so dejavni prevajalci in verski spreobrnjenci; spreobrnjenci v islam v ve\u010d delih sveta prvi\u010d odkrijejo islam skozi ahmadijce. So pa bili v veliko islamskih dr\u017eavah ahmadijci ozna\u010deni za heretike in nemuslimane ter podvr\u017eeni napadom in pogosto sistemati\u010dnemu zatiranju.<\/p>\n<h3><strong>Al\u017eirija<\/strong><\/h3>\n<p>Marca 2016 so oblasti zavrnile poskus ahmadijcev, da bi se pod al\u017eirsko zakonodajo registrirali kot dru\u0161tvo. Junija 2016 so na\u010drtno napadli in zaprli ahmadijsko mo\u0161ejo v Larbraai. Od marca 2016 so aretirali in obto\u017eili ve\u010d kot 280 ahmadijcev. Al\u017eirski uradniki so javno oklicali ahmadijce za heretike in gro\u017enjo Al\u017eiriji. Junija 2016 je minister za verske zadeve in donacije, Mohamed Aissa, opisal prisotnost ahmadijcev v Al\u017eiriji kot del \u2018pripravljene sektarske invazije\u2019. Februarja 2017 je izjavil, da ahmadijci \u2018niso muslimani\u2019. Aprila 2017 je Ahmed Ouyaia, \u0161ef kabineta predsednika Abdelaziza Bouteflika, pozval Al\u017eirce naj \u2018obvarujejo dr\u017eavo pred \u0161iitskimi in ahmadijskimi sektami\u2019.<\/p>\n<h3><strong>Banglade\u0161<\/strong><\/h3>\n<p>V Banglade\u0161u so fundamentalisti\u010dne islamske skupine zahtevale, da se ahmadijce \u2018uradno\u2019 razglasi za kafir (nevernike). Ahmadijci so postali preganjana skupina, tar\u010da protestov in nasilnih dejanj. Glede na podatke Amnesty International so bili privr\u017eenci podvr\u017eeni \u2018hi\u0161nemu priporu\u2019 in ve\u010d jih je bilo ubitih. Pozno v letu 2003 je ve\u010d velikih nasilnih pohodov, ki jih je vodil Moulana Moahmud Hossain Mumtazi, vodilo v zasedbo ahmadijske mo\u0161eje. Leta 2004 so bile prepovedane vse ahmadijske publikacije.<\/p>\n<h3><strong>Indija<\/strong><\/h3>\n<p>Indija ima veliko ahmadijsko populacijo. Ve\u010dina ahmadijcev v Indiji \u017eivi v Kerali, Rad\u017eastanu, Odi\u0161i, Harjani, Biharju, Delhiju, Uttar Prade\u0161u in nekaj v Pund\u017eabu na obmo\u010dju Kadiana.<\/p>\n<p>Po indijskih zakonih so ahmadijci muslimani. Prelomna je odlo\u010ditev keralskega vrhovnega sodi\u0161\u010da 8. decembra 1970 v primeru Shihabuddin Imbichi Koya Thangal proti K.P. Ahammed Koya, navedek A.I.R. 1971 Ker 206, je potrdil njihov muslimanski pravni status. V tem primeru je sodi\u0161\u010de odlo\u010dilo, da so ahmadijci muslimani in jih druge muslimanske sekte ne morejo razglasiti za odpadnike, ker se dr\u017eijo dveh temeljnih islamskih prepri\u010danj: da ni drugega boga kot Alaha in da je Mohamed<sup>sa<\/sup> Bo\u017eji slu\u017eabnik in sel.<\/p>\n<p>Zaradi tega ni zakonskih omejitev za verske dejavnosti ahmadijcev v Indiji in lahko svobodno prakticirajo svojo vero in se identificirajo kot muslimani. So pa ahmadiji v Indiji podvr\u017eeni diskriminauciji od muslimanov iz drugih sekt. Bolj natan\u010dno, islamska univerza v Indiji in Dar-ul-ulum Deoband so ozna\u010dili ahmadijce za nemuslimane. Ahmadijcem muslimanski voditelji drugih sekt ne dovolijo sodelovati v All India Muslim Personal Law Board, neodvisnem organu islamskih verskih voditeljev, ki ga indijska vlada prepoznava kot predstavnike indijskih muslimanov.<\/p>\n<p>Februarja 2012 je Andhra Pradesh Wakf Board sprejel serijo nepreceden\u010dnih odlo\u010ditev in prosil sodnike v dr\u017eavi, naj ne opravljajo <em>nikah<\/em> (poroke) za tiste, ki spadajo v ahmadijsko skupnost.<\/p>\n<h3><strong>Indonezija<\/strong><\/h3>\n<p>Ahmadijska muslimanska skupnost je obstajala \u0161e pred razglasitvijo indonezijske neodvisnosti. Je pa Ahmadija kot kontroverzna verska manj\u0161ina v Indoneziji strmo narasla \u0161ele po letu 2000 s porastom islamskega fundamentalizma. Leta 2008 je veliko muslimanov v Indoneziji protestiralo proti ahmadijskemu gibanju. Z mno\u017ei\u010dnimi demonstracijami so verski konservativci pritisnili na vlado, da bi nadzorovala in nadlegovala ahmadijsko skupnost v Indoneziji.<\/p>\n<p>Javno mnenje v Indoneziji je razdeljeno na dva pogleda na to, kako bi bilo treba ravnati z ahmadijci:<\/p>\n<p>Ve\u010dina muslimanov v Indoneziji meni, da bi jih bilo treba prepovedati na podlagi zavra\u010danja osrednjega na\u010dela islama, da je Mohamed zadnji glasnik Boga; \u0161e ve\u010d, ahmadijci ne bi smeli uporabljati islama kot svoj prapor, ampak bi morali ustanoviti svojo priznano vero, da bi si zagotovili versko svobodo v Indoneziji.<\/p>\n<p>Nekatere manj\u0161ine, vklju\u010dujo\u010d ahmadijce in \u0161tevilne nevladne organizacije, menijo, da bi ahmadijci morali biti svobodni v delovanju in izra\u017eanju, kot si \u017eeli pod praporjem islama v skladu z ustavno pravico verske svobode.<\/p>\n<p>Junija 2008 je bil sprejet zakon, ki zmanj\u0161uje \u2018spreobrnjenje\u2019 ahmadijskih \u010dlanov. Ahmadijsko mo\u0161ejo so po\u017egali. Skupine za \u010dlovekove pravice so nasprotovale omejitvam verske svobode. Februarja 2016 je bilo ubitih nekaj \u010dlanov Ahmadije pri Pandeglangu v provinci Banten.<\/p>\n<p>V zadnjih nekaj letih je naraslo \u0161tevilo napadov na versko svobodo, vklju\u010dujo\u010d incidente fizi\u010dne zlorabe, prepre\u010devanje skupinam molitev in po\u017eiganje njihovih mo\u0161ej. Podatki s Setara Institute for Democracy and Peace (in\u0161titut za demokracijo in mir, op. prev.) ka\u017eejo 17, 18 in 64 incidentov za leta 2008, 2009 in 2010. \u010ceprav podatki vklju\u010dujejo preganjanje vseh religij, je nedavno preganjanje ahmadijcev znatno in hudo, sledi mu preganjanje kristjanov in preganjanje drugih islamskih sekt, ki se razgla\u0161ajo za \u2018resni\u010dne\/\u010diste\/fundamentalisti\u010dne muslimane\u2019.<\/p>\n<p>Od leta 2001 se sekta soo\u010da z veliko pozivi za popolno \u2018prepoved\u2019 v Indoneziji. 6. februarja 2011 je na stotine ve\u010dinskih muslimanov obkro\u017eilo neko ahmadijsko hi\u0161o in do smrti preteplo tri ljudi. Posnetki mlatenja njihovih golih teles \u2013 medtem ko so policisti vse opazovali \u2013 so bili objavljeni na spletu in posledi\u010dno prikazani v mednarodnih medijih.<\/p>\n<h3><strong>Pakistan<\/strong><\/h3>\n<div id=\"attachment_1483\" style=\"width: 310px\" class=\"wp-caption alignleft\"><a href=\"https:\/\/www.ahmadiyya-islam.org\/si\/wp-content\/uploads\/sites\/11\/2018\/12\/preganjanje.jpg\"><img loading=\"lazy\" decoding=\"async\" aria-describedby=\"caption-attachment-1483\" class=\"wp-image-1483 size-medium\" src=\"https:\/\/www.ahmadiyya-islam.org\/si\/wp-content\/uploads\/sites\/11\/2018\/12\/preganjanje-300x214.jpg\" alt=\"Preganjanje\" width=\"300\" height=\"214\" srcset=\"https:\/\/www.ahmadiyya-islam.org\/si\/wp-content\/uploads\/sites\/11\/2018\/12\/preganjanje-300x214.jpg 300w, https:\/\/www.ahmadiyya-islam.org\/si\/wp-content\/uploads\/sites\/11\/2018\/12\/preganjanje.jpg 468w\" sizes=\"auto, (max-width: 300px) 100vw, 300px\" \/><\/a><p id=\"caption-attachment-1483\" class=\"wp-caption-text\"><em>\u0160ahado, temeljno prepri\u010danje islama in ahmadijskih muslimanov, pakistanska policija bri\u0161e.<\/em><\/p><\/div>\n<p style=\"text-align: left\">Pribli\u017eno 6 milijonov ahmadijcev \u017eivi v Pakistanu, kar je najve\u010dja populacija ahmadijcev na svetu. Je edina dr\u017eava, ki je ahmadijce uradno razglasila za nemuslimane, ker ne \u0161tejejo Mohameda za zadnjega preroka; in njihova verska svoboda je zmanj\u0161ana s serijo predpisov, zakonov in ustavnih amandmajev. Leta 1974 je pakistanski parlament sprejel zakon, ki razgla\u0161a ahmadijce za nemuslimane; dr\u017eavna ustava je dobila amandma, ki definira muslimana kot \u2018osebo, ki verjame v kon\u010dnost Preroka Mohameda\u2019. Leta 1984 je takratni voja\u0161ki vodja Pakistana, general Zia-ul-Haq, izdal predpis XX. Predpis, ki naj bi prepre\u010deval \u2018protiislamska dejanja\u2019, prepoveduje ahmadijcem, da bi si rekli muslimani ali, da bi \u2018se izdajali za muslimane\u2019. To pomeni, da ne smejo javno izra\u017eati islamskega prepri\u010danja ali svojim prostorom \u010da\u0161\u010denja re\u010di mo\u0161eja. \u010ceprav so izrazi &#8216;Kadijani&#8217;, &#8216;Kadijanizem&#8217;, &#8216;Mirzaj&#8217; in &#8216;Mirzajani&#8217; slab\u0161alni, so v Pakistanu pogosto rabljeni za ahmadijce; Kadijani je tudi izraz, ki ga uporabljata vlada in ustava.<\/p>\n<p>Ahmadijcem v Pakistanu je tudi prepovedano \u010da\u0161\u010denje v neahmadijskih mo\u0161ejah ali javnih sobah za molitev, izvajanje muslimanskega klica k molitvi, uporabo tradicionalnega islamskega pozdrava v javnosti, javno citiranje iz Korana, pridiganje v javnosti, iskanje spreobrnjencev, in produciranje, objavljanje in raz\u0161irjanje svojih verskih materialov. Ta dejanja so kazniva z do tremi leti zapora. V pro\u0161nji za potni list ali osebno izkaznico, morajo vsi Pakistanci podpisati zaprisego, ki razgla\u0161a Mirzo Ghulama Ahmada<sup>as<\/sup> za preroka vsiljivca in vse ahmadijce za nemuslimane. Beseda \u2018musliman\u2019 je bila izbrisana z nagrobnika Nobelovega nagrajenca teoreti\u010dnega fizika Abdus-Salaama, ker je bil ahmadijec.<\/p>\n<p>Kot rezultat kulturne vpletenosti v zakone in ustavne amandmaje, ki se ti\u010dejo ahmadijcev v Pakistanu, poro\u010dajo o nenehnem preganjanju in sovra\u017enih incidentih iz razli\u010dnih koncev dr\u017eave. Ahmadijci so bili tar\u010de veliko napadov pod vodstvom razli\u010dnih verskih skupin. Vsa verska semeni\u0161\u010da in medrese v Pakistanu, ki pripadajo razli\u010dnim islamskim sektam, so predpisale temeljna besedila specifi\u010dno usmerjena v izpodbijanje ahmadijskih prepri\u010danj.<\/p>\n<p>Leta 2005 so u\u010denci zasebnih pakistanskih \u0161ol v anketi izrazili svoja mnenja o verski toleranci v dr\u017eavi. \u0160tevilke zbrane v \u0161tudiji prikazujejo, da so celo v izobra\u017eenih dru\u017ebenih razredih ahmadijci, ko gre za enake mo\u017enosti in \u010dlovekove pravice, manj vredna manj\u0161ina. V isti \u0161tudiji so u\u010ditelji teh elitnih \u0161ol do ahmadijcev pokazali \u0161e manj tolerance kot njihovi u\u010denci. Ahmadijce nekatere \u0161ole, univerze in u\u010ditelji v pakistanski provinci Pund\u017eabu nadlegujejo. Nadlegovanje vklju\u010duje dru\u017ebeni bojkot, izklju\u010ditve, gro\u017enje in nasilje do ahmadijskih \u0161tudentov s strani ekstremisti\u010dnih \u0161tudentov, u\u010diteljev in ravnateljev iz ve\u010dinske sekte.<\/p>\n<p>28. maja 2010 se je zgodil do sedaj najhuj\u0161i incident nasilja proti ahmadijem, ko je ve\u010d \u010dlanov ekstremisti\u010dne verske skupine (domnevno Tehrik-i-Taliban Punjab) vstopilo v dve ahmadijski mo\u0161eji v Lahoreju in za\u010delo streljati; trije od njih so se kasneje razstrelili. Napad je vzel 86 \u017eivljenj in ranil precej ve\u010d kot 100 ljudi. \u010clani so bili v mo\u0161ejah zbrani pri petkovem obredu. V odgovor na napade je pakistanski minister za manj\u0161ine Shahbaz Bhatti obiskal ahmadijsko skupnost.<\/p>\n<h3><strong>Palestina<\/strong><\/h3>\n<p>Ahmadijci so bili po poro\u010dilih leta 2010 preganjani na obmo\u010djih pod palestinskim nadzorom. Leta 2010 je Mohammed Sharif Ouda, poglavar ahmadijske skupnosti v Izraelu, radiu Arutz Sheva povedal, da palestinske oblasti \u2018spodbujajo hladnokrvne umore ahmadijcev\u2019 brez konkretnih dejanj, da bi skupnost za\u0161\u010ditili.<\/p>\n<h3><strong>Savdska Arabija<\/strong><\/h3>\n<p>V Savdski Arabiji ahmadijce ves \u010das preganjajo. V nacionalni kampanji v letih 2006\u20132007, s katero so hoteli poiskati in deportirati tuje delavce, ki so bili ahmadijski muslimani, je savdska verska policija aretirala 56\u201360 ahmadijskih muslimanov indijskega, pakistanskega in sirskega porekla iz ve\u010djih mest po dr\u017eavi. Maja 2012 so savdske oblasti aretirale dva savdska sunitska muslimanska dr\u017eavljana, ker sta se spreobrnila v ahmadijski islam. Aretirana sta bila tri mesece po pridru\u017eitvi Ahmadiji in se nista hotela odpovedati svojim prepri\u010danjem. Maja 2014 sta bila obto\u017eena odpadni\u0161tva in odslu\u017eila dve leti v zaporu, ko sta \u010dakala na sojenje. Od takrat ju niso ve\u010d izpustili.<\/p>\n<p>24. januarja 2007 je Human Rights Watch (nadzorniki za \u010dlovekove pravice op. prev.) poslalo odprto pismo savdskemu kralju Abdullahu s pro\u0161njo, da kon\u010da versko preganjanje ahmadijcev v Savdski Arabiji. Poslali so mu dve pismi, novembra 2006 in februarja 2007, s pro\u0161njo, da umakne prepoved potovanja kritikom savdske vlade.<\/p>\n<p>Pod savdskimi zakoni je ahmadijcem, skupaj z drugimi muslimani, prepovedan vstop v Meko, kar omejuje njihovo mo\u017enost, da bi izvedli obvezno romanje, had\u017e.<\/p>\n<h3><strong>Zdru\u017eeno kraljestvo<\/strong><\/h3>\n<p>Ahmadijci so v ZK utrpeli uboje, mno\u017ei\u010dne proteste drugih muslimanov proti gradnji ahmadijskih mo\u0161ej ter gro\u017enje in zastra\u0161evanje. Marca 2016 se je premierka \u0160kotske, Nicola Sturgeon, udele\u017eila bedenja za ahmadijca Asada Shaha starega 40 let, ki ga je ubil sunit Tanveer Ahmed star 32 let zaradi, po besedah policije, \u2018verskih predsodkov\u2019. Aprila 2016 so v mo\u0161eji Stockwell Green na\u0161li letake, ki so pozivali k ubojem ahmadijcev. V mo\u0161eji so trdili, da niso vedeli, da je nekdo letake pustil v njihovih prostorih. Avtor letakov je bil nekdanji poglavar Yusuf Ludhianvi Khatam-e-Nabuwwat (ali Khatme Nabuwwat) \u2013 protiahmadijske organizacije. Polno ime organizacije je Almi Majlis-e-Tahafuz Khatmi Nubuwat ali International Committee for the Protection of the Finality of Prophethood (mednarodni komite za za\u0161\u010dito in kon\u010dnost prero\u0161tva, op. prev.).<\/p>\n<p>Oktobra 2017 je \u010detrti program radia BBC v oddaji File on 4 raziskoval objavo in \u0161iritev protiahmadijskega materiala v ZK in se spra\u0161eval, kdaj in \u010de naj nadzorniki medijev posredujejo.<\/p>\n","protected":false},"excerpt":{"rendered":"<p>Ahmadijski muslimani so bili predmet verskega preganjanja in diskriminacije od za\u010detka gibanja leta 1889. Ahmadijci so dejavni prevajalci in verski spreobrnjenci; spreobrnjenci v islam v ve\u010d delih sveta prvi\u010d odkrijejo islam skozi ahmadijce. So pa bili v veliko islamskih dr\u017eavah ahmadijci ozna\u010deni za heretike in nemuslimane ter podvr\u017eeni napadom in pogosto sistemati\u010dnemu zatiranju. Al\u017eirija Marca<\/p>\n","protected":false},"author":23,"featured_media":1690,"parent":14,"menu_order":5,"comment_status":"closed","ping_status":"closed","template":"","meta":{"_acf_changed":false,"footnotes":""},"class_list":["post-1074","page","type-page","status-publish","has-post-thumbnail","hentry"],"acf":[],"yoast_head":"<!-- This site is optimized with the Yoast SEO Premium plugin v21.1 (Yoast SEO v27.0) - https:\/\/yoast.com\/product\/yoast-seo-premium-wordpress\/ -->\n<title>Preganjanje<\/title>\n<meta name=\"description\" content=\"Ahmadijski muslimani so bili predmet verskega preganjanja in diskriminacije od za\u010detka gibanja leta 1889.\" \/>\n<meta name=\"robots\" content=\"index, follow, max-snippet:-1, max-image-preview:large, max-video-preview:-1\" \/>\n<link rel=\"canonical\" href=\"https:\/\/www.ahmadiyya-islam.org\/si\/ahmadija\/preganjanje\/\" \/>\n<meta property=\"og:locale\" content=\"sl_SI\" \/>\n<meta property=\"og:type\" content=\"article\" \/>\n<meta property=\"og:title\" content=\"Preganjanje\" \/>\n<meta property=\"og:description\" content=\"Ahmadijski muslimani so bili predmet verskega preganjanja in diskriminacije od za\u010detka gibanja leta 1889.\" \/>\n<meta property=\"og:url\" content=\"https:\/\/www.ahmadiyya-islam.org\/si\/ahmadija\/preganjanje\/\" \/>\n<meta property=\"og:site_name\" content=\"Muslimanska skupnost Ahmadija\" \/>\n<meta property=\"article:modified_time\" content=\"2019-06-30T12:23:06+00:00\" \/>\n<meta property=\"og:image\" content=\"https:\/\/www.ahmadiyya-islam.org\/si\/wp-content\/uploads\/sites\/11\/2019\/01\/Preganjanje.jpg\" \/>\n\t<meta property=\"og:image:width\" content=\"640\" \/>\n\t<meta property=\"og:image:height\" content=\"360\" \/>\n\t<meta property=\"og:image:type\" content=\"image\/jpeg\" \/>\n<meta name=\"twitter:card\" content=\"summary_large_image\" \/>\n<meta name=\"twitter:label1\" content=\"Est. reading time\" \/>\n\t<meta name=\"twitter:data1\" content=\"9 minut\" \/>\n<script type=\"application\/ld+json\" class=\"yoast-schema-graph\">{\"@context\":\"https:\/\/schema.org\",\"@graph\":[{\"@type\":\"WebPage\",\"@id\":\"https:\/\/www.ahmadiyya-islam.org\/si\/ahmadija\/preganjanje\/\",\"url\":\"https:\/\/www.ahmadiyya-islam.org\/si\/ahmadija\/preganjanje\/\",\"name\":\"Preganjanje\",\"isPartOf\":{\"@id\":\"https:\/\/www.ahmadiyya-islam.org\/si\/#website\"},\"primaryImageOfPage\":{\"@id\":\"https:\/\/www.ahmadiyya-islam.org\/si\/ahmadija\/preganjanje\/#primaryimage\"},\"image\":{\"@id\":\"https:\/\/www.ahmadiyya-islam.org\/si\/ahmadija\/preganjanje\/#primaryimage\"},\"thumbnailUrl\":\"https:\/\/www.ahmadiyya-islam.org\/si\/wp-content\/uploads\/sites\/11\/2019\/01\/Preganjanje.jpg\",\"datePublished\":\"2018-09-24T13:33:34+00:00\",\"dateModified\":\"2019-06-30T12:23:06+00:00\",\"description\":\"Ahmadijski muslimani so bili predmet verskega preganjanja in diskriminacije od za\u010detka gibanja leta 1889.\",\"breadcrumb\":{\"@id\":\"https:\/\/www.ahmadiyya-islam.org\/si\/ahmadija\/preganjanje\/#breadcrumb\"},\"inLanguage\":\"sl-SI\",\"potentialAction\":[{\"@type\":\"ReadAction\",\"target\":[\"https:\/\/www.ahmadiyya-islam.org\/si\/ahmadija\/preganjanje\/\"]}]},{\"@type\":\"ImageObject\",\"inLanguage\":\"sl-SI\",\"@id\":\"https:\/\/www.ahmadiyya-islam.org\/si\/ahmadija\/preganjanje\/#primaryimage\",\"url\":\"https:\/\/www.ahmadiyya-islam.org\/si\/wp-content\/uploads\/sites\/11\/2019\/01\/Preganjanje.jpg\",\"contentUrl\":\"https:\/\/www.ahmadiyya-islam.org\/si\/wp-content\/uploads\/sites\/11\/2019\/01\/Preganjanje.jpg\",\"width\":640,\"height\":360,\"caption\":\"Preganjanje\"},{\"@type\":\"BreadcrumbList\",\"@id\":\"https:\/\/www.ahmadiyya-islam.org\/si\/ahmadija\/preganjanje\/#breadcrumb\",\"itemListElement\":[{\"@type\":\"ListItem\",\"position\":1,\"name\":\"Home\",\"item\":\"https:\/\/www.ahmadiyya-islam.org\/si\/\"},{\"@type\":\"ListItem\",\"position\":2,\"name\":\"Ahmadija\",\"item\":\"https:\/\/www.ahmadiyya-islam.org\/si\/ahmadija\/\"},{\"@type\":\"ListItem\",\"position\":3,\"name\":\"Preganjanje\"}]},{\"@type\":\"WebSite\",\"@id\":\"https:\/\/www.ahmadiyya-islam.org\/si\/#website\",\"url\":\"https:\/\/www.ahmadiyya-islam.org\/si\/\",\"name\":\"Muslimanska skupnost Ahmadija\",\"description\":\"Slovenija\",\"potentialAction\":[{\"@type\":\"SearchAction\",\"target\":{\"@type\":\"EntryPoint\",\"urlTemplate\":\"https:\/\/www.ahmadiyya-islam.org\/si\/?s={search_term_string}\"},\"query-input\":{\"@type\":\"PropertyValueSpecification\",\"valueRequired\":true,\"valueName\":\"search_term_string\"}}],\"inLanguage\":\"sl-SI\"}]}<\/script>\n<!-- \/ Yoast SEO Premium plugin. -->","yoast_head_json":{"title":"Preganjanje","description":"Ahmadijski muslimani so bili predmet verskega preganjanja in diskriminacije od za\u010detka gibanja leta 1889.","robots":{"index":"index","follow":"follow","max-snippet":"max-snippet:-1","max-image-preview":"max-image-preview:large","max-video-preview":"max-video-preview:-1"},"canonical":"https:\/\/www.ahmadiyya-islam.org\/si\/ahmadija\/preganjanje\/","og_locale":"sl_SI","og_type":"article","og_title":"Preganjanje","og_description":"Ahmadijski muslimani so bili predmet verskega preganjanja in diskriminacije od za\u010detka gibanja leta 1889.","og_url":"https:\/\/www.ahmadiyya-islam.org\/si\/ahmadija\/preganjanje\/","og_site_name":"Muslimanska skupnost Ahmadija","article_modified_time":"2019-06-30T12:23:06+00:00","og_image":[{"width":640,"height":360,"url":"https:\/\/www.ahmadiyya-islam.org\/si\/wp-content\/uploads\/sites\/11\/2019\/01\/Preganjanje.jpg","type":"image\/jpeg"}],"twitter_card":"summary_large_image","twitter_misc":{"Est. reading time":"9 minut"},"schema":{"@context":"https:\/\/schema.org","@graph":[{"@type":"WebPage","@id":"https:\/\/www.ahmadiyya-islam.org\/si\/ahmadija\/preganjanje\/","url":"https:\/\/www.ahmadiyya-islam.org\/si\/ahmadija\/preganjanje\/","name":"Preganjanje","isPartOf":{"@id":"https:\/\/www.ahmadiyya-islam.org\/si\/#website"},"primaryImageOfPage":{"@id":"https:\/\/www.ahmadiyya-islam.org\/si\/ahmadija\/preganjanje\/#primaryimage"},"image":{"@id":"https:\/\/www.ahmadiyya-islam.org\/si\/ahmadija\/preganjanje\/#primaryimage"},"thumbnailUrl":"https:\/\/www.ahmadiyya-islam.org\/si\/wp-content\/uploads\/sites\/11\/2019\/01\/Preganjanje.jpg","datePublished":"2018-09-24T13:33:34+00:00","dateModified":"2019-06-30T12:23:06+00:00","description":"Ahmadijski muslimani so bili predmet verskega preganjanja in diskriminacije od za\u010detka gibanja leta 1889.","breadcrumb":{"@id":"https:\/\/www.ahmadiyya-islam.org\/si\/ahmadija\/preganjanje\/#breadcrumb"},"inLanguage":"sl-SI","potentialAction":[{"@type":"ReadAction","target":["https:\/\/www.ahmadiyya-islam.org\/si\/ahmadija\/preganjanje\/"]}]},{"@type":"ImageObject","inLanguage":"sl-SI","@id":"https:\/\/www.ahmadiyya-islam.org\/si\/ahmadija\/preganjanje\/#primaryimage","url":"https:\/\/www.ahmadiyya-islam.org\/si\/wp-content\/uploads\/sites\/11\/2019\/01\/Preganjanje.jpg","contentUrl":"https:\/\/www.ahmadiyya-islam.org\/si\/wp-content\/uploads\/sites\/11\/2019\/01\/Preganjanje.jpg","width":640,"height":360,"caption":"Preganjanje"},{"@type":"BreadcrumbList","@id":"https:\/\/www.ahmadiyya-islam.org\/si\/ahmadija\/preganjanje\/#breadcrumb","itemListElement":[{"@type":"ListItem","position":1,"name":"Home","item":"https:\/\/www.ahmadiyya-islam.org\/si\/"},{"@type":"ListItem","position":2,"name":"Ahmadija","item":"https:\/\/www.ahmadiyya-islam.org\/si\/ahmadija\/"},{"@type":"ListItem","position":3,"name":"Preganjanje"}]},{"@type":"WebSite","@id":"https:\/\/www.ahmadiyya-islam.org\/si\/#website","url":"https:\/\/www.ahmadiyya-islam.org\/si\/","name":"Muslimanska skupnost Ahmadija","description":"Slovenija","potentialAction":[{"@type":"SearchAction","target":{"@type":"EntryPoint","urlTemplate":"https:\/\/www.ahmadiyya-islam.org\/si\/?s={search_term_string}"},"query-input":{"@type":"PropertyValueSpecification","valueRequired":true,"valueName":"search_term_string"}}],"inLanguage":"sl-SI"}]}},"_links":{"self":[{"href":"https:\/\/www.ahmadiyya-islam.org\/si\/wp-json\/wp\/v2\/pages\/1074","targetHints":{"allow":["GET"]}}],"collection":[{"href":"https:\/\/www.ahmadiyya-islam.org\/si\/wp-json\/wp\/v2\/pages"}],"about":[{"href":"https:\/\/www.ahmadiyya-islam.org\/si\/wp-json\/wp\/v2\/types\/page"}],"author":[{"embeddable":true,"href":"https:\/\/www.ahmadiyya-islam.org\/si\/wp-json\/wp\/v2\/users\/23"}],"replies":[{"embeddable":true,"href":"https:\/\/www.ahmadiyya-islam.org\/si\/wp-json\/wp\/v2\/comments?post=1074"}],"version-history":[{"count":0,"href":"https:\/\/www.ahmadiyya-islam.org\/si\/wp-json\/wp\/v2\/pages\/1074\/revisions"}],"up":[{"embeddable":true,"href":"https:\/\/www.ahmadiyya-islam.org\/si\/wp-json\/wp\/v2\/pages\/14"}],"wp:featuredmedia":[{"embeddable":true,"href":"https:\/\/www.ahmadiyya-islam.org\/si\/wp-json\/wp\/v2\/media\/1690"}],"wp:attachment":[{"href":"https:\/\/www.ahmadiyya-islam.org\/si\/wp-json\/wp\/v2\/media?parent=1074"}],"curies":[{"name":"wp","href":"https:\/\/api.w.org\/{rel}","templated":true}]}}