{"id":107,"date":"2016-05-24T08:25:08","date_gmt":"2016-05-24T08:25:08","guid":{"rendered":"http:\/\/www.ahmadiyya-islam.org\/si\/?page_id=107"},"modified":"2019-06-30T14:37:30","modified_gmt":"2019-06-30T14:37:30","slug":"islam-znanost","status":"publish","type":"page","link":"https:\/\/www.ahmadiyya-islam.org\/si\/islam\/islam-znanost\/","title":{"rendered":"Islam in znanost"},"content":{"rendered":"<p>Islam daje veliko poudarka znanosti in izobrazbi. Islamska sveta knjiga Koran zelo spodbuja znanstveno raziskovanje in iskanje znanja ter spodbuja muslimane, da razmi\u0161ljajo o zakonih vesolja z nizanjem \u0161tevilnih primerov iz kozmologije, geologije, embriologije itd. Muslimani tako ne vidijo nobenega navzkri\u017eja med znanostjo in religijo. Islam ne vsebuje nesmiselnih trditev niti ne sili muslimanov, da bi verjeli nekaj, \u010desar ne razumejo. Islam ne temelji na mitih ali folklori. Vsakogar vabi k eksperimentiranju in zatrjuje, da je resnica vedno preverljiva, v taki ali druga\u010dni obliki. Svoja u\u010denja podpira z razumom in razlago, zadovoljuje \u010dlovekov intelekt in globine du\u0161e. Islam zatrjuje, da ni nasprotij med Bo\u017ejo besedo in njegovimi deli. Zato osvobaja \u010dloveka tradicionalnega rivalstva med znanostjo in religijo in ne zahteva, da bi \u010dlovek verjel v karkoli onkraj zakonov narave, ki jih je On vzpostavil. Bog spodbuja muslimane, da razmi\u0161ljajo o zakonih narave in jih koristno uporabljajo, saj je bilo vse ustvarjeno v dobro \u010dlove\u0161tva.<\/p>\n<p>Koran ljudi ni odvrnil od znanosti, pa\u010d pa pravi: \u00bbPoglejte, razmi\u0161ljajte o tem, kaj se dogaja na nebu in zemlji\u00ab (10: 102). Z nebom je mi\u0161ljen \u0161tudij astronomije, z zemljo pa \u0161tudij geologije, biologije in arheologije. \u010ce bi Bog menil, da bi to ustvarilo predsodke in sovra\u0161tvo zoper religijo, bi Koran svetoval, da naj se ta podro\u010dja znanosti nikoli ne prou\u010dujejo.<\/p>\n<h3><strong>Zlata leta islama<\/strong><\/h3>\n<p>V stoletjih po prihodu islama so muslimanski znanstveniki naredili velik napredek, postali svetovni voditelji na svojih podro\u010djih in omogo\u010dili \u0161tevilna odkritja. Svet je videl znanstvene velikane, kot so<\/p>\n<ul>\n<li>Ibn al-Haitam (pionir na podro\u010dju optike),<\/li>\n<li>Ibn Sina \u2013 Avicena (o\u010de moderne medicine),<\/li>\n<li>Al-Hvarizmi (matematik in astronom),<\/li>\n<li>D\u017eabir bin Hajjan (o\u010de kemije) in<\/li>\n<li>Al-Zahravi (o\u010de moderne kirurgije).<\/li>\n<\/ul>\n<h3><strong>Muslimanski prispevek k znanosti<\/strong><\/h3>\n<p>Zaradi islamskega poziva so se muslimani na znanstvenem podro\u010dju za\u010deli zelo zgodaj udejstvovati. Obse\u017ene knji\u017enice in velike univerze so sodile v vsako veliko mesto islamskega kraljestva.<\/p>\n<p>V osmem stoletju so \u017eeleli vse takratno svetovno znanje sistemati\u010dno zbrati. V glavnem mestu islamskega kraljestva Bagdadu so v ta namen ustanovili in\u0161titut z imenom\u00a0<em>Bait ul Hikma<\/em>\u00a0(Hi\u0161a znanja), kjer so zbirali in v arab\u0161\u010dino prevajali vsa znanstvena dela sveta. Pri tem pa anti\u010dnega znanja niso le prevajali, pa\u010d pa tudi kriti\u010dno raziskovali in dopolnjevali. Na osnovi teh spoznanj so odkrili veliko novega. Dela velikih gr\u0161kih filozofov so, na primer, v Evropo prispela le kot arabski prevodi, saj so jih muslimanski znanstveniki v arab\u0161\u010dino prevedli, komentirali in jih tako obvarovali pred uni\u010denjem.<\/p>\n<h3><strong>Matematika<\/strong><\/h3>\n<p>Muslimani so se zelo zgodaj za\u010deli ukvarjati z matematiko. Pri tem sta pomembno vlogo igrali islamsko pravo o dedovanju in dolo\u010danje smeri proti Kabi \u2013 to\u010dki, h kateri se muslimani obra\u010dajo pri molitvi. Zaradi tega so raziskave na podro\u010dju matematike odlo\u010dilno napredovale. Muslimanskim matematikom dolgujemo zahvalo za dana\u0161nji \u0161tevilski sistem in ni\u010dlo, katerih osnove so iz Indije prenesli v Evropo. Ni\u010d je po arabsko \u00bbsifr\u00ab, iz \u010desar je nastala beseda cifra. Veliki muslimanski matematiki, kot je al-Havarizmi, so v matematiki razvili pomembne metode, ki jih uporabljamo \u0161e danes. V svojem priznanem delu\u00a0<em>Hisab al-jabr w\u2019al-muqabala<\/em>\u00a0je al-Havarizmi\u00a0\u00a0prvi\u010d opisal re\u0161itev linearnih in kvadratnih ena\u010db. Ti ra\u010dunski postopki so \u0161e danes poimenovani po naslovu njegove knjige Algebra.<\/p>\n<h3><strong>Mehanika<\/strong><\/h3>\n<p>Mehanske naprave so uporabljali predvsem v vsakdanjem \u017eivljenju in kmetijstvu. Muslimanski znanstveniki so, na primer, v kmetijstvu \u017ee zelo zgodaj uporabljali mline na veter. Uvedba mlinov na veter v islamski \u0160paniji je bila povod za njihovo \u0161iritev po celotni Evropi. Vodno kolo je \u0161e ena pomembna tehnika, ki so jo lahko v kmetijstvu v polni meri izkori\u0161\u010dali. Z njim so lahko vodo iz rek prenesli na visoko le\u017ee\u010da podro\u010dja. Kasneje so izumili vodno \u010drpalko na dva in \u0161est batov.<\/p>\n<p>Na osnovi te tehnike so razvili tudi veliko finomehanskih naprav. Na tem podro\u010dju so znane naprave in avtomati znanstvenika al-D\u017eazarija.<\/p>\n<h3><strong>Astronomija I<\/strong><\/h3>\n<p>Astronomija je za muslimane pomembna v kar dveh pogledih. Po eni strani so jo uporabljali za orientacijo, ko so potovali na morje ali na kopno, prav tako pa je bila odlo\u010dilno sredstvo za dolo\u010danje smeri kible. Muslimanski astronavti so razvili \u0161tevilne instrumente in metode, da bi lahko opazovali in ra\u010dunali poti nebesnih teles ter planetov. Da bi jih opazovali, so po celotnem islamskem kraljestvu zgradili observatorije, kjer so raziskovalci pri\u0161li do \u0161tevilnih pomembnih odkritij.<\/p>\n<h3><strong>Medicina<\/strong><\/h3>\n<p>Prerok Mohamed (mir in Bo\u017eji blagoslov z njim) je v nekem hadisu razlo\u017eil, da je del znanja poznavanje telesa. Zato je medicina za muslimane predstavljala pomembno znanstveno disciplino in bila pomemben del islamske kulture. Muslimanski zdravniki \u00a0so bili v svojih \u010dasih na tem podro\u010dju vodilni. Ustvarili so obse\u017eno medicinsko literaturo, ki je vplivala predvsem na evropsko medicino in jo odlo\u010dilno spremenila. Dela velikih zdravnikov, kot so Razi (Rasis), Ibn Sina (Avicena) ali Abu al-Qasim al-Zahravi (Abulkasis), so prevedli v latin\u0161\u010dino in jih do 18. stoletja na evropskih univerzah predavali kot standardna dela medicine. Eden izmed najpomembnej\u0161ih muslimanskih zdravnikov je bil Ibn Sina. Njegovo znano delo \u00bbKanun fi at-Tibb\u00ab (Kanon) obravnava teme, kot so medicina, zdravila in njihovi na\u010dini delovanja, patologija, terapija, kirurgija, splo\u0161ne bolezni in antidotarij. Veliko stoletij veljalo kot najpomembnej\u0161e medicinsko delo, tudi v Evropi.<\/p>\n<p>Muslimani so v evropsko medicino uvedli kirurgijo. Muslimanski zdravniki so zelo natan\u010dno opisali kirur\u0161ke posege in njihovo izvedbo. Medicinski instrumenti iz tistega \u010dasa se v kirurgiji delno uporabljajo \u0161e danes. Muslimanski zdravniki so znani po \u0161tevilnih odkritjih. Razvili so tako medicinske teorije kot tudi metode za obravnavo razli\u010dnih bolezni. V mestih islamskega kraljestva so za oskrbo prebivalstva sistemati\u010dno gradili bolni\u0161nice in klinike. Muslimani so bili vodilni tudi na drugih podro\u010djih, kot so filozofija, kemija, fizika, kartografija, navtika itd. Zapu\u0161\u010dine muslimanskih znanstvenikov \u0161e do danes nismo povsem spoznali. Prevodi del v latin\u0161\u010dino in druge evropske jezike so bili odlo\u010dilna spodbuda za evropsko renesanso.<\/p>\n<h3><strong>Koran in znanost<\/strong><\/h3>\n<p>Koran z zahtevo po premi\u0161ljevanju in raziskovanju stvarjenja ustvarja osnovo za dejavnost muslimanov na raziskovalnem podro\u010dju in jih k temu spodbuja. Koran pravi:<\/p>\n<blockquote><p>\u00bbV stvarjenju nebes in Zemlje in v izmenjavi dneva in no\u010di so zagotovo dokazi za tiste, obdarjene z razumom, za tiste, ki slavijo Alaha stoje, sede in le\u017ee ter razmi\u0161ljajo o stvarjenju nebes in Zemlje: \u203a<em>O, Gospodar na\u0161, nisi zaman ustvaril tega, slavljen bodi in obvaruj nas pred trpljenjem v ognju<\/em>!\u2039\u00ab (Koran 3: 191\u2212192).<\/p><\/blockquote>\n<p>V Koranu Bog vernike poziva, naj premi\u0161ljujejo o naravi. Prerok Mohamed (mir in Bo\u017eji blagoslov z njim) prav tako poziva muslimane, da stremijo k znanju, kar je ozna\u010dil tudi kot dol\u017enost vsakega muslimana in muslimanke (Ibn Mad\u017ea). Iz islamskega stali\u0161\u010da sta vera in znanje med seboj povezana in se ne izklju\u010dujeta.<\/p>\n<p>Koran omenja veliko resnic, ki \u010dloveku pred ve\u010d kot tiso\u010dletjem niso bile znane, kot so:<\/p>\n<h3><strong>Evolucija<\/strong><\/h3>\n<blockquote><p><em>Da bo\u0161 zagotovo pre\u0161el iz enega stanje v drugo<\/em> (84: 20).<\/p>\n<p><em>Kaj vam je, da ne pri\u010dakujete modrosti in stalnosti od Alaha? In ustvaril te je v razli\u010dnih oblikah in razli\u010dnih stanjih<\/em> (71: 14\u201315).<\/p>\n<p><em>O \u010dlovek, kaj te zavaja stran od tvojega Milostljivega Gospodarja, ki te je ustvaril, nato izpopolnil in te prav izoblikoval? V katerokoli obliko je \u017eelel, te je sestavil<\/em> (82: 7\u20139).<\/p><\/blockquote>\n<p>Koran govori o stvaritvi korak za korakom, v progresivnih stopnjah, in dosledno zanika koncept spontane stvaritve. Ve\u010d verzov omenja, da je bila evolucija nadzirana in usmerjena z roko Stvarnika.<\/p>\n<h3><strong>Embriologija<\/strong><\/h3>\n<blockquote><p><em>Zares smo vas ustvarili iz prahu, zatem iz kaplje semena, potem iz strdka krvi, nato iz ko\u0161\u010dka mesa, delno oblikovanega in delno neoblikovanega, da bi vam pokazali Na\u0161o mo\u010d. In tisto, kar ho\u010demo, za dolo\u010den \u010das pustimo v maternici, nato se rodite kot dojen\u010dki; nato vas vzgajamo, da dose\u017eete svojo polno mo\u010d \u2026<\/em> (22: 6).<\/p>\n<p><em>\u2026 Ustvari vas v maternicah va\u0161ih mater, stvaritev za stvaritev, v treh temah \u2026<\/em> (39:\u00a07).<\/p><\/blockquote>\n<p>Verzi v Koranu opisujejo ve\u010d stopenj razvoja ploda. \u0160tevilne reference omenjajo razli\u010dne oblike ploda, tudi dejstvo, da vsi oplojeni zarodki ne izpolnijo celotnega razvojnega cikla ploda, omenja se tudi obstoj trebu\u0161ne stene, materni\u010dne stene in embrionalne vre\u010de (\u00bbtri teme\u00ab).<\/p>\n<h3><strong>Astronomija II<\/strong><\/h3>\n<blockquote><p><em>On je Tisti, ki je ustvaril, da Sonce \u017eari briljantno svetlobo in da Mesec odseva lesk \u2026<\/em> (10: 6).<\/p>\n<p><em>In On je Tisti, ki je ustvaril no\u010d in dan in Sonce ter Mesec; in vsak od njih plava po svoji orbiti<\/em> (21: 34).<\/p>\n<p><em>In Sonce se giblje po svoji predvideni poti. To je volja Vsemogo\u010dega, Vsevednega Boga. In za mesec smo odredili stopnje, dokler ponovno ne postane kot stara suha veja palmovega drevesa. Ne bo Sonce doseglo Meseca niti ne more no\u010d prehiteti dneva. Vsi od njih plujejo na orbiti<\/em> (36: 39\u201341).<\/p><\/blockquote>\n<p>V nasprotju s \u0161tevilnimi verovanji v tistem \u010dasu Koran jasno razlo\u010duje med svetlobo, ki prihaja s Sonca, in odbijajo\u010do se svetlobo, ki prihaja z Meseca. Koran prav tako jasno pove, da se Sonce in Mesec gibata po vnaprej predvidenih poteh in da se tudi Sonce giba v vnaprej predvideni smeri, s \u010dimer jasno naznani nebe\u0161ke orbite in gibanje celotnega oson\u010dja po Rimski cesti. To gibanje nebe\u0161kih teles je bilo neznano v Arabiji v sedmem stoletju. Zatrjevanje Korana, da se vsa nebe\u0161ka telesa, vklju\u010dno s Soncem, gibajo po orbitah, je bilo brez primerjave. To dejstvo \u0161e veliko stoletij ni bilo znanstveno potrjeno.<\/p>\n<h3><strong>Kozmologija<\/strong><\/h3>\n<blockquote><p><em>Kaj neverniki ne vidijo, da so bila nebesa in zemlja zaprta gmota, nato pa smo ju odprli \u2026<\/em> (21: 31)<\/p>\n<p><em>In nebesa smo zgradili z Na\u0161imi lastnimi mo\u010dmi in zares jih \u0161e \u0161irimo<\/em> (51: 48).<\/p>\n<p><em>In zapomnite si dan, ko bomo nebesa zvili, kakor pisar zvije napisan papir. Kakor smo za\u010deli prvo stvaritev, tako jo bomo tudi ponovili \u2013 obljuba, ki nas ve\u017ee; zagotovo bomo to naredili<\/em> ( Koran 21: 105).<\/p><\/blockquote>\n<p>Koran opisuje veliko vidikov kozmologije in astronomije, vklju\u010dno z za\u010detkom vesolja in velikim pokom, \u0161irjenje vesolja, pot Sonca in Meseca, razli\u010dno naravo svetlobe, ki prihaja s Sonca in Meseca, kolaps in konec vesolja, kot ga poznamo, ponovno rojstvo vesolja, obstoj zunajzemeljskega \u017eivljenja in na\u0161 stik z njim.<\/p>\n","protected":false},"excerpt":{"rendered":"<p>Islam daje veliko poudarka znanosti in izobrazbi. Islamska sveta knjiga Koran zelo spodbuja znanstveno raziskovanje in iskanje znanja ter spodbuja muslimane, da razmi\u0161ljajo o zakonih vesolja z nizanjem \u0161tevilnih primerov iz kozmologije, geologije, embriologije itd. Muslimani tako ne vidijo nobenega navzkri\u017eja med znanostjo in religijo. Islam ne vsebuje nesmiselnih trditev niti ne sili muslimanov, da<\/p>\n","protected":false},"author":23,"featured_media":1687,"parent":12,"menu_order":5,"comment_status":"closed","ping_status":"closed","template":"","meta":{"_acf_changed":false,"footnotes":""},"class_list":["post-107","page","type-page","status-publish","has-post-thumbnail","hentry"],"acf":[],"yoast_head":"<!-- This site is optimized with the Yoast SEO Premium plugin v21.1 (Yoast SEO v27.0) - https:\/\/yoast.com\/product\/yoast-seo-premium-wordpress\/ -->\n<title>Islam in znanost<\/title>\n<meta name=\"description\" content=\"Islam daje veliko poudarka znanosti in izobrazbi. Muslimani ne vidijo nobenega konflikta med znanostjo in religijo. Islam ne temelji na mitih ali folklori.\" \/>\n<meta name=\"robots\" content=\"index, follow, max-snippet:-1, max-image-preview:large, max-video-preview:-1\" \/>\n<link rel=\"canonical\" href=\"https:\/\/www.ahmadiyya-islam.org\/si\/islam\/islam-znanost\/\" \/>\n<meta property=\"og:locale\" content=\"sl_SI\" \/>\n<meta property=\"og:type\" content=\"article\" \/>\n<meta property=\"og:title\" content=\"Islam in znanost\" \/>\n<meta property=\"og:description\" content=\"Islam daje veliko poudarka znanosti in izobrazbi. Muslimani ne vidijo nobenega konflikta med znanostjo in religijo. Islam ne temelji na mitih ali folklori.\" \/>\n<meta property=\"og:url\" content=\"https:\/\/www.ahmadiyya-islam.org\/si\/islam\/islam-znanost\/\" \/>\n<meta property=\"og:site_name\" content=\"Muslimanska skupnost Ahmadija\" \/>\n<meta property=\"article:modified_time\" content=\"2019-06-30T14:37:30+00:00\" \/>\n<meta property=\"og:image\" content=\"https:\/\/www.ahmadiyya-islam.org\/si\/wp-content\/uploads\/sites\/11\/2019\/01\/islam-in-znanost.jpg\" \/>\n\t<meta property=\"og:image:width\" content=\"600\" \/>\n\t<meta property=\"og:image:height\" content=\"269\" \/>\n\t<meta property=\"og:image:type\" content=\"image\/jpeg\" \/>\n<meta name=\"twitter:card\" content=\"summary_large_image\" \/>\n<meta name=\"twitter:label1\" content=\"Est. reading time\" \/>\n\t<meta name=\"twitter:data1\" content=\"8 minut\" \/>\n<script type=\"application\/ld+json\" class=\"yoast-schema-graph\">{\"@context\":\"https:\/\/schema.org\",\"@graph\":[{\"@type\":\"WebPage\",\"@id\":\"https:\/\/www.ahmadiyya-islam.org\/si\/islam\/islam-znanost\/\",\"url\":\"https:\/\/www.ahmadiyya-islam.org\/si\/islam\/islam-znanost\/\",\"name\":\"Islam in znanost\",\"isPartOf\":{\"@id\":\"https:\/\/www.ahmadiyya-islam.org\/si\/#website\"},\"primaryImageOfPage\":{\"@id\":\"https:\/\/www.ahmadiyya-islam.org\/si\/islam\/islam-znanost\/#primaryimage\"},\"image\":{\"@id\":\"https:\/\/www.ahmadiyya-islam.org\/si\/islam\/islam-znanost\/#primaryimage\"},\"thumbnailUrl\":\"https:\/\/www.ahmadiyya-islam.org\/si\/wp-content\/uploads\/sites\/11\/2019\/01\/islam-in-znanost.jpg\",\"datePublished\":\"2016-05-24T08:25:08+00:00\",\"dateModified\":\"2019-06-30T14:37:30+00:00\",\"description\":\"Islam daje veliko poudarka znanosti in izobrazbi. Muslimani ne vidijo nobenega konflikta med znanostjo in religijo. Islam ne temelji na mitih ali folklori.\",\"breadcrumb\":{\"@id\":\"https:\/\/www.ahmadiyya-islam.org\/si\/islam\/islam-znanost\/#breadcrumb\"},\"inLanguage\":\"sl-SI\",\"potentialAction\":[{\"@type\":\"ReadAction\",\"target\":[\"https:\/\/www.ahmadiyya-islam.org\/si\/islam\/islam-znanost\/\"]}]},{\"@type\":\"ImageObject\",\"inLanguage\":\"sl-SI\",\"@id\":\"https:\/\/www.ahmadiyya-islam.org\/si\/islam\/islam-znanost\/#primaryimage\",\"url\":\"https:\/\/www.ahmadiyya-islam.org\/si\/wp-content\/uploads\/sites\/11\/2019\/01\/islam-in-znanost.jpg\",\"contentUrl\":\"https:\/\/www.ahmadiyya-islam.org\/si\/wp-content\/uploads\/sites\/11\/2019\/01\/islam-in-znanost.jpg\",\"width\":600,\"height\":269,\"caption\":\"Znanost\"},{\"@type\":\"BreadcrumbList\",\"@id\":\"https:\/\/www.ahmadiyya-islam.org\/si\/islam\/islam-znanost\/#breadcrumb\",\"itemListElement\":[{\"@type\":\"ListItem\",\"position\":1,\"name\":\"Home\",\"item\":\"https:\/\/www.ahmadiyya-islam.org\/si\/\"},{\"@type\":\"ListItem\",\"position\":2,\"name\":\"Islam\",\"item\":\"https:\/\/www.ahmadiyya-islam.org\/si\/islam\/\"},{\"@type\":\"ListItem\",\"position\":3,\"name\":\"Islam in znanost\"}]},{\"@type\":\"WebSite\",\"@id\":\"https:\/\/www.ahmadiyya-islam.org\/si\/#website\",\"url\":\"https:\/\/www.ahmadiyya-islam.org\/si\/\",\"name\":\"Muslimanska skupnost Ahmadija\",\"description\":\"Slovenija\",\"potentialAction\":[{\"@type\":\"SearchAction\",\"target\":{\"@type\":\"EntryPoint\",\"urlTemplate\":\"https:\/\/www.ahmadiyya-islam.org\/si\/?s={search_term_string}\"},\"query-input\":{\"@type\":\"PropertyValueSpecification\",\"valueRequired\":true,\"valueName\":\"search_term_string\"}}],\"inLanguage\":\"sl-SI\"}]}<\/script>\n<!-- \/ Yoast SEO Premium plugin. -->","yoast_head_json":{"title":"Islam in znanost","description":"Islam daje veliko poudarka znanosti in izobrazbi. Muslimani ne vidijo nobenega konflikta med znanostjo in religijo. Islam ne temelji na mitih ali folklori.","robots":{"index":"index","follow":"follow","max-snippet":"max-snippet:-1","max-image-preview":"max-image-preview:large","max-video-preview":"max-video-preview:-1"},"canonical":"https:\/\/www.ahmadiyya-islam.org\/si\/islam\/islam-znanost\/","og_locale":"sl_SI","og_type":"article","og_title":"Islam in znanost","og_description":"Islam daje veliko poudarka znanosti in izobrazbi. Muslimani ne vidijo nobenega konflikta med znanostjo in religijo. Islam ne temelji na mitih ali folklori.","og_url":"https:\/\/www.ahmadiyya-islam.org\/si\/islam\/islam-znanost\/","og_site_name":"Muslimanska skupnost Ahmadija","article_modified_time":"2019-06-30T14:37:30+00:00","og_image":[{"width":600,"height":269,"url":"https:\/\/www.ahmadiyya-islam.org\/si\/wp-content\/uploads\/sites\/11\/2019\/01\/islam-in-znanost.jpg","type":"image\/jpeg"}],"twitter_card":"summary_large_image","twitter_misc":{"Est. reading time":"8 minut"},"schema":{"@context":"https:\/\/schema.org","@graph":[{"@type":"WebPage","@id":"https:\/\/www.ahmadiyya-islam.org\/si\/islam\/islam-znanost\/","url":"https:\/\/www.ahmadiyya-islam.org\/si\/islam\/islam-znanost\/","name":"Islam in znanost","isPartOf":{"@id":"https:\/\/www.ahmadiyya-islam.org\/si\/#website"},"primaryImageOfPage":{"@id":"https:\/\/www.ahmadiyya-islam.org\/si\/islam\/islam-znanost\/#primaryimage"},"image":{"@id":"https:\/\/www.ahmadiyya-islam.org\/si\/islam\/islam-znanost\/#primaryimage"},"thumbnailUrl":"https:\/\/www.ahmadiyya-islam.org\/si\/wp-content\/uploads\/sites\/11\/2019\/01\/islam-in-znanost.jpg","datePublished":"2016-05-24T08:25:08+00:00","dateModified":"2019-06-30T14:37:30+00:00","description":"Islam daje veliko poudarka znanosti in izobrazbi. Muslimani ne vidijo nobenega konflikta med znanostjo in religijo. Islam ne temelji na mitih ali folklori.","breadcrumb":{"@id":"https:\/\/www.ahmadiyya-islam.org\/si\/islam\/islam-znanost\/#breadcrumb"},"inLanguage":"sl-SI","potentialAction":[{"@type":"ReadAction","target":["https:\/\/www.ahmadiyya-islam.org\/si\/islam\/islam-znanost\/"]}]},{"@type":"ImageObject","inLanguage":"sl-SI","@id":"https:\/\/www.ahmadiyya-islam.org\/si\/islam\/islam-znanost\/#primaryimage","url":"https:\/\/www.ahmadiyya-islam.org\/si\/wp-content\/uploads\/sites\/11\/2019\/01\/islam-in-znanost.jpg","contentUrl":"https:\/\/www.ahmadiyya-islam.org\/si\/wp-content\/uploads\/sites\/11\/2019\/01\/islam-in-znanost.jpg","width":600,"height":269,"caption":"Znanost"},{"@type":"BreadcrumbList","@id":"https:\/\/www.ahmadiyya-islam.org\/si\/islam\/islam-znanost\/#breadcrumb","itemListElement":[{"@type":"ListItem","position":1,"name":"Home","item":"https:\/\/www.ahmadiyya-islam.org\/si\/"},{"@type":"ListItem","position":2,"name":"Islam","item":"https:\/\/www.ahmadiyya-islam.org\/si\/islam\/"},{"@type":"ListItem","position":3,"name":"Islam in znanost"}]},{"@type":"WebSite","@id":"https:\/\/www.ahmadiyya-islam.org\/si\/#website","url":"https:\/\/www.ahmadiyya-islam.org\/si\/","name":"Muslimanska skupnost Ahmadija","description":"Slovenija","potentialAction":[{"@type":"SearchAction","target":{"@type":"EntryPoint","urlTemplate":"https:\/\/www.ahmadiyya-islam.org\/si\/?s={search_term_string}"},"query-input":{"@type":"PropertyValueSpecification","valueRequired":true,"valueName":"search_term_string"}}],"inLanguage":"sl-SI"}]}},"_links":{"self":[{"href":"https:\/\/www.ahmadiyya-islam.org\/si\/wp-json\/wp\/v2\/pages\/107","targetHints":{"allow":["GET"]}}],"collection":[{"href":"https:\/\/www.ahmadiyya-islam.org\/si\/wp-json\/wp\/v2\/pages"}],"about":[{"href":"https:\/\/www.ahmadiyya-islam.org\/si\/wp-json\/wp\/v2\/types\/page"}],"author":[{"embeddable":true,"href":"https:\/\/www.ahmadiyya-islam.org\/si\/wp-json\/wp\/v2\/users\/23"}],"replies":[{"embeddable":true,"href":"https:\/\/www.ahmadiyya-islam.org\/si\/wp-json\/wp\/v2\/comments?post=107"}],"version-history":[{"count":0,"href":"https:\/\/www.ahmadiyya-islam.org\/si\/wp-json\/wp\/v2\/pages\/107\/revisions"}],"up":[{"embeddable":true,"href":"https:\/\/www.ahmadiyya-islam.org\/si\/wp-json\/wp\/v2\/pages\/12"}],"wp:featuredmedia":[{"embeddable":true,"href":"https:\/\/www.ahmadiyya-islam.org\/si\/wp-json\/wp\/v2\/media\/1687"}],"wp:attachment":[{"href":"https:\/\/www.ahmadiyya-islam.org\/si\/wp-json\/wp\/v2\/media?parent=107"}],"curies":[{"name":"wp","href":"https:\/\/api.w.org\/{rel}","templated":true}]}}