{"id":3923,"date":"2025-11-11T21:14:41","date_gmt":"2025-11-11T21:14:41","guid":{"rendered":"https:\/\/www.ahmadiyya-islam.org\/se\/?page_id=3923"},"modified":"2025-11-11T21:44:08","modified_gmt":"2025-11-11T21:44:08","slug":"vad-anser-islam-om-miljon","status":"publish","type":"page","link":"https:\/\/www.ahmadiyya-islam.org\/se\/medlem\/vanliga-fragor\/vad-anser-islam-om-miljon\/","title":{"rendered":"Vad anser islam om milj\u00f6n?"},"content":{"rendered":"<p>En av Koranens viktigaste l\u00e4ror om milj\u00f6n \u00e4r id\u00e9n om balans och harmoni. Muslimer tror att jorden och alla dess ekosystem skapades i perfekt balans av Allah, och att det \u00e4r v\u00e5rt ansvar att uppr\u00e4tth\u00e5lla den balansen genom ansvarsfull f\u00f6rvaltning av milj\u00f6n.<\/p>\n<p><em>S\u00e5 att ni icke f\u00e5r \u00f6verskrida m\u00e5ttet.<\/em> (55:9)<\/p>\n<p>Koranen l\u00e4r ocks\u00e5 att vi b\u00f6r vara uppm\u00e4rksamma p\u00e5 v\u00e5r p\u00e5verkan p\u00e5 milj\u00f6n och b\u00f6r undvika att sl\u00f6sa med naturresurser.<\/p>\n<p><em>&#8221;\u00c5, ni Adams barn! Pryd er med r\u00e4ttf\u00e4rdighetens kl\u00e4dnad vid varje tid och plats f\u00f6r tillbedjan och \u00e4t och drick, men g\u00e5 icke till \u00f6verdrift, Han \u00e4lskar f\u00f6rvisso icke dem som g\u00e5r till \u00f6verdrift.&#8221; (7:32)<\/em><\/p>\n","protected":false},"excerpt":{"rendered":"<p>En av Koranens viktigaste l\u00e4ror om milj\u00f6n \u00e4r id\u00e9n om balans och harmoni. Muslimer tror att jorden och alla dess ekosystem skapades i perfekt balans av Allah, och att det \u00e4r v\u00e5rt ansvar att uppr\u00e4tth\u00e5lla den balansen genom ansvarsfull f\u00f6rvaltning av milj\u00f6n. S\u00e5 att ni icke f\u00e5r \u00f6verskrida m\u00e5ttet. (55:9) Koranen l\u00e4r ocks\u00e5 att vi<\/p>\n","protected":false},"author":13,"featured_media":0,"parent":3863,"menu_order":27,"comment_status":"closed","ping_status":"closed","template":"","meta":{"_acf_changed":false,"footnotes":""},"class_list":["post-3923","page","type-page","status-publish","hentry"],"acf":[],"yoast_head":"<!-- This site is optimized with the Yoast SEO Premium plugin v21.1 (Yoast SEO v27.4) - https:\/\/yoast.com\/product\/yoast-seo-premium-wordpress\/ -->\n<title>Vad anser islam om milj\u00f6n? - Islams Ahmadiyya F\u00f6rsamling<\/title>\n<meta name=\"robots\" content=\"index, follow, max-snippet:-1, max-image-preview:large, max-video-preview:-1\" \/>\n<link rel=\"canonical\" href=\"https:\/\/www.ahmadiyya-islam.org\/se\/medlem\/vanliga-fragor\/vad-anser-islam-om-miljon\/\" \/>\n<meta property=\"og:locale\" content=\"sv_SE\" \/>\n<meta property=\"og:type\" content=\"article\" \/>\n<meta property=\"og:title\" content=\"Vad anser islam om milj\u00f6n?\" \/>\n<meta property=\"og:description\" content=\"En av Koranens viktigaste l\u00e4ror om milj\u00f6n \u00e4r id\u00e9n om balans och harmoni. Muslimer tror att jorden och alla dess ekosystem skapades i perfekt balans av Allah, och att det \u00e4r v\u00e5rt ansvar att uppr\u00e4tth\u00e5lla den balansen genom ansvarsfull f\u00f6rvaltning av milj\u00f6n. S\u00e5 att ni icke f\u00e5r \u00f6verskrida m\u00e5ttet. (55:9) Koranen l\u00e4r ocks\u00e5 att vi\" \/>\n<meta property=\"og:url\" content=\"https:\/\/www.ahmadiyya-islam.org\/se\/medlem\/vanliga-fragor\/vad-anser-islam-om-miljon\/\" \/>\n<meta property=\"og:site_name\" content=\"Islams Ahmadiyya F\u00f6rsamling\" \/>\n<meta property=\"article:modified_time\" content=\"2025-11-11T21:44:08+00:00\" \/>\n<meta name=\"twitter:card\" content=\"summary_large_image\" \/>\n<meta name=\"twitter:label1\" content=\"Ber\u00e4knad l\u00e4stid\" \/>\n\t<meta name=\"twitter:data1\" content=\"1 minut\" \/>\n<script type=\"application\/ld+json\" class=\"yoast-schema-graph\">{\"@context\":\"https:\\\/\\\/schema.org\",\"@graph\":[{\"@type\":\"WebPage\",\"@id\":\"https:\\\/\\\/www.ahmadiyya-islam.org\\\/se\\\/medlem\\\/vanliga-fragor\\\/vad-anser-islam-om-miljon\\\/\",\"url\":\"https:\\\/\\\/www.ahmadiyya-islam.org\\\/se\\\/medlem\\\/vanliga-fragor\\\/vad-anser-islam-om-miljon\\\/\",\"name\":\"Vad anser islam om milj\u00f6n? - Islams Ahmadiyya F\u00f6rsamling\",\"isPartOf\":{\"@id\":\"https:\\\/\\\/www.ahmadiyya-islam.org\\\/se\\\/#website\"},\"datePublished\":\"2025-11-11T21:14:41+00:00\",\"dateModified\":\"2025-11-11T21:44:08+00:00\",\"breadcrumb\":{\"@id\":\"https:\\\/\\\/www.ahmadiyya-islam.org\\\/se\\\/medlem\\\/vanliga-fragor\\\/vad-anser-islam-om-miljon\\\/#breadcrumb\"},\"inLanguage\":\"sv-SE\",\"potentialAction\":[{\"@type\":\"ReadAction\",\"target\":[\"https:\\\/\\\/www.ahmadiyya-islam.org\\\/se\\\/medlem\\\/vanliga-fragor\\\/vad-anser-islam-om-miljon\\\/\"]}]},{\"@type\":\"BreadcrumbList\",\"@id\":\"https:\\\/\\\/www.ahmadiyya-islam.org\\\/se\\\/medlem\\\/vanliga-fragor\\\/vad-anser-islam-om-miljon\\\/#breadcrumb\",\"itemListElement\":[{\"@type\":\"ListItem\",\"position\":1,\"name\":\"Home\",\"item\":\"https:\\\/\\\/www.ahmadiyya-islam.org\\\/se\\\/\"},{\"@type\":\"ListItem\",\"position\":2,\"name\":\"Medlem\",\"item\":\"https:\\\/\\\/www.ahmadiyya-islam.org\\\/se\\\/medlem\\\/\"},{\"@type\":\"ListItem\",\"position\":3,\"name\":\"Vanliga fr\u00e5gor\",\"item\":\"https:\\\/\\\/www.ahmadiyya-islam.org\\\/se\\\/medlem\\\/vanliga-fragor\\\/\"},{\"@type\":\"ListItem\",\"position\":4,\"name\":\"Vad anser islam om milj\u00f6n?\"}]},{\"@type\":\"WebSite\",\"@id\":\"https:\\\/\\\/www.ahmadiyya-islam.org\\\/se\\\/#website\",\"url\":\"https:\\\/\\\/www.ahmadiyya-islam.org\\\/se\\\/\",\"name\":\"Islams Ahmadiyya F\u00f6rsamling\",\"description\":\"Sverige\",\"potentialAction\":[{\"@type\":\"SearchAction\",\"target\":{\"@type\":\"EntryPoint\",\"urlTemplate\":\"https:\\\/\\\/www.ahmadiyya-islam.org\\\/se\\\/?s={search_term_string}\"},\"query-input\":{\"@type\":\"PropertyValueSpecification\",\"valueRequired\":true,\"valueName\":\"search_term_string\"}}],\"inLanguage\":\"sv-SE\"}]}<\/script>\n<!-- \/ Yoast SEO Premium plugin. -->","yoast_head_json":{"title":"Vad anser islam om milj\u00f6n? - Islams Ahmadiyya F\u00f6rsamling","robots":{"index":"index","follow":"follow","max-snippet":"max-snippet:-1","max-image-preview":"max-image-preview:large","max-video-preview":"max-video-preview:-1"},"canonical":"https:\/\/www.ahmadiyya-islam.org\/se\/medlem\/vanliga-fragor\/vad-anser-islam-om-miljon\/","og_locale":"sv_SE","og_type":"article","og_title":"Vad anser islam om milj\u00f6n?","og_description":"En av Koranens viktigaste l\u00e4ror om milj\u00f6n \u00e4r id\u00e9n om balans och harmoni. Muslimer tror att jorden och alla dess ekosystem skapades i perfekt balans av Allah, och att det \u00e4r v\u00e5rt ansvar att uppr\u00e4tth\u00e5lla den balansen genom ansvarsfull f\u00f6rvaltning av milj\u00f6n. S\u00e5 att ni icke f\u00e5r \u00f6verskrida m\u00e5ttet. (55:9) Koranen l\u00e4r ocks\u00e5 att vi","og_url":"https:\/\/www.ahmadiyya-islam.org\/se\/medlem\/vanliga-fragor\/vad-anser-islam-om-miljon\/","og_site_name":"Islams Ahmadiyya F\u00f6rsamling","article_modified_time":"2025-11-11T21:44:08+00:00","twitter_card":"summary_large_image","twitter_misc":{"Ber\u00e4knad l\u00e4stid":"1 minut"},"schema":{"@context":"https:\/\/schema.org","@graph":[{"@type":"WebPage","@id":"https:\/\/www.ahmadiyya-islam.org\/se\/medlem\/vanliga-fragor\/vad-anser-islam-om-miljon\/","url":"https:\/\/www.ahmadiyya-islam.org\/se\/medlem\/vanliga-fragor\/vad-anser-islam-om-miljon\/","name":"Vad anser islam om milj\u00f6n? - Islams Ahmadiyya F\u00f6rsamling","isPartOf":{"@id":"https:\/\/www.ahmadiyya-islam.org\/se\/#website"},"datePublished":"2025-11-11T21:14:41+00:00","dateModified":"2025-11-11T21:44:08+00:00","breadcrumb":{"@id":"https:\/\/www.ahmadiyya-islam.org\/se\/medlem\/vanliga-fragor\/vad-anser-islam-om-miljon\/#breadcrumb"},"inLanguage":"sv-SE","potentialAction":[{"@type":"ReadAction","target":["https:\/\/www.ahmadiyya-islam.org\/se\/medlem\/vanliga-fragor\/vad-anser-islam-om-miljon\/"]}]},{"@type":"BreadcrumbList","@id":"https:\/\/www.ahmadiyya-islam.org\/se\/medlem\/vanliga-fragor\/vad-anser-islam-om-miljon\/#breadcrumb","itemListElement":[{"@type":"ListItem","position":1,"name":"Home","item":"https:\/\/www.ahmadiyya-islam.org\/se\/"},{"@type":"ListItem","position":2,"name":"Medlem","item":"https:\/\/www.ahmadiyya-islam.org\/se\/medlem\/"},{"@type":"ListItem","position":3,"name":"Vanliga fr\u00e5gor","item":"https:\/\/www.ahmadiyya-islam.org\/se\/medlem\/vanliga-fragor\/"},{"@type":"ListItem","position":4,"name":"Vad anser islam om milj\u00f6n?"}]},{"@type":"WebSite","@id":"https:\/\/www.ahmadiyya-islam.org\/se\/#website","url":"https:\/\/www.ahmadiyya-islam.org\/se\/","name":"Islams Ahmadiyya F\u00f6rsamling","description":"Sverige","potentialAction":[{"@type":"SearchAction","target":{"@type":"EntryPoint","urlTemplate":"https:\/\/www.ahmadiyya-islam.org\/se\/?s={search_term_string}"},"query-input":{"@type":"PropertyValueSpecification","valueRequired":true,"valueName":"search_term_string"}}],"inLanguage":"sv-SE"}]}},"_links":{"self":[{"href":"https:\/\/www.ahmadiyya-islam.org\/se\/wp-json\/wp\/v2\/pages\/3923","targetHints":{"allow":["GET"]}}],"collection":[{"href":"https:\/\/www.ahmadiyya-islam.org\/se\/wp-json\/wp\/v2\/pages"}],"about":[{"href":"https:\/\/www.ahmadiyya-islam.org\/se\/wp-json\/wp\/v2\/types\/page"}],"author":[{"embeddable":true,"href":"https:\/\/www.ahmadiyya-islam.org\/se\/wp-json\/wp\/v2\/users\/13"}],"replies":[{"embeddable":true,"href":"https:\/\/www.ahmadiyya-islam.org\/se\/wp-json\/wp\/v2\/comments?post=3923"}],"version-history":[{"count":1,"href":"https:\/\/www.ahmadiyya-islam.org\/se\/wp-json\/wp\/v2\/pages\/3923\/revisions"}],"predecessor-version":[{"id":3924,"href":"https:\/\/www.ahmadiyya-islam.org\/se\/wp-json\/wp\/v2\/pages\/3923\/revisions\/3924"}],"up":[{"embeddable":true,"href":"https:\/\/www.ahmadiyya-islam.org\/se\/wp-json\/wp\/v2\/pages\/3863"}],"wp:attachment":[{"href":"https:\/\/www.ahmadiyya-islam.org\/se\/wp-json\/wp\/v2\/media?parent=3923"}],"curies":[{"name":"wp","href":"https:\/\/api.w.org\/{rel}","templated":true}]}}