{"id":3921,"date":"2025-11-11T21:14:14","date_gmt":"2025-11-11T21:14:14","guid":{"rendered":"https:\/\/www.ahmadiyya-islam.org\/se\/?page_id=3921"},"modified":"2025-11-11T21:43:45","modified_gmt":"2025-11-11T21:43:45","slug":"vad-sager-koranen-om-fred","status":"publish","type":"page","link":"https:\/\/www.ahmadiyya-islam.org\/se\/medlem\/vanliga-fragor\/vad-sager-koranen-om-fred\/","title":{"rendered":"Vad s\u00e4ger Koranen om fred?"},"content":{"rendered":"<p><em>\u201dOch Allah kallar till fridens boning, och v\u00e4gleder den Han behagar till den r\u00e4tta v\u00e4gen.\u201d (10:26)<\/em><\/p>\n<p><em>\u201dOch om de \u00e4r ben\u00e4gna till fred, n\u00e4rma dig du ocks\u00e5 den, och s\u00e4tt din lit till Allah. Det \u00e4r f\u00f6rvisso Han som \u00e4r Allh\u00f6rande, Allvetande.\u201d (8:62)<\/em><\/p>\n<p>Fred \u00e4r ett centralt begrepp i Koranen och betraktas som mycket \u00f6nskv\u00e4rt f\u00f6r individer, samh\u00e4llen och v\u00e4rlden i stort. Koranen fr\u00e4mjar fred som det yttersta m\u00e5let f\u00f6r m\u00e4nskliga handlingar och uppmanar muslimer att str\u00e4va efter fred i alla aspekter av deras liv.<\/p>\n<p>Koranen l\u00e4r att fred kan uppn\u00e5s genom r\u00e4ttvisa och j\u00e4mlikhet, och att fred inte kan uppr\u00e4ttas utan dem. I denna mening betraktar Koranen fred inte bara som fr\u00e5nvaron av krig och konflikter utan som ett tillst\u00e5nd av social harmoni och balans, d\u00e4r individer och samh\u00e4llen kan blomstra.<\/p>\n<p>Koranen uppmuntrar ocks\u00e5 muslimer att s\u00f6ka fred med m\u00e4nniskor av annan tro och att behandla dem med v\u00e4nlighet och respekt. Muslimer uppmanas att uppr\u00e4tta fredliga relationer med icke-muslimer baserade p\u00e5 \u00f6msesidig respekt, r\u00e4ttvisa och gemensamma intressen.<\/p>\n<p>Dessutom betonar Koranen vikten av inre frid och lugn. Muslimer uppmuntras att v\u00e4nda sig till Gud och att s\u00f6ka tr\u00f6st i b\u00f6n och minnas Gud regelbundet och flitigt f\u00f6r att uppn\u00e5 inre frid och lycka.<\/p>\n<p>Sammantaget ser Koranen fred som ett grundl\u00e4ggande v\u00e4rde och en v\u00e4sentlig del av ett dygdigt och tillfredsst\u00e4llande liv. Den ger v\u00e4gledning om hur man uppn\u00e5r fred i alla aspekter av livet, fr\u00e5n personliga relationer till internationella angel\u00e4genheter, och betonar vikten av r\u00e4ttvisa, j\u00e4mlikhet och \u00f6msesidig respekt f\u00f6r att uppn\u00e5 detta m\u00e5l.<\/p>\n","protected":false},"excerpt":{"rendered":"<p>\u201dOch Allah kallar till fridens boning, och v\u00e4gleder den Han behagar till den r\u00e4tta v\u00e4gen.\u201d (10:26) \u201dOch om de \u00e4r ben\u00e4gna till fred, n\u00e4rma dig du ocks\u00e5 den, och s\u00e4tt din lit till Allah. Det \u00e4r f\u00f6rvisso Han som \u00e4r Allh\u00f6rande, Allvetande.\u201d (8:62) Fred \u00e4r ett centralt begrepp i Koranen och betraktas som mycket \u00f6nskv\u00e4rt<\/p>\n","protected":false},"author":13,"featured_media":0,"parent":3863,"menu_order":26,"comment_status":"closed","ping_status":"closed","template":"","meta":{"_acf_changed":false,"footnotes":""},"class_list":["post-3921","page","type-page","status-publish","hentry"],"acf":[],"yoast_head":"<!-- This site is optimized with the Yoast SEO Premium plugin v21.1 (Yoast SEO v27.4) - https:\/\/yoast.com\/product\/yoast-seo-premium-wordpress\/ -->\n<title>Vad s\u00e4ger Koranen om fred? - Islams Ahmadiyya F\u00f6rsamling<\/title>\n<meta name=\"robots\" content=\"index, follow, max-snippet:-1, max-image-preview:large, max-video-preview:-1\" \/>\n<link rel=\"canonical\" href=\"https:\/\/www.ahmadiyya-islam.org\/se\/medlem\/vanliga-fragor\/vad-sager-koranen-om-fred\/\" \/>\n<meta property=\"og:locale\" content=\"sv_SE\" \/>\n<meta property=\"og:type\" content=\"article\" \/>\n<meta property=\"og:title\" content=\"Vad s\u00e4ger Koranen om fred?\" \/>\n<meta property=\"og:description\" content=\"\u201dOch Allah kallar till fridens boning, och v\u00e4gleder den Han behagar till den r\u00e4tta v\u00e4gen.\u201d (10:26) \u201dOch om de \u00e4r ben\u00e4gna till fred, n\u00e4rma dig du ocks\u00e5 den, och s\u00e4tt din lit till Allah. Det \u00e4r f\u00f6rvisso Han som \u00e4r Allh\u00f6rande, Allvetande.\u201d (8:62) Fred \u00e4r ett centralt begrepp i Koranen och betraktas som mycket \u00f6nskv\u00e4rt\" \/>\n<meta property=\"og:url\" content=\"https:\/\/www.ahmadiyya-islam.org\/se\/medlem\/vanliga-fragor\/vad-sager-koranen-om-fred\/\" \/>\n<meta property=\"og:site_name\" content=\"Islams Ahmadiyya F\u00f6rsamling\" \/>\n<meta property=\"article:modified_time\" content=\"2025-11-11T21:43:45+00:00\" \/>\n<meta name=\"twitter:card\" content=\"summary_large_image\" \/>\n<meta name=\"twitter:label1\" content=\"Ber\u00e4knad l\u00e4stid\" \/>\n\t<meta name=\"twitter:data1\" content=\"2 minuter\" \/>\n<script type=\"application\/ld+json\" class=\"yoast-schema-graph\">{\"@context\":\"https:\\\/\\\/schema.org\",\"@graph\":[{\"@type\":\"WebPage\",\"@id\":\"https:\\\/\\\/www.ahmadiyya-islam.org\\\/se\\\/medlem\\\/vanliga-fragor\\\/vad-sager-koranen-om-fred\\\/\",\"url\":\"https:\\\/\\\/www.ahmadiyya-islam.org\\\/se\\\/medlem\\\/vanliga-fragor\\\/vad-sager-koranen-om-fred\\\/\",\"name\":\"Vad s\u00e4ger Koranen om fred? - Islams Ahmadiyya F\u00f6rsamling\",\"isPartOf\":{\"@id\":\"https:\\\/\\\/www.ahmadiyya-islam.org\\\/se\\\/#website\"},\"datePublished\":\"2025-11-11T21:14:14+00:00\",\"dateModified\":\"2025-11-11T21:43:45+00:00\",\"breadcrumb\":{\"@id\":\"https:\\\/\\\/www.ahmadiyya-islam.org\\\/se\\\/medlem\\\/vanliga-fragor\\\/vad-sager-koranen-om-fred\\\/#breadcrumb\"},\"inLanguage\":\"sv-SE\",\"potentialAction\":[{\"@type\":\"ReadAction\",\"target\":[\"https:\\\/\\\/www.ahmadiyya-islam.org\\\/se\\\/medlem\\\/vanliga-fragor\\\/vad-sager-koranen-om-fred\\\/\"]}]},{\"@type\":\"BreadcrumbList\",\"@id\":\"https:\\\/\\\/www.ahmadiyya-islam.org\\\/se\\\/medlem\\\/vanliga-fragor\\\/vad-sager-koranen-om-fred\\\/#breadcrumb\",\"itemListElement\":[{\"@type\":\"ListItem\",\"position\":1,\"name\":\"Home\",\"item\":\"https:\\\/\\\/www.ahmadiyya-islam.org\\\/se\\\/\"},{\"@type\":\"ListItem\",\"position\":2,\"name\":\"Medlem\",\"item\":\"https:\\\/\\\/www.ahmadiyya-islam.org\\\/se\\\/medlem\\\/\"},{\"@type\":\"ListItem\",\"position\":3,\"name\":\"Vanliga fr\u00e5gor\",\"item\":\"https:\\\/\\\/www.ahmadiyya-islam.org\\\/se\\\/medlem\\\/vanliga-fragor\\\/\"},{\"@type\":\"ListItem\",\"position\":4,\"name\":\"Vad s\u00e4ger Koranen om fred?\"}]},{\"@type\":\"WebSite\",\"@id\":\"https:\\\/\\\/www.ahmadiyya-islam.org\\\/se\\\/#website\",\"url\":\"https:\\\/\\\/www.ahmadiyya-islam.org\\\/se\\\/\",\"name\":\"Islams Ahmadiyya F\u00f6rsamling\",\"description\":\"Sverige\",\"potentialAction\":[{\"@type\":\"SearchAction\",\"target\":{\"@type\":\"EntryPoint\",\"urlTemplate\":\"https:\\\/\\\/www.ahmadiyya-islam.org\\\/se\\\/?s={search_term_string}\"},\"query-input\":{\"@type\":\"PropertyValueSpecification\",\"valueRequired\":true,\"valueName\":\"search_term_string\"}}],\"inLanguage\":\"sv-SE\"}]}<\/script>\n<!-- \/ Yoast SEO Premium plugin. -->","yoast_head_json":{"title":"Vad s\u00e4ger Koranen om fred? - Islams Ahmadiyya F\u00f6rsamling","robots":{"index":"index","follow":"follow","max-snippet":"max-snippet:-1","max-image-preview":"max-image-preview:large","max-video-preview":"max-video-preview:-1"},"canonical":"https:\/\/www.ahmadiyya-islam.org\/se\/medlem\/vanliga-fragor\/vad-sager-koranen-om-fred\/","og_locale":"sv_SE","og_type":"article","og_title":"Vad s\u00e4ger Koranen om fred?","og_description":"\u201dOch Allah kallar till fridens boning, och v\u00e4gleder den Han behagar till den r\u00e4tta v\u00e4gen.\u201d (10:26) \u201dOch om de \u00e4r ben\u00e4gna till fred, n\u00e4rma dig du ocks\u00e5 den, och s\u00e4tt din lit till Allah. Det \u00e4r f\u00f6rvisso Han som \u00e4r Allh\u00f6rande, Allvetande.\u201d (8:62) Fred \u00e4r ett centralt begrepp i Koranen och betraktas som mycket \u00f6nskv\u00e4rt","og_url":"https:\/\/www.ahmadiyya-islam.org\/se\/medlem\/vanliga-fragor\/vad-sager-koranen-om-fred\/","og_site_name":"Islams Ahmadiyya F\u00f6rsamling","article_modified_time":"2025-11-11T21:43:45+00:00","twitter_card":"summary_large_image","twitter_misc":{"Ber\u00e4knad l\u00e4stid":"2 minuter"},"schema":{"@context":"https:\/\/schema.org","@graph":[{"@type":"WebPage","@id":"https:\/\/www.ahmadiyya-islam.org\/se\/medlem\/vanliga-fragor\/vad-sager-koranen-om-fred\/","url":"https:\/\/www.ahmadiyya-islam.org\/se\/medlem\/vanliga-fragor\/vad-sager-koranen-om-fred\/","name":"Vad s\u00e4ger Koranen om fred? - Islams Ahmadiyya F\u00f6rsamling","isPartOf":{"@id":"https:\/\/www.ahmadiyya-islam.org\/se\/#website"},"datePublished":"2025-11-11T21:14:14+00:00","dateModified":"2025-11-11T21:43:45+00:00","breadcrumb":{"@id":"https:\/\/www.ahmadiyya-islam.org\/se\/medlem\/vanliga-fragor\/vad-sager-koranen-om-fred\/#breadcrumb"},"inLanguage":"sv-SE","potentialAction":[{"@type":"ReadAction","target":["https:\/\/www.ahmadiyya-islam.org\/se\/medlem\/vanliga-fragor\/vad-sager-koranen-om-fred\/"]}]},{"@type":"BreadcrumbList","@id":"https:\/\/www.ahmadiyya-islam.org\/se\/medlem\/vanliga-fragor\/vad-sager-koranen-om-fred\/#breadcrumb","itemListElement":[{"@type":"ListItem","position":1,"name":"Home","item":"https:\/\/www.ahmadiyya-islam.org\/se\/"},{"@type":"ListItem","position":2,"name":"Medlem","item":"https:\/\/www.ahmadiyya-islam.org\/se\/medlem\/"},{"@type":"ListItem","position":3,"name":"Vanliga fr\u00e5gor","item":"https:\/\/www.ahmadiyya-islam.org\/se\/medlem\/vanliga-fragor\/"},{"@type":"ListItem","position":4,"name":"Vad s\u00e4ger Koranen om fred?"}]},{"@type":"WebSite","@id":"https:\/\/www.ahmadiyya-islam.org\/se\/#website","url":"https:\/\/www.ahmadiyya-islam.org\/se\/","name":"Islams Ahmadiyya F\u00f6rsamling","description":"Sverige","potentialAction":[{"@type":"SearchAction","target":{"@type":"EntryPoint","urlTemplate":"https:\/\/www.ahmadiyya-islam.org\/se\/?s={search_term_string}"},"query-input":{"@type":"PropertyValueSpecification","valueRequired":true,"valueName":"search_term_string"}}],"inLanguage":"sv-SE"}]}},"_links":{"self":[{"href":"https:\/\/www.ahmadiyya-islam.org\/se\/wp-json\/wp\/v2\/pages\/3921","targetHints":{"allow":["GET"]}}],"collection":[{"href":"https:\/\/www.ahmadiyya-islam.org\/se\/wp-json\/wp\/v2\/pages"}],"about":[{"href":"https:\/\/www.ahmadiyya-islam.org\/se\/wp-json\/wp\/v2\/types\/page"}],"author":[{"embeddable":true,"href":"https:\/\/www.ahmadiyya-islam.org\/se\/wp-json\/wp\/v2\/users\/13"}],"replies":[{"embeddable":true,"href":"https:\/\/www.ahmadiyya-islam.org\/se\/wp-json\/wp\/v2\/comments?post=3921"}],"version-history":[{"count":1,"href":"https:\/\/www.ahmadiyya-islam.org\/se\/wp-json\/wp\/v2\/pages\/3921\/revisions"}],"predecessor-version":[{"id":3922,"href":"https:\/\/www.ahmadiyya-islam.org\/se\/wp-json\/wp\/v2\/pages\/3921\/revisions\/3922"}],"up":[{"embeddable":true,"href":"https:\/\/www.ahmadiyya-islam.org\/se\/wp-json\/wp\/v2\/pages\/3863"}],"wp:attachment":[{"href":"https:\/\/www.ahmadiyya-islam.org\/se\/wp-json\/wp\/v2\/media?parent=3921"}],"curies":[{"name":"wp","href":"https:\/\/api.w.org\/{rel}","templated":true}]}}