{"id":3919,"date":"2025-11-11T21:13:48","date_gmt":"2025-11-11T21:13:48","guid":{"rendered":"https:\/\/www.ahmadiyya-islam.org\/se\/?page_id=3919"},"modified":"2025-11-11T21:43:25","modified_gmt":"2025-11-11T21:43:25","slug":"vad-ar-synen-pa-djur-inom-islam-ar-halalslakt-djurvanligt","status":"publish","type":"page","link":"https:\/\/www.ahmadiyya-islam.org\/se\/medlem\/vanliga-fragor\/vad-ar-synen-pa-djur-inom-islam-ar-halalslakt-djurvanligt\/","title":{"rendered":"Vad \u00e4r synen p\u00e5 djur inom islam? \u00c4r halalslakt djurv\u00e4nligt?"},"content":{"rendered":"<p><em>&#8221;Det finns icke ett djur som kryper p\u00e5 marken, icke en f\u00e5gel som flyger med sina tv\u00e5 vingar, utan att de \u00e4r ordnade i samh\u00e4llen lika era. Vi har icke utl\u00e4mnat n\u00e5gonting i Boken. Sedan skall de samlas ihop till sin Herre.\u201d (6:39)<\/em><\/p>\n<p>Denna vers betonar skapelsens enhet och pekar p\u00e5 att alla varelser, inklusive djur, \u00e4r en del av Guds plan, samt att djur har sina egna samh\u00e4llen och sociala strukturer. Detta understryker vikten av att behandla djur som levande varelser och respektera deras existens och r\u00e4ttigheter. Koranen betonar ocks\u00e5 att m\u00e4nniskor har ett ansvar att ta hand om djur och att behandla dem med v\u00e4nlighet och medk\u00e4nsla.<\/p>\n<p>Vid slakt m\u00e5ste djur behandlas med v\u00e4nlighet och medk\u00e4nsla. Djur f\u00e5r inte torteras eller misshandlas p\u00e5 n\u00e5got s\u00e4tt. Slakten ska ske s\u00e5 snabbt och s\u00e5 sm\u00e4rtfritt som m\u00f6jligt.<\/p>\n","protected":false},"excerpt":{"rendered":"<p>&#8221;Det finns icke ett djur som kryper p\u00e5 marken, icke en f\u00e5gel som flyger med sina tv\u00e5 vingar, utan att de \u00e4r ordnade i samh\u00e4llen lika era. Vi har icke utl\u00e4mnat n\u00e5gonting i Boken. Sedan skall de samlas ihop till sin Herre.\u201d (6:39) Denna vers betonar skapelsens enhet och pekar p\u00e5 att alla varelser, inklusive<\/p>\n","protected":false},"author":13,"featured_media":0,"parent":3863,"menu_order":25,"comment_status":"closed","ping_status":"closed","template":"","meta":{"_acf_changed":false,"footnotes":""},"class_list":["post-3919","page","type-page","status-publish","hentry"],"acf":[],"yoast_head":"<!-- This site is optimized with the Yoast SEO Premium plugin v21.1 (Yoast SEO v27.4) - https:\/\/yoast.com\/product\/yoast-seo-premium-wordpress\/ -->\n<title>Vad \u00e4r synen p\u00e5 djur inom islam? \u00c4r halalslakt djurv\u00e4nligt? - Islams Ahmadiyya F\u00f6rsamling<\/title>\n<meta name=\"robots\" content=\"index, follow, max-snippet:-1, max-image-preview:large, max-video-preview:-1\" \/>\n<link rel=\"canonical\" href=\"https:\/\/www.ahmadiyya-islam.org\/se\/medlem\/vanliga-fragor\/vad-ar-synen-pa-djur-inom-islam-ar-halalslakt-djurvanligt\/\" \/>\n<meta property=\"og:locale\" content=\"sv_SE\" \/>\n<meta property=\"og:type\" content=\"article\" \/>\n<meta property=\"og:title\" content=\"Vad \u00e4r synen p\u00e5 djur inom islam? \u00c4r halalslakt djurv\u00e4nligt?\" \/>\n<meta property=\"og:description\" content=\"&#8221;Det finns icke ett djur som kryper p\u00e5 marken, icke en f\u00e5gel som flyger med sina tv\u00e5 vingar, utan att de \u00e4r ordnade i samh\u00e4llen lika era. Vi har icke utl\u00e4mnat n\u00e5gonting i Boken. Sedan skall de samlas ihop till sin Herre.\u201d (6:39) Denna vers betonar skapelsens enhet och pekar p\u00e5 att alla varelser, inklusive\" \/>\n<meta property=\"og:url\" content=\"https:\/\/www.ahmadiyya-islam.org\/se\/medlem\/vanliga-fragor\/vad-ar-synen-pa-djur-inom-islam-ar-halalslakt-djurvanligt\/\" \/>\n<meta property=\"og:site_name\" content=\"Islams Ahmadiyya F\u00f6rsamling\" \/>\n<meta property=\"article:modified_time\" content=\"2025-11-11T21:43:25+00:00\" \/>\n<meta name=\"twitter:card\" content=\"summary_large_image\" \/>\n<meta name=\"twitter:label1\" content=\"Ber\u00e4knad l\u00e4stid\" \/>\n\t<meta name=\"twitter:data1\" content=\"1 minut\" \/>\n<script type=\"application\/ld+json\" class=\"yoast-schema-graph\">{\"@context\":\"https:\\\/\\\/schema.org\",\"@graph\":[{\"@type\":\"WebPage\",\"@id\":\"https:\\\/\\\/www.ahmadiyya-islam.org\\\/se\\\/medlem\\\/vanliga-fragor\\\/vad-ar-synen-pa-djur-inom-islam-ar-halalslakt-djurvanligt\\\/\",\"url\":\"https:\\\/\\\/www.ahmadiyya-islam.org\\\/se\\\/medlem\\\/vanliga-fragor\\\/vad-ar-synen-pa-djur-inom-islam-ar-halalslakt-djurvanligt\\\/\",\"name\":\"Vad \u00e4r synen p\u00e5 djur inom islam? \u00c4r halalslakt djurv\u00e4nligt? - Islams Ahmadiyya F\u00f6rsamling\",\"isPartOf\":{\"@id\":\"https:\\\/\\\/www.ahmadiyya-islam.org\\\/se\\\/#website\"},\"datePublished\":\"2025-11-11T21:13:48+00:00\",\"dateModified\":\"2025-11-11T21:43:25+00:00\",\"breadcrumb\":{\"@id\":\"https:\\\/\\\/www.ahmadiyya-islam.org\\\/se\\\/medlem\\\/vanliga-fragor\\\/vad-ar-synen-pa-djur-inom-islam-ar-halalslakt-djurvanligt\\\/#breadcrumb\"},\"inLanguage\":\"sv-SE\",\"potentialAction\":[{\"@type\":\"ReadAction\",\"target\":[\"https:\\\/\\\/www.ahmadiyya-islam.org\\\/se\\\/medlem\\\/vanliga-fragor\\\/vad-ar-synen-pa-djur-inom-islam-ar-halalslakt-djurvanligt\\\/\"]}]},{\"@type\":\"BreadcrumbList\",\"@id\":\"https:\\\/\\\/www.ahmadiyya-islam.org\\\/se\\\/medlem\\\/vanliga-fragor\\\/vad-ar-synen-pa-djur-inom-islam-ar-halalslakt-djurvanligt\\\/#breadcrumb\",\"itemListElement\":[{\"@type\":\"ListItem\",\"position\":1,\"name\":\"Home\",\"item\":\"https:\\\/\\\/www.ahmadiyya-islam.org\\\/se\\\/\"},{\"@type\":\"ListItem\",\"position\":2,\"name\":\"Medlem\",\"item\":\"https:\\\/\\\/www.ahmadiyya-islam.org\\\/se\\\/medlem\\\/\"},{\"@type\":\"ListItem\",\"position\":3,\"name\":\"Vanliga fr\u00e5gor\",\"item\":\"https:\\\/\\\/www.ahmadiyya-islam.org\\\/se\\\/medlem\\\/vanliga-fragor\\\/\"},{\"@type\":\"ListItem\",\"position\":4,\"name\":\"Vad \u00e4r synen p\u00e5 djur inom islam? \u00c4r halalslakt djurv\u00e4nligt?\"}]},{\"@type\":\"WebSite\",\"@id\":\"https:\\\/\\\/www.ahmadiyya-islam.org\\\/se\\\/#website\",\"url\":\"https:\\\/\\\/www.ahmadiyya-islam.org\\\/se\\\/\",\"name\":\"Islams Ahmadiyya F\u00f6rsamling\",\"description\":\"Sverige\",\"potentialAction\":[{\"@type\":\"SearchAction\",\"target\":{\"@type\":\"EntryPoint\",\"urlTemplate\":\"https:\\\/\\\/www.ahmadiyya-islam.org\\\/se\\\/?s={search_term_string}\"},\"query-input\":{\"@type\":\"PropertyValueSpecification\",\"valueRequired\":true,\"valueName\":\"search_term_string\"}}],\"inLanguage\":\"sv-SE\"}]}<\/script>\n<!-- \/ Yoast SEO Premium plugin. -->","yoast_head_json":{"title":"Vad \u00e4r synen p\u00e5 djur inom islam? \u00c4r halalslakt djurv\u00e4nligt? - Islams Ahmadiyya F\u00f6rsamling","robots":{"index":"index","follow":"follow","max-snippet":"max-snippet:-1","max-image-preview":"max-image-preview:large","max-video-preview":"max-video-preview:-1"},"canonical":"https:\/\/www.ahmadiyya-islam.org\/se\/medlem\/vanliga-fragor\/vad-ar-synen-pa-djur-inom-islam-ar-halalslakt-djurvanligt\/","og_locale":"sv_SE","og_type":"article","og_title":"Vad \u00e4r synen p\u00e5 djur inom islam? \u00c4r halalslakt djurv\u00e4nligt?","og_description":"&#8221;Det finns icke ett djur som kryper p\u00e5 marken, icke en f\u00e5gel som flyger med sina tv\u00e5 vingar, utan att de \u00e4r ordnade i samh\u00e4llen lika era. Vi har icke utl\u00e4mnat n\u00e5gonting i Boken. Sedan skall de samlas ihop till sin Herre.\u201d (6:39) Denna vers betonar skapelsens enhet och pekar p\u00e5 att alla varelser, inklusive","og_url":"https:\/\/www.ahmadiyya-islam.org\/se\/medlem\/vanliga-fragor\/vad-ar-synen-pa-djur-inom-islam-ar-halalslakt-djurvanligt\/","og_site_name":"Islams Ahmadiyya F\u00f6rsamling","article_modified_time":"2025-11-11T21:43:25+00:00","twitter_card":"summary_large_image","twitter_misc":{"Ber\u00e4knad l\u00e4stid":"1 minut"},"schema":{"@context":"https:\/\/schema.org","@graph":[{"@type":"WebPage","@id":"https:\/\/www.ahmadiyya-islam.org\/se\/medlem\/vanliga-fragor\/vad-ar-synen-pa-djur-inom-islam-ar-halalslakt-djurvanligt\/","url":"https:\/\/www.ahmadiyya-islam.org\/se\/medlem\/vanliga-fragor\/vad-ar-synen-pa-djur-inom-islam-ar-halalslakt-djurvanligt\/","name":"Vad \u00e4r synen p\u00e5 djur inom islam? \u00c4r halalslakt djurv\u00e4nligt? - Islams Ahmadiyya F\u00f6rsamling","isPartOf":{"@id":"https:\/\/www.ahmadiyya-islam.org\/se\/#website"},"datePublished":"2025-11-11T21:13:48+00:00","dateModified":"2025-11-11T21:43:25+00:00","breadcrumb":{"@id":"https:\/\/www.ahmadiyya-islam.org\/se\/medlem\/vanliga-fragor\/vad-ar-synen-pa-djur-inom-islam-ar-halalslakt-djurvanligt\/#breadcrumb"},"inLanguage":"sv-SE","potentialAction":[{"@type":"ReadAction","target":["https:\/\/www.ahmadiyya-islam.org\/se\/medlem\/vanliga-fragor\/vad-ar-synen-pa-djur-inom-islam-ar-halalslakt-djurvanligt\/"]}]},{"@type":"BreadcrumbList","@id":"https:\/\/www.ahmadiyya-islam.org\/se\/medlem\/vanliga-fragor\/vad-ar-synen-pa-djur-inom-islam-ar-halalslakt-djurvanligt\/#breadcrumb","itemListElement":[{"@type":"ListItem","position":1,"name":"Home","item":"https:\/\/www.ahmadiyya-islam.org\/se\/"},{"@type":"ListItem","position":2,"name":"Medlem","item":"https:\/\/www.ahmadiyya-islam.org\/se\/medlem\/"},{"@type":"ListItem","position":3,"name":"Vanliga fr\u00e5gor","item":"https:\/\/www.ahmadiyya-islam.org\/se\/medlem\/vanliga-fragor\/"},{"@type":"ListItem","position":4,"name":"Vad \u00e4r synen p\u00e5 djur inom islam? \u00c4r halalslakt djurv\u00e4nligt?"}]},{"@type":"WebSite","@id":"https:\/\/www.ahmadiyya-islam.org\/se\/#website","url":"https:\/\/www.ahmadiyya-islam.org\/se\/","name":"Islams Ahmadiyya F\u00f6rsamling","description":"Sverige","potentialAction":[{"@type":"SearchAction","target":{"@type":"EntryPoint","urlTemplate":"https:\/\/www.ahmadiyya-islam.org\/se\/?s={search_term_string}"},"query-input":{"@type":"PropertyValueSpecification","valueRequired":true,"valueName":"search_term_string"}}],"inLanguage":"sv-SE"}]}},"_links":{"self":[{"href":"https:\/\/www.ahmadiyya-islam.org\/se\/wp-json\/wp\/v2\/pages\/3919","targetHints":{"allow":["GET"]}}],"collection":[{"href":"https:\/\/www.ahmadiyya-islam.org\/se\/wp-json\/wp\/v2\/pages"}],"about":[{"href":"https:\/\/www.ahmadiyya-islam.org\/se\/wp-json\/wp\/v2\/types\/page"}],"author":[{"embeddable":true,"href":"https:\/\/www.ahmadiyya-islam.org\/se\/wp-json\/wp\/v2\/users\/13"}],"replies":[{"embeddable":true,"href":"https:\/\/www.ahmadiyya-islam.org\/se\/wp-json\/wp\/v2\/comments?post=3919"}],"version-history":[{"count":1,"href":"https:\/\/www.ahmadiyya-islam.org\/se\/wp-json\/wp\/v2\/pages\/3919\/revisions"}],"predecessor-version":[{"id":3920,"href":"https:\/\/www.ahmadiyya-islam.org\/se\/wp-json\/wp\/v2\/pages\/3919\/revisions\/3920"}],"up":[{"embeddable":true,"href":"https:\/\/www.ahmadiyya-islam.org\/se\/wp-json\/wp\/v2\/pages\/3863"}],"wp:attachment":[{"href":"https:\/\/www.ahmadiyya-islam.org\/se\/wp-json\/wp\/v2\/media?parent=3919"}],"curies":[{"name":"wp","href":"https:\/\/api.w.org\/{rel}","templated":true}]}}