{"id":3917,"date":"2025-11-11T21:13:19","date_gmt":"2025-11-11T21:13:19","guid":{"rendered":"https:\/\/www.ahmadiyya-islam.org\/se\/?page_id=3917"},"modified":"2025-11-11T21:43:05","modified_gmt":"2025-11-11T21:43:05","slug":"vad-sager-islam-om-att-uppfylla-sina-forbund","status":"publish","type":"page","link":"https:\/\/www.ahmadiyya-islam.org\/se\/medlem\/vanliga-fragor\/vad-sager-islam-om-att-uppfylla-sina-forbund\/","title":{"rendered":"Vad s\u00e4ger islam om att uppfylla sina f\u00f6rbund?"},"content":{"rendered":"<p><em>\u201d\u00c5, ni som tror, uppfyll era f\u00f6rbund.\u201d (5:2)<\/em><\/p>\n<p>Islam betonar vikten av att uppfylla \u00f6verenskommelser och kontrakt, och att uppr\u00e4tth\u00e5lla sina \u00e5taganden i alla aspekter av livet. Detta inkluderar \u00f6verenskommelser mellan individer, s\u00e5v\u00e4l som de som g\u00f6rs mellan nationer eller grupper. \u00c4ven svenska muslimer f\u00f6rv\u00e4ntas uppfylla sina \u00e5taganden gentemot den svenska staten som en del av det f\u00f6rbund man ing\u00e5tt i genom att bos\u00e4tta sig h\u00e4r. Att bryta ett avtal eller f\u00f6rbund \u00e4r en allvarlig synd i islam.<\/p>\n","protected":false},"excerpt":{"rendered":"<p>\u201d\u00c5, ni som tror, uppfyll era f\u00f6rbund.\u201d (5:2) Islam betonar vikten av att uppfylla \u00f6verenskommelser och kontrakt, och att uppr\u00e4tth\u00e5lla sina \u00e5taganden i alla aspekter av livet. Detta inkluderar \u00f6verenskommelser mellan individer, s\u00e5v\u00e4l som de som g\u00f6rs mellan nationer eller grupper. \u00c4ven svenska muslimer f\u00f6rv\u00e4ntas uppfylla sina \u00e5taganden gentemot den svenska staten som en del<\/p>\n","protected":false},"author":13,"featured_media":0,"parent":3863,"menu_order":24,"comment_status":"closed","ping_status":"closed","template":"","meta":{"_acf_changed":false,"footnotes":""},"class_list":["post-3917","page","type-page","status-publish","hentry"],"acf":[],"yoast_head":"<!-- This site is optimized with the Yoast SEO Premium plugin v21.1 (Yoast SEO v27.0) - https:\/\/yoast.com\/product\/yoast-seo-premium-wordpress\/ -->\n<title>Vad s\u00e4ger islam om att uppfylla sina f\u00f6rbund? - Islams Ahmadiyya F\u00f6rsamling<\/title>\n<meta name=\"robots\" content=\"index, follow, max-snippet:-1, max-image-preview:large, max-video-preview:-1\" \/>\n<link rel=\"canonical\" href=\"https:\/\/www.ahmadiyya-islam.org\/se\/medlem\/vanliga-fragor\/vad-sager-islam-om-att-uppfylla-sina-forbund\/\" \/>\n<meta property=\"og:locale\" content=\"sv_SE\" \/>\n<meta property=\"og:type\" content=\"article\" \/>\n<meta property=\"og:title\" content=\"Vad s\u00e4ger islam om att uppfylla sina f\u00f6rbund?\" \/>\n<meta property=\"og:description\" content=\"\u201d\u00c5, ni som tror, uppfyll era f\u00f6rbund.\u201d (5:2) Islam betonar vikten av att uppfylla \u00f6verenskommelser och kontrakt, och att uppr\u00e4tth\u00e5lla sina \u00e5taganden i alla aspekter av livet. Detta inkluderar \u00f6verenskommelser mellan individer, s\u00e5v\u00e4l som de som g\u00f6rs mellan nationer eller grupper. \u00c4ven svenska muslimer f\u00f6rv\u00e4ntas uppfylla sina \u00e5taganden gentemot den svenska staten som en del\" \/>\n<meta property=\"og:url\" content=\"https:\/\/www.ahmadiyya-islam.org\/se\/medlem\/vanliga-fragor\/vad-sager-islam-om-att-uppfylla-sina-forbund\/\" \/>\n<meta property=\"og:site_name\" content=\"Islams Ahmadiyya F\u00f6rsamling\" \/>\n<meta property=\"article:modified_time\" content=\"2025-11-11T21:43:05+00:00\" \/>\n<meta name=\"twitter:card\" content=\"summary_large_image\" \/>\n<meta name=\"twitter:label1\" content=\"Ber\u00e4knad l\u00e4stid\" \/>\n\t<meta name=\"twitter:data1\" content=\"1 minut\" \/>\n<script type=\"application\/ld+json\" class=\"yoast-schema-graph\">{\"@context\":\"https:\/\/schema.org\",\"@graph\":[{\"@type\":\"WebPage\",\"@id\":\"https:\/\/www.ahmadiyya-islam.org\/se\/medlem\/vanliga-fragor\/vad-sager-islam-om-att-uppfylla-sina-forbund\/\",\"url\":\"https:\/\/www.ahmadiyya-islam.org\/se\/medlem\/vanliga-fragor\/vad-sager-islam-om-att-uppfylla-sina-forbund\/\",\"name\":\"Vad s\u00e4ger islam om att uppfylla sina f\u00f6rbund? - Islams Ahmadiyya F\u00f6rsamling\",\"isPartOf\":{\"@id\":\"https:\/\/www.ahmadiyya-islam.org\/se\/#website\"},\"datePublished\":\"2025-11-11T21:13:19+00:00\",\"dateModified\":\"2025-11-11T21:43:05+00:00\",\"breadcrumb\":{\"@id\":\"https:\/\/www.ahmadiyya-islam.org\/se\/medlem\/vanliga-fragor\/vad-sager-islam-om-att-uppfylla-sina-forbund\/#breadcrumb\"},\"inLanguage\":\"sv-SE\",\"potentialAction\":[{\"@type\":\"ReadAction\",\"target\":[\"https:\/\/www.ahmadiyya-islam.org\/se\/medlem\/vanliga-fragor\/vad-sager-islam-om-att-uppfylla-sina-forbund\/\"]}]},{\"@type\":\"BreadcrumbList\",\"@id\":\"https:\/\/www.ahmadiyya-islam.org\/se\/medlem\/vanliga-fragor\/vad-sager-islam-om-att-uppfylla-sina-forbund\/#breadcrumb\",\"itemListElement\":[{\"@type\":\"ListItem\",\"position\":1,\"name\":\"Home\",\"item\":\"https:\/\/www.ahmadiyya-islam.org\/se\/\"},{\"@type\":\"ListItem\",\"position\":2,\"name\":\"Medlem\",\"item\":\"https:\/\/www.ahmadiyya-islam.org\/se\/medlem\/\"},{\"@type\":\"ListItem\",\"position\":3,\"name\":\"Vanliga fr\u00e5gor\",\"item\":\"https:\/\/www.ahmadiyya-islam.org\/se\/medlem\/vanliga-fragor\/\"},{\"@type\":\"ListItem\",\"position\":4,\"name\":\"Vad s\u00e4ger islam om att uppfylla sina f\u00f6rbund?\"}]},{\"@type\":\"WebSite\",\"@id\":\"https:\/\/www.ahmadiyya-islam.org\/se\/#website\",\"url\":\"https:\/\/www.ahmadiyya-islam.org\/se\/\",\"name\":\"Islams Ahmadiyya F\u00f6rsamling\",\"description\":\"Sverige\",\"potentialAction\":[{\"@type\":\"SearchAction\",\"target\":{\"@type\":\"EntryPoint\",\"urlTemplate\":\"https:\/\/www.ahmadiyya-islam.org\/se\/?s={search_term_string}\"},\"query-input\":{\"@type\":\"PropertyValueSpecification\",\"valueRequired\":true,\"valueName\":\"search_term_string\"}}],\"inLanguage\":\"sv-SE\"}]}<\/script>\n<!-- \/ Yoast SEO Premium plugin. -->","yoast_head_json":{"title":"Vad s\u00e4ger islam om att uppfylla sina f\u00f6rbund? - Islams Ahmadiyya F\u00f6rsamling","robots":{"index":"index","follow":"follow","max-snippet":"max-snippet:-1","max-image-preview":"max-image-preview:large","max-video-preview":"max-video-preview:-1"},"canonical":"https:\/\/www.ahmadiyya-islam.org\/se\/medlem\/vanliga-fragor\/vad-sager-islam-om-att-uppfylla-sina-forbund\/","og_locale":"sv_SE","og_type":"article","og_title":"Vad s\u00e4ger islam om att uppfylla sina f\u00f6rbund?","og_description":"\u201d\u00c5, ni som tror, uppfyll era f\u00f6rbund.\u201d (5:2) Islam betonar vikten av att uppfylla \u00f6verenskommelser och kontrakt, och att uppr\u00e4tth\u00e5lla sina \u00e5taganden i alla aspekter av livet. Detta inkluderar \u00f6verenskommelser mellan individer, s\u00e5v\u00e4l som de som g\u00f6rs mellan nationer eller grupper. \u00c4ven svenska muslimer f\u00f6rv\u00e4ntas uppfylla sina \u00e5taganden gentemot den svenska staten som en del","og_url":"https:\/\/www.ahmadiyya-islam.org\/se\/medlem\/vanliga-fragor\/vad-sager-islam-om-att-uppfylla-sina-forbund\/","og_site_name":"Islams Ahmadiyya F\u00f6rsamling","article_modified_time":"2025-11-11T21:43:05+00:00","twitter_card":"summary_large_image","twitter_misc":{"Ber\u00e4knad l\u00e4stid":"1 minut"},"schema":{"@context":"https:\/\/schema.org","@graph":[{"@type":"WebPage","@id":"https:\/\/www.ahmadiyya-islam.org\/se\/medlem\/vanliga-fragor\/vad-sager-islam-om-att-uppfylla-sina-forbund\/","url":"https:\/\/www.ahmadiyya-islam.org\/se\/medlem\/vanliga-fragor\/vad-sager-islam-om-att-uppfylla-sina-forbund\/","name":"Vad s\u00e4ger islam om att uppfylla sina f\u00f6rbund? - Islams Ahmadiyya F\u00f6rsamling","isPartOf":{"@id":"https:\/\/www.ahmadiyya-islam.org\/se\/#website"},"datePublished":"2025-11-11T21:13:19+00:00","dateModified":"2025-11-11T21:43:05+00:00","breadcrumb":{"@id":"https:\/\/www.ahmadiyya-islam.org\/se\/medlem\/vanliga-fragor\/vad-sager-islam-om-att-uppfylla-sina-forbund\/#breadcrumb"},"inLanguage":"sv-SE","potentialAction":[{"@type":"ReadAction","target":["https:\/\/www.ahmadiyya-islam.org\/se\/medlem\/vanliga-fragor\/vad-sager-islam-om-att-uppfylla-sina-forbund\/"]}]},{"@type":"BreadcrumbList","@id":"https:\/\/www.ahmadiyya-islam.org\/se\/medlem\/vanliga-fragor\/vad-sager-islam-om-att-uppfylla-sina-forbund\/#breadcrumb","itemListElement":[{"@type":"ListItem","position":1,"name":"Home","item":"https:\/\/www.ahmadiyya-islam.org\/se\/"},{"@type":"ListItem","position":2,"name":"Medlem","item":"https:\/\/www.ahmadiyya-islam.org\/se\/medlem\/"},{"@type":"ListItem","position":3,"name":"Vanliga fr\u00e5gor","item":"https:\/\/www.ahmadiyya-islam.org\/se\/medlem\/vanliga-fragor\/"},{"@type":"ListItem","position":4,"name":"Vad s\u00e4ger islam om att uppfylla sina f\u00f6rbund?"}]},{"@type":"WebSite","@id":"https:\/\/www.ahmadiyya-islam.org\/se\/#website","url":"https:\/\/www.ahmadiyya-islam.org\/se\/","name":"Islams Ahmadiyya F\u00f6rsamling","description":"Sverige","potentialAction":[{"@type":"SearchAction","target":{"@type":"EntryPoint","urlTemplate":"https:\/\/www.ahmadiyya-islam.org\/se\/?s={search_term_string}"},"query-input":{"@type":"PropertyValueSpecification","valueRequired":true,"valueName":"search_term_string"}}],"inLanguage":"sv-SE"}]}},"_links":{"self":[{"href":"https:\/\/www.ahmadiyya-islam.org\/se\/wp-json\/wp\/v2\/pages\/3917","targetHints":{"allow":["GET"]}}],"collection":[{"href":"https:\/\/www.ahmadiyya-islam.org\/se\/wp-json\/wp\/v2\/pages"}],"about":[{"href":"https:\/\/www.ahmadiyya-islam.org\/se\/wp-json\/wp\/v2\/types\/page"}],"author":[{"embeddable":true,"href":"https:\/\/www.ahmadiyya-islam.org\/se\/wp-json\/wp\/v2\/users\/13"}],"replies":[{"embeddable":true,"href":"https:\/\/www.ahmadiyya-islam.org\/se\/wp-json\/wp\/v2\/comments?post=3917"}],"version-history":[{"count":1,"href":"https:\/\/www.ahmadiyya-islam.org\/se\/wp-json\/wp\/v2\/pages\/3917\/revisions"}],"predecessor-version":[{"id":3918,"href":"https:\/\/www.ahmadiyya-islam.org\/se\/wp-json\/wp\/v2\/pages\/3917\/revisions\/3918"}],"up":[{"embeddable":true,"href":"https:\/\/www.ahmadiyya-islam.org\/se\/wp-json\/wp\/v2\/pages\/3863"}],"wp:attachment":[{"href":"https:\/\/www.ahmadiyya-islam.org\/se\/wp-json\/wp\/v2\/media?parent=3917"}],"curies":[{"name":"wp","href":"https:\/\/api.w.org\/{rel}","templated":true}]}}