{"id":3915,"date":"2025-11-11T21:12:53","date_gmt":"2025-11-11T21:12:53","guid":{"rendered":"https:\/\/www.ahmadiyya-islam.org\/se\/?page_id=3915"},"modified":"2025-11-11T21:42:47","modified_gmt":"2025-11-11T21:42:47","slug":"far-muslimer-dricka-alkohol","status":"publish","type":"page","link":"https:\/\/www.ahmadiyya-islam.org\/se\/medlem\/vanliga-fragor\/far-muslimer-dricka-alkohol\/","title":{"rendered":"F\u00e5r muslimer dricka alkohol?"},"content":{"rendered":"<p><em>&#8221;De fr\u00e5gar dig om berusningsmedel och lyckospel. S\u00e4g: \u201dDet finns en stor synd i b\u00e5da men ocks\u00e5 n\u00e5gon f\u00f6rdel f\u00f6r m\u00e4nniskor, men deras synd \u00e4r st\u00f6rre \u00e4n deras f\u00f6rdel\u201d (2:220)<\/em><\/p>\n<p>Denna vers g\u00f6r det klart att alkohol \u00e4r f\u00f6rbjudet i islam och att muslimer f\u00f6rv\u00e4ntas undvika det. Koranen erk\u00e4nner att alkohol har vissa f\u00f6rdelar, men den betonar att skadan den orsakar \u00e4r st\u00f6rre \u00e4n n\u00e5gon potentiell f\u00f6rdel. Sammantaget betonar Koranen vikten av att undvika handlingar som kan ha negativa effekter p\u00e5 individer och samh\u00e4lle.<\/p>\n","protected":false},"excerpt":{"rendered":"<p>&#8221;De fr\u00e5gar dig om berusningsmedel och lyckospel. S\u00e4g: \u201dDet finns en stor synd i b\u00e5da men ocks\u00e5 n\u00e5gon f\u00f6rdel f\u00f6r m\u00e4nniskor, men deras synd \u00e4r st\u00f6rre \u00e4n deras f\u00f6rdel\u201d (2:220) Denna vers g\u00f6r det klart att alkohol \u00e4r f\u00f6rbjudet i islam och att muslimer f\u00f6rv\u00e4ntas undvika det. Koranen erk\u00e4nner att alkohol har vissa f\u00f6rdelar, men<\/p>\n","protected":false},"author":13,"featured_media":0,"parent":3863,"menu_order":23,"comment_status":"closed","ping_status":"closed","template":"","meta":{"_acf_changed":false,"footnotes":""},"class_list":["post-3915","page","type-page","status-publish","hentry"],"acf":[],"yoast_head":"<!-- This site is optimized with the Yoast SEO Premium plugin v21.1 (Yoast SEO v27.4) - https:\/\/yoast.com\/product\/yoast-seo-premium-wordpress\/ -->\n<title>F\u00e5r muslimer dricka alkohol? - Islams Ahmadiyya F\u00f6rsamling<\/title>\n<meta name=\"robots\" content=\"index, follow, max-snippet:-1, max-image-preview:large, max-video-preview:-1\" \/>\n<link rel=\"canonical\" href=\"https:\/\/www.ahmadiyya-islam.org\/se\/medlem\/vanliga-fragor\/far-muslimer-dricka-alkohol\/\" \/>\n<meta property=\"og:locale\" content=\"sv_SE\" \/>\n<meta property=\"og:type\" content=\"article\" \/>\n<meta property=\"og:title\" content=\"F\u00e5r muslimer dricka alkohol?\" \/>\n<meta property=\"og:description\" content=\"&#8221;De fr\u00e5gar dig om berusningsmedel och lyckospel. S\u00e4g: \u201dDet finns en stor synd i b\u00e5da men ocks\u00e5 n\u00e5gon f\u00f6rdel f\u00f6r m\u00e4nniskor, men deras synd \u00e4r st\u00f6rre \u00e4n deras f\u00f6rdel\u201d (2:220) Denna vers g\u00f6r det klart att alkohol \u00e4r f\u00f6rbjudet i islam och att muslimer f\u00f6rv\u00e4ntas undvika det. Koranen erk\u00e4nner att alkohol har vissa f\u00f6rdelar, men\" \/>\n<meta property=\"og:url\" content=\"https:\/\/www.ahmadiyya-islam.org\/se\/medlem\/vanliga-fragor\/far-muslimer-dricka-alkohol\/\" \/>\n<meta property=\"og:site_name\" content=\"Islams Ahmadiyya F\u00f6rsamling\" \/>\n<meta property=\"article:modified_time\" content=\"2025-11-11T21:42:47+00:00\" \/>\n<meta name=\"twitter:card\" content=\"summary_large_image\" \/>\n<meta name=\"twitter:label1\" content=\"Ber\u00e4knad l\u00e4stid\" \/>\n\t<meta name=\"twitter:data1\" content=\"1 minut\" \/>\n<script type=\"application\/ld+json\" class=\"yoast-schema-graph\">{\"@context\":\"https:\\\/\\\/schema.org\",\"@graph\":[{\"@type\":\"WebPage\",\"@id\":\"https:\\\/\\\/www.ahmadiyya-islam.org\\\/se\\\/medlem\\\/vanliga-fragor\\\/far-muslimer-dricka-alkohol\\\/\",\"url\":\"https:\\\/\\\/www.ahmadiyya-islam.org\\\/se\\\/medlem\\\/vanliga-fragor\\\/far-muslimer-dricka-alkohol\\\/\",\"name\":\"F\u00e5r muslimer dricka alkohol? - Islams Ahmadiyya F\u00f6rsamling\",\"isPartOf\":{\"@id\":\"https:\\\/\\\/www.ahmadiyya-islam.org\\\/se\\\/#website\"},\"datePublished\":\"2025-11-11T21:12:53+00:00\",\"dateModified\":\"2025-11-11T21:42:47+00:00\",\"breadcrumb\":{\"@id\":\"https:\\\/\\\/www.ahmadiyya-islam.org\\\/se\\\/medlem\\\/vanliga-fragor\\\/far-muslimer-dricka-alkohol\\\/#breadcrumb\"},\"inLanguage\":\"sv-SE\",\"potentialAction\":[{\"@type\":\"ReadAction\",\"target\":[\"https:\\\/\\\/www.ahmadiyya-islam.org\\\/se\\\/medlem\\\/vanliga-fragor\\\/far-muslimer-dricka-alkohol\\\/\"]}]},{\"@type\":\"BreadcrumbList\",\"@id\":\"https:\\\/\\\/www.ahmadiyya-islam.org\\\/se\\\/medlem\\\/vanliga-fragor\\\/far-muslimer-dricka-alkohol\\\/#breadcrumb\",\"itemListElement\":[{\"@type\":\"ListItem\",\"position\":1,\"name\":\"Home\",\"item\":\"https:\\\/\\\/www.ahmadiyya-islam.org\\\/se\\\/\"},{\"@type\":\"ListItem\",\"position\":2,\"name\":\"Medlem\",\"item\":\"https:\\\/\\\/www.ahmadiyya-islam.org\\\/se\\\/medlem\\\/\"},{\"@type\":\"ListItem\",\"position\":3,\"name\":\"Vanliga fr\u00e5gor\",\"item\":\"https:\\\/\\\/www.ahmadiyya-islam.org\\\/se\\\/medlem\\\/vanliga-fragor\\\/\"},{\"@type\":\"ListItem\",\"position\":4,\"name\":\"F\u00e5r muslimer dricka alkohol?\"}]},{\"@type\":\"WebSite\",\"@id\":\"https:\\\/\\\/www.ahmadiyya-islam.org\\\/se\\\/#website\",\"url\":\"https:\\\/\\\/www.ahmadiyya-islam.org\\\/se\\\/\",\"name\":\"Islams Ahmadiyya F\u00f6rsamling\",\"description\":\"Sverige\",\"potentialAction\":[{\"@type\":\"SearchAction\",\"target\":{\"@type\":\"EntryPoint\",\"urlTemplate\":\"https:\\\/\\\/www.ahmadiyya-islam.org\\\/se\\\/?s={search_term_string}\"},\"query-input\":{\"@type\":\"PropertyValueSpecification\",\"valueRequired\":true,\"valueName\":\"search_term_string\"}}],\"inLanguage\":\"sv-SE\"}]}<\/script>\n<!-- \/ Yoast SEO Premium plugin. -->","yoast_head_json":{"title":"F\u00e5r muslimer dricka alkohol? - Islams Ahmadiyya F\u00f6rsamling","robots":{"index":"index","follow":"follow","max-snippet":"max-snippet:-1","max-image-preview":"max-image-preview:large","max-video-preview":"max-video-preview:-1"},"canonical":"https:\/\/www.ahmadiyya-islam.org\/se\/medlem\/vanliga-fragor\/far-muslimer-dricka-alkohol\/","og_locale":"sv_SE","og_type":"article","og_title":"F\u00e5r muslimer dricka alkohol?","og_description":"&#8221;De fr\u00e5gar dig om berusningsmedel och lyckospel. S\u00e4g: \u201dDet finns en stor synd i b\u00e5da men ocks\u00e5 n\u00e5gon f\u00f6rdel f\u00f6r m\u00e4nniskor, men deras synd \u00e4r st\u00f6rre \u00e4n deras f\u00f6rdel\u201d (2:220) Denna vers g\u00f6r det klart att alkohol \u00e4r f\u00f6rbjudet i islam och att muslimer f\u00f6rv\u00e4ntas undvika det. Koranen erk\u00e4nner att alkohol har vissa f\u00f6rdelar, men","og_url":"https:\/\/www.ahmadiyya-islam.org\/se\/medlem\/vanliga-fragor\/far-muslimer-dricka-alkohol\/","og_site_name":"Islams Ahmadiyya F\u00f6rsamling","article_modified_time":"2025-11-11T21:42:47+00:00","twitter_card":"summary_large_image","twitter_misc":{"Ber\u00e4knad l\u00e4stid":"1 minut"},"schema":{"@context":"https:\/\/schema.org","@graph":[{"@type":"WebPage","@id":"https:\/\/www.ahmadiyya-islam.org\/se\/medlem\/vanliga-fragor\/far-muslimer-dricka-alkohol\/","url":"https:\/\/www.ahmadiyya-islam.org\/se\/medlem\/vanliga-fragor\/far-muslimer-dricka-alkohol\/","name":"F\u00e5r muslimer dricka alkohol? - Islams Ahmadiyya F\u00f6rsamling","isPartOf":{"@id":"https:\/\/www.ahmadiyya-islam.org\/se\/#website"},"datePublished":"2025-11-11T21:12:53+00:00","dateModified":"2025-11-11T21:42:47+00:00","breadcrumb":{"@id":"https:\/\/www.ahmadiyya-islam.org\/se\/medlem\/vanliga-fragor\/far-muslimer-dricka-alkohol\/#breadcrumb"},"inLanguage":"sv-SE","potentialAction":[{"@type":"ReadAction","target":["https:\/\/www.ahmadiyya-islam.org\/se\/medlem\/vanliga-fragor\/far-muslimer-dricka-alkohol\/"]}]},{"@type":"BreadcrumbList","@id":"https:\/\/www.ahmadiyya-islam.org\/se\/medlem\/vanliga-fragor\/far-muslimer-dricka-alkohol\/#breadcrumb","itemListElement":[{"@type":"ListItem","position":1,"name":"Home","item":"https:\/\/www.ahmadiyya-islam.org\/se\/"},{"@type":"ListItem","position":2,"name":"Medlem","item":"https:\/\/www.ahmadiyya-islam.org\/se\/medlem\/"},{"@type":"ListItem","position":3,"name":"Vanliga fr\u00e5gor","item":"https:\/\/www.ahmadiyya-islam.org\/se\/medlem\/vanliga-fragor\/"},{"@type":"ListItem","position":4,"name":"F\u00e5r muslimer dricka alkohol?"}]},{"@type":"WebSite","@id":"https:\/\/www.ahmadiyya-islam.org\/se\/#website","url":"https:\/\/www.ahmadiyya-islam.org\/se\/","name":"Islams Ahmadiyya F\u00f6rsamling","description":"Sverige","potentialAction":[{"@type":"SearchAction","target":{"@type":"EntryPoint","urlTemplate":"https:\/\/www.ahmadiyya-islam.org\/se\/?s={search_term_string}"},"query-input":{"@type":"PropertyValueSpecification","valueRequired":true,"valueName":"search_term_string"}}],"inLanguage":"sv-SE"}]}},"_links":{"self":[{"href":"https:\/\/www.ahmadiyya-islam.org\/se\/wp-json\/wp\/v2\/pages\/3915","targetHints":{"allow":["GET"]}}],"collection":[{"href":"https:\/\/www.ahmadiyya-islam.org\/se\/wp-json\/wp\/v2\/pages"}],"about":[{"href":"https:\/\/www.ahmadiyya-islam.org\/se\/wp-json\/wp\/v2\/types\/page"}],"author":[{"embeddable":true,"href":"https:\/\/www.ahmadiyya-islam.org\/se\/wp-json\/wp\/v2\/users\/13"}],"replies":[{"embeddable":true,"href":"https:\/\/www.ahmadiyya-islam.org\/se\/wp-json\/wp\/v2\/comments?post=3915"}],"version-history":[{"count":1,"href":"https:\/\/www.ahmadiyya-islam.org\/se\/wp-json\/wp\/v2\/pages\/3915\/revisions"}],"predecessor-version":[{"id":3916,"href":"https:\/\/www.ahmadiyya-islam.org\/se\/wp-json\/wp\/v2\/pages\/3915\/revisions\/3916"}],"up":[{"embeddable":true,"href":"https:\/\/www.ahmadiyya-islam.org\/se\/wp-json\/wp\/v2\/pages\/3863"}],"wp:attachment":[{"href":"https:\/\/www.ahmadiyya-islam.org\/se\/wp-json\/wp\/v2\/media?parent=3915"}],"curies":[{"name":"wp","href":"https:\/\/api.w.org\/{rel}","templated":true}]}}