{"id":3913,"date":"2025-11-11T21:12:24","date_gmt":"2025-11-11T21:12:24","guid":{"rendered":"https:\/\/www.ahmadiyya-islam.org\/se\/?page_id=3913"},"modified":"2025-11-11T21:42:23","modified_gmt":"2025-11-11T21:42:23","slug":"vad-ar-taqiyyah-och-far-muslimer-ljuga-om-sin-tro","status":"publish","type":"page","link":"https:\/\/www.ahmadiyya-islam.org\/se\/medlem\/vanliga-fragor\/vad-ar-taqiyyah-och-far-muslimer-ljuga-om-sin-tro\/","title":{"rendered":"Vad \u00e4r Taqiyyah och f\u00e5r muslimer ljuga om sin tro?"},"content":{"rendered":"<p>Det \u00e4r v\u00e4ldigt popul\u00e4rt bland Islams motst\u00e5ndare att n\u00e4r de f\u00e5tt svar p\u00e5 anklagelser och inte har n\u00e5got ytterligare att inv\u00e4nda mot i \u00e4mnet, s\u00e5 s\u00e4ger de ist\u00e4llet att muslimer ljuger om sin l\u00e4ra.<\/p>\n<p>Muslimer anklagas f\u00f6r att anv\u00e4nda sig av begreppet <em>Taqiyyah,<\/em> att muslimers tro ger dem till\u00e5telse att ljuga f\u00f6r att slippa sv\u00e5righeter.<\/p>\n<p>Denna teori s\u00e4gs vara baserad p\u00e5 versen <em>\u201dVem helst som icke tror p\u00e5 Allah efter att ha antagit tron, utom den som tvingas till det bortom gr\u00e4nsen f\u00f6r vad han kan st\u00e5 ut med fast\u00e4n hans hj\u00e4rta f\u00f6rblir st\u00e5ndaktigt i tron. Men de vilkas hj\u00e4rtan \u00e4r n\u00f6jda med att f\u00f6rkasta sin tro, \u00f6ver dem kommer Allahs vrede att falla, och f\u00f6r dem kommer det att finnas ett pl\u00e5gsamt straff.\u201d (16:107)<\/em><\/p>\n<p>Att anv\u00e4nda sig av l\u00f6gn \u00e4r absolut inte urs\u00e4ktat i denna vers. Vidare \u00e4r en dom utf\u00e4st f\u00f6r s\u00e5dana m\u00e4nniskor som inte finner styrkan att utst\u00e5 extrem tortyr.<\/p>\n<p><em>\u201dSedan \u00e4r din Herre f\u00f6rvisso Synnerligen F\u00f6rl\u00e5tande och Barmh\u00e4rtig, mot dem som utvandrade efter det att de blivit f\u00f6rf\u00f6ljda och sedan str\u00e4vade h\u00e5rt f\u00f6r Allahs sak och f\u00f6rblev st\u00e5ndaktiga\u201d (16:111)<\/em><\/p>\n<p>Ovan st\u00e5r det att en s\u00e5dan person m\u00e5ste vidta vissa handlingar f\u00f6r att f\u00f6rtj\u00e4na att bli f\u00f6rl\u00e5ten av Gud. En s\u00e5dan person borde migrera fr\u00e5n en s\u00e5dan plats och sedan syssels\u00e4tta sig h\u00e5rt med att predika tron \u200b\u200bf\u00f6r omgivningen p\u00e5 sin nya bostadsplats och etablera sin trofasthet mot tron \u200b\u200bgenom sina handlingar \u2013 en s\u00e5dan person skulle verkligen finna Gud f\u00f6r att vara mest F\u00f6rl\u00e5tande och Barmh\u00e4rtig.<\/p>\n<p>Att ljuga \u00e4r strikt f\u00f6rbjudet inom Islam. Om begreppet <em>Taqiyyah<\/em> hade varit till\u00e5tet hade tusentals av de tidiga muslimerna v\u00e4ldigt enkelt undkommit all f\u00f6rf\u00f6ljelse och sluppit bli m\u00f6rdade p\u00e5 grund av sin tro &#8211; vilket de aldrig gjorde. Sammanfattningsvis betonar islam vikten av sanning och f\u00f6rd\u00f6mer alla former av l\u00f6gn. Muslimer uppmuntras att vara sanningsenliga i alla aspekter av livet.<\/p>\n","protected":false},"excerpt":{"rendered":"<p>Det \u00e4r v\u00e4ldigt popul\u00e4rt bland Islams motst\u00e5ndare att n\u00e4r de f\u00e5tt svar p\u00e5 anklagelser och inte har n\u00e5got ytterligare att inv\u00e4nda mot i \u00e4mnet, s\u00e5 s\u00e4ger de ist\u00e4llet att muslimer ljuger om sin l\u00e4ra. Muslimer anklagas f\u00f6r att anv\u00e4nda sig av begreppet Taqiyyah, att muslimers tro ger dem till\u00e5telse att ljuga f\u00f6r att slippa sv\u00e5righeter.<\/p>\n","protected":false},"author":13,"featured_media":0,"parent":3863,"menu_order":22,"comment_status":"closed","ping_status":"closed","template":"","meta":{"_acf_changed":false,"footnotes":""},"class_list":["post-3913","page","type-page","status-publish","hentry"],"acf":[],"yoast_head":"<!-- This site is optimized with the Yoast SEO Premium plugin v21.1 (Yoast SEO v27.0) - https:\/\/yoast.com\/product\/yoast-seo-premium-wordpress\/ -->\n<title>Vad \u00e4r Taqiyyah och f\u00e5r muslimer ljuga om sin tro? - Islams Ahmadiyya F\u00f6rsamling<\/title>\n<meta name=\"robots\" content=\"index, follow, max-snippet:-1, max-image-preview:large, max-video-preview:-1\" \/>\n<link rel=\"canonical\" href=\"https:\/\/www.ahmadiyya-islam.org\/se\/medlem\/vanliga-fragor\/vad-ar-taqiyyah-och-far-muslimer-ljuga-om-sin-tro\/\" \/>\n<meta property=\"og:locale\" content=\"sv_SE\" \/>\n<meta property=\"og:type\" content=\"article\" \/>\n<meta property=\"og:title\" content=\"Vad \u00e4r Taqiyyah och f\u00e5r muslimer ljuga om sin tro?\" \/>\n<meta property=\"og:description\" content=\"Det \u00e4r v\u00e4ldigt popul\u00e4rt bland Islams motst\u00e5ndare att n\u00e4r de f\u00e5tt svar p\u00e5 anklagelser och inte har n\u00e5got ytterligare att inv\u00e4nda mot i \u00e4mnet, s\u00e5 s\u00e4ger de ist\u00e4llet att muslimer ljuger om sin l\u00e4ra. Muslimer anklagas f\u00f6r att anv\u00e4nda sig av begreppet Taqiyyah, att muslimers tro ger dem till\u00e5telse att ljuga f\u00f6r att slippa sv\u00e5righeter.\" \/>\n<meta property=\"og:url\" content=\"https:\/\/www.ahmadiyya-islam.org\/se\/medlem\/vanliga-fragor\/vad-ar-taqiyyah-och-far-muslimer-ljuga-om-sin-tro\/\" \/>\n<meta property=\"og:site_name\" content=\"Islams Ahmadiyya F\u00f6rsamling\" \/>\n<meta property=\"article:modified_time\" content=\"2025-11-11T21:42:23+00:00\" \/>\n<meta name=\"twitter:card\" content=\"summary_large_image\" \/>\n<meta name=\"twitter:label1\" content=\"Ber\u00e4knad l\u00e4stid\" \/>\n\t<meta name=\"twitter:data1\" content=\"2 minuter\" \/>\n<script type=\"application\/ld+json\" class=\"yoast-schema-graph\">{\"@context\":\"https:\/\/schema.org\",\"@graph\":[{\"@type\":\"WebPage\",\"@id\":\"https:\/\/www.ahmadiyya-islam.org\/se\/medlem\/vanliga-fragor\/vad-ar-taqiyyah-och-far-muslimer-ljuga-om-sin-tro\/\",\"url\":\"https:\/\/www.ahmadiyya-islam.org\/se\/medlem\/vanliga-fragor\/vad-ar-taqiyyah-och-far-muslimer-ljuga-om-sin-tro\/\",\"name\":\"Vad \u00e4r Taqiyyah och f\u00e5r muslimer ljuga om sin tro? - Islams Ahmadiyya F\u00f6rsamling\",\"isPartOf\":{\"@id\":\"https:\/\/www.ahmadiyya-islam.org\/se\/#website\"},\"datePublished\":\"2025-11-11T21:12:24+00:00\",\"dateModified\":\"2025-11-11T21:42:23+00:00\",\"breadcrumb\":{\"@id\":\"https:\/\/www.ahmadiyya-islam.org\/se\/medlem\/vanliga-fragor\/vad-ar-taqiyyah-och-far-muslimer-ljuga-om-sin-tro\/#breadcrumb\"},\"inLanguage\":\"sv-SE\",\"potentialAction\":[{\"@type\":\"ReadAction\",\"target\":[\"https:\/\/www.ahmadiyya-islam.org\/se\/medlem\/vanliga-fragor\/vad-ar-taqiyyah-och-far-muslimer-ljuga-om-sin-tro\/\"]}]},{\"@type\":\"BreadcrumbList\",\"@id\":\"https:\/\/www.ahmadiyya-islam.org\/se\/medlem\/vanliga-fragor\/vad-ar-taqiyyah-och-far-muslimer-ljuga-om-sin-tro\/#breadcrumb\",\"itemListElement\":[{\"@type\":\"ListItem\",\"position\":1,\"name\":\"Home\",\"item\":\"https:\/\/www.ahmadiyya-islam.org\/se\/\"},{\"@type\":\"ListItem\",\"position\":2,\"name\":\"Medlem\",\"item\":\"https:\/\/www.ahmadiyya-islam.org\/se\/medlem\/\"},{\"@type\":\"ListItem\",\"position\":3,\"name\":\"Vanliga fr\u00e5gor\",\"item\":\"https:\/\/www.ahmadiyya-islam.org\/se\/medlem\/vanliga-fragor\/\"},{\"@type\":\"ListItem\",\"position\":4,\"name\":\"Vad \u00e4r Taqiyyah och f\u00e5r muslimer ljuga om sin tro?\"}]},{\"@type\":\"WebSite\",\"@id\":\"https:\/\/www.ahmadiyya-islam.org\/se\/#website\",\"url\":\"https:\/\/www.ahmadiyya-islam.org\/se\/\",\"name\":\"Islams Ahmadiyya F\u00f6rsamling\",\"description\":\"Sverige\",\"potentialAction\":[{\"@type\":\"SearchAction\",\"target\":{\"@type\":\"EntryPoint\",\"urlTemplate\":\"https:\/\/www.ahmadiyya-islam.org\/se\/?s={search_term_string}\"},\"query-input\":{\"@type\":\"PropertyValueSpecification\",\"valueRequired\":true,\"valueName\":\"search_term_string\"}}],\"inLanguage\":\"sv-SE\"}]}<\/script>\n<!-- \/ Yoast SEO Premium plugin. -->","yoast_head_json":{"title":"Vad \u00e4r Taqiyyah och f\u00e5r muslimer ljuga om sin tro? - Islams Ahmadiyya F\u00f6rsamling","robots":{"index":"index","follow":"follow","max-snippet":"max-snippet:-1","max-image-preview":"max-image-preview:large","max-video-preview":"max-video-preview:-1"},"canonical":"https:\/\/www.ahmadiyya-islam.org\/se\/medlem\/vanliga-fragor\/vad-ar-taqiyyah-och-far-muslimer-ljuga-om-sin-tro\/","og_locale":"sv_SE","og_type":"article","og_title":"Vad \u00e4r Taqiyyah och f\u00e5r muslimer ljuga om sin tro?","og_description":"Det \u00e4r v\u00e4ldigt popul\u00e4rt bland Islams motst\u00e5ndare att n\u00e4r de f\u00e5tt svar p\u00e5 anklagelser och inte har n\u00e5got ytterligare att inv\u00e4nda mot i \u00e4mnet, s\u00e5 s\u00e4ger de ist\u00e4llet att muslimer ljuger om sin l\u00e4ra. Muslimer anklagas f\u00f6r att anv\u00e4nda sig av begreppet Taqiyyah, att muslimers tro ger dem till\u00e5telse att ljuga f\u00f6r att slippa sv\u00e5righeter.","og_url":"https:\/\/www.ahmadiyya-islam.org\/se\/medlem\/vanliga-fragor\/vad-ar-taqiyyah-och-far-muslimer-ljuga-om-sin-tro\/","og_site_name":"Islams Ahmadiyya F\u00f6rsamling","article_modified_time":"2025-11-11T21:42:23+00:00","twitter_card":"summary_large_image","twitter_misc":{"Ber\u00e4knad l\u00e4stid":"2 minuter"},"schema":{"@context":"https:\/\/schema.org","@graph":[{"@type":"WebPage","@id":"https:\/\/www.ahmadiyya-islam.org\/se\/medlem\/vanliga-fragor\/vad-ar-taqiyyah-och-far-muslimer-ljuga-om-sin-tro\/","url":"https:\/\/www.ahmadiyya-islam.org\/se\/medlem\/vanliga-fragor\/vad-ar-taqiyyah-och-far-muslimer-ljuga-om-sin-tro\/","name":"Vad \u00e4r Taqiyyah och f\u00e5r muslimer ljuga om sin tro? - Islams Ahmadiyya F\u00f6rsamling","isPartOf":{"@id":"https:\/\/www.ahmadiyya-islam.org\/se\/#website"},"datePublished":"2025-11-11T21:12:24+00:00","dateModified":"2025-11-11T21:42:23+00:00","breadcrumb":{"@id":"https:\/\/www.ahmadiyya-islam.org\/se\/medlem\/vanliga-fragor\/vad-ar-taqiyyah-och-far-muslimer-ljuga-om-sin-tro\/#breadcrumb"},"inLanguage":"sv-SE","potentialAction":[{"@type":"ReadAction","target":["https:\/\/www.ahmadiyya-islam.org\/se\/medlem\/vanliga-fragor\/vad-ar-taqiyyah-och-far-muslimer-ljuga-om-sin-tro\/"]}]},{"@type":"BreadcrumbList","@id":"https:\/\/www.ahmadiyya-islam.org\/se\/medlem\/vanliga-fragor\/vad-ar-taqiyyah-och-far-muslimer-ljuga-om-sin-tro\/#breadcrumb","itemListElement":[{"@type":"ListItem","position":1,"name":"Home","item":"https:\/\/www.ahmadiyya-islam.org\/se\/"},{"@type":"ListItem","position":2,"name":"Medlem","item":"https:\/\/www.ahmadiyya-islam.org\/se\/medlem\/"},{"@type":"ListItem","position":3,"name":"Vanliga fr\u00e5gor","item":"https:\/\/www.ahmadiyya-islam.org\/se\/medlem\/vanliga-fragor\/"},{"@type":"ListItem","position":4,"name":"Vad \u00e4r Taqiyyah och f\u00e5r muslimer ljuga om sin tro?"}]},{"@type":"WebSite","@id":"https:\/\/www.ahmadiyya-islam.org\/se\/#website","url":"https:\/\/www.ahmadiyya-islam.org\/se\/","name":"Islams Ahmadiyya F\u00f6rsamling","description":"Sverige","potentialAction":[{"@type":"SearchAction","target":{"@type":"EntryPoint","urlTemplate":"https:\/\/www.ahmadiyya-islam.org\/se\/?s={search_term_string}"},"query-input":{"@type":"PropertyValueSpecification","valueRequired":true,"valueName":"search_term_string"}}],"inLanguage":"sv-SE"}]}},"_links":{"self":[{"href":"https:\/\/www.ahmadiyya-islam.org\/se\/wp-json\/wp\/v2\/pages\/3913","targetHints":{"allow":["GET"]}}],"collection":[{"href":"https:\/\/www.ahmadiyya-islam.org\/se\/wp-json\/wp\/v2\/pages"}],"about":[{"href":"https:\/\/www.ahmadiyya-islam.org\/se\/wp-json\/wp\/v2\/types\/page"}],"author":[{"embeddable":true,"href":"https:\/\/www.ahmadiyya-islam.org\/se\/wp-json\/wp\/v2\/users\/13"}],"replies":[{"embeddable":true,"href":"https:\/\/www.ahmadiyya-islam.org\/se\/wp-json\/wp\/v2\/comments?post=3913"}],"version-history":[{"count":1,"href":"https:\/\/www.ahmadiyya-islam.org\/se\/wp-json\/wp\/v2\/pages\/3913\/revisions"}],"predecessor-version":[{"id":3914,"href":"https:\/\/www.ahmadiyya-islam.org\/se\/wp-json\/wp\/v2\/pages\/3913\/revisions\/3914"}],"up":[{"embeddable":true,"href":"https:\/\/www.ahmadiyya-islam.org\/se\/wp-json\/wp\/v2\/pages\/3863"}],"wp:attachment":[{"href":"https:\/\/www.ahmadiyya-islam.org\/se\/wp-json\/wp\/v2\/media?parent=3913"}],"curies":[{"name":"wp","href":"https:\/\/api.w.org\/{rel}","templated":true}]}}