{"id":3909,"date":"2025-11-11T21:11:27","date_gmt":"2025-11-11T21:11:27","guid":{"rendered":"https:\/\/www.ahmadiyya-islam.org\/se\/?page_id=3909"},"modified":"2025-11-11T21:41:40","modified_gmt":"2025-11-11T21:41:40","slug":"uppmanar-koranen-till-krig-mot-icke-troende","status":"publish","type":"page","link":"https:\/\/www.ahmadiyya-islam.org\/se\/medlem\/vanliga-fragor\/uppmanar-koranen-till-krig-mot-icke-troende\/","title":{"rendered":"Uppmanar Koranen till krig mot icke-troende?"},"content":{"rendered":"<p>Det finns n\u00e5gra verser i Koranen som har tolkats av vissa f\u00f6r att beordra muslimer att f\u00f6ra krig mot icke-troende eller att straffa dem. Det \u00e4r dock viktigt att f\u00f6rst\u00e5 att Koranens l\u00e4ror om krig och v\u00e5ld \u00e4r kontextualiserade och m\u00e5ste l\u00e4sas i deras historiska sammanhang.<\/p>\n<p>Dessa verser i Koranen citeras ofta i detta sammanhang;<\/p>\n<p>Tillst\u00e5nd att strida har givits till dem mot vilka krig f\u00f6rs, p\u00e5 grund av att de har f\u00f6rf\u00f6rdelats, och Allah har sannerligen makt att hj\u00e4lpa dem. (22:40)<\/p>\n<p><em>&#8221;Och strid p\u00e5 Allahs v\u00e4g mot dem som strider emot er, men \u00f6vertr\u00e4d icke. Allah \u00e4lskar sannerligen icke \u00f6vertr\u00e4darna.&#8221; (2:191)<\/em><\/p>\n<p>Det \u00e4r dock viktigt att notera att dessa verser uppenbarades i samband med tidig islamisk historia, n\u00e4r muslimerna emigrerade fr\u00e5n Mecka till Medina f\u00f6r att f\u00e5 leva i frid och ut\u00f6va sin religion. Trots emigrationen fortsatte f\u00f6rf\u00f6ljelsen, Mekkaborna samlade andra stammar och attackerade muslimerna, m\u00e5let var att utpl\u00e5na dem fr\u00e5n jordens yta. P\u00e5 den tiden s\u00e5gs befallningen att sl\u00e5 tillbaka som ett n\u00f6dv\u00e4ndigt medel f\u00f6r sj\u00e4lvf\u00f6rsvar.<\/p>\n<p>Dessutom betonar Koranen ocks\u00e5 vikten av fredlig samexistens med icke-muslimer, vilket exemplifieras av profeten Muhammads (Allahs frid och v\u00e4lsignelser vare med honom) eget liv och l\u00e4ror. Till exempel l\u00e4r Koranen att muslimer ska behandla icke-muslimer med v\u00e4nlighet och r\u00e4ttvisa:<\/p>\n<p><em>\u201dBetr\u00e4ffande dem som icke har k\u00e4mpat mot er p\u00e5 grund av er religion och som icke har drivit ut er ur era hem, f\u00f6rbjuder Allah er icke att vara v\u00e4nliga mot dem och handla r\u00e4ttvist mot dem, Allah \u00e4lskar f\u00f6rvisso dem som \u00e4r r\u00e4ttvisa.&#8221; (60:9)<\/em><\/p>\n<p><em>&#8221;O ni som tror, var st\u00e5ndaktiga f\u00f6r Allahs sak och b\u00e4r vittnesb\u00f6rd med r\u00e4ttvisa, och l\u00e5t icke en folkets fiendskap driva er till att handla annorlunda \u00e4n med r\u00e4ttvisa.\u201d (5:9) <\/em><\/p>\n<p>Koranens verser m\u00e5ste f\u00f6rst\u00e5s i sitt historiska och sociala sammanhang och i ljuset av Koranens bredare l\u00e4ra om medk\u00e4nsla, r\u00e4ttvisa och fredlig samexistens med alla m\u00e4nniskor.<\/p>\n","protected":false},"excerpt":{"rendered":"<p>Det finns n\u00e5gra verser i Koranen som har tolkats av vissa f\u00f6r att beordra muslimer att f\u00f6ra krig mot icke-troende eller att straffa dem. Det \u00e4r dock viktigt att f\u00f6rst\u00e5 att Koranens l\u00e4ror om krig och v\u00e5ld \u00e4r kontextualiserade och m\u00e5ste l\u00e4sas i deras historiska sammanhang. Dessa verser i Koranen citeras ofta i detta sammanhang;<\/p>\n","protected":false},"author":13,"featured_media":0,"parent":3863,"menu_order":20,"comment_status":"closed","ping_status":"closed","template":"","meta":{"_acf_changed":false,"footnotes":""},"class_list":["post-3909","page","type-page","status-publish","hentry"],"acf":[],"yoast_head":"<!-- This site is optimized with the Yoast SEO Premium plugin v21.1 (Yoast SEO v27.4) - https:\/\/yoast.com\/product\/yoast-seo-premium-wordpress\/ -->\n<title>Uppmanar Koranen till krig mot icke-troende? - Islams Ahmadiyya F\u00f6rsamling<\/title>\n<meta name=\"robots\" content=\"index, follow, max-snippet:-1, max-image-preview:large, max-video-preview:-1\" \/>\n<link rel=\"canonical\" href=\"https:\/\/www.ahmadiyya-islam.org\/se\/medlem\/vanliga-fragor\/uppmanar-koranen-till-krig-mot-icke-troende\/\" \/>\n<meta property=\"og:locale\" content=\"sv_SE\" \/>\n<meta property=\"og:type\" content=\"article\" \/>\n<meta property=\"og:title\" content=\"Uppmanar Koranen till krig mot icke-troende?\" \/>\n<meta property=\"og:description\" content=\"Det finns n\u00e5gra verser i Koranen som har tolkats av vissa f\u00f6r att beordra muslimer att f\u00f6ra krig mot icke-troende eller att straffa dem. Det \u00e4r dock viktigt att f\u00f6rst\u00e5 att Koranens l\u00e4ror om krig och v\u00e5ld \u00e4r kontextualiserade och m\u00e5ste l\u00e4sas i deras historiska sammanhang. Dessa verser i Koranen citeras ofta i detta sammanhang;\" \/>\n<meta property=\"og:url\" content=\"https:\/\/www.ahmadiyya-islam.org\/se\/medlem\/vanliga-fragor\/uppmanar-koranen-till-krig-mot-icke-troende\/\" \/>\n<meta property=\"og:site_name\" content=\"Islams Ahmadiyya F\u00f6rsamling\" \/>\n<meta property=\"article:modified_time\" content=\"2025-11-11T21:41:40+00:00\" \/>\n<meta name=\"twitter:card\" content=\"summary_large_image\" \/>\n<meta name=\"twitter:label1\" content=\"Ber\u00e4knad l\u00e4stid\" \/>\n\t<meta name=\"twitter:data1\" content=\"2 minuter\" \/>\n<script type=\"application\/ld+json\" class=\"yoast-schema-graph\">{\"@context\":\"https:\\\/\\\/schema.org\",\"@graph\":[{\"@type\":\"WebPage\",\"@id\":\"https:\\\/\\\/www.ahmadiyya-islam.org\\\/se\\\/medlem\\\/vanliga-fragor\\\/uppmanar-koranen-till-krig-mot-icke-troende\\\/\",\"url\":\"https:\\\/\\\/www.ahmadiyya-islam.org\\\/se\\\/medlem\\\/vanliga-fragor\\\/uppmanar-koranen-till-krig-mot-icke-troende\\\/\",\"name\":\"Uppmanar Koranen till krig mot icke-troende? - Islams Ahmadiyya F\u00f6rsamling\",\"isPartOf\":{\"@id\":\"https:\\\/\\\/www.ahmadiyya-islam.org\\\/se\\\/#website\"},\"datePublished\":\"2025-11-11T21:11:27+00:00\",\"dateModified\":\"2025-11-11T21:41:40+00:00\",\"breadcrumb\":{\"@id\":\"https:\\\/\\\/www.ahmadiyya-islam.org\\\/se\\\/medlem\\\/vanliga-fragor\\\/uppmanar-koranen-till-krig-mot-icke-troende\\\/#breadcrumb\"},\"inLanguage\":\"sv-SE\",\"potentialAction\":[{\"@type\":\"ReadAction\",\"target\":[\"https:\\\/\\\/www.ahmadiyya-islam.org\\\/se\\\/medlem\\\/vanliga-fragor\\\/uppmanar-koranen-till-krig-mot-icke-troende\\\/\"]}]},{\"@type\":\"BreadcrumbList\",\"@id\":\"https:\\\/\\\/www.ahmadiyya-islam.org\\\/se\\\/medlem\\\/vanliga-fragor\\\/uppmanar-koranen-till-krig-mot-icke-troende\\\/#breadcrumb\",\"itemListElement\":[{\"@type\":\"ListItem\",\"position\":1,\"name\":\"Home\",\"item\":\"https:\\\/\\\/www.ahmadiyya-islam.org\\\/se\\\/\"},{\"@type\":\"ListItem\",\"position\":2,\"name\":\"Medlem\",\"item\":\"https:\\\/\\\/www.ahmadiyya-islam.org\\\/se\\\/medlem\\\/\"},{\"@type\":\"ListItem\",\"position\":3,\"name\":\"Vanliga fr\u00e5gor\",\"item\":\"https:\\\/\\\/www.ahmadiyya-islam.org\\\/se\\\/medlem\\\/vanliga-fragor\\\/\"},{\"@type\":\"ListItem\",\"position\":4,\"name\":\"Uppmanar Koranen till krig mot icke-troende?\"}]},{\"@type\":\"WebSite\",\"@id\":\"https:\\\/\\\/www.ahmadiyya-islam.org\\\/se\\\/#website\",\"url\":\"https:\\\/\\\/www.ahmadiyya-islam.org\\\/se\\\/\",\"name\":\"Islams Ahmadiyya F\u00f6rsamling\",\"description\":\"Sverige\",\"potentialAction\":[{\"@type\":\"SearchAction\",\"target\":{\"@type\":\"EntryPoint\",\"urlTemplate\":\"https:\\\/\\\/www.ahmadiyya-islam.org\\\/se\\\/?s={search_term_string}\"},\"query-input\":{\"@type\":\"PropertyValueSpecification\",\"valueRequired\":true,\"valueName\":\"search_term_string\"}}],\"inLanguage\":\"sv-SE\"}]}<\/script>\n<!-- \/ Yoast SEO Premium plugin. -->","yoast_head_json":{"title":"Uppmanar Koranen till krig mot icke-troende? - Islams Ahmadiyya F\u00f6rsamling","robots":{"index":"index","follow":"follow","max-snippet":"max-snippet:-1","max-image-preview":"max-image-preview:large","max-video-preview":"max-video-preview:-1"},"canonical":"https:\/\/www.ahmadiyya-islam.org\/se\/medlem\/vanliga-fragor\/uppmanar-koranen-till-krig-mot-icke-troende\/","og_locale":"sv_SE","og_type":"article","og_title":"Uppmanar Koranen till krig mot icke-troende?","og_description":"Det finns n\u00e5gra verser i Koranen som har tolkats av vissa f\u00f6r att beordra muslimer att f\u00f6ra krig mot icke-troende eller att straffa dem. Det \u00e4r dock viktigt att f\u00f6rst\u00e5 att Koranens l\u00e4ror om krig och v\u00e5ld \u00e4r kontextualiserade och m\u00e5ste l\u00e4sas i deras historiska sammanhang. Dessa verser i Koranen citeras ofta i detta sammanhang;","og_url":"https:\/\/www.ahmadiyya-islam.org\/se\/medlem\/vanliga-fragor\/uppmanar-koranen-till-krig-mot-icke-troende\/","og_site_name":"Islams Ahmadiyya F\u00f6rsamling","article_modified_time":"2025-11-11T21:41:40+00:00","twitter_card":"summary_large_image","twitter_misc":{"Ber\u00e4knad l\u00e4stid":"2 minuter"},"schema":{"@context":"https:\/\/schema.org","@graph":[{"@type":"WebPage","@id":"https:\/\/www.ahmadiyya-islam.org\/se\/medlem\/vanliga-fragor\/uppmanar-koranen-till-krig-mot-icke-troende\/","url":"https:\/\/www.ahmadiyya-islam.org\/se\/medlem\/vanliga-fragor\/uppmanar-koranen-till-krig-mot-icke-troende\/","name":"Uppmanar Koranen till krig mot icke-troende? - Islams Ahmadiyya F\u00f6rsamling","isPartOf":{"@id":"https:\/\/www.ahmadiyya-islam.org\/se\/#website"},"datePublished":"2025-11-11T21:11:27+00:00","dateModified":"2025-11-11T21:41:40+00:00","breadcrumb":{"@id":"https:\/\/www.ahmadiyya-islam.org\/se\/medlem\/vanliga-fragor\/uppmanar-koranen-till-krig-mot-icke-troende\/#breadcrumb"},"inLanguage":"sv-SE","potentialAction":[{"@type":"ReadAction","target":["https:\/\/www.ahmadiyya-islam.org\/se\/medlem\/vanliga-fragor\/uppmanar-koranen-till-krig-mot-icke-troende\/"]}]},{"@type":"BreadcrumbList","@id":"https:\/\/www.ahmadiyya-islam.org\/se\/medlem\/vanliga-fragor\/uppmanar-koranen-till-krig-mot-icke-troende\/#breadcrumb","itemListElement":[{"@type":"ListItem","position":1,"name":"Home","item":"https:\/\/www.ahmadiyya-islam.org\/se\/"},{"@type":"ListItem","position":2,"name":"Medlem","item":"https:\/\/www.ahmadiyya-islam.org\/se\/medlem\/"},{"@type":"ListItem","position":3,"name":"Vanliga fr\u00e5gor","item":"https:\/\/www.ahmadiyya-islam.org\/se\/medlem\/vanliga-fragor\/"},{"@type":"ListItem","position":4,"name":"Uppmanar Koranen till krig mot icke-troende?"}]},{"@type":"WebSite","@id":"https:\/\/www.ahmadiyya-islam.org\/se\/#website","url":"https:\/\/www.ahmadiyya-islam.org\/se\/","name":"Islams Ahmadiyya F\u00f6rsamling","description":"Sverige","potentialAction":[{"@type":"SearchAction","target":{"@type":"EntryPoint","urlTemplate":"https:\/\/www.ahmadiyya-islam.org\/se\/?s={search_term_string}"},"query-input":{"@type":"PropertyValueSpecification","valueRequired":true,"valueName":"search_term_string"}}],"inLanguage":"sv-SE"}]}},"_links":{"self":[{"href":"https:\/\/www.ahmadiyya-islam.org\/se\/wp-json\/wp\/v2\/pages\/3909","targetHints":{"allow":["GET"]}}],"collection":[{"href":"https:\/\/www.ahmadiyya-islam.org\/se\/wp-json\/wp\/v2\/pages"}],"about":[{"href":"https:\/\/www.ahmadiyya-islam.org\/se\/wp-json\/wp\/v2\/types\/page"}],"author":[{"embeddable":true,"href":"https:\/\/www.ahmadiyya-islam.org\/se\/wp-json\/wp\/v2\/users\/13"}],"replies":[{"embeddable":true,"href":"https:\/\/www.ahmadiyya-islam.org\/se\/wp-json\/wp\/v2\/comments?post=3909"}],"version-history":[{"count":1,"href":"https:\/\/www.ahmadiyya-islam.org\/se\/wp-json\/wp\/v2\/pages\/3909\/revisions"}],"predecessor-version":[{"id":3910,"href":"https:\/\/www.ahmadiyya-islam.org\/se\/wp-json\/wp\/v2\/pages\/3909\/revisions\/3910"}],"up":[{"embeddable":true,"href":"https:\/\/www.ahmadiyya-islam.org\/se\/wp-json\/wp\/v2\/pages\/3863"}],"wp:attachment":[{"href":"https:\/\/www.ahmadiyya-islam.org\/se\/wp-json\/wp\/v2\/media?parent=3909"}],"curies":[{"name":"wp","href":"https:\/\/api.w.org\/{rel}","templated":true}]}}