{"id":3903,"date":"2025-11-11T21:10:04","date_gmt":"2025-11-11T21:10:04","guid":{"rendered":"https:\/\/www.ahmadiyya-islam.org\/se\/?page_id=3903"},"modified":"2025-11-11T21:40:38","modified_gmt":"2025-11-11T21:40:38","slug":"vad-ar-straffet-for-hadelse-blasfemi-inom-islam","status":"publish","type":"page","link":"https:\/\/www.ahmadiyya-islam.org\/se\/medlem\/vanliga-fragor\/vad-ar-straffet-for-hadelse-blasfemi-inom-islam\/","title":{"rendered":"Vad \u00e4r straffet f\u00f6r h\u00e4delse\/blasfemi inom islam?"},"content":{"rendered":"<p>Koranen anser att h\u00e4delse \u00e4r ett allvarligt brott, eftersom det inneb\u00e4r att man inte respekterar Allah, Koranen eller profeterna. Koranen f\u00f6rd\u00f6mer h\u00e4delse och varnar f\u00f6r konsekvenserna av att \u00e4gna sig \u00e5t s\u00e5dant beteende.<\/p>\n<p><em>\u201dSannerligen, de som f\u00f6rtretar Allah och Hans s\u00e4ndebud, dem har Allah f\u00f6rbannat i denna v\u00e4rld och i den tillkommande, och Han har berett ett f\u00f6r\u00f6dmjukande straff f\u00f6r dem.\u201d<\/em> (33:58)<\/p>\n<p>Koranen betonar vikten av att respektera Allah, profeterna och Koranen, och varnar f\u00f6r att \u00e4gna sig \u00e5t respektl\u00f6st och h\u00e5nfullt beteende. I islamisk tradition ses h\u00e4delse som en kr\u00e4nkning av trons helighet.<\/p>\n<p>Trots att blasfemi anses vara en allvarlig synd s\u00e5 finns det inget straff f\u00f6r det i Koranen, ist\u00e4llet har Gud l\u00e4rt muslimerna hur de skall bete sig vid dessa tillf\u00e4llen.<\/p>\n<p>\u201c\u2026 <em>och ni skall sannerligen h\u00f6ra m\u00e5nga sm\u00e4rtsamma ting fr\u00e5n dem som gavs boken f\u00f6re er och fr\u00e5n dem som s\u00e4tter upp j\u00e4mlikar <\/em><em>bredvid Gud. Men om ni visar sinnesstyrka och handlar r\u00e4ttf\u00e4rdigt, \u00e4r det verkligen en fr\u00e5ga om en stark beslutsamhet.<\/em>\u201d (3:187)<\/p>\n<p>Muslimer f\u00f6rv\u00e4ntas, enligt Profetens (frid vare med honom) sunnah, visa t\u00e5lamod vid h\u00e5n och f\u00f6rol\u00e4mpning av tron och \u00f6verl\u00e4mna resten \u00e5t Allah.<\/p>\n","protected":false},"excerpt":{"rendered":"<p>Koranen anser att h\u00e4delse \u00e4r ett allvarligt brott, eftersom det inneb\u00e4r att man inte respekterar Allah, Koranen eller profeterna. Koranen f\u00f6rd\u00f6mer h\u00e4delse och varnar f\u00f6r konsekvenserna av att \u00e4gna sig \u00e5t s\u00e5dant beteende. \u201dSannerligen, de som f\u00f6rtretar Allah och Hans s\u00e4ndebud, dem har Allah f\u00f6rbannat i denna v\u00e4rld och i den tillkommande, och Han har<\/p>\n","protected":false},"author":13,"featured_media":0,"parent":3863,"menu_order":17,"comment_status":"closed","ping_status":"closed","template":"","meta":{"_acf_changed":false,"footnotes":""},"class_list":["post-3903","page","type-page","status-publish","hentry"],"acf":[],"yoast_head":"<!-- This site is optimized with the Yoast SEO Premium plugin v21.1 (Yoast SEO v27.0) - https:\/\/yoast.com\/product\/yoast-seo-premium-wordpress\/ -->\n<title>Vad \u00e4r straffet f\u00f6r h\u00e4delse\/blasfemi inom islam? - Islams Ahmadiyya F\u00f6rsamling<\/title>\n<meta name=\"robots\" content=\"index, follow, max-snippet:-1, max-image-preview:large, max-video-preview:-1\" \/>\n<link rel=\"canonical\" href=\"https:\/\/www.ahmadiyya-islam.org\/se\/medlem\/vanliga-fragor\/vad-ar-straffet-for-hadelse-blasfemi-inom-islam\/\" \/>\n<meta property=\"og:locale\" content=\"sv_SE\" \/>\n<meta property=\"og:type\" content=\"article\" \/>\n<meta property=\"og:title\" content=\"Vad \u00e4r straffet f\u00f6r h\u00e4delse\/blasfemi inom islam?\" \/>\n<meta property=\"og:description\" content=\"Koranen anser att h\u00e4delse \u00e4r ett allvarligt brott, eftersom det inneb\u00e4r att man inte respekterar Allah, Koranen eller profeterna. Koranen f\u00f6rd\u00f6mer h\u00e4delse och varnar f\u00f6r konsekvenserna av att \u00e4gna sig \u00e5t s\u00e5dant beteende. \u201dSannerligen, de som f\u00f6rtretar Allah och Hans s\u00e4ndebud, dem har Allah f\u00f6rbannat i denna v\u00e4rld och i den tillkommande, och Han har\" \/>\n<meta property=\"og:url\" content=\"https:\/\/www.ahmadiyya-islam.org\/se\/medlem\/vanliga-fragor\/vad-ar-straffet-for-hadelse-blasfemi-inom-islam\/\" \/>\n<meta property=\"og:site_name\" content=\"Islams Ahmadiyya F\u00f6rsamling\" \/>\n<meta property=\"article:modified_time\" content=\"2025-11-11T21:40:38+00:00\" \/>\n<meta name=\"twitter:card\" content=\"summary_large_image\" \/>\n<meta name=\"twitter:label1\" content=\"Ber\u00e4knad l\u00e4stid\" \/>\n\t<meta name=\"twitter:data1\" content=\"1 minut\" \/>\n<script type=\"application\/ld+json\" class=\"yoast-schema-graph\">{\"@context\":\"https:\/\/schema.org\",\"@graph\":[{\"@type\":\"WebPage\",\"@id\":\"https:\/\/www.ahmadiyya-islam.org\/se\/medlem\/vanliga-fragor\/vad-ar-straffet-for-hadelse-blasfemi-inom-islam\/\",\"url\":\"https:\/\/www.ahmadiyya-islam.org\/se\/medlem\/vanliga-fragor\/vad-ar-straffet-for-hadelse-blasfemi-inom-islam\/\",\"name\":\"Vad \u00e4r straffet f\u00f6r h\u00e4delse\/blasfemi inom islam? - Islams Ahmadiyya F\u00f6rsamling\",\"isPartOf\":{\"@id\":\"https:\/\/www.ahmadiyya-islam.org\/se\/#website\"},\"datePublished\":\"2025-11-11T21:10:04+00:00\",\"dateModified\":\"2025-11-11T21:40:38+00:00\",\"breadcrumb\":{\"@id\":\"https:\/\/www.ahmadiyya-islam.org\/se\/medlem\/vanliga-fragor\/vad-ar-straffet-for-hadelse-blasfemi-inom-islam\/#breadcrumb\"},\"inLanguage\":\"sv-SE\",\"potentialAction\":[{\"@type\":\"ReadAction\",\"target\":[\"https:\/\/www.ahmadiyya-islam.org\/se\/medlem\/vanliga-fragor\/vad-ar-straffet-for-hadelse-blasfemi-inom-islam\/\"]}]},{\"@type\":\"BreadcrumbList\",\"@id\":\"https:\/\/www.ahmadiyya-islam.org\/se\/medlem\/vanliga-fragor\/vad-ar-straffet-for-hadelse-blasfemi-inom-islam\/#breadcrumb\",\"itemListElement\":[{\"@type\":\"ListItem\",\"position\":1,\"name\":\"Home\",\"item\":\"https:\/\/www.ahmadiyya-islam.org\/se\/\"},{\"@type\":\"ListItem\",\"position\":2,\"name\":\"Medlem\",\"item\":\"https:\/\/www.ahmadiyya-islam.org\/se\/medlem\/\"},{\"@type\":\"ListItem\",\"position\":3,\"name\":\"Vanliga fr\u00e5gor\",\"item\":\"https:\/\/www.ahmadiyya-islam.org\/se\/medlem\/vanliga-fragor\/\"},{\"@type\":\"ListItem\",\"position\":4,\"name\":\"Vad \u00e4r straffet f\u00f6r h\u00e4delse\/blasfemi inom islam?\"}]},{\"@type\":\"WebSite\",\"@id\":\"https:\/\/www.ahmadiyya-islam.org\/se\/#website\",\"url\":\"https:\/\/www.ahmadiyya-islam.org\/se\/\",\"name\":\"Islams Ahmadiyya F\u00f6rsamling\",\"description\":\"Sverige\",\"potentialAction\":[{\"@type\":\"SearchAction\",\"target\":{\"@type\":\"EntryPoint\",\"urlTemplate\":\"https:\/\/www.ahmadiyya-islam.org\/se\/?s={search_term_string}\"},\"query-input\":{\"@type\":\"PropertyValueSpecification\",\"valueRequired\":true,\"valueName\":\"search_term_string\"}}],\"inLanguage\":\"sv-SE\"}]}<\/script>\n<!-- \/ Yoast SEO Premium plugin. -->","yoast_head_json":{"title":"Vad \u00e4r straffet f\u00f6r h\u00e4delse\/blasfemi inom islam? - Islams Ahmadiyya F\u00f6rsamling","robots":{"index":"index","follow":"follow","max-snippet":"max-snippet:-1","max-image-preview":"max-image-preview:large","max-video-preview":"max-video-preview:-1"},"canonical":"https:\/\/www.ahmadiyya-islam.org\/se\/medlem\/vanliga-fragor\/vad-ar-straffet-for-hadelse-blasfemi-inom-islam\/","og_locale":"sv_SE","og_type":"article","og_title":"Vad \u00e4r straffet f\u00f6r h\u00e4delse\/blasfemi inom islam?","og_description":"Koranen anser att h\u00e4delse \u00e4r ett allvarligt brott, eftersom det inneb\u00e4r att man inte respekterar Allah, Koranen eller profeterna. Koranen f\u00f6rd\u00f6mer h\u00e4delse och varnar f\u00f6r konsekvenserna av att \u00e4gna sig \u00e5t s\u00e5dant beteende. \u201dSannerligen, de som f\u00f6rtretar Allah och Hans s\u00e4ndebud, dem har Allah f\u00f6rbannat i denna v\u00e4rld och i den tillkommande, och Han har","og_url":"https:\/\/www.ahmadiyya-islam.org\/se\/medlem\/vanliga-fragor\/vad-ar-straffet-for-hadelse-blasfemi-inom-islam\/","og_site_name":"Islams Ahmadiyya F\u00f6rsamling","article_modified_time":"2025-11-11T21:40:38+00:00","twitter_card":"summary_large_image","twitter_misc":{"Ber\u00e4knad l\u00e4stid":"1 minut"},"schema":{"@context":"https:\/\/schema.org","@graph":[{"@type":"WebPage","@id":"https:\/\/www.ahmadiyya-islam.org\/se\/medlem\/vanliga-fragor\/vad-ar-straffet-for-hadelse-blasfemi-inom-islam\/","url":"https:\/\/www.ahmadiyya-islam.org\/se\/medlem\/vanliga-fragor\/vad-ar-straffet-for-hadelse-blasfemi-inom-islam\/","name":"Vad \u00e4r straffet f\u00f6r h\u00e4delse\/blasfemi inom islam? - Islams Ahmadiyya F\u00f6rsamling","isPartOf":{"@id":"https:\/\/www.ahmadiyya-islam.org\/se\/#website"},"datePublished":"2025-11-11T21:10:04+00:00","dateModified":"2025-11-11T21:40:38+00:00","breadcrumb":{"@id":"https:\/\/www.ahmadiyya-islam.org\/se\/medlem\/vanliga-fragor\/vad-ar-straffet-for-hadelse-blasfemi-inom-islam\/#breadcrumb"},"inLanguage":"sv-SE","potentialAction":[{"@type":"ReadAction","target":["https:\/\/www.ahmadiyya-islam.org\/se\/medlem\/vanliga-fragor\/vad-ar-straffet-for-hadelse-blasfemi-inom-islam\/"]}]},{"@type":"BreadcrumbList","@id":"https:\/\/www.ahmadiyya-islam.org\/se\/medlem\/vanliga-fragor\/vad-ar-straffet-for-hadelse-blasfemi-inom-islam\/#breadcrumb","itemListElement":[{"@type":"ListItem","position":1,"name":"Home","item":"https:\/\/www.ahmadiyya-islam.org\/se\/"},{"@type":"ListItem","position":2,"name":"Medlem","item":"https:\/\/www.ahmadiyya-islam.org\/se\/medlem\/"},{"@type":"ListItem","position":3,"name":"Vanliga fr\u00e5gor","item":"https:\/\/www.ahmadiyya-islam.org\/se\/medlem\/vanliga-fragor\/"},{"@type":"ListItem","position":4,"name":"Vad \u00e4r straffet f\u00f6r h\u00e4delse\/blasfemi inom islam?"}]},{"@type":"WebSite","@id":"https:\/\/www.ahmadiyya-islam.org\/se\/#website","url":"https:\/\/www.ahmadiyya-islam.org\/se\/","name":"Islams Ahmadiyya F\u00f6rsamling","description":"Sverige","potentialAction":[{"@type":"SearchAction","target":{"@type":"EntryPoint","urlTemplate":"https:\/\/www.ahmadiyya-islam.org\/se\/?s={search_term_string}"},"query-input":{"@type":"PropertyValueSpecification","valueRequired":true,"valueName":"search_term_string"}}],"inLanguage":"sv-SE"}]}},"_links":{"self":[{"href":"https:\/\/www.ahmadiyya-islam.org\/se\/wp-json\/wp\/v2\/pages\/3903","targetHints":{"allow":["GET"]}}],"collection":[{"href":"https:\/\/www.ahmadiyya-islam.org\/se\/wp-json\/wp\/v2\/pages"}],"about":[{"href":"https:\/\/www.ahmadiyya-islam.org\/se\/wp-json\/wp\/v2\/types\/page"}],"author":[{"embeddable":true,"href":"https:\/\/www.ahmadiyya-islam.org\/se\/wp-json\/wp\/v2\/users\/13"}],"replies":[{"embeddable":true,"href":"https:\/\/www.ahmadiyya-islam.org\/se\/wp-json\/wp\/v2\/comments?post=3903"}],"version-history":[{"count":1,"href":"https:\/\/www.ahmadiyya-islam.org\/se\/wp-json\/wp\/v2\/pages\/3903\/revisions"}],"predecessor-version":[{"id":3904,"href":"https:\/\/www.ahmadiyya-islam.org\/se\/wp-json\/wp\/v2\/pages\/3903\/revisions\/3904"}],"up":[{"embeddable":true,"href":"https:\/\/www.ahmadiyya-islam.org\/se\/wp-json\/wp\/v2\/pages\/3863"}],"wp:attachment":[{"href":"https:\/\/www.ahmadiyya-islam.org\/se\/wp-json\/wp\/v2\/media?parent=3903"}],"curies":[{"name":"wp","href":"https:\/\/api.w.org\/{rel}","templated":true}]}}