{"id":3901,"date":"2025-11-11T21:09:36","date_gmt":"2025-11-11T21:09:36","guid":{"rendered":"https:\/\/www.ahmadiyya-islam.org\/se\/?page_id=3901"},"modified":"2025-11-11T21:39:58","modified_gmt":"2025-11-11T21:39:58","slug":"vad-ar-straffet-for-att-lamna-islam","status":"publish","type":"page","link":"https:\/\/www.ahmadiyya-islam.org\/se\/medlem\/vanliga-fragor\/vad-ar-straffet-for-att-lamna-islam\/","title":{"rendered":"Vad \u00e4r straffet f\u00f6r att l\u00e4mna islam?"},"content":{"rendered":"<p>Att avs\u00e4ga sig sin tro n\u00e4mns i Koranen. Koranen bekr\u00e4ftar religionsfriheten och r\u00e4tten att v\u00e4lja sin tro, men varnar ocks\u00e5 f\u00f6r konsekvenserna av att \u00f6verge sin tro. H\u00e4r \u00e4r n\u00e5gra exempel p\u00e5 verser fr\u00e5n Koranen:<\/p>\n<p><em>\u201dDet \u00e4r sanningen fr\u00e5n din Herre. L\u00e5t d\u00e4rf\u00f6r den tro som s\u00e5 vill och l\u00e5t den l\u00e5ta bli att tro som vill det.\u201d <\/em>(18:30)<\/p>\n<p><em>\u201dDet f\u00e5r icke finnas n\u00e5got tv\u00e5ng i religionen.\u201d <\/em>(2:257)<\/p>\n<p><em>\u201dAllah kommer aldrig att f\u00f6rl\u00e5ta dem som tror, sedan f\u00f6rnekar, sedan tror igen, sedan f\u00f6rnekar och sedan \u00f6kar i otro, icke heller kommer Han att v\u00e4gleda dem till den r\u00e4tta v\u00e4gen\u201d <sup>54<\/sup><\/em><\/p>\n<p>Dessa verser bekr\u00e4ftar r\u00e4tten till religionsfrihet och betonar att tro \u00e4r en fr\u00e5ga om personligt val. Koranen erk\u00e4nner ocks\u00e5 allvaret i att \u00f6verge sin tro och varnar f\u00f6r de andliga konsekvenserna av det. Det \u00e4r klart och tydligt att m\u00e4nniskor inte har r\u00e4tt att straffa dem som l\u00e4mnar tron.<\/p>\n","protected":false},"excerpt":{"rendered":"<p>Att avs\u00e4ga sig sin tro n\u00e4mns i Koranen. Koranen bekr\u00e4ftar religionsfriheten och r\u00e4tten att v\u00e4lja sin tro, men varnar ocks\u00e5 f\u00f6r konsekvenserna av att \u00f6verge sin tro. H\u00e4r \u00e4r n\u00e5gra exempel p\u00e5 verser fr\u00e5n Koranen: \u201dDet \u00e4r sanningen fr\u00e5n din Herre. L\u00e5t d\u00e4rf\u00f6r den tro som s\u00e5 vill och l\u00e5t den l\u00e5ta bli att tro<\/p>\n","protected":false},"author":13,"featured_media":0,"parent":3863,"menu_order":16,"comment_status":"closed","ping_status":"closed","template":"","meta":{"_acf_changed":false,"footnotes":""},"class_list":["post-3901","page","type-page","status-publish","hentry"],"acf":[],"yoast_head":"<!-- This site is optimized with the Yoast SEO Premium plugin v21.1 (Yoast SEO v27.0) - https:\/\/yoast.com\/product\/yoast-seo-premium-wordpress\/ -->\n<title>Vad \u00e4r straffet f\u00f6r att l\u00e4mna islam? - Islams Ahmadiyya F\u00f6rsamling<\/title>\n<meta name=\"robots\" content=\"index, follow, max-snippet:-1, max-image-preview:large, max-video-preview:-1\" \/>\n<link rel=\"canonical\" href=\"https:\/\/www.ahmadiyya-islam.org\/se\/medlem\/vanliga-fragor\/vad-ar-straffet-for-att-lamna-islam\/\" \/>\n<meta property=\"og:locale\" content=\"sv_SE\" \/>\n<meta property=\"og:type\" content=\"article\" \/>\n<meta property=\"og:title\" content=\"Vad \u00e4r straffet f\u00f6r att l\u00e4mna islam?\" \/>\n<meta property=\"og:description\" content=\"Att avs\u00e4ga sig sin tro n\u00e4mns i Koranen. Koranen bekr\u00e4ftar religionsfriheten och r\u00e4tten att v\u00e4lja sin tro, men varnar ocks\u00e5 f\u00f6r konsekvenserna av att \u00f6verge sin tro. H\u00e4r \u00e4r n\u00e5gra exempel p\u00e5 verser fr\u00e5n Koranen: \u201dDet \u00e4r sanningen fr\u00e5n din Herre. L\u00e5t d\u00e4rf\u00f6r den tro som s\u00e5 vill och l\u00e5t den l\u00e5ta bli att tro\" \/>\n<meta property=\"og:url\" content=\"https:\/\/www.ahmadiyya-islam.org\/se\/medlem\/vanliga-fragor\/vad-ar-straffet-for-att-lamna-islam\/\" \/>\n<meta property=\"og:site_name\" content=\"Islams Ahmadiyya F\u00f6rsamling\" \/>\n<meta property=\"article:modified_time\" content=\"2025-11-11T21:39:58+00:00\" \/>\n<meta name=\"twitter:card\" content=\"summary_large_image\" \/>\n<meta name=\"twitter:label1\" content=\"Ber\u00e4knad l\u00e4stid\" \/>\n\t<meta name=\"twitter:data1\" content=\"1 minut\" \/>\n<script type=\"application\/ld+json\" class=\"yoast-schema-graph\">{\"@context\":\"https:\/\/schema.org\",\"@graph\":[{\"@type\":\"WebPage\",\"@id\":\"https:\/\/www.ahmadiyya-islam.org\/se\/medlem\/vanliga-fragor\/vad-ar-straffet-for-att-lamna-islam\/\",\"url\":\"https:\/\/www.ahmadiyya-islam.org\/se\/medlem\/vanliga-fragor\/vad-ar-straffet-for-att-lamna-islam\/\",\"name\":\"Vad \u00e4r straffet f\u00f6r att l\u00e4mna islam? - Islams Ahmadiyya F\u00f6rsamling\",\"isPartOf\":{\"@id\":\"https:\/\/www.ahmadiyya-islam.org\/se\/#website\"},\"datePublished\":\"2025-11-11T21:09:36+00:00\",\"dateModified\":\"2025-11-11T21:39:58+00:00\",\"breadcrumb\":{\"@id\":\"https:\/\/www.ahmadiyya-islam.org\/se\/medlem\/vanliga-fragor\/vad-ar-straffet-for-att-lamna-islam\/#breadcrumb\"},\"inLanguage\":\"sv-SE\",\"potentialAction\":[{\"@type\":\"ReadAction\",\"target\":[\"https:\/\/www.ahmadiyya-islam.org\/se\/medlem\/vanliga-fragor\/vad-ar-straffet-for-att-lamna-islam\/\"]}]},{\"@type\":\"BreadcrumbList\",\"@id\":\"https:\/\/www.ahmadiyya-islam.org\/se\/medlem\/vanliga-fragor\/vad-ar-straffet-for-att-lamna-islam\/#breadcrumb\",\"itemListElement\":[{\"@type\":\"ListItem\",\"position\":1,\"name\":\"Home\",\"item\":\"https:\/\/www.ahmadiyya-islam.org\/se\/\"},{\"@type\":\"ListItem\",\"position\":2,\"name\":\"Medlem\",\"item\":\"https:\/\/www.ahmadiyya-islam.org\/se\/medlem\/\"},{\"@type\":\"ListItem\",\"position\":3,\"name\":\"Vanliga fr\u00e5gor\",\"item\":\"https:\/\/www.ahmadiyya-islam.org\/se\/medlem\/vanliga-fragor\/\"},{\"@type\":\"ListItem\",\"position\":4,\"name\":\"Vad \u00e4r straffet f\u00f6r att l\u00e4mna islam?\"}]},{\"@type\":\"WebSite\",\"@id\":\"https:\/\/www.ahmadiyya-islam.org\/se\/#website\",\"url\":\"https:\/\/www.ahmadiyya-islam.org\/se\/\",\"name\":\"Islams Ahmadiyya F\u00f6rsamling\",\"description\":\"Sverige\",\"potentialAction\":[{\"@type\":\"SearchAction\",\"target\":{\"@type\":\"EntryPoint\",\"urlTemplate\":\"https:\/\/www.ahmadiyya-islam.org\/se\/?s={search_term_string}\"},\"query-input\":{\"@type\":\"PropertyValueSpecification\",\"valueRequired\":true,\"valueName\":\"search_term_string\"}}],\"inLanguage\":\"sv-SE\"}]}<\/script>\n<!-- \/ Yoast SEO Premium plugin. -->","yoast_head_json":{"title":"Vad \u00e4r straffet f\u00f6r att l\u00e4mna islam? - Islams Ahmadiyya F\u00f6rsamling","robots":{"index":"index","follow":"follow","max-snippet":"max-snippet:-1","max-image-preview":"max-image-preview:large","max-video-preview":"max-video-preview:-1"},"canonical":"https:\/\/www.ahmadiyya-islam.org\/se\/medlem\/vanliga-fragor\/vad-ar-straffet-for-att-lamna-islam\/","og_locale":"sv_SE","og_type":"article","og_title":"Vad \u00e4r straffet f\u00f6r att l\u00e4mna islam?","og_description":"Att avs\u00e4ga sig sin tro n\u00e4mns i Koranen. Koranen bekr\u00e4ftar religionsfriheten och r\u00e4tten att v\u00e4lja sin tro, men varnar ocks\u00e5 f\u00f6r konsekvenserna av att \u00f6verge sin tro. H\u00e4r \u00e4r n\u00e5gra exempel p\u00e5 verser fr\u00e5n Koranen: \u201dDet \u00e4r sanningen fr\u00e5n din Herre. L\u00e5t d\u00e4rf\u00f6r den tro som s\u00e5 vill och l\u00e5t den l\u00e5ta bli att tro","og_url":"https:\/\/www.ahmadiyya-islam.org\/se\/medlem\/vanliga-fragor\/vad-ar-straffet-for-att-lamna-islam\/","og_site_name":"Islams Ahmadiyya F\u00f6rsamling","article_modified_time":"2025-11-11T21:39:58+00:00","twitter_card":"summary_large_image","twitter_misc":{"Ber\u00e4knad l\u00e4stid":"1 minut"},"schema":{"@context":"https:\/\/schema.org","@graph":[{"@type":"WebPage","@id":"https:\/\/www.ahmadiyya-islam.org\/se\/medlem\/vanliga-fragor\/vad-ar-straffet-for-att-lamna-islam\/","url":"https:\/\/www.ahmadiyya-islam.org\/se\/medlem\/vanliga-fragor\/vad-ar-straffet-for-att-lamna-islam\/","name":"Vad \u00e4r straffet f\u00f6r att l\u00e4mna islam? - Islams Ahmadiyya F\u00f6rsamling","isPartOf":{"@id":"https:\/\/www.ahmadiyya-islam.org\/se\/#website"},"datePublished":"2025-11-11T21:09:36+00:00","dateModified":"2025-11-11T21:39:58+00:00","breadcrumb":{"@id":"https:\/\/www.ahmadiyya-islam.org\/se\/medlem\/vanliga-fragor\/vad-ar-straffet-for-att-lamna-islam\/#breadcrumb"},"inLanguage":"sv-SE","potentialAction":[{"@type":"ReadAction","target":["https:\/\/www.ahmadiyya-islam.org\/se\/medlem\/vanliga-fragor\/vad-ar-straffet-for-att-lamna-islam\/"]}]},{"@type":"BreadcrumbList","@id":"https:\/\/www.ahmadiyya-islam.org\/se\/medlem\/vanliga-fragor\/vad-ar-straffet-for-att-lamna-islam\/#breadcrumb","itemListElement":[{"@type":"ListItem","position":1,"name":"Home","item":"https:\/\/www.ahmadiyya-islam.org\/se\/"},{"@type":"ListItem","position":2,"name":"Medlem","item":"https:\/\/www.ahmadiyya-islam.org\/se\/medlem\/"},{"@type":"ListItem","position":3,"name":"Vanliga fr\u00e5gor","item":"https:\/\/www.ahmadiyya-islam.org\/se\/medlem\/vanliga-fragor\/"},{"@type":"ListItem","position":4,"name":"Vad \u00e4r straffet f\u00f6r att l\u00e4mna islam?"}]},{"@type":"WebSite","@id":"https:\/\/www.ahmadiyya-islam.org\/se\/#website","url":"https:\/\/www.ahmadiyya-islam.org\/se\/","name":"Islams Ahmadiyya F\u00f6rsamling","description":"Sverige","potentialAction":[{"@type":"SearchAction","target":{"@type":"EntryPoint","urlTemplate":"https:\/\/www.ahmadiyya-islam.org\/se\/?s={search_term_string}"},"query-input":{"@type":"PropertyValueSpecification","valueRequired":true,"valueName":"search_term_string"}}],"inLanguage":"sv-SE"}]}},"_links":{"self":[{"href":"https:\/\/www.ahmadiyya-islam.org\/se\/wp-json\/wp\/v2\/pages\/3901","targetHints":{"allow":["GET"]}}],"collection":[{"href":"https:\/\/www.ahmadiyya-islam.org\/se\/wp-json\/wp\/v2\/pages"}],"about":[{"href":"https:\/\/www.ahmadiyya-islam.org\/se\/wp-json\/wp\/v2\/types\/page"}],"author":[{"embeddable":true,"href":"https:\/\/www.ahmadiyya-islam.org\/se\/wp-json\/wp\/v2\/users\/13"}],"replies":[{"embeddable":true,"href":"https:\/\/www.ahmadiyya-islam.org\/se\/wp-json\/wp\/v2\/comments?post=3901"}],"version-history":[{"count":1,"href":"https:\/\/www.ahmadiyya-islam.org\/se\/wp-json\/wp\/v2\/pages\/3901\/revisions"}],"predecessor-version":[{"id":3902,"href":"https:\/\/www.ahmadiyya-islam.org\/se\/wp-json\/wp\/v2\/pages\/3901\/revisions\/3902"}],"up":[{"embeddable":true,"href":"https:\/\/www.ahmadiyya-islam.org\/se\/wp-json\/wp\/v2\/pages\/3863"}],"wp:attachment":[{"href":"https:\/\/www.ahmadiyya-islam.org\/se\/wp-json\/wp\/v2\/media?parent=3901"}],"curies":[{"name":"wp","href":"https:\/\/api.w.org\/{rel}","templated":true}]}}