{"id":3899,"date":"2025-11-11T21:07:59","date_gmt":"2025-11-11T21:07:59","guid":{"rendered":"https:\/\/www.ahmadiyya-islam.org\/se\/?page_id=3899"},"modified":"2025-11-11T21:39:37","modified_gmt":"2025-11-11T21:39:37","slug":"varfor-bar-muslimska-kvinnor-sloja","status":"publish","type":"page","link":"https:\/\/www.ahmadiyya-islam.org\/se\/medlem\/vanliga-fragor\/varfor-bar-muslimska-kvinnor-sloja\/","title":{"rendered":"Varf\u00f6r b\u00e4r muslimska kvinnor sl\u00f6ja?"},"content":{"rendered":"<p>Islam betonar f\u00f6rh\u00e5llandet mellan kropp och sj\u00e4l. Genom att t\u00e4cka kroppen skyddar man hj\u00e4rtat fr\u00e5n orena tankar och impulser. M\u00e4n instrueras att h\u00e5lla tillbaka eller beh\u00e4rska sina \u00f6gon fr\u00e5n att stirra p\u00e5 kvinnor, och kvinnor f\u00f6rv\u00e4ntas b\u00e4ra l\u00f6sa ytterplagg och t\u00e4cka sina huvuden och barm.<\/p>\n<p><em>\u201dS\u00e4g till de troende m\u00e4nnen att sl\u00e5 ned sina blickar och vaka \u00f6ver sina k\u00f6nsdelar\u201d <\/em>(24:31)<\/p>\n<p>Syftet med hijab (sl\u00f6ja) inom islam \u00e4r i f\u00f6rsta hand att inspirera till blygsamhet hos b\u00e5de m\u00e4n och kvinnor. Kvinnor uppmanas i Koranen att t\u00e4cka sina huvuden och att dra sina t\u00e4cken \u00f6ver sin barm.<\/p>\n<p><em>\u201dOch \u200b\u200bs\u00e4g till de troende kvinnorna att sl\u00e5 ned sina blickar och vaka \u00f6ver sina k\u00f6nsdelar, och att de inte visar sin sk\u00f6nhet eller sin utsmyckning\u2026\u201d<\/em> (24:32)<\/p>\n<p>Muslimska kvinnor b\u00e4r hijab och l\u00f6sa kl\u00e4der f\u00f6r att uppfylla Guds befallning. Det uppmuntrar dem att vara blygsamma. Hijab \u00e4r ett skydd f\u00f6r muslimska kvinnor mot m\u00e4ns o\u00f6nskade blickar. En kvinna i hijab ses som n\u00e5gon som v\u00e4rnar om sin blygsamhet. Hennes budskap \u00e4r tydligt \u2013 hon vill inte att m\u00e4n ska titta p\u00e5 henne.<\/p>\n","protected":false},"excerpt":{"rendered":"<p>Islam betonar f\u00f6rh\u00e5llandet mellan kropp och sj\u00e4l. Genom att t\u00e4cka kroppen skyddar man hj\u00e4rtat fr\u00e5n orena tankar och impulser. M\u00e4n instrueras att h\u00e5lla tillbaka eller beh\u00e4rska sina \u00f6gon fr\u00e5n att stirra p\u00e5 kvinnor, och kvinnor f\u00f6rv\u00e4ntas b\u00e4ra l\u00f6sa ytterplagg och t\u00e4cka sina huvuden och barm. \u201dS\u00e4g till de troende m\u00e4nnen att sl\u00e5 ned sina blickar<\/p>\n","protected":false},"author":13,"featured_media":0,"parent":3863,"menu_order":15,"comment_status":"closed","ping_status":"closed","template":"","meta":{"_acf_changed":false,"footnotes":""},"class_list":["post-3899","page","type-page","status-publish","hentry"],"acf":[],"yoast_head":"<!-- This site is optimized with the Yoast SEO Premium plugin v21.1 (Yoast SEO v27.4) - https:\/\/yoast.com\/product\/yoast-seo-premium-wordpress\/ -->\n<title>Varf\u00f6r b\u00e4r muslimska kvinnor sl\u00f6ja? - Islams Ahmadiyya F\u00f6rsamling<\/title>\n<meta name=\"robots\" content=\"index, follow, max-snippet:-1, max-image-preview:large, max-video-preview:-1\" \/>\n<link rel=\"canonical\" href=\"https:\/\/www.ahmadiyya-islam.org\/se\/medlem\/vanliga-fragor\/varfor-bar-muslimska-kvinnor-sloja\/\" \/>\n<meta property=\"og:locale\" content=\"sv_SE\" \/>\n<meta property=\"og:type\" content=\"article\" \/>\n<meta property=\"og:title\" content=\"Varf\u00f6r b\u00e4r muslimska kvinnor sl\u00f6ja?\" \/>\n<meta property=\"og:description\" content=\"Islam betonar f\u00f6rh\u00e5llandet mellan kropp och sj\u00e4l. Genom att t\u00e4cka kroppen skyddar man hj\u00e4rtat fr\u00e5n orena tankar och impulser. M\u00e4n instrueras att h\u00e5lla tillbaka eller beh\u00e4rska sina \u00f6gon fr\u00e5n att stirra p\u00e5 kvinnor, och kvinnor f\u00f6rv\u00e4ntas b\u00e4ra l\u00f6sa ytterplagg och t\u00e4cka sina huvuden och barm. \u201dS\u00e4g till de troende m\u00e4nnen att sl\u00e5 ned sina blickar\" \/>\n<meta property=\"og:url\" content=\"https:\/\/www.ahmadiyya-islam.org\/se\/medlem\/vanliga-fragor\/varfor-bar-muslimska-kvinnor-sloja\/\" \/>\n<meta property=\"og:site_name\" content=\"Islams Ahmadiyya F\u00f6rsamling\" \/>\n<meta property=\"article:modified_time\" content=\"2025-11-11T21:39:37+00:00\" \/>\n<meta name=\"twitter:card\" content=\"summary_large_image\" \/>\n<meta name=\"twitter:label1\" content=\"Ber\u00e4knad l\u00e4stid\" \/>\n\t<meta name=\"twitter:data1\" content=\"1 minut\" \/>\n<script type=\"application\/ld+json\" class=\"yoast-schema-graph\">{\"@context\":\"https:\\\/\\\/schema.org\",\"@graph\":[{\"@type\":\"WebPage\",\"@id\":\"https:\\\/\\\/www.ahmadiyya-islam.org\\\/se\\\/medlem\\\/vanliga-fragor\\\/varfor-bar-muslimska-kvinnor-sloja\\\/\",\"url\":\"https:\\\/\\\/www.ahmadiyya-islam.org\\\/se\\\/medlem\\\/vanliga-fragor\\\/varfor-bar-muslimska-kvinnor-sloja\\\/\",\"name\":\"Varf\u00f6r b\u00e4r muslimska kvinnor sl\u00f6ja? - Islams Ahmadiyya F\u00f6rsamling\",\"isPartOf\":{\"@id\":\"https:\\\/\\\/www.ahmadiyya-islam.org\\\/se\\\/#website\"},\"datePublished\":\"2025-11-11T21:07:59+00:00\",\"dateModified\":\"2025-11-11T21:39:37+00:00\",\"breadcrumb\":{\"@id\":\"https:\\\/\\\/www.ahmadiyya-islam.org\\\/se\\\/medlem\\\/vanliga-fragor\\\/varfor-bar-muslimska-kvinnor-sloja\\\/#breadcrumb\"},\"inLanguage\":\"sv-SE\",\"potentialAction\":[{\"@type\":\"ReadAction\",\"target\":[\"https:\\\/\\\/www.ahmadiyya-islam.org\\\/se\\\/medlem\\\/vanliga-fragor\\\/varfor-bar-muslimska-kvinnor-sloja\\\/\"]}]},{\"@type\":\"BreadcrumbList\",\"@id\":\"https:\\\/\\\/www.ahmadiyya-islam.org\\\/se\\\/medlem\\\/vanliga-fragor\\\/varfor-bar-muslimska-kvinnor-sloja\\\/#breadcrumb\",\"itemListElement\":[{\"@type\":\"ListItem\",\"position\":1,\"name\":\"Home\",\"item\":\"https:\\\/\\\/www.ahmadiyya-islam.org\\\/se\\\/\"},{\"@type\":\"ListItem\",\"position\":2,\"name\":\"Medlem\",\"item\":\"https:\\\/\\\/www.ahmadiyya-islam.org\\\/se\\\/medlem\\\/\"},{\"@type\":\"ListItem\",\"position\":3,\"name\":\"Vanliga fr\u00e5gor\",\"item\":\"https:\\\/\\\/www.ahmadiyya-islam.org\\\/se\\\/medlem\\\/vanliga-fragor\\\/\"},{\"@type\":\"ListItem\",\"position\":4,\"name\":\"Varf\u00f6r b\u00e4r muslimska kvinnor sl\u00f6ja?\"}]},{\"@type\":\"WebSite\",\"@id\":\"https:\\\/\\\/www.ahmadiyya-islam.org\\\/se\\\/#website\",\"url\":\"https:\\\/\\\/www.ahmadiyya-islam.org\\\/se\\\/\",\"name\":\"Islams Ahmadiyya F\u00f6rsamling\",\"description\":\"Sverige\",\"potentialAction\":[{\"@type\":\"SearchAction\",\"target\":{\"@type\":\"EntryPoint\",\"urlTemplate\":\"https:\\\/\\\/www.ahmadiyya-islam.org\\\/se\\\/?s={search_term_string}\"},\"query-input\":{\"@type\":\"PropertyValueSpecification\",\"valueRequired\":true,\"valueName\":\"search_term_string\"}}],\"inLanguage\":\"sv-SE\"}]}<\/script>\n<!-- \/ Yoast SEO Premium plugin. -->","yoast_head_json":{"title":"Varf\u00f6r b\u00e4r muslimska kvinnor sl\u00f6ja? - Islams Ahmadiyya F\u00f6rsamling","robots":{"index":"index","follow":"follow","max-snippet":"max-snippet:-1","max-image-preview":"max-image-preview:large","max-video-preview":"max-video-preview:-1"},"canonical":"https:\/\/www.ahmadiyya-islam.org\/se\/medlem\/vanliga-fragor\/varfor-bar-muslimska-kvinnor-sloja\/","og_locale":"sv_SE","og_type":"article","og_title":"Varf\u00f6r b\u00e4r muslimska kvinnor sl\u00f6ja?","og_description":"Islam betonar f\u00f6rh\u00e5llandet mellan kropp och sj\u00e4l. Genom att t\u00e4cka kroppen skyddar man hj\u00e4rtat fr\u00e5n orena tankar och impulser. M\u00e4n instrueras att h\u00e5lla tillbaka eller beh\u00e4rska sina \u00f6gon fr\u00e5n att stirra p\u00e5 kvinnor, och kvinnor f\u00f6rv\u00e4ntas b\u00e4ra l\u00f6sa ytterplagg och t\u00e4cka sina huvuden och barm. \u201dS\u00e4g till de troende m\u00e4nnen att sl\u00e5 ned sina blickar","og_url":"https:\/\/www.ahmadiyya-islam.org\/se\/medlem\/vanliga-fragor\/varfor-bar-muslimska-kvinnor-sloja\/","og_site_name":"Islams Ahmadiyya F\u00f6rsamling","article_modified_time":"2025-11-11T21:39:37+00:00","twitter_card":"summary_large_image","twitter_misc":{"Ber\u00e4knad l\u00e4stid":"1 minut"},"schema":{"@context":"https:\/\/schema.org","@graph":[{"@type":"WebPage","@id":"https:\/\/www.ahmadiyya-islam.org\/se\/medlem\/vanliga-fragor\/varfor-bar-muslimska-kvinnor-sloja\/","url":"https:\/\/www.ahmadiyya-islam.org\/se\/medlem\/vanliga-fragor\/varfor-bar-muslimska-kvinnor-sloja\/","name":"Varf\u00f6r b\u00e4r muslimska kvinnor sl\u00f6ja? - Islams Ahmadiyya F\u00f6rsamling","isPartOf":{"@id":"https:\/\/www.ahmadiyya-islam.org\/se\/#website"},"datePublished":"2025-11-11T21:07:59+00:00","dateModified":"2025-11-11T21:39:37+00:00","breadcrumb":{"@id":"https:\/\/www.ahmadiyya-islam.org\/se\/medlem\/vanliga-fragor\/varfor-bar-muslimska-kvinnor-sloja\/#breadcrumb"},"inLanguage":"sv-SE","potentialAction":[{"@type":"ReadAction","target":["https:\/\/www.ahmadiyya-islam.org\/se\/medlem\/vanliga-fragor\/varfor-bar-muslimska-kvinnor-sloja\/"]}]},{"@type":"BreadcrumbList","@id":"https:\/\/www.ahmadiyya-islam.org\/se\/medlem\/vanliga-fragor\/varfor-bar-muslimska-kvinnor-sloja\/#breadcrumb","itemListElement":[{"@type":"ListItem","position":1,"name":"Home","item":"https:\/\/www.ahmadiyya-islam.org\/se\/"},{"@type":"ListItem","position":2,"name":"Medlem","item":"https:\/\/www.ahmadiyya-islam.org\/se\/medlem\/"},{"@type":"ListItem","position":3,"name":"Vanliga fr\u00e5gor","item":"https:\/\/www.ahmadiyya-islam.org\/se\/medlem\/vanliga-fragor\/"},{"@type":"ListItem","position":4,"name":"Varf\u00f6r b\u00e4r muslimska kvinnor sl\u00f6ja?"}]},{"@type":"WebSite","@id":"https:\/\/www.ahmadiyya-islam.org\/se\/#website","url":"https:\/\/www.ahmadiyya-islam.org\/se\/","name":"Islams Ahmadiyya F\u00f6rsamling","description":"Sverige","potentialAction":[{"@type":"SearchAction","target":{"@type":"EntryPoint","urlTemplate":"https:\/\/www.ahmadiyya-islam.org\/se\/?s={search_term_string}"},"query-input":{"@type":"PropertyValueSpecification","valueRequired":true,"valueName":"search_term_string"}}],"inLanguage":"sv-SE"}]}},"_links":{"self":[{"href":"https:\/\/www.ahmadiyya-islam.org\/se\/wp-json\/wp\/v2\/pages\/3899","targetHints":{"allow":["GET"]}}],"collection":[{"href":"https:\/\/www.ahmadiyya-islam.org\/se\/wp-json\/wp\/v2\/pages"}],"about":[{"href":"https:\/\/www.ahmadiyya-islam.org\/se\/wp-json\/wp\/v2\/types\/page"}],"author":[{"embeddable":true,"href":"https:\/\/www.ahmadiyya-islam.org\/se\/wp-json\/wp\/v2\/users\/13"}],"replies":[{"embeddable":true,"href":"https:\/\/www.ahmadiyya-islam.org\/se\/wp-json\/wp\/v2\/comments?post=3899"}],"version-history":[{"count":1,"href":"https:\/\/www.ahmadiyya-islam.org\/se\/wp-json\/wp\/v2\/pages\/3899\/revisions"}],"predecessor-version":[{"id":3900,"href":"https:\/\/www.ahmadiyya-islam.org\/se\/wp-json\/wp\/v2\/pages\/3899\/revisions\/3900"}],"up":[{"embeddable":true,"href":"https:\/\/www.ahmadiyya-islam.org\/se\/wp-json\/wp\/v2\/pages\/3863"}],"wp:attachment":[{"href":"https:\/\/www.ahmadiyya-islam.org\/se\/wp-json\/wp\/v2\/media?parent=3899"}],"curies":[{"name":"wp","href":"https:\/\/api.w.org\/{rel}","templated":true}]}}