{"id":3897,"date":"2025-11-11T21:07:23","date_gmt":"2025-11-11T21:07:23","guid":{"rendered":"https:\/\/www.ahmadiyya-islam.org\/se\/?page_id=3897"},"modified":"2025-11-11T21:39:10","modified_gmt":"2025-11-11T21:39:10","slug":"vad-sager-koranen-om-manniskans-natur-vad-ar-manniskosynen","status":"publish","type":"page","link":"https:\/\/www.ahmadiyya-islam.org\/se\/medlem\/vanliga-fragor\/vad-sager-koranen-om-manniskans-natur-vad-ar-manniskosynen\/","title":{"rendered":"Vad s\u00e4ger Koranen om m\u00e4nniskans natur &#8211; vad \u00e4r m\u00e4nniskosynen?"},"content":{"rendered":"<p>Enligt islamiska l\u00e4ror anses den m\u00e4nskliga naturen vara god och ren, varje person tros ha en medf\u00f6dd k\u00e4nsla av moral och en naturlig ben\u00e4genhet att g\u00f6ra gott. Denna syn p\u00e5 den m\u00e4nskliga naturen \u00e4r baserad p\u00e5 tron att alla m\u00e4nniskor \u00e4r skapade av Allah och utrustade med en unik upps\u00e4ttning f\u00f6rm\u00e5gor och talanger.<\/p>\n<p>Islams l\u00e4ra erk\u00e4nner dock ocks\u00e5 att m\u00e4nniskor \u00e4r felbara och mottagliga f\u00f6r frestelser och fel. Koranen noterar att alla m\u00e4nniskor \u00e4r ben\u00e4gna att synda och beg\u00e5 misstag, och att kampen f\u00f6r att motst\u00e5 frestelser och uppr\u00e4tth\u00e5lla ett moraliskt och r\u00e4ttf\u00e4rdigt liv \u00e4r en konstant kamp.<\/p>\n<p><em>&#8221;Varje sj\u00e4l skall smaka d\u00f6den. Och bara p\u00e5 uppst\u00e5ndelsens dag skall ni till fullo ges era bel\u00f6ningar. S\u00e5 vem som \u00e4n avl\u00e4gsnas fr\u00e5n elden och f\u00f6rm\u00e5s tr\u00e4da in i himlen har sannerligen n\u00e5tt sitt m\u00e5l. Och livet i denna v\u00e4rld \u00e4r ingenting annat \u00e4n en bedr\u00e4glig njutning&#8221; <\/em>(3:186)<\/p>\n<p>Islamiska l\u00e4ror betonar vikten av sj\u00e4lvdisciplin, sj\u00e4lvreflektion och personligt ansvar i str\u00e4van efter att leva ett r\u00e4ttf\u00e4rdigt och dygdigt liv.<\/p>\n<p>Genom att b\u00e5de erk\u00e4nna sin medf\u00f6dda f\u00f6rm\u00e5ga till gott samt sin mottaglighet f\u00f6r frestelser och fel uppmuntras muslimer att ta ansvar f\u00f6r sina handlingar och arbeta f\u00f6r att f\u00f6rst\u00e4rka sin inre styrka, motst\u00e5ndskraft och moralisk styrka genom att skapa en levande kontakt med sin Skapare och be Honom om hj\u00e4lp i livets alla steg.<\/p>\n","protected":false},"excerpt":{"rendered":"<p>Enligt islamiska l\u00e4ror anses den m\u00e4nskliga naturen vara god och ren, varje person tros ha en medf\u00f6dd k\u00e4nsla av moral och en naturlig ben\u00e4genhet att g\u00f6ra gott. Denna syn p\u00e5 den m\u00e4nskliga naturen \u00e4r baserad p\u00e5 tron att alla m\u00e4nniskor \u00e4r skapade av Allah och utrustade med en unik upps\u00e4ttning f\u00f6rm\u00e5gor och talanger. Islams l\u00e4ra<\/p>\n","protected":false},"author":13,"featured_media":0,"parent":3863,"menu_order":14,"comment_status":"closed","ping_status":"closed","template":"","meta":{"_acf_changed":false,"footnotes":""},"class_list":["post-3897","page","type-page","status-publish","hentry"],"acf":[],"yoast_head":"<!-- This site is optimized with the Yoast SEO Premium plugin v21.1 (Yoast SEO v27.4) - https:\/\/yoast.com\/product\/yoast-seo-premium-wordpress\/ -->\n<title>Vad s\u00e4ger Koranen om m\u00e4nniskans natur - vad \u00e4r m\u00e4nniskosynen? - Islams Ahmadiyya F\u00f6rsamling<\/title>\n<meta name=\"robots\" content=\"index, follow, max-snippet:-1, max-image-preview:large, max-video-preview:-1\" \/>\n<link rel=\"canonical\" href=\"https:\/\/www.ahmadiyya-islam.org\/se\/medlem\/vanliga-fragor\/vad-sager-koranen-om-manniskans-natur-vad-ar-manniskosynen\/\" \/>\n<meta property=\"og:locale\" content=\"sv_SE\" \/>\n<meta property=\"og:type\" content=\"article\" \/>\n<meta property=\"og:title\" content=\"Vad s\u00e4ger Koranen om m\u00e4nniskans natur - vad \u00e4r m\u00e4nniskosynen?\" \/>\n<meta property=\"og:description\" content=\"Enligt islamiska l\u00e4ror anses den m\u00e4nskliga naturen vara god och ren, varje person tros ha en medf\u00f6dd k\u00e4nsla av moral och en naturlig ben\u00e4genhet att g\u00f6ra gott. Denna syn p\u00e5 den m\u00e4nskliga naturen \u00e4r baserad p\u00e5 tron att alla m\u00e4nniskor \u00e4r skapade av Allah och utrustade med en unik upps\u00e4ttning f\u00f6rm\u00e5gor och talanger. Islams l\u00e4ra\" \/>\n<meta property=\"og:url\" content=\"https:\/\/www.ahmadiyya-islam.org\/se\/medlem\/vanliga-fragor\/vad-sager-koranen-om-manniskans-natur-vad-ar-manniskosynen\/\" \/>\n<meta property=\"og:site_name\" content=\"Islams Ahmadiyya F\u00f6rsamling\" \/>\n<meta property=\"article:modified_time\" content=\"2025-11-11T21:39:10+00:00\" \/>\n<meta name=\"twitter:card\" content=\"summary_large_image\" \/>\n<meta name=\"twitter:label1\" content=\"Ber\u00e4knad l\u00e4stid\" \/>\n\t<meta name=\"twitter:data1\" content=\"2 minuter\" \/>\n<script type=\"application\/ld+json\" class=\"yoast-schema-graph\">{\"@context\":\"https:\\\/\\\/schema.org\",\"@graph\":[{\"@type\":\"WebPage\",\"@id\":\"https:\\\/\\\/www.ahmadiyya-islam.org\\\/se\\\/medlem\\\/vanliga-fragor\\\/vad-sager-koranen-om-manniskans-natur-vad-ar-manniskosynen\\\/\",\"url\":\"https:\\\/\\\/www.ahmadiyya-islam.org\\\/se\\\/medlem\\\/vanliga-fragor\\\/vad-sager-koranen-om-manniskans-natur-vad-ar-manniskosynen\\\/\",\"name\":\"Vad s\u00e4ger Koranen om m\u00e4nniskans natur - vad \u00e4r m\u00e4nniskosynen? - Islams Ahmadiyya F\u00f6rsamling\",\"isPartOf\":{\"@id\":\"https:\\\/\\\/www.ahmadiyya-islam.org\\\/se\\\/#website\"},\"datePublished\":\"2025-11-11T21:07:23+00:00\",\"dateModified\":\"2025-11-11T21:39:10+00:00\",\"breadcrumb\":{\"@id\":\"https:\\\/\\\/www.ahmadiyya-islam.org\\\/se\\\/medlem\\\/vanliga-fragor\\\/vad-sager-koranen-om-manniskans-natur-vad-ar-manniskosynen\\\/#breadcrumb\"},\"inLanguage\":\"sv-SE\",\"potentialAction\":[{\"@type\":\"ReadAction\",\"target\":[\"https:\\\/\\\/www.ahmadiyya-islam.org\\\/se\\\/medlem\\\/vanliga-fragor\\\/vad-sager-koranen-om-manniskans-natur-vad-ar-manniskosynen\\\/\"]}]},{\"@type\":\"BreadcrumbList\",\"@id\":\"https:\\\/\\\/www.ahmadiyya-islam.org\\\/se\\\/medlem\\\/vanliga-fragor\\\/vad-sager-koranen-om-manniskans-natur-vad-ar-manniskosynen\\\/#breadcrumb\",\"itemListElement\":[{\"@type\":\"ListItem\",\"position\":1,\"name\":\"Home\",\"item\":\"https:\\\/\\\/www.ahmadiyya-islam.org\\\/se\\\/\"},{\"@type\":\"ListItem\",\"position\":2,\"name\":\"Medlem\",\"item\":\"https:\\\/\\\/www.ahmadiyya-islam.org\\\/se\\\/medlem\\\/\"},{\"@type\":\"ListItem\",\"position\":3,\"name\":\"Vanliga fr\u00e5gor\",\"item\":\"https:\\\/\\\/www.ahmadiyya-islam.org\\\/se\\\/medlem\\\/vanliga-fragor\\\/\"},{\"@type\":\"ListItem\",\"position\":4,\"name\":\"Vad s\u00e4ger Koranen om m\u00e4nniskans natur &#8211; vad \u00e4r m\u00e4nniskosynen?\"}]},{\"@type\":\"WebSite\",\"@id\":\"https:\\\/\\\/www.ahmadiyya-islam.org\\\/se\\\/#website\",\"url\":\"https:\\\/\\\/www.ahmadiyya-islam.org\\\/se\\\/\",\"name\":\"Islams Ahmadiyya F\u00f6rsamling\",\"description\":\"Sverige\",\"potentialAction\":[{\"@type\":\"SearchAction\",\"target\":{\"@type\":\"EntryPoint\",\"urlTemplate\":\"https:\\\/\\\/www.ahmadiyya-islam.org\\\/se\\\/?s={search_term_string}\"},\"query-input\":{\"@type\":\"PropertyValueSpecification\",\"valueRequired\":true,\"valueName\":\"search_term_string\"}}],\"inLanguage\":\"sv-SE\"}]}<\/script>\n<!-- \/ Yoast SEO Premium plugin. -->","yoast_head_json":{"title":"Vad s\u00e4ger Koranen om m\u00e4nniskans natur - vad \u00e4r m\u00e4nniskosynen? - Islams Ahmadiyya F\u00f6rsamling","robots":{"index":"index","follow":"follow","max-snippet":"max-snippet:-1","max-image-preview":"max-image-preview:large","max-video-preview":"max-video-preview:-1"},"canonical":"https:\/\/www.ahmadiyya-islam.org\/se\/medlem\/vanliga-fragor\/vad-sager-koranen-om-manniskans-natur-vad-ar-manniskosynen\/","og_locale":"sv_SE","og_type":"article","og_title":"Vad s\u00e4ger Koranen om m\u00e4nniskans natur - vad \u00e4r m\u00e4nniskosynen?","og_description":"Enligt islamiska l\u00e4ror anses den m\u00e4nskliga naturen vara god och ren, varje person tros ha en medf\u00f6dd k\u00e4nsla av moral och en naturlig ben\u00e4genhet att g\u00f6ra gott. Denna syn p\u00e5 den m\u00e4nskliga naturen \u00e4r baserad p\u00e5 tron att alla m\u00e4nniskor \u00e4r skapade av Allah och utrustade med en unik upps\u00e4ttning f\u00f6rm\u00e5gor och talanger. Islams l\u00e4ra","og_url":"https:\/\/www.ahmadiyya-islam.org\/se\/medlem\/vanliga-fragor\/vad-sager-koranen-om-manniskans-natur-vad-ar-manniskosynen\/","og_site_name":"Islams Ahmadiyya F\u00f6rsamling","article_modified_time":"2025-11-11T21:39:10+00:00","twitter_card":"summary_large_image","twitter_misc":{"Ber\u00e4knad l\u00e4stid":"2 minuter"},"schema":{"@context":"https:\/\/schema.org","@graph":[{"@type":"WebPage","@id":"https:\/\/www.ahmadiyya-islam.org\/se\/medlem\/vanliga-fragor\/vad-sager-koranen-om-manniskans-natur-vad-ar-manniskosynen\/","url":"https:\/\/www.ahmadiyya-islam.org\/se\/medlem\/vanliga-fragor\/vad-sager-koranen-om-manniskans-natur-vad-ar-manniskosynen\/","name":"Vad s\u00e4ger Koranen om m\u00e4nniskans natur - vad \u00e4r m\u00e4nniskosynen? - Islams Ahmadiyya F\u00f6rsamling","isPartOf":{"@id":"https:\/\/www.ahmadiyya-islam.org\/se\/#website"},"datePublished":"2025-11-11T21:07:23+00:00","dateModified":"2025-11-11T21:39:10+00:00","breadcrumb":{"@id":"https:\/\/www.ahmadiyya-islam.org\/se\/medlem\/vanliga-fragor\/vad-sager-koranen-om-manniskans-natur-vad-ar-manniskosynen\/#breadcrumb"},"inLanguage":"sv-SE","potentialAction":[{"@type":"ReadAction","target":["https:\/\/www.ahmadiyya-islam.org\/se\/medlem\/vanliga-fragor\/vad-sager-koranen-om-manniskans-natur-vad-ar-manniskosynen\/"]}]},{"@type":"BreadcrumbList","@id":"https:\/\/www.ahmadiyya-islam.org\/se\/medlem\/vanliga-fragor\/vad-sager-koranen-om-manniskans-natur-vad-ar-manniskosynen\/#breadcrumb","itemListElement":[{"@type":"ListItem","position":1,"name":"Home","item":"https:\/\/www.ahmadiyya-islam.org\/se\/"},{"@type":"ListItem","position":2,"name":"Medlem","item":"https:\/\/www.ahmadiyya-islam.org\/se\/medlem\/"},{"@type":"ListItem","position":3,"name":"Vanliga fr\u00e5gor","item":"https:\/\/www.ahmadiyya-islam.org\/se\/medlem\/vanliga-fragor\/"},{"@type":"ListItem","position":4,"name":"Vad s\u00e4ger Koranen om m\u00e4nniskans natur &#8211; vad \u00e4r m\u00e4nniskosynen?"}]},{"@type":"WebSite","@id":"https:\/\/www.ahmadiyya-islam.org\/se\/#website","url":"https:\/\/www.ahmadiyya-islam.org\/se\/","name":"Islams Ahmadiyya F\u00f6rsamling","description":"Sverige","potentialAction":[{"@type":"SearchAction","target":{"@type":"EntryPoint","urlTemplate":"https:\/\/www.ahmadiyya-islam.org\/se\/?s={search_term_string}"},"query-input":{"@type":"PropertyValueSpecification","valueRequired":true,"valueName":"search_term_string"}}],"inLanguage":"sv-SE"}]}},"_links":{"self":[{"href":"https:\/\/www.ahmadiyya-islam.org\/se\/wp-json\/wp\/v2\/pages\/3897","targetHints":{"allow":["GET"]}}],"collection":[{"href":"https:\/\/www.ahmadiyya-islam.org\/se\/wp-json\/wp\/v2\/pages"}],"about":[{"href":"https:\/\/www.ahmadiyya-islam.org\/se\/wp-json\/wp\/v2\/types\/page"}],"author":[{"embeddable":true,"href":"https:\/\/www.ahmadiyya-islam.org\/se\/wp-json\/wp\/v2\/users\/13"}],"replies":[{"embeddable":true,"href":"https:\/\/www.ahmadiyya-islam.org\/se\/wp-json\/wp\/v2\/comments?post=3897"}],"version-history":[{"count":1,"href":"https:\/\/www.ahmadiyya-islam.org\/se\/wp-json\/wp\/v2\/pages\/3897\/revisions"}],"predecessor-version":[{"id":3898,"href":"https:\/\/www.ahmadiyya-islam.org\/se\/wp-json\/wp\/v2\/pages\/3897\/revisions\/3898"}],"up":[{"embeddable":true,"href":"https:\/\/www.ahmadiyya-islam.org\/se\/wp-json\/wp\/v2\/pages\/3863"}],"wp:attachment":[{"href":"https:\/\/www.ahmadiyya-islam.org\/se\/wp-json\/wp\/v2\/media?parent=3897"}],"curies":[{"name":"wp","href":"https:\/\/api.w.org\/{rel}","templated":true}]}}