{"id":3895,"date":"2025-11-11T21:06:52","date_gmt":"2025-11-11T21:06:52","guid":{"rendered":"https:\/\/www.ahmadiyya-islam.org\/se\/?page_id=3895"},"modified":"2025-11-11T21:38:36","modified_gmt":"2025-11-11T21:38:36","slug":"vad-sager-islam-om-vikten-av-att-leva-ett-balanserat-liv","status":"publish","type":"page","link":"https:\/\/www.ahmadiyya-islam.org\/se\/medlem\/vanliga-fragor\/vad-sager-islam-om-vikten-av-att-leva-ett-balanserat-liv\/","title":{"rendered":"Vad s\u00e4ger islam om vikten av att leva ett balanserat liv?"},"content":{"rendered":"<p>M\u00e5ttlighet \u00e4r en viktig princip inom islam och som betonas i Koranen. Muslimer tror att m\u00e5ttfullhet i allt \u00e4r avg\u00f6rande f\u00f6r att leva ett balanserat och tillfredsst\u00e4llande liv.<\/p>\n<p>Koranen uppmuntrar muslimer att undvika \u00f6verfl\u00f6d i alla aspekter av livet, vare sig det g\u00e4ller att \u00e4ta, dricka, spendera eller andra aktiviteter.<\/p>\n<p><em>&#8221;\u00c4t och drick, men g\u00e5 inte till \u00f6verdrift&#8221; <\/em>(7:30)<\/p>\n<p>Muslimer uppmuntras att s\u00f6ka balans och m\u00e5ttfullhet i sina relationer med andra och att undvika extremism.<\/p>\n<p>\u201cMedelv\u00e4gen \u00e4r den b\u00e4sta av alla\u201d, ska profeten Muhammad (frid vare med honom) sa sagt.<\/p>\n","protected":false},"excerpt":{"rendered":"<p>M\u00e5ttlighet \u00e4r en viktig princip inom islam och som betonas i Koranen. Muslimer tror att m\u00e5ttfullhet i allt \u00e4r avg\u00f6rande f\u00f6r att leva ett balanserat och tillfredsst\u00e4llande liv. Koranen uppmuntrar muslimer att undvika \u00f6verfl\u00f6d i alla aspekter av livet, vare sig det g\u00e4ller att \u00e4ta, dricka, spendera eller andra aktiviteter. &#8221;\u00c4t och drick, men g\u00e5<\/p>\n","protected":false},"author":13,"featured_media":0,"parent":3863,"menu_order":13,"comment_status":"closed","ping_status":"closed","template":"","meta":{"_acf_changed":false,"footnotes":""},"class_list":["post-3895","page","type-page","status-publish","hentry"],"acf":[],"yoast_head":"<!-- This site is optimized with the Yoast SEO Premium plugin v21.1 (Yoast SEO v27.0) - https:\/\/yoast.com\/product\/yoast-seo-premium-wordpress\/ -->\n<title>Vad s\u00e4ger islam om vikten av att leva ett balanserat liv? - Islams Ahmadiyya F\u00f6rsamling<\/title>\n<meta name=\"robots\" content=\"index, follow, max-snippet:-1, max-image-preview:large, max-video-preview:-1\" \/>\n<link rel=\"canonical\" href=\"https:\/\/www.ahmadiyya-islam.org\/se\/medlem\/vanliga-fragor\/vad-sager-islam-om-vikten-av-att-leva-ett-balanserat-liv\/\" \/>\n<meta property=\"og:locale\" content=\"sv_SE\" \/>\n<meta property=\"og:type\" content=\"article\" \/>\n<meta property=\"og:title\" content=\"Vad s\u00e4ger islam om vikten av att leva ett balanserat liv?\" \/>\n<meta property=\"og:description\" content=\"M\u00e5ttlighet \u00e4r en viktig princip inom islam och som betonas i Koranen. Muslimer tror att m\u00e5ttfullhet i allt \u00e4r avg\u00f6rande f\u00f6r att leva ett balanserat och tillfredsst\u00e4llande liv. Koranen uppmuntrar muslimer att undvika \u00f6verfl\u00f6d i alla aspekter av livet, vare sig det g\u00e4ller att \u00e4ta, dricka, spendera eller andra aktiviteter. &#8221;\u00c4t och drick, men g\u00e5\" \/>\n<meta property=\"og:url\" content=\"https:\/\/www.ahmadiyya-islam.org\/se\/medlem\/vanliga-fragor\/vad-sager-islam-om-vikten-av-att-leva-ett-balanserat-liv\/\" \/>\n<meta property=\"og:site_name\" content=\"Islams Ahmadiyya F\u00f6rsamling\" \/>\n<meta property=\"article:modified_time\" content=\"2025-11-11T21:38:36+00:00\" \/>\n<meta name=\"twitter:card\" content=\"summary_large_image\" \/>\n<meta name=\"twitter:label1\" content=\"Ber\u00e4knad l\u00e4stid\" \/>\n\t<meta name=\"twitter:data1\" content=\"1 minut\" \/>\n<script type=\"application\/ld+json\" class=\"yoast-schema-graph\">{\"@context\":\"https:\/\/schema.org\",\"@graph\":[{\"@type\":\"WebPage\",\"@id\":\"https:\/\/www.ahmadiyya-islam.org\/se\/medlem\/vanliga-fragor\/vad-sager-islam-om-vikten-av-att-leva-ett-balanserat-liv\/\",\"url\":\"https:\/\/www.ahmadiyya-islam.org\/se\/medlem\/vanliga-fragor\/vad-sager-islam-om-vikten-av-att-leva-ett-balanserat-liv\/\",\"name\":\"Vad s\u00e4ger islam om vikten av att leva ett balanserat liv? - Islams Ahmadiyya F\u00f6rsamling\",\"isPartOf\":{\"@id\":\"https:\/\/www.ahmadiyya-islam.org\/se\/#website\"},\"datePublished\":\"2025-11-11T21:06:52+00:00\",\"dateModified\":\"2025-11-11T21:38:36+00:00\",\"breadcrumb\":{\"@id\":\"https:\/\/www.ahmadiyya-islam.org\/se\/medlem\/vanliga-fragor\/vad-sager-islam-om-vikten-av-att-leva-ett-balanserat-liv\/#breadcrumb\"},\"inLanguage\":\"sv-SE\",\"potentialAction\":[{\"@type\":\"ReadAction\",\"target\":[\"https:\/\/www.ahmadiyya-islam.org\/se\/medlem\/vanliga-fragor\/vad-sager-islam-om-vikten-av-att-leva-ett-balanserat-liv\/\"]}]},{\"@type\":\"BreadcrumbList\",\"@id\":\"https:\/\/www.ahmadiyya-islam.org\/se\/medlem\/vanliga-fragor\/vad-sager-islam-om-vikten-av-att-leva-ett-balanserat-liv\/#breadcrumb\",\"itemListElement\":[{\"@type\":\"ListItem\",\"position\":1,\"name\":\"Home\",\"item\":\"https:\/\/www.ahmadiyya-islam.org\/se\/\"},{\"@type\":\"ListItem\",\"position\":2,\"name\":\"Medlem\",\"item\":\"https:\/\/www.ahmadiyya-islam.org\/se\/medlem\/\"},{\"@type\":\"ListItem\",\"position\":3,\"name\":\"Vanliga fr\u00e5gor\",\"item\":\"https:\/\/www.ahmadiyya-islam.org\/se\/medlem\/vanliga-fragor\/\"},{\"@type\":\"ListItem\",\"position\":4,\"name\":\"Vad s\u00e4ger islam om vikten av att leva ett balanserat liv?\"}]},{\"@type\":\"WebSite\",\"@id\":\"https:\/\/www.ahmadiyya-islam.org\/se\/#website\",\"url\":\"https:\/\/www.ahmadiyya-islam.org\/se\/\",\"name\":\"Islams Ahmadiyya F\u00f6rsamling\",\"description\":\"Sverige\",\"potentialAction\":[{\"@type\":\"SearchAction\",\"target\":{\"@type\":\"EntryPoint\",\"urlTemplate\":\"https:\/\/www.ahmadiyya-islam.org\/se\/?s={search_term_string}\"},\"query-input\":{\"@type\":\"PropertyValueSpecification\",\"valueRequired\":true,\"valueName\":\"search_term_string\"}}],\"inLanguage\":\"sv-SE\"}]}<\/script>\n<!-- \/ Yoast SEO Premium plugin. -->","yoast_head_json":{"title":"Vad s\u00e4ger islam om vikten av att leva ett balanserat liv? - Islams Ahmadiyya F\u00f6rsamling","robots":{"index":"index","follow":"follow","max-snippet":"max-snippet:-1","max-image-preview":"max-image-preview:large","max-video-preview":"max-video-preview:-1"},"canonical":"https:\/\/www.ahmadiyya-islam.org\/se\/medlem\/vanliga-fragor\/vad-sager-islam-om-vikten-av-att-leva-ett-balanserat-liv\/","og_locale":"sv_SE","og_type":"article","og_title":"Vad s\u00e4ger islam om vikten av att leva ett balanserat liv?","og_description":"M\u00e5ttlighet \u00e4r en viktig princip inom islam och som betonas i Koranen. Muslimer tror att m\u00e5ttfullhet i allt \u00e4r avg\u00f6rande f\u00f6r att leva ett balanserat och tillfredsst\u00e4llande liv. Koranen uppmuntrar muslimer att undvika \u00f6verfl\u00f6d i alla aspekter av livet, vare sig det g\u00e4ller att \u00e4ta, dricka, spendera eller andra aktiviteter. &#8221;\u00c4t och drick, men g\u00e5","og_url":"https:\/\/www.ahmadiyya-islam.org\/se\/medlem\/vanliga-fragor\/vad-sager-islam-om-vikten-av-att-leva-ett-balanserat-liv\/","og_site_name":"Islams Ahmadiyya F\u00f6rsamling","article_modified_time":"2025-11-11T21:38:36+00:00","twitter_card":"summary_large_image","twitter_misc":{"Ber\u00e4knad l\u00e4stid":"1 minut"},"schema":{"@context":"https:\/\/schema.org","@graph":[{"@type":"WebPage","@id":"https:\/\/www.ahmadiyya-islam.org\/se\/medlem\/vanliga-fragor\/vad-sager-islam-om-vikten-av-att-leva-ett-balanserat-liv\/","url":"https:\/\/www.ahmadiyya-islam.org\/se\/medlem\/vanliga-fragor\/vad-sager-islam-om-vikten-av-att-leva-ett-balanserat-liv\/","name":"Vad s\u00e4ger islam om vikten av att leva ett balanserat liv? - Islams Ahmadiyya F\u00f6rsamling","isPartOf":{"@id":"https:\/\/www.ahmadiyya-islam.org\/se\/#website"},"datePublished":"2025-11-11T21:06:52+00:00","dateModified":"2025-11-11T21:38:36+00:00","breadcrumb":{"@id":"https:\/\/www.ahmadiyya-islam.org\/se\/medlem\/vanliga-fragor\/vad-sager-islam-om-vikten-av-att-leva-ett-balanserat-liv\/#breadcrumb"},"inLanguage":"sv-SE","potentialAction":[{"@type":"ReadAction","target":["https:\/\/www.ahmadiyya-islam.org\/se\/medlem\/vanliga-fragor\/vad-sager-islam-om-vikten-av-att-leva-ett-balanserat-liv\/"]}]},{"@type":"BreadcrumbList","@id":"https:\/\/www.ahmadiyya-islam.org\/se\/medlem\/vanliga-fragor\/vad-sager-islam-om-vikten-av-att-leva-ett-balanserat-liv\/#breadcrumb","itemListElement":[{"@type":"ListItem","position":1,"name":"Home","item":"https:\/\/www.ahmadiyya-islam.org\/se\/"},{"@type":"ListItem","position":2,"name":"Medlem","item":"https:\/\/www.ahmadiyya-islam.org\/se\/medlem\/"},{"@type":"ListItem","position":3,"name":"Vanliga fr\u00e5gor","item":"https:\/\/www.ahmadiyya-islam.org\/se\/medlem\/vanliga-fragor\/"},{"@type":"ListItem","position":4,"name":"Vad s\u00e4ger islam om vikten av att leva ett balanserat liv?"}]},{"@type":"WebSite","@id":"https:\/\/www.ahmadiyya-islam.org\/se\/#website","url":"https:\/\/www.ahmadiyya-islam.org\/se\/","name":"Islams Ahmadiyya F\u00f6rsamling","description":"Sverige","potentialAction":[{"@type":"SearchAction","target":{"@type":"EntryPoint","urlTemplate":"https:\/\/www.ahmadiyya-islam.org\/se\/?s={search_term_string}"},"query-input":{"@type":"PropertyValueSpecification","valueRequired":true,"valueName":"search_term_string"}}],"inLanguage":"sv-SE"}]}},"_links":{"self":[{"href":"https:\/\/www.ahmadiyya-islam.org\/se\/wp-json\/wp\/v2\/pages\/3895","targetHints":{"allow":["GET"]}}],"collection":[{"href":"https:\/\/www.ahmadiyya-islam.org\/se\/wp-json\/wp\/v2\/pages"}],"about":[{"href":"https:\/\/www.ahmadiyya-islam.org\/se\/wp-json\/wp\/v2\/types\/page"}],"author":[{"embeddable":true,"href":"https:\/\/www.ahmadiyya-islam.org\/se\/wp-json\/wp\/v2\/users\/13"}],"replies":[{"embeddable":true,"href":"https:\/\/www.ahmadiyya-islam.org\/se\/wp-json\/wp\/v2\/comments?post=3895"}],"version-history":[{"count":1,"href":"https:\/\/www.ahmadiyya-islam.org\/se\/wp-json\/wp\/v2\/pages\/3895\/revisions"}],"predecessor-version":[{"id":3896,"href":"https:\/\/www.ahmadiyya-islam.org\/se\/wp-json\/wp\/v2\/pages\/3895\/revisions\/3896"}],"up":[{"embeddable":true,"href":"https:\/\/www.ahmadiyya-islam.org\/se\/wp-json\/wp\/v2\/pages\/3863"}],"wp:attachment":[{"href":"https:\/\/www.ahmadiyya-islam.org\/se\/wp-json\/wp\/v2\/media?parent=3895"}],"curies":[{"name":"wp","href":"https:\/\/api.w.org\/{rel}","templated":true}]}}