{"id":3893,"date":"2025-11-11T21:06:21","date_gmt":"2025-11-11T21:06:21","guid":{"rendered":"https:\/\/www.ahmadiyya-islam.org\/se\/?page_id=3893"},"modified":"2025-11-11T21:38:14","modified_gmt":"2025-11-11T21:38:14","slug":"vad-anser-islam-om-homosexualitet","status":"publish","type":"page","link":"https:\/\/www.ahmadiyya-islam.org\/se\/medlem\/vanliga-fragor\/vad-anser-islam-om-homosexualitet\/","title":{"rendered":"Vad anser islam om homosexualitet?"},"content":{"rendered":"<p>Islam anser att homosexuella relationer \u00e4r f\u00f6rbjudna. Homosexualitet har diskuterats mer i Bibeln \u00e4n i Koranen. I Koranen finns f\u00f6ljande verser;<\/p>\n<p><em>\u201dOch Vi s\u00e4nde Lot, n\u00e4r han sade till sitt folk: \u201dBeg\u00e5r ni s\u00e5dana sk\u00e4ndligheter som ingen i v\u00e4rlden n\u00e5gonsin beg\u00e5tt f\u00f6re er? Ni n\u00e4rmar er m\u00e4n med lust ist\u00e4llet f\u00f6r kvinnor. Nej, ni \u00e4r ett folk som \u00f6verskrider alla gr\u00e4nser\u201d <\/em>(7:81-82)<\/p>\n<p><em>\u201dOch om tv\u00e5 m\u00e4n bland er \u00e4r skyldiga till det, straffa dem b\u00e5da. Och om de \u00e5ngrar sig och g\u00f6r b\u00e4ttring, l\u00e4mna dem d\u00e5 i fred. Allah \u00e4r sannerligen ofta \u00c5terv\u00e4ndande med medlidande och \u00e4r Barmh\u00e4rtig.\u201d <\/em>(4:17)<\/p>\n<p>Det \u00e4r viktigt att notera att islamisk l\u00e4ra betonar vikten av medk\u00e4nsla, v\u00e4nlighet och respekt f\u00f6r alla individer. \u00c4ven om islamisk moral ser homosexuellt beteende som syndigt, kr\u00e4ver den ocks\u00e5 att alla individer behandlas med v\u00e4rdighet och respekt och att man undviker varje form av diskriminering.<\/p>\n","protected":false},"excerpt":{"rendered":"<p>Islam anser att homosexuella relationer \u00e4r f\u00f6rbjudna. Homosexualitet har diskuterats mer i Bibeln \u00e4n i Koranen. I Koranen finns f\u00f6ljande verser; \u201dOch Vi s\u00e4nde Lot, n\u00e4r han sade till sitt folk: \u201dBeg\u00e5r ni s\u00e5dana sk\u00e4ndligheter som ingen i v\u00e4rlden n\u00e5gonsin beg\u00e5tt f\u00f6re er? Ni n\u00e4rmar er m\u00e4n med lust ist\u00e4llet f\u00f6r kvinnor. Nej, ni \u00e4r<\/p>\n","protected":false},"author":13,"featured_media":0,"parent":3863,"menu_order":12,"comment_status":"closed","ping_status":"closed","template":"","meta":{"_acf_changed":false,"footnotes":""},"class_list":["post-3893","page","type-page","status-publish","hentry"],"acf":[],"yoast_head":"<!-- This site is optimized with the Yoast SEO Premium plugin v21.1 (Yoast SEO v27.4) - https:\/\/yoast.com\/product\/yoast-seo-premium-wordpress\/ -->\n<title>Vad anser islam om homosexualitet? - Islams Ahmadiyya F\u00f6rsamling<\/title>\n<meta name=\"robots\" content=\"index, follow, max-snippet:-1, max-image-preview:large, max-video-preview:-1\" \/>\n<link rel=\"canonical\" href=\"https:\/\/www.ahmadiyya-islam.org\/se\/medlem\/vanliga-fragor\/vad-anser-islam-om-homosexualitet\/\" \/>\n<meta property=\"og:locale\" content=\"sv_SE\" \/>\n<meta property=\"og:type\" content=\"article\" \/>\n<meta property=\"og:title\" content=\"Vad anser islam om homosexualitet?\" \/>\n<meta property=\"og:description\" content=\"Islam anser att homosexuella relationer \u00e4r f\u00f6rbjudna. Homosexualitet har diskuterats mer i Bibeln \u00e4n i Koranen. I Koranen finns f\u00f6ljande verser; \u201dOch Vi s\u00e4nde Lot, n\u00e4r han sade till sitt folk: \u201dBeg\u00e5r ni s\u00e5dana sk\u00e4ndligheter som ingen i v\u00e4rlden n\u00e5gonsin beg\u00e5tt f\u00f6re er? Ni n\u00e4rmar er m\u00e4n med lust ist\u00e4llet f\u00f6r kvinnor. Nej, ni \u00e4r\" \/>\n<meta property=\"og:url\" content=\"https:\/\/www.ahmadiyya-islam.org\/se\/medlem\/vanliga-fragor\/vad-anser-islam-om-homosexualitet\/\" \/>\n<meta property=\"og:site_name\" content=\"Islams Ahmadiyya F\u00f6rsamling\" \/>\n<meta property=\"article:modified_time\" content=\"2025-11-11T21:38:14+00:00\" \/>\n<meta name=\"twitter:card\" content=\"summary_large_image\" \/>\n<meta name=\"twitter:label1\" content=\"Ber\u00e4knad l\u00e4stid\" \/>\n\t<meta name=\"twitter:data1\" content=\"1 minut\" \/>\n<script type=\"application\/ld+json\" class=\"yoast-schema-graph\">{\"@context\":\"https:\\\/\\\/schema.org\",\"@graph\":[{\"@type\":\"WebPage\",\"@id\":\"https:\\\/\\\/www.ahmadiyya-islam.org\\\/se\\\/medlem\\\/vanliga-fragor\\\/vad-anser-islam-om-homosexualitet\\\/\",\"url\":\"https:\\\/\\\/www.ahmadiyya-islam.org\\\/se\\\/medlem\\\/vanliga-fragor\\\/vad-anser-islam-om-homosexualitet\\\/\",\"name\":\"Vad anser islam om homosexualitet? - Islams Ahmadiyya F\u00f6rsamling\",\"isPartOf\":{\"@id\":\"https:\\\/\\\/www.ahmadiyya-islam.org\\\/se\\\/#website\"},\"datePublished\":\"2025-11-11T21:06:21+00:00\",\"dateModified\":\"2025-11-11T21:38:14+00:00\",\"breadcrumb\":{\"@id\":\"https:\\\/\\\/www.ahmadiyya-islam.org\\\/se\\\/medlem\\\/vanliga-fragor\\\/vad-anser-islam-om-homosexualitet\\\/#breadcrumb\"},\"inLanguage\":\"sv-SE\",\"potentialAction\":[{\"@type\":\"ReadAction\",\"target\":[\"https:\\\/\\\/www.ahmadiyya-islam.org\\\/se\\\/medlem\\\/vanliga-fragor\\\/vad-anser-islam-om-homosexualitet\\\/\"]}]},{\"@type\":\"BreadcrumbList\",\"@id\":\"https:\\\/\\\/www.ahmadiyya-islam.org\\\/se\\\/medlem\\\/vanliga-fragor\\\/vad-anser-islam-om-homosexualitet\\\/#breadcrumb\",\"itemListElement\":[{\"@type\":\"ListItem\",\"position\":1,\"name\":\"Home\",\"item\":\"https:\\\/\\\/www.ahmadiyya-islam.org\\\/se\\\/\"},{\"@type\":\"ListItem\",\"position\":2,\"name\":\"Medlem\",\"item\":\"https:\\\/\\\/www.ahmadiyya-islam.org\\\/se\\\/medlem\\\/\"},{\"@type\":\"ListItem\",\"position\":3,\"name\":\"Vanliga fr\u00e5gor\",\"item\":\"https:\\\/\\\/www.ahmadiyya-islam.org\\\/se\\\/medlem\\\/vanliga-fragor\\\/\"},{\"@type\":\"ListItem\",\"position\":4,\"name\":\"Vad anser islam om homosexualitet?\"}]},{\"@type\":\"WebSite\",\"@id\":\"https:\\\/\\\/www.ahmadiyya-islam.org\\\/se\\\/#website\",\"url\":\"https:\\\/\\\/www.ahmadiyya-islam.org\\\/se\\\/\",\"name\":\"Islams Ahmadiyya F\u00f6rsamling\",\"description\":\"Sverige\",\"potentialAction\":[{\"@type\":\"SearchAction\",\"target\":{\"@type\":\"EntryPoint\",\"urlTemplate\":\"https:\\\/\\\/www.ahmadiyya-islam.org\\\/se\\\/?s={search_term_string}\"},\"query-input\":{\"@type\":\"PropertyValueSpecification\",\"valueRequired\":true,\"valueName\":\"search_term_string\"}}],\"inLanguage\":\"sv-SE\"}]}<\/script>\n<!-- \/ Yoast SEO Premium plugin. -->","yoast_head_json":{"title":"Vad anser islam om homosexualitet? - Islams Ahmadiyya F\u00f6rsamling","robots":{"index":"index","follow":"follow","max-snippet":"max-snippet:-1","max-image-preview":"max-image-preview:large","max-video-preview":"max-video-preview:-1"},"canonical":"https:\/\/www.ahmadiyya-islam.org\/se\/medlem\/vanliga-fragor\/vad-anser-islam-om-homosexualitet\/","og_locale":"sv_SE","og_type":"article","og_title":"Vad anser islam om homosexualitet?","og_description":"Islam anser att homosexuella relationer \u00e4r f\u00f6rbjudna. Homosexualitet har diskuterats mer i Bibeln \u00e4n i Koranen. I Koranen finns f\u00f6ljande verser; \u201dOch Vi s\u00e4nde Lot, n\u00e4r han sade till sitt folk: \u201dBeg\u00e5r ni s\u00e5dana sk\u00e4ndligheter som ingen i v\u00e4rlden n\u00e5gonsin beg\u00e5tt f\u00f6re er? Ni n\u00e4rmar er m\u00e4n med lust ist\u00e4llet f\u00f6r kvinnor. Nej, ni \u00e4r","og_url":"https:\/\/www.ahmadiyya-islam.org\/se\/medlem\/vanliga-fragor\/vad-anser-islam-om-homosexualitet\/","og_site_name":"Islams Ahmadiyya F\u00f6rsamling","article_modified_time":"2025-11-11T21:38:14+00:00","twitter_card":"summary_large_image","twitter_misc":{"Ber\u00e4knad l\u00e4stid":"1 minut"},"schema":{"@context":"https:\/\/schema.org","@graph":[{"@type":"WebPage","@id":"https:\/\/www.ahmadiyya-islam.org\/se\/medlem\/vanliga-fragor\/vad-anser-islam-om-homosexualitet\/","url":"https:\/\/www.ahmadiyya-islam.org\/se\/medlem\/vanliga-fragor\/vad-anser-islam-om-homosexualitet\/","name":"Vad anser islam om homosexualitet? - Islams Ahmadiyya F\u00f6rsamling","isPartOf":{"@id":"https:\/\/www.ahmadiyya-islam.org\/se\/#website"},"datePublished":"2025-11-11T21:06:21+00:00","dateModified":"2025-11-11T21:38:14+00:00","breadcrumb":{"@id":"https:\/\/www.ahmadiyya-islam.org\/se\/medlem\/vanliga-fragor\/vad-anser-islam-om-homosexualitet\/#breadcrumb"},"inLanguage":"sv-SE","potentialAction":[{"@type":"ReadAction","target":["https:\/\/www.ahmadiyya-islam.org\/se\/medlem\/vanliga-fragor\/vad-anser-islam-om-homosexualitet\/"]}]},{"@type":"BreadcrumbList","@id":"https:\/\/www.ahmadiyya-islam.org\/se\/medlem\/vanliga-fragor\/vad-anser-islam-om-homosexualitet\/#breadcrumb","itemListElement":[{"@type":"ListItem","position":1,"name":"Home","item":"https:\/\/www.ahmadiyya-islam.org\/se\/"},{"@type":"ListItem","position":2,"name":"Medlem","item":"https:\/\/www.ahmadiyya-islam.org\/se\/medlem\/"},{"@type":"ListItem","position":3,"name":"Vanliga fr\u00e5gor","item":"https:\/\/www.ahmadiyya-islam.org\/se\/medlem\/vanliga-fragor\/"},{"@type":"ListItem","position":4,"name":"Vad anser islam om homosexualitet?"}]},{"@type":"WebSite","@id":"https:\/\/www.ahmadiyya-islam.org\/se\/#website","url":"https:\/\/www.ahmadiyya-islam.org\/se\/","name":"Islams Ahmadiyya F\u00f6rsamling","description":"Sverige","potentialAction":[{"@type":"SearchAction","target":{"@type":"EntryPoint","urlTemplate":"https:\/\/www.ahmadiyya-islam.org\/se\/?s={search_term_string}"},"query-input":{"@type":"PropertyValueSpecification","valueRequired":true,"valueName":"search_term_string"}}],"inLanguage":"sv-SE"}]}},"_links":{"self":[{"href":"https:\/\/www.ahmadiyya-islam.org\/se\/wp-json\/wp\/v2\/pages\/3893","targetHints":{"allow":["GET"]}}],"collection":[{"href":"https:\/\/www.ahmadiyya-islam.org\/se\/wp-json\/wp\/v2\/pages"}],"about":[{"href":"https:\/\/www.ahmadiyya-islam.org\/se\/wp-json\/wp\/v2\/types\/page"}],"author":[{"embeddable":true,"href":"https:\/\/www.ahmadiyya-islam.org\/se\/wp-json\/wp\/v2\/users\/13"}],"replies":[{"embeddable":true,"href":"https:\/\/www.ahmadiyya-islam.org\/se\/wp-json\/wp\/v2\/comments?post=3893"}],"version-history":[{"count":1,"href":"https:\/\/www.ahmadiyya-islam.org\/se\/wp-json\/wp\/v2\/pages\/3893\/revisions"}],"predecessor-version":[{"id":3894,"href":"https:\/\/www.ahmadiyya-islam.org\/se\/wp-json\/wp\/v2\/pages\/3893\/revisions\/3894"}],"up":[{"embeddable":true,"href":"https:\/\/www.ahmadiyya-islam.org\/se\/wp-json\/wp\/v2\/pages\/3863"}],"wp:attachment":[{"href":"https:\/\/www.ahmadiyya-islam.org\/se\/wp-json\/wp\/v2\/media?parent=3893"}],"curies":[{"name":"wp","href":"https:\/\/api.w.org\/{rel}","templated":true}]}}