{"id":3891,"date":"2025-11-11T21:05:28","date_gmt":"2025-11-11T21:05:28","guid":{"rendered":"https:\/\/www.ahmadiyya-islam.org\/se\/?page_id=3891"},"modified":"2025-11-11T21:37:52","modified_gmt":"2025-11-11T21:37:52","slug":"varfor-ater-inte-muslimer-flask","status":"publish","type":"page","link":"https:\/\/www.ahmadiyya-islam.org\/se\/medlem\/vanliga-fragor\/varfor-ater-inte-muslimer-flask\/","title":{"rendered":"Varf\u00f6r \u00e4ter inte muslimer fl\u00e4sk?"},"content":{"rendered":"<p>I den islamiska tron anses svin (gris) som haram (f\u00f6rbjudet) att \u00e4ta.<\/p>\n<p><em>\u201dHan har endast f\u00f6rbjudit er det som d\u00f6r av sig sj\u00e4lvt, och blod och svinets k\u00f6tt.\u201d (2:174)<\/em><\/p>\n<p>Det diskuteras ibland om anledningen till denna befallning bland muslimer och icke muslimer, kort kan man s\u00e4ga att f\u00f6rbudet kommer fr\u00e5n Den som skapat v\u00e4rldarna och allt i dessa, Han vet b\u00e4st vad som \u00e4r bra och vad som \u00e4r d\u00e5ligt f\u00f6r m\u00e4nniskan. Det \u00e4r v\u00e4rt att notera att f\u00f6rbudet mot fl\u00e4sk inte \u00e4r exklusivt f\u00f6r den islamiska tron, eftersom det ocks\u00e5 observeras av andra abrahamitiska religioner, s\u00e5som judendomen och vissa samfund inom kristendomen. Ordet svin anv\u00e4nds i flera spr\u00e5k f\u00f6r att ben\u00e4mna orenhet.<\/p>\n","protected":false},"excerpt":{"rendered":"<p>I den islamiska tron anses svin (gris) som haram (f\u00f6rbjudet) att \u00e4ta. \u201dHan har endast f\u00f6rbjudit er det som d\u00f6r av sig sj\u00e4lvt, och blod och svinets k\u00f6tt.\u201d (2:174) Det diskuteras ibland om anledningen till denna befallning bland muslimer och icke muslimer, kort kan man s\u00e4ga att f\u00f6rbudet kommer fr\u00e5n Den som skapat v\u00e4rldarna och<\/p>\n","protected":false},"author":13,"featured_media":0,"parent":3863,"menu_order":11,"comment_status":"closed","ping_status":"closed","template":"","meta":{"_acf_changed":false,"footnotes":""},"class_list":["post-3891","page","type-page","status-publish","hentry"],"acf":[],"yoast_head":"<!-- This site is optimized with the Yoast SEO Premium plugin v21.1 (Yoast SEO v27.0) - https:\/\/yoast.com\/product\/yoast-seo-premium-wordpress\/ -->\n<title>Varf\u00f6r \u00e4ter inte muslimer fl\u00e4sk? - Islams Ahmadiyya F\u00f6rsamling<\/title>\n<meta name=\"robots\" content=\"index, follow, max-snippet:-1, max-image-preview:large, max-video-preview:-1\" \/>\n<link rel=\"canonical\" href=\"https:\/\/www.ahmadiyya-islam.org\/se\/medlem\/vanliga-fragor\/varfor-ater-inte-muslimer-flask\/\" \/>\n<meta property=\"og:locale\" content=\"sv_SE\" \/>\n<meta property=\"og:type\" content=\"article\" \/>\n<meta property=\"og:title\" content=\"Varf\u00f6r \u00e4ter inte muslimer fl\u00e4sk?\" \/>\n<meta property=\"og:description\" content=\"I den islamiska tron anses svin (gris) som haram (f\u00f6rbjudet) att \u00e4ta. \u201dHan har endast f\u00f6rbjudit er det som d\u00f6r av sig sj\u00e4lvt, och blod och svinets k\u00f6tt.\u201d (2:174) Det diskuteras ibland om anledningen till denna befallning bland muslimer och icke muslimer, kort kan man s\u00e4ga att f\u00f6rbudet kommer fr\u00e5n Den som skapat v\u00e4rldarna och\" \/>\n<meta property=\"og:url\" content=\"https:\/\/www.ahmadiyya-islam.org\/se\/medlem\/vanliga-fragor\/varfor-ater-inte-muslimer-flask\/\" \/>\n<meta property=\"og:site_name\" content=\"Islams Ahmadiyya F\u00f6rsamling\" \/>\n<meta property=\"article:modified_time\" content=\"2025-11-11T21:37:52+00:00\" \/>\n<meta name=\"twitter:card\" content=\"summary_large_image\" \/>\n<meta name=\"twitter:label1\" content=\"Ber\u00e4knad l\u00e4stid\" \/>\n\t<meta name=\"twitter:data1\" content=\"1 minut\" \/>\n<script type=\"application\/ld+json\" class=\"yoast-schema-graph\">{\"@context\":\"https:\/\/schema.org\",\"@graph\":[{\"@type\":\"WebPage\",\"@id\":\"https:\/\/www.ahmadiyya-islam.org\/se\/medlem\/vanliga-fragor\/varfor-ater-inte-muslimer-flask\/\",\"url\":\"https:\/\/www.ahmadiyya-islam.org\/se\/medlem\/vanliga-fragor\/varfor-ater-inte-muslimer-flask\/\",\"name\":\"Varf\u00f6r \u00e4ter inte muslimer fl\u00e4sk? - Islams Ahmadiyya F\u00f6rsamling\",\"isPartOf\":{\"@id\":\"https:\/\/www.ahmadiyya-islam.org\/se\/#website\"},\"datePublished\":\"2025-11-11T21:05:28+00:00\",\"dateModified\":\"2025-11-11T21:37:52+00:00\",\"breadcrumb\":{\"@id\":\"https:\/\/www.ahmadiyya-islam.org\/se\/medlem\/vanliga-fragor\/varfor-ater-inte-muslimer-flask\/#breadcrumb\"},\"inLanguage\":\"sv-SE\",\"potentialAction\":[{\"@type\":\"ReadAction\",\"target\":[\"https:\/\/www.ahmadiyya-islam.org\/se\/medlem\/vanliga-fragor\/varfor-ater-inte-muslimer-flask\/\"]}]},{\"@type\":\"BreadcrumbList\",\"@id\":\"https:\/\/www.ahmadiyya-islam.org\/se\/medlem\/vanliga-fragor\/varfor-ater-inte-muslimer-flask\/#breadcrumb\",\"itemListElement\":[{\"@type\":\"ListItem\",\"position\":1,\"name\":\"Home\",\"item\":\"https:\/\/www.ahmadiyya-islam.org\/se\/\"},{\"@type\":\"ListItem\",\"position\":2,\"name\":\"Medlem\",\"item\":\"https:\/\/www.ahmadiyya-islam.org\/se\/medlem\/\"},{\"@type\":\"ListItem\",\"position\":3,\"name\":\"Vanliga fr\u00e5gor\",\"item\":\"https:\/\/www.ahmadiyya-islam.org\/se\/medlem\/vanliga-fragor\/\"},{\"@type\":\"ListItem\",\"position\":4,\"name\":\"Varf\u00f6r \u00e4ter inte muslimer fl\u00e4sk?\"}]},{\"@type\":\"WebSite\",\"@id\":\"https:\/\/www.ahmadiyya-islam.org\/se\/#website\",\"url\":\"https:\/\/www.ahmadiyya-islam.org\/se\/\",\"name\":\"Islams Ahmadiyya F\u00f6rsamling\",\"description\":\"Sverige\",\"potentialAction\":[{\"@type\":\"SearchAction\",\"target\":{\"@type\":\"EntryPoint\",\"urlTemplate\":\"https:\/\/www.ahmadiyya-islam.org\/se\/?s={search_term_string}\"},\"query-input\":{\"@type\":\"PropertyValueSpecification\",\"valueRequired\":true,\"valueName\":\"search_term_string\"}}],\"inLanguage\":\"sv-SE\"}]}<\/script>\n<!-- \/ Yoast SEO Premium plugin. -->","yoast_head_json":{"title":"Varf\u00f6r \u00e4ter inte muslimer fl\u00e4sk? - Islams Ahmadiyya F\u00f6rsamling","robots":{"index":"index","follow":"follow","max-snippet":"max-snippet:-1","max-image-preview":"max-image-preview:large","max-video-preview":"max-video-preview:-1"},"canonical":"https:\/\/www.ahmadiyya-islam.org\/se\/medlem\/vanliga-fragor\/varfor-ater-inte-muslimer-flask\/","og_locale":"sv_SE","og_type":"article","og_title":"Varf\u00f6r \u00e4ter inte muslimer fl\u00e4sk?","og_description":"I den islamiska tron anses svin (gris) som haram (f\u00f6rbjudet) att \u00e4ta. \u201dHan har endast f\u00f6rbjudit er det som d\u00f6r av sig sj\u00e4lvt, och blod och svinets k\u00f6tt.\u201d (2:174) Det diskuteras ibland om anledningen till denna befallning bland muslimer och icke muslimer, kort kan man s\u00e4ga att f\u00f6rbudet kommer fr\u00e5n Den som skapat v\u00e4rldarna och","og_url":"https:\/\/www.ahmadiyya-islam.org\/se\/medlem\/vanliga-fragor\/varfor-ater-inte-muslimer-flask\/","og_site_name":"Islams Ahmadiyya F\u00f6rsamling","article_modified_time":"2025-11-11T21:37:52+00:00","twitter_card":"summary_large_image","twitter_misc":{"Ber\u00e4knad l\u00e4stid":"1 minut"},"schema":{"@context":"https:\/\/schema.org","@graph":[{"@type":"WebPage","@id":"https:\/\/www.ahmadiyya-islam.org\/se\/medlem\/vanliga-fragor\/varfor-ater-inte-muslimer-flask\/","url":"https:\/\/www.ahmadiyya-islam.org\/se\/medlem\/vanliga-fragor\/varfor-ater-inte-muslimer-flask\/","name":"Varf\u00f6r \u00e4ter inte muslimer fl\u00e4sk? - Islams Ahmadiyya F\u00f6rsamling","isPartOf":{"@id":"https:\/\/www.ahmadiyya-islam.org\/se\/#website"},"datePublished":"2025-11-11T21:05:28+00:00","dateModified":"2025-11-11T21:37:52+00:00","breadcrumb":{"@id":"https:\/\/www.ahmadiyya-islam.org\/se\/medlem\/vanliga-fragor\/varfor-ater-inte-muslimer-flask\/#breadcrumb"},"inLanguage":"sv-SE","potentialAction":[{"@type":"ReadAction","target":["https:\/\/www.ahmadiyya-islam.org\/se\/medlem\/vanliga-fragor\/varfor-ater-inte-muslimer-flask\/"]}]},{"@type":"BreadcrumbList","@id":"https:\/\/www.ahmadiyya-islam.org\/se\/medlem\/vanliga-fragor\/varfor-ater-inte-muslimer-flask\/#breadcrumb","itemListElement":[{"@type":"ListItem","position":1,"name":"Home","item":"https:\/\/www.ahmadiyya-islam.org\/se\/"},{"@type":"ListItem","position":2,"name":"Medlem","item":"https:\/\/www.ahmadiyya-islam.org\/se\/medlem\/"},{"@type":"ListItem","position":3,"name":"Vanliga fr\u00e5gor","item":"https:\/\/www.ahmadiyya-islam.org\/se\/medlem\/vanliga-fragor\/"},{"@type":"ListItem","position":4,"name":"Varf\u00f6r \u00e4ter inte muslimer fl\u00e4sk?"}]},{"@type":"WebSite","@id":"https:\/\/www.ahmadiyya-islam.org\/se\/#website","url":"https:\/\/www.ahmadiyya-islam.org\/se\/","name":"Islams Ahmadiyya F\u00f6rsamling","description":"Sverige","potentialAction":[{"@type":"SearchAction","target":{"@type":"EntryPoint","urlTemplate":"https:\/\/www.ahmadiyya-islam.org\/se\/?s={search_term_string}"},"query-input":{"@type":"PropertyValueSpecification","valueRequired":true,"valueName":"search_term_string"}}],"inLanguage":"sv-SE"}]}},"_links":{"self":[{"href":"https:\/\/www.ahmadiyya-islam.org\/se\/wp-json\/wp\/v2\/pages\/3891","targetHints":{"allow":["GET"]}}],"collection":[{"href":"https:\/\/www.ahmadiyya-islam.org\/se\/wp-json\/wp\/v2\/pages"}],"about":[{"href":"https:\/\/www.ahmadiyya-islam.org\/se\/wp-json\/wp\/v2\/types\/page"}],"author":[{"embeddable":true,"href":"https:\/\/www.ahmadiyya-islam.org\/se\/wp-json\/wp\/v2\/users\/13"}],"replies":[{"embeddable":true,"href":"https:\/\/www.ahmadiyya-islam.org\/se\/wp-json\/wp\/v2\/comments?post=3891"}],"version-history":[{"count":1,"href":"https:\/\/www.ahmadiyya-islam.org\/se\/wp-json\/wp\/v2\/pages\/3891\/revisions"}],"predecessor-version":[{"id":3892,"href":"https:\/\/www.ahmadiyya-islam.org\/se\/wp-json\/wp\/v2\/pages\/3891\/revisions\/3892"}],"up":[{"embeddable":true,"href":"https:\/\/www.ahmadiyya-islam.org\/se\/wp-json\/wp\/v2\/pages\/3863"}],"wp:attachment":[{"href":"https:\/\/www.ahmadiyya-islam.org\/se\/wp-json\/wp\/v2\/media?parent=3891"}],"curies":[{"name":"wp","href":"https:\/\/api.w.org\/{rel}","templated":true}]}}