{"id":3889,"date":"2025-11-11T21:04:56","date_gmt":"2025-11-11T21:04:56","guid":{"rendered":"https:\/\/www.ahmadiyya-islam.org\/se\/?page_id=3889"},"modified":"2025-11-11T21:37:32","modified_gmt":"2025-11-11T21:37:32","slug":"vad-sager-islam-om-sexuella-relationer-utanfor-aktenskap","status":"publish","type":"page","link":"https:\/\/www.ahmadiyya-islam.org\/se\/medlem\/vanliga-fragor\/vad-sager-islam-om-sexuella-relationer-utanfor-aktenskap\/","title":{"rendered":"Vad s\u00e4ger islam om sexuella relationer utanf\u00f6r \u00e4ktenskap?"},"content":{"rendered":"<p>\u00c4ktenskapsbrott, eller sexuella relationer mellan tv\u00e5 individer som inte \u00e4r gifta med varandra, anses vara en stor synd i islam. Koranen f\u00f6rd\u00f6mer starkt denna handling och utd\u00f6mer str\u00e4nga straff f\u00f6r dem som \u00e4gnar sig \u00e5t det. Detta straff \u00e4r enbart f\u00f6r dem som g\u00f6r det offentligt, dvs. inf\u00f6r minst fyra vittnen.<\/p>\n<p><em>&#8221;Och g\u00e5 icke n\u00e4ra otukt, det \u00e4r f\u00f6rvisso en uppenbar sk\u00e4ndlighet och en ond v\u00e4g.&#8221; <\/em>(17:33)<\/p>\n<p><em>&#8221;Den otuktiga kvinnan och den otuktiga mannen, prygla var och en av dem med hundra rapp\u2026 Och l\u00e5t en grupp av de troende bevittna deras straff.&#8221; <\/em>(24:33)<\/p>\n<p>Dessa verser g\u00f6r det klart att \u00e4ktenskapsbrott \u00e4r en allvarlig synd i islam och att de som \u00e4gnar sig \u00e5t det kan m\u00f6ta str\u00e4nga straff, inklusive piskrapp och socialt f\u00f6rd\u00f6mande.<\/p>\n","protected":false},"excerpt":{"rendered":"<p>\u00c4ktenskapsbrott, eller sexuella relationer mellan tv\u00e5 individer som inte \u00e4r gifta med varandra, anses vara en stor synd i islam. Koranen f\u00f6rd\u00f6mer starkt denna handling och utd\u00f6mer str\u00e4nga straff f\u00f6r dem som \u00e4gnar sig \u00e5t det. Detta straff \u00e4r enbart f\u00f6r dem som g\u00f6r det offentligt, dvs. inf\u00f6r minst fyra vittnen. &#8221;Och g\u00e5 icke n\u00e4ra<\/p>\n","protected":false},"author":13,"featured_media":0,"parent":3863,"menu_order":10,"comment_status":"closed","ping_status":"closed","template":"","meta":{"_acf_changed":false,"footnotes":""},"class_list":["post-3889","page","type-page","status-publish","hentry"],"acf":[],"yoast_head":"<!-- This site is optimized with the Yoast SEO Premium plugin v21.1 (Yoast SEO v27.0) - https:\/\/yoast.com\/product\/yoast-seo-premium-wordpress\/ -->\n<title>Vad s\u00e4ger islam om sexuella relationer utanf\u00f6r \u00e4ktenskap? - Islams Ahmadiyya F\u00f6rsamling<\/title>\n<meta name=\"robots\" content=\"index, follow, max-snippet:-1, max-image-preview:large, max-video-preview:-1\" \/>\n<link rel=\"canonical\" href=\"https:\/\/www.ahmadiyya-islam.org\/se\/medlem\/vanliga-fragor\/vad-sager-islam-om-sexuella-relationer-utanfor-aktenskap\/\" \/>\n<meta property=\"og:locale\" content=\"sv_SE\" \/>\n<meta property=\"og:type\" content=\"article\" \/>\n<meta property=\"og:title\" content=\"Vad s\u00e4ger islam om sexuella relationer utanf\u00f6r \u00e4ktenskap?\" \/>\n<meta property=\"og:description\" content=\"\u00c4ktenskapsbrott, eller sexuella relationer mellan tv\u00e5 individer som inte \u00e4r gifta med varandra, anses vara en stor synd i islam. Koranen f\u00f6rd\u00f6mer starkt denna handling och utd\u00f6mer str\u00e4nga straff f\u00f6r dem som \u00e4gnar sig \u00e5t det. Detta straff \u00e4r enbart f\u00f6r dem som g\u00f6r det offentligt, dvs. inf\u00f6r minst fyra vittnen. &#8221;Och g\u00e5 icke n\u00e4ra\" \/>\n<meta property=\"og:url\" content=\"https:\/\/www.ahmadiyya-islam.org\/se\/medlem\/vanliga-fragor\/vad-sager-islam-om-sexuella-relationer-utanfor-aktenskap\/\" \/>\n<meta property=\"og:site_name\" content=\"Islams Ahmadiyya F\u00f6rsamling\" \/>\n<meta property=\"article:modified_time\" content=\"2025-11-11T21:37:32+00:00\" \/>\n<meta name=\"twitter:card\" content=\"summary_large_image\" \/>\n<meta name=\"twitter:label1\" content=\"Ber\u00e4knad l\u00e4stid\" \/>\n\t<meta name=\"twitter:data1\" content=\"1 minut\" \/>\n<script type=\"application\/ld+json\" class=\"yoast-schema-graph\">{\"@context\":\"https:\/\/schema.org\",\"@graph\":[{\"@type\":\"WebPage\",\"@id\":\"https:\/\/www.ahmadiyya-islam.org\/se\/medlem\/vanliga-fragor\/vad-sager-islam-om-sexuella-relationer-utanfor-aktenskap\/\",\"url\":\"https:\/\/www.ahmadiyya-islam.org\/se\/medlem\/vanliga-fragor\/vad-sager-islam-om-sexuella-relationer-utanfor-aktenskap\/\",\"name\":\"Vad s\u00e4ger islam om sexuella relationer utanf\u00f6r \u00e4ktenskap? - Islams Ahmadiyya F\u00f6rsamling\",\"isPartOf\":{\"@id\":\"https:\/\/www.ahmadiyya-islam.org\/se\/#website\"},\"datePublished\":\"2025-11-11T21:04:56+00:00\",\"dateModified\":\"2025-11-11T21:37:32+00:00\",\"breadcrumb\":{\"@id\":\"https:\/\/www.ahmadiyya-islam.org\/se\/medlem\/vanliga-fragor\/vad-sager-islam-om-sexuella-relationer-utanfor-aktenskap\/#breadcrumb\"},\"inLanguage\":\"sv-SE\",\"potentialAction\":[{\"@type\":\"ReadAction\",\"target\":[\"https:\/\/www.ahmadiyya-islam.org\/se\/medlem\/vanliga-fragor\/vad-sager-islam-om-sexuella-relationer-utanfor-aktenskap\/\"]}]},{\"@type\":\"BreadcrumbList\",\"@id\":\"https:\/\/www.ahmadiyya-islam.org\/se\/medlem\/vanliga-fragor\/vad-sager-islam-om-sexuella-relationer-utanfor-aktenskap\/#breadcrumb\",\"itemListElement\":[{\"@type\":\"ListItem\",\"position\":1,\"name\":\"Home\",\"item\":\"https:\/\/www.ahmadiyya-islam.org\/se\/\"},{\"@type\":\"ListItem\",\"position\":2,\"name\":\"Medlem\",\"item\":\"https:\/\/www.ahmadiyya-islam.org\/se\/medlem\/\"},{\"@type\":\"ListItem\",\"position\":3,\"name\":\"Vanliga fr\u00e5gor\",\"item\":\"https:\/\/www.ahmadiyya-islam.org\/se\/medlem\/vanliga-fragor\/\"},{\"@type\":\"ListItem\",\"position\":4,\"name\":\"Vad s\u00e4ger islam om sexuella relationer utanf\u00f6r \u00e4ktenskap?\"}]},{\"@type\":\"WebSite\",\"@id\":\"https:\/\/www.ahmadiyya-islam.org\/se\/#website\",\"url\":\"https:\/\/www.ahmadiyya-islam.org\/se\/\",\"name\":\"Islams Ahmadiyya F\u00f6rsamling\",\"description\":\"Sverige\",\"potentialAction\":[{\"@type\":\"SearchAction\",\"target\":{\"@type\":\"EntryPoint\",\"urlTemplate\":\"https:\/\/www.ahmadiyya-islam.org\/se\/?s={search_term_string}\"},\"query-input\":{\"@type\":\"PropertyValueSpecification\",\"valueRequired\":true,\"valueName\":\"search_term_string\"}}],\"inLanguage\":\"sv-SE\"}]}<\/script>\n<!-- \/ Yoast SEO Premium plugin. -->","yoast_head_json":{"title":"Vad s\u00e4ger islam om sexuella relationer utanf\u00f6r \u00e4ktenskap? - Islams Ahmadiyya F\u00f6rsamling","robots":{"index":"index","follow":"follow","max-snippet":"max-snippet:-1","max-image-preview":"max-image-preview:large","max-video-preview":"max-video-preview:-1"},"canonical":"https:\/\/www.ahmadiyya-islam.org\/se\/medlem\/vanliga-fragor\/vad-sager-islam-om-sexuella-relationer-utanfor-aktenskap\/","og_locale":"sv_SE","og_type":"article","og_title":"Vad s\u00e4ger islam om sexuella relationer utanf\u00f6r \u00e4ktenskap?","og_description":"\u00c4ktenskapsbrott, eller sexuella relationer mellan tv\u00e5 individer som inte \u00e4r gifta med varandra, anses vara en stor synd i islam. Koranen f\u00f6rd\u00f6mer starkt denna handling och utd\u00f6mer str\u00e4nga straff f\u00f6r dem som \u00e4gnar sig \u00e5t det. Detta straff \u00e4r enbart f\u00f6r dem som g\u00f6r det offentligt, dvs. inf\u00f6r minst fyra vittnen. &#8221;Och g\u00e5 icke n\u00e4ra","og_url":"https:\/\/www.ahmadiyya-islam.org\/se\/medlem\/vanliga-fragor\/vad-sager-islam-om-sexuella-relationer-utanfor-aktenskap\/","og_site_name":"Islams Ahmadiyya F\u00f6rsamling","article_modified_time":"2025-11-11T21:37:32+00:00","twitter_card":"summary_large_image","twitter_misc":{"Ber\u00e4knad l\u00e4stid":"1 minut"},"schema":{"@context":"https:\/\/schema.org","@graph":[{"@type":"WebPage","@id":"https:\/\/www.ahmadiyya-islam.org\/se\/medlem\/vanliga-fragor\/vad-sager-islam-om-sexuella-relationer-utanfor-aktenskap\/","url":"https:\/\/www.ahmadiyya-islam.org\/se\/medlem\/vanliga-fragor\/vad-sager-islam-om-sexuella-relationer-utanfor-aktenskap\/","name":"Vad s\u00e4ger islam om sexuella relationer utanf\u00f6r \u00e4ktenskap? - Islams Ahmadiyya F\u00f6rsamling","isPartOf":{"@id":"https:\/\/www.ahmadiyya-islam.org\/se\/#website"},"datePublished":"2025-11-11T21:04:56+00:00","dateModified":"2025-11-11T21:37:32+00:00","breadcrumb":{"@id":"https:\/\/www.ahmadiyya-islam.org\/se\/medlem\/vanliga-fragor\/vad-sager-islam-om-sexuella-relationer-utanfor-aktenskap\/#breadcrumb"},"inLanguage":"sv-SE","potentialAction":[{"@type":"ReadAction","target":["https:\/\/www.ahmadiyya-islam.org\/se\/medlem\/vanliga-fragor\/vad-sager-islam-om-sexuella-relationer-utanfor-aktenskap\/"]}]},{"@type":"BreadcrumbList","@id":"https:\/\/www.ahmadiyya-islam.org\/se\/medlem\/vanliga-fragor\/vad-sager-islam-om-sexuella-relationer-utanfor-aktenskap\/#breadcrumb","itemListElement":[{"@type":"ListItem","position":1,"name":"Home","item":"https:\/\/www.ahmadiyya-islam.org\/se\/"},{"@type":"ListItem","position":2,"name":"Medlem","item":"https:\/\/www.ahmadiyya-islam.org\/se\/medlem\/"},{"@type":"ListItem","position":3,"name":"Vanliga fr\u00e5gor","item":"https:\/\/www.ahmadiyya-islam.org\/se\/medlem\/vanliga-fragor\/"},{"@type":"ListItem","position":4,"name":"Vad s\u00e4ger islam om sexuella relationer utanf\u00f6r \u00e4ktenskap?"}]},{"@type":"WebSite","@id":"https:\/\/www.ahmadiyya-islam.org\/se\/#website","url":"https:\/\/www.ahmadiyya-islam.org\/se\/","name":"Islams Ahmadiyya F\u00f6rsamling","description":"Sverige","potentialAction":[{"@type":"SearchAction","target":{"@type":"EntryPoint","urlTemplate":"https:\/\/www.ahmadiyya-islam.org\/se\/?s={search_term_string}"},"query-input":{"@type":"PropertyValueSpecification","valueRequired":true,"valueName":"search_term_string"}}],"inLanguage":"sv-SE"}]}},"_links":{"self":[{"href":"https:\/\/www.ahmadiyya-islam.org\/se\/wp-json\/wp\/v2\/pages\/3889","targetHints":{"allow":["GET"]}}],"collection":[{"href":"https:\/\/www.ahmadiyya-islam.org\/se\/wp-json\/wp\/v2\/pages"}],"about":[{"href":"https:\/\/www.ahmadiyya-islam.org\/se\/wp-json\/wp\/v2\/types\/page"}],"author":[{"embeddable":true,"href":"https:\/\/www.ahmadiyya-islam.org\/se\/wp-json\/wp\/v2\/users\/13"}],"replies":[{"embeddable":true,"href":"https:\/\/www.ahmadiyya-islam.org\/se\/wp-json\/wp\/v2\/comments?post=3889"}],"version-history":[{"count":1,"href":"https:\/\/www.ahmadiyya-islam.org\/se\/wp-json\/wp\/v2\/pages\/3889\/revisions"}],"predecessor-version":[{"id":3890,"href":"https:\/\/www.ahmadiyya-islam.org\/se\/wp-json\/wp\/v2\/pages\/3889\/revisions\/3890"}],"up":[{"embeddable":true,"href":"https:\/\/www.ahmadiyya-islam.org\/se\/wp-json\/wp\/v2\/pages\/3863"}],"wp:attachment":[{"href":"https:\/\/www.ahmadiyya-islam.org\/se\/wp-json\/wp\/v2\/media?parent=3889"}],"curies":[{"name":"wp","href":"https:\/\/api.w.org\/{rel}","templated":true}]}}