{"id":3887,"date":"2025-11-11T21:04:24","date_gmt":"2025-11-11T21:04:24","guid":{"rendered":"https:\/\/www.ahmadiyya-islam.org\/se\/?page_id=3887"},"modified":"2025-11-11T21:37:12","modified_gmt":"2025-11-11T21:37:12","slug":"ar-det-tillatet-att-skilja-sig-fran-sin-partner-i-islam","status":"publish","type":"page","link":"https:\/\/www.ahmadiyya-islam.org\/se\/medlem\/vanliga-fragor\/ar-det-tillatet-att-skilja-sig-fran-sin-partner-i-islam\/","title":{"rendered":"\u00c4r det till\u00e5tet att skilja sig fr\u00e5n sin partner i islam?"},"content":{"rendered":"<p>\u00c4mnet om skilsm\u00e4ssa diskuteras i flera verser och kapitel av Koranen. Inom islam anses skilsm\u00e4ssa vara en sista utv\u00e4g. Koranen uppmuntrar gifta par att bearbeta sina problem och f\u00f6rsona sig, men ger ocks\u00e5 riktlinjer f\u00f6r skilsm\u00e4ssa om f\u00f6rsoning inte \u00e4r m\u00f6jlig.<\/p>\n<p><em>\u201dOch om de beslutar sig f\u00f6r skilsm\u00e4ssa, d\u00e5 \u00e4r Allah f\u00f6rvisso Allh\u00f6rande, Allvetande.\u201d <\/em>(2:228)<\/p>\n<p>Koranen erk\u00e4nner ocks\u00e5 att skilsm\u00e4ssa kan vara en sv\u00e5r och k\u00e4nslom\u00e4ssig process f\u00f6r b\u00e5da parter, och betonar vikten av att behandla varandra med respekt och v\u00e4nlighet under hela processen, samt \u00e4ven efter skilsm\u00e4ssan.<\/p>\n","protected":false},"excerpt":{"rendered":"<p>\u00c4mnet om skilsm\u00e4ssa diskuteras i flera verser och kapitel av Koranen. Inom islam anses skilsm\u00e4ssa vara en sista utv\u00e4g. Koranen uppmuntrar gifta par att bearbeta sina problem och f\u00f6rsona sig, men ger ocks\u00e5 riktlinjer f\u00f6r skilsm\u00e4ssa om f\u00f6rsoning inte \u00e4r m\u00f6jlig. \u201dOch om de beslutar sig f\u00f6r skilsm\u00e4ssa, d\u00e5 \u00e4r Allah f\u00f6rvisso Allh\u00f6rande, Allvetande.\u201d (2:228)<\/p>\n","protected":false},"author":13,"featured_media":0,"parent":3863,"menu_order":9,"comment_status":"closed","ping_status":"closed","template":"","meta":{"_acf_changed":false,"footnotes":""},"class_list":["post-3887","page","type-page","status-publish","hentry"],"acf":[],"yoast_head":"<!-- This site is optimized with the Yoast SEO Premium plugin v21.1 (Yoast SEO v27.4) - https:\/\/yoast.com\/product\/yoast-seo-premium-wordpress\/ -->\n<title>\u00c4r det till\u00e5tet att skilja sig fr\u00e5n sin partner i islam? - Islams Ahmadiyya F\u00f6rsamling<\/title>\n<meta name=\"robots\" content=\"index, follow, max-snippet:-1, max-image-preview:large, max-video-preview:-1\" \/>\n<link rel=\"canonical\" href=\"https:\/\/www.ahmadiyya-islam.org\/se\/medlem\/vanliga-fragor\/ar-det-tillatet-att-skilja-sig-fran-sin-partner-i-islam\/\" \/>\n<meta property=\"og:locale\" content=\"sv_SE\" \/>\n<meta property=\"og:type\" content=\"article\" \/>\n<meta property=\"og:title\" content=\"\u00c4r det till\u00e5tet att skilja sig fr\u00e5n sin partner i islam?\" \/>\n<meta property=\"og:description\" content=\"\u00c4mnet om skilsm\u00e4ssa diskuteras i flera verser och kapitel av Koranen. Inom islam anses skilsm\u00e4ssa vara en sista utv\u00e4g. Koranen uppmuntrar gifta par att bearbeta sina problem och f\u00f6rsona sig, men ger ocks\u00e5 riktlinjer f\u00f6r skilsm\u00e4ssa om f\u00f6rsoning inte \u00e4r m\u00f6jlig. \u201dOch om de beslutar sig f\u00f6r skilsm\u00e4ssa, d\u00e5 \u00e4r Allah f\u00f6rvisso Allh\u00f6rande, Allvetande.\u201d (2:228)\" \/>\n<meta property=\"og:url\" content=\"https:\/\/www.ahmadiyya-islam.org\/se\/medlem\/vanliga-fragor\/ar-det-tillatet-att-skilja-sig-fran-sin-partner-i-islam\/\" \/>\n<meta property=\"og:site_name\" content=\"Islams Ahmadiyya F\u00f6rsamling\" \/>\n<meta property=\"article:modified_time\" content=\"2025-11-11T21:37:12+00:00\" \/>\n<meta name=\"twitter:card\" content=\"summary_large_image\" \/>\n<meta name=\"twitter:label1\" content=\"Ber\u00e4knad l\u00e4stid\" \/>\n\t<meta name=\"twitter:data1\" content=\"1 minut\" \/>\n<script type=\"application\/ld+json\" class=\"yoast-schema-graph\">{\"@context\":\"https:\\\/\\\/schema.org\",\"@graph\":[{\"@type\":\"WebPage\",\"@id\":\"https:\\\/\\\/www.ahmadiyya-islam.org\\\/se\\\/medlem\\\/vanliga-fragor\\\/ar-det-tillatet-att-skilja-sig-fran-sin-partner-i-islam\\\/\",\"url\":\"https:\\\/\\\/www.ahmadiyya-islam.org\\\/se\\\/medlem\\\/vanliga-fragor\\\/ar-det-tillatet-att-skilja-sig-fran-sin-partner-i-islam\\\/\",\"name\":\"\u00c4r det till\u00e5tet att skilja sig fr\u00e5n sin partner i islam? - Islams Ahmadiyya F\u00f6rsamling\",\"isPartOf\":{\"@id\":\"https:\\\/\\\/www.ahmadiyya-islam.org\\\/se\\\/#website\"},\"datePublished\":\"2025-11-11T21:04:24+00:00\",\"dateModified\":\"2025-11-11T21:37:12+00:00\",\"breadcrumb\":{\"@id\":\"https:\\\/\\\/www.ahmadiyya-islam.org\\\/se\\\/medlem\\\/vanliga-fragor\\\/ar-det-tillatet-att-skilja-sig-fran-sin-partner-i-islam\\\/#breadcrumb\"},\"inLanguage\":\"sv-SE\",\"potentialAction\":[{\"@type\":\"ReadAction\",\"target\":[\"https:\\\/\\\/www.ahmadiyya-islam.org\\\/se\\\/medlem\\\/vanliga-fragor\\\/ar-det-tillatet-att-skilja-sig-fran-sin-partner-i-islam\\\/\"]}]},{\"@type\":\"BreadcrumbList\",\"@id\":\"https:\\\/\\\/www.ahmadiyya-islam.org\\\/se\\\/medlem\\\/vanliga-fragor\\\/ar-det-tillatet-att-skilja-sig-fran-sin-partner-i-islam\\\/#breadcrumb\",\"itemListElement\":[{\"@type\":\"ListItem\",\"position\":1,\"name\":\"Home\",\"item\":\"https:\\\/\\\/www.ahmadiyya-islam.org\\\/se\\\/\"},{\"@type\":\"ListItem\",\"position\":2,\"name\":\"Medlem\",\"item\":\"https:\\\/\\\/www.ahmadiyya-islam.org\\\/se\\\/medlem\\\/\"},{\"@type\":\"ListItem\",\"position\":3,\"name\":\"Vanliga fr\u00e5gor\",\"item\":\"https:\\\/\\\/www.ahmadiyya-islam.org\\\/se\\\/medlem\\\/vanliga-fragor\\\/\"},{\"@type\":\"ListItem\",\"position\":4,\"name\":\"\u00c4r det till\u00e5tet att skilja sig fr\u00e5n sin partner i islam?\"}]},{\"@type\":\"WebSite\",\"@id\":\"https:\\\/\\\/www.ahmadiyya-islam.org\\\/se\\\/#website\",\"url\":\"https:\\\/\\\/www.ahmadiyya-islam.org\\\/se\\\/\",\"name\":\"Islams Ahmadiyya F\u00f6rsamling\",\"description\":\"Sverige\",\"potentialAction\":[{\"@type\":\"SearchAction\",\"target\":{\"@type\":\"EntryPoint\",\"urlTemplate\":\"https:\\\/\\\/www.ahmadiyya-islam.org\\\/se\\\/?s={search_term_string}\"},\"query-input\":{\"@type\":\"PropertyValueSpecification\",\"valueRequired\":true,\"valueName\":\"search_term_string\"}}],\"inLanguage\":\"sv-SE\"}]}<\/script>\n<!-- \/ Yoast SEO Premium plugin. -->","yoast_head_json":{"title":"\u00c4r det till\u00e5tet att skilja sig fr\u00e5n sin partner i islam? - Islams Ahmadiyya F\u00f6rsamling","robots":{"index":"index","follow":"follow","max-snippet":"max-snippet:-1","max-image-preview":"max-image-preview:large","max-video-preview":"max-video-preview:-1"},"canonical":"https:\/\/www.ahmadiyya-islam.org\/se\/medlem\/vanliga-fragor\/ar-det-tillatet-att-skilja-sig-fran-sin-partner-i-islam\/","og_locale":"sv_SE","og_type":"article","og_title":"\u00c4r det till\u00e5tet att skilja sig fr\u00e5n sin partner i islam?","og_description":"\u00c4mnet om skilsm\u00e4ssa diskuteras i flera verser och kapitel av Koranen. Inom islam anses skilsm\u00e4ssa vara en sista utv\u00e4g. Koranen uppmuntrar gifta par att bearbeta sina problem och f\u00f6rsona sig, men ger ocks\u00e5 riktlinjer f\u00f6r skilsm\u00e4ssa om f\u00f6rsoning inte \u00e4r m\u00f6jlig. \u201dOch om de beslutar sig f\u00f6r skilsm\u00e4ssa, d\u00e5 \u00e4r Allah f\u00f6rvisso Allh\u00f6rande, Allvetande.\u201d (2:228)","og_url":"https:\/\/www.ahmadiyya-islam.org\/se\/medlem\/vanliga-fragor\/ar-det-tillatet-att-skilja-sig-fran-sin-partner-i-islam\/","og_site_name":"Islams Ahmadiyya F\u00f6rsamling","article_modified_time":"2025-11-11T21:37:12+00:00","twitter_card":"summary_large_image","twitter_misc":{"Ber\u00e4knad l\u00e4stid":"1 minut"},"schema":{"@context":"https:\/\/schema.org","@graph":[{"@type":"WebPage","@id":"https:\/\/www.ahmadiyya-islam.org\/se\/medlem\/vanliga-fragor\/ar-det-tillatet-att-skilja-sig-fran-sin-partner-i-islam\/","url":"https:\/\/www.ahmadiyya-islam.org\/se\/medlem\/vanliga-fragor\/ar-det-tillatet-att-skilja-sig-fran-sin-partner-i-islam\/","name":"\u00c4r det till\u00e5tet att skilja sig fr\u00e5n sin partner i islam? - Islams Ahmadiyya F\u00f6rsamling","isPartOf":{"@id":"https:\/\/www.ahmadiyya-islam.org\/se\/#website"},"datePublished":"2025-11-11T21:04:24+00:00","dateModified":"2025-11-11T21:37:12+00:00","breadcrumb":{"@id":"https:\/\/www.ahmadiyya-islam.org\/se\/medlem\/vanliga-fragor\/ar-det-tillatet-att-skilja-sig-fran-sin-partner-i-islam\/#breadcrumb"},"inLanguage":"sv-SE","potentialAction":[{"@type":"ReadAction","target":["https:\/\/www.ahmadiyya-islam.org\/se\/medlem\/vanliga-fragor\/ar-det-tillatet-att-skilja-sig-fran-sin-partner-i-islam\/"]}]},{"@type":"BreadcrumbList","@id":"https:\/\/www.ahmadiyya-islam.org\/se\/medlem\/vanliga-fragor\/ar-det-tillatet-att-skilja-sig-fran-sin-partner-i-islam\/#breadcrumb","itemListElement":[{"@type":"ListItem","position":1,"name":"Home","item":"https:\/\/www.ahmadiyya-islam.org\/se\/"},{"@type":"ListItem","position":2,"name":"Medlem","item":"https:\/\/www.ahmadiyya-islam.org\/se\/medlem\/"},{"@type":"ListItem","position":3,"name":"Vanliga fr\u00e5gor","item":"https:\/\/www.ahmadiyya-islam.org\/se\/medlem\/vanliga-fragor\/"},{"@type":"ListItem","position":4,"name":"\u00c4r det till\u00e5tet att skilja sig fr\u00e5n sin partner i islam?"}]},{"@type":"WebSite","@id":"https:\/\/www.ahmadiyya-islam.org\/se\/#website","url":"https:\/\/www.ahmadiyya-islam.org\/se\/","name":"Islams Ahmadiyya F\u00f6rsamling","description":"Sverige","potentialAction":[{"@type":"SearchAction","target":{"@type":"EntryPoint","urlTemplate":"https:\/\/www.ahmadiyya-islam.org\/se\/?s={search_term_string}"},"query-input":{"@type":"PropertyValueSpecification","valueRequired":true,"valueName":"search_term_string"}}],"inLanguage":"sv-SE"}]}},"_links":{"self":[{"href":"https:\/\/www.ahmadiyya-islam.org\/se\/wp-json\/wp\/v2\/pages\/3887","targetHints":{"allow":["GET"]}}],"collection":[{"href":"https:\/\/www.ahmadiyya-islam.org\/se\/wp-json\/wp\/v2\/pages"}],"about":[{"href":"https:\/\/www.ahmadiyya-islam.org\/se\/wp-json\/wp\/v2\/types\/page"}],"author":[{"embeddable":true,"href":"https:\/\/www.ahmadiyya-islam.org\/se\/wp-json\/wp\/v2\/users\/13"}],"replies":[{"embeddable":true,"href":"https:\/\/www.ahmadiyya-islam.org\/se\/wp-json\/wp\/v2\/comments?post=3887"}],"version-history":[{"count":1,"href":"https:\/\/www.ahmadiyya-islam.org\/se\/wp-json\/wp\/v2\/pages\/3887\/revisions"}],"predecessor-version":[{"id":3888,"href":"https:\/\/www.ahmadiyya-islam.org\/se\/wp-json\/wp\/v2\/pages\/3887\/revisions\/3888"}],"up":[{"embeddable":true,"href":"https:\/\/www.ahmadiyya-islam.org\/se\/wp-json\/wp\/v2\/pages\/3863"}],"wp:attachment":[{"href":"https:\/\/www.ahmadiyya-islam.org\/se\/wp-json\/wp\/v2\/media?parent=3887"}],"curies":[{"name":"wp","href":"https:\/\/api.w.org\/{rel}","templated":true}]}}