{"id":3885,"date":"2025-11-11T21:04:01","date_gmt":"2025-11-11T21:04:01","guid":{"rendered":"https:\/\/www.ahmadiyya-islam.org\/se\/?page_id=3885"},"modified":"2025-11-11T21:36:50","modified_gmt":"2025-11-11T21:36:50","slug":"tillater-islam-manggifte","status":"publish","type":"page","link":"https:\/\/www.ahmadiyya-islam.org\/se\/medlem\/vanliga-fragor\/tillater-islam-manggifte\/","title":{"rendered":"Till\u00e5ter islam m\u00e5nggifte?"},"content":{"rendered":"<p>Polygami \u00e4r till\u00e5tet i islam, med viktiga restriktioner och villkor.<\/p>\n<p><em>&#8221;Och om ni fruktar att ni, i samh\u00e4llet, kanske icke kommer att vara r\u00e4ttvisa i er behandling av de f\u00f6r\u00e4ldral\u00f6sa i krigens efterdyningar, \u00e4kta d\u00e5 kvinnor, s\u00e5 m\u00e5nga som det passar er, tv\u00e5 eller tre eller fyra. Men om ni fruktar att ni icke kommer att vara r\u00e4ttvisa, \u00e4kta d\u00e5 bara en&#8221; <\/em>(4:3)<\/p>\n<p><em>\u201dOch ni kan icke h\u00e5lla en fullkomlig j\u00e4mvikt mellan hustrur, trots era b\u00e4sta avsikter. Men hys icke helt f\u00f6rk\u00e4rlek f\u00f6r en, s\u00e5 att ni l\u00e4mnar den andra \u00f6vergiven\u201d <\/em>(4:130)<\/p>\n<p>\u201dOch ordna \u00e4ktenskap f\u00f6r \u00e4nkorna bland er\u201d (24:33)<\/p>\n<p>\u00c4ven om m\u00e5nggifte \u00e4r till\u00e5tet i islam anses det inte vara obligatoriskt eller ens uppmuntrat. Faktum \u00e4r att Koranen s\u00e4ger att det kan vara sv\u00e5rt att behandla flera fruar lika, och Koranen uppmuntrar monogami som den f\u00f6redragna formen av \u00e4ktenskap.<\/p>\n<p>D\u00e5 islam \u00e4r en praktisk religion som ger utrymme att agera f\u00f6r att bevara ett fungerande samh\u00e4lle ges m\u00e4nnen till\u00e5telse att gifta sig med fler kvinnor. V\u00e4rldshistorien har vittnat g\u00e5ng p\u00e5 g\u00e5ng att det blir ett underskott p\u00e5 m\u00e4n efter krig. Under s\u00e5dana omst\u00e4ndigheter kan m\u00e5nggifte ge stabilitet till samh\u00e4llet och trygghet till ensamst\u00e5ende kvinnor och \u00e4nkor.<\/p>\n","protected":false},"excerpt":{"rendered":"<p>Polygami \u00e4r till\u00e5tet i islam, med viktiga restriktioner och villkor. &#8221;Och om ni fruktar att ni, i samh\u00e4llet, kanske icke kommer att vara r\u00e4ttvisa i er behandling av de f\u00f6r\u00e4ldral\u00f6sa i krigens efterdyningar, \u00e4kta d\u00e5 kvinnor, s\u00e5 m\u00e5nga som det passar er, tv\u00e5 eller tre eller fyra. Men om ni fruktar att ni icke kommer<\/p>\n","protected":false},"author":13,"featured_media":0,"parent":3863,"menu_order":8,"comment_status":"closed","ping_status":"closed","template":"","meta":{"_acf_changed":false,"footnotes":""},"class_list":["post-3885","page","type-page","status-publish","hentry"],"acf":[],"yoast_head":"<!-- This site is optimized with the Yoast SEO Premium plugin v21.1 (Yoast SEO v27.4) - https:\/\/yoast.com\/product\/yoast-seo-premium-wordpress\/ -->\n<title>Till\u00e5ter islam m\u00e5nggifte? - Islams Ahmadiyya F\u00f6rsamling<\/title>\n<meta name=\"robots\" content=\"index, follow, max-snippet:-1, max-image-preview:large, max-video-preview:-1\" \/>\n<link rel=\"canonical\" href=\"https:\/\/www.ahmadiyya-islam.org\/se\/medlem\/vanliga-fragor\/tillater-islam-manggifte\/\" \/>\n<meta property=\"og:locale\" content=\"sv_SE\" \/>\n<meta property=\"og:type\" content=\"article\" \/>\n<meta property=\"og:title\" content=\"Till\u00e5ter islam m\u00e5nggifte?\" \/>\n<meta property=\"og:description\" content=\"Polygami \u00e4r till\u00e5tet i islam, med viktiga restriktioner och villkor. &#8221;Och om ni fruktar att ni, i samh\u00e4llet, kanske icke kommer att vara r\u00e4ttvisa i er behandling av de f\u00f6r\u00e4ldral\u00f6sa i krigens efterdyningar, \u00e4kta d\u00e5 kvinnor, s\u00e5 m\u00e5nga som det passar er, tv\u00e5 eller tre eller fyra. Men om ni fruktar att ni icke kommer\" \/>\n<meta property=\"og:url\" content=\"https:\/\/www.ahmadiyya-islam.org\/se\/medlem\/vanliga-fragor\/tillater-islam-manggifte\/\" \/>\n<meta property=\"og:site_name\" content=\"Islams Ahmadiyya F\u00f6rsamling\" \/>\n<meta property=\"article:modified_time\" content=\"2025-11-11T21:36:50+00:00\" \/>\n<meta name=\"twitter:card\" content=\"summary_large_image\" \/>\n<meta name=\"twitter:label1\" content=\"Ber\u00e4knad l\u00e4stid\" \/>\n\t<meta name=\"twitter:data1\" content=\"1 minut\" \/>\n<script type=\"application\/ld+json\" class=\"yoast-schema-graph\">{\"@context\":\"https:\\\/\\\/schema.org\",\"@graph\":[{\"@type\":\"WebPage\",\"@id\":\"https:\\\/\\\/www.ahmadiyya-islam.org\\\/se\\\/medlem\\\/vanliga-fragor\\\/tillater-islam-manggifte\\\/\",\"url\":\"https:\\\/\\\/www.ahmadiyya-islam.org\\\/se\\\/medlem\\\/vanliga-fragor\\\/tillater-islam-manggifte\\\/\",\"name\":\"Till\u00e5ter islam m\u00e5nggifte? - Islams Ahmadiyya F\u00f6rsamling\",\"isPartOf\":{\"@id\":\"https:\\\/\\\/www.ahmadiyya-islam.org\\\/se\\\/#website\"},\"datePublished\":\"2025-11-11T21:04:01+00:00\",\"dateModified\":\"2025-11-11T21:36:50+00:00\",\"breadcrumb\":{\"@id\":\"https:\\\/\\\/www.ahmadiyya-islam.org\\\/se\\\/medlem\\\/vanliga-fragor\\\/tillater-islam-manggifte\\\/#breadcrumb\"},\"inLanguage\":\"sv-SE\",\"potentialAction\":[{\"@type\":\"ReadAction\",\"target\":[\"https:\\\/\\\/www.ahmadiyya-islam.org\\\/se\\\/medlem\\\/vanliga-fragor\\\/tillater-islam-manggifte\\\/\"]}]},{\"@type\":\"BreadcrumbList\",\"@id\":\"https:\\\/\\\/www.ahmadiyya-islam.org\\\/se\\\/medlem\\\/vanliga-fragor\\\/tillater-islam-manggifte\\\/#breadcrumb\",\"itemListElement\":[{\"@type\":\"ListItem\",\"position\":1,\"name\":\"Home\",\"item\":\"https:\\\/\\\/www.ahmadiyya-islam.org\\\/se\\\/\"},{\"@type\":\"ListItem\",\"position\":2,\"name\":\"Medlem\",\"item\":\"https:\\\/\\\/www.ahmadiyya-islam.org\\\/se\\\/medlem\\\/\"},{\"@type\":\"ListItem\",\"position\":3,\"name\":\"Vanliga fr\u00e5gor\",\"item\":\"https:\\\/\\\/www.ahmadiyya-islam.org\\\/se\\\/medlem\\\/vanliga-fragor\\\/\"},{\"@type\":\"ListItem\",\"position\":4,\"name\":\"Till\u00e5ter islam m\u00e5nggifte?\"}]},{\"@type\":\"WebSite\",\"@id\":\"https:\\\/\\\/www.ahmadiyya-islam.org\\\/se\\\/#website\",\"url\":\"https:\\\/\\\/www.ahmadiyya-islam.org\\\/se\\\/\",\"name\":\"Islams Ahmadiyya F\u00f6rsamling\",\"description\":\"Sverige\",\"potentialAction\":[{\"@type\":\"SearchAction\",\"target\":{\"@type\":\"EntryPoint\",\"urlTemplate\":\"https:\\\/\\\/www.ahmadiyya-islam.org\\\/se\\\/?s={search_term_string}\"},\"query-input\":{\"@type\":\"PropertyValueSpecification\",\"valueRequired\":true,\"valueName\":\"search_term_string\"}}],\"inLanguage\":\"sv-SE\"}]}<\/script>\n<!-- \/ Yoast SEO Premium plugin. -->","yoast_head_json":{"title":"Till\u00e5ter islam m\u00e5nggifte? - Islams Ahmadiyya F\u00f6rsamling","robots":{"index":"index","follow":"follow","max-snippet":"max-snippet:-1","max-image-preview":"max-image-preview:large","max-video-preview":"max-video-preview:-1"},"canonical":"https:\/\/www.ahmadiyya-islam.org\/se\/medlem\/vanliga-fragor\/tillater-islam-manggifte\/","og_locale":"sv_SE","og_type":"article","og_title":"Till\u00e5ter islam m\u00e5nggifte?","og_description":"Polygami \u00e4r till\u00e5tet i islam, med viktiga restriktioner och villkor. &#8221;Och om ni fruktar att ni, i samh\u00e4llet, kanske icke kommer att vara r\u00e4ttvisa i er behandling av de f\u00f6r\u00e4ldral\u00f6sa i krigens efterdyningar, \u00e4kta d\u00e5 kvinnor, s\u00e5 m\u00e5nga som det passar er, tv\u00e5 eller tre eller fyra. Men om ni fruktar att ni icke kommer","og_url":"https:\/\/www.ahmadiyya-islam.org\/se\/medlem\/vanliga-fragor\/tillater-islam-manggifte\/","og_site_name":"Islams Ahmadiyya F\u00f6rsamling","article_modified_time":"2025-11-11T21:36:50+00:00","twitter_card":"summary_large_image","twitter_misc":{"Ber\u00e4knad l\u00e4stid":"1 minut"},"schema":{"@context":"https:\/\/schema.org","@graph":[{"@type":"WebPage","@id":"https:\/\/www.ahmadiyya-islam.org\/se\/medlem\/vanliga-fragor\/tillater-islam-manggifte\/","url":"https:\/\/www.ahmadiyya-islam.org\/se\/medlem\/vanliga-fragor\/tillater-islam-manggifte\/","name":"Till\u00e5ter islam m\u00e5nggifte? - Islams Ahmadiyya F\u00f6rsamling","isPartOf":{"@id":"https:\/\/www.ahmadiyya-islam.org\/se\/#website"},"datePublished":"2025-11-11T21:04:01+00:00","dateModified":"2025-11-11T21:36:50+00:00","breadcrumb":{"@id":"https:\/\/www.ahmadiyya-islam.org\/se\/medlem\/vanliga-fragor\/tillater-islam-manggifte\/#breadcrumb"},"inLanguage":"sv-SE","potentialAction":[{"@type":"ReadAction","target":["https:\/\/www.ahmadiyya-islam.org\/se\/medlem\/vanliga-fragor\/tillater-islam-manggifte\/"]}]},{"@type":"BreadcrumbList","@id":"https:\/\/www.ahmadiyya-islam.org\/se\/medlem\/vanliga-fragor\/tillater-islam-manggifte\/#breadcrumb","itemListElement":[{"@type":"ListItem","position":1,"name":"Home","item":"https:\/\/www.ahmadiyya-islam.org\/se\/"},{"@type":"ListItem","position":2,"name":"Medlem","item":"https:\/\/www.ahmadiyya-islam.org\/se\/medlem\/"},{"@type":"ListItem","position":3,"name":"Vanliga fr\u00e5gor","item":"https:\/\/www.ahmadiyya-islam.org\/se\/medlem\/vanliga-fragor\/"},{"@type":"ListItem","position":4,"name":"Till\u00e5ter islam m\u00e5nggifte?"}]},{"@type":"WebSite","@id":"https:\/\/www.ahmadiyya-islam.org\/se\/#website","url":"https:\/\/www.ahmadiyya-islam.org\/se\/","name":"Islams Ahmadiyya F\u00f6rsamling","description":"Sverige","potentialAction":[{"@type":"SearchAction","target":{"@type":"EntryPoint","urlTemplate":"https:\/\/www.ahmadiyya-islam.org\/se\/?s={search_term_string}"},"query-input":{"@type":"PropertyValueSpecification","valueRequired":true,"valueName":"search_term_string"}}],"inLanguage":"sv-SE"}]}},"_links":{"self":[{"href":"https:\/\/www.ahmadiyya-islam.org\/se\/wp-json\/wp\/v2\/pages\/3885","targetHints":{"allow":["GET"]}}],"collection":[{"href":"https:\/\/www.ahmadiyya-islam.org\/se\/wp-json\/wp\/v2\/pages"}],"about":[{"href":"https:\/\/www.ahmadiyya-islam.org\/se\/wp-json\/wp\/v2\/types\/page"}],"author":[{"embeddable":true,"href":"https:\/\/www.ahmadiyya-islam.org\/se\/wp-json\/wp\/v2\/users\/13"}],"replies":[{"embeddable":true,"href":"https:\/\/www.ahmadiyya-islam.org\/se\/wp-json\/wp\/v2\/comments?post=3885"}],"version-history":[{"count":1,"href":"https:\/\/www.ahmadiyya-islam.org\/se\/wp-json\/wp\/v2\/pages\/3885\/revisions"}],"predecessor-version":[{"id":3886,"href":"https:\/\/www.ahmadiyya-islam.org\/se\/wp-json\/wp\/v2\/pages\/3885\/revisions\/3886"}],"up":[{"embeddable":true,"href":"https:\/\/www.ahmadiyya-islam.org\/se\/wp-json\/wp\/v2\/pages\/3863"}],"wp:attachment":[{"href":"https:\/\/www.ahmadiyya-islam.org\/se\/wp-json\/wp\/v2\/media?parent=3885"}],"curies":[{"name":"wp","href":"https:\/\/api.w.org\/{rel}","templated":true}]}}