{"id":3883,"date":"2025-11-11T21:03:30","date_gmt":"2025-11-11T21:03:30","guid":{"rendered":"https:\/\/www.ahmadiyya-islam.org\/se\/?page_id=3883"},"modified":"2025-11-11T21:36:28","modified_gmt":"2025-11-11T21:36:28","slug":"ar-tillfalliga-aktenskapskontrakt-tillatna-i-islam","status":"publish","type":"page","link":"https:\/\/www.ahmadiyya-islam.org\/se\/medlem\/vanliga-fragor\/ar-tillfalliga-aktenskapskontrakt-tillatna-i-islam\/","title":{"rendered":"\u00c4r tillf\u00e4lliga \u00e4ktenskapskontrakt till\u00e5tna i islam?"},"content":{"rendered":"<p>Koranen uppenbarades under en tid av 23 \u00e5r. De araber som blev muslimer fortsatte med sina sedv\u00e4njor tills Koranen l\u00e4rde dem n\u00e5got nytt. Exempelvis var det till\u00e5tet f\u00f6r arabiska m\u00e4n att ha ett flertal hustrur.<\/p>\n<p>N\u00e4r begr\u00e4nsningen att gifta sig med maximalt fyra kvinnor inf\u00f6rdes av Islam f\u00f6rbj\u00f6ds de tillf\u00e4lliga \u00e4ktenskapen som kallas f\u00f6r Mutah som fanns bland araberna innan islams ankomst.<\/p>\n<p>Koranen betonar vikten av att behandla kvinnor med respekt och v\u00e4nlighet, och islamisk lag kr\u00e4ver att ett \u00e4ktenskapskontrakt ing\u00e5s fritt och villigt av b\u00e5da parter, med avsikten att skapa en varaktig och harmonisk relation.<\/p>\n","protected":false},"excerpt":{"rendered":"<p>Koranen uppenbarades under en tid av 23 \u00e5r. De araber som blev muslimer fortsatte med sina sedv\u00e4njor tills Koranen l\u00e4rde dem n\u00e5got nytt. Exempelvis var det till\u00e5tet f\u00f6r arabiska m\u00e4n att ha ett flertal hustrur. N\u00e4r begr\u00e4nsningen att gifta sig med maximalt fyra kvinnor inf\u00f6rdes av Islam f\u00f6rbj\u00f6ds de tillf\u00e4lliga \u00e4ktenskapen som kallas f\u00f6r Mutah<\/p>\n","protected":false},"author":13,"featured_media":0,"parent":3863,"menu_order":7,"comment_status":"closed","ping_status":"closed","template":"","meta":{"_acf_changed":false,"footnotes":""},"class_list":["post-3883","page","type-page","status-publish","hentry"],"acf":[],"yoast_head":"<!-- This site is optimized with the Yoast SEO Premium plugin v21.1 (Yoast SEO v27.4) - https:\/\/yoast.com\/product\/yoast-seo-premium-wordpress\/ -->\n<title>\u00c4r tillf\u00e4lliga \u00e4ktenskapskontrakt till\u00e5tna i islam? - Islams Ahmadiyya F\u00f6rsamling<\/title>\n<meta name=\"robots\" content=\"index, follow, max-snippet:-1, max-image-preview:large, max-video-preview:-1\" \/>\n<link rel=\"canonical\" href=\"https:\/\/www.ahmadiyya-islam.org\/se\/medlem\/vanliga-fragor\/ar-tillfalliga-aktenskapskontrakt-tillatna-i-islam\/\" \/>\n<meta property=\"og:locale\" content=\"sv_SE\" \/>\n<meta property=\"og:type\" content=\"article\" \/>\n<meta property=\"og:title\" content=\"\u00c4r tillf\u00e4lliga \u00e4ktenskapskontrakt till\u00e5tna i islam?\" \/>\n<meta property=\"og:description\" content=\"Koranen uppenbarades under en tid av 23 \u00e5r. De araber som blev muslimer fortsatte med sina sedv\u00e4njor tills Koranen l\u00e4rde dem n\u00e5got nytt. Exempelvis var det till\u00e5tet f\u00f6r arabiska m\u00e4n att ha ett flertal hustrur. N\u00e4r begr\u00e4nsningen att gifta sig med maximalt fyra kvinnor inf\u00f6rdes av Islam f\u00f6rbj\u00f6ds de tillf\u00e4lliga \u00e4ktenskapen som kallas f\u00f6r Mutah\" \/>\n<meta property=\"og:url\" content=\"https:\/\/www.ahmadiyya-islam.org\/se\/medlem\/vanliga-fragor\/ar-tillfalliga-aktenskapskontrakt-tillatna-i-islam\/\" \/>\n<meta property=\"og:site_name\" content=\"Islams Ahmadiyya F\u00f6rsamling\" \/>\n<meta property=\"article:modified_time\" content=\"2025-11-11T21:36:28+00:00\" \/>\n<meta name=\"twitter:card\" content=\"summary_large_image\" \/>\n<meta name=\"twitter:label1\" content=\"Ber\u00e4knad l\u00e4stid\" \/>\n\t<meta name=\"twitter:data1\" content=\"1 minut\" \/>\n<script type=\"application\/ld+json\" class=\"yoast-schema-graph\">{\"@context\":\"https:\\\/\\\/schema.org\",\"@graph\":[{\"@type\":\"WebPage\",\"@id\":\"https:\\\/\\\/www.ahmadiyya-islam.org\\\/se\\\/medlem\\\/vanliga-fragor\\\/ar-tillfalliga-aktenskapskontrakt-tillatna-i-islam\\\/\",\"url\":\"https:\\\/\\\/www.ahmadiyya-islam.org\\\/se\\\/medlem\\\/vanliga-fragor\\\/ar-tillfalliga-aktenskapskontrakt-tillatna-i-islam\\\/\",\"name\":\"\u00c4r tillf\u00e4lliga \u00e4ktenskapskontrakt till\u00e5tna i islam? - Islams Ahmadiyya F\u00f6rsamling\",\"isPartOf\":{\"@id\":\"https:\\\/\\\/www.ahmadiyya-islam.org\\\/se\\\/#website\"},\"datePublished\":\"2025-11-11T21:03:30+00:00\",\"dateModified\":\"2025-11-11T21:36:28+00:00\",\"breadcrumb\":{\"@id\":\"https:\\\/\\\/www.ahmadiyya-islam.org\\\/se\\\/medlem\\\/vanliga-fragor\\\/ar-tillfalliga-aktenskapskontrakt-tillatna-i-islam\\\/#breadcrumb\"},\"inLanguage\":\"sv-SE\",\"potentialAction\":[{\"@type\":\"ReadAction\",\"target\":[\"https:\\\/\\\/www.ahmadiyya-islam.org\\\/se\\\/medlem\\\/vanliga-fragor\\\/ar-tillfalliga-aktenskapskontrakt-tillatna-i-islam\\\/\"]}]},{\"@type\":\"BreadcrumbList\",\"@id\":\"https:\\\/\\\/www.ahmadiyya-islam.org\\\/se\\\/medlem\\\/vanliga-fragor\\\/ar-tillfalliga-aktenskapskontrakt-tillatna-i-islam\\\/#breadcrumb\",\"itemListElement\":[{\"@type\":\"ListItem\",\"position\":1,\"name\":\"Home\",\"item\":\"https:\\\/\\\/www.ahmadiyya-islam.org\\\/se\\\/\"},{\"@type\":\"ListItem\",\"position\":2,\"name\":\"Medlem\",\"item\":\"https:\\\/\\\/www.ahmadiyya-islam.org\\\/se\\\/medlem\\\/\"},{\"@type\":\"ListItem\",\"position\":3,\"name\":\"Vanliga fr\u00e5gor\",\"item\":\"https:\\\/\\\/www.ahmadiyya-islam.org\\\/se\\\/medlem\\\/vanliga-fragor\\\/\"},{\"@type\":\"ListItem\",\"position\":4,\"name\":\"\u00c4r tillf\u00e4lliga \u00e4ktenskapskontrakt till\u00e5tna i islam?\"}]},{\"@type\":\"WebSite\",\"@id\":\"https:\\\/\\\/www.ahmadiyya-islam.org\\\/se\\\/#website\",\"url\":\"https:\\\/\\\/www.ahmadiyya-islam.org\\\/se\\\/\",\"name\":\"Islams Ahmadiyya F\u00f6rsamling\",\"description\":\"Sverige\",\"potentialAction\":[{\"@type\":\"SearchAction\",\"target\":{\"@type\":\"EntryPoint\",\"urlTemplate\":\"https:\\\/\\\/www.ahmadiyya-islam.org\\\/se\\\/?s={search_term_string}\"},\"query-input\":{\"@type\":\"PropertyValueSpecification\",\"valueRequired\":true,\"valueName\":\"search_term_string\"}}],\"inLanguage\":\"sv-SE\"}]}<\/script>\n<!-- \/ Yoast SEO Premium plugin. -->","yoast_head_json":{"title":"\u00c4r tillf\u00e4lliga \u00e4ktenskapskontrakt till\u00e5tna i islam? - Islams Ahmadiyya F\u00f6rsamling","robots":{"index":"index","follow":"follow","max-snippet":"max-snippet:-1","max-image-preview":"max-image-preview:large","max-video-preview":"max-video-preview:-1"},"canonical":"https:\/\/www.ahmadiyya-islam.org\/se\/medlem\/vanliga-fragor\/ar-tillfalliga-aktenskapskontrakt-tillatna-i-islam\/","og_locale":"sv_SE","og_type":"article","og_title":"\u00c4r tillf\u00e4lliga \u00e4ktenskapskontrakt till\u00e5tna i islam?","og_description":"Koranen uppenbarades under en tid av 23 \u00e5r. De araber som blev muslimer fortsatte med sina sedv\u00e4njor tills Koranen l\u00e4rde dem n\u00e5got nytt. Exempelvis var det till\u00e5tet f\u00f6r arabiska m\u00e4n att ha ett flertal hustrur. N\u00e4r begr\u00e4nsningen att gifta sig med maximalt fyra kvinnor inf\u00f6rdes av Islam f\u00f6rbj\u00f6ds de tillf\u00e4lliga \u00e4ktenskapen som kallas f\u00f6r Mutah","og_url":"https:\/\/www.ahmadiyya-islam.org\/se\/medlem\/vanliga-fragor\/ar-tillfalliga-aktenskapskontrakt-tillatna-i-islam\/","og_site_name":"Islams Ahmadiyya F\u00f6rsamling","article_modified_time":"2025-11-11T21:36:28+00:00","twitter_card":"summary_large_image","twitter_misc":{"Ber\u00e4knad l\u00e4stid":"1 minut"},"schema":{"@context":"https:\/\/schema.org","@graph":[{"@type":"WebPage","@id":"https:\/\/www.ahmadiyya-islam.org\/se\/medlem\/vanliga-fragor\/ar-tillfalliga-aktenskapskontrakt-tillatna-i-islam\/","url":"https:\/\/www.ahmadiyya-islam.org\/se\/medlem\/vanliga-fragor\/ar-tillfalliga-aktenskapskontrakt-tillatna-i-islam\/","name":"\u00c4r tillf\u00e4lliga \u00e4ktenskapskontrakt till\u00e5tna i islam? - Islams Ahmadiyya F\u00f6rsamling","isPartOf":{"@id":"https:\/\/www.ahmadiyya-islam.org\/se\/#website"},"datePublished":"2025-11-11T21:03:30+00:00","dateModified":"2025-11-11T21:36:28+00:00","breadcrumb":{"@id":"https:\/\/www.ahmadiyya-islam.org\/se\/medlem\/vanliga-fragor\/ar-tillfalliga-aktenskapskontrakt-tillatna-i-islam\/#breadcrumb"},"inLanguage":"sv-SE","potentialAction":[{"@type":"ReadAction","target":["https:\/\/www.ahmadiyya-islam.org\/se\/medlem\/vanliga-fragor\/ar-tillfalliga-aktenskapskontrakt-tillatna-i-islam\/"]}]},{"@type":"BreadcrumbList","@id":"https:\/\/www.ahmadiyya-islam.org\/se\/medlem\/vanliga-fragor\/ar-tillfalliga-aktenskapskontrakt-tillatna-i-islam\/#breadcrumb","itemListElement":[{"@type":"ListItem","position":1,"name":"Home","item":"https:\/\/www.ahmadiyya-islam.org\/se\/"},{"@type":"ListItem","position":2,"name":"Medlem","item":"https:\/\/www.ahmadiyya-islam.org\/se\/medlem\/"},{"@type":"ListItem","position":3,"name":"Vanliga fr\u00e5gor","item":"https:\/\/www.ahmadiyya-islam.org\/se\/medlem\/vanliga-fragor\/"},{"@type":"ListItem","position":4,"name":"\u00c4r tillf\u00e4lliga \u00e4ktenskapskontrakt till\u00e5tna i islam?"}]},{"@type":"WebSite","@id":"https:\/\/www.ahmadiyya-islam.org\/se\/#website","url":"https:\/\/www.ahmadiyya-islam.org\/se\/","name":"Islams Ahmadiyya F\u00f6rsamling","description":"Sverige","potentialAction":[{"@type":"SearchAction","target":{"@type":"EntryPoint","urlTemplate":"https:\/\/www.ahmadiyya-islam.org\/se\/?s={search_term_string}"},"query-input":{"@type":"PropertyValueSpecification","valueRequired":true,"valueName":"search_term_string"}}],"inLanguage":"sv-SE"}]}},"_links":{"self":[{"href":"https:\/\/www.ahmadiyya-islam.org\/se\/wp-json\/wp\/v2\/pages\/3883","targetHints":{"allow":["GET"]}}],"collection":[{"href":"https:\/\/www.ahmadiyya-islam.org\/se\/wp-json\/wp\/v2\/pages"}],"about":[{"href":"https:\/\/www.ahmadiyya-islam.org\/se\/wp-json\/wp\/v2\/types\/page"}],"author":[{"embeddable":true,"href":"https:\/\/www.ahmadiyya-islam.org\/se\/wp-json\/wp\/v2\/users\/13"}],"replies":[{"embeddable":true,"href":"https:\/\/www.ahmadiyya-islam.org\/se\/wp-json\/wp\/v2\/comments?post=3883"}],"version-history":[{"count":1,"href":"https:\/\/www.ahmadiyya-islam.org\/se\/wp-json\/wp\/v2\/pages\/3883\/revisions"}],"predecessor-version":[{"id":3884,"href":"https:\/\/www.ahmadiyya-islam.org\/se\/wp-json\/wp\/v2\/pages\/3883\/revisions\/3884"}],"up":[{"embeddable":true,"href":"https:\/\/www.ahmadiyya-islam.org\/se\/wp-json\/wp\/v2\/pages\/3863"}],"wp:attachment":[{"href":"https:\/\/www.ahmadiyya-islam.org\/se\/wp-json\/wp\/v2\/media?parent=3883"}],"curies":[{"name":"wp","href":"https:\/\/api.w.org\/{rel}","templated":true}]}}