{"id":3879,"date":"2025-11-11T21:02:34","date_gmt":"2025-11-11T21:02:34","guid":{"rendered":"https:\/\/www.ahmadiyya-islam.org\/se\/?page_id=3879"},"modified":"2025-11-11T21:35:36","modified_gmt":"2025-11-11T21:35:36","slug":"vad-innebar-en-muslimsk-brudgava","status":"publish","type":"page","link":"https:\/\/www.ahmadiyya-islam.org\/se\/medlem\/vanliga-fragor\/vad-innebar-en-muslimsk-brudgava\/","title":{"rendered":"Vad inneb\u00e4r en muslimsk brudg\u00e5va?"},"content":{"rendered":"<p>Mahr \u00e4r ett begrepp inom islamiskt \u00e4ktenskap, som syftar p\u00e5 den obligatoriska g\u00e5van som en man ger till sin fru vid \u00e4ktenskapet. Det anses vara en viktig aspekt av islamiskt \u00e4ktenskap och n\u00e4mns i Koranen som en r\u00e4ttighet f\u00f6r hustrun.<\/p>\n<p><em>\u201dOch ge villigt kvinnorna deras brudg\u00e5vor\u201d <\/em>(4:5)<\/p>\n<p>M\u00e4ngden Mahr best\u00e4ms av paret vid tidpunkten f\u00f6r \u00e4ktenskapet och kan vara allt fr\u00e5n ett symboliskt belopp till en betydande summa pengar eller egendom. Mahr kan betalas i sin helhet vid tidpunkten f\u00f6r \u00e4ktenskapet, eller s\u00e5 kan det skjutas upp till ett senare datum eller betalas i omg\u00e5ngar. Detta avg\u00f6rs av hustrun.<\/p>\n<p>Det \u00e5terspeglar vikten av \u00f6msesidig respekt och ekonomiskt ansvar i islamiskt \u00e4ktenskap, och det anses vara ett tecken p\u00e5 mannens engagemang och h\u00e4ngivenhet f\u00f6r sin hustru.<\/p>\n","protected":false},"excerpt":{"rendered":"<p>Mahr \u00e4r ett begrepp inom islamiskt \u00e4ktenskap, som syftar p\u00e5 den obligatoriska g\u00e5van som en man ger till sin fru vid \u00e4ktenskapet. Det anses vara en viktig aspekt av islamiskt \u00e4ktenskap och n\u00e4mns i Koranen som en r\u00e4ttighet f\u00f6r hustrun. \u201dOch ge villigt kvinnorna deras brudg\u00e5vor\u201d (4:5) M\u00e4ngden Mahr best\u00e4ms av paret vid tidpunkten f\u00f6r<\/p>\n","protected":false},"author":13,"featured_media":0,"parent":3863,"menu_order":5,"comment_status":"closed","ping_status":"closed","template":"","meta":{"_acf_changed":false,"footnotes":""},"class_list":["post-3879","page","type-page","status-publish","hentry"],"acf":[],"yoast_head":"<!-- This site is optimized with the Yoast SEO Premium plugin v21.1 (Yoast SEO v27.0) - https:\/\/yoast.com\/product\/yoast-seo-premium-wordpress\/ -->\n<title>Vad inneb\u00e4r en muslimsk brudg\u00e5va? - Islams Ahmadiyya F\u00f6rsamling<\/title>\n<meta name=\"robots\" content=\"index, follow, max-snippet:-1, max-image-preview:large, max-video-preview:-1\" \/>\n<link rel=\"canonical\" href=\"https:\/\/www.ahmadiyya-islam.org\/se\/medlem\/vanliga-fragor\/vad-innebar-en-muslimsk-brudgava\/\" \/>\n<meta property=\"og:locale\" content=\"sv_SE\" \/>\n<meta property=\"og:type\" content=\"article\" \/>\n<meta property=\"og:title\" content=\"Vad inneb\u00e4r en muslimsk brudg\u00e5va?\" \/>\n<meta property=\"og:description\" content=\"Mahr \u00e4r ett begrepp inom islamiskt \u00e4ktenskap, som syftar p\u00e5 den obligatoriska g\u00e5van som en man ger till sin fru vid \u00e4ktenskapet. Det anses vara en viktig aspekt av islamiskt \u00e4ktenskap och n\u00e4mns i Koranen som en r\u00e4ttighet f\u00f6r hustrun. \u201dOch ge villigt kvinnorna deras brudg\u00e5vor\u201d (4:5) M\u00e4ngden Mahr best\u00e4ms av paret vid tidpunkten f\u00f6r\" \/>\n<meta property=\"og:url\" content=\"https:\/\/www.ahmadiyya-islam.org\/se\/medlem\/vanliga-fragor\/vad-innebar-en-muslimsk-brudgava\/\" \/>\n<meta property=\"og:site_name\" content=\"Islams Ahmadiyya F\u00f6rsamling\" \/>\n<meta property=\"article:modified_time\" content=\"2025-11-11T21:35:36+00:00\" \/>\n<meta name=\"twitter:card\" content=\"summary_large_image\" \/>\n<meta name=\"twitter:label1\" content=\"Ber\u00e4knad l\u00e4stid\" \/>\n\t<meta name=\"twitter:data1\" content=\"1 minut\" \/>\n<script type=\"application\/ld+json\" class=\"yoast-schema-graph\">{\"@context\":\"https:\/\/schema.org\",\"@graph\":[{\"@type\":\"WebPage\",\"@id\":\"https:\/\/www.ahmadiyya-islam.org\/se\/medlem\/vanliga-fragor\/vad-innebar-en-muslimsk-brudgava\/\",\"url\":\"https:\/\/www.ahmadiyya-islam.org\/se\/medlem\/vanliga-fragor\/vad-innebar-en-muslimsk-brudgava\/\",\"name\":\"Vad inneb\u00e4r en muslimsk brudg\u00e5va? - Islams Ahmadiyya F\u00f6rsamling\",\"isPartOf\":{\"@id\":\"https:\/\/www.ahmadiyya-islam.org\/se\/#website\"},\"datePublished\":\"2025-11-11T21:02:34+00:00\",\"dateModified\":\"2025-11-11T21:35:36+00:00\",\"breadcrumb\":{\"@id\":\"https:\/\/www.ahmadiyya-islam.org\/se\/medlem\/vanliga-fragor\/vad-innebar-en-muslimsk-brudgava\/#breadcrumb\"},\"inLanguage\":\"sv-SE\",\"potentialAction\":[{\"@type\":\"ReadAction\",\"target\":[\"https:\/\/www.ahmadiyya-islam.org\/se\/medlem\/vanliga-fragor\/vad-innebar-en-muslimsk-brudgava\/\"]}]},{\"@type\":\"BreadcrumbList\",\"@id\":\"https:\/\/www.ahmadiyya-islam.org\/se\/medlem\/vanliga-fragor\/vad-innebar-en-muslimsk-brudgava\/#breadcrumb\",\"itemListElement\":[{\"@type\":\"ListItem\",\"position\":1,\"name\":\"Home\",\"item\":\"https:\/\/www.ahmadiyya-islam.org\/se\/\"},{\"@type\":\"ListItem\",\"position\":2,\"name\":\"Medlem\",\"item\":\"https:\/\/www.ahmadiyya-islam.org\/se\/medlem\/\"},{\"@type\":\"ListItem\",\"position\":3,\"name\":\"Vanliga fr\u00e5gor\",\"item\":\"https:\/\/www.ahmadiyya-islam.org\/se\/medlem\/vanliga-fragor\/\"},{\"@type\":\"ListItem\",\"position\":4,\"name\":\"Vad inneb\u00e4r en muslimsk brudg\u00e5va?\"}]},{\"@type\":\"WebSite\",\"@id\":\"https:\/\/www.ahmadiyya-islam.org\/se\/#website\",\"url\":\"https:\/\/www.ahmadiyya-islam.org\/se\/\",\"name\":\"Islams Ahmadiyya F\u00f6rsamling\",\"description\":\"Sverige\",\"potentialAction\":[{\"@type\":\"SearchAction\",\"target\":{\"@type\":\"EntryPoint\",\"urlTemplate\":\"https:\/\/www.ahmadiyya-islam.org\/se\/?s={search_term_string}\"},\"query-input\":{\"@type\":\"PropertyValueSpecification\",\"valueRequired\":true,\"valueName\":\"search_term_string\"}}],\"inLanguage\":\"sv-SE\"}]}<\/script>\n<!-- \/ Yoast SEO Premium plugin. -->","yoast_head_json":{"title":"Vad inneb\u00e4r en muslimsk brudg\u00e5va? - Islams Ahmadiyya F\u00f6rsamling","robots":{"index":"index","follow":"follow","max-snippet":"max-snippet:-1","max-image-preview":"max-image-preview:large","max-video-preview":"max-video-preview:-1"},"canonical":"https:\/\/www.ahmadiyya-islam.org\/se\/medlem\/vanliga-fragor\/vad-innebar-en-muslimsk-brudgava\/","og_locale":"sv_SE","og_type":"article","og_title":"Vad inneb\u00e4r en muslimsk brudg\u00e5va?","og_description":"Mahr \u00e4r ett begrepp inom islamiskt \u00e4ktenskap, som syftar p\u00e5 den obligatoriska g\u00e5van som en man ger till sin fru vid \u00e4ktenskapet. Det anses vara en viktig aspekt av islamiskt \u00e4ktenskap och n\u00e4mns i Koranen som en r\u00e4ttighet f\u00f6r hustrun. \u201dOch ge villigt kvinnorna deras brudg\u00e5vor\u201d (4:5) M\u00e4ngden Mahr best\u00e4ms av paret vid tidpunkten f\u00f6r","og_url":"https:\/\/www.ahmadiyya-islam.org\/se\/medlem\/vanliga-fragor\/vad-innebar-en-muslimsk-brudgava\/","og_site_name":"Islams Ahmadiyya F\u00f6rsamling","article_modified_time":"2025-11-11T21:35:36+00:00","twitter_card":"summary_large_image","twitter_misc":{"Ber\u00e4knad l\u00e4stid":"1 minut"},"schema":{"@context":"https:\/\/schema.org","@graph":[{"@type":"WebPage","@id":"https:\/\/www.ahmadiyya-islam.org\/se\/medlem\/vanliga-fragor\/vad-innebar-en-muslimsk-brudgava\/","url":"https:\/\/www.ahmadiyya-islam.org\/se\/medlem\/vanliga-fragor\/vad-innebar-en-muslimsk-brudgava\/","name":"Vad inneb\u00e4r en muslimsk brudg\u00e5va? - Islams Ahmadiyya F\u00f6rsamling","isPartOf":{"@id":"https:\/\/www.ahmadiyya-islam.org\/se\/#website"},"datePublished":"2025-11-11T21:02:34+00:00","dateModified":"2025-11-11T21:35:36+00:00","breadcrumb":{"@id":"https:\/\/www.ahmadiyya-islam.org\/se\/medlem\/vanliga-fragor\/vad-innebar-en-muslimsk-brudgava\/#breadcrumb"},"inLanguage":"sv-SE","potentialAction":[{"@type":"ReadAction","target":["https:\/\/www.ahmadiyya-islam.org\/se\/medlem\/vanliga-fragor\/vad-innebar-en-muslimsk-brudgava\/"]}]},{"@type":"BreadcrumbList","@id":"https:\/\/www.ahmadiyya-islam.org\/se\/medlem\/vanliga-fragor\/vad-innebar-en-muslimsk-brudgava\/#breadcrumb","itemListElement":[{"@type":"ListItem","position":1,"name":"Home","item":"https:\/\/www.ahmadiyya-islam.org\/se\/"},{"@type":"ListItem","position":2,"name":"Medlem","item":"https:\/\/www.ahmadiyya-islam.org\/se\/medlem\/"},{"@type":"ListItem","position":3,"name":"Vanliga fr\u00e5gor","item":"https:\/\/www.ahmadiyya-islam.org\/se\/medlem\/vanliga-fragor\/"},{"@type":"ListItem","position":4,"name":"Vad inneb\u00e4r en muslimsk brudg\u00e5va?"}]},{"@type":"WebSite","@id":"https:\/\/www.ahmadiyya-islam.org\/se\/#website","url":"https:\/\/www.ahmadiyya-islam.org\/se\/","name":"Islams Ahmadiyya F\u00f6rsamling","description":"Sverige","potentialAction":[{"@type":"SearchAction","target":{"@type":"EntryPoint","urlTemplate":"https:\/\/www.ahmadiyya-islam.org\/se\/?s={search_term_string}"},"query-input":{"@type":"PropertyValueSpecification","valueRequired":true,"valueName":"search_term_string"}}],"inLanguage":"sv-SE"}]}},"_links":{"self":[{"href":"https:\/\/www.ahmadiyya-islam.org\/se\/wp-json\/wp\/v2\/pages\/3879","targetHints":{"allow":["GET"]}}],"collection":[{"href":"https:\/\/www.ahmadiyya-islam.org\/se\/wp-json\/wp\/v2\/pages"}],"about":[{"href":"https:\/\/www.ahmadiyya-islam.org\/se\/wp-json\/wp\/v2\/types\/page"}],"author":[{"embeddable":true,"href":"https:\/\/www.ahmadiyya-islam.org\/se\/wp-json\/wp\/v2\/users\/13"}],"replies":[{"embeddable":true,"href":"https:\/\/www.ahmadiyya-islam.org\/se\/wp-json\/wp\/v2\/comments?post=3879"}],"version-history":[{"count":1,"href":"https:\/\/www.ahmadiyya-islam.org\/se\/wp-json\/wp\/v2\/pages\/3879\/revisions"}],"predecessor-version":[{"id":3880,"href":"https:\/\/www.ahmadiyya-islam.org\/se\/wp-json\/wp\/v2\/pages\/3879\/revisions\/3880"}],"up":[{"embeddable":true,"href":"https:\/\/www.ahmadiyya-islam.org\/se\/wp-json\/wp\/v2\/pages\/3863"}],"wp:attachment":[{"href":"https:\/\/www.ahmadiyya-islam.org\/se\/wp-json\/wp\/v2\/media?parent=3879"}],"curies":[{"name":"wp","href":"https:\/\/api.w.org\/{rel}","templated":true}]}}