{"id":3877,"date":"2025-11-11T21:02:05","date_gmt":"2025-11-11T21:02:05","guid":{"rendered":"https:\/\/www.ahmadiyya-islam.org\/se\/?page_id=3877"},"modified":"2025-11-11T21:35:14","modified_gmt":"2025-11-11T21:35:14","slug":"varfor-forbjuder-koranen-muslimer-att-ta-ut-ranta-hur-ser-islam-pa-handel-finns-det-regler-kring-affarer-och-transaktioner-i-koranen","status":"publish","type":"page","link":"https:\/\/www.ahmadiyya-islam.org\/se\/medlem\/vanliga-fragor\/varfor-forbjuder-koranen-muslimer-att-ta-ut-ranta-hur-ser-islam-pa-handel-finns-det-regler-kring-affarer-och-transaktioner-i-koranen\/","title":{"rendered":"Varf\u00f6r f\u00f6rbjuder Koranen muslimer att ta ut r\u00e4nta? Hur ser islam p\u00e5 handel &#8211; finns det regler kring aff\u00e4rer och transaktioner i Koranen?"},"content":{"rendered":"<p>Finansiering genom l\u00e5n till\u00e5ts s\u00e5 att individer och samh\u00e4llen kan utvecklas, dock f\u00f6rbjuder Koranen uttag av r\u00e4nta, vilket anses vara exploaterande och or\u00e4ttvist.<\/p>\n<p><em>&#8221;och p\u00e5 grund av att de tog r\u00e4ntor fast\u00e4n de hade f\u00f6rbjudits dem, och p\u00e5 grund av att de med or\u00e4tta f\u00f6rt\u00e4rde m\u00e4nniskors egendom\u201d (4:162) <\/em><\/p>\n<p>I islamisk finansr\u00e4tt till\u00e5ts l\u00e5ngivaren att f\u00e5 en del av vinsten som genereras av verksamheten eller projektet som l\u00e5net anv\u00e4ndes f\u00f6r i st\u00e4llet f\u00f6r att ta ut r\u00e4nta. L\u00e5ngivaren och l\u00e5ntagaren delar p\u00e5 riskerna och f\u00f6rdelarna med investeringen.<\/p>\n<p><em>\u201d\u00c5, ni som tror! N\u00e4r ni l\u00e5nar av varandra f\u00f6r en fastst\u00e4lld tid, skriv d\u00e5 ned det\u2026och tillkalla tv\u00e5 vittnen\u201d (2:283)<\/em><\/p>\n<p>N\u00e4r man l\u00e5nar pengar ska man skriva ett tydligt kontrakt och f\u00e5 det bevittnat av tv\u00e5 personer. Detta understryker vikten av transparens och \u00e4rlighet i finansiella aff\u00e4rer.<\/p>\n<p>Dessutom uppmuntrar Koranen \u00e4ven l\u00e5ntagare att betala tillbaka sina skulder snabbt och p\u00e5minner l\u00e5ngivare om att ha t\u00e5lamod och f\u00f6rl\u00e5tande.<\/p>\n<p><em>\u201dOch om n\u00e5gon g\u00e4lden\u00e4r befinner sig i knappa omst\u00e4ndigheter giv honom d\u00e5 anst\u00e5nd till dess att det har l\u00e4ttat. Och att ni eftersk\u00e4nker det som v\u00e4lg\u00f6renhet skall vara b\u00e4ttre f\u00f6r er, om ni bara visste.\u201d (2:281)<\/em><\/p>\n<p>Koranen uppmuntrar ocks\u00e5 konceptet med v\u00e4lvilliga l\u00e5n, eller <em>Qardh al-Hasan<\/em>, d\u00e4r l\u00e5n ges som en v\u00e4lg\u00f6renhetshandling eller f\u00f6r att hj\u00e4lpa beh\u00f6vande utan n\u00e5gon f\u00f6rv\u00e4ntan om \u00e5terbetalning.<\/p>\n","protected":false},"excerpt":{"rendered":"<p>Finansiering genom l\u00e5n till\u00e5ts s\u00e5 att individer och samh\u00e4llen kan utvecklas, dock f\u00f6rbjuder Koranen uttag av r\u00e4nta, vilket anses vara exploaterande och or\u00e4ttvist. &#8221;och p\u00e5 grund av att de tog r\u00e4ntor fast\u00e4n de hade f\u00f6rbjudits dem, och p\u00e5 grund av att de med or\u00e4tta f\u00f6rt\u00e4rde m\u00e4nniskors egendom\u201d (4:162) I islamisk finansr\u00e4tt till\u00e5ts l\u00e5ngivaren att f\u00e5<\/p>\n","protected":false},"author":13,"featured_media":0,"parent":3863,"menu_order":4,"comment_status":"closed","ping_status":"closed","template":"","meta":{"_acf_changed":false,"footnotes":""},"class_list":["post-3877","page","type-page","status-publish","hentry"],"acf":[],"yoast_head":"<!-- This site is optimized with the Yoast SEO Premium plugin v21.1 (Yoast SEO v27.4) - https:\/\/yoast.com\/product\/yoast-seo-premium-wordpress\/ -->\n<title>Varf\u00f6r f\u00f6rbjuder Koranen muslimer att ta ut r\u00e4nta? Hur ser islam p\u00e5 handel - finns det regler kring aff\u00e4rer och transaktioner i Koranen? - Islams Ahmadiyya F\u00f6rsamling<\/title>\n<meta name=\"robots\" content=\"index, follow, max-snippet:-1, max-image-preview:large, max-video-preview:-1\" \/>\n<link rel=\"canonical\" href=\"https:\/\/www.ahmadiyya-islam.org\/se\/medlem\/vanliga-fragor\/varfor-forbjuder-koranen-muslimer-att-ta-ut-ranta-hur-ser-islam-pa-handel-finns-det-regler-kring-affarer-och-transaktioner-i-koranen\/\" \/>\n<meta property=\"og:locale\" content=\"sv_SE\" \/>\n<meta property=\"og:type\" content=\"article\" \/>\n<meta property=\"og:title\" content=\"Varf\u00f6r f\u00f6rbjuder Koranen muslimer att ta ut r\u00e4nta? Hur ser islam p\u00e5 handel - finns det regler kring aff\u00e4rer och transaktioner i Koranen?\" \/>\n<meta property=\"og:description\" content=\"Finansiering genom l\u00e5n till\u00e5ts s\u00e5 att individer och samh\u00e4llen kan utvecklas, dock f\u00f6rbjuder Koranen uttag av r\u00e4nta, vilket anses vara exploaterande och or\u00e4ttvist. &#8221;och p\u00e5 grund av att de tog r\u00e4ntor fast\u00e4n de hade f\u00f6rbjudits dem, och p\u00e5 grund av att de med or\u00e4tta f\u00f6rt\u00e4rde m\u00e4nniskors egendom\u201d (4:162) I islamisk finansr\u00e4tt till\u00e5ts l\u00e5ngivaren att f\u00e5\" \/>\n<meta property=\"og:url\" content=\"https:\/\/www.ahmadiyya-islam.org\/se\/medlem\/vanliga-fragor\/varfor-forbjuder-koranen-muslimer-att-ta-ut-ranta-hur-ser-islam-pa-handel-finns-det-regler-kring-affarer-och-transaktioner-i-koranen\/\" \/>\n<meta property=\"og:site_name\" content=\"Islams Ahmadiyya F\u00f6rsamling\" \/>\n<meta property=\"article:modified_time\" content=\"2025-11-11T21:35:14+00:00\" \/>\n<meta name=\"twitter:card\" content=\"summary_large_image\" \/>\n<meta name=\"twitter:label1\" content=\"Ber\u00e4knad l\u00e4stid\" \/>\n\t<meta name=\"twitter:data1\" content=\"2 minuter\" \/>\n<script type=\"application\/ld+json\" class=\"yoast-schema-graph\">{\"@context\":\"https:\\\/\\\/schema.org\",\"@graph\":[{\"@type\":\"WebPage\",\"@id\":\"https:\\\/\\\/www.ahmadiyya-islam.org\\\/se\\\/medlem\\\/vanliga-fragor\\\/varfor-forbjuder-koranen-muslimer-att-ta-ut-ranta-hur-ser-islam-pa-handel-finns-det-regler-kring-affarer-och-transaktioner-i-koranen\\\/\",\"url\":\"https:\\\/\\\/www.ahmadiyya-islam.org\\\/se\\\/medlem\\\/vanliga-fragor\\\/varfor-forbjuder-koranen-muslimer-att-ta-ut-ranta-hur-ser-islam-pa-handel-finns-det-regler-kring-affarer-och-transaktioner-i-koranen\\\/\",\"name\":\"Varf\u00f6r f\u00f6rbjuder Koranen muslimer att ta ut r\u00e4nta? Hur ser islam p\u00e5 handel - finns det regler kring aff\u00e4rer och transaktioner i Koranen? - Islams Ahmadiyya F\u00f6rsamling\",\"isPartOf\":{\"@id\":\"https:\\\/\\\/www.ahmadiyya-islam.org\\\/se\\\/#website\"},\"datePublished\":\"2025-11-11T21:02:05+00:00\",\"dateModified\":\"2025-11-11T21:35:14+00:00\",\"breadcrumb\":{\"@id\":\"https:\\\/\\\/www.ahmadiyya-islam.org\\\/se\\\/medlem\\\/vanliga-fragor\\\/varfor-forbjuder-koranen-muslimer-att-ta-ut-ranta-hur-ser-islam-pa-handel-finns-det-regler-kring-affarer-och-transaktioner-i-koranen\\\/#breadcrumb\"},\"inLanguage\":\"sv-SE\",\"potentialAction\":[{\"@type\":\"ReadAction\",\"target\":[\"https:\\\/\\\/www.ahmadiyya-islam.org\\\/se\\\/medlem\\\/vanliga-fragor\\\/varfor-forbjuder-koranen-muslimer-att-ta-ut-ranta-hur-ser-islam-pa-handel-finns-det-regler-kring-affarer-och-transaktioner-i-koranen\\\/\"]}]},{\"@type\":\"BreadcrumbList\",\"@id\":\"https:\\\/\\\/www.ahmadiyya-islam.org\\\/se\\\/medlem\\\/vanliga-fragor\\\/varfor-forbjuder-koranen-muslimer-att-ta-ut-ranta-hur-ser-islam-pa-handel-finns-det-regler-kring-affarer-och-transaktioner-i-koranen\\\/#breadcrumb\",\"itemListElement\":[{\"@type\":\"ListItem\",\"position\":1,\"name\":\"Home\",\"item\":\"https:\\\/\\\/www.ahmadiyya-islam.org\\\/se\\\/\"},{\"@type\":\"ListItem\",\"position\":2,\"name\":\"Medlem\",\"item\":\"https:\\\/\\\/www.ahmadiyya-islam.org\\\/se\\\/medlem\\\/\"},{\"@type\":\"ListItem\",\"position\":3,\"name\":\"Vanliga fr\u00e5gor\",\"item\":\"https:\\\/\\\/www.ahmadiyya-islam.org\\\/se\\\/medlem\\\/vanliga-fragor\\\/\"},{\"@type\":\"ListItem\",\"position\":4,\"name\":\"Varf\u00f6r f\u00f6rbjuder Koranen muslimer att ta ut r\u00e4nta? Hur ser islam p\u00e5 handel &#8211; finns det regler kring aff\u00e4rer och transaktioner i Koranen?\"}]},{\"@type\":\"WebSite\",\"@id\":\"https:\\\/\\\/www.ahmadiyya-islam.org\\\/se\\\/#website\",\"url\":\"https:\\\/\\\/www.ahmadiyya-islam.org\\\/se\\\/\",\"name\":\"Islams Ahmadiyya F\u00f6rsamling\",\"description\":\"Sverige\",\"potentialAction\":[{\"@type\":\"SearchAction\",\"target\":{\"@type\":\"EntryPoint\",\"urlTemplate\":\"https:\\\/\\\/www.ahmadiyya-islam.org\\\/se\\\/?s={search_term_string}\"},\"query-input\":{\"@type\":\"PropertyValueSpecification\",\"valueRequired\":true,\"valueName\":\"search_term_string\"}}],\"inLanguage\":\"sv-SE\"}]}<\/script>\n<!-- \/ Yoast SEO Premium plugin. -->","yoast_head_json":{"title":"Varf\u00f6r f\u00f6rbjuder Koranen muslimer att ta ut r\u00e4nta? Hur ser islam p\u00e5 handel - finns det regler kring aff\u00e4rer och transaktioner i Koranen? - Islams Ahmadiyya F\u00f6rsamling","robots":{"index":"index","follow":"follow","max-snippet":"max-snippet:-1","max-image-preview":"max-image-preview:large","max-video-preview":"max-video-preview:-1"},"canonical":"https:\/\/www.ahmadiyya-islam.org\/se\/medlem\/vanliga-fragor\/varfor-forbjuder-koranen-muslimer-att-ta-ut-ranta-hur-ser-islam-pa-handel-finns-det-regler-kring-affarer-och-transaktioner-i-koranen\/","og_locale":"sv_SE","og_type":"article","og_title":"Varf\u00f6r f\u00f6rbjuder Koranen muslimer att ta ut r\u00e4nta? Hur ser islam p\u00e5 handel - finns det regler kring aff\u00e4rer och transaktioner i Koranen?","og_description":"Finansiering genom l\u00e5n till\u00e5ts s\u00e5 att individer och samh\u00e4llen kan utvecklas, dock f\u00f6rbjuder Koranen uttag av r\u00e4nta, vilket anses vara exploaterande och or\u00e4ttvist. &#8221;och p\u00e5 grund av att de tog r\u00e4ntor fast\u00e4n de hade f\u00f6rbjudits dem, och p\u00e5 grund av att de med or\u00e4tta f\u00f6rt\u00e4rde m\u00e4nniskors egendom\u201d (4:162) I islamisk finansr\u00e4tt till\u00e5ts l\u00e5ngivaren att f\u00e5","og_url":"https:\/\/www.ahmadiyya-islam.org\/se\/medlem\/vanliga-fragor\/varfor-forbjuder-koranen-muslimer-att-ta-ut-ranta-hur-ser-islam-pa-handel-finns-det-regler-kring-affarer-och-transaktioner-i-koranen\/","og_site_name":"Islams Ahmadiyya F\u00f6rsamling","article_modified_time":"2025-11-11T21:35:14+00:00","twitter_card":"summary_large_image","twitter_misc":{"Ber\u00e4knad l\u00e4stid":"2 minuter"},"schema":{"@context":"https:\/\/schema.org","@graph":[{"@type":"WebPage","@id":"https:\/\/www.ahmadiyya-islam.org\/se\/medlem\/vanliga-fragor\/varfor-forbjuder-koranen-muslimer-att-ta-ut-ranta-hur-ser-islam-pa-handel-finns-det-regler-kring-affarer-och-transaktioner-i-koranen\/","url":"https:\/\/www.ahmadiyya-islam.org\/se\/medlem\/vanliga-fragor\/varfor-forbjuder-koranen-muslimer-att-ta-ut-ranta-hur-ser-islam-pa-handel-finns-det-regler-kring-affarer-och-transaktioner-i-koranen\/","name":"Varf\u00f6r f\u00f6rbjuder Koranen muslimer att ta ut r\u00e4nta? Hur ser islam p\u00e5 handel - finns det regler kring aff\u00e4rer och transaktioner i Koranen? - Islams Ahmadiyya F\u00f6rsamling","isPartOf":{"@id":"https:\/\/www.ahmadiyya-islam.org\/se\/#website"},"datePublished":"2025-11-11T21:02:05+00:00","dateModified":"2025-11-11T21:35:14+00:00","breadcrumb":{"@id":"https:\/\/www.ahmadiyya-islam.org\/se\/medlem\/vanliga-fragor\/varfor-forbjuder-koranen-muslimer-att-ta-ut-ranta-hur-ser-islam-pa-handel-finns-det-regler-kring-affarer-och-transaktioner-i-koranen\/#breadcrumb"},"inLanguage":"sv-SE","potentialAction":[{"@type":"ReadAction","target":["https:\/\/www.ahmadiyya-islam.org\/se\/medlem\/vanliga-fragor\/varfor-forbjuder-koranen-muslimer-att-ta-ut-ranta-hur-ser-islam-pa-handel-finns-det-regler-kring-affarer-och-transaktioner-i-koranen\/"]}]},{"@type":"BreadcrumbList","@id":"https:\/\/www.ahmadiyya-islam.org\/se\/medlem\/vanliga-fragor\/varfor-forbjuder-koranen-muslimer-att-ta-ut-ranta-hur-ser-islam-pa-handel-finns-det-regler-kring-affarer-och-transaktioner-i-koranen\/#breadcrumb","itemListElement":[{"@type":"ListItem","position":1,"name":"Home","item":"https:\/\/www.ahmadiyya-islam.org\/se\/"},{"@type":"ListItem","position":2,"name":"Medlem","item":"https:\/\/www.ahmadiyya-islam.org\/se\/medlem\/"},{"@type":"ListItem","position":3,"name":"Vanliga fr\u00e5gor","item":"https:\/\/www.ahmadiyya-islam.org\/se\/medlem\/vanliga-fragor\/"},{"@type":"ListItem","position":4,"name":"Varf\u00f6r f\u00f6rbjuder Koranen muslimer att ta ut r\u00e4nta? Hur ser islam p\u00e5 handel &#8211; finns det regler kring aff\u00e4rer och transaktioner i Koranen?"}]},{"@type":"WebSite","@id":"https:\/\/www.ahmadiyya-islam.org\/se\/#website","url":"https:\/\/www.ahmadiyya-islam.org\/se\/","name":"Islams Ahmadiyya F\u00f6rsamling","description":"Sverige","potentialAction":[{"@type":"SearchAction","target":{"@type":"EntryPoint","urlTemplate":"https:\/\/www.ahmadiyya-islam.org\/se\/?s={search_term_string}"},"query-input":{"@type":"PropertyValueSpecification","valueRequired":true,"valueName":"search_term_string"}}],"inLanguage":"sv-SE"}]}},"_links":{"self":[{"href":"https:\/\/www.ahmadiyya-islam.org\/se\/wp-json\/wp\/v2\/pages\/3877","targetHints":{"allow":["GET"]}}],"collection":[{"href":"https:\/\/www.ahmadiyya-islam.org\/se\/wp-json\/wp\/v2\/pages"}],"about":[{"href":"https:\/\/www.ahmadiyya-islam.org\/se\/wp-json\/wp\/v2\/types\/page"}],"author":[{"embeddable":true,"href":"https:\/\/www.ahmadiyya-islam.org\/se\/wp-json\/wp\/v2\/users\/13"}],"replies":[{"embeddable":true,"href":"https:\/\/www.ahmadiyya-islam.org\/se\/wp-json\/wp\/v2\/comments?post=3877"}],"version-history":[{"count":1,"href":"https:\/\/www.ahmadiyya-islam.org\/se\/wp-json\/wp\/v2\/pages\/3877\/revisions"}],"predecessor-version":[{"id":3878,"href":"https:\/\/www.ahmadiyya-islam.org\/se\/wp-json\/wp\/v2\/pages\/3877\/revisions\/3878"}],"up":[{"embeddable":true,"href":"https:\/\/www.ahmadiyya-islam.org\/se\/wp-json\/wp\/v2\/pages\/3863"}],"wp:attachment":[{"href":"https:\/\/www.ahmadiyya-islam.org\/se\/wp-json\/wp\/v2\/media?parent=3877"}],"curies":[{"name":"wp","href":"https:\/\/api.w.org\/{rel}","templated":true}]}}