{"id":3875,"date":"2025-11-11T21:01:30","date_gmt":"2025-11-11T21:01:30","guid":{"rendered":"https:\/\/www.ahmadiyya-islam.org\/se\/?page_id=3875"},"modified":"2025-11-11T21:34:45","modified_gmt":"2025-11-11T21:34:45","slug":"ar-barnarbete-tillatet-enligt-islam","status":"publish","type":"page","link":"https:\/\/www.ahmadiyya-islam.org\/se\/medlem\/vanliga-fragor\/ar-barnarbete-tillatet-enligt-islam\/","title":{"rendered":"\u00c4r barnarbete till\u00e5tet enligt islam?"},"content":{"rendered":"<p>Koranens l\u00e4ror ger riktlinjer f\u00f6r arbetsgivare och anst\u00e4llda n\u00e4r det g\u00e4ller deras r\u00e4ttigheter och skyldigheter. Arbetsgivare \u00e4r skyldiga att tillhandah\u00e5lla sk\u00e4liga l\u00f6ner, s\u00e4kra arbetsf\u00f6rh\u00e5llanden och rimliga arbetstider.<\/p>\n<p>Anst\u00e4llda, \u00e5 andra sidan, m\u00e5ste uppfylla sina skyldigheter efter b\u00e4sta f\u00f6rm\u00e5ga och vara \u00e4rliga och sanningsenliga i sitt arbete.<\/p>\n<p>Exploatering av arbetskraft, vare sig det \u00e4r i form av tv\u00e5ngsarbete, barnarbete eller or\u00e4ttvisa arbetsf\u00f6rh\u00e5llanden, \u00e4r str\u00e4ngt f\u00f6rbjudet i islamiska l\u00e4ror.<\/p>\n<p><em>\u201dVe dem som ger med f\u00f6r litet m\u00e5tt, dem som, n\u00e4r de tar med m\u00e5tt fr\u00e5n andra m\u00e4nniskor, tar det fullt, men n\u00e4r de ger med m\u00e5tt till andra eller v\u00e4ger upp \u00e5t dem, ger de dem mindre.\u201d <\/em>(83:2-4)<\/p>\n","protected":false},"excerpt":{"rendered":"<p>Koranens l\u00e4ror ger riktlinjer f\u00f6r arbetsgivare och anst\u00e4llda n\u00e4r det g\u00e4ller deras r\u00e4ttigheter och skyldigheter. Arbetsgivare \u00e4r skyldiga att tillhandah\u00e5lla sk\u00e4liga l\u00f6ner, s\u00e4kra arbetsf\u00f6rh\u00e5llanden och rimliga arbetstider. Anst\u00e4llda, \u00e5 andra sidan, m\u00e5ste uppfylla sina skyldigheter efter b\u00e4sta f\u00f6rm\u00e5ga och vara \u00e4rliga och sanningsenliga i sitt arbete. Exploatering av arbetskraft, vare sig det \u00e4r i form<\/p>\n","protected":false},"author":13,"featured_media":0,"parent":3863,"menu_order":3,"comment_status":"closed","ping_status":"closed","template":"","meta":{"_acf_changed":false,"footnotes":""},"class_list":["post-3875","page","type-page","status-publish","hentry"],"acf":[],"yoast_head":"<!-- This site is optimized with the Yoast SEO Premium plugin v21.1 (Yoast SEO v27.0) - https:\/\/yoast.com\/product\/yoast-seo-premium-wordpress\/ -->\n<title>\u00c4r barnarbete till\u00e5tet enligt islam? - Islams Ahmadiyya F\u00f6rsamling<\/title>\n<meta name=\"robots\" content=\"index, follow, max-snippet:-1, max-image-preview:large, max-video-preview:-1\" \/>\n<link rel=\"canonical\" href=\"https:\/\/www.ahmadiyya-islam.org\/se\/medlem\/vanliga-fragor\/ar-barnarbete-tillatet-enligt-islam\/\" \/>\n<meta property=\"og:locale\" content=\"sv_SE\" \/>\n<meta property=\"og:type\" content=\"article\" \/>\n<meta property=\"og:title\" content=\"\u00c4r barnarbete till\u00e5tet enligt islam?\" \/>\n<meta property=\"og:description\" content=\"Koranens l\u00e4ror ger riktlinjer f\u00f6r arbetsgivare och anst\u00e4llda n\u00e4r det g\u00e4ller deras r\u00e4ttigheter och skyldigheter. Arbetsgivare \u00e4r skyldiga att tillhandah\u00e5lla sk\u00e4liga l\u00f6ner, s\u00e4kra arbetsf\u00f6rh\u00e5llanden och rimliga arbetstider. Anst\u00e4llda, \u00e5 andra sidan, m\u00e5ste uppfylla sina skyldigheter efter b\u00e4sta f\u00f6rm\u00e5ga och vara \u00e4rliga och sanningsenliga i sitt arbete. Exploatering av arbetskraft, vare sig det \u00e4r i form\" \/>\n<meta property=\"og:url\" content=\"https:\/\/www.ahmadiyya-islam.org\/se\/medlem\/vanliga-fragor\/ar-barnarbete-tillatet-enligt-islam\/\" \/>\n<meta property=\"og:site_name\" content=\"Islams Ahmadiyya F\u00f6rsamling\" \/>\n<meta property=\"article:modified_time\" content=\"2025-11-11T21:34:45+00:00\" \/>\n<meta name=\"twitter:card\" content=\"summary_large_image\" \/>\n<meta name=\"twitter:label1\" content=\"Ber\u00e4knad l\u00e4stid\" \/>\n\t<meta name=\"twitter:data1\" content=\"1 minut\" \/>\n<script type=\"application\/ld+json\" class=\"yoast-schema-graph\">{\"@context\":\"https:\/\/schema.org\",\"@graph\":[{\"@type\":\"WebPage\",\"@id\":\"https:\/\/www.ahmadiyya-islam.org\/se\/medlem\/vanliga-fragor\/ar-barnarbete-tillatet-enligt-islam\/\",\"url\":\"https:\/\/www.ahmadiyya-islam.org\/se\/medlem\/vanliga-fragor\/ar-barnarbete-tillatet-enligt-islam\/\",\"name\":\"\u00c4r barnarbete till\u00e5tet enligt islam? - Islams Ahmadiyya F\u00f6rsamling\",\"isPartOf\":{\"@id\":\"https:\/\/www.ahmadiyya-islam.org\/se\/#website\"},\"datePublished\":\"2025-11-11T21:01:30+00:00\",\"dateModified\":\"2025-11-11T21:34:45+00:00\",\"breadcrumb\":{\"@id\":\"https:\/\/www.ahmadiyya-islam.org\/se\/medlem\/vanliga-fragor\/ar-barnarbete-tillatet-enligt-islam\/#breadcrumb\"},\"inLanguage\":\"sv-SE\",\"potentialAction\":[{\"@type\":\"ReadAction\",\"target\":[\"https:\/\/www.ahmadiyya-islam.org\/se\/medlem\/vanliga-fragor\/ar-barnarbete-tillatet-enligt-islam\/\"]}]},{\"@type\":\"BreadcrumbList\",\"@id\":\"https:\/\/www.ahmadiyya-islam.org\/se\/medlem\/vanliga-fragor\/ar-barnarbete-tillatet-enligt-islam\/#breadcrumb\",\"itemListElement\":[{\"@type\":\"ListItem\",\"position\":1,\"name\":\"Home\",\"item\":\"https:\/\/www.ahmadiyya-islam.org\/se\/\"},{\"@type\":\"ListItem\",\"position\":2,\"name\":\"Medlem\",\"item\":\"https:\/\/www.ahmadiyya-islam.org\/se\/medlem\/\"},{\"@type\":\"ListItem\",\"position\":3,\"name\":\"Vanliga fr\u00e5gor\",\"item\":\"https:\/\/www.ahmadiyya-islam.org\/se\/medlem\/vanliga-fragor\/\"},{\"@type\":\"ListItem\",\"position\":4,\"name\":\"\u00c4r barnarbete till\u00e5tet enligt islam?\"}]},{\"@type\":\"WebSite\",\"@id\":\"https:\/\/www.ahmadiyya-islam.org\/se\/#website\",\"url\":\"https:\/\/www.ahmadiyya-islam.org\/se\/\",\"name\":\"Islams Ahmadiyya F\u00f6rsamling\",\"description\":\"Sverige\",\"potentialAction\":[{\"@type\":\"SearchAction\",\"target\":{\"@type\":\"EntryPoint\",\"urlTemplate\":\"https:\/\/www.ahmadiyya-islam.org\/se\/?s={search_term_string}\"},\"query-input\":{\"@type\":\"PropertyValueSpecification\",\"valueRequired\":true,\"valueName\":\"search_term_string\"}}],\"inLanguage\":\"sv-SE\"}]}<\/script>\n<!-- \/ Yoast SEO Premium plugin. -->","yoast_head_json":{"title":"\u00c4r barnarbete till\u00e5tet enligt islam? - Islams Ahmadiyya F\u00f6rsamling","robots":{"index":"index","follow":"follow","max-snippet":"max-snippet:-1","max-image-preview":"max-image-preview:large","max-video-preview":"max-video-preview:-1"},"canonical":"https:\/\/www.ahmadiyya-islam.org\/se\/medlem\/vanliga-fragor\/ar-barnarbete-tillatet-enligt-islam\/","og_locale":"sv_SE","og_type":"article","og_title":"\u00c4r barnarbete till\u00e5tet enligt islam?","og_description":"Koranens l\u00e4ror ger riktlinjer f\u00f6r arbetsgivare och anst\u00e4llda n\u00e4r det g\u00e4ller deras r\u00e4ttigheter och skyldigheter. Arbetsgivare \u00e4r skyldiga att tillhandah\u00e5lla sk\u00e4liga l\u00f6ner, s\u00e4kra arbetsf\u00f6rh\u00e5llanden och rimliga arbetstider. Anst\u00e4llda, \u00e5 andra sidan, m\u00e5ste uppfylla sina skyldigheter efter b\u00e4sta f\u00f6rm\u00e5ga och vara \u00e4rliga och sanningsenliga i sitt arbete. Exploatering av arbetskraft, vare sig det \u00e4r i form","og_url":"https:\/\/www.ahmadiyya-islam.org\/se\/medlem\/vanliga-fragor\/ar-barnarbete-tillatet-enligt-islam\/","og_site_name":"Islams Ahmadiyya F\u00f6rsamling","article_modified_time":"2025-11-11T21:34:45+00:00","twitter_card":"summary_large_image","twitter_misc":{"Ber\u00e4knad l\u00e4stid":"1 minut"},"schema":{"@context":"https:\/\/schema.org","@graph":[{"@type":"WebPage","@id":"https:\/\/www.ahmadiyya-islam.org\/se\/medlem\/vanliga-fragor\/ar-barnarbete-tillatet-enligt-islam\/","url":"https:\/\/www.ahmadiyya-islam.org\/se\/medlem\/vanliga-fragor\/ar-barnarbete-tillatet-enligt-islam\/","name":"\u00c4r barnarbete till\u00e5tet enligt islam? - Islams Ahmadiyya F\u00f6rsamling","isPartOf":{"@id":"https:\/\/www.ahmadiyya-islam.org\/se\/#website"},"datePublished":"2025-11-11T21:01:30+00:00","dateModified":"2025-11-11T21:34:45+00:00","breadcrumb":{"@id":"https:\/\/www.ahmadiyya-islam.org\/se\/medlem\/vanliga-fragor\/ar-barnarbete-tillatet-enligt-islam\/#breadcrumb"},"inLanguage":"sv-SE","potentialAction":[{"@type":"ReadAction","target":["https:\/\/www.ahmadiyya-islam.org\/se\/medlem\/vanliga-fragor\/ar-barnarbete-tillatet-enligt-islam\/"]}]},{"@type":"BreadcrumbList","@id":"https:\/\/www.ahmadiyya-islam.org\/se\/medlem\/vanliga-fragor\/ar-barnarbete-tillatet-enligt-islam\/#breadcrumb","itemListElement":[{"@type":"ListItem","position":1,"name":"Home","item":"https:\/\/www.ahmadiyya-islam.org\/se\/"},{"@type":"ListItem","position":2,"name":"Medlem","item":"https:\/\/www.ahmadiyya-islam.org\/se\/medlem\/"},{"@type":"ListItem","position":3,"name":"Vanliga fr\u00e5gor","item":"https:\/\/www.ahmadiyya-islam.org\/se\/medlem\/vanliga-fragor\/"},{"@type":"ListItem","position":4,"name":"\u00c4r barnarbete till\u00e5tet enligt islam?"}]},{"@type":"WebSite","@id":"https:\/\/www.ahmadiyya-islam.org\/se\/#website","url":"https:\/\/www.ahmadiyya-islam.org\/se\/","name":"Islams Ahmadiyya F\u00f6rsamling","description":"Sverige","potentialAction":[{"@type":"SearchAction","target":{"@type":"EntryPoint","urlTemplate":"https:\/\/www.ahmadiyya-islam.org\/se\/?s={search_term_string}"},"query-input":{"@type":"PropertyValueSpecification","valueRequired":true,"valueName":"search_term_string"}}],"inLanguage":"sv-SE"}]}},"_links":{"self":[{"href":"https:\/\/www.ahmadiyya-islam.org\/se\/wp-json\/wp\/v2\/pages\/3875","targetHints":{"allow":["GET"]}}],"collection":[{"href":"https:\/\/www.ahmadiyya-islam.org\/se\/wp-json\/wp\/v2\/pages"}],"about":[{"href":"https:\/\/www.ahmadiyya-islam.org\/se\/wp-json\/wp\/v2\/types\/page"}],"author":[{"embeddable":true,"href":"https:\/\/www.ahmadiyya-islam.org\/se\/wp-json\/wp\/v2\/users\/13"}],"replies":[{"embeddable":true,"href":"https:\/\/www.ahmadiyya-islam.org\/se\/wp-json\/wp\/v2\/comments?post=3875"}],"version-history":[{"count":1,"href":"https:\/\/www.ahmadiyya-islam.org\/se\/wp-json\/wp\/v2\/pages\/3875\/revisions"}],"predecessor-version":[{"id":3876,"href":"https:\/\/www.ahmadiyya-islam.org\/se\/wp-json\/wp\/v2\/pages\/3875\/revisions\/3876"}],"up":[{"embeddable":true,"href":"https:\/\/www.ahmadiyya-islam.org\/se\/wp-json\/wp\/v2\/pages\/3863"}],"wp:attachment":[{"href":"https:\/\/www.ahmadiyya-islam.org\/se\/wp-json\/wp\/v2\/media?parent=3875"}],"curies":[{"name":"wp","href":"https:\/\/api.w.org\/{rel}","templated":true}]}}