{"id":3873,"date":"2025-11-11T21:01:05","date_gmt":"2025-11-11T21:01:05","guid":{"rendered":"https:\/\/www.ahmadiyya-islam.org\/se\/?page_id=3873"},"modified":"2025-11-11T21:34:06","modified_gmt":"2025-11-11T21:34:06","slug":"ar-handavhuggning-straffet-for-stold-enligt-koranen","status":"publish","type":"page","link":"https:\/\/www.ahmadiyya-islam.org\/se\/medlem\/vanliga-fragor\/ar-handavhuggning-straffet-for-stold-enligt-koranen\/","title":{"rendered":"\u00c4r handavhuggning straffet f\u00f6r st\u00f6ld enligt Koranen?"},"content":{"rendered":"<p>Koranens l\u00e4ror anser att st\u00f6ld \u00e4r en stor synd och \u00e4r str\u00e4ngt f\u00f6rbjudet. Koranen f\u00f6rbjuder tydligt att stj\u00e4la och betonar vikten av \u00e4rlighet och integritet i alla aspekter av livet.<\/p>\n<p><em>\u201d\u00c5 ni som tror! F\u00f6rt\u00e4r icke era tillg\u00e5ngar er emellan med olagliga medel, utom det som ni f\u00f6rtj\u00e4nar genom handel i \u00f6msesidig \u00f6verenskommelse\u201d <\/em>(4:30)<\/p>\n<p>I islamisk lag anses st\u00f6ld vara ett allvarligt brott, och det bestraffas d\u00e4refter. Straffet f\u00f6r att stj\u00e4la \u00e4r f\u00f6reskrivet i Koranen och Hadith, som \u00e4r de tv\u00e5 prim\u00e4ra k\u00e4llorna till islamisk lag.<\/p>\n<p><em>\u201dOch f\u00f6r den man som stj\u00e4l och f\u00f6r den kvinna som stj\u00e4l, hugg av deras h\u00e4nder till vederg\u00e4llning f\u00f6r deras brott som ett exemplariskt straff fr\u00e5n Allah. Och Allah \u00e4r M\u00e4ktig och Vis.\u201d <\/em>(5:39)<\/p>\n<p>Det \u00e4r viktigt att notera att straffet f\u00f6r amputation inte \u00e4r avsett att vara grymt eller om\u00e4nskligt. I st\u00e4llet \u00e4r det t\u00e4nkt att fungera som ett avskr\u00e4ckande medel f\u00f6r potentiella tjuvar och att skydda individers r\u00e4ttigheter till deras egendom. Dessutom till\u00e4mpas straffet inte urskillningsl\u00f6st, utan f\u00f6rst efter en noggrann utredning och r\u00e4ttslig process och endast i ett fungerande islamiskt samh\u00e4lle d\u00e4r inv\u00e5narna har tillg\u00e5ng till mat, s\u00e4kerhet, husrum och m\u00f6jlighet till utbildning &#8211; under omst\u00e4ndigheter d\u00e4r staten tillgodoser medborgarnas grundl\u00e4ggande behov och ingen kan t\u00e4nkas n\u00f6dgad till att stj\u00e4la.<\/p>\n","protected":false},"excerpt":{"rendered":"<p>Koranens l\u00e4ror anser att st\u00f6ld \u00e4r en stor synd och \u00e4r str\u00e4ngt f\u00f6rbjudet. Koranen f\u00f6rbjuder tydligt att stj\u00e4la och betonar vikten av \u00e4rlighet och integritet i alla aspekter av livet. \u201d\u00c5 ni som tror! F\u00f6rt\u00e4r icke era tillg\u00e5ngar er emellan med olagliga medel, utom det som ni f\u00f6rtj\u00e4nar genom handel i \u00f6msesidig \u00f6verenskommelse\u201d (4:30) I<\/p>\n","protected":false},"author":13,"featured_media":0,"parent":3863,"menu_order":2,"comment_status":"closed","ping_status":"closed","template":"","meta":{"_acf_changed":false,"footnotes":""},"class_list":["post-3873","page","type-page","status-publish","hentry"],"acf":[],"yoast_head":"<!-- This site is optimized with the Yoast SEO Premium plugin v21.1 (Yoast SEO v27.4) - https:\/\/yoast.com\/product\/yoast-seo-premium-wordpress\/ -->\n<title>\u00c4r handavhuggning straffet f\u00f6r st\u00f6ld enligt Koranen? - Islams Ahmadiyya F\u00f6rsamling<\/title>\n<meta name=\"robots\" content=\"index, follow, max-snippet:-1, max-image-preview:large, max-video-preview:-1\" \/>\n<link rel=\"canonical\" href=\"https:\/\/www.ahmadiyya-islam.org\/se\/medlem\/vanliga-fragor\/ar-handavhuggning-straffet-for-stold-enligt-koranen\/\" \/>\n<meta property=\"og:locale\" content=\"sv_SE\" \/>\n<meta property=\"og:type\" content=\"article\" \/>\n<meta property=\"og:title\" content=\"\u00c4r handavhuggning straffet f\u00f6r st\u00f6ld enligt Koranen?\" \/>\n<meta property=\"og:description\" content=\"Koranens l\u00e4ror anser att st\u00f6ld \u00e4r en stor synd och \u00e4r str\u00e4ngt f\u00f6rbjudet. Koranen f\u00f6rbjuder tydligt att stj\u00e4la och betonar vikten av \u00e4rlighet och integritet i alla aspekter av livet. \u201d\u00c5 ni som tror! F\u00f6rt\u00e4r icke era tillg\u00e5ngar er emellan med olagliga medel, utom det som ni f\u00f6rtj\u00e4nar genom handel i \u00f6msesidig \u00f6verenskommelse\u201d (4:30) I\" \/>\n<meta property=\"og:url\" content=\"https:\/\/www.ahmadiyya-islam.org\/se\/medlem\/vanliga-fragor\/ar-handavhuggning-straffet-for-stold-enligt-koranen\/\" \/>\n<meta property=\"og:site_name\" content=\"Islams Ahmadiyya F\u00f6rsamling\" \/>\n<meta property=\"article:modified_time\" content=\"2025-11-11T21:34:06+00:00\" \/>\n<meta name=\"twitter:card\" content=\"summary_large_image\" \/>\n<meta name=\"twitter:label1\" content=\"Ber\u00e4knad l\u00e4stid\" \/>\n\t<meta name=\"twitter:data1\" content=\"2 minuter\" \/>\n<script type=\"application\/ld+json\" class=\"yoast-schema-graph\">{\"@context\":\"https:\\\/\\\/schema.org\",\"@graph\":[{\"@type\":\"WebPage\",\"@id\":\"https:\\\/\\\/www.ahmadiyya-islam.org\\\/se\\\/medlem\\\/vanliga-fragor\\\/ar-handavhuggning-straffet-for-stold-enligt-koranen\\\/\",\"url\":\"https:\\\/\\\/www.ahmadiyya-islam.org\\\/se\\\/medlem\\\/vanliga-fragor\\\/ar-handavhuggning-straffet-for-stold-enligt-koranen\\\/\",\"name\":\"\u00c4r handavhuggning straffet f\u00f6r st\u00f6ld enligt Koranen? - Islams Ahmadiyya F\u00f6rsamling\",\"isPartOf\":{\"@id\":\"https:\\\/\\\/www.ahmadiyya-islam.org\\\/se\\\/#website\"},\"datePublished\":\"2025-11-11T21:01:05+00:00\",\"dateModified\":\"2025-11-11T21:34:06+00:00\",\"breadcrumb\":{\"@id\":\"https:\\\/\\\/www.ahmadiyya-islam.org\\\/se\\\/medlem\\\/vanliga-fragor\\\/ar-handavhuggning-straffet-for-stold-enligt-koranen\\\/#breadcrumb\"},\"inLanguage\":\"sv-SE\",\"potentialAction\":[{\"@type\":\"ReadAction\",\"target\":[\"https:\\\/\\\/www.ahmadiyya-islam.org\\\/se\\\/medlem\\\/vanliga-fragor\\\/ar-handavhuggning-straffet-for-stold-enligt-koranen\\\/\"]}]},{\"@type\":\"BreadcrumbList\",\"@id\":\"https:\\\/\\\/www.ahmadiyya-islam.org\\\/se\\\/medlem\\\/vanliga-fragor\\\/ar-handavhuggning-straffet-for-stold-enligt-koranen\\\/#breadcrumb\",\"itemListElement\":[{\"@type\":\"ListItem\",\"position\":1,\"name\":\"Home\",\"item\":\"https:\\\/\\\/www.ahmadiyya-islam.org\\\/se\\\/\"},{\"@type\":\"ListItem\",\"position\":2,\"name\":\"Medlem\",\"item\":\"https:\\\/\\\/www.ahmadiyya-islam.org\\\/se\\\/medlem\\\/\"},{\"@type\":\"ListItem\",\"position\":3,\"name\":\"Vanliga fr\u00e5gor\",\"item\":\"https:\\\/\\\/www.ahmadiyya-islam.org\\\/se\\\/medlem\\\/vanliga-fragor\\\/\"},{\"@type\":\"ListItem\",\"position\":4,\"name\":\"\u00c4r handavhuggning straffet f\u00f6r st\u00f6ld enligt Koranen?\"}]},{\"@type\":\"WebSite\",\"@id\":\"https:\\\/\\\/www.ahmadiyya-islam.org\\\/se\\\/#website\",\"url\":\"https:\\\/\\\/www.ahmadiyya-islam.org\\\/se\\\/\",\"name\":\"Islams Ahmadiyya F\u00f6rsamling\",\"description\":\"Sverige\",\"potentialAction\":[{\"@type\":\"SearchAction\",\"target\":{\"@type\":\"EntryPoint\",\"urlTemplate\":\"https:\\\/\\\/www.ahmadiyya-islam.org\\\/se\\\/?s={search_term_string}\"},\"query-input\":{\"@type\":\"PropertyValueSpecification\",\"valueRequired\":true,\"valueName\":\"search_term_string\"}}],\"inLanguage\":\"sv-SE\"}]}<\/script>\n<!-- \/ Yoast SEO Premium plugin. -->","yoast_head_json":{"title":"\u00c4r handavhuggning straffet f\u00f6r st\u00f6ld enligt Koranen? - Islams Ahmadiyya F\u00f6rsamling","robots":{"index":"index","follow":"follow","max-snippet":"max-snippet:-1","max-image-preview":"max-image-preview:large","max-video-preview":"max-video-preview:-1"},"canonical":"https:\/\/www.ahmadiyya-islam.org\/se\/medlem\/vanliga-fragor\/ar-handavhuggning-straffet-for-stold-enligt-koranen\/","og_locale":"sv_SE","og_type":"article","og_title":"\u00c4r handavhuggning straffet f\u00f6r st\u00f6ld enligt Koranen?","og_description":"Koranens l\u00e4ror anser att st\u00f6ld \u00e4r en stor synd och \u00e4r str\u00e4ngt f\u00f6rbjudet. Koranen f\u00f6rbjuder tydligt att stj\u00e4la och betonar vikten av \u00e4rlighet och integritet i alla aspekter av livet. \u201d\u00c5 ni som tror! F\u00f6rt\u00e4r icke era tillg\u00e5ngar er emellan med olagliga medel, utom det som ni f\u00f6rtj\u00e4nar genom handel i \u00f6msesidig \u00f6verenskommelse\u201d (4:30) I","og_url":"https:\/\/www.ahmadiyya-islam.org\/se\/medlem\/vanliga-fragor\/ar-handavhuggning-straffet-for-stold-enligt-koranen\/","og_site_name":"Islams Ahmadiyya F\u00f6rsamling","article_modified_time":"2025-11-11T21:34:06+00:00","twitter_card":"summary_large_image","twitter_misc":{"Ber\u00e4knad l\u00e4stid":"2 minuter"},"schema":{"@context":"https:\/\/schema.org","@graph":[{"@type":"WebPage","@id":"https:\/\/www.ahmadiyya-islam.org\/se\/medlem\/vanliga-fragor\/ar-handavhuggning-straffet-for-stold-enligt-koranen\/","url":"https:\/\/www.ahmadiyya-islam.org\/se\/medlem\/vanliga-fragor\/ar-handavhuggning-straffet-for-stold-enligt-koranen\/","name":"\u00c4r handavhuggning straffet f\u00f6r st\u00f6ld enligt Koranen? - Islams Ahmadiyya F\u00f6rsamling","isPartOf":{"@id":"https:\/\/www.ahmadiyya-islam.org\/se\/#website"},"datePublished":"2025-11-11T21:01:05+00:00","dateModified":"2025-11-11T21:34:06+00:00","breadcrumb":{"@id":"https:\/\/www.ahmadiyya-islam.org\/se\/medlem\/vanliga-fragor\/ar-handavhuggning-straffet-for-stold-enligt-koranen\/#breadcrumb"},"inLanguage":"sv-SE","potentialAction":[{"@type":"ReadAction","target":["https:\/\/www.ahmadiyya-islam.org\/se\/medlem\/vanliga-fragor\/ar-handavhuggning-straffet-for-stold-enligt-koranen\/"]}]},{"@type":"BreadcrumbList","@id":"https:\/\/www.ahmadiyya-islam.org\/se\/medlem\/vanliga-fragor\/ar-handavhuggning-straffet-for-stold-enligt-koranen\/#breadcrumb","itemListElement":[{"@type":"ListItem","position":1,"name":"Home","item":"https:\/\/www.ahmadiyya-islam.org\/se\/"},{"@type":"ListItem","position":2,"name":"Medlem","item":"https:\/\/www.ahmadiyya-islam.org\/se\/medlem\/"},{"@type":"ListItem","position":3,"name":"Vanliga fr\u00e5gor","item":"https:\/\/www.ahmadiyya-islam.org\/se\/medlem\/vanliga-fragor\/"},{"@type":"ListItem","position":4,"name":"\u00c4r handavhuggning straffet f\u00f6r st\u00f6ld enligt Koranen?"}]},{"@type":"WebSite","@id":"https:\/\/www.ahmadiyya-islam.org\/se\/#website","url":"https:\/\/www.ahmadiyya-islam.org\/se\/","name":"Islams Ahmadiyya F\u00f6rsamling","description":"Sverige","potentialAction":[{"@type":"SearchAction","target":{"@type":"EntryPoint","urlTemplate":"https:\/\/www.ahmadiyya-islam.org\/se\/?s={search_term_string}"},"query-input":{"@type":"PropertyValueSpecification","valueRequired":true,"valueName":"search_term_string"}}],"inLanguage":"sv-SE"}]}},"_links":{"self":[{"href":"https:\/\/www.ahmadiyya-islam.org\/se\/wp-json\/wp\/v2\/pages\/3873","targetHints":{"allow":["GET"]}}],"collection":[{"href":"https:\/\/www.ahmadiyya-islam.org\/se\/wp-json\/wp\/v2\/pages"}],"about":[{"href":"https:\/\/www.ahmadiyya-islam.org\/se\/wp-json\/wp\/v2\/types\/page"}],"author":[{"embeddable":true,"href":"https:\/\/www.ahmadiyya-islam.org\/se\/wp-json\/wp\/v2\/users\/13"}],"replies":[{"embeddable":true,"href":"https:\/\/www.ahmadiyya-islam.org\/se\/wp-json\/wp\/v2\/comments?post=3873"}],"version-history":[{"count":1,"href":"https:\/\/www.ahmadiyya-islam.org\/se\/wp-json\/wp\/v2\/pages\/3873\/revisions"}],"predecessor-version":[{"id":3874,"href":"https:\/\/www.ahmadiyya-islam.org\/se\/wp-json\/wp\/v2\/pages\/3873\/revisions\/3874"}],"up":[{"embeddable":true,"href":"https:\/\/www.ahmadiyya-islam.org\/se\/wp-json\/wp\/v2\/pages\/3863"}],"wp:attachment":[{"href":"https:\/\/www.ahmadiyya-islam.org\/se\/wp-json\/wp\/v2\/media?parent=3873"}],"curies":[{"name":"wp","href":"https:\/\/api.w.org\/{rel}","templated":true}]}}