{"id":3871,"date":"2025-11-11T21:00:30","date_gmt":"2025-11-11T21:00:30","guid":{"rendered":"https:\/\/www.ahmadiyya-islam.org\/se\/?page_id=3871"},"modified":"2025-11-11T21:33:18","modified_gmt":"2025-11-11T21:33:18","slug":"vad-ar-manniskovardet-inom-islam","status":"publish","type":"page","link":"https:\/\/www.ahmadiyya-islam.org\/se\/medlem\/vanliga-fragor\/vad-ar-manniskovardet-inom-islam\/","title":{"rendered":"Vad \u00e4r m\u00e4nniskov\u00e4rdet inom islam?"},"content":{"rendered":"<p>Inom islam anses mord vara en stor synd och ett brott som \u00e4r straffbart enligt lag. Koranen betonar m\u00e4nniskolivets helighet och f\u00f6rbjuder att ta oskyldigt liv utom i fall av sj\u00e4lvf\u00f6rsvar eller straff f\u00f6r ett brott, som best\u00e4ms av ett oberoende r\u00e4ttsv\u00e4sende.<\/p>\n<p><em>\u201df\u00f6r den som d\u00f6dade en m\u00e4nniska, s\u00e5vida det inte var f\u00f6r att d\u00f6dat en annan m\u00e4nniska eller f\u00f6r att ha skapat ofrid i landet, skall det vara som han har d\u00f6dat hela m\u00e4nskligheten\u201d Koranen 5:33<\/em><\/p>\n<p>Den h\u00e4r versen betonar allvaret i att ta ett liv utan r\u00e4ttvisa sk\u00e4l och belyser v\u00e4rdet av att bevara m\u00e4nskligt liv.<\/p>\n","protected":false},"excerpt":{"rendered":"<p>Inom islam anses mord vara en stor synd och ett brott som \u00e4r straffbart enligt lag. Koranen betonar m\u00e4nniskolivets helighet och f\u00f6rbjuder att ta oskyldigt liv utom i fall av sj\u00e4lvf\u00f6rsvar eller straff f\u00f6r ett brott, som best\u00e4ms av ett oberoende r\u00e4ttsv\u00e4sende. \u201df\u00f6r den som d\u00f6dade en m\u00e4nniska, s\u00e5vida det inte var f\u00f6r att d\u00f6dat<\/p>\n","protected":false},"author":13,"featured_media":0,"parent":3863,"menu_order":1,"comment_status":"closed","ping_status":"closed","template":"","meta":{"_acf_changed":false,"footnotes":""},"class_list":["post-3871","page","type-page","status-publish","hentry"],"acf":[],"yoast_head":"<!-- This site is optimized with the Yoast SEO Premium plugin v21.1 (Yoast SEO v27.4) - https:\/\/yoast.com\/product\/yoast-seo-premium-wordpress\/ -->\n<title>Vad \u00e4r m\u00e4nniskov\u00e4rdet inom islam? - Islams Ahmadiyya F\u00f6rsamling<\/title>\n<meta name=\"robots\" content=\"index, follow, max-snippet:-1, max-image-preview:large, max-video-preview:-1\" \/>\n<link rel=\"canonical\" href=\"https:\/\/www.ahmadiyya-islam.org\/se\/medlem\/vanliga-fragor\/vad-ar-manniskovardet-inom-islam\/\" \/>\n<meta property=\"og:locale\" content=\"sv_SE\" \/>\n<meta property=\"og:type\" content=\"article\" \/>\n<meta property=\"og:title\" content=\"Vad \u00e4r m\u00e4nniskov\u00e4rdet inom islam?\" \/>\n<meta property=\"og:description\" content=\"Inom islam anses mord vara en stor synd och ett brott som \u00e4r straffbart enligt lag. Koranen betonar m\u00e4nniskolivets helighet och f\u00f6rbjuder att ta oskyldigt liv utom i fall av sj\u00e4lvf\u00f6rsvar eller straff f\u00f6r ett brott, som best\u00e4ms av ett oberoende r\u00e4ttsv\u00e4sende. \u201df\u00f6r den som d\u00f6dade en m\u00e4nniska, s\u00e5vida det inte var f\u00f6r att d\u00f6dat\" \/>\n<meta property=\"og:url\" content=\"https:\/\/www.ahmadiyya-islam.org\/se\/medlem\/vanliga-fragor\/vad-ar-manniskovardet-inom-islam\/\" \/>\n<meta property=\"og:site_name\" content=\"Islams Ahmadiyya F\u00f6rsamling\" \/>\n<meta property=\"article:modified_time\" content=\"2025-11-11T21:33:18+00:00\" \/>\n<meta name=\"twitter:card\" content=\"summary_large_image\" \/>\n<meta name=\"twitter:label1\" content=\"Ber\u00e4knad l\u00e4stid\" \/>\n\t<meta name=\"twitter:data1\" content=\"1 minut\" \/>\n<script type=\"application\/ld+json\" class=\"yoast-schema-graph\">{\"@context\":\"https:\\\/\\\/schema.org\",\"@graph\":[{\"@type\":\"WebPage\",\"@id\":\"https:\\\/\\\/www.ahmadiyya-islam.org\\\/se\\\/medlem\\\/vanliga-fragor\\\/vad-ar-manniskovardet-inom-islam\\\/\",\"url\":\"https:\\\/\\\/www.ahmadiyya-islam.org\\\/se\\\/medlem\\\/vanliga-fragor\\\/vad-ar-manniskovardet-inom-islam\\\/\",\"name\":\"Vad \u00e4r m\u00e4nniskov\u00e4rdet inom islam? - Islams Ahmadiyya F\u00f6rsamling\",\"isPartOf\":{\"@id\":\"https:\\\/\\\/www.ahmadiyya-islam.org\\\/se\\\/#website\"},\"datePublished\":\"2025-11-11T21:00:30+00:00\",\"dateModified\":\"2025-11-11T21:33:18+00:00\",\"breadcrumb\":{\"@id\":\"https:\\\/\\\/www.ahmadiyya-islam.org\\\/se\\\/medlem\\\/vanliga-fragor\\\/vad-ar-manniskovardet-inom-islam\\\/#breadcrumb\"},\"inLanguage\":\"sv-SE\",\"potentialAction\":[{\"@type\":\"ReadAction\",\"target\":[\"https:\\\/\\\/www.ahmadiyya-islam.org\\\/se\\\/medlem\\\/vanliga-fragor\\\/vad-ar-manniskovardet-inom-islam\\\/\"]}]},{\"@type\":\"BreadcrumbList\",\"@id\":\"https:\\\/\\\/www.ahmadiyya-islam.org\\\/se\\\/medlem\\\/vanliga-fragor\\\/vad-ar-manniskovardet-inom-islam\\\/#breadcrumb\",\"itemListElement\":[{\"@type\":\"ListItem\",\"position\":1,\"name\":\"Home\",\"item\":\"https:\\\/\\\/www.ahmadiyya-islam.org\\\/se\\\/\"},{\"@type\":\"ListItem\",\"position\":2,\"name\":\"Medlem\",\"item\":\"https:\\\/\\\/www.ahmadiyya-islam.org\\\/se\\\/medlem\\\/\"},{\"@type\":\"ListItem\",\"position\":3,\"name\":\"Vanliga fr\u00e5gor\",\"item\":\"https:\\\/\\\/www.ahmadiyya-islam.org\\\/se\\\/medlem\\\/vanliga-fragor\\\/\"},{\"@type\":\"ListItem\",\"position\":4,\"name\":\"Vad \u00e4r m\u00e4nniskov\u00e4rdet inom islam?\"}]},{\"@type\":\"WebSite\",\"@id\":\"https:\\\/\\\/www.ahmadiyya-islam.org\\\/se\\\/#website\",\"url\":\"https:\\\/\\\/www.ahmadiyya-islam.org\\\/se\\\/\",\"name\":\"Islams Ahmadiyya F\u00f6rsamling\",\"description\":\"Sverige\",\"potentialAction\":[{\"@type\":\"SearchAction\",\"target\":{\"@type\":\"EntryPoint\",\"urlTemplate\":\"https:\\\/\\\/www.ahmadiyya-islam.org\\\/se\\\/?s={search_term_string}\"},\"query-input\":{\"@type\":\"PropertyValueSpecification\",\"valueRequired\":true,\"valueName\":\"search_term_string\"}}],\"inLanguage\":\"sv-SE\"}]}<\/script>\n<!-- \/ Yoast SEO Premium plugin. -->","yoast_head_json":{"title":"Vad \u00e4r m\u00e4nniskov\u00e4rdet inom islam? - Islams Ahmadiyya F\u00f6rsamling","robots":{"index":"index","follow":"follow","max-snippet":"max-snippet:-1","max-image-preview":"max-image-preview:large","max-video-preview":"max-video-preview:-1"},"canonical":"https:\/\/www.ahmadiyya-islam.org\/se\/medlem\/vanliga-fragor\/vad-ar-manniskovardet-inom-islam\/","og_locale":"sv_SE","og_type":"article","og_title":"Vad \u00e4r m\u00e4nniskov\u00e4rdet inom islam?","og_description":"Inom islam anses mord vara en stor synd och ett brott som \u00e4r straffbart enligt lag. Koranen betonar m\u00e4nniskolivets helighet och f\u00f6rbjuder att ta oskyldigt liv utom i fall av sj\u00e4lvf\u00f6rsvar eller straff f\u00f6r ett brott, som best\u00e4ms av ett oberoende r\u00e4ttsv\u00e4sende. \u201df\u00f6r den som d\u00f6dade en m\u00e4nniska, s\u00e5vida det inte var f\u00f6r att d\u00f6dat","og_url":"https:\/\/www.ahmadiyya-islam.org\/se\/medlem\/vanliga-fragor\/vad-ar-manniskovardet-inom-islam\/","og_site_name":"Islams Ahmadiyya F\u00f6rsamling","article_modified_time":"2025-11-11T21:33:18+00:00","twitter_card":"summary_large_image","twitter_misc":{"Ber\u00e4knad l\u00e4stid":"1 minut"},"schema":{"@context":"https:\/\/schema.org","@graph":[{"@type":"WebPage","@id":"https:\/\/www.ahmadiyya-islam.org\/se\/medlem\/vanliga-fragor\/vad-ar-manniskovardet-inom-islam\/","url":"https:\/\/www.ahmadiyya-islam.org\/se\/medlem\/vanliga-fragor\/vad-ar-manniskovardet-inom-islam\/","name":"Vad \u00e4r m\u00e4nniskov\u00e4rdet inom islam? - Islams Ahmadiyya F\u00f6rsamling","isPartOf":{"@id":"https:\/\/www.ahmadiyya-islam.org\/se\/#website"},"datePublished":"2025-11-11T21:00:30+00:00","dateModified":"2025-11-11T21:33:18+00:00","breadcrumb":{"@id":"https:\/\/www.ahmadiyya-islam.org\/se\/medlem\/vanliga-fragor\/vad-ar-manniskovardet-inom-islam\/#breadcrumb"},"inLanguage":"sv-SE","potentialAction":[{"@type":"ReadAction","target":["https:\/\/www.ahmadiyya-islam.org\/se\/medlem\/vanliga-fragor\/vad-ar-manniskovardet-inom-islam\/"]}]},{"@type":"BreadcrumbList","@id":"https:\/\/www.ahmadiyya-islam.org\/se\/medlem\/vanliga-fragor\/vad-ar-manniskovardet-inom-islam\/#breadcrumb","itemListElement":[{"@type":"ListItem","position":1,"name":"Home","item":"https:\/\/www.ahmadiyya-islam.org\/se\/"},{"@type":"ListItem","position":2,"name":"Medlem","item":"https:\/\/www.ahmadiyya-islam.org\/se\/medlem\/"},{"@type":"ListItem","position":3,"name":"Vanliga fr\u00e5gor","item":"https:\/\/www.ahmadiyya-islam.org\/se\/medlem\/vanliga-fragor\/"},{"@type":"ListItem","position":4,"name":"Vad \u00e4r m\u00e4nniskov\u00e4rdet inom islam?"}]},{"@type":"WebSite","@id":"https:\/\/www.ahmadiyya-islam.org\/se\/#website","url":"https:\/\/www.ahmadiyya-islam.org\/se\/","name":"Islams Ahmadiyya F\u00f6rsamling","description":"Sverige","potentialAction":[{"@type":"SearchAction","target":{"@type":"EntryPoint","urlTemplate":"https:\/\/www.ahmadiyya-islam.org\/se\/?s={search_term_string}"},"query-input":{"@type":"PropertyValueSpecification","valueRequired":true,"valueName":"search_term_string"}}],"inLanguage":"sv-SE"}]}},"_links":{"self":[{"href":"https:\/\/www.ahmadiyya-islam.org\/se\/wp-json\/wp\/v2\/pages\/3871","targetHints":{"allow":["GET"]}}],"collection":[{"href":"https:\/\/www.ahmadiyya-islam.org\/se\/wp-json\/wp\/v2\/pages"}],"about":[{"href":"https:\/\/www.ahmadiyya-islam.org\/se\/wp-json\/wp\/v2\/types\/page"}],"author":[{"embeddable":true,"href":"https:\/\/www.ahmadiyya-islam.org\/se\/wp-json\/wp\/v2\/users\/13"}],"replies":[{"embeddable":true,"href":"https:\/\/www.ahmadiyya-islam.org\/se\/wp-json\/wp\/v2\/comments?post=3871"}],"version-history":[{"count":1,"href":"https:\/\/www.ahmadiyya-islam.org\/se\/wp-json\/wp\/v2\/pages\/3871\/revisions"}],"predecessor-version":[{"id":3872,"href":"https:\/\/www.ahmadiyya-islam.org\/se\/wp-json\/wp\/v2\/pages\/3871\/revisions\/3872"}],"up":[{"embeddable":true,"href":"https:\/\/www.ahmadiyya-islam.org\/se\/wp-json\/wp\/v2\/pages\/3863"}],"wp:attachment":[{"href":"https:\/\/www.ahmadiyya-islam.org\/se\/wp-json\/wp\/v2\/media?parent=3871"}],"curies":[{"name":"wp","href":"https:\/\/api.w.org\/{rel}","templated":true}]}}