{"id":3866,"date":"2025-11-11T20:41:13","date_gmt":"2025-11-11T20:41:13","guid":{"rendered":"https:\/\/www.ahmadiyya-islam.org\/se\/?page_id=3866"},"modified":"2025-11-11T20:53:18","modified_gmt":"2025-11-11T20:53:18","slug":"har-mannens-och-kvinnans-vittnesmal-samma-varde-enligt-koranen","status":"publish","type":"page","link":"https:\/\/www.ahmadiyya-islam.org\/se\/medlem\/vanliga-fragor\/har-mannens-och-kvinnans-vittnesmal-samma-varde-enligt-koranen\/","title":{"rendered":"Har mannens och kvinnans vittnesm\u00e5l samma v\u00e4rde enligt Koranen?"},"content":{"rendered":"<p>I ett muslimskt samh\u00e4lle \u00e4r utg\u00e5ngspunkten att maken \u00e4r ansvarig f\u00f6r ekonomin. P\u00e5 grund av detta kan det finnas vissa ekonomiska f\u00f6rh\u00e5llanden som kvinnor inte \u00e4r bekanta med, d\u00e4rav s\u00e4ger Koranen att n\u00e4r det g\u00e4ller vittnesm\u00e5l ang\u00e5ende l\u00e5n skall det vara tv\u00e5 m\u00e4n eller en man och tv\u00e5 kvinnor som vittnen. Det tyder p\u00e5 att <strong>om<\/strong> ett av de kvinnliga vittnena gl\u00f6mmer eller g\u00f6r fel i sitt vittnesm\u00e5l kan det andra ge en p\u00e5minnelse eller r\u00e4ttelse. Detta ses som en f\u00f6rsiktighets\u00e5tg\u00e4rd f\u00f6r att minimera risken f\u00f6r misstag eller missf\u00f6rst\u00e5nd i komplexa finansiella transaktioner. Det b\u00f6r betonas att versen klart s\u00e4ger att en kvinnas vittnesm\u00e5l \u00e4r tillr\u00e4ckligt, och att den andra kvinnan skall endast p\u00e5minna vid behov. Detta krav inte indikerar allts\u00e5 inte n\u00e5gon inneboende underl\u00e4gsenhet eller brist p\u00e5 trov\u00e4rdighet hos kvinnor.<\/p>\n<p>Islam h\u00e5ller kvinnor h\u00f6gt och betonar deras r\u00e4ttigheter, bidrag och intellektuella f\u00f6rm\u00e5gor. Kravet p\u00e5 tv\u00e5 kvinnliga vittnen i enskilda situationer \u00e4r baserat p\u00e5 det specifika sammanhanget f\u00f6r finansiella l\u00e5netransaktioner och det praktiska i att s\u00e4kerst\u00e4lla riktighet och skydd av alla inblandade parters r\u00e4ttigheter.<\/p>\n<p>Det \u00e4r ocks\u00e5 v\u00e4rt att n\u00e4mna att inom andra omr\u00e5den av islamisk lag kr\u00e4vs inte ett extra vittnesm\u00e5l n\u00e4r en kvinna vittnar. Till exempel, i fr\u00e5gor som \u00e4ktenskap, skilsm\u00e4ssa och brottsm\u00e5l har kvinnors vittnesm\u00e5l lika vikt.<\/p>\n","protected":false},"excerpt":{"rendered":"<p>I ett muslimskt samh\u00e4lle \u00e4r utg\u00e5ngspunkten att maken \u00e4r ansvarig f\u00f6r ekonomin. P\u00e5 grund av detta kan det finnas vissa ekonomiska f\u00f6rh\u00e5llanden som kvinnor inte \u00e4r bekanta med, d\u00e4rav s\u00e4ger Koranen att n\u00e4r det g\u00e4ller vittnesm\u00e5l ang\u00e5ende l\u00e5n skall det vara tv\u00e5 m\u00e4n eller en man och tv\u00e5 kvinnor som vittnen. Det tyder p\u00e5 att<\/p>\n","protected":false},"author":13,"featured_media":0,"parent":3863,"menu_order":0,"comment_status":"closed","ping_status":"closed","template":"","meta":{"_acf_changed":false,"footnotes":""},"class_list":["post-3866","page","type-page","status-publish","hentry"],"acf":[],"yoast_head":"<!-- This site is optimized with the Yoast SEO Premium plugin v21.1 (Yoast SEO v27.4) - https:\/\/yoast.com\/product\/yoast-seo-premium-wordpress\/ -->\n<title>Har mannens och kvinnans vittnesm\u00e5l samma v\u00e4rde enligt Koranen? - Islams Ahmadiyya F\u00f6rsamling<\/title>\n<meta name=\"robots\" content=\"index, follow, max-snippet:-1, max-image-preview:large, max-video-preview:-1\" \/>\n<link rel=\"canonical\" href=\"https:\/\/www.ahmadiyya-islam.org\/se\/medlem\/vanliga-fragor\/har-mannens-och-kvinnans-vittnesmal-samma-varde-enligt-koranen\/\" \/>\n<meta property=\"og:locale\" content=\"sv_SE\" \/>\n<meta property=\"og:type\" content=\"article\" \/>\n<meta property=\"og:title\" content=\"Har mannens och kvinnans vittnesm\u00e5l samma v\u00e4rde enligt Koranen?\" \/>\n<meta property=\"og:description\" content=\"I ett muslimskt samh\u00e4lle \u00e4r utg\u00e5ngspunkten att maken \u00e4r ansvarig f\u00f6r ekonomin. P\u00e5 grund av detta kan det finnas vissa ekonomiska f\u00f6rh\u00e5llanden som kvinnor inte \u00e4r bekanta med, d\u00e4rav s\u00e4ger Koranen att n\u00e4r det g\u00e4ller vittnesm\u00e5l ang\u00e5ende l\u00e5n skall det vara tv\u00e5 m\u00e4n eller en man och tv\u00e5 kvinnor som vittnen. Det tyder p\u00e5 att\" \/>\n<meta property=\"og:url\" content=\"https:\/\/www.ahmadiyya-islam.org\/se\/medlem\/vanliga-fragor\/har-mannens-och-kvinnans-vittnesmal-samma-varde-enligt-koranen\/\" \/>\n<meta property=\"og:site_name\" content=\"Islams Ahmadiyya F\u00f6rsamling\" \/>\n<meta property=\"article:modified_time\" content=\"2025-11-11T20:53:18+00:00\" \/>\n<meta name=\"twitter:card\" content=\"summary_large_image\" \/>\n<meta name=\"twitter:label1\" content=\"Ber\u00e4knad l\u00e4stid\" \/>\n\t<meta name=\"twitter:data1\" content=\"2 minuter\" \/>\n<script type=\"application\/ld+json\" class=\"yoast-schema-graph\">{\"@context\":\"https:\\\/\\\/schema.org\",\"@graph\":[{\"@type\":\"WebPage\",\"@id\":\"https:\\\/\\\/www.ahmadiyya-islam.org\\\/se\\\/medlem\\\/vanliga-fragor\\\/har-mannens-och-kvinnans-vittnesmal-samma-varde-enligt-koranen\\\/\",\"url\":\"https:\\\/\\\/www.ahmadiyya-islam.org\\\/se\\\/medlem\\\/vanliga-fragor\\\/har-mannens-och-kvinnans-vittnesmal-samma-varde-enligt-koranen\\\/\",\"name\":\"Har mannens och kvinnans vittnesm\u00e5l samma v\u00e4rde enligt Koranen? - Islams Ahmadiyya F\u00f6rsamling\",\"isPartOf\":{\"@id\":\"https:\\\/\\\/www.ahmadiyya-islam.org\\\/se\\\/#website\"},\"datePublished\":\"2025-11-11T20:41:13+00:00\",\"dateModified\":\"2025-11-11T20:53:18+00:00\",\"breadcrumb\":{\"@id\":\"https:\\\/\\\/www.ahmadiyya-islam.org\\\/se\\\/medlem\\\/vanliga-fragor\\\/har-mannens-och-kvinnans-vittnesmal-samma-varde-enligt-koranen\\\/#breadcrumb\"},\"inLanguage\":\"sv-SE\",\"potentialAction\":[{\"@type\":\"ReadAction\",\"target\":[\"https:\\\/\\\/www.ahmadiyya-islam.org\\\/se\\\/medlem\\\/vanliga-fragor\\\/har-mannens-och-kvinnans-vittnesmal-samma-varde-enligt-koranen\\\/\"]}]},{\"@type\":\"BreadcrumbList\",\"@id\":\"https:\\\/\\\/www.ahmadiyya-islam.org\\\/se\\\/medlem\\\/vanliga-fragor\\\/har-mannens-och-kvinnans-vittnesmal-samma-varde-enligt-koranen\\\/#breadcrumb\",\"itemListElement\":[{\"@type\":\"ListItem\",\"position\":1,\"name\":\"Home\",\"item\":\"https:\\\/\\\/www.ahmadiyya-islam.org\\\/se\\\/\"},{\"@type\":\"ListItem\",\"position\":2,\"name\":\"Medlem\",\"item\":\"https:\\\/\\\/www.ahmadiyya-islam.org\\\/se\\\/medlem\\\/\"},{\"@type\":\"ListItem\",\"position\":3,\"name\":\"Vanliga fr\u00e5gor\",\"item\":\"https:\\\/\\\/www.ahmadiyya-islam.org\\\/se\\\/medlem\\\/vanliga-fragor\\\/\"},{\"@type\":\"ListItem\",\"position\":4,\"name\":\"Har mannens och kvinnans vittnesm\u00e5l samma v\u00e4rde enligt Koranen?\"}]},{\"@type\":\"WebSite\",\"@id\":\"https:\\\/\\\/www.ahmadiyya-islam.org\\\/se\\\/#website\",\"url\":\"https:\\\/\\\/www.ahmadiyya-islam.org\\\/se\\\/\",\"name\":\"Islams Ahmadiyya F\u00f6rsamling\",\"description\":\"Sverige\",\"potentialAction\":[{\"@type\":\"SearchAction\",\"target\":{\"@type\":\"EntryPoint\",\"urlTemplate\":\"https:\\\/\\\/www.ahmadiyya-islam.org\\\/se\\\/?s={search_term_string}\"},\"query-input\":{\"@type\":\"PropertyValueSpecification\",\"valueRequired\":true,\"valueName\":\"search_term_string\"}}],\"inLanguage\":\"sv-SE\"}]}<\/script>\n<!-- \/ Yoast SEO Premium plugin. -->","yoast_head_json":{"title":"Har mannens och kvinnans vittnesm\u00e5l samma v\u00e4rde enligt Koranen? - Islams Ahmadiyya F\u00f6rsamling","robots":{"index":"index","follow":"follow","max-snippet":"max-snippet:-1","max-image-preview":"max-image-preview:large","max-video-preview":"max-video-preview:-1"},"canonical":"https:\/\/www.ahmadiyya-islam.org\/se\/medlem\/vanliga-fragor\/har-mannens-och-kvinnans-vittnesmal-samma-varde-enligt-koranen\/","og_locale":"sv_SE","og_type":"article","og_title":"Har mannens och kvinnans vittnesm\u00e5l samma v\u00e4rde enligt Koranen?","og_description":"I ett muslimskt samh\u00e4lle \u00e4r utg\u00e5ngspunkten att maken \u00e4r ansvarig f\u00f6r ekonomin. P\u00e5 grund av detta kan det finnas vissa ekonomiska f\u00f6rh\u00e5llanden som kvinnor inte \u00e4r bekanta med, d\u00e4rav s\u00e4ger Koranen att n\u00e4r det g\u00e4ller vittnesm\u00e5l ang\u00e5ende l\u00e5n skall det vara tv\u00e5 m\u00e4n eller en man och tv\u00e5 kvinnor som vittnen. Det tyder p\u00e5 att","og_url":"https:\/\/www.ahmadiyya-islam.org\/se\/medlem\/vanliga-fragor\/har-mannens-och-kvinnans-vittnesmal-samma-varde-enligt-koranen\/","og_site_name":"Islams Ahmadiyya F\u00f6rsamling","article_modified_time":"2025-11-11T20:53:18+00:00","twitter_card":"summary_large_image","twitter_misc":{"Ber\u00e4knad l\u00e4stid":"2 minuter"},"schema":{"@context":"https:\/\/schema.org","@graph":[{"@type":"WebPage","@id":"https:\/\/www.ahmadiyya-islam.org\/se\/medlem\/vanliga-fragor\/har-mannens-och-kvinnans-vittnesmal-samma-varde-enligt-koranen\/","url":"https:\/\/www.ahmadiyya-islam.org\/se\/medlem\/vanliga-fragor\/har-mannens-och-kvinnans-vittnesmal-samma-varde-enligt-koranen\/","name":"Har mannens och kvinnans vittnesm\u00e5l samma v\u00e4rde enligt Koranen? - Islams Ahmadiyya F\u00f6rsamling","isPartOf":{"@id":"https:\/\/www.ahmadiyya-islam.org\/se\/#website"},"datePublished":"2025-11-11T20:41:13+00:00","dateModified":"2025-11-11T20:53:18+00:00","breadcrumb":{"@id":"https:\/\/www.ahmadiyya-islam.org\/se\/medlem\/vanliga-fragor\/har-mannens-och-kvinnans-vittnesmal-samma-varde-enligt-koranen\/#breadcrumb"},"inLanguage":"sv-SE","potentialAction":[{"@type":"ReadAction","target":["https:\/\/www.ahmadiyya-islam.org\/se\/medlem\/vanliga-fragor\/har-mannens-och-kvinnans-vittnesmal-samma-varde-enligt-koranen\/"]}]},{"@type":"BreadcrumbList","@id":"https:\/\/www.ahmadiyya-islam.org\/se\/medlem\/vanliga-fragor\/har-mannens-och-kvinnans-vittnesmal-samma-varde-enligt-koranen\/#breadcrumb","itemListElement":[{"@type":"ListItem","position":1,"name":"Home","item":"https:\/\/www.ahmadiyya-islam.org\/se\/"},{"@type":"ListItem","position":2,"name":"Medlem","item":"https:\/\/www.ahmadiyya-islam.org\/se\/medlem\/"},{"@type":"ListItem","position":3,"name":"Vanliga fr\u00e5gor","item":"https:\/\/www.ahmadiyya-islam.org\/se\/medlem\/vanliga-fragor\/"},{"@type":"ListItem","position":4,"name":"Har mannens och kvinnans vittnesm\u00e5l samma v\u00e4rde enligt Koranen?"}]},{"@type":"WebSite","@id":"https:\/\/www.ahmadiyya-islam.org\/se\/#website","url":"https:\/\/www.ahmadiyya-islam.org\/se\/","name":"Islams Ahmadiyya F\u00f6rsamling","description":"Sverige","potentialAction":[{"@type":"SearchAction","target":{"@type":"EntryPoint","urlTemplate":"https:\/\/www.ahmadiyya-islam.org\/se\/?s={search_term_string}"},"query-input":{"@type":"PropertyValueSpecification","valueRequired":true,"valueName":"search_term_string"}}],"inLanguage":"sv-SE"}]}},"_links":{"self":[{"href":"https:\/\/www.ahmadiyya-islam.org\/se\/wp-json\/wp\/v2\/pages\/3866","targetHints":{"allow":["GET"]}}],"collection":[{"href":"https:\/\/www.ahmadiyya-islam.org\/se\/wp-json\/wp\/v2\/pages"}],"about":[{"href":"https:\/\/www.ahmadiyya-islam.org\/se\/wp-json\/wp\/v2\/types\/page"}],"author":[{"embeddable":true,"href":"https:\/\/www.ahmadiyya-islam.org\/se\/wp-json\/wp\/v2\/users\/13"}],"replies":[{"embeddable":true,"href":"https:\/\/www.ahmadiyya-islam.org\/se\/wp-json\/wp\/v2\/comments?post=3866"}],"version-history":[{"count":1,"href":"https:\/\/www.ahmadiyya-islam.org\/se\/wp-json\/wp\/v2\/pages\/3866\/revisions"}],"predecessor-version":[{"id":3867,"href":"https:\/\/www.ahmadiyya-islam.org\/se\/wp-json\/wp\/v2\/pages\/3866\/revisions\/3867"}],"up":[{"embeddable":true,"href":"https:\/\/www.ahmadiyya-islam.org\/se\/wp-json\/wp\/v2\/pages\/3863"}],"wp:attachment":[{"href":"https:\/\/www.ahmadiyya-islam.org\/se\/wp-json\/wp\/v2\/media?parent=3866"}],"curies":[{"name":"wp","href":"https:\/\/api.w.org\/{rel}","templated":true}]}}