{"id":3863,"date":"2025-11-11T20:40:48","date_gmt":"2025-11-11T20:40:48","guid":{"rendered":"https:\/\/www.ahmadiyya-islam.org\/se\/?page_id=3863"},"modified":"2025-11-11T21:32:11","modified_gmt":"2025-11-11T21:32:11","slug":"vanliga-fragor","status":"publish","type":"page","link":"https:\/\/www.ahmadiyya-islam.org\/se\/medlem\/vanliga-fragor\/","title":{"rendered":"Vanliga fr\u00e5gor"},"content":{"rendered":"<p><strong>Svar p\u00e5 ofta f\u00f6rekommande fr\u00e5gor<\/strong><\/p>\n<p><a href=\"https:\/\/www.ahmadiyya-islam.org\/se\/medlem\/vanliga-fragor\/har-mannens-och-kvinnans-vittnesmal-samma-varde-enligt-koranen\/\">Har mannens och kvinnans vittnesm\u00e5l samma v\u00e4rde enligt Koranen?<\/a><\/p>\n<p><a href=\"https:\/\/www.ahmadiyya-islam.org\/se\/medlem\/vanliga-fragor\/vad-ar-manniskovardet-inom-islam\/\">Vad \u00e4r m\u00e4nniskov\u00e4rdet inom islam?<\/a><\/p>\n<p><a href=\"https:\/\/www.ahmadiyya-islam.org\/se\/medlem\/vanliga-fragor\/ar-handavhuggning-straffet-for-stold-enligt-koranen\/\">\u00c4r handavhuggning straffet f\u00f6r st\u00f6ld enligt Koranen?<\/a><\/p>\n<p><a href=\"https:\/\/www.ahmadiyya-islam.org\/se\/medlem\/vanliga-fragor\/ar-barnarbete-tillatet-enligt-islam\/\">\u00c4r barnarbete till\u00e5tet enligt islam?<\/a><\/p>\n<p><a href=\"https:\/\/www.ahmadiyya-islam.org\/se\/medlem\/vanliga-fragor\/varfor-forbjuder-koranen-muslimer-att-ta-ut-ranta-hur-ser-islam-pa-handel-finns-det-regler-kring-affarer-och-transaktioner-i-koranen\/\">Varf\u00f6r f\u00f6rbjuder Koranen muslimer att ta ut r\u00e4nta? Hur ser islam p\u00e5 handel &#8211; finns det regler kring aff\u00e4rer och transaktioner i Koranen?<\/a><\/p>\n<p><a href=\"https:\/\/www.ahmadiyya-islam.org\/se\/medlem\/vanliga-fragor\/vad-innebar-en-muslimsk-brudgava\/\">Vad inneb\u00e4r en muslimsk brudg\u00e5va?<\/a><\/p>\n<p><a href=\"https:\/\/www.ahmadiyya-islam.org\/se\/medlem\/vanliga-fragor\/tillater-islam-kusingifte\/\">Till\u00e5ter islam kusingifte?<\/a><\/p>\n<p><a href=\"https:\/\/www.ahmadiyya-islam.org\/se\/medlem\/vanliga-fragor\/ar-tillfalliga-aktenskapskontrakt-tillatna-i-islam\/\">\u00c4r tillf\u00e4lliga \u00e4ktenskapskontrakt till\u00e5tna i islam?<\/a><\/p>\n<p><a href=\"https:\/\/www.ahmadiyya-islam.org\/se\/medlem\/vanliga-fragor\/tillater-islam-manggifte\/\">Till\u00e5ter islam m\u00e5nggifte?<\/a><\/p>\n<p><a href=\"https:\/\/www.ahmadiyya-islam.org\/se\/medlem\/vanliga-fragor\/ar-det-tillatet-att-skilja-sig-fran-sin-partner-i-islam\/\">\u00c4r det till\u00e5tet att skilja sig fr\u00e5n sin partner i islam?<\/a><\/p>\n<p><a href=\"https:\/\/www.ahmadiyya-islam.org\/se\/medlem\/vanliga-fragor\/vad-sager-islam-om-sexuella-relationer-utanfor-aktenskap\/\">Vad s\u00e4ger islam om sexuella relationer utanf\u00f6r \u00e4ktenskap?<\/a><\/p>\n<p><a href=\"https:\/\/www.ahmadiyya-islam.org\/se\/medlem\/vanliga-fragor\/varfor-ater-inte-muslimer-flask\/\">Varf\u00f6r \u00e4ter inte muslimer fl\u00e4sk?<\/a><\/p>\n<p><a href=\"https:\/\/www.ahmadiyya-islam.org\/se\/medlem\/vanliga-fragor\/vad-anser-islam-om-homosexualitet\/\">Vad anser islam om homosexualitet?<\/a><\/p>\n<p><a href=\"https:\/\/www.ahmadiyya-islam.org\/se\/medlem\/vanliga-fragor\/vad-sager-islam-om-vikten-av-att-leva-ett-balanserat-liv\/\">Vad s\u00e4ger islam om vikten av att leva ett balanserat liv?<\/a><\/p>\n<p><a href=\"https:\/\/www.ahmadiyya-islam.org\/se\/medlem\/vanliga-fragor\/vad-sager-koranen-om-manniskans-natur-vad-ar-manniskosynen\/\">Vad s\u00e4ger Koranen om m\u00e4nniskans natur &#8211; vad \u00e4r m\u00e4nniskosynen?<\/a><\/p>\n<p><a href=\"https:\/\/www.ahmadiyya-islam.org\/se\/medlem\/vanliga-fragor\/varfor-bar-muslimska-kvinnor-sloja\/\">Varf\u00f6r b\u00e4r muslimska kvinnor sl\u00f6ja?<\/a><\/p>\n<p><a href=\"https:\/\/www.ahmadiyya-islam.org\/se\/medlem\/vanliga-fragor\/vad-ar-straffet-for-att-lamna-islam\/\">Vad \u00e4r straffet f\u00f6r att l\u00e4mna islam?<\/a><\/p>\n<p><a href=\"https:\/\/www.ahmadiyya-islam.org\/se\/medlem\/vanliga-fragor\/vad-ar-straffet-for-hadelse-blasfemi-inom-islam\/\">Vad \u00e4r straffet f\u00f6r h\u00e4delse\/blasfemi inom islam?<\/a><\/p>\n<p><a href=\"https:\/\/www.ahmadiyya-islam.org\/se\/medlem\/vanliga-fragor\/vad-betyder-halal-och-haram\/\">Vad betyder halal och haram?<\/a><\/p>\n<p><a href=\"https:\/\/www.ahmadiyya-islam.org\/se\/medlem\/vanliga-fragor\/vad-ar-jihad\/\">Vad \u00e4r Jihad?<\/a><\/p>\n<p><a href=\"https:\/\/www.ahmadiyya-islam.org\/se\/medlem\/vanliga-fragor\/uppmanar-koranen-till-krig-mot-icke-troende\/\">Uppmanar Koranen till krig mot icke-troende?<\/a><\/p>\n<p><a href=\"https:\/\/www.ahmadiyya-islam.org\/se\/medlem\/vanliga-fragor\/ar-alla-manniskor-tvungna-att-acceptera-islam\/\">\u00c4r alla m\u00e4nniskor tvungna att acceptera islam?<\/a><\/p>\n<p><a href=\"https:\/\/www.ahmadiyya-islam.org\/se\/medlem\/vanliga-fragor\/vad-ar-taqiyyah-och-far-muslimer-ljuga-om-sin-tro\/\">Vad \u00e4r Taqiyyah och f\u00e5r muslimer ljuga om sin tro?<\/a><\/p>\n<p><a href=\"https:\/\/www.ahmadiyya-islam.org\/se\/medlem\/vanliga-fragor\/far-muslimer-dricka-alkohol\/\">F\u00e5r muslimer dricka alkohol?<\/a><\/p>\n<p><a href=\"https:\/\/www.ahmadiyya-islam.org\/se\/medlem\/vanliga-fragor\/vad-sager-islam-om-att-uppfylla-sina-forbund\/\">Vad s\u00e4ger islam om att uppfylla sina f\u00f6rbund?<\/a><\/p>\n<p><a href=\"https:\/\/www.ahmadiyya-islam.org\/se\/medlem\/vanliga-fragor\/vad-ar-synen-pa-djur-inom-islam-ar-halalslakt-djurvanligt\/\">Vad \u00e4r synen p\u00e5 djur inom islam? \u00c4r halalslakt djurv\u00e4nligt?<\/a><\/p>\n<p><a href=\"https:\/\/www.ahmadiyya-islam.org\/se\/medlem\/vanliga-fragor\/vad-sager-koranen-om-fred\/\">Vad s\u00e4ger Koranen om fred?<\/a><\/p>\n<p><a href=\"https:\/\/www.ahmadiyya-islam.org\/se\/medlem\/vanliga-fragor\/vad-anser-islam-om-miljon\/\">Vad anser islam om milj\u00f6n?<\/a><\/p>\n","protected":false},"excerpt":{"rendered":"<p>Svar p\u00e5 ofta f\u00f6rekommande fr\u00e5gor Har mannens och kvinnans vittnesm\u00e5l samma v\u00e4rde enligt Koranen? Vad \u00e4r m\u00e4nniskov\u00e4rdet inom islam? \u00c4r handavhuggning straffet f\u00f6r st\u00f6ld enligt Koranen? \u00c4r barnarbete till\u00e5tet enligt islam? Varf\u00f6r f\u00f6rbjuder Koranen muslimer att ta ut r\u00e4nta? Hur ser islam p\u00e5 handel &#8211; finns det regler kring aff\u00e4rer och transaktioner i Koranen? Vad<\/p>\n","protected":false},"author":13,"featured_media":0,"parent":2046,"menu_order":21,"comment_status":"closed","ping_status":"closed","template":"","meta":{"_acf_changed":false,"footnotes":""},"class_list":["post-3863","page","type-page","status-publish","hentry"],"acf":[],"yoast_head":"<!-- This site is optimized with the Yoast SEO Premium plugin v21.1 (Yoast SEO v27.0) - https:\/\/yoast.com\/product\/yoast-seo-premium-wordpress\/ -->\n<title>Vanliga fr\u00e5gor - Islams Ahmadiyya F\u00f6rsamling<\/title>\n<meta name=\"robots\" content=\"index, follow, max-snippet:-1, max-image-preview:large, max-video-preview:-1\" \/>\n<link rel=\"canonical\" href=\"https:\/\/www.ahmadiyya-islam.org\/se\/medlem\/vanliga-fragor\/\" \/>\n<meta property=\"og:locale\" content=\"sv_SE\" \/>\n<meta property=\"og:type\" content=\"article\" \/>\n<meta property=\"og:title\" content=\"Vanliga fr\u00e5gor\" \/>\n<meta property=\"og:description\" content=\"Svar p\u00e5 ofta f\u00f6rekommande fr\u00e5gor Har mannens och kvinnans vittnesm\u00e5l samma v\u00e4rde enligt Koranen? Vad \u00e4r m\u00e4nniskov\u00e4rdet inom islam? \u00c4r handavhuggning straffet f\u00f6r st\u00f6ld enligt Koranen? \u00c4r barnarbete till\u00e5tet enligt islam? Varf\u00f6r f\u00f6rbjuder Koranen muslimer att ta ut r\u00e4nta? Hur ser islam p\u00e5 handel &#8211; finns det regler kring aff\u00e4rer och transaktioner i Koranen? Vad\" \/>\n<meta property=\"og:url\" content=\"https:\/\/www.ahmadiyya-islam.org\/se\/medlem\/vanliga-fragor\/\" \/>\n<meta property=\"og:site_name\" content=\"Islams Ahmadiyya F\u00f6rsamling\" \/>\n<meta property=\"article:modified_time\" content=\"2025-11-11T21:32:11+00:00\" \/>\n<meta name=\"twitter:card\" content=\"summary_large_image\" \/>\n<meta name=\"twitter:label1\" content=\"Ber\u00e4knad l\u00e4stid\" \/>\n\t<meta name=\"twitter:data1\" content=\"2 minuter\" \/>\n<script type=\"application\/ld+json\" class=\"yoast-schema-graph\">{\"@context\":\"https:\/\/schema.org\",\"@graph\":[{\"@type\":\"WebPage\",\"@id\":\"https:\/\/www.ahmadiyya-islam.org\/se\/medlem\/vanliga-fragor\/\",\"url\":\"https:\/\/www.ahmadiyya-islam.org\/se\/medlem\/vanliga-fragor\/\",\"name\":\"Vanliga fr\u00e5gor - Islams Ahmadiyya F\u00f6rsamling\",\"isPartOf\":{\"@id\":\"https:\/\/www.ahmadiyya-islam.org\/se\/#website\"},\"datePublished\":\"2025-11-11T20:40:48+00:00\",\"dateModified\":\"2025-11-11T21:32:11+00:00\",\"breadcrumb\":{\"@id\":\"https:\/\/www.ahmadiyya-islam.org\/se\/medlem\/vanliga-fragor\/#breadcrumb\"},\"inLanguage\":\"sv-SE\",\"potentialAction\":[{\"@type\":\"ReadAction\",\"target\":[\"https:\/\/www.ahmadiyya-islam.org\/se\/medlem\/vanliga-fragor\/\"]}]},{\"@type\":\"BreadcrumbList\",\"@id\":\"https:\/\/www.ahmadiyya-islam.org\/se\/medlem\/vanliga-fragor\/#breadcrumb\",\"itemListElement\":[{\"@type\":\"ListItem\",\"position\":1,\"name\":\"Home\",\"item\":\"https:\/\/www.ahmadiyya-islam.org\/se\/\"},{\"@type\":\"ListItem\",\"position\":2,\"name\":\"Medlem\",\"item\":\"https:\/\/www.ahmadiyya-islam.org\/se\/medlem\/\"},{\"@type\":\"ListItem\",\"position\":3,\"name\":\"Vanliga fr\u00e5gor\"}]},{\"@type\":\"WebSite\",\"@id\":\"https:\/\/www.ahmadiyya-islam.org\/se\/#website\",\"url\":\"https:\/\/www.ahmadiyya-islam.org\/se\/\",\"name\":\"Islams Ahmadiyya F\u00f6rsamling\",\"description\":\"Sverige\",\"potentialAction\":[{\"@type\":\"SearchAction\",\"target\":{\"@type\":\"EntryPoint\",\"urlTemplate\":\"https:\/\/www.ahmadiyya-islam.org\/se\/?s={search_term_string}\"},\"query-input\":{\"@type\":\"PropertyValueSpecification\",\"valueRequired\":true,\"valueName\":\"search_term_string\"}}],\"inLanguage\":\"sv-SE\"}]}<\/script>\n<!-- \/ Yoast SEO Premium plugin. -->","yoast_head_json":{"title":"Vanliga fr\u00e5gor - Islams Ahmadiyya F\u00f6rsamling","robots":{"index":"index","follow":"follow","max-snippet":"max-snippet:-1","max-image-preview":"max-image-preview:large","max-video-preview":"max-video-preview:-1"},"canonical":"https:\/\/www.ahmadiyya-islam.org\/se\/medlem\/vanliga-fragor\/","og_locale":"sv_SE","og_type":"article","og_title":"Vanliga fr\u00e5gor","og_description":"Svar p\u00e5 ofta f\u00f6rekommande fr\u00e5gor Har mannens och kvinnans vittnesm\u00e5l samma v\u00e4rde enligt Koranen? Vad \u00e4r m\u00e4nniskov\u00e4rdet inom islam? \u00c4r handavhuggning straffet f\u00f6r st\u00f6ld enligt Koranen? \u00c4r barnarbete till\u00e5tet enligt islam? Varf\u00f6r f\u00f6rbjuder Koranen muslimer att ta ut r\u00e4nta? Hur ser islam p\u00e5 handel &#8211; finns det regler kring aff\u00e4rer och transaktioner i Koranen? Vad","og_url":"https:\/\/www.ahmadiyya-islam.org\/se\/medlem\/vanliga-fragor\/","og_site_name":"Islams Ahmadiyya F\u00f6rsamling","article_modified_time":"2025-11-11T21:32:11+00:00","twitter_card":"summary_large_image","twitter_misc":{"Ber\u00e4knad l\u00e4stid":"2 minuter"},"schema":{"@context":"https:\/\/schema.org","@graph":[{"@type":"WebPage","@id":"https:\/\/www.ahmadiyya-islam.org\/se\/medlem\/vanliga-fragor\/","url":"https:\/\/www.ahmadiyya-islam.org\/se\/medlem\/vanliga-fragor\/","name":"Vanliga fr\u00e5gor - Islams Ahmadiyya F\u00f6rsamling","isPartOf":{"@id":"https:\/\/www.ahmadiyya-islam.org\/se\/#website"},"datePublished":"2025-11-11T20:40:48+00:00","dateModified":"2025-11-11T21:32:11+00:00","breadcrumb":{"@id":"https:\/\/www.ahmadiyya-islam.org\/se\/medlem\/vanliga-fragor\/#breadcrumb"},"inLanguage":"sv-SE","potentialAction":[{"@type":"ReadAction","target":["https:\/\/www.ahmadiyya-islam.org\/se\/medlem\/vanliga-fragor\/"]}]},{"@type":"BreadcrumbList","@id":"https:\/\/www.ahmadiyya-islam.org\/se\/medlem\/vanliga-fragor\/#breadcrumb","itemListElement":[{"@type":"ListItem","position":1,"name":"Home","item":"https:\/\/www.ahmadiyya-islam.org\/se\/"},{"@type":"ListItem","position":2,"name":"Medlem","item":"https:\/\/www.ahmadiyya-islam.org\/se\/medlem\/"},{"@type":"ListItem","position":3,"name":"Vanliga fr\u00e5gor"}]},{"@type":"WebSite","@id":"https:\/\/www.ahmadiyya-islam.org\/se\/#website","url":"https:\/\/www.ahmadiyya-islam.org\/se\/","name":"Islams Ahmadiyya F\u00f6rsamling","description":"Sverige","potentialAction":[{"@type":"SearchAction","target":{"@type":"EntryPoint","urlTemplate":"https:\/\/www.ahmadiyya-islam.org\/se\/?s={search_term_string}"},"query-input":{"@type":"PropertyValueSpecification","valueRequired":true,"valueName":"search_term_string"}}],"inLanguage":"sv-SE"}]}},"_links":{"self":[{"href":"https:\/\/www.ahmadiyya-islam.org\/se\/wp-json\/wp\/v2\/pages\/3863","targetHints":{"allow":["GET"]}}],"collection":[{"href":"https:\/\/www.ahmadiyya-islam.org\/se\/wp-json\/wp\/v2\/pages"}],"about":[{"href":"https:\/\/www.ahmadiyya-islam.org\/se\/wp-json\/wp\/v2\/types\/page"}],"author":[{"embeddable":true,"href":"https:\/\/www.ahmadiyya-islam.org\/se\/wp-json\/wp\/v2\/users\/13"}],"replies":[{"embeddable":true,"href":"https:\/\/www.ahmadiyya-islam.org\/se\/wp-json\/wp\/v2\/comments?post=3863"}],"version-history":[{"count":2,"href":"https:\/\/www.ahmadiyya-islam.org\/se\/wp-json\/wp\/v2\/pages\/3863\/revisions"}],"predecessor-version":[{"id":3926,"href":"https:\/\/www.ahmadiyya-islam.org\/se\/wp-json\/wp\/v2\/pages\/3863\/revisions\/3926"}],"up":[{"embeddable":true,"href":"https:\/\/www.ahmadiyya-islam.org\/se\/wp-json\/wp\/v2\/pages\/2046"}],"wp:attachment":[{"href":"https:\/\/www.ahmadiyya-islam.org\/se\/wp-json\/wp\/v2\/media?parent=3863"}],"curies":[{"name":"wp","href":"https:\/\/api.w.org\/{rel}","templated":true}]}}