{"id":3846,"date":"2025-05-31T07:11:52","date_gmt":"2025-05-31T07:11:52","guid":{"rendered":"https:\/\/www.ahmadiyya-islam.org\/se\/?page_id=3846"},"modified":"2025-05-31T07:11:52","modified_gmt":"2025-05-31T07:11:52","slug":"articles-of-faith","status":"publish","type":"page","link":"https:\/\/www.ahmadiyya-islam.org\/se\/medlem\/articles-of-faith\/","title":{"rendered":"Articles of Faith"},"content":{"rendered":"<h3>Den sanna Islam<\/h3>\n<p><a href=\"https:\/\/www.ahmadiyya-islam.org\/se\/wp-content\/uploads\/sites\/5\/2025\/05\/den-sanna-Islam.pdf\">https:\/\/www.ahmadiyya-islam.org\/se\/wp-content\/uploads\/sites\/5\/2025\/05\/den-sanna-Islam.pdf<\/a><\/p>\n<h3><b>Tre Principer Som N\u00e4mns i den Heliga Qur\u2019anen \u00c4r Vetenskapens <\/b><b>Grundl\u00e4ggande Fundament<\/b><\/h3>\n<p><a href=\"https:\/\/www.ahmadiyya-islam.org\/se\/wp-content\/uploads\/sites\/5\/2025\/05\/tre-principer-som-namns-i-den-heliga-koranen-ar-vetenskapens-grundlaggande-bas.pdf\">https:\/\/www.ahmadiyya-islam.org\/se\/wp-content\/uploads\/sites\/5\/2025\/05\/tre-principer-som-namns-i-den-heliga-koranen-ar-vetenskapens-grundlaggande-bas.pdf<\/a><b><br \/>\n<\/b><\/p>\n<h3>Nyckeln till framg\u00e5ng<\/h3>\n<p><a href=\"https:\/\/www.ahmadiyya-islam.org\/se\/wp-content\/uploads\/sites\/5\/2025\/05\/nyckeln-till-framgang-.pdf\">https:\/\/www.ahmadiyya-islam.org\/se\/wp-content\/uploads\/sites\/5\/2025\/05\/nyckeln-till-framgang-.pdf<\/a><\/p>\n<h3><strong>L\u00e4r Islam muslimer att hata icke-troende?<\/strong><\/h3>\n<p><a href=\"https:\/\/www.ahmadiyya-islam.org\/se\/wp-content\/uploads\/sites\/5\/2025\/05\/lar-Islam-muslimer-att-hata-icke-troende.pdf\">https:\/\/www.ahmadiyya-islam.org\/se\/wp-content\/uploads\/sites\/5\/2025\/05\/lar-Islam-muslimer-att-hata-icke-troende.pdf<br \/>\n<\/a><\/p>\n<h3>J\u00e4mst\u00e4lldhet mellan k\u00f6nen inom Islam<\/h3>\n<p><a href=\"https:\/\/www.ahmadiyya-islam.org\/se\/wp-content\/uploads\/sites\/5\/2025\/05\/jamstalldhet-mellan-konen-inom-Islam.pdf\">https:\/\/www.ahmadiyya-islam.org\/se\/wp-content\/uploads\/sites\/5\/2025\/05\/jamstalldhet-mellan-konen-inom-Islam.pdf<\/a><\/p>\n","protected":false},"excerpt":{"rendered":"<p>Den sanna Islam https:\/\/www.ahmadiyya-islam.org\/se\/wp-content\/uploads\/sites\/5\/2025\/05\/den-sanna-Islam.pdf Tre Principer Som N\u00e4mns i den Heliga Qur\u2019anen \u00c4r Vetenskapens Grundl\u00e4ggande Fundament https:\/\/www.ahmadiyya-islam.org\/se\/wp-content\/uploads\/sites\/5\/2025\/05\/tre-principer-som-namns-i-den-heliga-koranen-ar-vetenskapens-grundlaggande-bas.pdf Nyckeln till framg\u00e5ng https:\/\/www.ahmadiyya-islam.org\/se\/wp-content\/uploads\/sites\/5\/2025\/05\/nyckeln-till-framgang-.pdf L\u00e4r Islam muslimer att hata icke-troende? https:\/\/www.ahmadiyya-islam.org\/se\/wp-content\/uploads\/sites\/5\/2025\/05\/lar-Islam-muslimer-att-hata-icke-troende.pdf J\u00e4mst\u00e4lldhet mellan k\u00f6nen inom Islam https:\/\/www.ahmadiyya-islam.org\/se\/wp-content\/uploads\/sites\/5\/2025\/05\/jamstalldhet-mellan-konen-inom-Islam.pdf<\/p>\n","protected":false},"author":13,"featured_media":0,"parent":2046,"menu_order":0,"comment_status":"closed","ping_status":"closed","template":"","meta":{"_acf_changed":false,"footnotes":""},"class_list":["post-3846","page","type-page","status-publish","hentry"],"acf":[],"yoast_head":"<!-- This site is optimized with the Yoast SEO Premium plugin v21.1 (Yoast SEO v27.4) - https:\/\/yoast.com\/product\/yoast-seo-premium-wordpress\/ -->\n<title>Articles of Faith - Islams Ahmadiyya F\u00f6rsamling<\/title>\n<meta name=\"robots\" content=\"index, follow, max-snippet:-1, max-image-preview:large, max-video-preview:-1\" \/>\n<link rel=\"canonical\" href=\"https:\/\/www.ahmadiyya-islam.org\/se\/medlem\/articles-of-faith\/\" \/>\n<meta property=\"og:locale\" content=\"sv_SE\" \/>\n<meta property=\"og:type\" content=\"article\" \/>\n<meta property=\"og:title\" content=\"Articles of Faith\" \/>\n<meta property=\"og:description\" content=\"Den sanna Islam https:\/\/www.ahmadiyya-islam.org\/se\/wp-content\/uploads\/sites\/5\/2025\/05\/den-sanna-Islam.pdf Tre Principer Som N\u00e4mns i den Heliga Qur\u2019anen \u00c4r Vetenskapens Grundl\u00e4ggande Fundament https:\/\/www.ahmadiyya-islam.org\/se\/wp-content\/uploads\/sites\/5\/2025\/05\/tre-principer-som-namns-i-den-heliga-koranen-ar-vetenskapens-grundlaggande-bas.pdf Nyckeln till framg\u00e5ng https:\/\/www.ahmadiyya-islam.org\/se\/wp-content\/uploads\/sites\/5\/2025\/05\/nyckeln-till-framgang-.pdf L\u00e4r Islam muslimer att hata icke-troende? https:\/\/www.ahmadiyya-islam.org\/se\/wp-content\/uploads\/sites\/5\/2025\/05\/lar-Islam-muslimer-att-hata-icke-troende.pdf J\u00e4mst\u00e4lldhet mellan k\u00f6nen inom Islam https:\/\/www.ahmadiyya-islam.org\/se\/wp-content\/uploads\/sites\/5\/2025\/05\/jamstalldhet-mellan-konen-inom-Islam.pdf\" \/>\n<meta property=\"og:url\" content=\"https:\/\/www.ahmadiyya-islam.org\/se\/medlem\/articles-of-faith\/\" \/>\n<meta property=\"og:site_name\" content=\"Islams Ahmadiyya F\u00f6rsamling\" \/>\n<meta name=\"twitter:card\" content=\"summary_large_image\" \/>\n<meta name=\"twitter:label1\" content=\"Ber\u00e4knad l\u00e4stid\" \/>\n\t<meta name=\"twitter:data1\" content=\"1 minut\" \/>\n<script type=\"application\/ld+json\" class=\"yoast-schema-graph\">{\"@context\":\"https:\\\/\\\/schema.org\",\"@graph\":[{\"@type\":\"WebPage\",\"@id\":\"https:\\\/\\\/www.ahmadiyya-islam.org\\\/se\\\/medlem\\\/articles-of-faith\\\/\",\"url\":\"https:\\\/\\\/www.ahmadiyya-islam.org\\\/se\\\/medlem\\\/articles-of-faith\\\/\",\"name\":\"Articles of Faith - Islams Ahmadiyya F\u00f6rsamling\",\"isPartOf\":{\"@id\":\"https:\\\/\\\/www.ahmadiyya-islam.org\\\/se\\\/#website\"},\"datePublished\":\"2025-05-31T07:11:52+00:00\",\"breadcrumb\":{\"@id\":\"https:\\\/\\\/www.ahmadiyya-islam.org\\\/se\\\/medlem\\\/articles-of-faith\\\/#breadcrumb\"},\"inLanguage\":\"sv-SE\",\"potentialAction\":[{\"@type\":\"ReadAction\",\"target\":[\"https:\\\/\\\/www.ahmadiyya-islam.org\\\/se\\\/medlem\\\/articles-of-faith\\\/\"]}]},{\"@type\":\"BreadcrumbList\",\"@id\":\"https:\\\/\\\/www.ahmadiyya-islam.org\\\/se\\\/medlem\\\/articles-of-faith\\\/#breadcrumb\",\"itemListElement\":[{\"@type\":\"ListItem\",\"position\":1,\"name\":\"Home\",\"item\":\"https:\\\/\\\/www.ahmadiyya-islam.org\\\/se\\\/\"},{\"@type\":\"ListItem\",\"position\":2,\"name\":\"Medlem\",\"item\":\"https:\\\/\\\/www.ahmadiyya-islam.org\\\/se\\\/medlem\\\/\"},{\"@type\":\"ListItem\",\"position\":3,\"name\":\"Articles of Faith\"}]},{\"@type\":\"WebSite\",\"@id\":\"https:\\\/\\\/www.ahmadiyya-islam.org\\\/se\\\/#website\",\"url\":\"https:\\\/\\\/www.ahmadiyya-islam.org\\\/se\\\/\",\"name\":\"Islams Ahmadiyya F\u00f6rsamling\",\"description\":\"Sverige\",\"potentialAction\":[{\"@type\":\"SearchAction\",\"target\":{\"@type\":\"EntryPoint\",\"urlTemplate\":\"https:\\\/\\\/www.ahmadiyya-islam.org\\\/se\\\/?s={search_term_string}\"},\"query-input\":{\"@type\":\"PropertyValueSpecification\",\"valueRequired\":true,\"valueName\":\"search_term_string\"}}],\"inLanguage\":\"sv-SE\"}]}<\/script>\n<!-- \/ Yoast SEO Premium plugin. -->","yoast_head_json":{"title":"Articles of Faith - Islams Ahmadiyya F\u00f6rsamling","robots":{"index":"index","follow":"follow","max-snippet":"max-snippet:-1","max-image-preview":"max-image-preview:large","max-video-preview":"max-video-preview:-1"},"canonical":"https:\/\/www.ahmadiyya-islam.org\/se\/medlem\/articles-of-faith\/","og_locale":"sv_SE","og_type":"article","og_title":"Articles of Faith","og_description":"Den sanna Islam https:\/\/www.ahmadiyya-islam.org\/se\/wp-content\/uploads\/sites\/5\/2025\/05\/den-sanna-Islam.pdf Tre Principer Som N\u00e4mns i den Heliga Qur\u2019anen \u00c4r Vetenskapens Grundl\u00e4ggande Fundament https:\/\/www.ahmadiyya-islam.org\/se\/wp-content\/uploads\/sites\/5\/2025\/05\/tre-principer-som-namns-i-den-heliga-koranen-ar-vetenskapens-grundlaggande-bas.pdf Nyckeln till framg\u00e5ng https:\/\/www.ahmadiyya-islam.org\/se\/wp-content\/uploads\/sites\/5\/2025\/05\/nyckeln-till-framgang-.pdf L\u00e4r Islam muslimer att hata icke-troende? https:\/\/www.ahmadiyya-islam.org\/se\/wp-content\/uploads\/sites\/5\/2025\/05\/lar-Islam-muslimer-att-hata-icke-troende.pdf J\u00e4mst\u00e4lldhet mellan k\u00f6nen inom Islam https:\/\/www.ahmadiyya-islam.org\/se\/wp-content\/uploads\/sites\/5\/2025\/05\/jamstalldhet-mellan-konen-inom-Islam.pdf","og_url":"https:\/\/www.ahmadiyya-islam.org\/se\/medlem\/articles-of-faith\/","og_site_name":"Islams Ahmadiyya F\u00f6rsamling","twitter_card":"summary_large_image","twitter_misc":{"Ber\u00e4knad l\u00e4stid":"1 minut"},"schema":{"@context":"https:\/\/schema.org","@graph":[{"@type":"WebPage","@id":"https:\/\/www.ahmadiyya-islam.org\/se\/medlem\/articles-of-faith\/","url":"https:\/\/www.ahmadiyya-islam.org\/se\/medlem\/articles-of-faith\/","name":"Articles of Faith - Islams Ahmadiyya F\u00f6rsamling","isPartOf":{"@id":"https:\/\/www.ahmadiyya-islam.org\/se\/#website"},"datePublished":"2025-05-31T07:11:52+00:00","breadcrumb":{"@id":"https:\/\/www.ahmadiyya-islam.org\/se\/medlem\/articles-of-faith\/#breadcrumb"},"inLanguage":"sv-SE","potentialAction":[{"@type":"ReadAction","target":["https:\/\/www.ahmadiyya-islam.org\/se\/medlem\/articles-of-faith\/"]}]},{"@type":"BreadcrumbList","@id":"https:\/\/www.ahmadiyya-islam.org\/se\/medlem\/articles-of-faith\/#breadcrumb","itemListElement":[{"@type":"ListItem","position":1,"name":"Home","item":"https:\/\/www.ahmadiyya-islam.org\/se\/"},{"@type":"ListItem","position":2,"name":"Medlem","item":"https:\/\/www.ahmadiyya-islam.org\/se\/medlem\/"},{"@type":"ListItem","position":3,"name":"Articles of Faith"}]},{"@type":"WebSite","@id":"https:\/\/www.ahmadiyya-islam.org\/se\/#website","url":"https:\/\/www.ahmadiyya-islam.org\/se\/","name":"Islams Ahmadiyya F\u00f6rsamling","description":"Sverige","potentialAction":[{"@type":"SearchAction","target":{"@type":"EntryPoint","urlTemplate":"https:\/\/www.ahmadiyya-islam.org\/se\/?s={search_term_string}"},"query-input":{"@type":"PropertyValueSpecification","valueRequired":true,"valueName":"search_term_string"}}],"inLanguage":"sv-SE"}]}},"_links":{"self":[{"href":"https:\/\/www.ahmadiyya-islam.org\/se\/wp-json\/wp\/v2\/pages\/3846","targetHints":{"allow":["GET"]}}],"collection":[{"href":"https:\/\/www.ahmadiyya-islam.org\/se\/wp-json\/wp\/v2\/pages"}],"about":[{"href":"https:\/\/www.ahmadiyya-islam.org\/se\/wp-json\/wp\/v2\/types\/page"}],"author":[{"embeddable":true,"href":"https:\/\/www.ahmadiyya-islam.org\/se\/wp-json\/wp\/v2\/users\/13"}],"replies":[{"embeddable":true,"href":"https:\/\/www.ahmadiyya-islam.org\/se\/wp-json\/wp\/v2\/comments?post=3846"}],"version-history":[{"count":1,"href":"https:\/\/www.ahmadiyya-islam.org\/se\/wp-json\/wp\/v2\/pages\/3846\/revisions"}],"predecessor-version":[{"id":3853,"href":"https:\/\/www.ahmadiyya-islam.org\/se\/wp-json\/wp\/v2\/pages\/3846\/revisions\/3853"}],"up":[{"embeddable":true,"href":"https:\/\/www.ahmadiyya-islam.org\/se\/wp-json\/wp\/v2\/pages\/2046"}],"wp:attachment":[{"href":"https:\/\/www.ahmadiyya-islam.org\/se\/wp-json\/wp\/v2\/media?parent=3846"}],"curies":[{"name":"wp","href":"https:\/\/api.w.org\/{rel}","templated":true}]}}