{"id":3744,"date":"2024-12-13T02:56:28","date_gmt":"2024-12-13T02:56:28","guid":{"rendered":"https:\/\/www.ahmadiyya-islam.org\/se\/?page_id=3744"},"modified":"2024-12-25T15:50:57","modified_gmt":"2024-12-25T15:50:57","slug":"nodsituation","status":"publish","type":"page","link":"https:\/\/www.ahmadiyya-islam.org\/se\/medlem\/nodsituation\/","title":{"rendered":"N\u00f6dsituation"},"content":{"rendered":"<h2>Huzoor e Anwars (aa) instruktion p\u00e5 svenska<\/h2>\n<p><a href=\"https:\/\/www.ahmadiyya-islam.org\/se\/wp-content\/uploads\/sites\/5\/2024\/12\/Huzoor-e-Anwars-aa-instruktion-pa-Svenska-v2.pdf\">Huzoor-e-Anwars-aa-instruktion-pa-svenska.pdf<\/a><\/p>\n<h2>Lista p\u00e5 f\u00f6reslagna f\u00f6rn\u00f6denheter<\/h2>\n<p><a href=\"https:\/\/www.ahmadiyya-islam.org\/se\/wp-content\/uploads\/sites\/5\/2024\/12\/lista-pa-rekommenderade-fornodenheter-v2.pdf\">lista-pa\u030a-fo\u0308reslagna-fo\u0308rno\u0308denheter<\/a><\/p>\n<p><a href=\"https:\/\/www.ahmadiyya-islam.org\/se\/wp-content\/uploads\/sites\/5\/2024\/12\/vatten-water.pdf\">Vatten &#8211; Water<\/a><\/p>\n<p><a href=\"https:\/\/www.ahmadiyya-islam.org\/se\/wp-content\/uploads\/sites\/5\/2024\/12\/forslag-suggestion-sovsackar-och-talt.pdf\">forslag-sovsackar-och-talt<\/a><\/p>\n<h2>Huzoor e Anwars (aa) instruction in English<\/h2>\n<p><a href=\"https:\/\/www.ahmadiyya-islam.org\/se\/wp-content\/uploads\/sites\/5\/2024\/12\/Huzoor-e-Anwars-aa-instruction-in-english-v2.pdf\">Huzoor-e-Anwars-aa-instruction-in-English.pdf<\/a><\/p>\n<h2>List of suggested supplies<\/h2>\n<p><a href=\"https:\/\/www.ahmadiyya-islam.org\/se\/wp-content\/uploads\/sites\/5\/2024\/12\/list-of-suggested-supplies-v2.pdf\">list-of-suggested-supplies.pdf\u00a0<\/a><\/p>\n<h2>Information l\u00e4mnas av svenska myndigheter<\/h2>\n<p><a href=\"https:\/\/www.ahmadiyya-islam.org\/se\/wp-content\/uploads\/sites\/5\/2024\/12\/Om-krisen.-svenska.pdf\">Om krisen eller kriget kommer<\/a><\/p>\n<p><a href=\"https:\/\/www.ahmadiyya-islam.org\/se\/wp-content\/uploads\/sites\/5\/2024\/12\/In-case.-english.pdf\">In Case of Crisis of War<\/a><\/p>\n","protected":false},"excerpt":{"rendered":"<p>Huzoor e Anwars (aa) instruktion p\u00e5 svenska Huzoor-e-Anwars-aa-instruktion-pa-svenska.pdf Lista p\u00e5 f\u00f6reslagna f\u00f6rn\u00f6denheter lista-pa\u030a-fo\u0308reslagna-fo\u0308rno\u0308denheter Vatten &#8211; Water forslag-sovsackar-och-talt Huzoor e Anwars (aa) instruction in English Huzoor-e-Anwars-aa-instruction-in-English.pdf List of suggested supplies list-of-suggested-supplies.pdf\u00a0 Information l\u00e4mnas av svenska myndigheter Om krisen eller kriget kommer In Case of Crisis of War<\/p>\n","protected":false},"author":13,"featured_media":0,"parent":2046,"menu_order":20,"comment_status":"closed","ping_status":"closed","template":"","meta":{"_acf_changed":false,"footnotes":""},"class_list":["post-3744","page","type-page","status-publish","hentry"],"acf":[],"yoast_head":"<!-- This site is optimized with the Yoast SEO Premium plugin v21.1 (Yoast SEO v27.4) - https:\/\/yoast.com\/product\/yoast-seo-premium-wordpress\/ -->\n<title>N\u00f6dsituation - Islams Ahmadiyya F\u00f6rsamling<\/title>\n<meta name=\"robots\" content=\"index, follow, max-snippet:-1, max-image-preview:large, max-video-preview:-1\" \/>\n<link rel=\"canonical\" href=\"https:\/\/www.ahmadiyya-islam.org\/se\/medlem\/nodsituation\/\" \/>\n<meta property=\"og:locale\" content=\"sv_SE\" \/>\n<meta property=\"og:type\" content=\"article\" \/>\n<meta property=\"og:title\" content=\"N\u00f6dsituation\" \/>\n<meta property=\"og:description\" content=\"Huzoor e Anwars (aa) instruktion p\u00e5 svenska Huzoor-e-Anwars-aa-instruktion-pa-svenska.pdf Lista p\u00e5 f\u00f6reslagna f\u00f6rn\u00f6denheter lista-pa\u030a-fo\u0308reslagna-fo\u0308rno\u0308denheter Vatten &#8211; Water forslag-sovsackar-och-talt Huzoor e Anwars (aa) instruction in English Huzoor-e-Anwars-aa-instruction-in-English.pdf List of suggested supplies list-of-suggested-supplies.pdf\u00a0 Information l\u00e4mnas av svenska myndigheter Om krisen eller kriget kommer In Case of Crisis of War\" \/>\n<meta property=\"og:url\" content=\"https:\/\/www.ahmadiyya-islam.org\/se\/medlem\/nodsituation\/\" \/>\n<meta property=\"og:site_name\" content=\"Islams Ahmadiyya F\u00f6rsamling\" \/>\n<meta property=\"article:modified_time\" content=\"2024-12-25T15:50:57+00:00\" \/>\n<meta name=\"twitter:card\" content=\"summary_large_image\" \/>\n<meta name=\"twitter:label1\" content=\"Ber\u00e4knad l\u00e4stid\" \/>\n\t<meta name=\"twitter:data1\" content=\"1 minut\" \/>\n<script type=\"application\/ld+json\" class=\"yoast-schema-graph\">{\"@context\":\"https:\\\/\\\/schema.org\",\"@graph\":[{\"@type\":\"WebPage\",\"@id\":\"https:\\\/\\\/www.ahmadiyya-islam.org\\\/se\\\/medlem\\\/nodsituation\\\/\",\"url\":\"https:\\\/\\\/www.ahmadiyya-islam.org\\\/se\\\/medlem\\\/nodsituation\\\/\",\"name\":\"N\u00f6dsituation - Islams Ahmadiyya F\u00f6rsamling\",\"isPartOf\":{\"@id\":\"https:\\\/\\\/www.ahmadiyya-islam.org\\\/se\\\/#website\"},\"datePublished\":\"2024-12-13T02:56:28+00:00\",\"dateModified\":\"2024-12-25T15:50:57+00:00\",\"breadcrumb\":{\"@id\":\"https:\\\/\\\/www.ahmadiyya-islam.org\\\/se\\\/medlem\\\/nodsituation\\\/#breadcrumb\"},\"inLanguage\":\"sv-SE\",\"potentialAction\":[{\"@type\":\"ReadAction\",\"target\":[\"https:\\\/\\\/www.ahmadiyya-islam.org\\\/se\\\/medlem\\\/nodsituation\\\/\"]}]},{\"@type\":\"BreadcrumbList\",\"@id\":\"https:\\\/\\\/www.ahmadiyya-islam.org\\\/se\\\/medlem\\\/nodsituation\\\/#breadcrumb\",\"itemListElement\":[{\"@type\":\"ListItem\",\"position\":1,\"name\":\"Home\",\"item\":\"https:\\\/\\\/www.ahmadiyya-islam.org\\\/se\\\/\"},{\"@type\":\"ListItem\",\"position\":2,\"name\":\"Medlem\",\"item\":\"https:\\\/\\\/www.ahmadiyya-islam.org\\\/se\\\/medlem\\\/\"},{\"@type\":\"ListItem\",\"position\":3,\"name\":\"N\u00f6dsituation\"}]},{\"@type\":\"WebSite\",\"@id\":\"https:\\\/\\\/www.ahmadiyya-islam.org\\\/se\\\/#website\",\"url\":\"https:\\\/\\\/www.ahmadiyya-islam.org\\\/se\\\/\",\"name\":\"Islams Ahmadiyya F\u00f6rsamling\",\"description\":\"Sverige\",\"potentialAction\":[{\"@type\":\"SearchAction\",\"target\":{\"@type\":\"EntryPoint\",\"urlTemplate\":\"https:\\\/\\\/www.ahmadiyya-islam.org\\\/se\\\/?s={search_term_string}\"},\"query-input\":{\"@type\":\"PropertyValueSpecification\",\"valueRequired\":true,\"valueName\":\"search_term_string\"}}],\"inLanguage\":\"sv-SE\"}]}<\/script>\n<!-- \/ Yoast SEO Premium plugin. -->","yoast_head_json":{"title":"N\u00f6dsituation - Islams Ahmadiyya F\u00f6rsamling","robots":{"index":"index","follow":"follow","max-snippet":"max-snippet:-1","max-image-preview":"max-image-preview:large","max-video-preview":"max-video-preview:-1"},"canonical":"https:\/\/www.ahmadiyya-islam.org\/se\/medlem\/nodsituation\/","og_locale":"sv_SE","og_type":"article","og_title":"N\u00f6dsituation","og_description":"Huzoor e Anwars (aa) instruktion p\u00e5 svenska Huzoor-e-Anwars-aa-instruktion-pa-svenska.pdf Lista p\u00e5 f\u00f6reslagna f\u00f6rn\u00f6denheter lista-pa\u030a-fo\u0308reslagna-fo\u0308rno\u0308denheter Vatten &#8211; Water forslag-sovsackar-och-talt Huzoor e Anwars (aa) instruction in English Huzoor-e-Anwars-aa-instruction-in-English.pdf List of suggested supplies list-of-suggested-supplies.pdf\u00a0 Information l\u00e4mnas av svenska myndigheter Om krisen eller kriget kommer In Case of Crisis of War","og_url":"https:\/\/www.ahmadiyya-islam.org\/se\/medlem\/nodsituation\/","og_site_name":"Islams Ahmadiyya F\u00f6rsamling","article_modified_time":"2024-12-25T15:50:57+00:00","twitter_card":"summary_large_image","twitter_misc":{"Ber\u00e4knad l\u00e4stid":"1 minut"},"schema":{"@context":"https:\/\/schema.org","@graph":[{"@type":"WebPage","@id":"https:\/\/www.ahmadiyya-islam.org\/se\/medlem\/nodsituation\/","url":"https:\/\/www.ahmadiyya-islam.org\/se\/medlem\/nodsituation\/","name":"N\u00f6dsituation - Islams Ahmadiyya F\u00f6rsamling","isPartOf":{"@id":"https:\/\/www.ahmadiyya-islam.org\/se\/#website"},"datePublished":"2024-12-13T02:56:28+00:00","dateModified":"2024-12-25T15:50:57+00:00","breadcrumb":{"@id":"https:\/\/www.ahmadiyya-islam.org\/se\/medlem\/nodsituation\/#breadcrumb"},"inLanguage":"sv-SE","potentialAction":[{"@type":"ReadAction","target":["https:\/\/www.ahmadiyya-islam.org\/se\/medlem\/nodsituation\/"]}]},{"@type":"BreadcrumbList","@id":"https:\/\/www.ahmadiyya-islam.org\/se\/medlem\/nodsituation\/#breadcrumb","itemListElement":[{"@type":"ListItem","position":1,"name":"Home","item":"https:\/\/www.ahmadiyya-islam.org\/se\/"},{"@type":"ListItem","position":2,"name":"Medlem","item":"https:\/\/www.ahmadiyya-islam.org\/se\/medlem\/"},{"@type":"ListItem","position":3,"name":"N\u00f6dsituation"}]},{"@type":"WebSite","@id":"https:\/\/www.ahmadiyya-islam.org\/se\/#website","url":"https:\/\/www.ahmadiyya-islam.org\/se\/","name":"Islams Ahmadiyya F\u00f6rsamling","description":"Sverige","potentialAction":[{"@type":"SearchAction","target":{"@type":"EntryPoint","urlTemplate":"https:\/\/www.ahmadiyya-islam.org\/se\/?s={search_term_string}"},"query-input":{"@type":"PropertyValueSpecification","valueRequired":true,"valueName":"search_term_string"}}],"inLanguage":"sv-SE"}]}},"_links":{"self":[{"href":"https:\/\/www.ahmadiyya-islam.org\/se\/wp-json\/wp\/v2\/pages\/3744","targetHints":{"allow":["GET"]}}],"collection":[{"href":"https:\/\/www.ahmadiyya-islam.org\/se\/wp-json\/wp\/v2\/pages"}],"about":[{"href":"https:\/\/www.ahmadiyya-islam.org\/se\/wp-json\/wp\/v2\/types\/page"}],"author":[{"embeddable":true,"href":"https:\/\/www.ahmadiyya-islam.org\/se\/wp-json\/wp\/v2\/users\/13"}],"replies":[{"embeddable":true,"href":"https:\/\/www.ahmadiyya-islam.org\/se\/wp-json\/wp\/v2\/comments?post=3744"}],"version-history":[{"count":2,"href":"https:\/\/www.ahmadiyya-islam.org\/se\/wp-json\/wp\/v2\/pages\/3744\/revisions"}],"predecessor-version":[{"id":3776,"href":"https:\/\/www.ahmadiyya-islam.org\/se\/wp-json\/wp\/v2\/pages\/3744\/revisions\/3776"}],"up":[{"embeddable":true,"href":"https:\/\/www.ahmadiyya-islam.org\/se\/wp-json\/wp\/v2\/pages\/2046"}],"wp:attachment":[{"href":"https:\/\/www.ahmadiyya-islam.org\/se\/wp-json\/wp\/v2\/media?parent=3744"}],"curies":[{"name":"wp","href":"https:\/\/api.w.org\/{rel}","templated":true}]}}