{"id":3725,"date":"2024-10-19T07:59:56","date_gmt":"2024-10-19T07:59:56","guid":{"rendered":"https:\/\/www.ahmadiyya-islam.org\/se\/?page_id=3725"},"modified":"2024-10-26T09:28:38","modified_gmt":"2024-10-26T09:28:38","slug":"aims-registration","status":"publish","type":"page","link":"https:\/\/www.ahmadiyya-islam.org\/se\/medlem\/aims-registration\/","title":{"rendered":"Aims Registration"},"content":{"rendered":"<p><b>Registration Process Overview:<\/b><\/p>\n<p>To begin Tajneed registration, please contact the National General Secretary\u00a0department\u00a0by sending an email at\u00a0<a href=\"mailto:gen.sec@ahmadiyya.se\" target=\"_blank\" rel=\"noopener\">gen.sec@ahmadiyya.se<\/a>. You will then receive two Tajneed forms:<\/p>\n<ol>\n<li>Verification form<\/li>\n<li>Registration\/AIMS form<\/li>\n<\/ol>\n<p>You can fill out these forms either using PDF editing software or by hand. If completing by hand, please scan and email the forms back to\u00a0<a href=\"mailto:gen.sec@ahmadiyya.se\" target=\"_blank\" rel=\"noopener\">gen.sec@ahmadiyya.se<\/a><\/p>\n<p><b>Important Note:\u00a0<\/b><\/p>\n<p><b>\u00a0<\/b>Please remember to attach a recent photo to the Verification Form (mandatory). When submitting the forms, please ensure that all required fields in both forms are completed. Both forms must be submitted for the verification process to begin.<\/p>\n<p><b>How long does the <\/b><b>verification process take?<\/b><\/p>\n<p>The time required for verification can vary depending on the country of origin, typically taking between 1-3 months. In some rare cases, it may take longer, potentially more than 6 months. We send regular reminders regarding pending cases as needed.<\/p>\n<p><b>What happens after <\/b><b>verification is completed?<\/b><\/p>\n<p>Once the Tajneed verification is completed, you will receive an email or SMS notification with your AIMS number once the process is complete.<\/p>\n","protected":false},"excerpt":{"rendered":"<p>Registration Process Overview: To begin Tajneed registration, please contact the National General Secretary\u00a0department\u00a0by sending an email at\u00a0gen.sec@ahmadiyya.se. You will then receive two Tajneed forms: Verification form Registration\/AIMS form You can fill out these forms either using PDF editing software or by hand. If completing by hand, please scan and email the forms back to\u00a0gen.sec@ahmadiyya.se Important<\/p>\n","protected":false},"author":13,"featured_media":0,"parent":2046,"menu_order":19,"comment_status":"closed","ping_status":"closed","template":"","meta":{"_acf_changed":false,"footnotes":""},"class_list":["post-3725","page","type-page","status-publish","hentry"],"acf":[],"yoast_head":"<!-- This site is optimized with the Yoast SEO Premium plugin v21.1 (Yoast SEO v27.4) - https:\/\/yoast.com\/product\/yoast-seo-premium-wordpress\/ -->\n<title>Aims Registration - Islams Ahmadiyya F\u00f6rsamling<\/title>\n<meta name=\"robots\" content=\"index, follow, max-snippet:-1, max-image-preview:large, max-video-preview:-1\" \/>\n<link rel=\"canonical\" href=\"https:\/\/www.ahmadiyya-islam.org\/se\/medlem\/aims-registration\/\" \/>\n<meta property=\"og:locale\" content=\"sv_SE\" \/>\n<meta property=\"og:type\" content=\"article\" \/>\n<meta property=\"og:title\" content=\"Aims Registration\" \/>\n<meta property=\"og:description\" content=\"Registration Process Overview: To begin Tajneed registration, please contact the National General Secretary\u00a0department\u00a0by sending an email at\u00a0gen.sec@ahmadiyya.se. You will then receive two Tajneed forms: Verification form Registration\/AIMS form You can fill out these forms either using PDF editing software or by hand. If completing by hand, please scan and email the forms back to\u00a0gen.sec@ahmadiyya.se Important\" \/>\n<meta property=\"og:url\" content=\"https:\/\/www.ahmadiyya-islam.org\/se\/medlem\/aims-registration\/\" \/>\n<meta property=\"og:site_name\" content=\"Islams Ahmadiyya F\u00f6rsamling\" \/>\n<meta property=\"article:modified_time\" content=\"2024-10-26T09:28:38+00:00\" \/>\n<meta name=\"twitter:card\" content=\"summary_large_image\" \/>\n<meta name=\"twitter:label1\" content=\"Ber\u00e4knad l\u00e4stid\" \/>\n\t<meta name=\"twitter:data1\" content=\"1 minut\" \/>\n<script type=\"application\/ld+json\" class=\"yoast-schema-graph\">{\"@context\":\"https:\\\/\\\/schema.org\",\"@graph\":[{\"@type\":\"WebPage\",\"@id\":\"https:\\\/\\\/www.ahmadiyya-islam.org\\\/se\\\/medlem\\\/aims-registration\\\/\",\"url\":\"https:\\\/\\\/www.ahmadiyya-islam.org\\\/se\\\/medlem\\\/aims-registration\\\/\",\"name\":\"Aims Registration - Islams Ahmadiyya F\u00f6rsamling\",\"isPartOf\":{\"@id\":\"https:\\\/\\\/www.ahmadiyya-islam.org\\\/se\\\/#website\"},\"datePublished\":\"2024-10-19T07:59:56+00:00\",\"dateModified\":\"2024-10-26T09:28:38+00:00\",\"breadcrumb\":{\"@id\":\"https:\\\/\\\/www.ahmadiyya-islam.org\\\/se\\\/medlem\\\/aims-registration\\\/#breadcrumb\"},\"inLanguage\":\"sv-SE\",\"potentialAction\":[{\"@type\":\"ReadAction\",\"target\":[\"https:\\\/\\\/www.ahmadiyya-islam.org\\\/se\\\/medlem\\\/aims-registration\\\/\"]}]},{\"@type\":\"BreadcrumbList\",\"@id\":\"https:\\\/\\\/www.ahmadiyya-islam.org\\\/se\\\/medlem\\\/aims-registration\\\/#breadcrumb\",\"itemListElement\":[{\"@type\":\"ListItem\",\"position\":1,\"name\":\"Home\",\"item\":\"https:\\\/\\\/www.ahmadiyya-islam.org\\\/se\\\/\"},{\"@type\":\"ListItem\",\"position\":2,\"name\":\"Medlem\",\"item\":\"https:\\\/\\\/www.ahmadiyya-islam.org\\\/se\\\/medlem\\\/\"},{\"@type\":\"ListItem\",\"position\":3,\"name\":\"Aims Registration\"}]},{\"@type\":\"WebSite\",\"@id\":\"https:\\\/\\\/www.ahmadiyya-islam.org\\\/se\\\/#website\",\"url\":\"https:\\\/\\\/www.ahmadiyya-islam.org\\\/se\\\/\",\"name\":\"Islams Ahmadiyya F\u00f6rsamling\",\"description\":\"Sverige\",\"potentialAction\":[{\"@type\":\"SearchAction\",\"target\":{\"@type\":\"EntryPoint\",\"urlTemplate\":\"https:\\\/\\\/www.ahmadiyya-islam.org\\\/se\\\/?s={search_term_string}\"},\"query-input\":{\"@type\":\"PropertyValueSpecification\",\"valueRequired\":true,\"valueName\":\"search_term_string\"}}],\"inLanguage\":\"sv-SE\"}]}<\/script>\n<!-- \/ Yoast SEO Premium plugin. -->","yoast_head_json":{"title":"Aims Registration - Islams Ahmadiyya F\u00f6rsamling","robots":{"index":"index","follow":"follow","max-snippet":"max-snippet:-1","max-image-preview":"max-image-preview:large","max-video-preview":"max-video-preview:-1"},"canonical":"https:\/\/www.ahmadiyya-islam.org\/se\/medlem\/aims-registration\/","og_locale":"sv_SE","og_type":"article","og_title":"Aims Registration","og_description":"Registration Process Overview: To begin Tajneed registration, please contact the National General Secretary\u00a0department\u00a0by sending an email at\u00a0gen.sec@ahmadiyya.se. You will then receive two Tajneed forms: Verification form Registration\/AIMS form You can fill out these forms either using PDF editing software or by hand. If completing by hand, please scan and email the forms back to\u00a0gen.sec@ahmadiyya.se Important","og_url":"https:\/\/www.ahmadiyya-islam.org\/se\/medlem\/aims-registration\/","og_site_name":"Islams Ahmadiyya F\u00f6rsamling","article_modified_time":"2024-10-26T09:28:38+00:00","twitter_card":"summary_large_image","twitter_misc":{"Ber\u00e4knad l\u00e4stid":"1 minut"},"schema":{"@context":"https:\/\/schema.org","@graph":[{"@type":"WebPage","@id":"https:\/\/www.ahmadiyya-islam.org\/se\/medlem\/aims-registration\/","url":"https:\/\/www.ahmadiyya-islam.org\/se\/medlem\/aims-registration\/","name":"Aims Registration - Islams Ahmadiyya F\u00f6rsamling","isPartOf":{"@id":"https:\/\/www.ahmadiyya-islam.org\/se\/#website"},"datePublished":"2024-10-19T07:59:56+00:00","dateModified":"2024-10-26T09:28:38+00:00","breadcrumb":{"@id":"https:\/\/www.ahmadiyya-islam.org\/se\/medlem\/aims-registration\/#breadcrumb"},"inLanguage":"sv-SE","potentialAction":[{"@type":"ReadAction","target":["https:\/\/www.ahmadiyya-islam.org\/se\/medlem\/aims-registration\/"]}]},{"@type":"BreadcrumbList","@id":"https:\/\/www.ahmadiyya-islam.org\/se\/medlem\/aims-registration\/#breadcrumb","itemListElement":[{"@type":"ListItem","position":1,"name":"Home","item":"https:\/\/www.ahmadiyya-islam.org\/se\/"},{"@type":"ListItem","position":2,"name":"Medlem","item":"https:\/\/www.ahmadiyya-islam.org\/se\/medlem\/"},{"@type":"ListItem","position":3,"name":"Aims Registration"}]},{"@type":"WebSite","@id":"https:\/\/www.ahmadiyya-islam.org\/se\/#website","url":"https:\/\/www.ahmadiyya-islam.org\/se\/","name":"Islams Ahmadiyya F\u00f6rsamling","description":"Sverige","potentialAction":[{"@type":"SearchAction","target":{"@type":"EntryPoint","urlTemplate":"https:\/\/www.ahmadiyya-islam.org\/se\/?s={search_term_string}"},"query-input":{"@type":"PropertyValueSpecification","valueRequired":true,"valueName":"search_term_string"}}],"inLanguage":"sv-SE"}]}},"_links":{"self":[{"href":"https:\/\/www.ahmadiyya-islam.org\/se\/wp-json\/wp\/v2\/pages\/3725","targetHints":{"allow":["GET"]}}],"collection":[{"href":"https:\/\/www.ahmadiyya-islam.org\/se\/wp-json\/wp\/v2\/pages"}],"about":[{"href":"https:\/\/www.ahmadiyya-islam.org\/se\/wp-json\/wp\/v2\/types\/page"}],"author":[{"embeddable":true,"href":"https:\/\/www.ahmadiyya-islam.org\/se\/wp-json\/wp\/v2\/users\/13"}],"replies":[{"embeddable":true,"href":"https:\/\/www.ahmadiyya-islam.org\/se\/wp-json\/wp\/v2\/comments?post=3725"}],"version-history":[{"count":1,"href":"https:\/\/www.ahmadiyya-islam.org\/se\/wp-json\/wp\/v2\/pages\/3725\/revisions"}],"predecessor-version":[{"id":3730,"href":"https:\/\/www.ahmadiyya-islam.org\/se\/wp-json\/wp\/v2\/pages\/3725\/revisions\/3730"}],"up":[{"embeddable":true,"href":"https:\/\/www.ahmadiyya-islam.org\/se\/wp-json\/wp\/v2\/pages\/2046"}],"wp:attachment":[{"href":"https:\/\/www.ahmadiyya-islam.org\/se\/wp-json\/wp\/v2\/media?parent=3725"}],"curies":[{"name":"wp","href":"https:\/\/api.w.org\/{rel}","templated":true}]}}