{"id":3679,"date":"2024-07-21T11:35:37","date_gmt":"2024-07-21T11:35:37","guid":{"rendered":"https:\/\/www.ahmadiyya-islam.org\/se\/?page_id=3679"},"modified":"2025-04-28T13:49:33","modified_gmt":"2025-04-28T13:49:33","slug":"friday-sermon-summary-swedish-translation","status":"publish","type":"page","link":"https:\/\/www.ahmadiyya-islam.org\/se\/medlem\/friday-sermon-summary-swedish-translation\/","title":{"rendered":"Fredagspredikan Sammanfattning- Text och ljudinspelning"},"content":{"rendered":"<h4>Ljudinspelning av fredagspredikan\u00a0sammanfattningen \u00e4r\u00a0tillg\u00e4nglig p\u00e5\u00a0Spotify\u00a0och Apple podcasts<\/h4>\n<p><a href=\"https:\/\/open.spotify.com\/show\/6n2EjxXxWtJRE7QsZSH6l8?si=LAjhQeFZRsmSZfKxvpHrUQ&amp;nd=1&amp;dlsi=07a5eafbaff14474\" target=\"_blank\" rel=\"noopener\" data-saferedirecturl=\"https:\/\/www.google.com\/url?q=https:\/\/open.spotify.com\/show\/6n2EjxXxWtJRE7QsZSH6l8?si%3DLAjhQeFZRsmSZfKxvpHrUQ%26nd%3D1%26dlsi%3D07a5eafbaff14474&amp;source=gmail&amp;ust=1723662420063000&amp;usg=AOvVaw0AlqgG-pW6fWfi2Xt8iPXA\">Spotify Podcasts<\/a><\/p>\n<p><a href=\"https:\/\/podcasts.apple.com\/se\/podcast\/fredagspredikan-sammanfattning\/id1761559942\" target=\"_blank\" rel=\"noopener\" data-saferedirecturl=\"https:\/\/www.google.com\/url?q=https:\/\/podcasts.apple.com\/se\/podcast\/fredagspredikan-sammanfattning\/id1761559942&amp;source=gmail&amp;ust=1723662420063000&amp;usg=AOvVaw0h7lOBkZgnTqYTWcy7n4GA\">Apple Podcasts<\/a><\/p>\n<h2><strong>18 April 2025<\/strong><\/h2>\n<p><a href=\"https:\/\/www.ahmadiyya-islam.org\/se\/wp-content\/uploads\/sites\/5\/2025\/04\/sammanfattning-av-fredagspredikan-18-April-2025.pdf\">Sammanfattning-av-fredagens-predikan-18-april-2025-pdf<\/a><\/p>\n<h2><strong>11 April 2025<\/strong><\/h2>\n<p><a href=\"https:\/\/www.ahmadiyya-islam.org\/se\/wp-content\/uploads\/sites\/5\/2025\/04\/sammanfattning-av-fredagsbonen-11-April-2025.pdf\">Sammanfattning-av-fredagens-predikan-11-april-2025-pdf<\/a><\/p>\n<h2><strong>4 April 2025<\/strong><\/h2>\n<p><a href=\"https:\/\/www.ahmadiyya-islam.org\/se\/wp-content\/uploads\/sites\/5\/2025\/04\/sammanfattning-av-fredagsbonen-4-April-2025.pdf\">Sammanfattning-av-fredagens-predikan-4-april-2025-pdf<\/a><\/p>\n<h2><strong>21 Mars 2025<\/strong><\/h2>\n<p><a href=\"https:\/\/www.ahmadiyya-islam.org\/se\/wp-content\/uploads\/sites\/5\/2025\/03\/sammanfattning-av-fredagsbonen-21-mars-2025.pdf\">Sammanfattning-av-fredagens-predikan-21-mars-2025-pdf<\/a><\/p>\n<h2><strong>14 Mars 2025<\/strong><\/h2>\n<p><a href=\"https:\/\/www.ahmadiyya-islam.org\/se\/wp-content\/uploads\/sites\/5\/2025\/03\/sammanfattning-av-fredagsbonen-14-Mars-2025.pdf\">Sammanfattning-av-fredagens-predikan-14-mars-2025-pdf<\/a><\/p>\n<h2><strong>7 Mars 2025<\/strong><\/h2>\n<p><a href=\"https:\/\/www.ahmadiyya-islam.org\/se\/wp-content\/uploads\/sites\/5\/2025\/03\/sammanfattning-av-fredagsbonen-7-Mars-2025.pdf\">Sammanfattning-av-fredagens-predikan-7-mars-2025-pdf<\/a><\/p>\n<h2><strong>28 Februari 2025<\/strong><\/h2>\n<p><a href=\"https:\/\/www.ahmadiyya-islam.org\/se\/wp-content\/uploads\/sites\/5\/2025\/03\/sammanfattning-av-fredagsbonen-28-Februari-2025.pdf\">Sammanfattning-av-fredagens-predikan-28-februari-2025-pdf<\/a><\/p>\n<h2><strong>21 Februari 2025<\/strong><\/h2>\n<p><a href=\"https:\/\/www.ahmadiyya-islam.org\/se\/wp-content\/uploads\/sites\/5\/2025\/02\/sammanfattning-av-fredagsbonen-21-Februari-2025.pdf\">Sammanfattning-av-fredagens-predikan-21-februari-2025-pdf<\/a><\/p>\n<h2><strong>14 Februari 2025<\/strong><\/h2>\n<p><a href=\"https:\/\/www.ahmadiyya-islam.org\/se\/wp-content\/uploads\/sites\/5\/2025\/02\/sammanfattning-av-fredagsbonen-14-februari-2025.pdf\">Sammanfattning-av-fredagens-predikan-14-februari-2025-pdf<\/a><\/p>\n<h2><strong>7 Februari 2025<\/strong><\/h2>\n<p><a href=\"https:\/\/www.ahmadiyya-islam.org\/se\/wp-content\/uploads\/sites\/5\/2025\/02\/sammanfattning-av-fredagsbonen-7-februari-2025.pdf\">Sammanfattning-av-fredagens-predikan-7-februari-2025-pdf<\/a><\/p>\n<h2><strong>31 Januari 2025<\/strong><\/h2>\n<p><a href=\"https:\/\/www.ahmadiyya-islam.org\/se\/wp-content\/uploads\/sites\/5\/2025\/02\/sammanfattning-av-fredagens-predikan-31-januari-2025.pdf\">Sammanfattning-av-fredagens-predikan-31-januari-2025-pdf<\/a><\/p>\n<h2><strong>24 Januari 2025<\/strong><\/h2>\n<p><a href=\"https:\/\/www.ahmadiyya-islam.org\/se\/wp-content\/uploads\/sites\/5\/2025\/01\/sammanfattning-av-fredagens-predikan-24-januari-2025.pdf\">Sammanfattning-av-fredagens-predikan-24-januari-2025-pdf<\/a><\/p>\n<h2>17 Januari 2025<\/h2>\n<p><a href=\"https:\/\/www.ahmadiyya-islam.org\/se\/wp-content\/uploads\/sites\/5\/2025\/01\/sammanfattning-av-fredagens-predikan-17-januari-2025.pdf\">Sammanfattning-av-fredagens-predikan-17-januari-2025-pdf<\/a><\/p>\n<h2>10 Januari 2025<\/h2>\n<p><a href=\"https:\/\/www.ahmadiyya-islam.org\/se\/wp-content\/uploads\/sites\/5\/2025\/01\/sammanfattning-av-fredagens-predikan-10-januari-2025.pdf\">Sammanfattning-av-fredagens-predikan-10-januari-2025-pdf<\/a><\/p>\n<h2>3 Januari 2025<\/h2>\n<p><a href=\"https:\/\/www.ahmadiyya-islam.org\/se\/wp-content\/uploads\/sites\/5\/2025\/01\/sammanfattning-av-fredagsbonen-3-januari-2025.pdf\">Sammanfattning-av-fredagens-predikan-3-januari-2025-pdf<\/a><\/p>\n<h2>27 December 2024<\/h2>\n<p><a href=\"https:\/\/www.ahmadiyya-islam.org\/se\/wp-content\/uploads\/sites\/5\/2025\/01\/sammanfattning-av-fredagsbonen-27-december-2024.pdf\">Sammanfattning-av-fredagens-predikan-27-December-2024-pdf<\/a><\/p>\n<h2>6 December 2024<\/h2>\n<p><a href=\"https:\/\/www.ahmadiyya-islam.org\/se\/wp-content\/uploads\/sites\/5\/2024\/12\/sammanfattning-av-fredagspredikan-den-6-december-2024.pdf\">Sammanfattning-av-fredagens-predikan-6-December-2024-pdf<\/a><\/p>\n<h2>29 November 2024<\/h2>\n<p><a href=\"https:\/\/www.ahmadiyya-islam.org\/se\/wp-content\/uploads\/sites\/5\/2024\/12\/sammanfattning-av-fredagens-predikan-29-november-2024.pdf\">Sammanfattning-av-fredagens-predikan-29-november-2024-pdf<\/a><\/p>\n<h2>22 November 2024<\/h2>\n<p><a href=\"https:\/\/www.ahmadiyya-islam.org\/se\/wp-content\/uploads\/sites\/5\/2024\/11\/sammanfattning-av-fredagens-predikan-22-november-2024.pdf\">Sammanfattning-av-fredagens-predikan-22-november-2024-pdf<\/a><\/p>\n<h2>15 November 2024<\/h2>\n<p><a href=\"https:\/\/www.ahmadiyya-islam.org\/se\/wp-content\/uploads\/sites\/5\/2024\/11\/sammanfattning-av-fredagspredikan-15-november-2024.pdf\">Sammanfattning-av-fredagens-predikan-15-november-2024-pdf<\/a><\/p>\n<h2>8 November 2024<\/h2>\n<p><a href=\"https:\/\/www.ahmadiyya-islam.org\/se\/wp-content\/uploads\/sites\/5\/2024\/11\/sammanfattning-av-fredagspredikan-8-november-2024.pdf\">Sammanfattning-av-fredagens-predikan-8-november-2024-pdf<\/a><\/p>\n<h2>1 November 2024<\/h2>\n<p><a href=\"https:\/\/www.ahmadiyya-islam.org\/se\/wp-content\/uploads\/sites\/5\/2024\/11\/sammanfattning-av-fredagens-predikan-1-november-2024.pdf\">Sammanfattning-av-fredagens-predikan-1-november-2024-pdf<\/a><\/p>\n<h2>25 Oktober 2024<\/h2>\n<p><a href=\"https:\/\/www.ahmadiyya-islam.org\/se\/wp-content\/uploads\/sites\/5\/2024\/11\/sammanfattning-av-fredagens-predikan-25-oktober-2024.pdf\">Sammanfattning-av-fredagens-predikan-25-oktober-2024-pdf<\/a><\/p>\n<h2>18 Oktober 2024<\/h2>\n<p><a href=\"https:\/\/www.ahmadiyya-islam.org\/se\/wp-content\/uploads\/sites\/5\/2024\/10\/sammanfattning-av-fredagspredikan-18-oktober-2024.pdf\">Sammanfattning-av-fredagens-predikan-18-oktober-2024-pdf<\/a><\/p>\n<h2>11 Oktober 2024<\/h2>\n<p><a href=\"https:\/\/www.ahmadiyya-islam.org\/se\/wp-content\/uploads\/sites\/5\/2024\/10\/sammanfattning-av-fredagspredikan-11-oktober-2024.pdf\">Sammanfattning-av-fredagens-predikan-11-oktober-2024-pdf<\/a><\/p>\n<h2>4 Oktober 2024<\/h2>\n<p><a href=\"https:\/\/www.ahmadiyya-islam.org\/se\/wp-content\/uploads\/sites\/5\/2024\/10\/sammanfattning-av-fredagens-predikan-4-oktober-2024.pdf\">Sammanfattning-av-fredagens-predikan-4-oktober-2024-pdf<\/a><\/p>\n<h2>27 September 2024<\/h2>\n<p><a href=\"https:\/\/www.ahmadiyya-islam.org\/se\/wp-content\/uploads\/sites\/5\/2024\/10\/sammanfattning-av-fredagens-predikan-27-september-2024.pdf\">Sammanfattning-av-fredagens-predikan-27-september-2024-pdf<\/a><\/p>\n<h2>20 September 2024<\/h2>\n<p><a href=\"https:\/\/www.ahmadiyya-islam.org\/se\/wp-content\/uploads\/sites\/5\/2024\/10\/sammanfattning-av-fredagspredikan-20-september-2024.pdf\">Sammanfattning-av-fredagens-predikan-20-september-2024-pdf<\/a><\/p>\n<h2>13 September 2024<\/h2>\n<p><a href=\"https:\/\/www.ahmadiyya-islam.org\/se\/wp-content\/uploads\/sites\/5\/2024\/10\/sammanfattning-av-fredagspredikan-13-september-2024.pdf\">Sammanfattning-av-fredagens-predikan-13-september-2024-pdf<\/a><\/p>\n<h2>6 September 2024<\/h2>\n<p><a href=\"https:\/\/www.ahmadiyya-islam.org\/se\/wp-content\/uploads\/sites\/5\/2024\/09\/sammanfattning-av-fredagens-predikan-6-september-2024.pdf\">Sammanfattning-av-fredagens-predikan-6-september-2024-pdf<\/a><\/p>\n<h2>30 Augusti 2024<\/h2>\n<p><a href=\"https:\/\/www.ahmadiyya-islam.org\/se\/wp-content\/uploads\/sites\/5\/2024\/09\/sammanfattning-av-fredagens-predikan-30-augusti-2024.pdf\">Sammanfattning-av-fredagens-predikan-30-augusti-2024-pdf<\/a><\/p>\n<h2>23 Augusti 2024<\/h2>\n<p><a href=\"https:\/\/www.ahmadiyya-islam.org\/se\/wp-content\/uploads\/sites\/5\/2024\/09\/sammanfattning-av-fredagens-predikan-23-augusti-2024.pdf\">Sammanfattning-av-fredagens-predikan-23-augusti-2024-pdf<\/a><\/p>\n<h2>16 Augusti 2024<\/h2>\n<p><a href=\"https:\/\/www.ahmadiyya-islam.org\/se\/wp-content\/uploads\/sites\/5\/2024\/09\/sammanfattning-av-fredagspredikan-16-augusti-2024.pdf\">Sammanfattning-av-fredagens-predikan-16-augusti-2024-pdf<\/a><\/p>\n<h2>9 Augusti 2024<\/h2>\n<p><a href=\"https:\/\/www.ahmadiyya-islam.org\/se\/wp-content\/uploads\/sites\/5\/2024\/08\/sammanfattning-av-fredagens-predikan-9-augusti-2024.pdf\">Sammanfattning-av-fredagens-predikan-9-augusti-2024-pdf<\/a><\/p>\n<h2>2 Augusti 2024<\/h2>\n<p><a href=\"https:\/\/www.ahmadiyya-islam.org\/se\/wp-content\/uploads\/sites\/5\/2024\/08\/sammanfattning-av-fredagspredikan-den-2-augusti-2024.pdf\">Sammanfattning-av-fredagens-predikan-2-augusti-2024-pdf<\/a><\/p>\n<h2>26 Juli 2024<\/h2>\n<p><a href=\"https:\/\/www.ahmadiyya-islam.org\/se\/wp-content\/uploads\/sites\/5\/2024\/08\/sammanfattning-av-fredagens-predikan-26-juli-2024.pdf\">Sammanfattning-av-fredagens-predikan-26-juli-2024-pdf<\/a><\/p>\n<h2>19 Juli 2024<\/h2>\n<p><a href=\"https:\/\/www.ahmadiyya-islam.org\/se\/wp-content\/uploads\/sites\/5\/2024\/07\/Sammanfattning-av-fredagens-predikan-19-juli-2024.pdf\">Sammanfattning-av-fredagens-predikan-19-juli-2024-pdf<\/a><\/p>\n<h2>12 Juli 2024<\/h2>\n<p><a href=\"https:\/\/www.ahmadiyya-islam.org\/se\/wp-content\/uploads\/sites\/5\/2024\/07\/Sammanfattning-av-fredagspredikan-12-juli-2024.pdf\" target=\"_blank\" rel=\"noopener\">Sammanfattning-av-fredagspredikan-12-juli-2024-pdf<\/a><\/p>\n","protected":false},"excerpt":{"rendered":"<p>Ljudinspelning av fredagspredikan\u00a0sammanfattningen \u00e4r\u00a0tillg\u00e4nglig p\u00e5\u00a0Spotify\u00a0och Apple podcasts Spotify Podcasts Apple Podcasts 18 April 2025 Sammanfattning-av-fredagens-predikan-18-april-2025-pdf 11 April 2025 Sammanfattning-av-fredagens-predikan-11-april-2025-pdf 4 April 2025 Sammanfattning-av-fredagens-predikan-4-april-2025-pdf 21 Mars 2025 Sammanfattning-av-fredagens-predikan-21-mars-2025-pdf 14 Mars 2025 Sammanfattning-av-fredagens-predikan-14-mars-2025-pdf 7 Mars 2025 Sammanfattning-av-fredagens-predikan-7-mars-2025-pdf 28 Februari 2025 Sammanfattning-av-fredagens-predikan-28-februari-2025-pdf 21 Februari 2025 Sammanfattning-av-fredagens-predikan-21-februari-2025-pdf 14 Februari 2025 Sammanfattning-av-fredagens-predikan-14-februari-2025-pdf 7 Februari 2025 Sammanfattning-av-fredagens-predikan-7-februari-2025-pdf 31 Januari 2025 Sammanfattning-av-fredagens-predikan-31-januari-2025-pdf<\/p>\n","protected":false},"author":13,"featured_media":0,"parent":2046,"menu_order":0,"comment_status":"closed","ping_status":"closed","template":"","meta":{"_acf_changed":false,"footnotes":""},"class_list":["post-3679","page","type-page","status-publish","hentry"],"acf":[],"yoast_head":"<!-- This site is optimized with the Yoast SEO Premium plugin v21.1 (Yoast SEO v27.4) - https:\/\/yoast.com\/product\/yoast-seo-premium-wordpress\/ -->\n<title>Fredagspredikan Sammanfattning- Text och ljudinspelning - Islams Ahmadiyya F\u00f6rsamling<\/title>\n<meta name=\"robots\" content=\"index, follow, max-snippet:-1, max-image-preview:large, max-video-preview:-1\" \/>\n<link rel=\"canonical\" href=\"https:\/\/www.ahmadiyya-islam.org\/se\/medlem\/friday-sermon-summary-swedish-translation\/\" \/>\n<meta property=\"og:locale\" content=\"sv_SE\" \/>\n<meta property=\"og:type\" content=\"article\" \/>\n<meta property=\"og:title\" content=\"Fredagspredikan Sammanfattning- Text och ljudinspelning\" \/>\n<meta property=\"og:description\" content=\"Ljudinspelning av fredagspredikan\u00a0sammanfattningen \u00e4r\u00a0tillg\u00e4nglig p\u00e5\u00a0Spotify\u00a0och Apple podcasts Spotify Podcasts Apple Podcasts 18 April 2025 Sammanfattning-av-fredagens-predikan-18-april-2025-pdf 11 April 2025 Sammanfattning-av-fredagens-predikan-11-april-2025-pdf 4 April 2025 Sammanfattning-av-fredagens-predikan-4-april-2025-pdf 21 Mars 2025 Sammanfattning-av-fredagens-predikan-21-mars-2025-pdf 14 Mars 2025 Sammanfattning-av-fredagens-predikan-14-mars-2025-pdf 7 Mars 2025 Sammanfattning-av-fredagens-predikan-7-mars-2025-pdf 28 Februari 2025 Sammanfattning-av-fredagens-predikan-28-februari-2025-pdf 21 Februari 2025 Sammanfattning-av-fredagens-predikan-21-februari-2025-pdf 14 Februari 2025 Sammanfattning-av-fredagens-predikan-14-februari-2025-pdf 7 Februari 2025 Sammanfattning-av-fredagens-predikan-7-februari-2025-pdf 31 Januari 2025 Sammanfattning-av-fredagens-predikan-31-januari-2025-pdf\" \/>\n<meta property=\"og:url\" content=\"https:\/\/www.ahmadiyya-islam.org\/se\/medlem\/friday-sermon-summary-swedish-translation\/\" \/>\n<meta property=\"og:site_name\" content=\"Islams Ahmadiyya F\u00f6rsamling\" \/>\n<meta property=\"article:modified_time\" content=\"2025-04-28T13:49:33+00:00\" \/>\n<meta name=\"twitter:card\" content=\"summary_large_image\" \/>\n<meta name=\"twitter:label1\" content=\"Ber\u00e4knad l\u00e4stid\" \/>\n\t<meta name=\"twitter:data1\" content=\"1 minut\" \/>\n<script type=\"application\/ld+json\" class=\"yoast-schema-graph\">{\"@context\":\"https:\\\/\\\/schema.org\",\"@graph\":[{\"@type\":\"WebPage\",\"@id\":\"https:\\\/\\\/www.ahmadiyya-islam.org\\\/se\\\/medlem\\\/friday-sermon-summary-swedish-translation\\\/\",\"url\":\"https:\\\/\\\/www.ahmadiyya-islam.org\\\/se\\\/medlem\\\/friday-sermon-summary-swedish-translation\\\/\",\"name\":\"Fredagspredikan Sammanfattning- Text och ljudinspelning - Islams Ahmadiyya F\u00f6rsamling\",\"isPartOf\":{\"@id\":\"https:\\\/\\\/www.ahmadiyya-islam.org\\\/se\\\/#website\"},\"datePublished\":\"2024-07-21T11:35:37+00:00\",\"dateModified\":\"2025-04-28T13:49:33+00:00\",\"breadcrumb\":{\"@id\":\"https:\\\/\\\/www.ahmadiyya-islam.org\\\/se\\\/medlem\\\/friday-sermon-summary-swedish-translation\\\/#breadcrumb\"},\"inLanguage\":\"sv-SE\",\"potentialAction\":[{\"@type\":\"ReadAction\",\"target\":[\"https:\\\/\\\/www.ahmadiyya-islam.org\\\/se\\\/medlem\\\/friday-sermon-summary-swedish-translation\\\/\"]}]},{\"@type\":\"BreadcrumbList\",\"@id\":\"https:\\\/\\\/www.ahmadiyya-islam.org\\\/se\\\/medlem\\\/friday-sermon-summary-swedish-translation\\\/#breadcrumb\",\"itemListElement\":[{\"@type\":\"ListItem\",\"position\":1,\"name\":\"Home\",\"item\":\"https:\\\/\\\/www.ahmadiyya-islam.org\\\/se\\\/\"},{\"@type\":\"ListItem\",\"position\":2,\"name\":\"Medlem\",\"item\":\"https:\\\/\\\/www.ahmadiyya-islam.org\\\/se\\\/medlem\\\/\"},{\"@type\":\"ListItem\",\"position\":3,\"name\":\"Fredagspredikan Sammanfattning- Text och ljudinspelning\"}]},{\"@type\":\"WebSite\",\"@id\":\"https:\\\/\\\/www.ahmadiyya-islam.org\\\/se\\\/#website\",\"url\":\"https:\\\/\\\/www.ahmadiyya-islam.org\\\/se\\\/\",\"name\":\"Islams Ahmadiyya F\u00f6rsamling\",\"description\":\"Sverige\",\"potentialAction\":[{\"@type\":\"SearchAction\",\"target\":{\"@type\":\"EntryPoint\",\"urlTemplate\":\"https:\\\/\\\/www.ahmadiyya-islam.org\\\/se\\\/?s={search_term_string}\"},\"query-input\":{\"@type\":\"PropertyValueSpecification\",\"valueRequired\":true,\"valueName\":\"search_term_string\"}}],\"inLanguage\":\"sv-SE\"}]}<\/script>\n<!-- \/ Yoast SEO Premium plugin. -->","yoast_head_json":{"title":"Fredagspredikan Sammanfattning- Text och ljudinspelning - Islams Ahmadiyya F\u00f6rsamling","robots":{"index":"index","follow":"follow","max-snippet":"max-snippet:-1","max-image-preview":"max-image-preview:large","max-video-preview":"max-video-preview:-1"},"canonical":"https:\/\/www.ahmadiyya-islam.org\/se\/medlem\/friday-sermon-summary-swedish-translation\/","og_locale":"sv_SE","og_type":"article","og_title":"Fredagspredikan Sammanfattning- Text och ljudinspelning","og_description":"Ljudinspelning av fredagspredikan\u00a0sammanfattningen \u00e4r\u00a0tillg\u00e4nglig p\u00e5\u00a0Spotify\u00a0och Apple podcasts Spotify Podcasts Apple Podcasts 18 April 2025 Sammanfattning-av-fredagens-predikan-18-april-2025-pdf 11 April 2025 Sammanfattning-av-fredagens-predikan-11-april-2025-pdf 4 April 2025 Sammanfattning-av-fredagens-predikan-4-april-2025-pdf 21 Mars 2025 Sammanfattning-av-fredagens-predikan-21-mars-2025-pdf 14 Mars 2025 Sammanfattning-av-fredagens-predikan-14-mars-2025-pdf 7 Mars 2025 Sammanfattning-av-fredagens-predikan-7-mars-2025-pdf 28 Februari 2025 Sammanfattning-av-fredagens-predikan-28-februari-2025-pdf 21 Februari 2025 Sammanfattning-av-fredagens-predikan-21-februari-2025-pdf 14 Februari 2025 Sammanfattning-av-fredagens-predikan-14-februari-2025-pdf 7 Februari 2025 Sammanfattning-av-fredagens-predikan-7-februari-2025-pdf 31 Januari 2025 Sammanfattning-av-fredagens-predikan-31-januari-2025-pdf","og_url":"https:\/\/www.ahmadiyya-islam.org\/se\/medlem\/friday-sermon-summary-swedish-translation\/","og_site_name":"Islams Ahmadiyya F\u00f6rsamling","article_modified_time":"2025-04-28T13:49:33+00:00","twitter_card":"summary_large_image","twitter_misc":{"Ber\u00e4knad l\u00e4stid":"1 minut"},"schema":{"@context":"https:\/\/schema.org","@graph":[{"@type":"WebPage","@id":"https:\/\/www.ahmadiyya-islam.org\/se\/medlem\/friday-sermon-summary-swedish-translation\/","url":"https:\/\/www.ahmadiyya-islam.org\/se\/medlem\/friday-sermon-summary-swedish-translation\/","name":"Fredagspredikan Sammanfattning- Text och ljudinspelning - Islams Ahmadiyya F\u00f6rsamling","isPartOf":{"@id":"https:\/\/www.ahmadiyya-islam.org\/se\/#website"},"datePublished":"2024-07-21T11:35:37+00:00","dateModified":"2025-04-28T13:49:33+00:00","breadcrumb":{"@id":"https:\/\/www.ahmadiyya-islam.org\/se\/medlem\/friday-sermon-summary-swedish-translation\/#breadcrumb"},"inLanguage":"sv-SE","potentialAction":[{"@type":"ReadAction","target":["https:\/\/www.ahmadiyya-islam.org\/se\/medlem\/friday-sermon-summary-swedish-translation\/"]}]},{"@type":"BreadcrumbList","@id":"https:\/\/www.ahmadiyya-islam.org\/se\/medlem\/friday-sermon-summary-swedish-translation\/#breadcrumb","itemListElement":[{"@type":"ListItem","position":1,"name":"Home","item":"https:\/\/www.ahmadiyya-islam.org\/se\/"},{"@type":"ListItem","position":2,"name":"Medlem","item":"https:\/\/www.ahmadiyya-islam.org\/se\/medlem\/"},{"@type":"ListItem","position":3,"name":"Fredagspredikan Sammanfattning- Text och ljudinspelning"}]},{"@type":"WebSite","@id":"https:\/\/www.ahmadiyya-islam.org\/se\/#website","url":"https:\/\/www.ahmadiyya-islam.org\/se\/","name":"Islams Ahmadiyya F\u00f6rsamling","description":"Sverige","potentialAction":[{"@type":"SearchAction","target":{"@type":"EntryPoint","urlTemplate":"https:\/\/www.ahmadiyya-islam.org\/se\/?s={search_term_string}"},"query-input":{"@type":"PropertyValueSpecification","valueRequired":true,"valueName":"search_term_string"}}],"inLanguage":"sv-SE"}]}},"_links":{"self":[{"href":"https:\/\/www.ahmadiyya-islam.org\/se\/wp-json\/wp\/v2\/pages\/3679","targetHints":{"allow":["GET"]}}],"collection":[{"href":"https:\/\/www.ahmadiyya-islam.org\/se\/wp-json\/wp\/v2\/pages"}],"about":[{"href":"https:\/\/www.ahmadiyya-islam.org\/se\/wp-json\/wp\/v2\/types\/page"}],"author":[{"embeddable":true,"href":"https:\/\/www.ahmadiyya-islam.org\/se\/wp-json\/wp\/v2\/users\/13"}],"replies":[{"embeddable":true,"href":"https:\/\/www.ahmadiyya-islam.org\/se\/wp-json\/wp\/v2\/comments?post=3679"}],"version-history":[{"count":2,"href":"https:\/\/www.ahmadiyya-islam.org\/se\/wp-json\/wp\/v2\/pages\/3679\/revisions"}],"predecessor-version":[{"id":3845,"href":"https:\/\/www.ahmadiyya-islam.org\/se\/wp-json\/wp\/v2\/pages\/3679\/revisions\/3845"}],"up":[{"embeddable":true,"href":"https:\/\/www.ahmadiyya-islam.org\/se\/wp-json\/wp\/v2\/pages\/2046"}],"wp:attachment":[{"href":"https:\/\/www.ahmadiyya-islam.org\/se\/wp-json\/wp\/v2\/media?parent=3679"}],"curies":[{"name":"wp","href":"https:\/\/api.w.org\/{rel}","templated":true}]}}