{"id":322,"date":"2013-04-27T15:15:06","date_gmt":"2013-04-27T15:15:06","guid":{"rendered":"http:\/\/www.ahmadiyya-islam.org\/se\/?page_id=322"},"modified":"2026-02-02T19:30:29","modified_gmt":"2026-02-02T19:30:29","slug":"islam_old","status":"publish","type":"page","link":"https:\/\/www.ahmadiyya-islam.org\/se\/islam_old\/","title":{"rendered":"Islam"},"content":{"rendered":"<p>Islam, ett namn givet av Allah till denna religion (Den Heliga Qur\u2019anen 5:4), \u00e4r ett arabiskt ord som betyder lydnad och fred. Ordet ISLAM h\u00e4rleds fr\u00e5n den arabiska roten \u201dSALEMA\u201d, vilket betyder fred, renhet, underkastelse och lydnad. S\u00e5 med Islam menas v\u00e4gen av dem som \u00e4r lydiga mot Allah och som etablerar fred med Honom och Hans skapelse. Dess ut\u00f6vare kallas muslimer.<\/p>\n<p><strong>Muslimer tror p\u00e5 alla profeter<\/strong><\/p>\n<p><strong>\u201dS\u00e4g, `Vi tror p\u00e5 Allah och det som har blivit uppenbarat till oss, och det som uppenbarades till Abraham och Ismael och Isak och Jakob och stammarna, och det som har uppenbarats till Moses och Jesus och de andra profeterna fr\u00e5n deras Herre. Vi g\u00f6r ingen \u00e5tskillnad mellan n\u00e5gon utav dem och till Honom underkastar vi oss.\u201d\u00a0(Qur\u2019\u00e2n 3-85)<\/strong><\/p>\n<p><strong>De sex trosartiklarna<\/strong><\/p>\n<ol>\n<li>Att tro p\u00e5 Guds enhet (Tauhid).<\/li>\n<li>Att tro p\u00e5 alla Hans \u00e4nglar.<\/li>\n<li>Att tro p\u00e5 alla Hans skrifter.<\/li>\n<li>Att tro p\u00e5 alla Hans profeter.<\/li>\n<li>Att tro p\u00e5 \u00c5teruppst\u00e5ndelsens dag.<\/li>\n<li>Att tro p\u00e5 Guds f\u00f6rordning (al-Qadr)<\/li>\n<\/ol>\n<p><strong>De fem grundpelarna i Islam<\/strong><\/p>\n<p>F\u00f6r att tr\u00e4da in i Islam, d.v.s. f\u00f6r att bli en muslim, m\u00e5ste man k\u00e4nna till, tro p\u00e5 och h\u00e4ngivet till\u00e4mpa de fem grundpelarna av Islam. Hazrat Ibn-e-Umar ber\u00e4ttar att Guds Profet Muhammed (saw) sade: Islam \u00e4r grundat p\u00e5 f\u00f6ljande fem pelare (principer):<\/p>\n<ol>\n<li>Vittna om att det finns ingen Gud utom Allah och att Muhammed \u00e4r Guds S\u00e4ndebud.<\/li>\n<li>F\u00f6rr\u00e4ttandet av b\u00f6nen<\/li>\n<li>Zakat (Allmosa)<\/li>\n<li>Fastan under m\u00e5naden Ramadan<\/li>\n<li>Pilgrimsf\u00e4rd (Hajj) till Mecka.<\/li>\n<\/ol>\n<p>Hazrat Mirza Gulam Ahmad (frid vare med honom), den Utlovade Messias, skriver:<\/p>\n<p><em>I det arabiska spr\u00e5ket avser Islam de pengar som betalas pliktfyllt f\u00f6r att fullborda en handel, eller att \u00f6verl\u00e5ta ett \u00e4rende till n\u00e5gon, eller att s\u00f6ka fred, eller att \u00f6verl\u00e4mna eller g\u00f6ra anspr\u00e5k om n\u00e5gonting. Den tekniska betydelsen av Islam framh\u00e5lls i versen: <\/em><\/p>\n<p><strong>\u0628\u064e\u0644\u064e\u0649 \u0645\u064e\u0646\u0652 \u0623\u064e\u0633\u0652\u0644\u064e\u0645\u064e \u0648\u064e\u062c\u0652\u0647\u064e\u0647\u064f \u0644\u0650\u0644\u0651\u064e\u0647\u0650 \u0648\u064e\u0647\u064f\u0648\u064e \u0645\u064f\u062d\u0652\u0633\u0650\u0646\u064c \u0641\u064e\u0644\u064e\u0647\u064f \u0623\u064e\u062c\u0652\u0631\u064f\u0647\u064f \u0639\u0650\u0646\u0652\u062f\u064e \u0631\u064e\u0628\u0651\u0650\u0647\u0650 \u0648\u064e\u0644\u064e\u0627 \u062e\u064e\u0648\u0652\u0641\u064c \u0639\u064e\u0644\u064e\u064a\u0652\u0647\u0650\u0645\u0652 \u0648\u064e\u0644\u064e\u0627 \u0647\u064f\u0645\u0652 \u064a\u064e\u062d\u0652\u0632\u064e\u0646\u064f\u0648\u0646\u064e<\/strong><\/p>\n<p>(2:113)<\/p>\n<p><em>Detta betyder att en muslim \u00e4r n\u00e5gon som helt \u00f6verl\u00e5ter sig sj\u00e4lv till Gud den Allsm\u00e4ktige, att f\u00f6lja Hans vilja och eftertrakta Hans v\u00e4lbehag, och sedan st\u00e5ndfast utr\u00e4ttar goda g\u00e4rningar f\u00f6r Gud den Allsm\u00e4ktige, och h\u00e4ngiver alla sina f\u00f6rm\u00e5gor f\u00f6r detta m\u00e5l. Med andra ord, h\u00e4ngiver man sig sj\u00e4lv helt till Gud den Allsm\u00e4ktige b\u00e5de i tro och praktik. Med tro avses att man ska anse sitt v\u00e4sen vara skapat f\u00f6r att igenk\u00e4nna Gud den Allsm\u00e4ktige, lyda Honom och f\u00f6r att s\u00f6ka Hans k\u00e4rlek och v\u00e4lbehag. Med praktik avses att man ska utr\u00e4tta allt gott relaterat till sina f\u00f6rm\u00e5gor med s\u00e5dan iver och noggrannhet likt man betraktade den Sant \u00c4lskade i spegeln av sin lydnad.<\/em><\/p>\n<p>[Den Utlovade Messias, A\u2019ina-e-Kamalat-e-Islam, Ruhani Khaza\u2019in, Vol. 5, s. 57-58]<\/p>\n","protected":false},"excerpt":{"rendered":"<p>Islam, ett namn givet av Allah till denna religion (Den Heliga Qur\u2019anen 5:4), \u00e4r ett arabiskt ord som betyder lydnad och fred. Ordet ISLAM h\u00e4rleds fr\u00e5n den arabiska roten \u201dSALEMA\u201d, vilket betyder fred, renhet, underkastelse och lydnad. S\u00e5 med Islam menas v\u00e4gen av dem som \u00e4r lydiga mot Allah och som etablerar fred med Honom<\/p>\n","protected":false},"author":1,"featured_media":0,"parent":0,"menu_order":8,"comment_status":"closed","ping_status":"closed","template":"","meta":{"_acf_changed":false,"footnotes":""},"class_list":["post-322","page","type-page","status-publish","hentry"],"acf":[],"yoast_head":"<!-- This site is optimized with the Yoast SEO Premium plugin v21.1 (Yoast SEO v27.0) - https:\/\/yoast.com\/product\/yoast-seo-premium-wordpress\/ -->\n<title>Islam - Islams Ahmadiyya F\u00f6rsamling<\/title>\n<meta name=\"robots\" content=\"index, follow, max-snippet:-1, max-image-preview:large, max-video-preview:-1\" \/>\n<link rel=\"canonical\" href=\"https:\/\/www.ahmadiyya-islam.org\/se\/islam_old\/\" \/>\n<meta property=\"og:locale\" content=\"sv_SE\" \/>\n<meta property=\"og:type\" content=\"article\" \/>\n<meta property=\"og:title\" content=\"Islam\" \/>\n<meta property=\"og:description\" content=\"Islam, ett namn givet av Allah till denna religion (Den Heliga Qur\u2019anen 5:4), \u00e4r ett arabiskt ord som betyder lydnad och fred. Ordet ISLAM h\u00e4rleds fr\u00e5n den arabiska roten \u201dSALEMA\u201d, vilket betyder fred, renhet, underkastelse och lydnad. S\u00e5 med Islam menas v\u00e4gen av dem som \u00e4r lydiga mot Allah och som etablerar fred med Honom\" \/>\n<meta property=\"og:url\" content=\"https:\/\/www.ahmadiyya-islam.org\/se\/islam_old\/\" \/>\n<meta property=\"og:site_name\" content=\"Islams Ahmadiyya F\u00f6rsamling\" \/>\n<meta property=\"article:modified_time\" content=\"2026-02-02T19:30:29+00:00\" \/>\n<meta name=\"twitter:card\" content=\"summary_large_image\" \/>\n<meta name=\"twitter:label1\" content=\"Ber\u00e4knad l\u00e4stid\" \/>\n\t<meta name=\"twitter:data1\" content=\"3 minuter\" \/>\n<script type=\"application\/ld+json\" class=\"yoast-schema-graph\">{\"@context\":\"https:\/\/schema.org\",\"@graph\":[{\"@type\":\"WebPage\",\"@id\":\"https:\/\/www.ahmadiyya-islam.org\/se\/islam_old\/\",\"url\":\"https:\/\/www.ahmadiyya-islam.org\/se\/islam_old\/\",\"name\":\"Islam - Islams Ahmadiyya F\u00f6rsamling\",\"isPartOf\":{\"@id\":\"https:\/\/www.ahmadiyya-islam.org\/se\/#website\"},\"datePublished\":\"2013-04-27T15:15:06+00:00\",\"dateModified\":\"2026-02-02T19:30:29+00:00\",\"breadcrumb\":{\"@id\":\"https:\/\/www.ahmadiyya-islam.org\/se\/islam_old\/#breadcrumb\"},\"inLanguage\":\"sv-SE\",\"potentialAction\":[{\"@type\":\"ReadAction\",\"target\":[\"https:\/\/www.ahmadiyya-islam.org\/se\/islam_old\/\"]}]},{\"@type\":\"BreadcrumbList\",\"@id\":\"https:\/\/www.ahmadiyya-islam.org\/se\/islam_old\/#breadcrumb\",\"itemListElement\":[{\"@type\":\"ListItem\",\"position\":1,\"name\":\"Home\",\"item\":\"https:\/\/www.ahmadiyya-islam.org\/se\/\"},{\"@type\":\"ListItem\",\"position\":2,\"name\":\"Islam\"}]},{\"@type\":\"WebSite\",\"@id\":\"https:\/\/www.ahmadiyya-islam.org\/se\/#website\",\"url\":\"https:\/\/www.ahmadiyya-islam.org\/se\/\",\"name\":\"Islams Ahmadiyya F\u00f6rsamling\",\"description\":\"Sverige\",\"potentialAction\":[{\"@type\":\"SearchAction\",\"target\":{\"@type\":\"EntryPoint\",\"urlTemplate\":\"https:\/\/www.ahmadiyya-islam.org\/se\/?s={search_term_string}\"},\"query-input\":{\"@type\":\"PropertyValueSpecification\",\"valueRequired\":true,\"valueName\":\"search_term_string\"}}],\"inLanguage\":\"sv-SE\"}]}<\/script>\n<!-- \/ Yoast SEO Premium plugin. -->","yoast_head_json":{"title":"Islam - Islams Ahmadiyya F\u00f6rsamling","robots":{"index":"index","follow":"follow","max-snippet":"max-snippet:-1","max-image-preview":"max-image-preview:large","max-video-preview":"max-video-preview:-1"},"canonical":"https:\/\/www.ahmadiyya-islam.org\/se\/islam_old\/","og_locale":"sv_SE","og_type":"article","og_title":"Islam","og_description":"Islam, ett namn givet av Allah till denna religion (Den Heliga Qur\u2019anen 5:4), \u00e4r ett arabiskt ord som betyder lydnad och fred. Ordet ISLAM h\u00e4rleds fr\u00e5n den arabiska roten \u201dSALEMA\u201d, vilket betyder fred, renhet, underkastelse och lydnad. S\u00e5 med Islam menas v\u00e4gen av dem som \u00e4r lydiga mot Allah och som etablerar fred med Honom","og_url":"https:\/\/www.ahmadiyya-islam.org\/se\/islam_old\/","og_site_name":"Islams Ahmadiyya F\u00f6rsamling","article_modified_time":"2026-02-02T19:30:29+00:00","twitter_card":"summary_large_image","twitter_misc":{"Ber\u00e4knad l\u00e4stid":"3 minuter"},"schema":{"@context":"https:\/\/schema.org","@graph":[{"@type":"WebPage","@id":"https:\/\/www.ahmadiyya-islam.org\/se\/islam_old\/","url":"https:\/\/www.ahmadiyya-islam.org\/se\/islam_old\/","name":"Islam - Islams Ahmadiyya F\u00f6rsamling","isPartOf":{"@id":"https:\/\/www.ahmadiyya-islam.org\/se\/#website"},"datePublished":"2013-04-27T15:15:06+00:00","dateModified":"2026-02-02T19:30:29+00:00","breadcrumb":{"@id":"https:\/\/www.ahmadiyya-islam.org\/se\/islam_old\/#breadcrumb"},"inLanguage":"sv-SE","potentialAction":[{"@type":"ReadAction","target":["https:\/\/www.ahmadiyya-islam.org\/se\/islam_old\/"]}]},{"@type":"BreadcrumbList","@id":"https:\/\/www.ahmadiyya-islam.org\/se\/islam_old\/#breadcrumb","itemListElement":[{"@type":"ListItem","position":1,"name":"Home","item":"https:\/\/www.ahmadiyya-islam.org\/se\/"},{"@type":"ListItem","position":2,"name":"Islam"}]},{"@type":"WebSite","@id":"https:\/\/www.ahmadiyya-islam.org\/se\/#website","url":"https:\/\/www.ahmadiyya-islam.org\/se\/","name":"Islams Ahmadiyya F\u00f6rsamling","description":"Sverige","potentialAction":[{"@type":"SearchAction","target":{"@type":"EntryPoint","urlTemplate":"https:\/\/www.ahmadiyya-islam.org\/se\/?s={search_term_string}"},"query-input":{"@type":"PropertyValueSpecification","valueRequired":true,"valueName":"search_term_string"}}],"inLanguage":"sv-SE"}]}},"_links":{"self":[{"href":"https:\/\/www.ahmadiyya-islam.org\/se\/wp-json\/wp\/v2\/pages\/322","targetHints":{"allow":["GET"]}}],"collection":[{"href":"https:\/\/www.ahmadiyya-islam.org\/se\/wp-json\/wp\/v2\/pages"}],"about":[{"href":"https:\/\/www.ahmadiyya-islam.org\/se\/wp-json\/wp\/v2\/types\/page"}],"author":[{"embeddable":true,"href":"https:\/\/www.ahmadiyya-islam.org\/se\/wp-json\/wp\/v2\/users\/1"}],"replies":[{"embeddable":true,"href":"https:\/\/www.ahmadiyya-islam.org\/se\/wp-json\/wp\/v2\/comments?post=322"}],"version-history":[{"count":1,"href":"https:\/\/www.ahmadiyya-islam.org\/se\/wp-json\/wp\/v2\/pages\/322\/revisions"}],"predecessor-version":[{"id":3941,"href":"https:\/\/www.ahmadiyya-islam.org\/se\/wp-json\/wp\/v2\/pages\/322\/revisions\/3941"}],"wp:attachment":[{"href":"https:\/\/www.ahmadiyya-islam.org\/se\/wp-json\/wp\/v2\/media?parent=322"}],"curies":[{"name":"wp","href":"https:\/\/api.w.org\/{rel}","templated":true}]}}