{"id":3199,"date":"2020-10-29T21:31:50","date_gmt":"2020-10-29T21:31:50","guid":{"rendered":"https:\/\/www.ahmadiyya-islam.org\/se\/?page_id=3199"},"modified":"2023-06-26T17:05:15","modified_gmt":"2023-06-26T17:05:15","slug":"waqfe-arzi","status":"publish","type":"page","link":"https:\/\/www.ahmadiyya-islam.org\/se\/medlem\/waqfe-arzi\/","title":{"rendered":"Waqfe-Arzi"},"content":{"rendered":"<h3>Inom Sverige &#8211; Information<\/h3>\n<p>Pleas find information in English at the end of this page.<\/p>\n<p><strong>Ans\u00f6kan<\/strong><br \/>\nVarje deltagare ska ans\u00f6ka minst tv\u00e5 veckor f\u00f6re startdatumet f\u00f6r sin Waqfe Arzi inom<br \/>\nSverige. Ans\u00f6kningsblankett fylles i och skickas genom lokale sekreterare sahib Talim ul<br \/>\nQuran &amp; Waqfe Arzi, med den lokale Sadr sahibs rekommendation till Amir sahib f\u00f6r<br \/>\ngodk\u00e4nnande.<\/p>\n<p><a href=\"https:\/\/www.ahmadiyya-islam.org\/se\/wp-content\/uploads\/sites\/5\/2020\/10\/Waqfe-Arzi-ansokningsblankett.pdf\">Waqfe Arzi ans\u00f6kningsblankett<\/a><\/p>\n<p><strong>Perioden f\u00f6r Waqf<\/strong><br \/>\nWaqfe Arzi (kortvarigt engagemang) skall vara i minst tv\u00e5 veckor.<\/p>\n<p><strong>Speciella regler under COVID 19 pandemin<\/strong><br \/>\nDet kommer att ges tillst\u00e5nd att g\u00f6ra Waqfe Arzi inom egen ort. I s\u00e5dana fall m\u00e5ste man ge<br \/>\nminst 4 dagar med 8 timmar per dag och 10 dagar med minst 3 timmar per dag till sina<br \/>\nWaqfe Arzi uppdrag som man f\u00e5tt fr\u00e5n den lokale Sadr sahib.<\/p>\n<p><strong>Kostnader<\/strong><br \/>\nWaqfe Arzi g\u00f6rs p\u00e5 egen bekostnad. Varje deltagare \u00e4r ansvarig f\u00f6r sina rese- och<br \/>\nmatkostnader. Emellertid erbjuds boende gratis i mosk\u00e9n eller missionshuset.<\/p>\n<p><strong>Vart ska man \u00e5ka<\/strong><br \/>\nCentret kommer att avg\u00f6ra den l\u00e4mpligaste orten enligt den ans\u00f6kandes omst\u00e4ndigheter.<\/p>\n<p><strong>Vad ska man g\u00f6ra<\/strong><br \/>\nDen h\u00e4ngivna ska tillbringa sin tid i:<br \/>\n* Zikre Ilahi (Ih\u00e5gkommelsen av Allah)<br \/>\n* Utf\u00f6ra Tahajjud-b\u00f6ner f\u00f6rutom obligatoriska b\u00f6ner<br \/>\n* Recitation av den heliga Koranen<br \/>\n* Undervisa den heliga Koranen<br \/>\n* Tarbiyyat och Tabligh-aktiviteter<br \/>\n* Bes\u00f6ka sjuka och \u00e4ldre<br \/>\n* Waqare Amal<br \/>\n* Fr\u00e4mja Waqf-e-Arzi Scheme<br \/>\n* Och alla andra aktiviteter i samarbete med och under ledning av Sadr sahib f\u00f6r den Jama\u2019at d\u00e4r man g\u00f6r sin Waqfe Arzi<\/p>\n<p>&#8212; The above guidelines in English are available <a href=\"https:\/\/www.ahmadiyya-islam.org\/se\/wp-content\/uploads\/sites\/5\/2020\/10\/WAQFE-ARZI-english.pdf\">HERE<\/a>&#8212;<\/p>\n","protected":false},"excerpt":{"rendered":"<p>Inom Sverige &#8211; Information Pleas find information in English at the end of this page. Ans\u00f6kan Varje deltagare ska ans\u00f6ka minst tv\u00e5 veckor f\u00f6re startdatumet f\u00f6r sin Waqfe Arzi inom Sverige. Ans\u00f6kningsblankett fylles i och skickas genom lokale sekreterare sahib Talim ul Quran &amp; Waqfe Arzi, med den lokale Sadr sahibs rekommendation till Amir sahib<\/p>\n","protected":false},"author":13,"featured_media":0,"parent":2046,"menu_order":4,"comment_status":"closed","ping_status":"closed","template":"","meta":{"_acf_changed":false,"footnotes":""},"class_list":["post-3199","page","type-page","status-publish","hentry"],"acf":[],"yoast_head":"<!-- This site is optimized with the Yoast SEO Premium plugin v21.1 (Yoast SEO v27.4) - https:\/\/yoast.com\/product\/yoast-seo-premium-wordpress\/ -->\n<title>Waqfe-Arzi - Islams Ahmadiyya F\u00f6rsamling<\/title>\n<meta name=\"robots\" content=\"index, follow, max-snippet:-1, max-image-preview:large, max-video-preview:-1\" \/>\n<link rel=\"canonical\" href=\"https:\/\/www.ahmadiyya-islam.org\/se\/medlem\/waqfe-arzi\/\" \/>\n<meta property=\"og:locale\" content=\"sv_SE\" \/>\n<meta property=\"og:type\" content=\"article\" \/>\n<meta property=\"og:title\" content=\"Waqfe-Arzi\" \/>\n<meta property=\"og:description\" content=\"Inom Sverige &#8211; Information Pleas find information in English at the end of this page. Ans\u00f6kan Varje deltagare ska ans\u00f6ka minst tv\u00e5 veckor f\u00f6re startdatumet f\u00f6r sin Waqfe Arzi inom Sverige. Ans\u00f6kningsblankett fylles i och skickas genom lokale sekreterare sahib Talim ul Quran &amp; Waqfe Arzi, med den lokale Sadr sahibs rekommendation till Amir sahib\" \/>\n<meta property=\"og:url\" content=\"https:\/\/www.ahmadiyya-islam.org\/se\/medlem\/waqfe-arzi\/\" \/>\n<meta property=\"og:site_name\" content=\"Islams Ahmadiyya F\u00f6rsamling\" \/>\n<meta property=\"article:modified_time\" content=\"2023-06-26T17:05:15+00:00\" \/>\n<meta name=\"twitter:card\" content=\"summary_large_image\" \/>\n<meta name=\"twitter:label1\" content=\"Ber\u00e4knad l\u00e4stid\" \/>\n\t<meta name=\"twitter:data1\" content=\"2 minuter\" \/>\n<script type=\"application\/ld+json\" class=\"yoast-schema-graph\">{\"@context\":\"https:\\\/\\\/schema.org\",\"@graph\":[{\"@type\":\"WebPage\",\"@id\":\"https:\\\/\\\/www.ahmadiyya-islam.org\\\/se\\\/medlem\\\/waqfe-arzi\\\/\",\"url\":\"https:\\\/\\\/www.ahmadiyya-islam.org\\\/se\\\/medlem\\\/waqfe-arzi\\\/\",\"name\":\"Waqfe-Arzi - Islams Ahmadiyya F\u00f6rsamling\",\"isPartOf\":{\"@id\":\"https:\\\/\\\/www.ahmadiyya-islam.org\\\/se\\\/#website\"},\"datePublished\":\"2020-10-29T21:31:50+00:00\",\"dateModified\":\"2023-06-26T17:05:15+00:00\",\"breadcrumb\":{\"@id\":\"https:\\\/\\\/www.ahmadiyya-islam.org\\\/se\\\/medlem\\\/waqfe-arzi\\\/#breadcrumb\"},\"inLanguage\":\"sv-SE\",\"potentialAction\":[{\"@type\":\"ReadAction\",\"target\":[\"https:\\\/\\\/www.ahmadiyya-islam.org\\\/se\\\/medlem\\\/waqfe-arzi\\\/\"]}]},{\"@type\":\"BreadcrumbList\",\"@id\":\"https:\\\/\\\/www.ahmadiyya-islam.org\\\/se\\\/medlem\\\/waqfe-arzi\\\/#breadcrumb\",\"itemListElement\":[{\"@type\":\"ListItem\",\"position\":1,\"name\":\"Home\",\"item\":\"https:\\\/\\\/www.ahmadiyya-islam.org\\\/se\\\/\"},{\"@type\":\"ListItem\",\"position\":2,\"name\":\"Medlem\",\"item\":\"https:\\\/\\\/www.ahmadiyya-islam.org\\\/se\\\/medlem\\\/\"},{\"@type\":\"ListItem\",\"position\":3,\"name\":\"Waqfe-Arzi\"}]},{\"@type\":\"WebSite\",\"@id\":\"https:\\\/\\\/www.ahmadiyya-islam.org\\\/se\\\/#website\",\"url\":\"https:\\\/\\\/www.ahmadiyya-islam.org\\\/se\\\/\",\"name\":\"Islams Ahmadiyya F\u00f6rsamling\",\"description\":\"Sverige\",\"potentialAction\":[{\"@type\":\"SearchAction\",\"target\":{\"@type\":\"EntryPoint\",\"urlTemplate\":\"https:\\\/\\\/www.ahmadiyya-islam.org\\\/se\\\/?s={search_term_string}\"},\"query-input\":{\"@type\":\"PropertyValueSpecification\",\"valueRequired\":true,\"valueName\":\"search_term_string\"}}],\"inLanguage\":\"sv-SE\"}]}<\/script>\n<!-- \/ Yoast SEO Premium plugin. -->","yoast_head_json":{"title":"Waqfe-Arzi - Islams Ahmadiyya F\u00f6rsamling","robots":{"index":"index","follow":"follow","max-snippet":"max-snippet:-1","max-image-preview":"max-image-preview:large","max-video-preview":"max-video-preview:-1"},"canonical":"https:\/\/www.ahmadiyya-islam.org\/se\/medlem\/waqfe-arzi\/","og_locale":"sv_SE","og_type":"article","og_title":"Waqfe-Arzi","og_description":"Inom Sverige &#8211; Information Pleas find information in English at the end of this page. Ans\u00f6kan Varje deltagare ska ans\u00f6ka minst tv\u00e5 veckor f\u00f6re startdatumet f\u00f6r sin Waqfe Arzi inom Sverige. Ans\u00f6kningsblankett fylles i och skickas genom lokale sekreterare sahib Talim ul Quran &amp; Waqfe Arzi, med den lokale Sadr sahibs rekommendation till Amir sahib","og_url":"https:\/\/www.ahmadiyya-islam.org\/se\/medlem\/waqfe-arzi\/","og_site_name":"Islams Ahmadiyya F\u00f6rsamling","article_modified_time":"2023-06-26T17:05:15+00:00","twitter_card":"summary_large_image","twitter_misc":{"Ber\u00e4knad l\u00e4stid":"2 minuter"},"schema":{"@context":"https:\/\/schema.org","@graph":[{"@type":"WebPage","@id":"https:\/\/www.ahmadiyya-islam.org\/se\/medlem\/waqfe-arzi\/","url":"https:\/\/www.ahmadiyya-islam.org\/se\/medlem\/waqfe-arzi\/","name":"Waqfe-Arzi - Islams Ahmadiyya F\u00f6rsamling","isPartOf":{"@id":"https:\/\/www.ahmadiyya-islam.org\/se\/#website"},"datePublished":"2020-10-29T21:31:50+00:00","dateModified":"2023-06-26T17:05:15+00:00","breadcrumb":{"@id":"https:\/\/www.ahmadiyya-islam.org\/se\/medlem\/waqfe-arzi\/#breadcrumb"},"inLanguage":"sv-SE","potentialAction":[{"@type":"ReadAction","target":["https:\/\/www.ahmadiyya-islam.org\/se\/medlem\/waqfe-arzi\/"]}]},{"@type":"BreadcrumbList","@id":"https:\/\/www.ahmadiyya-islam.org\/se\/medlem\/waqfe-arzi\/#breadcrumb","itemListElement":[{"@type":"ListItem","position":1,"name":"Home","item":"https:\/\/www.ahmadiyya-islam.org\/se\/"},{"@type":"ListItem","position":2,"name":"Medlem","item":"https:\/\/www.ahmadiyya-islam.org\/se\/medlem\/"},{"@type":"ListItem","position":3,"name":"Waqfe-Arzi"}]},{"@type":"WebSite","@id":"https:\/\/www.ahmadiyya-islam.org\/se\/#website","url":"https:\/\/www.ahmadiyya-islam.org\/se\/","name":"Islams Ahmadiyya F\u00f6rsamling","description":"Sverige","potentialAction":[{"@type":"SearchAction","target":{"@type":"EntryPoint","urlTemplate":"https:\/\/www.ahmadiyya-islam.org\/se\/?s={search_term_string}"},"query-input":{"@type":"PropertyValueSpecification","valueRequired":true,"valueName":"search_term_string"}}],"inLanguage":"sv-SE"}]}},"_links":{"self":[{"href":"https:\/\/www.ahmadiyya-islam.org\/se\/wp-json\/wp\/v2\/pages\/3199","targetHints":{"allow":["GET"]}}],"collection":[{"href":"https:\/\/www.ahmadiyya-islam.org\/se\/wp-json\/wp\/v2\/pages"}],"about":[{"href":"https:\/\/www.ahmadiyya-islam.org\/se\/wp-json\/wp\/v2\/types\/page"}],"author":[{"embeddable":true,"href":"https:\/\/www.ahmadiyya-islam.org\/se\/wp-json\/wp\/v2\/users\/13"}],"replies":[{"embeddable":true,"href":"https:\/\/www.ahmadiyya-islam.org\/se\/wp-json\/wp\/v2\/comments?post=3199"}],"version-history":[{"count":1,"href":"https:\/\/www.ahmadiyya-islam.org\/se\/wp-json\/wp\/v2\/pages\/3199\/revisions"}],"predecessor-version":[{"id":3395,"href":"https:\/\/www.ahmadiyya-islam.org\/se\/wp-json\/wp\/v2\/pages\/3199\/revisions\/3395"}],"up":[{"embeddable":true,"href":"https:\/\/www.ahmadiyya-islam.org\/se\/wp-json\/wp\/v2\/pages\/2046"}],"wp:attachment":[{"href":"https:\/\/www.ahmadiyya-islam.org\/se\/wp-json\/wp\/v2\/media?parent=3199"}],"curies":[{"name":"wp","href":"https:\/\/api.w.org\/{rel}","templated":true}]}}