{"id":3107,"date":"2019-11-13T04:57:06","date_gmt":"2019-11-13T04:57:06","guid":{"rendered":"https:\/\/www.ahmadiyya-islam.org\/se\/?page_id=3107"},"modified":"2019-11-13T04:57:06","modified_gmt":"2019-11-13T04:57:06","slug":"han-lar-ut-karlek-for-alla","status":"publish","type":"page","link":"https:\/\/www.ahmadiyya-islam.org\/se\/messias-har-kommit\/han-lar-ut-karlek-for-alla\/","title":{"rendered":"Han l\u00e4r ut k\u00e4rlek f\u00f6r alla"},"content":{"rendered":"<p>Han l\u00e4r ut k\u00e4rlek f\u00f6r alla, hat mot ingen; respekt f\u00f6r alla religioner.<\/p>\n<p><strong>Messias har kommit<\/strong><\/p>\n<p>\u201dEn ytterst attraktiv och fredgivande princip som utg\u00f6r grunden f\u00f6r f\u00f6rsoning mellan folk och fr\u00e4mjar b\u00e4ttre moraliskt beteende\u2026 l\u00e4r oss att tro p\u00e5 sannheten av alla profeter varhelst de framtr\u00e4tt; i Indien, Persien, Kina eller i n\u00e5got annat land, och vars aktning och v\u00f6rdnad Gud har l\u00e5tit ingjuta i miljontals m\u00e4nniskors hj\u00e4rtan, samt l\u00e5tit deras religion bli v\u00e4l etablerad.\u201d<\/p>\n<p><strong>Syftet med min ankomst<\/strong><\/p>\n<p>\u201dUppgiften som Gud har utn\u00e4mnt mig f\u00f6r \u00e4r att jag ska avl\u00e4gsna avst\u00e5ndet som har uppst\u00e5tt mellan m\u00e4nniskan och hennes Skapare, och utbyta det mot en relation baserad p\u00e5 k\u00e4rlek och uppriktighet. Han har \u00e4ven utsett mig f\u00f6r att g\u00f6ra slut p\u00e5 religi\u00f6sa krig genom att f\u00f6rkunna sanningen, f\u00f6r att skapa religi\u00f6s harmoni och f\u00f6r att uppenbara de religi\u00f6sa sanningar som l\u00e4nge f\u00f6rblivit dolda fr\u00e5n de d\u00f6dligas \u00f6gon, och f\u00f6r att framvisa sann andlighet\/spiritualitet som finns dold under de kroppsliga beg\u00e4rens m\u00f6rker. Jag har \u00e4ven upprests f\u00f6r att praktiskt demonstrera, inte enbart med ord, hur Gudomliga krafter g\u00e5r in i m\u00e4nniskan och manifesteras genom b\u00f6n och koncentration. Men fr\u00e4mst har jag skickats f\u00f6r att f\u00f6r alltid \u00e5teretablera den f\u00f6rsvunna tron p\u00e5 Guds enhet (Tauhid), ren och fri fr\u00e5n avgudadyrkan (shirk). Allt detta ska inte ske genom min egen kraft, utan genom den M\u00e4ktiga Handen av H\u00e4rskaren av himmel och jord.\u201d<\/p>\n<p>Islams Ahmadiyyaf\u00f6rsamling \u00e4r en dynamisk, reformatorisk och snabbt v\u00e4xande internationell r\u00f6relse inom Islam. F\u00f6rsamlingen \u00e4r den enda muslimska r\u00f6relse som tror att den sedan l\u00e4nge inv\u00e4ntade Messias har kommit i form av Mirza Ghulam Ahmad (1835-1908) av Qadian. Ahmad gjorde anspr\u00e5k p\u00e5 att vara den metaforiska \u00e5terkomsten av Jesus<sup>as<\/sup> av Nasaret och den av Gud uts\u00e4nde v\u00e4gledaren som f\u00f6rutsp\u00e5tts av flera tidigare profeter, inklusive Buddha<sup>as<\/sup>,\u00a0 Konfucius<sup>as<\/sup>, Krishna<sup>as<\/sup>, Moses<sup>as<\/sup>, Jesus<sup>as<\/sup> och Muhammad <sup>sa<\/sup>.<\/p>\n","protected":false},"excerpt":{"rendered":"<p>Han l\u00e4r ut k\u00e4rlek f\u00f6r alla, hat mot ingen; respekt f\u00f6r alla religioner. Messias har kommit \u201dEn ytterst attraktiv och fredgivande princip som utg\u00f6r grunden f\u00f6r f\u00f6rsoning mellan folk och fr\u00e4mjar b\u00e4ttre moraliskt beteende\u2026 l\u00e4r oss att tro p\u00e5 sannheten av alla profeter varhelst de framtr\u00e4tt; i Indien, Persien, Kina eller i n\u00e5got annat land,<\/p>\n","protected":false},"author":13,"featured_media":0,"parent":3087,"menu_order":-2,"comment_status":"closed","ping_status":"closed","template":"","meta":{"_acf_changed":false,"footnotes":""},"class_list":["post-3107","page","type-page","status-publish","hentry"],"acf":[],"yoast_head":"<!-- This site is optimized with the Yoast SEO Premium plugin v21.1 (Yoast SEO v27.4) - https:\/\/yoast.com\/product\/yoast-seo-premium-wordpress\/ -->\n<title>Han l\u00e4r ut k\u00e4rlek f\u00f6r alla - Islams Ahmadiyya F\u00f6rsamling<\/title>\n<meta name=\"robots\" content=\"index, follow, max-snippet:-1, max-image-preview:large, max-video-preview:-1\" \/>\n<link rel=\"canonical\" href=\"https:\/\/www.ahmadiyya-islam.org\/se\/messias-har-kommit\/han-lar-ut-karlek-for-alla\/\" \/>\n<meta property=\"og:locale\" content=\"sv_SE\" \/>\n<meta property=\"og:type\" content=\"article\" \/>\n<meta property=\"og:title\" content=\"Han l\u00e4r ut k\u00e4rlek f\u00f6r alla\" \/>\n<meta property=\"og:description\" content=\"Han l\u00e4r ut k\u00e4rlek f\u00f6r alla, hat mot ingen; respekt f\u00f6r alla religioner. Messias har kommit \u201dEn ytterst attraktiv och fredgivande princip som utg\u00f6r grunden f\u00f6r f\u00f6rsoning mellan folk och fr\u00e4mjar b\u00e4ttre moraliskt beteende\u2026 l\u00e4r oss att tro p\u00e5 sannheten av alla profeter varhelst de framtr\u00e4tt; i Indien, Persien, Kina eller i n\u00e5got annat land,\" \/>\n<meta property=\"og:url\" content=\"https:\/\/www.ahmadiyya-islam.org\/se\/messias-har-kommit\/han-lar-ut-karlek-for-alla\/\" \/>\n<meta property=\"og:site_name\" content=\"Islams Ahmadiyya F\u00f6rsamling\" \/>\n<meta name=\"twitter:card\" content=\"summary_large_image\" \/>\n<meta name=\"twitter:label1\" content=\"Ber\u00e4knad l\u00e4stid\" \/>\n\t<meta name=\"twitter:data1\" content=\"2 minuter\" \/>\n<script type=\"application\/ld+json\" class=\"yoast-schema-graph\">{\"@context\":\"https:\\\/\\\/schema.org\",\"@graph\":[{\"@type\":\"WebPage\",\"@id\":\"https:\\\/\\\/www.ahmadiyya-islam.org\\\/se\\\/messias-har-kommit\\\/han-lar-ut-karlek-for-alla\\\/\",\"url\":\"https:\\\/\\\/www.ahmadiyya-islam.org\\\/se\\\/messias-har-kommit\\\/han-lar-ut-karlek-for-alla\\\/\",\"name\":\"Han l\u00e4r ut k\u00e4rlek f\u00f6r alla - Islams Ahmadiyya F\u00f6rsamling\",\"isPartOf\":{\"@id\":\"https:\\\/\\\/www.ahmadiyya-islam.org\\\/se\\\/#website\"},\"datePublished\":\"2019-11-13T04:57:06+00:00\",\"breadcrumb\":{\"@id\":\"https:\\\/\\\/www.ahmadiyya-islam.org\\\/se\\\/messias-har-kommit\\\/han-lar-ut-karlek-for-alla\\\/#breadcrumb\"},\"inLanguage\":\"sv-SE\",\"potentialAction\":[{\"@type\":\"ReadAction\",\"target\":[\"https:\\\/\\\/www.ahmadiyya-islam.org\\\/se\\\/messias-har-kommit\\\/han-lar-ut-karlek-for-alla\\\/\"]}]},{\"@type\":\"BreadcrumbList\",\"@id\":\"https:\\\/\\\/www.ahmadiyya-islam.org\\\/se\\\/messias-har-kommit\\\/han-lar-ut-karlek-for-alla\\\/#breadcrumb\",\"itemListElement\":[{\"@type\":\"ListItem\",\"position\":1,\"name\":\"Home\",\"item\":\"https:\\\/\\\/www.ahmadiyya-islam.org\\\/se\\\/\"},{\"@type\":\"ListItem\",\"position\":2,\"name\":\"Messias har kommit\",\"item\":\"https:\\\/\\\/www.ahmadiyya-islam.org\\\/se\\\/messias-har-kommit\\\/\"},{\"@type\":\"ListItem\",\"position\":3,\"name\":\"Han l\u00e4r ut k\u00e4rlek f\u00f6r alla\"}]},{\"@type\":\"WebSite\",\"@id\":\"https:\\\/\\\/www.ahmadiyya-islam.org\\\/se\\\/#website\",\"url\":\"https:\\\/\\\/www.ahmadiyya-islam.org\\\/se\\\/\",\"name\":\"Islams Ahmadiyya F\u00f6rsamling\",\"description\":\"Sverige\",\"potentialAction\":[{\"@type\":\"SearchAction\",\"target\":{\"@type\":\"EntryPoint\",\"urlTemplate\":\"https:\\\/\\\/www.ahmadiyya-islam.org\\\/se\\\/?s={search_term_string}\"},\"query-input\":{\"@type\":\"PropertyValueSpecification\",\"valueRequired\":true,\"valueName\":\"search_term_string\"}}],\"inLanguage\":\"sv-SE\"}]}<\/script>\n<!-- \/ Yoast SEO Premium plugin. -->","yoast_head_json":{"title":"Han l\u00e4r ut k\u00e4rlek f\u00f6r alla - Islams Ahmadiyya F\u00f6rsamling","robots":{"index":"index","follow":"follow","max-snippet":"max-snippet:-1","max-image-preview":"max-image-preview:large","max-video-preview":"max-video-preview:-1"},"canonical":"https:\/\/www.ahmadiyya-islam.org\/se\/messias-har-kommit\/han-lar-ut-karlek-for-alla\/","og_locale":"sv_SE","og_type":"article","og_title":"Han l\u00e4r ut k\u00e4rlek f\u00f6r alla","og_description":"Han l\u00e4r ut k\u00e4rlek f\u00f6r alla, hat mot ingen; respekt f\u00f6r alla religioner. Messias har kommit \u201dEn ytterst attraktiv och fredgivande princip som utg\u00f6r grunden f\u00f6r f\u00f6rsoning mellan folk och fr\u00e4mjar b\u00e4ttre moraliskt beteende\u2026 l\u00e4r oss att tro p\u00e5 sannheten av alla profeter varhelst de framtr\u00e4tt; i Indien, Persien, Kina eller i n\u00e5got annat land,","og_url":"https:\/\/www.ahmadiyya-islam.org\/se\/messias-har-kommit\/han-lar-ut-karlek-for-alla\/","og_site_name":"Islams Ahmadiyya F\u00f6rsamling","twitter_card":"summary_large_image","twitter_misc":{"Ber\u00e4knad l\u00e4stid":"2 minuter"},"schema":{"@context":"https:\/\/schema.org","@graph":[{"@type":"WebPage","@id":"https:\/\/www.ahmadiyya-islam.org\/se\/messias-har-kommit\/han-lar-ut-karlek-for-alla\/","url":"https:\/\/www.ahmadiyya-islam.org\/se\/messias-har-kommit\/han-lar-ut-karlek-for-alla\/","name":"Han l\u00e4r ut k\u00e4rlek f\u00f6r alla - Islams Ahmadiyya F\u00f6rsamling","isPartOf":{"@id":"https:\/\/www.ahmadiyya-islam.org\/se\/#website"},"datePublished":"2019-11-13T04:57:06+00:00","breadcrumb":{"@id":"https:\/\/www.ahmadiyya-islam.org\/se\/messias-har-kommit\/han-lar-ut-karlek-for-alla\/#breadcrumb"},"inLanguage":"sv-SE","potentialAction":[{"@type":"ReadAction","target":["https:\/\/www.ahmadiyya-islam.org\/se\/messias-har-kommit\/han-lar-ut-karlek-for-alla\/"]}]},{"@type":"BreadcrumbList","@id":"https:\/\/www.ahmadiyya-islam.org\/se\/messias-har-kommit\/han-lar-ut-karlek-for-alla\/#breadcrumb","itemListElement":[{"@type":"ListItem","position":1,"name":"Home","item":"https:\/\/www.ahmadiyya-islam.org\/se\/"},{"@type":"ListItem","position":2,"name":"Messias har kommit","item":"https:\/\/www.ahmadiyya-islam.org\/se\/messias-har-kommit\/"},{"@type":"ListItem","position":3,"name":"Han l\u00e4r ut k\u00e4rlek f\u00f6r alla"}]},{"@type":"WebSite","@id":"https:\/\/www.ahmadiyya-islam.org\/se\/#website","url":"https:\/\/www.ahmadiyya-islam.org\/se\/","name":"Islams Ahmadiyya F\u00f6rsamling","description":"Sverige","potentialAction":[{"@type":"SearchAction","target":{"@type":"EntryPoint","urlTemplate":"https:\/\/www.ahmadiyya-islam.org\/se\/?s={search_term_string}"},"query-input":{"@type":"PropertyValueSpecification","valueRequired":true,"valueName":"search_term_string"}}],"inLanguage":"sv-SE"}]}},"_links":{"self":[{"href":"https:\/\/www.ahmadiyya-islam.org\/se\/wp-json\/wp\/v2\/pages\/3107","targetHints":{"allow":["GET"]}}],"collection":[{"href":"https:\/\/www.ahmadiyya-islam.org\/se\/wp-json\/wp\/v2\/pages"}],"about":[{"href":"https:\/\/www.ahmadiyya-islam.org\/se\/wp-json\/wp\/v2\/types\/page"}],"author":[{"embeddable":true,"href":"https:\/\/www.ahmadiyya-islam.org\/se\/wp-json\/wp\/v2\/users\/13"}],"replies":[{"embeddable":true,"href":"https:\/\/www.ahmadiyya-islam.org\/se\/wp-json\/wp\/v2\/comments?post=3107"}],"version-history":[{"count":0,"href":"https:\/\/www.ahmadiyya-islam.org\/se\/wp-json\/wp\/v2\/pages\/3107\/revisions"}],"up":[{"embeddable":true,"href":"https:\/\/www.ahmadiyya-islam.org\/se\/wp-json\/wp\/v2\/pages\/3087"}],"wp:attachment":[{"href":"https:\/\/www.ahmadiyya-islam.org\/se\/wp-json\/wp\/v2\/media?parent=3107"}],"curies":[{"name":"wp","href":"https:\/\/api.w.org\/{rel}","templated":true}]}}