{"id":3094,"date":"2019-11-13T04:38:38","date_gmt":"2019-11-13T04:38:38","guid":{"rendered":"https:\/\/www.ahmadiyya-islam.org\/se\/?page_id=3094"},"modified":"2019-11-13T04:38:38","modified_gmt":"2019-11-13T04:38:38","slug":"behovet-av-religion","status":"publish","type":"page","link":"https:\/\/www.ahmadiyya-islam.org\/se\/messias-har-kommit\/behovet-av-religion\/","title":{"rendered":"Behovet av religion"},"content":{"rendered":"<p>Den Utlovade Messias<sup>as<\/sup> skriver:<\/p>\n<p>\u201dI v\u00e4rlden engagerar sig m\u00e4nniskor i tusentals olika utt\u00f6mmande diskussioner f\u00f6r att granska religion, men de saknar ett slutgiltigt m\u00e5l eller slutsats att sikta p\u00e5. En sann religion \u00e4r s\u00e5 pass framg\u00e5ngsrik i att avl\u00e4gsna m\u00e4nsklig blindhet och att sk\u00e4nka v\u00e4lsignelser att dess f\u00f6ljare i sina praktiska liv tydligt kan ses uttrycka h\u00e4ngivenhet till Gud och k\u00e4rlek samt tillgivenhet f\u00f6r Guds skapelse. Den som \u00e4r sant h\u00e4ngiven \u00e5t en s\u00e5dan religion kommer att n\u00e5 det slutgiltiga m\u00e5let och syftet f\u00f6r vilket deras sj\u00e4lar t\u00f6rstar och l\u00e4ngtar efter att uppn\u00e5. Ofta tror m\u00e4nniskor p\u00e5 en inbillad Gud vars krafter inte l\u00e4ngre \u00e4r synliga varken i nutid eller framtid, utan de har ist\u00e4llet kvarl\u00e4mnats i tidigare ber\u00e4ttelser \u00e5tergivna av deras f\u00f6ljare. D\u00e5 de tror p\u00e5 ett hypotetiskt koncept om Gud s\u00e5 f\u00f6rm\u00e5r de inte att avst\u00e5 fr\u00e5n synd; ju mer deras tr\u00e5ngsynthet och f\u00f6rdomsfullhet \u00f6kar, desto mer \u00f6kar deras dj\u00e4rvhet i att utf\u00f6ra omoraliska och onda handlingar. Sj\u00e4lviska och egoistiska passioner \u00f6verv\u00e4ldigar dem likt en flod, som bryter sina vallar och \u00f6versv\u00e4mmar den \u00e5t alla h\u00e5ll och \u00f6del\u00e4gger m\u00e5nga marker och hem.\u201d<\/p>\n<p>\u201dDen fr\u00e4msta uppgiften en person har \u00e4r att uppn\u00e5 \u00f6vertygelse om Guds existens, och anta en s\u00e5dan religion som kan ge en s\u00e5dan \u00f6vertygelse att han kan frukta Gud och sky synd. Hur kan man uppn\u00e5 en s\u00e5dan \u00f6vertygelse? Det kan inte ske enbart genom sagor och ber\u00e4ttelser. Det kan inte uppn\u00e5s av enbart argument. Det enda s\u00e4ttet att uppn\u00e5 \u00f6vertygelse \u00e4r att uppleva Gud upprepade g\u00e5nger genom samtal med Honom eller att vittna Hans extraordin\u00e4ra tecken, eller att h\u00e5lla s\u00e4llskap med n\u00e5gon som har denna upplevelse.\u201d<\/p>\n<p>\u201dMan b\u00f6r komma ih\u00e5g att religion inte enbart avser att delta i diskussioner, debatter och ordv\u00e4xlingar. Detta saknar betydelse s\u00e5vida man inte utvecklar det praktiska tillst\u00e5nd som religionen kr\u00e4ver. Annars vore det n\u00e5got som Gud ogillar. Vi vet utifr\u00e5n det praktiska tillst\u00e5ndet hos tidigare helgon inom Islam och Hinduism att de levde som de l\u00e4rde.\u201d<\/p>\n<p>\u201dProfeterna f\u00f6rr i tiden skickades enbart f\u00f6r specifika nationer, klaner och folk och d\u00e4rf\u00f6r var de l\u00e4ror som dessa profeter medf\u00f6rde ofull\u00e4ndade. M\u00e4nskligheten utvecklades fortsatt och gjorde framsteg i sitt f\u00f6rst\u00e5nd, intelligens samt f\u00f6rm\u00e5gor och d\u00e4rf\u00f6r var beh\u00f6ver behovet av reformation mindre omfattande d\u00e5 m\u00e4nskligheten \u00e4nnu inte var redo f\u00f6r den h\u00f6gsta formen av l\u00e4ra. Slutligen kom den tid d\u00e5 m\u00e4nniskans f\u00f6rm\u00e5gor hade gjort tillr\u00e4ckliga framsteg men synd, last, immoralitet, ondska och dyrkandet av m\u00e4nniskor var omfattande i v\u00e4rlden. Sann Enhet av Gud (tauhid) och Sannf\u00e4rdighet fanns ej att besk\u00e5da varken hos hinduer, zoroastrer, judar eller kristna, och m\u00e4nniskornas f\u00f6rm\u00e5gor var insvepta i m\u00e4rker och i sj\u00e4lviska motiv och passioner. Vid denna tid uppenbarade Gud den Heliga Qur\u00b4anen f\u00f6r den Helige Profeten<sup>sa<\/sup> och l\u00e4rde ut Islam till v\u00e4rlden, som \u00e4r perfekt och full\u00e4ndad.\u201d<\/p>\n<p>\u201dM\u00e4nniskan har skapats f\u00f6r att lyda och underkasta sig Gud. Ingen \u00f6nskar f\u00f6rbli blind och om n\u00e5gon s\u00e5ledes \u00e4r medveten om att fr\u00e4lsning finns i att l\u00e4ra k\u00e4nna Gud s\u00e5 kan de i sitt s\u00f6kande efter Honom inte n\u00f6ja sig med blott en handfull ber\u00e4ttelser och legender. De skulle snarare vilja bli fullt bekanta med Guds Full\u00e4ndade Attribut s\u00e5 att Han m\u00e5 igenk\u00e4nnas. Enbart genom att f\u00f6lja Islam kan denna \u00f6nskan bli fruktbar. Hos vissa har denna \u00f6nskan kv\u00e4vts av deras sj\u00e4lviska egon och passioner. Det finns de som l\u00e4ngtar efter v\u00e4rldsliga njutningar och n\u00f6jen och \u00e4r besatta av materialism och d\u00e4rf\u00f6r helt negligerar Gud och saknar helt viljan att eftertrakta kontakt med Gud\u2026 Islams Gud st\u00e4nger inte v\u00e4lsignelsens portar \u00f6ver n\u00e5gon, utan inbjuder med \u00f6ppna armar och s\u00e4ger att de som f\u00f6rbrukar all sin energi i att rusa mot Honom kommer att finna porten till Hans bel\u00f6ningar och frikostighet vid\u00f6ppen.\u201d<\/p>\n<p>\u201dEn religion som inte framvisar levande tecken misslyckas med att locka sina f\u00f6ljare till Gud och kan inte ingjuta motvilja till synd och last i dem. Religi\u00f6sa anh\u00e4ngare m\u00e5 h\u00f6gt proklamera sin religion men det \u00e4r om\u00f6jligt f\u00f6r dem att uppn\u00e5 ett sant rent hj\u00e4rta, v\u00e4lm\u00e5ende och \u00e4kta fruktan f\u00f6r Gud s\u00e5 l\u00e4nge de inte upplever en extraordin\u00e4r h\u00e4ndelse genom att f\u00f6lja den religionen. Ett nytt liv kan enbart ingjutas inom en n\u00e4r f\u00e4rsk \u00f6vertygelse och tro frambringas, och detta \u00e4r, och som det alltid har varit, endast m\u00f6jligt n\u00e4r nya mirakler visas. \u201d<\/p>\n<p>\u201dJag vill klarg\u00f6ra f\u00f6r muslimer, kristna, hinduer och Arierna att jag inte har n\u00e5gon fiende. Jag \u00e4lskar alla m\u00e4nniskor likt en barmh\u00e4rtig mor \u00e4lskar sina barn. Nej, \u00e4nnu mer! Jag \u00e4r endast fientlig till falska l\u00e4ror, l\u00e4ror som mots\u00e4tter sig sanningen. Sympati med alla m\u00e4nniskor \u00e4r mitt kall. Att predika mot falskhet, illojalitet mot Gud, tyranni, ondskefullt uppf\u00f6rande, or\u00e4ttvisa och immoralitet \u00e4r mitt uppdrag.<\/p>\n<p>Min motivation f\u00f6r denna djupa sympati \u00e4r att jag har funnit en guldgruva, och f\u00e5tt tillg\u00e5ng till en obegr\u00e4nsad k\u00e4lla av v\u00e4rdefulla stenar. I denna gruva har jag funnit en skimrande och ov\u00e4rderlig juvel. Den \u00e4r s\u00e5 ov\u00e4rderlig att om jag delar den bland alla mina medm\u00e4nniskor, s\u00e5 kommer varenda en att bli rikare \u00e4n den rikaste bland dem i guld och silver. Vad \u00e4r denna juvel? Det \u00e4r den sanne Guden. Att n\u00e5 Honom \u00e4r att k\u00e4nna Honom, att bli fullst\u00e4ndigt medveten om Honom, att hysa sann tro p\u00e5 Honom, att f\u00f6renas med Honom i sann k\u00e4rlek. Att mottaga sanna v\u00e4lsignelser ifr\u00e5n Honom i utbyte. D\u00e5 jag funnit en s\u00e5dan ov\u00e4rderlig skatt, vore det ondsint av mig om jag inte l\u00e5ter mina medm\u00e4nniskor f\u00e5 k\u00e4nnedom om detta. Kan jag l\u00e5ta dem g\u00e5 hungriga medan jag har v\u00e4lst\u00e5nd? Nej, det ska inte f\u00e5 bli s\u00e5, s\u00e5 l\u00e4nge jag kan vara till tj\u00e4nst. Mitt hj\u00e4rta brinner \u00f6ver deras n\u00f6d och hunger. Min sj\u00e4lblir nedst\u00e4md \u00f6ver deras m\u00f6rka och anstr\u00e4ngda tillvaro. Jag vill se deras hem fyllas med gudomliga rikedomar. Jag vill se de, fulla av tro och sanning. Fulla till sitt m\u00e5tt.\u201d<\/p>\n<p>\u201dGud \u00e4r en \u00e4lskv\u00e4rd skatt. H\u00e5ll Honom k\u00e4r. Han \u00e4r din Hj\u00e4lp p\u00e5 varje steg. Du \u00e4r ingenting utan Honom och (utan Honom) \u00e4r era medel och metoder inneh\u00e5llsl\u00f6sa.\u201d<\/p>\n<p>Den fem pelarna av Islam utg\u00f6r v\u00e5r bek\u00e4nnelse. Guds uppenbarelse, dvs Qur\u00b4anen som vi uppmanas att h\u00e5lla fast vid, st\u00e5r vi fast vid. M\u00e5tte Gud vara behagad med Umar, likt honom har vi st\u00e4ndigt orden \u201dtillr\u00e4cklig f\u00f6r oss \u00e4r Guds skrift\u201d p\u00e5 v\u00e5ra l\u00e4ppar. Om det r\u00e5der mots\u00e4ttning mellan Hadith och Qur\u00b4anen s\u00e5 f\u00f6ljer vi Hazrat Aisha (m\u00e5tte Allah vara n\u00f6jd med henne) och v\u00e4ljer Qur\u00b4anen, s\u00e4rskilt g\u00e4llande de historiska texter som alla skolor betraktar vara fria fr\u00e5n till\u00e4gg. Och vi tror att det inte finns n\u00e5gon gudom, ingen v\u00e4rdig tillbedjan, annan \u00e4n den Allsm\u00e4ktige Allah, och att v\u00e5r m\u00e4stare Hazrat Muhammad Mustafa (m\u00e5 Allahs frid och v\u00e4lsignelser vare med honom) \u00e4r Hans s\u00e4ndebud och Khatamul-Anbiya. Och vi tror att \u00e4nglar existerar, att \u00e5terupplivandet av kropparna efter d\u00f6den \u00e4r sant, och att Domedagen ocks\u00e5 skall intr\u00e4ffa, och att Djanna (paradiset) och Gehanna (helvetet) existerar. Vi tror att allt det som l\u00e4rdes ut om detta av den Heliga Qur\u00b4anen och den Helige Profeten \u00e4r sant. Vi tror att den som \u00f6nskar subtrahera ett jota eller till\u00e4gga ett jota fr\u00e5n detta, Islams Shariah, och \u00e4ven den som f\u00f6rringar Islams p\u00e5bud och praktiker, helt saknar tro och en f\u00f6rnekare av Islam. Vi r\u00e5der v\u00e5r Jamat (f\u00f6rsamling) att hysa sann och uppriktig tro p\u00e5 den Heliga trosbek\u00e4nnelsen, La Ilaha Ill-Allah, Muhammad-ur-Rasulullah, att leva och d\u00f6 med detta, och \u00e4ven att tro p\u00e5 ala profeter och alla b\u00f6cker, vilkas sannhet intygas av Qur\u00b4anen; att med sann anda beakta fastan, b\u00f6nen (Salat), Zakat och Vallf\u00e4rden (Hajj) samt alla p\u00e5bud och f\u00f6rbud som Allah den Allsm\u00e4ktige och Hans S\u00e4ndebud fastslagit. I korthet r\u00e5der vi dem att deras tro skall innefatta alla \u00f6vertygelser och uppf\u00f6randekoder som enst\u00e4mmigt accepterats av tidiga muslimer, allts\u00e5 allt det som accepterades som en del av Islam genom konsensus av Ahl-i-Sunna. Det finns inget annat alternativ. Och vi kallar himmel och jord till vittne om att detta \u00e4r bek\u00e4nnelse och detta \u00e4r v\u00e5r tro.\u201d (Ayyamus Sulh s 86-87)<\/p>\n","protected":false},"excerpt":{"rendered":"<p>Den Utlovade Messiasas skriver: \u201dI v\u00e4rlden engagerar sig m\u00e4nniskor i tusentals olika utt\u00f6mmande diskussioner f\u00f6r att granska religion, men de saknar ett slutgiltigt m\u00e5l eller slutsats att sikta p\u00e5. En sann religion \u00e4r s\u00e5 pass framg\u00e5ngsrik i att avl\u00e4gsna m\u00e4nsklig blindhet och att sk\u00e4nka v\u00e4lsignelser att dess f\u00f6ljare i sina praktiska liv tydligt kan ses<\/p>\n","protected":false},"author":13,"featured_media":0,"parent":3087,"menu_order":-2,"comment_status":"closed","ping_status":"closed","template":"","meta":{"_acf_changed":false,"footnotes":""},"class_list":["post-3094","page","type-page","status-publish","hentry"],"acf":[],"yoast_head":"<!-- This site is optimized with the Yoast SEO Premium plugin v21.1 (Yoast SEO v27.4) - https:\/\/yoast.com\/product\/yoast-seo-premium-wordpress\/ -->\n<title>Behovet av religion - Islams Ahmadiyya F\u00f6rsamling<\/title>\n<meta name=\"robots\" content=\"index, follow, max-snippet:-1, max-image-preview:large, max-video-preview:-1\" \/>\n<link rel=\"canonical\" href=\"https:\/\/www.ahmadiyya-islam.org\/se\/messias-har-kommit\/behovet-av-religion\/\" \/>\n<meta property=\"og:locale\" content=\"sv_SE\" \/>\n<meta property=\"og:type\" content=\"article\" \/>\n<meta property=\"og:title\" content=\"Behovet av religion\" \/>\n<meta property=\"og:description\" content=\"Den Utlovade Messiasas skriver: \u201dI v\u00e4rlden engagerar sig m\u00e4nniskor i tusentals olika utt\u00f6mmande diskussioner f\u00f6r att granska religion, men de saknar ett slutgiltigt m\u00e5l eller slutsats att sikta p\u00e5. En sann religion \u00e4r s\u00e5 pass framg\u00e5ngsrik i att avl\u00e4gsna m\u00e4nsklig blindhet och att sk\u00e4nka v\u00e4lsignelser att dess f\u00f6ljare i sina praktiska liv tydligt kan ses\" \/>\n<meta property=\"og:url\" content=\"https:\/\/www.ahmadiyya-islam.org\/se\/messias-har-kommit\/behovet-av-religion\/\" \/>\n<meta property=\"og:site_name\" content=\"Islams Ahmadiyya F\u00f6rsamling\" \/>\n<meta name=\"twitter:card\" content=\"summary_large_image\" \/>\n<meta name=\"twitter:label1\" content=\"Ber\u00e4knad l\u00e4stid\" \/>\n\t<meta name=\"twitter:data1\" content=\"8 minuter\" \/>\n<script type=\"application\/ld+json\" class=\"yoast-schema-graph\">{\"@context\":\"https:\\\/\\\/schema.org\",\"@graph\":[{\"@type\":\"WebPage\",\"@id\":\"https:\\\/\\\/www.ahmadiyya-islam.org\\\/se\\\/messias-har-kommit\\\/behovet-av-religion\\\/\",\"url\":\"https:\\\/\\\/www.ahmadiyya-islam.org\\\/se\\\/messias-har-kommit\\\/behovet-av-religion\\\/\",\"name\":\"Behovet av religion - Islams Ahmadiyya F\u00f6rsamling\",\"isPartOf\":{\"@id\":\"https:\\\/\\\/www.ahmadiyya-islam.org\\\/se\\\/#website\"},\"datePublished\":\"2019-11-13T04:38:38+00:00\",\"breadcrumb\":{\"@id\":\"https:\\\/\\\/www.ahmadiyya-islam.org\\\/se\\\/messias-har-kommit\\\/behovet-av-religion\\\/#breadcrumb\"},\"inLanguage\":\"sv-SE\",\"potentialAction\":[{\"@type\":\"ReadAction\",\"target\":[\"https:\\\/\\\/www.ahmadiyya-islam.org\\\/se\\\/messias-har-kommit\\\/behovet-av-religion\\\/\"]}]},{\"@type\":\"BreadcrumbList\",\"@id\":\"https:\\\/\\\/www.ahmadiyya-islam.org\\\/se\\\/messias-har-kommit\\\/behovet-av-religion\\\/#breadcrumb\",\"itemListElement\":[{\"@type\":\"ListItem\",\"position\":1,\"name\":\"Home\",\"item\":\"https:\\\/\\\/www.ahmadiyya-islam.org\\\/se\\\/\"},{\"@type\":\"ListItem\",\"position\":2,\"name\":\"Messias har kommit\",\"item\":\"https:\\\/\\\/www.ahmadiyya-islam.org\\\/se\\\/messias-har-kommit\\\/\"},{\"@type\":\"ListItem\",\"position\":3,\"name\":\"Behovet av religion\"}]},{\"@type\":\"WebSite\",\"@id\":\"https:\\\/\\\/www.ahmadiyya-islam.org\\\/se\\\/#website\",\"url\":\"https:\\\/\\\/www.ahmadiyya-islam.org\\\/se\\\/\",\"name\":\"Islams Ahmadiyya F\u00f6rsamling\",\"description\":\"Sverige\",\"potentialAction\":[{\"@type\":\"SearchAction\",\"target\":{\"@type\":\"EntryPoint\",\"urlTemplate\":\"https:\\\/\\\/www.ahmadiyya-islam.org\\\/se\\\/?s={search_term_string}\"},\"query-input\":{\"@type\":\"PropertyValueSpecification\",\"valueRequired\":true,\"valueName\":\"search_term_string\"}}],\"inLanguage\":\"sv-SE\"}]}<\/script>\n<!-- \/ Yoast SEO Premium plugin. -->","yoast_head_json":{"title":"Behovet av religion - Islams Ahmadiyya F\u00f6rsamling","robots":{"index":"index","follow":"follow","max-snippet":"max-snippet:-1","max-image-preview":"max-image-preview:large","max-video-preview":"max-video-preview:-1"},"canonical":"https:\/\/www.ahmadiyya-islam.org\/se\/messias-har-kommit\/behovet-av-religion\/","og_locale":"sv_SE","og_type":"article","og_title":"Behovet av religion","og_description":"Den Utlovade Messiasas skriver: \u201dI v\u00e4rlden engagerar sig m\u00e4nniskor i tusentals olika utt\u00f6mmande diskussioner f\u00f6r att granska religion, men de saknar ett slutgiltigt m\u00e5l eller slutsats att sikta p\u00e5. En sann religion \u00e4r s\u00e5 pass framg\u00e5ngsrik i att avl\u00e4gsna m\u00e4nsklig blindhet och att sk\u00e4nka v\u00e4lsignelser att dess f\u00f6ljare i sina praktiska liv tydligt kan ses","og_url":"https:\/\/www.ahmadiyya-islam.org\/se\/messias-har-kommit\/behovet-av-religion\/","og_site_name":"Islams Ahmadiyya F\u00f6rsamling","twitter_card":"summary_large_image","twitter_misc":{"Ber\u00e4knad l\u00e4stid":"8 minuter"},"schema":{"@context":"https:\/\/schema.org","@graph":[{"@type":"WebPage","@id":"https:\/\/www.ahmadiyya-islam.org\/se\/messias-har-kommit\/behovet-av-religion\/","url":"https:\/\/www.ahmadiyya-islam.org\/se\/messias-har-kommit\/behovet-av-religion\/","name":"Behovet av religion - Islams Ahmadiyya F\u00f6rsamling","isPartOf":{"@id":"https:\/\/www.ahmadiyya-islam.org\/se\/#website"},"datePublished":"2019-11-13T04:38:38+00:00","breadcrumb":{"@id":"https:\/\/www.ahmadiyya-islam.org\/se\/messias-har-kommit\/behovet-av-religion\/#breadcrumb"},"inLanguage":"sv-SE","potentialAction":[{"@type":"ReadAction","target":["https:\/\/www.ahmadiyya-islam.org\/se\/messias-har-kommit\/behovet-av-religion\/"]}]},{"@type":"BreadcrumbList","@id":"https:\/\/www.ahmadiyya-islam.org\/se\/messias-har-kommit\/behovet-av-religion\/#breadcrumb","itemListElement":[{"@type":"ListItem","position":1,"name":"Home","item":"https:\/\/www.ahmadiyya-islam.org\/se\/"},{"@type":"ListItem","position":2,"name":"Messias har kommit","item":"https:\/\/www.ahmadiyya-islam.org\/se\/messias-har-kommit\/"},{"@type":"ListItem","position":3,"name":"Behovet av religion"}]},{"@type":"WebSite","@id":"https:\/\/www.ahmadiyya-islam.org\/se\/#website","url":"https:\/\/www.ahmadiyya-islam.org\/se\/","name":"Islams Ahmadiyya F\u00f6rsamling","description":"Sverige","potentialAction":[{"@type":"SearchAction","target":{"@type":"EntryPoint","urlTemplate":"https:\/\/www.ahmadiyya-islam.org\/se\/?s={search_term_string}"},"query-input":{"@type":"PropertyValueSpecification","valueRequired":true,"valueName":"search_term_string"}}],"inLanguage":"sv-SE"}]}},"_links":{"self":[{"href":"https:\/\/www.ahmadiyya-islam.org\/se\/wp-json\/wp\/v2\/pages\/3094","targetHints":{"allow":["GET"]}}],"collection":[{"href":"https:\/\/www.ahmadiyya-islam.org\/se\/wp-json\/wp\/v2\/pages"}],"about":[{"href":"https:\/\/www.ahmadiyya-islam.org\/se\/wp-json\/wp\/v2\/types\/page"}],"author":[{"embeddable":true,"href":"https:\/\/www.ahmadiyya-islam.org\/se\/wp-json\/wp\/v2\/users\/13"}],"replies":[{"embeddable":true,"href":"https:\/\/www.ahmadiyya-islam.org\/se\/wp-json\/wp\/v2\/comments?post=3094"}],"version-history":[{"count":0,"href":"https:\/\/www.ahmadiyya-islam.org\/se\/wp-json\/wp\/v2\/pages\/3094\/revisions"}],"up":[{"embeddable":true,"href":"https:\/\/www.ahmadiyya-islam.org\/se\/wp-json\/wp\/v2\/pages\/3087"}],"wp:attachment":[{"href":"https:\/\/www.ahmadiyya-islam.org\/se\/wp-json\/wp\/v2\/media?parent=3094"}],"curies":[{"name":"wp","href":"https:\/\/api.w.org\/{rel}","templated":true}]}}