{"id":3090,"date":"2019-11-13T04:23:58","date_gmt":"2019-11-13T04:23:58","guid":{"rendered":"https:\/\/www.ahmadiyya-islam.org\/se\/?page_id=3090"},"modified":"2019-11-13T04:41:58","modified_gmt":"2019-11-13T04:41:58","slug":"behovet-av-gud-nu-korr","status":"publish","type":"page","link":"https:\/\/www.ahmadiyya-islam.org\/se\/messias-har-kommit\/behovet-av-gud-nu-korr\/","title":{"rendered":"Behovet av Gud nu"},"content":{"rendered":"<p>Det \u00e4r den tysta epidemin just nu som h\u00e5ller p\u00e5 att dra mattan under oss, som \u00e4r mest farlig. Det \u00e4r n\u00e4rmare best\u00e4mt epidemin av depression som har spridit sig i de moderna v\u00e4sterl\u00e4ndska samh\u00e4llena som en l\u00f6peld under de senaste decennierna, och har krossat viljan att leva trots anspr\u00e5k p\u00e5 \u00f6kande humanitet.<\/p>\n<p>Situationen \u00e4r alarmerande. Psykisk oh\u00e4lsa \u00f6kar i befolkningen och fr\u00e4mst bland ungdomar. Vi talar nu enbart om psykisk oh\u00e4lsa, men i sj\u00e4lva verket \u00e4r detta en grovt felaktig analys. Den kris vi genomg\u00e5r \u00e4r i sj\u00e4lva verket en andlig s\u00e5dan och det \u00e4r detta som leder till psykisk oh\u00e4lsa. Och allt detta beror p\u00e5 att materialism har avl\u00e4gsnat Gud fr\u00e5n den moderna m\u00e4nniskans liv.<\/p>\n<p>Det finns inte l\u00e4ngre n\u00e5gon Gud eller religion i den moderna m\u00e4nniskans liv. Man v\u00e4rdes\u00e4tter inte l\u00e4ngre konceptet av andlig utveckling. Ingen riktar uppm\u00e4rksamhet mot en \u00f6kad f\u00f6rst\u00e5else och relation med v\u00e5r Skapare. Det finns inga incitament till att f\u00f6rst\u00e5 livets syfte och hur det b\u00f6r levas f\u00f6r att uppn\u00e5 individuell fred och framg\u00e5ng som ett samh\u00e4lle.<\/p>\n<p>I slut\u00e4ndan finns enbart en l\u00f6sning som kan f\u00f6ra oss tillbaka fr\u00e5n avgrundens rand. Tillbaka fr\u00e5n ett globalt krig. Fr\u00e5n den psykiska oh\u00e4lsans djup. Fr\u00e5n omoralens vildmark.<\/p>\n<p>F\u00f6r att \u00e5terh\u00e4mta oss fr\u00e5n allt detta m\u00e5ste vi \u00e5terfinna Gud. Vi m\u00e5ste g\u00e5 tillbaka till v\u00e5r Skapare och tillbaka till v\u00e5rt syfte. Om m\u00e4nniskan inte skapade sig sj\u00e4lv, s\u00e5 kan hon sj\u00e4lv inte heller avg\u00f6ra sitt syfte. Nej, den r\u00e4tten innehar v\u00e5r Skapare.<\/p>\n<p>Enligt m\u00e4nniskans historia s\u00e5 kan denna \u00e5terg\u00e5ng, att finna Gud, enbart ske genom ankomsten av en Profet bland oss. En Profet som g\u00f6r oss samma f\u00f6rtj\u00e4nst som tidigare profeter gjorde f\u00f6r sina folk.<\/p>\n<p>En Profet f\u00f6r v\u00e5r tid. En Gudomlig reformator som ska f\u00f6rena alla religioner under en utvecklad religion, under en r\u00f6relse, under En Gud.<\/p>\n","protected":false},"excerpt":{"rendered":"<p>Det \u00e4r den tysta epidemin just nu som h\u00e5ller p\u00e5 att dra mattan under oss, som \u00e4r mest farlig. Det \u00e4r n\u00e4rmare best\u00e4mt epidemin av depression som har spridit sig i de moderna v\u00e4sterl\u00e4ndska samh\u00e4llena som en l\u00f6peld under de senaste decennierna, och har krossat viljan att leva trots anspr\u00e5k p\u00e5 \u00f6kande humanitet. Situationen \u00e4r<\/p>\n","protected":false},"author":13,"featured_media":0,"parent":3087,"menu_order":-2,"comment_status":"closed","ping_status":"closed","template":"","meta":{"_acf_changed":false,"footnotes":""},"class_list":["post-3090","page","type-page","status-publish","hentry"],"acf":[],"yoast_head":"<!-- This site is optimized with the Yoast SEO Premium plugin v21.1 (Yoast SEO v27.4) - https:\/\/yoast.com\/product\/yoast-seo-premium-wordpress\/ -->\n<title>Behovet av Gud nu - Islams Ahmadiyya F\u00f6rsamling<\/title>\n<meta name=\"robots\" content=\"index, follow, max-snippet:-1, max-image-preview:large, max-video-preview:-1\" \/>\n<link rel=\"canonical\" href=\"https:\/\/www.ahmadiyya-islam.org\/se\/messias-har-kommit\/behovet-av-gud-nu-korr\/\" \/>\n<meta property=\"og:locale\" content=\"sv_SE\" \/>\n<meta property=\"og:type\" content=\"article\" \/>\n<meta property=\"og:title\" content=\"Behovet av Gud nu\" \/>\n<meta property=\"og:description\" content=\"Det \u00e4r den tysta epidemin just nu som h\u00e5ller p\u00e5 att dra mattan under oss, som \u00e4r mest farlig. Det \u00e4r n\u00e4rmare best\u00e4mt epidemin av depression som har spridit sig i de moderna v\u00e4sterl\u00e4ndska samh\u00e4llena som en l\u00f6peld under de senaste decennierna, och har krossat viljan att leva trots anspr\u00e5k p\u00e5 \u00f6kande humanitet. Situationen \u00e4r\" \/>\n<meta property=\"og:url\" content=\"https:\/\/www.ahmadiyya-islam.org\/se\/messias-har-kommit\/behovet-av-gud-nu-korr\/\" \/>\n<meta property=\"og:site_name\" content=\"Islams Ahmadiyya F\u00f6rsamling\" \/>\n<meta property=\"article:modified_time\" content=\"2019-11-13T04:41:58+00:00\" \/>\n<meta name=\"twitter:card\" content=\"summary_large_image\" \/>\n<meta name=\"twitter:label1\" content=\"Ber\u00e4knad l\u00e4stid\" \/>\n\t<meta name=\"twitter:data1\" content=\"2 minuter\" \/>\n<script type=\"application\/ld+json\" class=\"yoast-schema-graph\">{\"@context\":\"https:\\\/\\\/schema.org\",\"@graph\":[{\"@type\":\"WebPage\",\"@id\":\"https:\\\/\\\/www.ahmadiyya-islam.org\\\/se\\\/messias-har-kommit\\\/behovet-av-gud-nu-korr\\\/\",\"url\":\"https:\\\/\\\/www.ahmadiyya-islam.org\\\/se\\\/messias-har-kommit\\\/behovet-av-gud-nu-korr\\\/\",\"name\":\"Behovet av Gud nu - Islams Ahmadiyya F\u00f6rsamling\",\"isPartOf\":{\"@id\":\"https:\\\/\\\/www.ahmadiyya-islam.org\\\/se\\\/#website\"},\"datePublished\":\"2019-11-13T04:23:58+00:00\",\"dateModified\":\"2019-11-13T04:41:58+00:00\",\"breadcrumb\":{\"@id\":\"https:\\\/\\\/www.ahmadiyya-islam.org\\\/se\\\/messias-har-kommit\\\/behovet-av-gud-nu-korr\\\/#breadcrumb\"},\"inLanguage\":\"sv-SE\",\"potentialAction\":[{\"@type\":\"ReadAction\",\"target\":[\"https:\\\/\\\/www.ahmadiyya-islam.org\\\/se\\\/messias-har-kommit\\\/behovet-av-gud-nu-korr\\\/\"]}]},{\"@type\":\"BreadcrumbList\",\"@id\":\"https:\\\/\\\/www.ahmadiyya-islam.org\\\/se\\\/messias-har-kommit\\\/behovet-av-gud-nu-korr\\\/#breadcrumb\",\"itemListElement\":[{\"@type\":\"ListItem\",\"position\":1,\"name\":\"Home\",\"item\":\"https:\\\/\\\/www.ahmadiyya-islam.org\\\/se\\\/\"},{\"@type\":\"ListItem\",\"position\":2,\"name\":\"Messias har kommit\",\"item\":\"https:\\\/\\\/www.ahmadiyya-islam.org\\\/se\\\/messias-har-kommit\\\/\"},{\"@type\":\"ListItem\",\"position\":3,\"name\":\"Behovet av Gud nu\"}]},{\"@type\":\"WebSite\",\"@id\":\"https:\\\/\\\/www.ahmadiyya-islam.org\\\/se\\\/#website\",\"url\":\"https:\\\/\\\/www.ahmadiyya-islam.org\\\/se\\\/\",\"name\":\"Islams Ahmadiyya F\u00f6rsamling\",\"description\":\"Sverige\",\"potentialAction\":[{\"@type\":\"SearchAction\",\"target\":{\"@type\":\"EntryPoint\",\"urlTemplate\":\"https:\\\/\\\/www.ahmadiyya-islam.org\\\/se\\\/?s={search_term_string}\"},\"query-input\":{\"@type\":\"PropertyValueSpecification\",\"valueRequired\":true,\"valueName\":\"search_term_string\"}}],\"inLanguage\":\"sv-SE\"}]}<\/script>\n<!-- \/ Yoast SEO Premium plugin. -->","yoast_head_json":{"title":"Behovet av Gud nu - Islams Ahmadiyya F\u00f6rsamling","robots":{"index":"index","follow":"follow","max-snippet":"max-snippet:-1","max-image-preview":"max-image-preview:large","max-video-preview":"max-video-preview:-1"},"canonical":"https:\/\/www.ahmadiyya-islam.org\/se\/messias-har-kommit\/behovet-av-gud-nu-korr\/","og_locale":"sv_SE","og_type":"article","og_title":"Behovet av Gud nu","og_description":"Det \u00e4r den tysta epidemin just nu som h\u00e5ller p\u00e5 att dra mattan under oss, som \u00e4r mest farlig. Det \u00e4r n\u00e4rmare best\u00e4mt epidemin av depression som har spridit sig i de moderna v\u00e4sterl\u00e4ndska samh\u00e4llena som en l\u00f6peld under de senaste decennierna, och har krossat viljan att leva trots anspr\u00e5k p\u00e5 \u00f6kande humanitet. Situationen \u00e4r","og_url":"https:\/\/www.ahmadiyya-islam.org\/se\/messias-har-kommit\/behovet-av-gud-nu-korr\/","og_site_name":"Islams Ahmadiyya F\u00f6rsamling","article_modified_time":"2019-11-13T04:41:58+00:00","twitter_card":"summary_large_image","twitter_misc":{"Ber\u00e4knad l\u00e4stid":"2 minuter"},"schema":{"@context":"https:\/\/schema.org","@graph":[{"@type":"WebPage","@id":"https:\/\/www.ahmadiyya-islam.org\/se\/messias-har-kommit\/behovet-av-gud-nu-korr\/","url":"https:\/\/www.ahmadiyya-islam.org\/se\/messias-har-kommit\/behovet-av-gud-nu-korr\/","name":"Behovet av Gud nu - Islams Ahmadiyya F\u00f6rsamling","isPartOf":{"@id":"https:\/\/www.ahmadiyya-islam.org\/se\/#website"},"datePublished":"2019-11-13T04:23:58+00:00","dateModified":"2019-11-13T04:41:58+00:00","breadcrumb":{"@id":"https:\/\/www.ahmadiyya-islam.org\/se\/messias-har-kommit\/behovet-av-gud-nu-korr\/#breadcrumb"},"inLanguage":"sv-SE","potentialAction":[{"@type":"ReadAction","target":["https:\/\/www.ahmadiyya-islam.org\/se\/messias-har-kommit\/behovet-av-gud-nu-korr\/"]}]},{"@type":"BreadcrumbList","@id":"https:\/\/www.ahmadiyya-islam.org\/se\/messias-har-kommit\/behovet-av-gud-nu-korr\/#breadcrumb","itemListElement":[{"@type":"ListItem","position":1,"name":"Home","item":"https:\/\/www.ahmadiyya-islam.org\/se\/"},{"@type":"ListItem","position":2,"name":"Messias har kommit","item":"https:\/\/www.ahmadiyya-islam.org\/se\/messias-har-kommit\/"},{"@type":"ListItem","position":3,"name":"Behovet av Gud nu"}]},{"@type":"WebSite","@id":"https:\/\/www.ahmadiyya-islam.org\/se\/#website","url":"https:\/\/www.ahmadiyya-islam.org\/se\/","name":"Islams Ahmadiyya F\u00f6rsamling","description":"Sverige","potentialAction":[{"@type":"SearchAction","target":{"@type":"EntryPoint","urlTemplate":"https:\/\/www.ahmadiyya-islam.org\/se\/?s={search_term_string}"},"query-input":{"@type":"PropertyValueSpecification","valueRequired":true,"valueName":"search_term_string"}}],"inLanguage":"sv-SE"}]}},"_links":{"self":[{"href":"https:\/\/www.ahmadiyya-islam.org\/se\/wp-json\/wp\/v2\/pages\/3090","targetHints":{"allow":["GET"]}}],"collection":[{"href":"https:\/\/www.ahmadiyya-islam.org\/se\/wp-json\/wp\/v2\/pages"}],"about":[{"href":"https:\/\/www.ahmadiyya-islam.org\/se\/wp-json\/wp\/v2\/types\/page"}],"author":[{"embeddable":true,"href":"https:\/\/www.ahmadiyya-islam.org\/se\/wp-json\/wp\/v2\/users\/13"}],"replies":[{"embeddable":true,"href":"https:\/\/www.ahmadiyya-islam.org\/se\/wp-json\/wp\/v2\/comments?post=3090"}],"version-history":[{"count":0,"href":"https:\/\/www.ahmadiyya-islam.org\/se\/wp-json\/wp\/v2\/pages\/3090\/revisions"}],"up":[{"embeddable":true,"href":"https:\/\/www.ahmadiyya-islam.org\/se\/wp-json\/wp\/v2\/pages\/3087"}],"wp:attachment":[{"href":"https:\/\/www.ahmadiyya-islam.org\/se\/wp-json\/wp\/v2\/media?parent=3090"}],"curies":[{"name":"wp","href":"https:\/\/api.w.org\/{rel}","templated":true}]}}