{"id":3087,"date":"2020-12-29T04:18:48","date_gmt":"2020-12-29T04:18:48","guid":{"rendered":"https:\/\/www.ahmadiyya-islam.org\/se\/?page_id=3087"},"modified":"2022-06-27T17:57:28","modified_gmt":"2022-06-27T17:57:28","slug":"messias-har-kommit","status":"publish","type":"page","link":"https:\/\/www.ahmadiyya-islam.org\/se\/messias-har-kommit\/","title":{"rendered":"Messias har kommit"},"content":{"rendered":"<p><img loading=\"lazy\" decoding=\"async\" class=\"size-full wp-image-3153 alignleft\" src=\"https:\/\/www.ahmadiyya-islam.org\/se\/wp-content\/uploads\/sites\/5\/2020\/04\/messias.jpg\" alt=\"\" width=\"1024\" height=\"572\" srcset=\"https:\/\/www.ahmadiyya-islam.org\/se\/wp-content\/uploads\/sites\/5\/2020\/04\/messias.jpg 1024w, https:\/\/www.ahmadiyya-islam.org\/se\/wp-content\/uploads\/sites\/5\/2020\/04\/messias-300x168.jpg 300w, https:\/\/www.ahmadiyya-islam.org\/se\/wp-content\/uploads\/sites\/5\/2020\/04\/messias-768x429.jpg 768w\" sizes=\"auto, (max-width: 1024px) 100vw, 1024px\" \/><\/p>\n<p>Islams Ahmadiyya f\u00f6rsamling lanserar kampanjen &#8221;Messias har kommit&#8221;.<\/p>\n<p>Syftet med denna kampanj \u00e4r att ber\u00f6ra de fr\u00e5gor som vi tycker \u00e4r av absolut h\u00f6gsta vikt och betydelse f\u00f6r v\u00e5r samtid.<\/p>\n<ul>\n<li>Varf\u00f6r beh\u00f6vs religion?<\/li>\n<li>Hur etablerar vi fred och r\u00e4ttvisa?<\/li>\n<li>Och, vem \u00e4r den person vars ankomst alla olika v\u00e4rldsreligioner f\u00f6rutsp\u00e5dde i den sista tiden?<\/li>\n<\/ul>\n","protected":false},"excerpt":{"rendered":"<p>Islams Ahmadiyya f\u00f6rsamling lanserar kampanjen &#8221;Messias har kommit&#8221;. Syftet med denna kampanj \u00e4r att ber\u00f6ra de fr\u00e5gor som vi tycker \u00e4r av absolut h\u00f6gsta vikt och betydelse f\u00f6r v\u00e5r samtid. Varf\u00f6r beh\u00f6vs religion? Hur etablerar vi fred och r\u00e4ttvisa? Och, vem \u00e4r den person vars ankomst alla olika v\u00e4rldsreligioner f\u00f6rutsp\u00e5dde i den sista tiden?<\/p>\n","protected":false},"author":13,"featured_media":0,"parent":0,"menu_order":11,"comment_status":"closed","ping_status":"closed","template":"","meta":{"_acf_changed":false,"footnotes":""},"class_list":["post-3087","page","type-page","status-publish","hentry"],"acf":[],"yoast_head":"<!-- This site is optimized with the Yoast SEO Premium plugin v21.1 (Yoast SEO v27.0) - https:\/\/yoast.com\/product\/yoast-seo-premium-wordpress\/ -->\n<title>Messias har kommit - Islams Ahmadiyya F\u00f6rsamling<\/title>\n<meta name=\"robots\" content=\"index, follow, max-snippet:-1, max-image-preview:large, max-video-preview:-1\" \/>\n<link rel=\"canonical\" href=\"https:\/\/www.ahmadiyya-islam.org\/se\/messias-har-kommit\/\" \/>\n<meta property=\"og:locale\" content=\"sv_SE\" \/>\n<meta property=\"og:type\" content=\"article\" \/>\n<meta property=\"og:title\" content=\"Messias har kommit\" \/>\n<meta property=\"og:description\" content=\"Islams Ahmadiyya f\u00f6rsamling lanserar kampanjen &#8221;Messias har kommit&#8221;. Syftet med denna kampanj \u00e4r att ber\u00f6ra de fr\u00e5gor som vi tycker \u00e4r av absolut h\u00f6gsta vikt och betydelse f\u00f6r v\u00e5r samtid. Varf\u00f6r beh\u00f6vs religion? Hur etablerar vi fred och r\u00e4ttvisa? Och, vem \u00e4r den person vars ankomst alla olika v\u00e4rldsreligioner f\u00f6rutsp\u00e5dde i den sista tiden?\" \/>\n<meta property=\"og:url\" content=\"https:\/\/www.ahmadiyya-islam.org\/se\/messias-har-kommit\/\" \/>\n<meta property=\"og:site_name\" content=\"Islams Ahmadiyya F\u00f6rsamling\" \/>\n<meta property=\"article:modified_time\" content=\"2022-06-27T17:57:28+00:00\" \/>\n<meta property=\"og:image\" content=\"https:\/\/www.ahmadiyya-islam.org\/se\/wp-content\/uploads\/sites\/5\/2020\/04\/messias.jpg\" \/>\n<meta name=\"twitter:card\" content=\"summary_large_image\" \/>\n<meta name=\"twitter:label1\" content=\"Ber\u00e4knad l\u00e4stid\" \/>\n\t<meta name=\"twitter:data1\" content=\"1 minut\" \/>\n<script type=\"application\/ld+json\" class=\"yoast-schema-graph\">{\"@context\":\"https:\/\/schema.org\",\"@graph\":[{\"@type\":\"WebPage\",\"@id\":\"https:\/\/www.ahmadiyya-islam.org\/se\/messias-har-kommit\/\",\"url\":\"https:\/\/www.ahmadiyya-islam.org\/se\/messias-har-kommit\/\",\"name\":\"Messias har kommit - Islams Ahmadiyya F\u00f6rsamling\",\"isPartOf\":{\"@id\":\"https:\/\/www.ahmadiyya-islam.org\/se\/#website\"},\"primaryImageOfPage\":{\"@id\":\"https:\/\/www.ahmadiyya-islam.org\/se\/messias-har-kommit\/#primaryimage\"},\"image\":{\"@id\":\"https:\/\/www.ahmadiyya-islam.org\/se\/messias-har-kommit\/#primaryimage\"},\"thumbnailUrl\":\"https:\/\/www.ahmadiyya-islam.org\/se\/wp-content\/uploads\/sites\/5\/2020\/04\/messias.jpg\",\"datePublished\":\"2020-12-29T04:18:48+00:00\",\"dateModified\":\"2022-06-27T17:57:28+00:00\",\"breadcrumb\":{\"@id\":\"https:\/\/www.ahmadiyya-islam.org\/se\/messias-har-kommit\/#breadcrumb\"},\"inLanguage\":\"sv-SE\",\"potentialAction\":[{\"@type\":\"ReadAction\",\"target\":[\"https:\/\/www.ahmadiyya-islam.org\/se\/messias-har-kommit\/\"]}]},{\"@type\":\"ImageObject\",\"inLanguage\":\"sv-SE\",\"@id\":\"https:\/\/www.ahmadiyya-islam.org\/se\/messias-har-kommit\/#primaryimage\",\"url\":\"https:\/\/www.ahmadiyya-islam.org\/se\/wp-content\/uploads\/sites\/5\/2020\/04\/messias.jpg\",\"contentUrl\":\"https:\/\/www.ahmadiyya-islam.org\/se\/wp-content\/uploads\/sites\/5\/2020\/04\/messias.jpg\",\"width\":1024,\"height\":572},{\"@type\":\"BreadcrumbList\",\"@id\":\"https:\/\/www.ahmadiyya-islam.org\/se\/messias-har-kommit\/#breadcrumb\",\"itemListElement\":[{\"@type\":\"ListItem\",\"position\":1,\"name\":\"Home\",\"item\":\"https:\/\/www.ahmadiyya-islam.org\/se\/\"},{\"@type\":\"ListItem\",\"position\":2,\"name\":\"Messias har kommit\"}]},{\"@type\":\"WebSite\",\"@id\":\"https:\/\/www.ahmadiyya-islam.org\/se\/#website\",\"url\":\"https:\/\/www.ahmadiyya-islam.org\/se\/\",\"name\":\"Islams Ahmadiyya F\u00f6rsamling\",\"description\":\"Sverige\",\"potentialAction\":[{\"@type\":\"SearchAction\",\"target\":{\"@type\":\"EntryPoint\",\"urlTemplate\":\"https:\/\/www.ahmadiyya-islam.org\/se\/?s={search_term_string}\"},\"query-input\":{\"@type\":\"PropertyValueSpecification\",\"valueRequired\":true,\"valueName\":\"search_term_string\"}}],\"inLanguage\":\"sv-SE\"}]}<\/script>\n<!-- \/ Yoast SEO Premium plugin. -->","yoast_head_json":{"title":"Messias har kommit - Islams Ahmadiyya F\u00f6rsamling","robots":{"index":"index","follow":"follow","max-snippet":"max-snippet:-1","max-image-preview":"max-image-preview:large","max-video-preview":"max-video-preview:-1"},"canonical":"https:\/\/www.ahmadiyya-islam.org\/se\/messias-har-kommit\/","og_locale":"sv_SE","og_type":"article","og_title":"Messias har kommit","og_description":"Islams Ahmadiyya f\u00f6rsamling lanserar kampanjen &#8221;Messias har kommit&#8221;. Syftet med denna kampanj \u00e4r att ber\u00f6ra de fr\u00e5gor som vi tycker \u00e4r av absolut h\u00f6gsta vikt och betydelse f\u00f6r v\u00e5r samtid. Varf\u00f6r beh\u00f6vs religion? Hur etablerar vi fred och r\u00e4ttvisa? Och, vem \u00e4r den person vars ankomst alla olika v\u00e4rldsreligioner f\u00f6rutsp\u00e5dde i den sista tiden?","og_url":"https:\/\/www.ahmadiyya-islam.org\/se\/messias-har-kommit\/","og_site_name":"Islams Ahmadiyya F\u00f6rsamling","article_modified_time":"2022-06-27T17:57:28+00:00","og_image":[{"url":"https:\/\/www.ahmadiyya-islam.org\/se\/wp-content\/uploads\/sites\/5\/2020\/04\/messias.jpg","type":"","width":"","height":""}],"twitter_card":"summary_large_image","twitter_misc":{"Ber\u00e4knad l\u00e4stid":"1 minut"},"schema":{"@context":"https:\/\/schema.org","@graph":[{"@type":"WebPage","@id":"https:\/\/www.ahmadiyya-islam.org\/se\/messias-har-kommit\/","url":"https:\/\/www.ahmadiyya-islam.org\/se\/messias-har-kommit\/","name":"Messias har kommit - Islams Ahmadiyya F\u00f6rsamling","isPartOf":{"@id":"https:\/\/www.ahmadiyya-islam.org\/se\/#website"},"primaryImageOfPage":{"@id":"https:\/\/www.ahmadiyya-islam.org\/se\/messias-har-kommit\/#primaryimage"},"image":{"@id":"https:\/\/www.ahmadiyya-islam.org\/se\/messias-har-kommit\/#primaryimage"},"thumbnailUrl":"https:\/\/www.ahmadiyya-islam.org\/se\/wp-content\/uploads\/sites\/5\/2020\/04\/messias.jpg","datePublished":"2020-12-29T04:18:48+00:00","dateModified":"2022-06-27T17:57:28+00:00","breadcrumb":{"@id":"https:\/\/www.ahmadiyya-islam.org\/se\/messias-har-kommit\/#breadcrumb"},"inLanguage":"sv-SE","potentialAction":[{"@type":"ReadAction","target":["https:\/\/www.ahmadiyya-islam.org\/se\/messias-har-kommit\/"]}]},{"@type":"ImageObject","inLanguage":"sv-SE","@id":"https:\/\/www.ahmadiyya-islam.org\/se\/messias-har-kommit\/#primaryimage","url":"https:\/\/www.ahmadiyya-islam.org\/se\/wp-content\/uploads\/sites\/5\/2020\/04\/messias.jpg","contentUrl":"https:\/\/www.ahmadiyya-islam.org\/se\/wp-content\/uploads\/sites\/5\/2020\/04\/messias.jpg","width":1024,"height":572},{"@type":"BreadcrumbList","@id":"https:\/\/www.ahmadiyya-islam.org\/se\/messias-har-kommit\/#breadcrumb","itemListElement":[{"@type":"ListItem","position":1,"name":"Home","item":"https:\/\/www.ahmadiyya-islam.org\/se\/"},{"@type":"ListItem","position":2,"name":"Messias har kommit"}]},{"@type":"WebSite","@id":"https:\/\/www.ahmadiyya-islam.org\/se\/#website","url":"https:\/\/www.ahmadiyya-islam.org\/se\/","name":"Islams Ahmadiyya F\u00f6rsamling","description":"Sverige","potentialAction":[{"@type":"SearchAction","target":{"@type":"EntryPoint","urlTemplate":"https:\/\/www.ahmadiyya-islam.org\/se\/?s={search_term_string}"},"query-input":{"@type":"PropertyValueSpecification","valueRequired":true,"valueName":"search_term_string"}}],"inLanguage":"sv-SE"}]}},"_links":{"self":[{"href":"https:\/\/www.ahmadiyya-islam.org\/se\/wp-json\/wp\/v2\/pages\/3087","targetHints":{"allow":["GET"]}}],"collection":[{"href":"https:\/\/www.ahmadiyya-islam.org\/se\/wp-json\/wp\/v2\/pages"}],"about":[{"href":"https:\/\/www.ahmadiyya-islam.org\/se\/wp-json\/wp\/v2\/types\/page"}],"author":[{"embeddable":true,"href":"https:\/\/www.ahmadiyya-islam.org\/se\/wp-json\/wp\/v2\/users\/13"}],"replies":[{"embeddable":true,"href":"https:\/\/www.ahmadiyya-islam.org\/se\/wp-json\/wp\/v2\/comments?post=3087"}],"version-history":[{"count":2,"href":"https:\/\/www.ahmadiyya-islam.org\/se\/wp-json\/wp\/v2\/pages\/3087\/revisions"}],"predecessor-version":[{"id":3381,"href":"https:\/\/www.ahmadiyya-islam.org\/se\/wp-json\/wp\/v2\/pages\/3087\/revisions\/3381"}],"wp:attachment":[{"href":"https:\/\/www.ahmadiyya-islam.org\/se\/wp-json\/wp\/v2\/media?parent=3087"}],"curies":[{"name":"wp","href":"https:\/\/api.w.org\/{rel}","templated":true}]}}