{"id":2943,"date":"2019-03-29T15:43:24","date_gmt":"2019-03-29T15:43:24","guid":{"rendered":"https:\/\/www.ahmadiyya-islam.org\/se\/?page_id=2943"},"modified":"2019-03-29T15:45:50","modified_gmt":"2019-03-29T15:45:50","slug":"globale-ledaren-for-ahmadiyya-muslimska-samfundet-fordomer-terroristattacken-i-nya-zeeland","status":"publish","type":"page","link":"https:\/\/www.ahmadiyya-islam.org\/se\/globale-ledaren-for-ahmadiyya-muslimska-samfundet-fordomer-terroristattacken-i-nya-zeeland\/","title":{"rendered":""},"content":{"rendered":"<p><img loading=\"lazy\" decoding=\"async\" class=\"aligncenter size-full wp-image-2944\" src=\"https:\/\/www.ahmadiyya-islam.org\/se\/wp-content\/uploads\/sites\/5\/2019\/03\/huzur.jpg\" alt=\"\" width=\"212\" height=\"300\" \/><\/p>\n<p>Den globale ledaren f\u00f6r Ahmadiyya Muslimska Samfundet, den femte Kalifen, Hans helighet <em>Hazrat Mirza Masroor Ahmad<\/em> har starkt f\u00f6rd\u00f6mt terrorattacken som \u00e4gde rum i Nya Zeeland p\u00e5 fredagen den 15 december.<\/p>\n<p>Fr\u00e5n London s\u00e4ger Hazrat Mirza Masroor Ahmad:<\/p>\n<p><strong>\u201dP\u00e5 \u00a0det globala Ahmadiyya Muslimska Samfundets v\u00e4gnar uttrycker jag min djupaste sympati och medk\u00e4nsla f\u00f6r alla de som drabbats av denna barbariska terrorattack som har \u00e4gt rum i Christchurch. S\u00e5dana avskyv\u00e4rda och fullst\u00e4ndigt om\u00e4nskliga attacker m\u00e5ste f\u00f6rd\u00f6mas i starkaste ordalag. Det \u00e4r en stor tragedi att dussintals oskyldiga muslimer har f\u00f6rlorat sina liv n\u00e4r de gemensamt deltog i fredagsb\u00f6nen samlade f\u00f6r att be till Gud. Alla m\u00e4nniskor, oavsett deras religion eller tro, har r\u00e4tt att dyrka fredligt.<\/strong><\/p>\n<p><strong>Den h\u00e4r tragiska h\u00e4ndelsen b\u00f6r fungera som en l\u00e4rdom och varning till andra l\u00e4nder i den utvecklade v\u00e4rlden att vi m\u00e5ste ta itu med alla former av rasistiskt, etniskt och religi\u00f6st hat med visdom och beslutsamhet.<\/strong><\/p>\n<p><strong>V\u00e5ra hj\u00e4rtliga b\u00f6ner \u00e4r med offren f\u00f6r dessa attacker och alla de som har blivit drabbade. M\u00e5 g\u00e4rningsmannen till denna onda handling omedelbart st\u00e4llas inf\u00f6r r\u00e4tta.\u201d<\/strong><\/p>\n<p>&nbsp;<\/p>\n","protected":false},"excerpt":{"rendered":"<p>Den globale ledaren f\u00f6r Ahmadiyya Muslimska Samfundet, den femte Kalifen, Hans helighet Hazrat Mirza Masroor Ahmad har starkt f\u00f6rd\u00f6mt terrorattacken som \u00e4gde rum i Nya Zeeland p\u00e5 fredagen den 15 december. Fr\u00e5n London s\u00e4ger Hazrat Mirza Masroor Ahmad: \u201dP\u00e5 \u00a0det globala Ahmadiyya Muslimska Samfundets v\u00e4gnar uttrycker jag min djupaste sympati och medk\u00e4nsla f\u00f6r alla de<\/p>\n","protected":false},"author":13,"featured_media":0,"parent":0,"menu_order":0,"comment_status":"closed","ping_status":"closed","template":"","meta":{"_acf_changed":false,"footnotes":""},"class_list":["post-2943","page","type-page","status-publish","hentry"],"acf":[],"yoast_head":"<!-- This site is optimized with the Yoast SEO Premium plugin v21.1 (Yoast SEO v27.4) - https:\/\/yoast.com\/product\/yoast-seo-premium-wordpress\/ -->\n<title>- Islams Ahmadiyya F\u00f6rsamling<\/title>\n<meta name=\"robots\" content=\"index, follow, max-snippet:-1, max-image-preview:large, max-video-preview:-1\" \/>\n<link rel=\"canonical\" href=\"https:\/\/www.ahmadiyya-islam.org\/se\/globale-ledaren-for-ahmadiyya-muslimska-samfundet-fordomer-terroristattacken-i-nya-zeeland\/\" \/>\n<meta property=\"og:locale\" content=\"sv_SE\" \/>\n<meta property=\"og:type\" content=\"article\" \/>\n<meta property=\"og:description\" content=\"Den globale ledaren f\u00f6r Ahmadiyya Muslimska Samfundet, den femte Kalifen, Hans helighet Hazrat Mirza Masroor Ahmad har starkt f\u00f6rd\u00f6mt terrorattacken som \u00e4gde rum i Nya Zeeland p\u00e5 fredagen den 15 december. Fr\u00e5n London s\u00e4ger Hazrat Mirza Masroor Ahmad: \u201dP\u00e5 \u00a0det globala Ahmadiyya Muslimska Samfundets v\u00e4gnar uttrycker jag min djupaste sympati och medk\u00e4nsla f\u00f6r alla de\" \/>\n<meta property=\"og:url\" content=\"https:\/\/www.ahmadiyya-islam.org\/se\/globale-ledaren-for-ahmadiyya-muslimska-samfundet-fordomer-terroristattacken-i-nya-zeeland\/\" \/>\n<meta property=\"og:site_name\" content=\"Islams Ahmadiyya F\u00f6rsamling\" \/>\n<meta property=\"article:modified_time\" content=\"2019-03-29T15:45:50+00:00\" \/>\n<meta property=\"og:image\" content=\"https:\/\/www.ahmadiyya-islam.org\/se\/wp-content\/uploads\/sites\/5\/2019\/03\/huzur.jpg\" \/>\n<meta name=\"twitter:card\" content=\"summary_large_image\" \/>\n<meta name=\"twitter:label1\" content=\"Ber\u00e4knad l\u00e4stid\" \/>\n\t<meta name=\"twitter:data1\" content=\"1 minut\" \/>\n<script type=\"application\/ld+json\" class=\"yoast-schema-graph\">{\"@context\":\"https:\\\/\\\/schema.org\",\"@graph\":[{\"@type\":\"WebPage\",\"@id\":\"https:\\\/\\\/www.ahmadiyya-islam.org\\\/se\\\/globale-ledaren-for-ahmadiyya-muslimska-samfundet-fordomer-terroristattacken-i-nya-zeeland\\\/\",\"url\":\"https:\\\/\\\/www.ahmadiyya-islam.org\\\/se\\\/globale-ledaren-for-ahmadiyya-muslimska-samfundet-fordomer-terroristattacken-i-nya-zeeland\\\/\",\"name\":\"- Islams Ahmadiyya F\u00f6rsamling\",\"isPartOf\":{\"@id\":\"https:\\\/\\\/www.ahmadiyya-islam.org\\\/se\\\/#website\"},\"primaryImageOfPage\":{\"@id\":\"https:\\\/\\\/www.ahmadiyya-islam.org\\\/se\\\/globale-ledaren-for-ahmadiyya-muslimska-samfundet-fordomer-terroristattacken-i-nya-zeeland\\\/#primaryimage\"},\"image\":{\"@id\":\"https:\\\/\\\/www.ahmadiyya-islam.org\\\/se\\\/globale-ledaren-for-ahmadiyya-muslimska-samfundet-fordomer-terroristattacken-i-nya-zeeland\\\/#primaryimage\"},\"thumbnailUrl\":\"https:\\\/\\\/www.ahmadiyya-islam.org\\\/se\\\/wp-content\\\/uploads\\\/sites\\\/5\\\/2019\\\/03\\\/huzur.jpg\",\"datePublished\":\"2019-03-29T15:43:24+00:00\",\"dateModified\":\"2019-03-29T15:45:50+00:00\",\"inLanguage\":\"sv-SE\",\"potentialAction\":[{\"@type\":\"ReadAction\",\"target\":[\"https:\\\/\\\/www.ahmadiyya-islam.org\\\/se\\\/globale-ledaren-for-ahmadiyya-muslimska-samfundet-fordomer-terroristattacken-i-nya-zeeland\\\/\"]}]},{\"@type\":\"ImageObject\",\"inLanguage\":\"sv-SE\",\"@id\":\"https:\\\/\\\/www.ahmadiyya-islam.org\\\/se\\\/globale-ledaren-for-ahmadiyya-muslimska-samfundet-fordomer-terroristattacken-i-nya-zeeland\\\/#primaryimage\",\"url\":\"https:\\\/\\\/www.ahmadiyya-islam.org\\\/se\\\/wp-content\\\/uploads\\\/sites\\\/5\\\/2019\\\/03\\\/huzur.jpg\",\"contentUrl\":\"https:\\\/\\\/www.ahmadiyya-islam.org\\\/se\\\/wp-content\\\/uploads\\\/sites\\\/5\\\/2019\\\/03\\\/huzur.jpg\",\"width\":212,\"height\":300},{\"@type\":\"WebSite\",\"@id\":\"https:\\\/\\\/www.ahmadiyya-islam.org\\\/se\\\/#website\",\"url\":\"https:\\\/\\\/www.ahmadiyya-islam.org\\\/se\\\/\",\"name\":\"Islams Ahmadiyya F\u00f6rsamling\",\"description\":\"Sverige\",\"potentialAction\":[{\"@type\":\"SearchAction\",\"target\":{\"@type\":\"EntryPoint\",\"urlTemplate\":\"https:\\\/\\\/www.ahmadiyya-islam.org\\\/se\\\/?s={search_term_string}\"},\"query-input\":{\"@type\":\"PropertyValueSpecification\",\"valueRequired\":true,\"valueName\":\"search_term_string\"}}],\"inLanguage\":\"sv-SE\"}]}<\/script>\n<!-- \/ Yoast SEO Premium plugin. -->","yoast_head_json":{"title":"- Islams Ahmadiyya F\u00f6rsamling","robots":{"index":"index","follow":"follow","max-snippet":"max-snippet:-1","max-image-preview":"max-image-preview:large","max-video-preview":"max-video-preview:-1"},"canonical":"https:\/\/www.ahmadiyya-islam.org\/se\/globale-ledaren-for-ahmadiyya-muslimska-samfundet-fordomer-terroristattacken-i-nya-zeeland\/","og_locale":"sv_SE","og_type":"article","og_description":"Den globale ledaren f\u00f6r Ahmadiyya Muslimska Samfundet, den femte Kalifen, Hans helighet Hazrat Mirza Masroor Ahmad har starkt f\u00f6rd\u00f6mt terrorattacken som \u00e4gde rum i Nya Zeeland p\u00e5 fredagen den 15 december. Fr\u00e5n London s\u00e4ger Hazrat Mirza Masroor Ahmad: \u201dP\u00e5 \u00a0det globala Ahmadiyya Muslimska Samfundets v\u00e4gnar uttrycker jag min djupaste sympati och medk\u00e4nsla f\u00f6r alla de","og_url":"https:\/\/www.ahmadiyya-islam.org\/se\/globale-ledaren-for-ahmadiyya-muslimska-samfundet-fordomer-terroristattacken-i-nya-zeeland\/","og_site_name":"Islams Ahmadiyya F\u00f6rsamling","article_modified_time":"2019-03-29T15:45:50+00:00","og_image":[{"url":"https:\/\/www.ahmadiyya-islam.org\/se\/wp-content\/uploads\/sites\/5\/2019\/03\/huzur.jpg","type":"","width":"","height":""}],"twitter_card":"summary_large_image","twitter_misc":{"Ber\u00e4knad l\u00e4stid":"1 minut"},"schema":{"@context":"https:\/\/schema.org","@graph":[{"@type":"WebPage","@id":"https:\/\/www.ahmadiyya-islam.org\/se\/globale-ledaren-for-ahmadiyya-muslimska-samfundet-fordomer-terroristattacken-i-nya-zeeland\/","url":"https:\/\/www.ahmadiyya-islam.org\/se\/globale-ledaren-for-ahmadiyya-muslimska-samfundet-fordomer-terroristattacken-i-nya-zeeland\/","name":"- Islams Ahmadiyya F\u00f6rsamling","isPartOf":{"@id":"https:\/\/www.ahmadiyya-islam.org\/se\/#website"},"primaryImageOfPage":{"@id":"https:\/\/www.ahmadiyya-islam.org\/se\/globale-ledaren-for-ahmadiyya-muslimska-samfundet-fordomer-terroristattacken-i-nya-zeeland\/#primaryimage"},"image":{"@id":"https:\/\/www.ahmadiyya-islam.org\/se\/globale-ledaren-for-ahmadiyya-muslimska-samfundet-fordomer-terroristattacken-i-nya-zeeland\/#primaryimage"},"thumbnailUrl":"https:\/\/www.ahmadiyya-islam.org\/se\/wp-content\/uploads\/sites\/5\/2019\/03\/huzur.jpg","datePublished":"2019-03-29T15:43:24+00:00","dateModified":"2019-03-29T15:45:50+00:00","inLanguage":"sv-SE","potentialAction":[{"@type":"ReadAction","target":["https:\/\/www.ahmadiyya-islam.org\/se\/globale-ledaren-for-ahmadiyya-muslimska-samfundet-fordomer-terroristattacken-i-nya-zeeland\/"]}]},{"@type":"ImageObject","inLanguage":"sv-SE","@id":"https:\/\/www.ahmadiyya-islam.org\/se\/globale-ledaren-for-ahmadiyya-muslimska-samfundet-fordomer-terroristattacken-i-nya-zeeland\/#primaryimage","url":"https:\/\/www.ahmadiyya-islam.org\/se\/wp-content\/uploads\/sites\/5\/2019\/03\/huzur.jpg","contentUrl":"https:\/\/www.ahmadiyya-islam.org\/se\/wp-content\/uploads\/sites\/5\/2019\/03\/huzur.jpg","width":212,"height":300},{"@type":"WebSite","@id":"https:\/\/www.ahmadiyya-islam.org\/se\/#website","url":"https:\/\/www.ahmadiyya-islam.org\/se\/","name":"Islams Ahmadiyya F\u00f6rsamling","description":"Sverige","potentialAction":[{"@type":"SearchAction","target":{"@type":"EntryPoint","urlTemplate":"https:\/\/www.ahmadiyya-islam.org\/se\/?s={search_term_string}"},"query-input":{"@type":"PropertyValueSpecification","valueRequired":true,"valueName":"search_term_string"}}],"inLanguage":"sv-SE"}]}},"_links":{"self":[{"href":"https:\/\/www.ahmadiyya-islam.org\/se\/wp-json\/wp\/v2\/pages\/2943","targetHints":{"allow":["GET"]}}],"collection":[{"href":"https:\/\/www.ahmadiyya-islam.org\/se\/wp-json\/wp\/v2\/pages"}],"about":[{"href":"https:\/\/www.ahmadiyya-islam.org\/se\/wp-json\/wp\/v2\/types\/page"}],"author":[{"embeddable":true,"href":"https:\/\/www.ahmadiyya-islam.org\/se\/wp-json\/wp\/v2\/users\/13"}],"replies":[{"embeddable":true,"href":"https:\/\/www.ahmadiyya-islam.org\/se\/wp-json\/wp\/v2\/comments?post=2943"}],"version-history":[{"count":0,"href":"https:\/\/www.ahmadiyya-islam.org\/se\/wp-json\/wp\/v2\/pages\/2943\/revisions"}],"wp:attachment":[{"href":"https:\/\/www.ahmadiyya-islam.org\/se\/wp-json\/wp\/v2\/media?parent=2943"}],"curies":[{"name":"wp","href":"https:\/\/api.w.org\/{rel}","templated":true}]}}