{"id":2898,"date":"2018-05-25T18:26:06","date_gmt":"2018-05-25T18:26:06","guid":{"rendered":"https:\/\/www.ahmadiyya-islam.org\/se\/?page_id=2898"},"modified":"2018-05-26T05:53:25","modified_gmt":"2018-05-26T05:53:25","slug":"privacy-policy","status":"publish","type":"page","link":"https:\/\/www.ahmadiyya-islam.org\/se\/medlem\/privacy-policy\/","title":{"rendered":"Privacy Policy"},"content":{"rendered":"<div>\n<p class=\"yiv5608152675x_ydp6b51522fMsoNormal\">In the light of new EU General Data Protection Regulation 2016\/679 (GDPR), which has taken effect on 25 May 2018, we would like to provide you with certain information about the new regulation and about the way we secure and process your data, while maintaining your privacy.<\/p>\n<p class=\"yiv5608152675x_ydp6b51522fMsoNormal\">Ahmadiyya Muslim Community Sweden respects your privacy and will protect any of your personal data that we process. All personal data are processed in accordance with applicable data protection laws.<\/p>\n<p class=\"yiv5608152675x_ydp6b51522fMsoNormal\"><b>What do you need to do?<\/b><\/p>\n<p class=\"yiv5608152675x_ydp6b51522fMsoNormal\">You as a member of Ahmadiyya Muslim Community do not need to do anything, but keep in mind that GDPR has strengthened the rights of individuals in terms of privacy and protection of your data and you have the right to know more about it. That is why Ahmadiyya Muslim Community is sharing with you the updated privacy policy.<\/p>\n<p class=\"yiv5608152675x_ydp6b51522fMsoNormal\">The privacy policy clarifies<\/p>\n<ul>\n<li class=\"yiv5608152675x_ydp6b51522fMsoNormal\">What information we collect about you and why we do it.<\/li>\n<li>Where your information is stored and how it is protected.<\/li>\n<li>Your rights as a member.<\/li>\n<\/ul>\n<div>\u00a0You can always find and review our detailed privacy policy here:\u00a0<a rel=\"nofollow\" name=\"x_page2\"><\/a><a href=\"https:\/\/www.ahmadiyya-islam.org\/se\/wp-content\/uploads\/sites\/5\/2018\/05\/Privacy-Policy_Detailed.pdf\" target=\"_blank\" rel=\"noopener\">PRIVACY POLICY<\/a><\/div>\n<p class=\"yiv5608152675x_ydp6b51522fMsoNormal\">If you are interested to know more about GDPR, you can visit:\u00a0<a href=\"https:\/\/gdpr-info.eu\/\" target=\"_blank\" rel=\"nofollow noopener\">https:\/\/gdpr-info.eu\/<\/a><\/p>\n<p class=\"yiv5608152675x_ydp6b51522fMsoNormal\">If you have further questions about how we work with data protection issues, please contact us at\u00a0<a href=\"mailto:dpo@ahmadiyya.se\" target=\"_blank\" rel=\"nofollow noopener\">dpo@ahmadiyya.se<\/a><\/p>\n<\/div>\n<div class=\"yiv5608152675x_ydp47794c1bsignature\">\n<div><\/div>\n<\/div>\n","protected":false},"excerpt":{"rendered":"<p>In the light of new EU General Data Protection Regulation 2016\/679 (GDPR), which has taken effect on 25 May 2018, we would like to provide you with certain information about the new regulation and about the way we secure and process your data, while maintaining your privacy. Ahmadiyya Muslim Community Sweden respects your privacy and<\/p>\n","protected":false},"author":13,"featured_media":0,"parent":2046,"menu_order":0,"comment_status":"closed","ping_status":"closed","template":"","meta":{"_acf_changed":false,"footnotes":""},"class_list":["post-2898","page","type-page","status-publish","hentry"],"acf":[],"yoast_head":"<!-- This site is optimized with the Yoast SEO Premium plugin v21.1 (Yoast SEO v27.4) - https:\/\/yoast.com\/product\/yoast-seo-premium-wordpress\/ -->\n<title>Privacy Policy - Islams Ahmadiyya F\u00f6rsamling<\/title>\n<meta name=\"robots\" content=\"index, follow, max-snippet:-1, max-image-preview:large, max-video-preview:-1\" \/>\n<link rel=\"canonical\" href=\"https:\/\/www.ahmadiyya-islam.org\/se\/medlem\/privacy-policy\/\" \/>\n<meta property=\"og:locale\" content=\"sv_SE\" \/>\n<meta property=\"og:type\" content=\"article\" \/>\n<meta property=\"og:title\" content=\"Privacy Policy\" \/>\n<meta property=\"og:description\" content=\"In the light of new EU General Data Protection Regulation 2016\/679 (GDPR), which has taken effect on 25 May 2018, we would like to provide you with certain information about the new regulation and about the way we secure and process your data, while maintaining your privacy. Ahmadiyya Muslim Community Sweden respects your privacy and\" \/>\n<meta property=\"og:url\" content=\"https:\/\/www.ahmadiyya-islam.org\/se\/medlem\/privacy-policy\/\" \/>\n<meta property=\"og:site_name\" content=\"Islams Ahmadiyya F\u00f6rsamling\" \/>\n<meta property=\"article:modified_time\" content=\"2018-05-26T05:53:25+00:00\" \/>\n<meta name=\"twitter:card\" content=\"summary_large_image\" \/>\n<meta name=\"twitter:label1\" content=\"Ber\u00e4knad l\u00e4stid\" \/>\n\t<meta name=\"twitter:data1\" content=\"1 minut\" \/>\n<script type=\"application\/ld+json\" class=\"yoast-schema-graph\">{\"@context\":\"https:\\\/\\\/schema.org\",\"@graph\":[{\"@type\":\"WebPage\",\"@id\":\"https:\\\/\\\/www.ahmadiyya-islam.org\\\/se\\\/medlem\\\/privacy-policy\\\/\",\"url\":\"https:\\\/\\\/www.ahmadiyya-islam.org\\\/se\\\/medlem\\\/privacy-policy\\\/\",\"name\":\"Privacy Policy - Islams Ahmadiyya F\u00f6rsamling\",\"isPartOf\":{\"@id\":\"https:\\\/\\\/www.ahmadiyya-islam.org\\\/se\\\/#website\"},\"datePublished\":\"2018-05-25T18:26:06+00:00\",\"dateModified\":\"2018-05-26T05:53:25+00:00\",\"breadcrumb\":{\"@id\":\"https:\\\/\\\/www.ahmadiyya-islam.org\\\/se\\\/medlem\\\/privacy-policy\\\/#breadcrumb\"},\"inLanguage\":\"sv-SE\",\"potentialAction\":[{\"@type\":\"ReadAction\",\"target\":[\"https:\\\/\\\/www.ahmadiyya-islam.org\\\/se\\\/medlem\\\/privacy-policy\\\/\"]}]},{\"@type\":\"BreadcrumbList\",\"@id\":\"https:\\\/\\\/www.ahmadiyya-islam.org\\\/se\\\/medlem\\\/privacy-policy\\\/#breadcrumb\",\"itemListElement\":[{\"@type\":\"ListItem\",\"position\":1,\"name\":\"Home\",\"item\":\"https:\\\/\\\/www.ahmadiyya-islam.org\\\/se\\\/\"},{\"@type\":\"ListItem\",\"position\":2,\"name\":\"Medlem\",\"item\":\"https:\\\/\\\/www.ahmadiyya-islam.org\\\/se\\\/medlem\\\/\"},{\"@type\":\"ListItem\",\"position\":3,\"name\":\"Privacy Policy\"}]},{\"@type\":\"WebSite\",\"@id\":\"https:\\\/\\\/www.ahmadiyya-islam.org\\\/se\\\/#website\",\"url\":\"https:\\\/\\\/www.ahmadiyya-islam.org\\\/se\\\/\",\"name\":\"Islams Ahmadiyya F\u00f6rsamling\",\"description\":\"Sverige\",\"potentialAction\":[{\"@type\":\"SearchAction\",\"target\":{\"@type\":\"EntryPoint\",\"urlTemplate\":\"https:\\\/\\\/www.ahmadiyya-islam.org\\\/se\\\/?s={search_term_string}\"},\"query-input\":{\"@type\":\"PropertyValueSpecification\",\"valueRequired\":true,\"valueName\":\"search_term_string\"}}],\"inLanguage\":\"sv-SE\"}]}<\/script>\n<!-- \/ Yoast SEO Premium plugin. -->","yoast_head_json":{"title":"Privacy Policy - Islams Ahmadiyya F\u00f6rsamling","robots":{"index":"index","follow":"follow","max-snippet":"max-snippet:-1","max-image-preview":"max-image-preview:large","max-video-preview":"max-video-preview:-1"},"canonical":"https:\/\/www.ahmadiyya-islam.org\/se\/medlem\/privacy-policy\/","og_locale":"sv_SE","og_type":"article","og_title":"Privacy Policy","og_description":"In the light of new EU General Data Protection Regulation 2016\/679 (GDPR), which has taken effect on 25 May 2018, we would like to provide you with certain information about the new regulation and about the way we secure and process your data, while maintaining your privacy. Ahmadiyya Muslim Community Sweden respects your privacy and","og_url":"https:\/\/www.ahmadiyya-islam.org\/se\/medlem\/privacy-policy\/","og_site_name":"Islams Ahmadiyya F\u00f6rsamling","article_modified_time":"2018-05-26T05:53:25+00:00","twitter_card":"summary_large_image","twitter_misc":{"Ber\u00e4knad l\u00e4stid":"1 minut"},"schema":{"@context":"https:\/\/schema.org","@graph":[{"@type":"WebPage","@id":"https:\/\/www.ahmadiyya-islam.org\/se\/medlem\/privacy-policy\/","url":"https:\/\/www.ahmadiyya-islam.org\/se\/medlem\/privacy-policy\/","name":"Privacy Policy - Islams Ahmadiyya F\u00f6rsamling","isPartOf":{"@id":"https:\/\/www.ahmadiyya-islam.org\/se\/#website"},"datePublished":"2018-05-25T18:26:06+00:00","dateModified":"2018-05-26T05:53:25+00:00","breadcrumb":{"@id":"https:\/\/www.ahmadiyya-islam.org\/se\/medlem\/privacy-policy\/#breadcrumb"},"inLanguage":"sv-SE","potentialAction":[{"@type":"ReadAction","target":["https:\/\/www.ahmadiyya-islam.org\/se\/medlem\/privacy-policy\/"]}]},{"@type":"BreadcrumbList","@id":"https:\/\/www.ahmadiyya-islam.org\/se\/medlem\/privacy-policy\/#breadcrumb","itemListElement":[{"@type":"ListItem","position":1,"name":"Home","item":"https:\/\/www.ahmadiyya-islam.org\/se\/"},{"@type":"ListItem","position":2,"name":"Medlem","item":"https:\/\/www.ahmadiyya-islam.org\/se\/medlem\/"},{"@type":"ListItem","position":3,"name":"Privacy Policy"}]},{"@type":"WebSite","@id":"https:\/\/www.ahmadiyya-islam.org\/se\/#website","url":"https:\/\/www.ahmadiyya-islam.org\/se\/","name":"Islams Ahmadiyya F\u00f6rsamling","description":"Sverige","potentialAction":[{"@type":"SearchAction","target":{"@type":"EntryPoint","urlTemplate":"https:\/\/www.ahmadiyya-islam.org\/se\/?s={search_term_string}"},"query-input":{"@type":"PropertyValueSpecification","valueRequired":true,"valueName":"search_term_string"}}],"inLanguage":"sv-SE"}]}},"_links":{"self":[{"href":"https:\/\/www.ahmadiyya-islam.org\/se\/wp-json\/wp\/v2\/pages\/2898","targetHints":{"allow":["GET"]}}],"collection":[{"href":"https:\/\/www.ahmadiyya-islam.org\/se\/wp-json\/wp\/v2\/pages"}],"about":[{"href":"https:\/\/www.ahmadiyya-islam.org\/se\/wp-json\/wp\/v2\/types\/page"}],"author":[{"embeddable":true,"href":"https:\/\/www.ahmadiyya-islam.org\/se\/wp-json\/wp\/v2\/users\/13"}],"replies":[{"embeddable":true,"href":"https:\/\/www.ahmadiyya-islam.org\/se\/wp-json\/wp\/v2\/comments?post=2898"}],"version-history":[{"count":0,"href":"https:\/\/www.ahmadiyya-islam.org\/se\/wp-json\/wp\/v2\/pages\/2898\/revisions"}],"up":[{"embeddable":true,"href":"https:\/\/www.ahmadiyya-islam.org\/se\/wp-json\/wp\/v2\/pages\/2046"}],"wp:attachment":[{"href":"https:\/\/www.ahmadiyya-islam.org\/se\/wp-json\/wp\/v2\/media?parent=2898"}],"curies":[{"name":"wp","href":"https:\/\/api.w.org\/{rel}","templated":true}]}}