{"id":2788,"date":"2017-08-26T21:28:49","date_gmt":"2017-08-26T21:28:49","guid":{"rendered":"https:\/\/www.ahmadiyya-islam.org\/se\/?page_id=2788"},"modified":"2017-08-26T21:31:41","modified_gmt":"2017-08-26T21:31:41","slug":"jihad","status":"publish","type":"page","link":"https:\/\/www.ahmadiyya-islam.org\/se\/islam_old\/jihad\/","title":{"rendered":"Jihad"},"content":{"rendered":"<p>Onekligen \u00e4r en utav de allra gravaste feltolkningar som muslimer gjort den ang\u00e5ende jihad, som de anser vara ett \u201dheligt krig\u201d mot alla icke-muslimer. Denna tanke har lett till att hundratusentals oskyldiga m\u00e4nniskor mist livet, och har \u00e4ven fyllt muslimers hj\u00e4rtan med blodslust.<\/p>\n<p>M\u00e5nga muslimer inv\u00e4ntar ankomsten av <em>mahdi<\/em>, och enligt dem ska leda till att muslimsk enighet och v\u00e4rldsmakt. <em>Mahdi<\/em> skulle f\u00f6ra krig mot alla icke-muslimer, och hans blodige general messias skulle inte ge m\u00e4nniskorna ett enkelt val: islam eller d\u00f6den.<\/p>\n<p>Detta \u00e4r en doktrin som helt motstrider islams l\u00e4ra, och den uppdiktades troligen under en period d\u00e5 muslimer led h\u00e5rda nederlag mot sina fiender.<\/p>\n<p>Den Utlovade Messias (as) f\u00f6rklarade att islams l\u00e4ra var entydig, d\u00e5 det st\u00e5r:<\/p>\n<p><em>\u201dDet finns inget tv\u00e5ng inom religionen; f\u00f6rvisso har v\u00e4gledningen urskilts fr\u00e5n villfarelsen.\u201d<a href=\"#_ftn1\" name=\"_ftnref1\"><strong>[1]<\/strong><\/a> <\/em><\/p>\n<p>Islam har inget behov av att p\u00e5tvingas, eftersom dess l\u00e4ror och doktriner \u00e4r rationella och tilltalar det m\u00e4nskliga intellektet, menade han. Tv\u00e5ng kunde enbart p\u00e5verka en m\u00e4nniska fysiskt, men det \u00e4r om\u00f6jligt att tv\u00e5ngsm\u00e4ssigt \u00e4ndra p\u00e5 en m\u00e4nniskas tankar. Profeten Muhammed (sa) sj\u00e4lv gavs enbart uppgiften att f\u00f6rmedla Guds budskap.<a href=\"#_ftn2\" name=\"_ftnref2\">[2]<\/a><\/p>\n<p>Ordet <em>jihad<\/em> betyder str\u00e4van, och detta genom sin egendom och sitt liv, f\u00f6r islams b\u00e4sta. Denna str\u00e4van kan ha olika former, utav vilka ett \u00e4r att strida i sj\u00e4lvf\u00f6rsvar. Men den Utlovade Messias (as) f\u00f6rklarade att denna betydelse endast kunde till\u00e4mpas d\u00e5 villkoren f\u00f6r detta som st\u00e5r i Qur\u2019anen blivit uppfyllda.<\/p>\n<p>Vid islams begynnelse fick muslimerna utst\u00e5 13 \u00e5r av f\u00f6rf\u00f6ljelse och tortyr i sin hemstad Mecka, och detta gjorde de med en aldrig tidigare besk\u00e5dad st\u00e5ndfasthet. Till sist uppmanades de till att migrera, och d\u00e5 flyttade profet Muhammed (sa) till Medina. Men \u00e4ven d\u00e5 upph\u00f6rde inte meckaborna med sina f\u00f6rf\u00f6ljelser, och hela tidens fanns en hotbild om ett angrepp i Medina. Muslimerna var mycket d\u00e5ligt f\u00f6rberedda f\u00f6r strid, och saknade b\u00e5de l\u00e4mpliga vapen och riddjur. De var dessutom betydligt mindre i antal j\u00e4mf\u00f6rt med motst\u00e5ndarna. Vid denna tid nedkom den f\u00f6rsta uppenbarelsen som till\u00e4t muslimerna att f\u00f6rsvara sig:<em>\u00a0<\/em><\/p>\n<p><em>\u201dTill\u00e5telse har givits till dem som det strids emot (att f\u00f6rsvara sig), och f\u00f6rvisso \u00e4r Allah Evigt M\u00e4ktig till att hj\u00e4lpa dem. (Allts\u00e5) de som or\u00e4ttvist f\u00f6rdrivits fr\u00e5n sina hem, f\u00f6r inget annat \u00e4n att de sagt: \u2019V\u00e5r Herre \u00e4r Allah.\u2019 Och om Allah inte hade drivit bort vissa m\u00e4nniskor genom andra, s\u00e5 hade s\u00e4kerligen munkkloster, och kyrkor, och synagogor och mosk\u00e9er som Allahs namn ofta \u00e5kallas i, blivit f\u00f6rst\u00f6rda. Och f\u00f6rvisso kommer Allah att hj\u00e4lpa den som hj\u00e4lper Honom. Sannerligen \u00e4r Allah Mycket Stark (och) Allsm\u00e4ktig. (Allts\u00e5) de som, om Vi givit dem fotf\u00e4ste i landet, hade uppr\u00e4ttat b\u00f6nen och givit zak\u00e1t, och p\u00e5bjudit det tillb\u00f6rliga och f\u00f6rbjudit det otillb\u00f6rliga. Och utg\u00e5ngen av alla \u00e4renden vilar hos Allah.<a href=\"#_ftn3\" name=\"_ftnref3\"><strong>[3]<\/strong><\/a><\/em><\/p>\n<p>Muslimerna till\u00e4ts allts\u00e5 att f\u00f6rsvara sig mot den angripande fienden f\u00f6r att uppr\u00e4tta allm\u00e4n religionsfrihet. Islam l\u00e4r ut att man \u00e4ven ska skydda andra religioners helgedomar. Alla de krig som de f\u00f6rsta muslimerna bek\u00e4mpade kan sammanfattas i tre kategorier:<\/p>\n<ol>\n<li>Krig i sj\u00e4lvf\u00f6rsvar och f\u00f6r att uppr\u00e4tta frihet<\/li>\n<li>H\u00e4mndaktioner; blod mot blod<\/li>\n<li>Strider mot s\u00e5dana m\u00e4nniskor som med v\u00e5ld f\u00f6rhindrade islams fredliga propagering<a href=\"#_ftn4\" name=\"_ftnref4\">[4]<\/a><\/li>\n<\/ol>\n<p>Ingen tvingades \u00f6verg\u00e5 till islam, men f\u00f6r de m\u00e4nniskor som gjort sig f\u00f6rtj\u00e4nta av d\u00f6dsstraffet gav man oftast ett val; de kunde skonas fr\u00e5n sitt straff genom att acceptera islam.<\/p>\n<p>Den Utlovade Messias (as) skrev:<\/p>\n<p><em>\u201dGud har givit oss denna l\u00e4ra i Qur\u2019anen, att det inte finns n\u00e5got tv\u00e5ng i islam, likt Han s\u00e4ger \u201dDet finns inget tv\u00e5ng i religionen\u201d (2:257) och \u201dskulle du d\u00e5 tvinga m\u00e4nniskorna\u2026\u201d(10:100).\u201d<a href=\"#_ftn5\" name=\"_ftnref5\"><strong>[5]<\/strong><\/a> <\/em><\/p>\n<p>\u201d<em>Alla de som anklagar islam f\u00f6r att ha spridits med sv\u00e4rdet b\u00f6r vara uppm\u00e4rksamma om att de \u00e4r falska i detta p\u00e5st\u00e5ende. Islams intryck har inget behov av n\u00e5got tv\u00e5ng. Om n\u00e5gon tvivlar kan han komma till mig och uppleva detta, n\u00e4mligen att islam bevisar sin livskraft genom argument och tecken.\u201d<a href=\"#_ftn6\" name=\"_ftnref6\"><strong>[6]<\/strong><\/a><\/em><\/p>\n<p><em>\u201dNu b\u00f6r man fundera \u00f6ver de p\u00e5frestande omst\u00e4ndigheter under vilka Qur\u2019anen till\u00e5ter krig &#8211; r\u00e5der n\u00e5gra utav dessa f\u00f6rh\u00e5llanden i v\u00e5r tid? Det \u00e4r uppenbart att vi inte f\u00e5r utst\u00e5 tv\u00e5ng ang\u00e5ende n\u00e5gon religi\u00f6s angel\u00e4genhet, utan var och en har givits fullst\u00e4ndiga friheter. Nu varken krigar man p\u00e5 grund av religi\u00f6sa intressen, och inte heller tar man slavinnor eller slavar, och inte heller hindrar n\u00e5gon fr\u00e5n f\u00f6rr\u00e4ttandet av b\u00f6nen, fasta, b\u00f6neutrop, pilgrimsf\u00e4rd eller andra islamiska p\u00e5bud.\u201d<a href=\"#_ftn7\" name=\"_ftnref7\"><strong>[7]<\/strong><\/a><\/em><\/p>\n<p>I en dikt skrev Hans helighet:<\/p>\n<p>\u0686\u06c1 \u062d\u0627\u062c\u062a \u0627\u0633\u062a \u06a9\u06c1 \u062a\u06cc\u063a \u0628\u0631\u0627\u0626\u06d2 \u062f\u06cc\u06ba \u0628\u06a9\u0634\u06cc\u00a0\u00a0\u00a0\u00a0\u00a0\u00a0\u00a0\u00a0\u00a0\u00a0\u00a0\u00a0\u00a0\u00a0\u00a0 \u00a0\u00a0\u00a0\u00a0\u00a0\u00a0\u00a0\u0646\u06c1 \u062f\u06cc\u0646 \u0628\u0648\u062f \u06a9\u06c1 \u0628\u06c1 \u062e\u0648\u0646\u0631\u06cc\u0632\u06cc\u0634 \u0628\u0642\u0627 \u0628\u0627\u0634\u062f<\/p>\n<p><em>Vilket behov finns f\u00f6r att man ska dra sv\u00e4rdet f\u00f6r religionen?<\/em><\/p>\n<p><em>Det som endast kan kvarleva genom blodutgjutning kan inte kallas en religion. <a href=\"#_ftn8\" name=\"_ftnref8\"><strong>[8]<\/strong><\/a><\/em><\/p>\n<p>Vidare skriver Hans helighet:<\/p>\n<p><em>\u201dTv\u00e5ng \u00e4r ett bevis f\u00f6r att den andliga kraften att \u00f6vertyga med \u00e4r svag. Islam l\u00e4r inte ut att man ska angripa en regering som ger en alla m\u00f6jliga slags friheter och bekv\u00e4mligheter.\u201d<a href=\"#_ftn9\" name=\"_ftnref9\"><strong>[9]<\/strong><\/a><\/em><\/p>\n<p><em>\u201dDet finns ingen s\u00e5dan l\u00e4ra i Qur\u2019anen. Vem p\u00e5bj\u00f6d d\u00e5 tv\u00e5ng? Vilka medel fanns till tv\u00e5ng? Vilket tv\u00e5ng var det som fick en minoritet att strida mot en majoritet, och detta utan ers\u00e4ttning och med livet som insats? Hundratals mot tusentals; tusentals mot hundratusentals. Hundratusentals m\u00e4nniskor \u00f6vergick till islam i afrikanska och asiatiska l\u00e4nder, och detta skedde enbart genom simpla predikare.\u201d<a href=\"#_ftn10\" name=\"_ftnref10\"><strong>[10]<\/strong><\/a> <\/em><\/p>\n<p><em>\u201dProfet Muhammed (sa) och hans kalifer stred aldrig annat \u00e4n f\u00f6r att bestraffa de som begick \u00f6vergrepp, eller f\u00f6r att f\u00f6rsvara islam, eller f\u00f6r att strida mot dom som tv\u00e5ngsm\u00e4ssigt f\u00f6rhindrade islams spridning.\u201d<a href=\"#_ftn11\" name=\"_ftnref11\"><strong>[11]<\/strong><\/a><\/em><\/p>\n<p>Till de uppviglande r\u00e4ttsl\u00e4rda skrev han:<\/p>\n<p><em>\u201dO islams l\u00e4rda och mullor! Jag s\u00e4ger i sanning att detta inte \u00e4r tiden f\u00f6r jihad. Var inte olydiga mot Guds helige profet. Messias som skulle komma har framst\u00e5tt, och han har \u00e4ven givit p\u00e5budet att man i framtiden b\u00f6r avst\u00e5 fr\u00e5n religi\u00f6sa krig som bek\u00e4mpas med sv\u00e4rd och blodsutgjutelse. Om man inte upph\u00f6r med att utgjuta blod och inte tystnar med s\u00e5dana predikningar, s\u00e5 \u00e4r detta inte i enlighet med islamisk l\u00e4ra. Den som accepterat mig kommer inte enbart upph\u00f6ra med s\u00e5dana predikningar, utan han kommer \u00e4ven anse detta s\u00e4tt vara mycket ont och att det leder till Guds vrede.\u201d<a href=\"#_ftn12\" name=\"_ftnref12\"><strong>[12]<\/strong><\/a> <\/em><\/p>\n<p>Den Utlovade Messias (as) f\u00f6rklarade att hans ankomst k\u00e4nnetecknades av en tid d\u00e5 religi\u00f6sa krig skulle upph\u00f6ra, och p\u00e5 s\u00e5 s\u00e4tt uppfylldes en profetia ang\u00e5ende messias, n\u00e4mligen att han skulle s\u00e4tta stopp f\u00f6r all religi\u00f6st inspirerad krigsf\u00f6ring.<a href=\"#_ftn13\" name=\"_ftnref13\">[13]<\/a><\/p>\n<p>Den Utlovade Messias (as) f\u00f6rklarade att \u00e4ven yttre omst\u00e4ndigheter slog fast att muslimer inte skulle f\u00e5 politisk makt i v\u00e4rlden, eftersom det is\u00e5fall skulle vara just de som vore uppfinnare av den moderna tidens stridsmedel.<a href=\"#_ftn14\" name=\"_ftnref14\">[14]<\/a><\/p>\n<p>Han f\u00f6rklarade att den form av <em>jihad <\/em>(str\u00e4van) som denna tid kr\u00e4vde var att muslimer renade sitt inre och f\u00f6ljde islams l\u00e4ror, och att de bem\u00f6tte alla inv\u00e4ndningar som gjordes mot deras religion. Han f\u00f6retr\u00e4dde sj\u00e4lv en s\u00e5dan str\u00e4van, d\u00e5 hela hans liv gick ut p\u00e5 att f\u00f6rsvara och propagera det sanna islam. Hans skrev:<\/p>\n<p>\u0635\u0641\u0650 \u062f\u0634\u0645\u0646 \u06a9\u0648 \u06a9\u06cc\u0627 \u06c1\u0645 \u0646\u06d2 \u0628\u062d\u062c\u062a \u067e\u0627\u0645\u0627\u0644\u00a0\u00a0\u00a0 \u00a0\u00a0\u00a0\u00a0\u00a0\u00a0\u00a0\u00a0\u00a0\u00a0\u00a0\u00a0\u00a0\u00a0\u00a0\u00a0\u00a0\u00a0\u00a0\u00a0\u00a0\u00a0\u00a0\u00a0\u0633\u06cc\u0641 \u06a9\u0627 \u06a9\u0627\u0645 \u0642\u0644\u0645 \u0633\u06d2 \u062f\u06a9\u06be\u0627\u06cc\u0627 \u06c1\u0645 \u0646\u06d2<\/p>\n<p><em>\u201dVi har krossat fiendens led genom starka argument,<\/em><\/p>\n<p><em>Vi har utr\u00e4ttat sv\u00e4rdets uppgift genom pennan\u201d<a href=\"#_ftn15\" name=\"_ftnref15\"><strong>[15]<\/strong><\/a><\/em><\/p>\n<p>I en annan dikt skrev han:<\/p>\n<p>\u0627\u0628 \u0686\u06be\u0648\u0691 \u062f\u0648 \u062c\u06c1\u0627\u062f \u06a9\u0627 \u0627\u06d2 \u062f\u0648\u0633\u062a\u0648 \u062e\u06cc\u0627\u0644\u00a0\u00a0\u00a0\u00a0\u00a0 \u00a0\u00a0\u00a0\u00a0\u00a0\u00a0 \u00a0\u00a0\u00a0\u00a0\u00a0\u00a0\u00a0\u00a0\u00a0\u00a0\u00a0\u00a0\u00a0\u00a0\u00a0\u00a0\u00a0\u00a0\u00a0\u00a0\u062f\u06cc\u06ba \u06a9\u06d2\u0644\u0626\u06d2 \u062d\u0631\u0627\u0645 \u06c1\u06d2 \u0627\u0628 \u062c\u0646\u06af \u0627\u0648\u0631 \u0642\u062a\u0627\u0644<\/p>\n<p>\u0641\u0631\u0645\u0627 \u0686\u06a9\u0627 \u06c1\u06d2 \u0633\u06cc\u062f\u0650 \u06a9\u0648\u0646\u06cc\u0646 \u0645\u0635\u0637\u0641\u06cc\u0670 \u00a0 \u00a0 \u00a0 \u00a0 \u00a0 \u00a0 \u00a0 \u00a0 \u00a0 \u00a0 \u00a0 \u00a0 \u00a0 \u00a0 \u00a0 \u00a0 \u00a0 \u00a0 \u00a0 \u00a0 \u00a0 \u00a0 \u00a0 \u00a0 \u00a0 \u00a0\u0633\u06cc\u062d \u062c\u0646\u06af\u0648\u06ba \u06a9\u0627 \u06a9\u0631 \u062f\u06d2 \u06af\u0627 \u0627\u0644\u062a\u0648\u0627<\/p>\n<p>\u062c\u0628 \u0627\u0653\u0626\u06d2\u06af\u0627 \u062a\u0648 \u0635\u0644\u062d \u06a9\u0648 \u0633\u0627\u062a\u06be \u0644\u0627\u0626\u06d2 \u06af\u0627 \u00a0 \u00a0 \u00a0 \u00a0 \u00a0 \u00a0 \u00a0 \u00a0 \u00a0 \u00a0 \u00a0 \u00a0 \u00a0 \u00a0 \u00a0 \u00a0 \u00a0 \u00a0 \u00a0 \u062c\u0646\u06af\u0648\u06ba \u06a9\u06d2 \u0633\u0644\u0633\u0644\u06c1 \u06a9\u0648 \u06cc\u06a9\u0633\u0631 \u0645\u0679\u0627\u0626\u06d2 \u06af\u0627<\/p>\n<p>\u06cc\u06c1 \u062d\u06a9\u0645 \u0633\u0646 \u06a9\u06d2 \u0628\u06be\u06cc \u062c\u0648 \u0644\u0691\u0627\u0626\u06cc \u06a9\u0648 \u062c\u0627\u0626\u06cc\u06af\u0627 \u00a0 \u00a0 \u00a0 \u00a0 \u00a0 \u00a0 \u00a0 \u00a0 \u00a0 \u00a0 \u00a0 \u00a0 \u00a0 \u00a0 \u00a0 \u00a0 \u00a0 \u00a0 \u00a0\u0648\u06c1 \u06a9\u0627\u0641\u0631 \u0633\u06d2 \u0633\u062e\u062a \u06c1\u0632\u06cc\u0645\u062a \u0627\u0679\u06be\u0627\u0626\u06d2<\/p>\n<p>\u0627\u06a9 \u0645\u0639\u062c\u0632\u06c1 \u06a9\u06d2 \u0637\u0648\u0631 \u0633\u06d2 \u06cc\u06c1 \u067e\u06cc\u0634\u06af\u0648\u0626\u06cc \u06c1\u06d2 \u00a0 \u00a0 \u00a0 \u00a0 \u00a0 \u00a0 \u00a0 \u00a0 \u00a0 \u00a0 \u00a0 \u00a0 \u00a0 \u00a0 \u00a0\u06a9\u0627\u0641\u06cc \u06c1\u06d2 \u0633\u0648\u0686\u0646\u06d2 \u06a9\u0648 \u0627\u06af\u0631 \u0627\u06c1\u0644 \u06a9\u0648\u0626\u06cc \u06c1\u06d2<\/p>\n<p><em>\u00d6verge nu, o mina v\u00e4nner, tanken om jihad,<\/em><\/p>\n<p><em>nu \u00e4r det f\u00f6rbjudet att kriga f\u00f6r trons skull.<\/em><\/p>\n<p><em>De b\u00e5da v\u00e4rldarnas m\u00e4stare, Mustafa (sa), har redan f\u00f6rklarat,<\/em><\/p>\n<p><em>att Jesus, messias, kommer att ajournera alla krig.<\/em><\/p>\n<p><em>N\u00e4r han ankommer, s\u00e5 kommer han f\u00f6ra med sig fred,<\/em><\/p>\n<p><em>han kommer omg\u00e5ende att utradera all krigsf\u00f6ring.<\/em><\/p>\n<p><em>Den som g\u00e5r till strid efter att ha h\u00f6rt detta p\u00e5bud,<\/em><\/p>\n<p><em>han kommer att lida h\u00e5rt nederlag fr\u00e5n de icketroende.<\/em><\/p>\n<p><em>Denna profetia \u00e4r n\u00e5got likt ett mirakel,<\/em><\/p>\n<p><em>detta \u00e4r tillr\u00e4ckligt att fundera \u00f6ver, om n\u00e5gon f\u00f6rm\u00e5r detta.<a href=\"#_ftn16\" name=\"_ftnref16\"><strong>[16]<\/strong><\/a><\/em><\/p>\n<p>&nbsp;<\/p>\n<p><a href=\"#_ftnref1\" name=\"_ftn1\">[1]<\/a> Qur\u2019anen 2:257<\/p>\n<p><a href=\"#_ftnref2\" name=\"_ftn2\">[2]<\/a> Qur\u2019anen 5:93<\/p>\n<p><a href=\"#_ftnref3\" name=\"_ftn3\">[3]<\/a> Qur\u2019anen, 22:40-42<\/p>\n<p><a href=\"#_ftnref4\" name=\"_ftn4\">[4]<\/a> Masih Hindustan Mein, Ruhani Khazain volym 15 sidan 12<\/p>\n<p><a href=\"#_ftnref5\" name=\"_ftn5\">[5]<\/a> Majmoa Ishtiharaat volym 3 sidan 45<\/p>\n<p><a href=\"#_ftnref6\" name=\"_ftn6\">[6]<\/a> Malfooz\u00e1t, volym 2 sidan 129<\/p>\n<p><a href=\"#_ftnref7\" name=\"_ftn7\">[7]<\/a> Malfooz\u00e1t volym 5 sidan 502-503<\/p>\n<p><a href=\"#_ftnref8\" name=\"_ftn8\">[8]<\/a> Tiryaq-ul-Qulub, Ruhani Khazain volym 15 sidan 132<\/p>\n<p><a href=\"#_ftnref9\" name=\"_ftn9\">[9]<\/a> Anjam-e-Atham, Ruhani Khazain volym 11 sidan 37<\/p>\n<p><a href=\"#_ftnref10\" name=\"_ftn10\">[10]<\/a> Paigham-e-Sulh, Ruhani Khazain volym 23 sidan 468<\/p>\n<p><a href=\"#_ftnref11\" name=\"_ftn11\">[11]<\/a> Kashti Nuh, Ruhani Khazain volym 19 sidan 74<\/p>\n<p><a href=\"#_ftnref12\" name=\"_ftn12\">[12]<\/a> Government Angrezi aur Jihad, Ruhani Khazain volym 17 sidan 8-9<\/p>\n<p><a href=\"#_ftnref13\" name=\"_ftn13\">[13]<\/a> Sunan ibn Majah, kapitel Fitna-tud-Dajjal wa Khoroj Isa ibn Maryam<\/p>\n<p><a href=\"#_ftnref14\" name=\"_ftn14\">[14]<\/a> Malfoozat volym 4 sidan 447<\/p>\n<p><a href=\"#_ftnref15\" name=\"_ftn15\">[15]<\/a> Aina Kamalat-e-Islam, Ruhani Khazain volym 5 sidan 225<\/p>\n<p><a href=\"#_ftnref16\" name=\"_ftn16\">[16]<\/a> Tohfa Golarviyyah, Ruhani Khazain volym 17 sidorna 77-78<\/p>\n","protected":false},"excerpt":{"rendered":"<p>Onekligen \u00e4r en utav de allra gravaste feltolkningar som muslimer gjort den ang\u00e5ende jihad, som de anser vara ett \u201dheligt krig\u201d mot alla icke-muslimer. Denna tanke har lett till att hundratusentals oskyldiga m\u00e4nniskor mist livet, och har \u00e4ven fyllt muslimers hj\u00e4rtan med blodslust. M\u00e5nga muslimer inv\u00e4ntar ankomsten av mahdi, och enligt dem ska leda till<\/p>\n","protected":false},"author":13,"featured_media":0,"parent":322,"menu_order":0,"comment_status":"closed","ping_status":"closed","template":"","meta":{"_acf_changed":false,"footnotes":""},"class_list":["post-2788","page","type-page","status-publish","hentry"],"acf":[],"yoast_head":"<!-- This site is optimized with the Yoast SEO Premium plugin v21.1 (Yoast SEO v27.4) - https:\/\/yoast.com\/product\/yoast-seo-premium-wordpress\/ -->\n<title>Jihad - Islams Ahmadiyya F\u00f6rsamling<\/title>\n<meta name=\"robots\" content=\"index, follow, max-snippet:-1, max-image-preview:large, max-video-preview:-1\" \/>\n<link rel=\"canonical\" href=\"https:\/\/www.ahmadiyya-islam.org\/se\/islam_old\/jihad\/\" \/>\n<meta property=\"og:locale\" content=\"sv_SE\" \/>\n<meta property=\"og:type\" content=\"article\" \/>\n<meta property=\"og:title\" content=\"Jihad\" \/>\n<meta property=\"og:description\" content=\"Onekligen \u00e4r en utav de allra gravaste feltolkningar som muslimer gjort den ang\u00e5ende jihad, som de anser vara ett \u201dheligt krig\u201d mot alla icke-muslimer. Denna tanke har lett till att hundratusentals oskyldiga m\u00e4nniskor mist livet, och har \u00e4ven fyllt muslimers hj\u00e4rtan med blodslust. M\u00e5nga muslimer inv\u00e4ntar ankomsten av mahdi, och enligt dem ska leda till\" \/>\n<meta property=\"og:url\" content=\"https:\/\/www.ahmadiyya-islam.org\/se\/islam_old\/jihad\/\" \/>\n<meta property=\"og:site_name\" content=\"Islams Ahmadiyya F\u00f6rsamling\" \/>\n<meta property=\"article:modified_time\" content=\"2017-08-26T21:31:41+00:00\" \/>\n<meta name=\"twitter:card\" content=\"summary_large_image\" \/>\n<meta name=\"twitter:label1\" content=\"Ber\u00e4knad l\u00e4stid\" \/>\n\t<meta name=\"twitter:data1\" content=\"8 minuter\" \/>\n<script type=\"application\/ld+json\" class=\"yoast-schema-graph\">{\"@context\":\"https:\\\/\\\/schema.org\",\"@graph\":[{\"@type\":\"WebPage\",\"@id\":\"https:\\\/\\\/www.ahmadiyya-islam.org\\\/se\\\/islam_old\\\/jihad\\\/\",\"url\":\"https:\\\/\\\/www.ahmadiyya-islam.org\\\/se\\\/islam_old\\\/jihad\\\/\",\"name\":\"Jihad - Islams Ahmadiyya F\u00f6rsamling\",\"isPartOf\":{\"@id\":\"https:\\\/\\\/www.ahmadiyya-islam.org\\\/se\\\/#website\"},\"datePublished\":\"2017-08-26T21:28:49+00:00\",\"dateModified\":\"2017-08-26T21:31:41+00:00\",\"breadcrumb\":{\"@id\":\"https:\\\/\\\/www.ahmadiyya-islam.org\\\/se\\\/islam_old\\\/jihad\\\/#breadcrumb\"},\"inLanguage\":\"sv-SE\",\"potentialAction\":[{\"@type\":\"ReadAction\",\"target\":[\"https:\\\/\\\/www.ahmadiyya-islam.org\\\/se\\\/islam_old\\\/jihad\\\/\"]}]},{\"@type\":\"BreadcrumbList\",\"@id\":\"https:\\\/\\\/www.ahmadiyya-islam.org\\\/se\\\/islam_old\\\/jihad\\\/#breadcrumb\",\"itemListElement\":[{\"@type\":\"ListItem\",\"position\":1,\"name\":\"Home\",\"item\":\"https:\\\/\\\/www.ahmadiyya-islam.org\\\/se\\\/\"},{\"@type\":\"ListItem\",\"position\":2,\"name\":\"Islam\",\"item\":\"https:\\\/\\\/www.ahmadiyya-islam.org\\\/se\\\/islam_old\\\/\"},{\"@type\":\"ListItem\",\"position\":3,\"name\":\"Jihad\"}]},{\"@type\":\"WebSite\",\"@id\":\"https:\\\/\\\/www.ahmadiyya-islam.org\\\/se\\\/#website\",\"url\":\"https:\\\/\\\/www.ahmadiyya-islam.org\\\/se\\\/\",\"name\":\"Islams Ahmadiyya F\u00f6rsamling\",\"description\":\"Sverige\",\"potentialAction\":[{\"@type\":\"SearchAction\",\"target\":{\"@type\":\"EntryPoint\",\"urlTemplate\":\"https:\\\/\\\/www.ahmadiyya-islam.org\\\/se\\\/?s={search_term_string}\"},\"query-input\":{\"@type\":\"PropertyValueSpecification\",\"valueRequired\":true,\"valueName\":\"search_term_string\"}}],\"inLanguage\":\"sv-SE\"}]}<\/script>\n<!-- \/ Yoast SEO Premium plugin. -->","yoast_head_json":{"title":"Jihad - Islams Ahmadiyya F\u00f6rsamling","robots":{"index":"index","follow":"follow","max-snippet":"max-snippet:-1","max-image-preview":"max-image-preview:large","max-video-preview":"max-video-preview:-1"},"canonical":"https:\/\/www.ahmadiyya-islam.org\/se\/islam_old\/jihad\/","og_locale":"sv_SE","og_type":"article","og_title":"Jihad","og_description":"Onekligen \u00e4r en utav de allra gravaste feltolkningar som muslimer gjort den ang\u00e5ende jihad, som de anser vara ett \u201dheligt krig\u201d mot alla icke-muslimer. Denna tanke har lett till att hundratusentals oskyldiga m\u00e4nniskor mist livet, och har \u00e4ven fyllt muslimers hj\u00e4rtan med blodslust. M\u00e5nga muslimer inv\u00e4ntar ankomsten av mahdi, och enligt dem ska leda till","og_url":"https:\/\/www.ahmadiyya-islam.org\/se\/islam_old\/jihad\/","og_site_name":"Islams Ahmadiyya F\u00f6rsamling","article_modified_time":"2017-08-26T21:31:41+00:00","twitter_card":"summary_large_image","twitter_misc":{"Ber\u00e4knad l\u00e4stid":"8 minuter"},"schema":{"@context":"https:\/\/schema.org","@graph":[{"@type":"WebPage","@id":"https:\/\/www.ahmadiyya-islam.org\/se\/islam_old\/jihad\/","url":"https:\/\/www.ahmadiyya-islam.org\/se\/islam_old\/jihad\/","name":"Jihad - Islams Ahmadiyya F\u00f6rsamling","isPartOf":{"@id":"https:\/\/www.ahmadiyya-islam.org\/se\/#website"},"datePublished":"2017-08-26T21:28:49+00:00","dateModified":"2017-08-26T21:31:41+00:00","breadcrumb":{"@id":"https:\/\/www.ahmadiyya-islam.org\/se\/islam_old\/jihad\/#breadcrumb"},"inLanguage":"sv-SE","potentialAction":[{"@type":"ReadAction","target":["https:\/\/www.ahmadiyya-islam.org\/se\/islam_old\/jihad\/"]}]},{"@type":"BreadcrumbList","@id":"https:\/\/www.ahmadiyya-islam.org\/se\/islam_old\/jihad\/#breadcrumb","itemListElement":[{"@type":"ListItem","position":1,"name":"Home","item":"https:\/\/www.ahmadiyya-islam.org\/se\/"},{"@type":"ListItem","position":2,"name":"Islam","item":"https:\/\/www.ahmadiyya-islam.org\/se\/islam_old\/"},{"@type":"ListItem","position":3,"name":"Jihad"}]},{"@type":"WebSite","@id":"https:\/\/www.ahmadiyya-islam.org\/se\/#website","url":"https:\/\/www.ahmadiyya-islam.org\/se\/","name":"Islams Ahmadiyya F\u00f6rsamling","description":"Sverige","potentialAction":[{"@type":"SearchAction","target":{"@type":"EntryPoint","urlTemplate":"https:\/\/www.ahmadiyya-islam.org\/se\/?s={search_term_string}"},"query-input":{"@type":"PropertyValueSpecification","valueRequired":true,"valueName":"search_term_string"}}],"inLanguage":"sv-SE"}]}},"_links":{"self":[{"href":"https:\/\/www.ahmadiyya-islam.org\/se\/wp-json\/wp\/v2\/pages\/2788","targetHints":{"allow":["GET"]}}],"collection":[{"href":"https:\/\/www.ahmadiyya-islam.org\/se\/wp-json\/wp\/v2\/pages"}],"about":[{"href":"https:\/\/www.ahmadiyya-islam.org\/se\/wp-json\/wp\/v2\/types\/page"}],"author":[{"embeddable":true,"href":"https:\/\/www.ahmadiyya-islam.org\/se\/wp-json\/wp\/v2\/users\/13"}],"replies":[{"embeddable":true,"href":"https:\/\/www.ahmadiyya-islam.org\/se\/wp-json\/wp\/v2\/comments?post=2788"}],"version-history":[{"count":0,"href":"https:\/\/www.ahmadiyya-islam.org\/se\/wp-json\/wp\/v2\/pages\/2788\/revisions"}],"up":[{"embeddable":true,"href":"https:\/\/www.ahmadiyya-islam.org\/se\/wp-json\/wp\/v2\/pages\/322"}],"wp:attachment":[{"href":"https:\/\/www.ahmadiyya-islam.org\/se\/wp-json\/wp\/v2\/media?parent=2788"}],"curies":[{"name":"wp","href":"https:\/\/api.w.org\/{rel}","templated":true}]}}